{"id":96880,"date":"2024-02-01T07:25:27","date_gmt":"2024-02-01T06:25:27","guid":{"rendered":"https:\/\/clair.si\/izdelek\/cavalor-lactatec\/"},"modified":"2025-08-27T14:59:03","modified_gmt":"2025-08-27T12:59:03","slug":"cavalor-lactatec","status":"publish","type":"product","link":"https:\/\/clair.si\/hr\/izdelek\/cavalor-lactatec\/","title":{"rendered":"Cavalor LactaTec"},"content":{"rendered":"<p><strong>Cavalor LactaTec<\/strong> podr\u017eava <strong>optimalno funkcioniranje mi\u0161i\u0107a<\/strong> u klju\u010dnim trenucima i <strong>poti\u010de brzi oporavak<\/strong>, <strong>sprje\u010dava umor mi\u0161i\u0107a<\/strong> i <strong>odr\u017eava va\u0161eg konja gipkim<\/strong>.<\/p>\n<p>Poti\u010de u\u010dinkovitu interakciju u brojnim metaboli\u010dkim procesima, odr\u017eava mi\u0161i\u0107e gipkima i sposobnima za u\u010dinkovito pretvaranje energije bez nuspojava. To konju omogu\u0107uje najbolju izvedbu tijekom intenzivnih treninga ili vi\u0161ednevnih doga\u0111aja. <\/p>\n<p><strong>Sastav:<\/strong><\/p>\n<p>Cavalor LactaTec sadr\u017ei minerale, kao \u0161to su <strong>sumpor<\/strong> (S), <strong>magnezij<\/strong> (Mg) i <strong>mangan<\/strong> (Mn), koji sprje\u010davaju napetost mi\u0161i\u0107a te poti\u010du gipkost i izdr\u017eljivost mi\u0161i\u0107a. Sadr\u017ei tako\u0111er vitamine <strong>B1, B2<\/strong> i <strong>B12<\/strong> za bolji metabolizam ugljikohidrata, prijenos \u017eivaca i opskrbu mi\u0161i\u0107a kisikom. <\/p>\n<p>Cavalor LactaTec je <strong>mo\u0107na mje\u0161avina antioksidansa<\/strong>, koja stvara sna\u017enu obranu od slobodnih radikala s relativno niskim dozama po sastojku. Sprje\u010dava acidozu i uko\u010denost mi\u0161i\u0107a tako da neutralizira laktat i ponovno uspostavlja acidobaznu ravnote\u017eu. <\/p>\n<p>Cavalor LactaTec <strong>sadr\u017ei bjelan\u010devine sirutke<\/strong> za sprje\u010davanje o\u0161te\u0107enja mi\u0161i\u0107a i s idealnim profilom aminokiselina za brzu i u\u010dinkovitu regeneraciju o\u0161te\u0107enih mi\u0161i\u0107nih stanica. <strong>Sadr\u017ei tako\u0111er eteri\u010dna ulja<\/strong> za dodatnu potporu mi\u0161i\u0107ima.<\/p>\n<p><strong>Upute za upotrebu: <\/strong><\/p>\n<p>Dnevno umije\u0161ajte 30 g u hranu. Kod konja koji su skloni te\u0161koj acidozi, zapo\u010dnite s 4-tjednim re\u017eimom, koji slijedite 2 dana prije, tijekom i 1 dan nakon natjecanja ili intenzivnog treninga. 1 mjerica = 15 g. Najve\u0107a dnevna doza 45 g.   <\/p>\n","protected":false},"excerpt":{"rendered":"<ul>\n<li>Pra\u0161ak za optimizaciju funkcioniranja mi\u0161i\u0107a i smanjuje umor mi\u0161i\u0107a<\/li>\n<li>Poma\u017ee odr\u017eavati va\u0161eg konja gipkim i spremnim za natjecanja<\/li>\n<li>Podr\u017eava oporavak mi\u0161i\u0107a i sprje\u010dava uko\u010denost<\/li>\n<\/ul>\n<p>&nbsp;<\/p>\n<p><strong>Koli\u010dina: 2 kg<\/strong><\/p>\n","protected":false},"featured_media":96885,"template":"","meta":{"footnotes":""},"product_brand":[],"product_cat":[5711,5710,5712],"product_tag":[],"class_list":{"0":"post-96880","1":"product","2":"type-product","3":"status-publish","4":"has-post-thumbnail","6":"product_cat-hrana-i-prehrambeni-dodaci-cavalor","7":"product_cat-hrana-za-konje-hr","8":"product_cat-prehrambeni-dodaci","10":"first","11":"instock","12":"shipping-taxable","13":"purchasable","14":"product-type-simple"},"yoast_head":"<!-- This site is optimized with the Yoast SEO plugin v27.4 - https:\/\/yoast.com\/product\/yoast-seo-wordpress\/ -->\n<title>Cavalor LactaTec - Clair<\/title>\n<meta name=\"description\" content=\"Pra\u0161ak za optimizaciju funkcioniranja mi\u0161i\u0107a i smanjuje umor mi\u0161i\u0107a  Poma\u017ee odr\u017eavati va\u0161eg konja gipkim i spremnim za natjecanja  Podr\u017eava oporavak mi\u0161i\u0107a i sprje\u010dava uko\u010denost &nbsp; Koli\u010dina: 2 kg\" \/>\n<meta name=\"robots\" content=\"index, follow, max-snippet:-1, max-image-preview:large, max-video-preview:-1\" \/>\n<link rel=\"canonical\" href=\"https:\/\/clair.si\/hr\/izdelek\/cavalor-lactatec\/\" \/>\n<meta property=\"og:locale\" content=\"hr_HR\" \/>\n<meta property=\"og:type\" content=\"article\" \/>\n<meta property=\"og:title\" content=\"Cavalor LactaTec - Clair\" \/>\n<meta property=\"og:description\" content=\"Pra\u0161ak za optimizaciju funkcioniranja mi\u0161i\u0107a i smanjuje umor mi\u0161i\u0107a  Poma\u017ee odr\u017eavati va\u0161eg konja gipkim i spremnim za natjecanja  Podr\u017eava oporavak mi\u0161i\u0107a i sprje\u010dava uko\u010denost &nbsp; Koli\u010dina: 2 kg\" \/>\n<meta property=\"og:url\" content=\"https:\/\/clair.si\/hr\/izdelek\/cavalor-lactatec\/\" \/>\n<meta property=\"og:site_name\" content=\"Clair\" \/>\n<meta property=\"article:publisher\" content=\"https:\/\/www.facebook.com\/TrgovinaClair\/\" \/>\n<meta property=\"article:modified_time\" content=\"2025-08-27T12:59:03+00:00\" \/>\n<meta property=\"og:image\" content=\"https:\/\/clair.si\/wp-content\/uploads\/2024\/02\/lactatec1-1-jpg.webp\" \/>\n\t<meta property=\"og:image:width\" content=\"550\" \/>\n\t<meta property=\"og:image:height\" content=\"550\" \/>\n\t<meta property=\"og:image:type\" content=\"image\/jpeg\" \/>\n<meta name=\"twitter:card\" content=\"summary_large_image\" \/>\n<meta name=\"twitter:label1\" content=\"Procijenjeno vrijeme \u010ditanja\" \/>\n\t<meta name=\"twitter:data1\" content=\"1 minuta\" \/>\n<script type=\"application\/ld+json\" class=\"yoast-schema-graph\">{\"@context\":\"https:\\\/\\\/schema.org\",\"@graph\":[{\"@type\":\"WebPage\",\"@id\":\"https:\\\/\\\/clair.si\\\/hr\\\/izdelek\\\/cavalor-lactatec\\\/\",\"url\":\"https:\\\/\\\/clair.si\\\/hr\\\/izdelek\\\/cavalor-lactatec\\\/\",\"name\":\"Cavalor LactaTec - Clair\",\"isPartOf\":{\"@id\":\"https:\\\/\\\/clair.si\\\/#website\"},\"primaryImageOfPage\":{\"@id\":\"https:\\\/\\\/clair.si\\\/hr\\\/izdelek\\\/cavalor-lactatec\\\/#primaryimage\"},\"image\":{\"@id\":\"https:\\\/\\\/clair.si\\\/hr\\\/izdelek\\\/cavalor-lactatec\\\/#primaryimage\"},\"thumbnailUrl\":\"https:\\\/\\\/clair.si\\\/wp-content\\\/uploads\\\/2024\\\/02\\\/lactatec1-1-jpg.webp\",\"datePublished\":\"2024-02-01T06:25:27+00:00\",\"dateModified\":\"2025-08-27T12:59:03+00:00\",\"description\":\"Pra\u0161ak za optimizaciju funkcioniranja mi\u0161i\u0107a i smanjuje umor mi\u0161i\u0107a Poma\u017ee odr\u017eavati va\u0161eg konja gipkim i spremnim za natjecanja Podr\u017eava oporavak mi\u0161i\u0107a i sprje\u010dava uko\u010denost &nbsp; Koli\u010dina: 2 kg\",\"breadcrumb\":{\"@id\":\"https:\\\/\\\/clair.si\\\/hr\\\/izdelek\\\/cavalor-lactatec\\\/#breadcrumb\"},\"inLanguage\":\"hr\",\"potentialAction\":[{\"@type\":\"ReadAction\",\"target\":[\"https:\\\/\\\/clair.si\\\/hr\\\/izdelek\\\/cavalor-lactatec\\\/\"]}]},{\"@type\":\"ImageObject\",\"inLanguage\":\"hr\",\"@id\":\"https:\\\/\\\/clair.si\\\/hr\\\/izdelek\\\/cavalor-lactatec\\\/#primaryimage\",\"url\":\"https:\\\/\\\/clair.si\\\/wp-content\\\/uploads\\\/2024\\\/02\\\/lactatec1-1-jpg.webp\",\"contentUrl\":\"https:\\\/\\\/clair.si\\\/wp-content\\\/uploads\\\/2024\\\/02\\\/lactatec1-1-jpg.webp\",\"width\":550,\"height\":550},{\"@type\":\"BreadcrumbList\",\"@id\":\"https:\\\/\\\/clair.si\\\/hr\\\/izdelek\\\/cavalor-lactatec\\\/#breadcrumb\",\"itemListElement\":[{\"@type\":\"ListItem\",\"position\":1,\"name\":\"Home\",\"item\":\"https:\\\/\\\/clair.si\\\/hr\\\/\"},{\"@type\":\"ListItem\",\"position\":2,\"name\":\"Trgovina\",\"item\":\"https:\\\/\\\/clair.si\\\/trgovina\\\/\"},{\"@type\":\"ListItem\",\"position\":3,\"name\":\"Cavalor LactaTec\"}]},{\"@type\":\"WebSite\",\"@id\":\"https:\\\/\\\/clair.si\\\/#website\",\"url\":\"https:\\\/\\\/clair.si\\\/\",\"name\":\"Clair\",\"description\":\"Trgovina s konjeni\u0161ko opremo\",\"publisher\":{\"@id\":\"https:\\\/\\\/clair.si\\\/#organization\"},\"potentialAction\":[{\"@type\":\"SearchAction\",\"target\":{\"@type\":\"EntryPoint\",\"urlTemplate\":\"https:\\\/\\\/clair.si\\\/?s={search_term_string}\"},\"query-input\":{\"@type\":\"PropertyValueSpecification\",\"valueRequired\":true,\"valueName\":\"search_term_string\"}}],\"inLanguage\":\"hr\"},{\"@type\":\"Organization\",\"@id\":\"https:\\\/\\\/clair.si\\\/#organization\",\"name\":\"Clair\",\"url\":\"https:\\\/\\\/clair.si\\\/\",\"logo\":{\"@type\":\"ImageObject\",\"inLanguage\":\"hr\",\"@id\":\"https:\\\/\\\/clair.si\\\/#\\\/schema\\\/logo\\\/image\\\/\",\"url\":\"https:\\\/\\\/clair.si\\\/wp-content\\\/uploads\\\/2022\\\/11\\\/clair_logo_2022.jpg\",\"contentUrl\":\"https:\\\/\\\/clair.si\\\/wp-content\\\/uploads\\\/2022\\\/11\\\/clair_logo_2022.jpg\",\"width\":1920,\"height\":1920,\"caption\":\"Clair\"},\"image\":{\"@id\":\"https:\\\/\\\/clair.si\\\/#\\\/schema\\\/logo\\\/image\\\/\"},\"sameAs\":[\"https:\\\/\\\/www.facebook.com\\\/TrgovinaClair\\\/\"]}]}<\/script>\n<!-- \/ Yoast SEO plugin. -->","yoast_head_json":{"title":"Cavalor LactaTec - Clair","description":"Pra\u0161ak za optimizaciju funkcioniranja mi\u0161i\u0107a i smanjuje umor mi\u0161i\u0107a  Poma\u017ee odr\u017eavati va\u0161eg konja gipkim i spremnim za natjecanja  Podr\u017eava oporavak mi\u0161i\u0107a i sprje\u010dava uko\u010denost &nbsp; Koli\u010dina: 2 kg","robots":{"index":"index","follow":"follow","max-snippet":"max-snippet:-1","max-image-preview":"max-image-preview:large","max-video-preview":"max-video-preview:-1"},"canonical":"https:\/\/clair.si\/hr\/izdelek\/cavalor-lactatec\/","og_locale":"hr_HR","og_type":"article","og_title":"Cavalor LactaTec - Clair","og_description":"Pra\u0161ak za optimizaciju funkcioniranja mi\u0161i\u0107a i smanjuje umor mi\u0161i\u0107a  Poma\u017ee odr\u017eavati va\u0161eg konja gipkim i spremnim za natjecanja  Podr\u017eava oporavak mi\u0161i\u0107a i sprje\u010dava uko\u010denost &nbsp; Koli\u010dina: 2 kg","og_url":"https:\/\/clair.si\/hr\/izdelek\/cavalor-lactatec\/","og_site_name":"Clair","article_publisher":"https:\/\/www.facebook.com\/TrgovinaClair\/","article_modified_time":"2025-08-27T12:59:03+00:00","og_image":[{"width":550,"height":550,"url":"https:\/\/clair.si\/wp-content\/uploads\/2024\/02\/lactatec1-1-jpg.webp","type":"image\/jpeg"}],"twitter_card":"summary_large_image","twitter_misc":{"Procijenjeno vrijeme \u010ditanja":"1 minuta"},"schema":{"@context":"https:\/\/schema.org","@graph":[{"@type":"WebPage","@id":"https:\/\/clair.si\/hr\/izdelek\/cavalor-lactatec\/","url":"https:\/\/clair.si\/hr\/izdelek\/cavalor-lactatec\/","name":"Cavalor LactaTec - Clair","isPartOf":{"@id":"https:\/\/clair.si\/#website"},"primaryImageOfPage":{"@id":"https:\/\/clair.si\/hr\/izdelek\/cavalor-lactatec\/#primaryimage"},"image":{"@id":"https:\/\/clair.si\/hr\/izdelek\/cavalor-lactatec\/#primaryimage"},"thumbnailUrl":"https:\/\/clair.si\/wp-content\/uploads\/2024\/02\/lactatec1-1-jpg.webp","datePublished":"2024-02-01T06:25:27+00:00","dateModified":"2025-08-27T12:59:03+00:00","description":"Pra\u0161ak za optimizaciju funkcioniranja mi\u0161i\u0107a i smanjuje umor mi\u0161i\u0107a Poma\u017ee odr\u017eavati va\u0161eg konja gipkim i spremnim za natjecanja Podr\u017eava oporavak mi\u0161i\u0107a i sprje\u010dava uko\u010denost &nbsp; Koli\u010dina: 2 kg","breadcrumb":{"@id":"https:\/\/clair.si\/hr\/izdelek\/cavalor-lactatec\/#breadcrumb"},"inLanguage":"hr","potentialAction":[{"@type":"ReadAction","target":["https:\/\/clair.si\/hr\/izdelek\/cavalor-lactatec\/"]}]},{"@type":"ImageObject","inLanguage":"hr","@id":"https:\/\/clair.si\/hr\/izdelek\/cavalor-lactatec\/#primaryimage","url":"https:\/\/clair.si\/wp-content\/uploads\/2024\/02\/lactatec1-1-jpg.webp","contentUrl":"https:\/\/clair.si\/wp-content\/uploads\/2024\/02\/lactatec1-1-jpg.webp","width":550,"height":550},{"@type":"BreadcrumbList","@id":"https:\/\/clair.si\/hr\/izdelek\/cavalor-lactatec\/#breadcrumb","itemListElement":[{"@type":"ListItem","position":1,"name":"Home","item":"https:\/\/clair.si\/hr\/"},{"@type":"ListItem","position":2,"name":"Trgovina","item":"https:\/\/clair.si\/trgovina\/"},{"@type":"ListItem","position":3,"name":"Cavalor LactaTec"}]},{"@type":"WebSite","@id":"https:\/\/clair.si\/#website","url":"https:\/\/clair.si\/","name":"Clair","description":"Trgovina s konjeni\u0161ko opremo","publisher":{"@id":"https:\/\/clair.si\/#organization"},"potentialAction":[{"@type":"SearchAction","target":{"@type":"EntryPoint","urlTemplate":"https:\/\/clair.si\/?s={search_term_string}"},"query-input":{"@type":"PropertyValueSpecification","valueRequired":true,"valueName":"search_term_string"}}],"inLanguage":"hr"},{"@type":"Organization","@id":"https:\/\/clair.si\/#organization","name":"Clair","url":"https:\/\/clair.si\/","logo":{"@type":"ImageObject","inLanguage":"hr","@id":"https:\/\/clair.si\/#\/schema\/logo\/image\/","url":"https:\/\/clair.si\/wp-content\/uploads\/2022\/11\/clair_logo_2022.jpg","contentUrl":"https:\/\/clair.si\/wp-content\/uploads\/2022\/11\/clair_logo_2022.jpg","width":1920,"height":1920,"caption":"Clair"},"image":{"@id":"https:\/\/clair.si\/#\/schema\/logo\/image\/"},"sameAs":["https:\/\/www.facebook.com\/TrgovinaClair\/"]}]}},"_links":{"self":[{"href":"https:\/\/clair.si\/hr\/wp-json\/wp\/v2\/product\/96880","targetHints":{"allow":["GET"]}}],"collection":[{"href":"https:\/\/clair.si\/hr\/wp-json\/wp\/v2\/product"}],"about":[{"href":"https:\/\/clair.si\/hr\/wp-json\/wp\/v2\/types\/product"}],"version-history":[{"count":0,"href":"https:\/\/clair.si\/hr\/wp-json\/wp\/v2\/product\/96880\/revisions"}],"wp:featuredmedia":[{"embeddable":true,"href":"https:\/\/clair.si\/hr\/wp-json\/wp\/v2\/media\/96885"}],"wp:attachment":[{"href":"https:\/\/clair.si\/hr\/wp-json\/wp\/v2\/media?parent=96880"}],"wp:term":[{"taxonomy":"product_brand","embeddable":true,"href":"https:\/\/clair.si\/hr\/wp-json\/wp\/v2\/product_brand?post=96880"},{"taxonomy":"product_cat","embeddable":true,"href":"https:\/\/clair.si\/hr\/wp-json\/wp\/v2\/product_cat?post=96880"},{"taxonomy":"product_tag","embeddable":true,"href":"https:\/\/clair.si\/hr\/wp-json\/wp\/v2\/product_tag?post=96880"}],"curies":[{"name":"wp","href":"https:\/\/api.w.org\/{rel}","templated":true}]}}