{"id":96888,"date":"2024-01-30T12:22:01","date_gmt":"2024-01-30T11:22:01","guid":{"rendered":"https:\/\/clair.si\/izdelek\/cavalor-sapun-za-kozu\/"},"modified":"2025-08-28T05:40:00","modified_gmt":"2025-08-28T03:40:00","slug":"cavalor-sapun-za-kozu","status":"publish","type":"product","link":"https:\/\/clair.si\/hr\/izdelek\/cavalor-sapun-za-kozu\/","title":{"rendered":"Cavalor sapun za ko\u017eu"},"content":{"rendered":"<p><strong>Cavalor sapun za ko\u017eu idealan je za svakodnevno \u010di\u0161\u0107enje va\u0161e ko\u017ee<\/strong>. Ovaj pH-neutralni glicerinski sapun nje\u017ean je prema ko\u017ei i <strong>odr\u017eava njezinu elasti\u010dnost i sjaj.<\/strong> <\/p>\n<p>Glicerin se smatra odli\u010dnim izborom za \u010di\u0161\u0107enje i njegu ko\u017ee.<\/p>\n<p><strong>Upute za uporabu:<\/strong><\/p>\n<p>Prije uporabe s ko\u017ee obri\u0161ite grubu prljav\u0161tinu, znoj ili dlake. Za uklanjanje masno\u0107e, prljav\u0161tine i znoja nanesite Cavalor sapun za ko\u017eu na vla\u017enu krpu ili spu\u017evu i utrljajte ga u ko\u017eu. Nakon su\u0161enja istrljajte suhom krpom ili mekom \u010detkom kako bi ko\u017ea zasjala i uklonite eventualne ostatke sapuna.  <\/p>\n<p>Upozorenje: Samo za vanjsku uporabu. \u010cuvati izvan dohvata djece. <\/p>\n<p>&nbsp;<\/p>\n<p><strong>U obliku spreja, 500 ml.<\/strong><\/p>\n","protected":false},"excerpt":{"rendered":"<ul>\n<li>glicerinski sapun<\/li>\n<li>pH neutralan<\/li>\n<li>osigurava sjaj i elasti\u010dnost ko\u017ee<\/li>\n<li>jednostavan za kori\u0161tenje<\/li>\n<\/ul>\n<p><strong>U obliku spreja, 500 ml.<\/strong><\/p>\n","protected":false},"featured_media":96893,"template":"","meta":{"footnotes":""},"product_brand":[],"product_cat":[5867,5627],"product_tag":[],"class_list":{"0":"post-96888","1":"product","2":"type-product","3":"status-publish","4":"has-post-thumbnail","6":"product_cat-njega-koze","7":"product_cat-stala-i-pasnjak","9":"first","10":"instock","11":"shipping-taxable","12":"purchasable","13":"product-type-simple"},"yoast_head":"<!-- This site is optimized with the Yoast SEO plugin v27.3 - https:\/\/yoast.com\/product\/yoast-seo-wordpress\/ -->\n<title>Cavalor sapun za ko\u017eu - Clair<\/title>\n<meta name=\"description\" content=\"glicerinski sapun  pH neutralan  osigurava sjaj i elasti\u010dnost ko\u017ee  jednostavan za kori\u0161tenje U obliku spreja, 500 ml.\" \/>\n<meta name=\"robots\" content=\"index, follow, max-snippet:-1, max-image-preview:large, max-video-preview:-1\" \/>\n<link rel=\"canonical\" href=\"https:\/\/clair.si\/hr\/izdelek\/cavalor-sapun-za-kozu\/\" \/>\n<meta property=\"og:locale\" content=\"hr_HR\" \/>\n<meta property=\"og:type\" content=\"article\" \/>\n<meta property=\"og:title\" content=\"Cavalor sapun za ko\u017eu - Clair\" \/>\n<meta property=\"og:description\" content=\"glicerinski sapun  pH neutralan  osigurava sjaj i elasti\u010dnost ko\u017ee  jednostavan za kori\u0161tenje U obliku spreja, 500 ml.\" \/>\n<meta property=\"og:url\" content=\"https:\/\/clair.si\/hr\/izdelek\/cavalor-sapun-za-kozu\/\" \/>\n<meta property=\"og:site_name\" content=\"Clair\" \/>\n<meta property=\"article:publisher\" content=\"https:\/\/www.facebook.com\/TrgovinaClair\/\" \/>\n<meta property=\"article:modified_time\" content=\"2025-08-28T03:40:00+00:00\" \/>\n<meta property=\"og:image\" content=\"https:\/\/clair.si\/wp-content\/uploads\/2024\/01\/leathersoap1-jpg.webp\" \/>\n\t<meta property=\"og:image:width\" content=\"800\" \/>\n\t<meta property=\"og:image:height\" content=\"800\" \/>\n\t<meta property=\"og:image:type\" content=\"image\/jpeg\" \/>\n<meta name=\"twitter:card\" content=\"summary_large_image\" \/>\n<meta name=\"twitter:label1\" content=\"Procijenjeno vrijeme \u010ditanja\" \/>\n\t<meta name=\"twitter:data1\" content=\"1 minuta\" \/>\n<script type=\"application\/ld+json\" class=\"yoast-schema-graph\">{\"@context\":\"https:\\\/\\\/schema.org\",\"@graph\":[{\"@type\":\"WebPage\",\"@id\":\"https:\\\/\\\/clair.si\\\/hr\\\/izdelek\\\/cavalor-sapun-za-kozu\\\/\",\"url\":\"https:\\\/\\\/clair.si\\\/hr\\\/izdelek\\\/cavalor-sapun-za-kozu\\\/\",\"name\":\"Cavalor sapun za ko\u017eu - Clair\",\"isPartOf\":{\"@id\":\"https:\\\/\\\/clair.si\\\/#website\"},\"primaryImageOfPage\":{\"@id\":\"https:\\\/\\\/clair.si\\\/hr\\\/izdelek\\\/cavalor-sapun-za-kozu\\\/#primaryimage\"},\"image\":{\"@id\":\"https:\\\/\\\/clair.si\\\/hr\\\/izdelek\\\/cavalor-sapun-za-kozu\\\/#primaryimage\"},\"thumbnailUrl\":\"https:\\\/\\\/clair.si\\\/wp-content\\\/uploads\\\/2024\\\/01\\\/leathersoap1-jpg.webp\",\"datePublished\":\"2024-01-30T11:22:01+00:00\",\"dateModified\":\"2025-08-28T03:40:00+00:00\",\"description\":\"glicerinski sapun pH neutralan osigurava sjaj i elasti\u010dnost ko\u017ee jednostavan za kori\u0161tenje U obliku spreja, 500 ml.\",\"breadcrumb\":{\"@id\":\"https:\\\/\\\/clair.si\\\/hr\\\/izdelek\\\/cavalor-sapun-za-kozu\\\/#breadcrumb\"},\"inLanguage\":\"hr\",\"potentialAction\":[{\"@type\":\"ReadAction\",\"target\":[\"https:\\\/\\\/clair.si\\\/hr\\\/izdelek\\\/cavalor-sapun-za-kozu\\\/\"]}]},{\"@type\":\"ImageObject\",\"inLanguage\":\"hr\",\"@id\":\"https:\\\/\\\/clair.si\\\/hr\\\/izdelek\\\/cavalor-sapun-za-kozu\\\/#primaryimage\",\"url\":\"https:\\\/\\\/clair.si\\\/wp-content\\\/uploads\\\/2024\\\/01\\\/leathersoap1-jpg.webp\",\"contentUrl\":\"https:\\\/\\\/clair.si\\\/wp-content\\\/uploads\\\/2024\\\/01\\\/leathersoap1-jpg.webp\",\"width\":800,\"height\":800},{\"@type\":\"BreadcrumbList\",\"@id\":\"https:\\\/\\\/clair.si\\\/hr\\\/izdelek\\\/cavalor-sapun-za-kozu\\\/#breadcrumb\",\"itemListElement\":[{\"@type\":\"ListItem\",\"position\":1,\"name\":\"Home\",\"item\":\"https:\\\/\\\/clair.si\\\/hr\\\/\"},{\"@type\":\"ListItem\",\"position\":2,\"name\":\"Trgovina\",\"item\":\"https:\\\/\\\/clair.si\\\/trgovina\\\/\"},{\"@type\":\"ListItem\",\"position\":3,\"name\":\"Cavalor sapun za ko\u017eu\"}]},{\"@type\":\"WebSite\",\"@id\":\"https:\\\/\\\/clair.si\\\/#website\",\"url\":\"https:\\\/\\\/clair.si\\\/\",\"name\":\"Clair\",\"description\":\"Trgovina s konjeni\u0161ko opremo\",\"publisher\":{\"@id\":\"https:\\\/\\\/clair.si\\\/#organization\"},\"potentialAction\":[{\"@type\":\"SearchAction\",\"target\":{\"@type\":\"EntryPoint\",\"urlTemplate\":\"https:\\\/\\\/clair.si\\\/?s={search_term_string}\"},\"query-input\":{\"@type\":\"PropertyValueSpecification\",\"valueRequired\":true,\"valueName\":\"search_term_string\"}}],\"inLanguage\":\"hr\"},{\"@type\":\"Organization\",\"@id\":\"https:\\\/\\\/clair.si\\\/#organization\",\"name\":\"Clair\",\"url\":\"https:\\\/\\\/clair.si\\\/\",\"logo\":{\"@type\":\"ImageObject\",\"inLanguage\":\"hr\",\"@id\":\"https:\\\/\\\/clair.si\\\/#\\\/schema\\\/logo\\\/image\\\/\",\"url\":\"https:\\\/\\\/clair.si\\\/wp-content\\\/uploads\\\/2022\\\/11\\\/clair_logo_2022.jpg\",\"contentUrl\":\"https:\\\/\\\/clair.si\\\/wp-content\\\/uploads\\\/2022\\\/11\\\/clair_logo_2022.jpg\",\"width\":1920,\"height\":1920,\"caption\":\"Clair\"},\"image\":{\"@id\":\"https:\\\/\\\/clair.si\\\/#\\\/schema\\\/logo\\\/image\\\/\"},\"sameAs\":[\"https:\\\/\\\/www.facebook.com\\\/TrgovinaClair\\\/\"]}]}<\/script>\n<!-- \/ Yoast SEO plugin. -->","yoast_head_json":{"title":"Cavalor sapun za ko\u017eu - Clair","description":"glicerinski sapun  pH neutralan  osigurava sjaj i elasti\u010dnost ko\u017ee  jednostavan za kori\u0161tenje U obliku spreja, 500 ml.","robots":{"index":"index","follow":"follow","max-snippet":"max-snippet:-1","max-image-preview":"max-image-preview:large","max-video-preview":"max-video-preview:-1"},"canonical":"https:\/\/clair.si\/hr\/izdelek\/cavalor-sapun-za-kozu\/","og_locale":"hr_HR","og_type":"article","og_title":"Cavalor sapun za ko\u017eu - Clair","og_description":"glicerinski sapun  pH neutralan  osigurava sjaj i elasti\u010dnost ko\u017ee  jednostavan za kori\u0161tenje U obliku spreja, 500 ml.","og_url":"https:\/\/clair.si\/hr\/izdelek\/cavalor-sapun-za-kozu\/","og_site_name":"Clair","article_publisher":"https:\/\/www.facebook.com\/TrgovinaClair\/","article_modified_time":"2025-08-28T03:40:00+00:00","og_image":[{"width":800,"height":800,"url":"https:\/\/clair.si\/wp-content\/uploads\/2024\/01\/leathersoap1-jpg.webp","type":"image\/jpeg"}],"twitter_card":"summary_large_image","twitter_misc":{"Procijenjeno vrijeme \u010ditanja":"1 minuta"},"schema":{"@context":"https:\/\/schema.org","@graph":[{"@type":"WebPage","@id":"https:\/\/clair.si\/hr\/izdelek\/cavalor-sapun-za-kozu\/","url":"https:\/\/clair.si\/hr\/izdelek\/cavalor-sapun-za-kozu\/","name":"Cavalor sapun za ko\u017eu - Clair","isPartOf":{"@id":"https:\/\/clair.si\/#website"},"primaryImageOfPage":{"@id":"https:\/\/clair.si\/hr\/izdelek\/cavalor-sapun-za-kozu\/#primaryimage"},"image":{"@id":"https:\/\/clair.si\/hr\/izdelek\/cavalor-sapun-za-kozu\/#primaryimage"},"thumbnailUrl":"https:\/\/clair.si\/wp-content\/uploads\/2024\/01\/leathersoap1-jpg.webp","datePublished":"2024-01-30T11:22:01+00:00","dateModified":"2025-08-28T03:40:00+00:00","description":"glicerinski sapun pH neutralan osigurava sjaj i elasti\u010dnost ko\u017ee jednostavan za kori\u0161tenje U obliku spreja, 500 ml.","breadcrumb":{"@id":"https:\/\/clair.si\/hr\/izdelek\/cavalor-sapun-za-kozu\/#breadcrumb"},"inLanguage":"hr","potentialAction":[{"@type":"ReadAction","target":["https:\/\/clair.si\/hr\/izdelek\/cavalor-sapun-za-kozu\/"]}]},{"@type":"ImageObject","inLanguage":"hr","@id":"https:\/\/clair.si\/hr\/izdelek\/cavalor-sapun-za-kozu\/#primaryimage","url":"https:\/\/clair.si\/wp-content\/uploads\/2024\/01\/leathersoap1-jpg.webp","contentUrl":"https:\/\/clair.si\/wp-content\/uploads\/2024\/01\/leathersoap1-jpg.webp","width":800,"height":800},{"@type":"BreadcrumbList","@id":"https:\/\/clair.si\/hr\/izdelek\/cavalor-sapun-za-kozu\/#breadcrumb","itemListElement":[{"@type":"ListItem","position":1,"name":"Home","item":"https:\/\/clair.si\/hr\/"},{"@type":"ListItem","position":2,"name":"Trgovina","item":"https:\/\/clair.si\/trgovina\/"},{"@type":"ListItem","position":3,"name":"Cavalor sapun za ko\u017eu"}]},{"@type":"WebSite","@id":"https:\/\/clair.si\/#website","url":"https:\/\/clair.si\/","name":"Clair","description":"Trgovina s konjeni\u0161ko opremo","publisher":{"@id":"https:\/\/clair.si\/#organization"},"potentialAction":[{"@type":"SearchAction","target":{"@type":"EntryPoint","urlTemplate":"https:\/\/clair.si\/?s={search_term_string}"},"query-input":{"@type":"PropertyValueSpecification","valueRequired":true,"valueName":"search_term_string"}}],"inLanguage":"hr"},{"@type":"Organization","@id":"https:\/\/clair.si\/#organization","name":"Clair","url":"https:\/\/clair.si\/","logo":{"@type":"ImageObject","inLanguage":"hr","@id":"https:\/\/clair.si\/#\/schema\/logo\/image\/","url":"https:\/\/clair.si\/wp-content\/uploads\/2022\/11\/clair_logo_2022.jpg","contentUrl":"https:\/\/clair.si\/wp-content\/uploads\/2022\/11\/clair_logo_2022.jpg","width":1920,"height":1920,"caption":"Clair"},"image":{"@id":"https:\/\/clair.si\/#\/schema\/logo\/image\/"},"sameAs":["https:\/\/www.facebook.com\/TrgovinaClair\/"]}]}},"_links":{"self":[{"href":"https:\/\/clair.si\/hr\/wp-json\/wp\/v2\/product\/96888","targetHints":{"allow":["GET"]}}],"collection":[{"href":"https:\/\/clair.si\/hr\/wp-json\/wp\/v2\/product"}],"about":[{"href":"https:\/\/clair.si\/hr\/wp-json\/wp\/v2\/types\/product"}],"version-history":[{"count":0,"href":"https:\/\/clair.si\/hr\/wp-json\/wp\/v2\/product\/96888\/revisions"}],"wp:featuredmedia":[{"embeddable":true,"href":"https:\/\/clair.si\/hr\/wp-json\/wp\/v2\/media\/96893"}],"wp:attachment":[{"href":"https:\/\/clair.si\/hr\/wp-json\/wp\/v2\/media?parent=96888"}],"wp:term":[{"taxonomy":"product_brand","embeddable":true,"href":"https:\/\/clair.si\/hr\/wp-json\/wp\/v2\/product_brand?post=96888"},{"taxonomy":"product_cat","embeddable":true,"href":"https:\/\/clair.si\/hr\/wp-json\/wp\/v2\/product_cat?post=96888"},{"taxonomy":"product_tag","embeddable":true,"href":"https:\/\/clair.si\/hr\/wp-json\/wp\/v2\/product_tag?post=96888"}],"curies":[{"name":"wp","href":"https:\/\/api.w.org\/{rel}","templated":true}]}}