{"id":96907,"date":"2024-02-01T07:37:33","date_gmt":"2024-02-01T06:37:33","guid":{"rendered":"https:\/\/clair.si\/izdelek\/cavalor-arti-matrix\/"},"modified":"2025-09-01T00:47:27","modified_gmt":"2025-08-31T22:47:27","slug":"cavalor-arti-matrix","status":"publish","type":"product","link":"https:\/\/clair.si\/hr\/izdelek\/cavalor-arti-matrix\/","title":{"rendered":"Cavalor Arti Matrix"},"content":{"rendered":"<p><strong>Cavalor Arti Matrix<\/strong> je cjelovito rje\u0161enje<strong> za probleme s kostima, zglobnom ovojnicom, tetivama, hrskavicom<\/strong> i <strong>sinovijalnom teku\u0107inom<\/strong>, koji poga\u0111aju uglavnom konje s osjetljivim mi\u0161i\u0107no-ko\u0161tanim sustavom ili pri te\u0161kom radu. Akutni ili strukturni problemi sa zglobovima mijenjaju posebne potrebe za hranjivim tvarima.<strong> Osigurava hranjive tvari<\/strong> koje podupiru zglobove, kao i hranjive tvari koje podupiru fiziolo\u0161ke procese za brzo pobolj\u0161anje mi\u0161i\u0107no-ko\u0161tanog sustava. <\/p>\n<p><strong>Sastav:<\/strong><\/p>\n<p>Sve je u mje\u0161avini \u2212 profinjena<strong> mje\u0161avina biljnih<\/strong> sastojaka. Linija sadr\u017ei posebnu mje\u0161avinu bilja i<strong> eteri\u010dnih ulja<\/strong>, uklju\u010duju\u0107i Ananasus comosus, Curcuma longa, Boswellia serrata, Equisetum arvensis, Echinacea purpurea i Citrus aurantifolia. <\/p>\n<p>Ova mje\u0161avina bilja i eteri\u010dnih ulja osigurava<strong> brzu u\u010dinkovitost<\/strong> pri oporavku zglobova i smanjuje uko\u010denost. Tako\u0111er, veliku pozornost posve\u0107ujemo kvaliteti sirovina, \u0161to kod bilja zaista zna\u010di razliku u zajam\u010denoj koncentraciji i u\u010dinku. Na primjer, oblik kurkume koji koristimo sadr\u017ei 95 % kurkuminoida, aktivne tvari.  <\/p>\n<p>Svaki konj ne treba istu razinu za\u0161tite. Cavalor Arti Matrix podupire zdrave tetive i zglobove.<strong> Idealan je za konje u rastu<\/strong> i one koji tek po\u010dinju raditi ili nisu u te\u0161kom radu. <\/p>\n<p>S pove\u0107anjem intenziteta rada pove\u0107ava se i optere\u0107enje tetiva i zglobova, \u0161to posljedi\u010dno pove\u0107ava rizik od ozljeda. Cavalor Arti Matrix ispunjava pove\u0107ane mi\u0161i\u0107no-ko\u0161tane potrebe sportskih konja i pru\u017ea dodatnu podr\u0161ku. <\/p>\n<p>Analiti\u010dki sastav kg: sirovi proteini 31,5 %, sirova mast 4 %, sirovi pepeo 19 %, sirova vlakna 3,5 %, kalcij 2,7 %, fosfor 0,6 %, vitamin C 20.000 mg, vitamin B6 400 mg, vitamin B12 4 mg, folna kiselina 450 mg, vitamin E, 4.000 mg, cink 5.500 mg, mangan 5.500 mg, bakar 1.209 mg<\/p>\n<p><strong>Upute za upotrebu:<\/strong><\/p>\n<p>Dnevna doza, najmanje \u010detiri tjedna.<\/p>\n<p>Poniji i konji za rekreaciju: 30 g (2 vre\u0107ice)<\/p>\n<p>Sportski konji: 45 g (3 vre\u0107ice)<\/p>\n","protected":false},"excerpt":{"rendered":"<ul>\n<li>Dodatak za optimalnu potporu tetivama i zglobovima<\/li>\n<li>S hranjivim tvarima za potporu mi\u0161i\u0107no-ko\u0161tanog sustava<\/li>\n<li>Jedinstvena formula \u2013 djeluje na razli\u010ditim razinama za rje\u0161avanje problema sa zglobovima<\/li>\n<li>Za konje s osjetljivim mi\u0161i\u0107no-ko\u0161tanim sustavom ili one pri napornom radu<\/li>\n<\/ul>\n<p><strong>Koli\u010dina: 2 kg<\/strong><\/p>\n","protected":false},"featured_media":96912,"template":"","meta":{"footnotes":""},"product_brand":[],"product_cat":[5711,5710,5712],"product_tag":[],"class_list":{"0":"post-96907","1":"product","2":"type-product","3":"status-publish","4":"has-post-thumbnail","6":"product_cat-hrana-i-prehrambeni-dodaci-cavalor","7":"product_cat-hrana-za-konje-hr","8":"product_cat-prehrambeni-dodaci","10":"first","11":"instock","12":"shipping-taxable","13":"purchasable","14":"product-type-simple"},"yoast_head":"<!-- This site is optimized with the Yoast SEO plugin v27.4 - https:\/\/yoast.com\/product\/yoast-seo-wordpress\/ -->\n<title>Cavalor Arti Matrix - Clair<\/title>\n<meta name=\"description\" content=\"Dodatak za optimalnu potporu tetivama i zglobovima  S hranjivim tvarima za potporu mi\u0161i\u0107no-ko\u0161tanog sustava  Jedinstvena formula \u2013 djeluje na razli\u010ditim razinama za rje\u0161avanje problema sa zglobovima  Za konje s osjetljivim mi\u0161i\u0107no-ko\u0161tanim sustavom ili one pri napornom radu Koli\u010dina: 2 kg\" \/>\n<meta name=\"robots\" content=\"index, follow, max-snippet:-1, max-image-preview:large, max-video-preview:-1\" \/>\n<link rel=\"canonical\" href=\"https:\/\/clair.si\/hr\/izdelek\/cavalor-arti-matrix\/\" \/>\n<meta property=\"og:locale\" content=\"hr_HR\" \/>\n<meta property=\"og:type\" content=\"article\" \/>\n<meta property=\"og:title\" content=\"Cavalor Arti Matrix - Clair\" \/>\n<meta property=\"og:description\" content=\"Dodatak za optimalnu potporu tetivama i zglobovima  S hranjivim tvarima za potporu mi\u0161i\u0107no-ko\u0161tanog sustava  Jedinstvena formula \u2013 djeluje na razli\u010ditim razinama za rje\u0161avanje problema sa zglobovima  Za konje s osjetljivim mi\u0161i\u0107no-ko\u0161tanim sustavom ili one pri napornom radu Koli\u010dina: 2 kg\" \/>\n<meta property=\"og:url\" content=\"https:\/\/clair.si\/hr\/izdelek\/cavalor-arti-matrix\/\" \/>\n<meta property=\"og:site_name\" content=\"Clair\" \/>\n<meta property=\"article:publisher\" content=\"https:\/\/www.facebook.com\/TrgovinaClair\/\" \/>\n<meta property=\"article:modified_time\" content=\"2025-08-31T22:47:27+00:00\" \/>\n<meta property=\"og:image\" content=\"https:\/\/clair.si\/wp-content\/uploads\/2024\/02\/Arti-Matrix1-jpg.webp\" \/>\n\t<meta property=\"og:image:width\" content=\"800\" \/>\n\t<meta property=\"og:image:height\" content=\"800\" \/>\n\t<meta property=\"og:image:type\" content=\"image\/jpeg\" \/>\n<meta name=\"twitter:card\" content=\"summary_large_image\" \/>\n<meta name=\"twitter:label1\" content=\"Procijenjeno vrijeme \u010ditanja\" \/>\n\t<meta name=\"twitter:data1\" content=\"1 minuta\" \/>\n<script type=\"application\/ld+json\" class=\"yoast-schema-graph\">{\"@context\":\"https:\\\/\\\/schema.org\",\"@graph\":[{\"@type\":\"WebPage\",\"@id\":\"https:\\\/\\\/clair.si\\\/hr\\\/izdelek\\\/cavalor-arti-matrix\\\/\",\"url\":\"https:\\\/\\\/clair.si\\\/hr\\\/izdelek\\\/cavalor-arti-matrix\\\/\",\"name\":\"Cavalor Arti Matrix - Clair\",\"isPartOf\":{\"@id\":\"https:\\\/\\\/clair.si\\\/#website\"},\"primaryImageOfPage\":{\"@id\":\"https:\\\/\\\/clair.si\\\/hr\\\/izdelek\\\/cavalor-arti-matrix\\\/#primaryimage\"},\"image\":{\"@id\":\"https:\\\/\\\/clair.si\\\/hr\\\/izdelek\\\/cavalor-arti-matrix\\\/#primaryimage\"},\"thumbnailUrl\":\"https:\\\/\\\/clair.si\\\/wp-content\\\/uploads\\\/2024\\\/02\\\/Arti-Matrix1-jpg.webp\",\"datePublished\":\"2024-02-01T06:37:33+00:00\",\"dateModified\":\"2025-08-31T22:47:27+00:00\",\"description\":\"Dodatak za optimalnu potporu tetivama i zglobovima S hranjivim tvarima za potporu mi\u0161i\u0107no-ko\u0161tanog sustava Jedinstvena formula \u2013 djeluje na razli\u010ditim razinama za rje\u0161avanje problema sa zglobovima Za konje s osjetljivim mi\u0161i\u0107no-ko\u0161tanim sustavom ili one pri napornom radu Koli\u010dina: 2 kg\",\"breadcrumb\":{\"@id\":\"https:\\\/\\\/clair.si\\\/hr\\\/izdelek\\\/cavalor-arti-matrix\\\/#breadcrumb\"},\"inLanguage\":\"hr\",\"potentialAction\":[{\"@type\":\"ReadAction\",\"target\":[\"https:\\\/\\\/clair.si\\\/hr\\\/izdelek\\\/cavalor-arti-matrix\\\/\"]}]},{\"@type\":\"ImageObject\",\"inLanguage\":\"hr\",\"@id\":\"https:\\\/\\\/clair.si\\\/hr\\\/izdelek\\\/cavalor-arti-matrix\\\/#primaryimage\",\"url\":\"https:\\\/\\\/clair.si\\\/wp-content\\\/uploads\\\/2024\\\/02\\\/Arti-Matrix1-jpg.webp\",\"contentUrl\":\"https:\\\/\\\/clair.si\\\/wp-content\\\/uploads\\\/2024\\\/02\\\/Arti-Matrix1-jpg.webp\",\"width\":800,\"height\":800},{\"@type\":\"BreadcrumbList\",\"@id\":\"https:\\\/\\\/clair.si\\\/hr\\\/izdelek\\\/cavalor-arti-matrix\\\/#breadcrumb\",\"itemListElement\":[{\"@type\":\"ListItem\",\"position\":1,\"name\":\"Home\",\"item\":\"https:\\\/\\\/clair.si\\\/hr\\\/\"},{\"@type\":\"ListItem\",\"position\":2,\"name\":\"Trgovina\",\"item\":\"https:\\\/\\\/clair.si\\\/trgovina\\\/\"},{\"@type\":\"ListItem\",\"position\":3,\"name\":\"Cavalor Arti Matrix\"}]},{\"@type\":\"WebSite\",\"@id\":\"https:\\\/\\\/clair.si\\\/#website\",\"url\":\"https:\\\/\\\/clair.si\\\/\",\"name\":\"Clair\",\"description\":\"Trgovina s konjeni\u0161ko opremo\",\"publisher\":{\"@id\":\"https:\\\/\\\/clair.si\\\/#organization\"},\"potentialAction\":[{\"@type\":\"SearchAction\",\"target\":{\"@type\":\"EntryPoint\",\"urlTemplate\":\"https:\\\/\\\/clair.si\\\/?s={search_term_string}\"},\"query-input\":{\"@type\":\"PropertyValueSpecification\",\"valueRequired\":true,\"valueName\":\"search_term_string\"}}],\"inLanguage\":\"hr\"},{\"@type\":\"Organization\",\"@id\":\"https:\\\/\\\/clair.si\\\/#organization\",\"name\":\"Clair\",\"url\":\"https:\\\/\\\/clair.si\\\/\",\"logo\":{\"@type\":\"ImageObject\",\"inLanguage\":\"hr\",\"@id\":\"https:\\\/\\\/clair.si\\\/#\\\/schema\\\/logo\\\/image\\\/\",\"url\":\"https:\\\/\\\/clair.si\\\/wp-content\\\/uploads\\\/2022\\\/11\\\/clair_logo_2022.jpg\",\"contentUrl\":\"https:\\\/\\\/clair.si\\\/wp-content\\\/uploads\\\/2022\\\/11\\\/clair_logo_2022.jpg\",\"width\":1920,\"height\":1920,\"caption\":\"Clair\"},\"image\":{\"@id\":\"https:\\\/\\\/clair.si\\\/#\\\/schema\\\/logo\\\/image\\\/\"},\"sameAs\":[\"https:\\\/\\\/www.facebook.com\\\/TrgovinaClair\\\/\"]}]}<\/script>\n<!-- \/ Yoast SEO plugin. -->","yoast_head_json":{"title":"Cavalor Arti Matrix - Clair","description":"Dodatak za optimalnu potporu tetivama i zglobovima  S hranjivim tvarima za potporu mi\u0161i\u0107no-ko\u0161tanog sustava  Jedinstvena formula \u2013 djeluje na razli\u010ditim razinama za rje\u0161avanje problema sa zglobovima  Za konje s osjetljivim mi\u0161i\u0107no-ko\u0161tanim sustavom ili one pri napornom radu Koli\u010dina: 2 kg","robots":{"index":"index","follow":"follow","max-snippet":"max-snippet:-1","max-image-preview":"max-image-preview:large","max-video-preview":"max-video-preview:-1"},"canonical":"https:\/\/clair.si\/hr\/izdelek\/cavalor-arti-matrix\/","og_locale":"hr_HR","og_type":"article","og_title":"Cavalor Arti Matrix - Clair","og_description":"Dodatak za optimalnu potporu tetivama i zglobovima  S hranjivim tvarima za potporu mi\u0161i\u0107no-ko\u0161tanog sustava  Jedinstvena formula \u2013 djeluje na razli\u010ditim razinama za rje\u0161avanje problema sa zglobovima  Za konje s osjetljivim mi\u0161i\u0107no-ko\u0161tanim sustavom ili one pri napornom radu Koli\u010dina: 2 kg","og_url":"https:\/\/clair.si\/hr\/izdelek\/cavalor-arti-matrix\/","og_site_name":"Clair","article_publisher":"https:\/\/www.facebook.com\/TrgovinaClair\/","article_modified_time":"2025-08-31T22:47:27+00:00","og_image":[{"width":800,"height":800,"url":"https:\/\/clair.si\/wp-content\/uploads\/2024\/02\/Arti-Matrix1-jpg.webp","type":"image\/jpeg"}],"twitter_card":"summary_large_image","twitter_misc":{"Procijenjeno vrijeme \u010ditanja":"1 minuta"},"schema":{"@context":"https:\/\/schema.org","@graph":[{"@type":"WebPage","@id":"https:\/\/clair.si\/hr\/izdelek\/cavalor-arti-matrix\/","url":"https:\/\/clair.si\/hr\/izdelek\/cavalor-arti-matrix\/","name":"Cavalor Arti Matrix - Clair","isPartOf":{"@id":"https:\/\/clair.si\/#website"},"primaryImageOfPage":{"@id":"https:\/\/clair.si\/hr\/izdelek\/cavalor-arti-matrix\/#primaryimage"},"image":{"@id":"https:\/\/clair.si\/hr\/izdelek\/cavalor-arti-matrix\/#primaryimage"},"thumbnailUrl":"https:\/\/clair.si\/wp-content\/uploads\/2024\/02\/Arti-Matrix1-jpg.webp","datePublished":"2024-02-01T06:37:33+00:00","dateModified":"2025-08-31T22:47:27+00:00","description":"Dodatak za optimalnu potporu tetivama i zglobovima S hranjivim tvarima za potporu mi\u0161i\u0107no-ko\u0161tanog sustava Jedinstvena formula \u2013 djeluje na razli\u010ditim razinama za rje\u0161avanje problema sa zglobovima Za konje s osjetljivim mi\u0161i\u0107no-ko\u0161tanim sustavom ili one pri napornom radu Koli\u010dina: 2 kg","breadcrumb":{"@id":"https:\/\/clair.si\/hr\/izdelek\/cavalor-arti-matrix\/#breadcrumb"},"inLanguage":"hr","potentialAction":[{"@type":"ReadAction","target":["https:\/\/clair.si\/hr\/izdelek\/cavalor-arti-matrix\/"]}]},{"@type":"ImageObject","inLanguage":"hr","@id":"https:\/\/clair.si\/hr\/izdelek\/cavalor-arti-matrix\/#primaryimage","url":"https:\/\/clair.si\/wp-content\/uploads\/2024\/02\/Arti-Matrix1-jpg.webp","contentUrl":"https:\/\/clair.si\/wp-content\/uploads\/2024\/02\/Arti-Matrix1-jpg.webp","width":800,"height":800},{"@type":"BreadcrumbList","@id":"https:\/\/clair.si\/hr\/izdelek\/cavalor-arti-matrix\/#breadcrumb","itemListElement":[{"@type":"ListItem","position":1,"name":"Home","item":"https:\/\/clair.si\/hr\/"},{"@type":"ListItem","position":2,"name":"Trgovina","item":"https:\/\/clair.si\/trgovina\/"},{"@type":"ListItem","position":3,"name":"Cavalor Arti Matrix"}]},{"@type":"WebSite","@id":"https:\/\/clair.si\/#website","url":"https:\/\/clair.si\/","name":"Clair","description":"Trgovina s konjeni\u0161ko opremo","publisher":{"@id":"https:\/\/clair.si\/#organization"},"potentialAction":[{"@type":"SearchAction","target":{"@type":"EntryPoint","urlTemplate":"https:\/\/clair.si\/?s={search_term_string}"},"query-input":{"@type":"PropertyValueSpecification","valueRequired":true,"valueName":"search_term_string"}}],"inLanguage":"hr"},{"@type":"Organization","@id":"https:\/\/clair.si\/#organization","name":"Clair","url":"https:\/\/clair.si\/","logo":{"@type":"ImageObject","inLanguage":"hr","@id":"https:\/\/clair.si\/#\/schema\/logo\/image\/","url":"https:\/\/clair.si\/wp-content\/uploads\/2022\/11\/clair_logo_2022.jpg","contentUrl":"https:\/\/clair.si\/wp-content\/uploads\/2022\/11\/clair_logo_2022.jpg","width":1920,"height":1920,"caption":"Clair"},"image":{"@id":"https:\/\/clair.si\/#\/schema\/logo\/image\/"},"sameAs":["https:\/\/www.facebook.com\/TrgovinaClair\/"]}]}},"_links":{"self":[{"href":"https:\/\/clair.si\/hr\/wp-json\/wp\/v2\/product\/96907","targetHints":{"allow":["GET"]}}],"collection":[{"href":"https:\/\/clair.si\/hr\/wp-json\/wp\/v2\/product"}],"about":[{"href":"https:\/\/clair.si\/hr\/wp-json\/wp\/v2\/types\/product"}],"version-history":[{"count":0,"href":"https:\/\/clair.si\/hr\/wp-json\/wp\/v2\/product\/96907\/revisions"}],"wp:featuredmedia":[{"embeddable":true,"href":"https:\/\/clair.si\/hr\/wp-json\/wp\/v2\/media\/96912"}],"wp:attachment":[{"href":"https:\/\/clair.si\/hr\/wp-json\/wp\/v2\/media?parent=96907"}],"wp:term":[{"taxonomy":"product_brand","embeddable":true,"href":"https:\/\/clair.si\/hr\/wp-json\/wp\/v2\/product_brand?post=96907"},{"taxonomy":"product_cat","embeddable":true,"href":"https:\/\/clair.si\/hr\/wp-json\/wp\/v2\/product_cat?post=96907"},{"taxonomy":"product_tag","embeddable":true,"href":"https:\/\/clair.si\/hr\/wp-json\/wp\/v2\/product_tag?post=96907"}],"curies":[{"name":"wp","href":"https:\/\/api.w.org\/{rel}","templated":true}]}}