{"id":96956,"date":"2024-01-26T14:10:00","date_gmt":"2024-01-26T13:10:00","guid":{"rendered":"https:\/\/clair.si\/izdelek\/eskadron-basic-regular-silver-usi\/"},"modified":"2025-09-29T19:56:27","modified_gmt":"2025-09-29T17:56:27","slug":"kapica-eskadron-basic-regular-silver","status":"publish","type":"product","link":"https:\/\/clair.si\/hr\/izdelek\/kapica-eskadron-basic-regular-silver\/","title":{"rendered":"Eskadron Basic Regular Silver u\u0161i"},"content":{"rendered":"<p><strong>Eskadron Basic Regular Silver u\u0161i &#8211;<\/strong> <span class=\"HwtZe\" lang=\"sl\"><span class=\"jCAhz ChMk0b\"><span class=\"ryNqvb\">heklana za\u0161tita s elasti\u010dnim u\u0161ima ne pru\u017ea samo za\u0161titu od \u0161tetnika ljeti, ve\u0107 u kombinaciji s okolnom vrpcom tvori harmoni\u010dnu jedinicu za kombiniranje.<\/span><\/span> <\/span> <\/p>\n<ul>\n<li><span class=\"HwtZe\" lang=\"sl\"> <span class=\"jCAhz ChMk0b\"><span class=\"ryNqvb\">elasti\u010dne jersey u\u0161i<\/span><\/span> <\/span><\/li>\n<li><span class=\"HwtZe\" lang=\"sl\"><span class=\"jCAhz ChMk0b\"><span class=\"ryNqvb\">srebrna vrpca<\/span><\/span> <\/span><\/li>\n<li><span class=\"HwtZe\" lang=\"sl\"><span class=\"jCAhz ChMk0b\"><span class=\"ryNqvb\">materijal<\/span><\/span> <span class=\"jCAhz ChMk0b\"><span class=\"ryNqvb\">100% PAMUK<\/span><\/span><\/span><\/li>\n<\/ul>\n","protected":false},"excerpt":{"rendered":"<p>Eskadron Basic Regular Silver u\u0161i &#8211; heklana za\u0161tita s elasti\u010dnim u\u0161ima ne pru\u017ea samo za\u0161titu od \u0161tetnika ljeti, ve\u0107 u<\/p>\n","protected":false},"featured_media":96952,"template":"","meta":{"footnotes":""},"product_brand":[],"product_cat":[5750,5624,5729,5726],"product_tag":[],"class_list":{"0":"post-96956","1":"product","2":"type-product","3":"status-publish","4":"has-post-thumbnail","6":"product_cat-kapica","7":"product_cat-konj-hr","8":"product_cat-pikeur-eskadron-hr","9":"product_cat-podsedlice-i-kapice-za-usi","11":"first","12":"instock","13":"sale","14":"shipping-taxable","15":"purchasable","16":"product-type-variable"},"yoast_head":"<!-- This site is optimized with the Yoast SEO plugin v27.5 - https:\/\/yoast.com\/product\/yoast-seo-wordpress\/ -->\n<title>Eskadron Basic Regular Silver u\u0161i - Clair<\/title>\n<meta name=\"description\" content=\"Eskadron Basic Regular Silver u\u0161i - heklana za\u0161tita s elasti\u010dnim u\u0161ima ne pru\u017ea samo za\u0161titu od \u0161tetnika ljeti, ve\u0107 u kombinaciji s okolnom vrpcom tvori\" \/>\n<meta name=\"robots\" content=\"index, follow, max-snippet:-1, max-image-preview:large, max-video-preview:-1\" \/>\n<link rel=\"canonical\" href=\"https:\/\/clair.si\/hr\/izdelek\/kapica-eskadron-basic-regular-silver\/\" \/>\n<meta property=\"og:locale\" content=\"hr_HR\" \/>\n<meta property=\"og:type\" content=\"article\" \/>\n<meta property=\"og:title\" content=\"Eskadron Basic Regular Silver u\u0161i - Clair\" \/>\n<meta property=\"og:description\" content=\"Eskadron Basic Regular Silver u\u0161i - heklana za\u0161tita s elasti\u010dnim u\u0161ima ne pru\u017ea samo za\u0161titu od \u0161tetnika ljeti, ve\u0107 u kombinaciji s okolnom vrpcom tvori\" \/>\n<meta property=\"og:url\" content=\"https:\/\/clair.si\/hr\/izdelek\/kapica-eskadron-basic-regular-silver\/\" \/>\n<meta property=\"og:site_name\" content=\"Clair\" \/>\n<meta property=\"article:publisher\" content=\"https:\/\/www.facebook.com\/TrgovinaClair\/\" \/>\n<meta property=\"article:modified_time\" content=\"2025-09-29T17:56:27+00:00\" \/>\n<meta property=\"og:image\" content=\"https:\/\/clair.si\/wp-content\/uploads\/2024\/01\/esk_340200_385_010_f_1920x1920-jpg.webp\" \/>\n\t<meta property=\"og:image:width\" content=\"1920\" \/>\n\t<meta property=\"og:image:height\" content=\"1920\" \/>\n\t<meta property=\"og:image:type\" content=\"image\/jpeg\" \/>\n<meta name=\"twitter:card\" content=\"summary_large_image\" \/>\n<meta name=\"twitter:label1\" content=\"Procijenjeno vrijeme \u010ditanja\" \/>\n\t<meta name=\"twitter:data1\" content=\"1 minuta\" \/>\n<script type=\"application\/ld+json\" class=\"yoast-schema-graph\">{\"@context\":\"https:\\\/\\\/schema.org\",\"@graph\":[{\"@type\":\"WebPage\",\"@id\":\"https:\\\/\\\/clair.si\\\/hr\\\/izdelek\\\/kapica-eskadron-basic-regular-silver\\\/\",\"url\":\"https:\\\/\\\/clair.si\\\/hr\\\/izdelek\\\/kapica-eskadron-basic-regular-silver\\\/\",\"name\":\"Eskadron Basic Regular Silver u\u0161i - Clair\",\"isPartOf\":{\"@id\":\"https:\\\/\\\/clair.si\\\/#website\"},\"primaryImageOfPage\":{\"@id\":\"https:\\\/\\\/clair.si\\\/hr\\\/izdelek\\\/kapica-eskadron-basic-regular-silver\\\/#primaryimage\"},\"image\":{\"@id\":\"https:\\\/\\\/clair.si\\\/hr\\\/izdelek\\\/kapica-eskadron-basic-regular-silver\\\/#primaryimage\"},\"thumbnailUrl\":\"https:\\\/\\\/clair.si\\\/wp-content\\\/uploads\\\/2024\\\/01\\\/esk_340200_385_010_f_1920x1920-jpg.webp\",\"datePublished\":\"2024-01-26T13:10:00+00:00\",\"dateModified\":\"2025-09-29T17:56:27+00:00\",\"description\":\"Eskadron Basic Regular Silver u\u0161i - heklana za\u0161tita s elasti\u010dnim u\u0161ima ne pru\u017ea samo za\u0161titu od \u0161tetnika ljeti, ve\u0107 u kombinaciji s okolnom vrpcom tvori\",\"breadcrumb\":{\"@id\":\"https:\\\/\\\/clair.si\\\/hr\\\/izdelek\\\/kapica-eskadron-basic-regular-silver\\\/#breadcrumb\"},\"inLanguage\":\"hr\",\"potentialAction\":[{\"@type\":\"ReadAction\",\"target\":[\"https:\\\/\\\/clair.si\\\/hr\\\/izdelek\\\/kapica-eskadron-basic-regular-silver\\\/\"]}]},{\"@type\":\"ImageObject\",\"inLanguage\":\"hr\",\"@id\":\"https:\\\/\\\/clair.si\\\/hr\\\/izdelek\\\/kapica-eskadron-basic-regular-silver\\\/#primaryimage\",\"url\":\"https:\\\/\\\/clair.si\\\/wp-content\\\/uploads\\\/2024\\\/01\\\/esk_340200_385_010_f_1920x1920-jpg.webp\",\"contentUrl\":\"https:\\\/\\\/clair.si\\\/wp-content\\\/uploads\\\/2024\\\/01\\\/esk_340200_385_010_f_1920x1920-jpg.webp\",\"width\":1920,\"height\":1920},{\"@type\":\"BreadcrumbList\",\"@id\":\"https:\\\/\\\/clair.si\\\/hr\\\/izdelek\\\/kapica-eskadron-basic-regular-silver\\\/#breadcrumb\",\"itemListElement\":[{\"@type\":\"ListItem\",\"position\":1,\"name\":\"Home\",\"item\":\"https:\\\/\\\/clair.si\\\/hr\\\/\"},{\"@type\":\"ListItem\",\"position\":2,\"name\":\"Trgovina\",\"item\":\"https:\\\/\\\/clair.si\\\/trgovina\\\/\"},{\"@type\":\"ListItem\",\"position\":3,\"name\":\"Eskadron Basic Regular Silver u\u0161i\"}]},{\"@type\":\"WebSite\",\"@id\":\"https:\\\/\\\/clair.si\\\/#website\",\"url\":\"https:\\\/\\\/clair.si\\\/\",\"name\":\"Clair\",\"description\":\"Trgovina s konjeni\u0161ko opremo\",\"publisher\":{\"@id\":\"https:\\\/\\\/clair.si\\\/#organization\"},\"potentialAction\":[{\"@type\":\"SearchAction\",\"target\":{\"@type\":\"EntryPoint\",\"urlTemplate\":\"https:\\\/\\\/clair.si\\\/?s={search_term_string}\"},\"query-input\":{\"@type\":\"PropertyValueSpecification\",\"valueRequired\":true,\"valueName\":\"search_term_string\"}}],\"inLanguage\":\"hr\"},{\"@type\":\"Organization\",\"@id\":\"https:\\\/\\\/clair.si\\\/#organization\",\"name\":\"Clair\",\"url\":\"https:\\\/\\\/clair.si\\\/\",\"logo\":{\"@type\":\"ImageObject\",\"inLanguage\":\"hr\",\"@id\":\"https:\\\/\\\/clair.si\\\/#\\\/schema\\\/logo\\\/image\\\/\",\"url\":\"https:\\\/\\\/clair.si\\\/wp-content\\\/uploads\\\/2022\\\/11\\\/clair_logo_2022.jpg\",\"contentUrl\":\"https:\\\/\\\/clair.si\\\/wp-content\\\/uploads\\\/2022\\\/11\\\/clair_logo_2022.jpg\",\"width\":1920,\"height\":1920,\"caption\":\"Clair\"},\"image\":{\"@id\":\"https:\\\/\\\/clair.si\\\/#\\\/schema\\\/logo\\\/image\\\/\"},\"sameAs\":[\"https:\\\/\\\/www.facebook.com\\\/TrgovinaClair\\\/\"]}]}<\/script>\n<!-- \/ Yoast SEO plugin. -->","yoast_head_json":{"title":"Eskadron Basic Regular Silver u\u0161i - Clair","description":"Eskadron Basic Regular Silver u\u0161i - heklana za\u0161tita s elasti\u010dnim u\u0161ima ne pru\u017ea samo za\u0161titu od \u0161tetnika ljeti, ve\u0107 u kombinaciji s okolnom vrpcom tvori","robots":{"index":"index","follow":"follow","max-snippet":"max-snippet:-1","max-image-preview":"max-image-preview:large","max-video-preview":"max-video-preview:-1"},"canonical":"https:\/\/clair.si\/hr\/izdelek\/kapica-eskadron-basic-regular-silver\/","og_locale":"hr_HR","og_type":"article","og_title":"Eskadron Basic Regular Silver u\u0161i - Clair","og_description":"Eskadron Basic Regular Silver u\u0161i - heklana za\u0161tita s elasti\u010dnim u\u0161ima ne pru\u017ea samo za\u0161titu od \u0161tetnika ljeti, ve\u0107 u kombinaciji s okolnom vrpcom tvori","og_url":"https:\/\/clair.si\/hr\/izdelek\/kapica-eskadron-basic-regular-silver\/","og_site_name":"Clair","article_publisher":"https:\/\/www.facebook.com\/TrgovinaClair\/","article_modified_time":"2025-09-29T17:56:27+00:00","og_image":[{"width":1920,"height":1920,"url":"https:\/\/clair.si\/wp-content\/uploads\/2024\/01\/esk_340200_385_010_f_1920x1920-jpg.webp","type":"image\/jpeg"}],"twitter_card":"summary_large_image","twitter_misc":{"Procijenjeno vrijeme \u010ditanja":"1 minuta"},"schema":{"@context":"https:\/\/schema.org","@graph":[{"@type":"WebPage","@id":"https:\/\/clair.si\/hr\/izdelek\/kapica-eskadron-basic-regular-silver\/","url":"https:\/\/clair.si\/hr\/izdelek\/kapica-eskadron-basic-regular-silver\/","name":"Eskadron Basic Regular Silver u\u0161i - Clair","isPartOf":{"@id":"https:\/\/clair.si\/#website"},"primaryImageOfPage":{"@id":"https:\/\/clair.si\/hr\/izdelek\/kapica-eskadron-basic-regular-silver\/#primaryimage"},"image":{"@id":"https:\/\/clair.si\/hr\/izdelek\/kapica-eskadron-basic-regular-silver\/#primaryimage"},"thumbnailUrl":"https:\/\/clair.si\/wp-content\/uploads\/2024\/01\/esk_340200_385_010_f_1920x1920-jpg.webp","datePublished":"2024-01-26T13:10:00+00:00","dateModified":"2025-09-29T17:56:27+00:00","description":"Eskadron Basic Regular Silver u\u0161i - heklana za\u0161tita s elasti\u010dnim u\u0161ima ne pru\u017ea samo za\u0161titu od \u0161tetnika ljeti, ve\u0107 u kombinaciji s okolnom vrpcom tvori","breadcrumb":{"@id":"https:\/\/clair.si\/hr\/izdelek\/kapica-eskadron-basic-regular-silver\/#breadcrumb"},"inLanguage":"hr","potentialAction":[{"@type":"ReadAction","target":["https:\/\/clair.si\/hr\/izdelek\/kapica-eskadron-basic-regular-silver\/"]}]},{"@type":"ImageObject","inLanguage":"hr","@id":"https:\/\/clair.si\/hr\/izdelek\/kapica-eskadron-basic-regular-silver\/#primaryimage","url":"https:\/\/clair.si\/wp-content\/uploads\/2024\/01\/esk_340200_385_010_f_1920x1920-jpg.webp","contentUrl":"https:\/\/clair.si\/wp-content\/uploads\/2024\/01\/esk_340200_385_010_f_1920x1920-jpg.webp","width":1920,"height":1920},{"@type":"BreadcrumbList","@id":"https:\/\/clair.si\/hr\/izdelek\/kapica-eskadron-basic-regular-silver\/#breadcrumb","itemListElement":[{"@type":"ListItem","position":1,"name":"Home","item":"https:\/\/clair.si\/hr\/"},{"@type":"ListItem","position":2,"name":"Trgovina","item":"https:\/\/clair.si\/trgovina\/"},{"@type":"ListItem","position":3,"name":"Eskadron Basic Regular Silver u\u0161i"}]},{"@type":"WebSite","@id":"https:\/\/clair.si\/#website","url":"https:\/\/clair.si\/","name":"Clair","description":"Trgovina s konjeni\u0161ko opremo","publisher":{"@id":"https:\/\/clair.si\/#organization"},"potentialAction":[{"@type":"SearchAction","target":{"@type":"EntryPoint","urlTemplate":"https:\/\/clair.si\/?s={search_term_string}"},"query-input":{"@type":"PropertyValueSpecification","valueRequired":true,"valueName":"search_term_string"}}],"inLanguage":"hr"},{"@type":"Organization","@id":"https:\/\/clair.si\/#organization","name":"Clair","url":"https:\/\/clair.si\/","logo":{"@type":"ImageObject","inLanguage":"hr","@id":"https:\/\/clair.si\/#\/schema\/logo\/image\/","url":"https:\/\/clair.si\/wp-content\/uploads\/2022\/11\/clair_logo_2022.jpg","contentUrl":"https:\/\/clair.si\/wp-content\/uploads\/2022\/11\/clair_logo_2022.jpg","width":1920,"height":1920,"caption":"Clair"},"image":{"@id":"https:\/\/clair.si\/#\/schema\/logo\/image\/"},"sameAs":["https:\/\/www.facebook.com\/TrgovinaClair\/"]}]}},"_links":{"self":[{"href":"https:\/\/clair.si\/hr\/wp-json\/wp\/v2\/product\/96956","targetHints":{"allow":["GET"]}}],"collection":[{"href":"https:\/\/clair.si\/hr\/wp-json\/wp\/v2\/product"}],"about":[{"href":"https:\/\/clair.si\/hr\/wp-json\/wp\/v2\/types\/product"}],"version-history":[{"count":4,"href":"https:\/\/clair.si\/hr\/wp-json\/wp\/v2\/product\/96956\/revisions"}],"predecessor-version":[{"id":115358,"href":"https:\/\/clair.si\/hr\/wp-json\/wp\/v2\/product\/96956\/revisions\/115358"}],"wp:featuredmedia":[{"embeddable":true,"href":"https:\/\/clair.si\/hr\/wp-json\/wp\/v2\/media\/96952"}],"wp:attachment":[{"href":"https:\/\/clair.si\/hr\/wp-json\/wp\/v2\/media?parent=96956"}],"wp:term":[{"taxonomy":"product_brand","embeddable":true,"href":"https:\/\/clair.si\/hr\/wp-json\/wp\/v2\/product_brand?post=96956"},{"taxonomy":"product_cat","embeddable":true,"href":"https:\/\/clair.si\/hr\/wp-json\/wp\/v2\/product_cat?post=96956"},{"taxonomy":"product_tag","embeddable":true,"href":"https:\/\/clair.si\/hr\/wp-json\/wp\/v2\/product_tag?post=96956"}],"curies":[{"name":"wp","href":"https:\/\/api.w.org\/{rel}","templated":true}]}}