{"id":96959,"date":"2024-01-30T12:10:03","date_gmt":"2024-01-30T11:10:03","guid":{"rendered":"https:\/\/clair.si\/izdelek\/cavalor-ice-clay\/"},"modified":"2025-09-11T13:37:07","modified_gmt":"2025-09-11T11:37:07","slug":"cavalor-ice-clay","status":"publish","type":"product","link":"https:\/\/clair.si\/hr\/izdelek\/cavalor-ice-clay\/","title":{"rendered":"Cavalor Ice clay"},"content":{"rendered":"<p><strong>Cavalor Ice Clay je glina<\/strong> koja se nanosi prvenstveno na noge za opu\u0161tanje preoptere\u0107enih mi\u0161i\u0107a i tetiva te <strong>sprje\u010davanje oticanja.<\/strong> Cavalor Ice Clay sastoji se uglavnom od kaolinita.<\/p>\n<p>Ova glina je <strong>prirodno bogata mineralima<\/strong> s visokom sposobno\u0161\u0107u upijanja; \u010disti i uklanja suvi\u0161nu sinovijalnu teku\u0107inu iz zglobova i tetiva.<\/p>\n<p>Magnezijev sulfat u Cavalor Ice Clay <strong>poti\u010de cirkulaciju krvi<\/strong> i <strong>omogu\u0107uje opu\u0161tanje mi\u0161i\u0107a.<\/strong> Taj je u\u010dinak poja\u010dan eteri\u010dnim uljima, uklju\u010duju\u0107i <strong>arniku<\/strong> i <strong>ru\u017emarin<\/strong>, koja imaju dokazano <strong>protuupalno i umiruju\u0107e djelovanje.<\/strong><\/p>\n<p>&nbsp;<\/p>\n<p><strong>Upute za upotrebu: <\/strong><\/p>\n<p>Nakon napornog rada nanesite debeli sloj Cavalor Ice Clay na noge i tetive kako biste ih ohladili. Pustite da se Cavalor Ice Clay potpuno osu\u0161i za brzi u\u010dinak hla\u0111enja. Zatim tvrdom \u010detkom ili hladnom vodom potpuno uklonite Cavalor Ice Clay.  <\/p>\n<p>Preko nanosa Cavalor Ice Clay polo\u017eite mokri papir za sporije hla\u0111enje. Papir prekrijte i zavojem. Taj topli i mokri oblog usporit \u0107e u\u010dinke hla\u0111enja gline.<br \/>\nCavalor Ice Clay mo\u017eete koristiti i za ubla\u017eavanje nate\u010denih nogu.  <\/p>\n<p>Upozorenje: Samo za vanjsku uporabu.<\/p>\n<p>&nbsp;<\/p>\n<p><strong>Dostupno 4 kg ili 8 kg.<\/strong><\/p>\n","protected":false},"excerpt":{"rendered":"<ul>\n<li>pogodno za hla\u0111enje nogu, nate\u010dene noge&#8230;<\/li>\n<li>jednostavno nano\u0161enje<\/li>\n<li>u\u010dinak hla\u0111enja<\/li>\n<li>sadr\u017ei eteri\u010dna ulja<\/li>\n<\/ul>\n<p><strong>Koli\u010dina: 4 kg ili 8 kg<\/strong><\/p>\n","protected":false},"featured_media":96964,"template":"","meta":{"footnotes":""},"product_brand":[],"product_cat":[5624,5675,5677,5625,5627,5680],"product_tag":[],"class_list":{"0":"post-96959","1":"product","2":"type-product","3":"status-publish","4":"has-post-thumbnail","6":"product_cat-konj-hr","7":"product_cat-kozmetika-za-konje-hr","8":"product_cat-kozmetika-za-konje-hr-2","9":"product_cat-njega-konja","10":"product_cat-stala-i-pasnjak","11":"product_cat-zdravlje-i-dobrobit","13":"first","14":"instock","15":"shipping-taxable","16":"purchasable","17":"product-type-variable"},"yoast_head":"<!-- This site is optimized with the Yoast SEO plugin v27.3 - https:\/\/yoast.com\/product\/yoast-seo-wordpress\/ -->\n<title>Cavalor Ice clay - Clair<\/title>\n<meta name=\"description\" content=\"pogodno za hla\u0111enje nogu, nate\u010dene noge...  jednostavno nano\u0161enje  u\u010dinak hla\u0111enja  sadr\u017ei eteri\u010dna ulja Koli\u010dina: 4 kg ili 8 kg\" \/>\n<meta name=\"robots\" content=\"index, follow, max-snippet:-1, max-image-preview:large, max-video-preview:-1\" \/>\n<link rel=\"canonical\" href=\"https:\/\/clair.si\/hr\/izdelek\/cavalor-ice-clay\/\" \/>\n<meta property=\"og:locale\" content=\"hr_HR\" \/>\n<meta property=\"og:type\" content=\"article\" \/>\n<meta property=\"og:title\" content=\"Cavalor Ice clay - Clair\" \/>\n<meta property=\"og:description\" content=\"pogodno za hla\u0111enje nogu, nate\u010dene noge...  jednostavno nano\u0161enje  u\u010dinak hla\u0111enja  sadr\u017ei eteri\u010dna ulja Koli\u010dina: 4 kg ili 8 kg\" \/>\n<meta property=\"og:url\" content=\"https:\/\/clair.si\/hr\/izdelek\/cavalor-ice-clay\/\" \/>\n<meta property=\"og:site_name\" content=\"Clair\" \/>\n<meta property=\"article:publisher\" content=\"https:\/\/www.facebook.com\/TrgovinaClair\/\" \/>\n<meta property=\"article:modified_time\" content=\"2025-09-11T11:37:07+00:00\" \/>\n<meta property=\"og:image\" content=\"https:\/\/clair.si\/wp-content\/uploads\/2024\/01\/iceclay1-jpg.webp\" \/>\n\t<meta property=\"og:image:width\" content=\"800\" \/>\n\t<meta property=\"og:image:height\" content=\"800\" \/>\n\t<meta property=\"og:image:type\" content=\"image\/jpeg\" \/>\n<meta name=\"twitter:card\" content=\"summary_large_image\" \/>\n<meta name=\"twitter:label1\" content=\"Procijenjeno vrijeme \u010ditanja\" \/>\n\t<meta name=\"twitter:data1\" content=\"1 minuta\" \/>\n<script type=\"application\/ld+json\" class=\"yoast-schema-graph\">{\"@context\":\"https:\\\/\\\/schema.org\",\"@graph\":[{\"@type\":\"WebPage\",\"@id\":\"https:\\\/\\\/clair.si\\\/hr\\\/izdelek\\\/cavalor-ice-clay\\\/\",\"url\":\"https:\\\/\\\/clair.si\\\/hr\\\/izdelek\\\/cavalor-ice-clay\\\/\",\"name\":\"Cavalor Ice clay - Clair\",\"isPartOf\":{\"@id\":\"https:\\\/\\\/clair.si\\\/#website\"},\"primaryImageOfPage\":{\"@id\":\"https:\\\/\\\/clair.si\\\/hr\\\/izdelek\\\/cavalor-ice-clay\\\/#primaryimage\"},\"image\":{\"@id\":\"https:\\\/\\\/clair.si\\\/hr\\\/izdelek\\\/cavalor-ice-clay\\\/#primaryimage\"},\"thumbnailUrl\":\"https:\\\/\\\/clair.si\\\/wp-content\\\/uploads\\\/2024\\\/01\\\/iceclay1-jpg.webp\",\"datePublished\":\"2024-01-30T11:10:03+00:00\",\"dateModified\":\"2025-09-11T11:37:07+00:00\",\"description\":\"pogodno za hla\u0111enje nogu, nate\u010dene noge... jednostavno nano\u0161enje u\u010dinak hla\u0111enja sadr\u017ei eteri\u010dna ulja Koli\u010dina: 4 kg ili 8 kg\",\"breadcrumb\":{\"@id\":\"https:\\\/\\\/clair.si\\\/hr\\\/izdelek\\\/cavalor-ice-clay\\\/#breadcrumb\"},\"inLanguage\":\"hr\",\"potentialAction\":[{\"@type\":\"ReadAction\",\"target\":[\"https:\\\/\\\/clair.si\\\/hr\\\/izdelek\\\/cavalor-ice-clay\\\/\"]}]},{\"@type\":\"ImageObject\",\"inLanguage\":\"hr\",\"@id\":\"https:\\\/\\\/clair.si\\\/hr\\\/izdelek\\\/cavalor-ice-clay\\\/#primaryimage\",\"url\":\"https:\\\/\\\/clair.si\\\/wp-content\\\/uploads\\\/2024\\\/01\\\/iceclay1-jpg.webp\",\"contentUrl\":\"https:\\\/\\\/clair.si\\\/wp-content\\\/uploads\\\/2024\\\/01\\\/iceclay1-jpg.webp\",\"width\":800,\"height\":800},{\"@type\":\"BreadcrumbList\",\"@id\":\"https:\\\/\\\/clair.si\\\/hr\\\/izdelek\\\/cavalor-ice-clay\\\/#breadcrumb\",\"itemListElement\":[{\"@type\":\"ListItem\",\"position\":1,\"name\":\"Home\",\"item\":\"https:\\\/\\\/clair.si\\\/hr\\\/\"},{\"@type\":\"ListItem\",\"position\":2,\"name\":\"Trgovina\",\"item\":\"https:\\\/\\\/clair.si\\\/trgovina\\\/\"},{\"@type\":\"ListItem\",\"position\":3,\"name\":\"Cavalor Ice clay\"}]},{\"@type\":\"WebSite\",\"@id\":\"https:\\\/\\\/clair.si\\\/#website\",\"url\":\"https:\\\/\\\/clair.si\\\/\",\"name\":\"Clair\",\"description\":\"Trgovina s konjeni\u0161ko opremo\",\"publisher\":{\"@id\":\"https:\\\/\\\/clair.si\\\/#organization\"},\"potentialAction\":[{\"@type\":\"SearchAction\",\"target\":{\"@type\":\"EntryPoint\",\"urlTemplate\":\"https:\\\/\\\/clair.si\\\/?s={search_term_string}\"},\"query-input\":{\"@type\":\"PropertyValueSpecification\",\"valueRequired\":true,\"valueName\":\"search_term_string\"}}],\"inLanguage\":\"hr\"},{\"@type\":\"Organization\",\"@id\":\"https:\\\/\\\/clair.si\\\/#organization\",\"name\":\"Clair\",\"url\":\"https:\\\/\\\/clair.si\\\/\",\"logo\":{\"@type\":\"ImageObject\",\"inLanguage\":\"hr\",\"@id\":\"https:\\\/\\\/clair.si\\\/#\\\/schema\\\/logo\\\/image\\\/\",\"url\":\"https:\\\/\\\/clair.si\\\/wp-content\\\/uploads\\\/2022\\\/11\\\/clair_logo_2022.jpg\",\"contentUrl\":\"https:\\\/\\\/clair.si\\\/wp-content\\\/uploads\\\/2022\\\/11\\\/clair_logo_2022.jpg\",\"width\":1920,\"height\":1920,\"caption\":\"Clair\"},\"image\":{\"@id\":\"https:\\\/\\\/clair.si\\\/#\\\/schema\\\/logo\\\/image\\\/\"},\"sameAs\":[\"https:\\\/\\\/www.facebook.com\\\/TrgovinaClair\\\/\"]}]}<\/script>\n<!-- \/ Yoast SEO plugin. -->","yoast_head_json":{"title":"Cavalor Ice clay - Clair","description":"pogodno za hla\u0111enje nogu, nate\u010dene noge...  jednostavno nano\u0161enje  u\u010dinak hla\u0111enja  sadr\u017ei eteri\u010dna ulja Koli\u010dina: 4 kg ili 8 kg","robots":{"index":"index","follow":"follow","max-snippet":"max-snippet:-1","max-image-preview":"max-image-preview:large","max-video-preview":"max-video-preview:-1"},"canonical":"https:\/\/clair.si\/hr\/izdelek\/cavalor-ice-clay\/","og_locale":"hr_HR","og_type":"article","og_title":"Cavalor Ice clay - Clair","og_description":"pogodno za hla\u0111enje nogu, nate\u010dene noge...  jednostavno nano\u0161enje  u\u010dinak hla\u0111enja  sadr\u017ei eteri\u010dna ulja Koli\u010dina: 4 kg ili 8 kg","og_url":"https:\/\/clair.si\/hr\/izdelek\/cavalor-ice-clay\/","og_site_name":"Clair","article_publisher":"https:\/\/www.facebook.com\/TrgovinaClair\/","article_modified_time":"2025-09-11T11:37:07+00:00","og_image":[{"width":800,"height":800,"url":"https:\/\/clair.si\/wp-content\/uploads\/2024\/01\/iceclay1-jpg.webp","type":"image\/jpeg"}],"twitter_card":"summary_large_image","twitter_misc":{"Procijenjeno vrijeme \u010ditanja":"1 minuta"},"schema":{"@context":"https:\/\/schema.org","@graph":[{"@type":"WebPage","@id":"https:\/\/clair.si\/hr\/izdelek\/cavalor-ice-clay\/","url":"https:\/\/clair.si\/hr\/izdelek\/cavalor-ice-clay\/","name":"Cavalor Ice clay - Clair","isPartOf":{"@id":"https:\/\/clair.si\/#website"},"primaryImageOfPage":{"@id":"https:\/\/clair.si\/hr\/izdelek\/cavalor-ice-clay\/#primaryimage"},"image":{"@id":"https:\/\/clair.si\/hr\/izdelek\/cavalor-ice-clay\/#primaryimage"},"thumbnailUrl":"https:\/\/clair.si\/wp-content\/uploads\/2024\/01\/iceclay1-jpg.webp","datePublished":"2024-01-30T11:10:03+00:00","dateModified":"2025-09-11T11:37:07+00:00","description":"pogodno za hla\u0111enje nogu, nate\u010dene noge... jednostavno nano\u0161enje u\u010dinak hla\u0111enja sadr\u017ei eteri\u010dna ulja Koli\u010dina: 4 kg ili 8 kg","breadcrumb":{"@id":"https:\/\/clair.si\/hr\/izdelek\/cavalor-ice-clay\/#breadcrumb"},"inLanguage":"hr","potentialAction":[{"@type":"ReadAction","target":["https:\/\/clair.si\/hr\/izdelek\/cavalor-ice-clay\/"]}]},{"@type":"ImageObject","inLanguage":"hr","@id":"https:\/\/clair.si\/hr\/izdelek\/cavalor-ice-clay\/#primaryimage","url":"https:\/\/clair.si\/wp-content\/uploads\/2024\/01\/iceclay1-jpg.webp","contentUrl":"https:\/\/clair.si\/wp-content\/uploads\/2024\/01\/iceclay1-jpg.webp","width":800,"height":800},{"@type":"BreadcrumbList","@id":"https:\/\/clair.si\/hr\/izdelek\/cavalor-ice-clay\/#breadcrumb","itemListElement":[{"@type":"ListItem","position":1,"name":"Home","item":"https:\/\/clair.si\/hr\/"},{"@type":"ListItem","position":2,"name":"Trgovina","item":"https:\/\/clair.si\/trgovina\/"},{"@type":"ListItem","position":3,"name":"Cavalor Ice clay"}]},{"@type":"WebSite","@id":"https:\/\/clair.si\/#website","url":"https:\/\/clair.si\/","name":"Clair","description":"Trgovina s konjeni\u0161ko opremo","publisher":{"@id":"https:\/\/clair.si\/#organization"},"potentialAction":[{"@type":"SearchAction","target":{"@type":"EntryPoint","urlTemplate":"https:\/\/clair.si\/?s={search_term_string}"},"query-input":{"@type":"PropertyValueSpecification","valueRequired":true,"valueName":"search_term_string"}}],"inLanguage":"hr"},{"@type":"Organization","@id":"https:\/\/clair.si\/#organization","name":"Clair","url":"https:\/\/clair.si\/","logo":{"@type":"ImageObject","inLanguage":"hr","@id":"https:\/\/clair.si\/#\/schema\/logo\/image\/","url":"https:\/\/clair.si\/wp-content\/uploads\/2022\/11\/clair_logo_2022.jpg","contentUrl":"https:\/\/clair.si\/wp-content\/uploads\/2022\/11\/clair_logo_2022.jpg","width":1920,"height":1920,"caption":"Clair"},"image":{"@id":"https:\/\/clair.si\/#\/schema\/logo\/image\/"},"sameAs":["https:\/\/www.facebook.com\/TrgovinaClair\/"]}]}},"_links":{"self":[{"href":"https:\/\/clair.si\/hr\/wp-json\/wp\/v2\/product\/96959","targetHints":{"allow":["GET"]}}],"collection":[{"href":"https:\/\/clair.si\/hr\/wp-json\/wp\/v2\/product"}],"about":[{"href":"https:\/\/clair.si\/hr\/wp-json\/wp\/v2\/types\/product"}],"version-history":[{"count":0,"href":"https:\/\/clair.si\/hr\/wp-json\/wp\/v2\/product\/96959\/revisions"}],"wp:featuredmedia":[{"embeddable":true,"href":"https:\/\/clair.si\/hr\/wp-json\/wp\/v2\/media\/96964"}],"wp:attachment":[{"href":"https:\/\/clair.si\/hr\/wp-json\/wp\/v2\/media?parent=96959"}],"wp:term":[{"taxonomy":"product_brand","embeddable":true,"href":"https:\/\/clair.si\/hr\/wp-json\/wp\/v2\/product_brand?post=96959"},{"taxonomy":"product_cat","embeddable":true,"href":"https:\/\/clair.si\/hr\/wp-json\/wp\/v2\/product_cat?post=96959"},{"taxonomy":"product_tag","embeddable":true,"href":"https:\/\/clair.si\/hr\/wp-json\/wp\/v2\/product_tag?post=96959"}],"curies":[{"name":"wp","href":"https:\/\/api.w.org\/{rel}","templated":true}]}}