{"id":96969,"date":"2024-01-21T15:28:12","date_gmt":"2024-01-21T14:28:12","guid":{"rendered":"https:\/\/clair.si\/izdelek\/cepovi-mustad-vidia-5-1mm\/"},"modified":"2025-08-27T20:42:32","modified_gmt":"2025-08-27T18:42:32","slug":"cepovi-mustad-vidia-5-1mm","status":"publish","type":"product","link":"https:\/\/clair.si\/hr\/izdelek\/cepovi-mustad-vidia-5-1mm\/","title":{"rendered":"\u010cepovi Mustad Vidia 5.1mm"},"content":{"rendered":"<p><strong>\u010cepovi Vidia 5.1mm<\/strong><span class=\"HwtZe\" lang=\"sl\"><span class=\"jCAhz ChMk0b\"><span class=\"ryNqvb\"><strong> Mustad Carbide<\/strong> osiguravaju dodatno prianjanje konja na skliskim povr\u0161inama.<\/span><\/span> <span class=\"jCAhz ChMk0b\"><span class=\"ryNqvb\">Mogu se dodati na donju povr\u0161inu potkove koja je u kontaktu s tlom.<\/span><\/span> <span class=\"jCAhz ChMk0b\"><span class=\"ryNqvb\">Naj\u010de\u0161\u0107e kori\u0161tena mjesta su peta i prsti potkove.<\/span><\/span><\/span><\/p>\n<p>Cijena za komad.<\/p>\n","protected":false},"excerpt":{"rendered":"<p><span class=\"HwtZe\" lang=\"sl\"><span class=\"jCAhz ChMk0b\"><span class=\"ryNqvb\">Pru\u017eaju dodatno prianjanje potkovama.<\/span><\/span><\/span><\/p>\n<p><strong>Koli\u010dina: 1 kom<\/strong><\/p>\n","protected":false},"featured_media":96970,"template":"","meta":{"footnotes":""},"product_brand":[],"product_cat":[5960,6277],"product_tag":[],"class_list":{"0":"post-96969","1":"product","2":"type-product","3":"status-publish","4":"has-post-thumbnail","6":"product_cat-kovacka-oprema","7":"product_cat-kovacki-cavli-i-cepovi","9":"first","10":"instock","11":"shipping-taxable","12":"purchasable","13":"product-type-simple"},"yoast_head":"<!-- This site is optimized with the Yoast SEO plugin v27.3 - https:\/\/yoast.com\/product\/yoast-seo-wordpress\/ -->\n<title>\u010cepovi Mustad Vidia 5.1mm - Clair<\/title>\n<meta name=\"description\" content=\"Pru\u017eaju dodatno prianjanje potkovama. Koli\u010dina: 1 kom\" \/>\n<meta name=\"robots\" content=\"index, follow, max-snippet:-1, max-image-preview:large, max-video-preview:-1\" \/>\n<link rel=\"canonical\" href=\"https:\/\/clair.si\/hr\/izdelek\/cepovi-mustad-vidia-5-1mm\/\" \/>\n<meta property=\"og:locale\" content=\"hr_HR\" \/>\n<meta property=\"og:type\" content=\"article\" \/>\n<meta property=\"og:title\" content=\"\u010cepovi Mustad Vidia 5.1mm - Clair\" \/>\n<meta property=\"og:description\" content=\"Pru\u017eaju dodatno prianjanje potkovama. Koli\u010dina: 1 kom\" \/>\n<meta property=\"og:url\" content=\"https:\/\/clair.si\/hr\/izdelek\/cepovi-mustad-vidia-5-1mm\/\" \/>\n<meta property=\"og:site_name\" content=\"Clair\" \/>\n<meta property=\"article:publisher\" content=\"https:\/\/www.facebook.com\/TrgovinaClair\/\" \/>\n<meta property=\"article:modified_time\" content=\"2025-08-27T18:42:32+00:00\" \/>\n<meta property=\"og:image\" content=\"https:\/\/clair.si\/wp-content\/uploads\/2024\/01\/stole-vidia-5.1-mm-trgovina-clair-jpg.webp\" \/>\n\t<meta property=\"og:image:width\" content=\"400\" \/>\n\t<meta property=\"og:image:height\" content=\"400\" \/>\n\t<meta property=\"og:image:type\" content=\"image\/jpeg\" \/>\n<meta name=\"twitter:card\" content=\"summary_large_image\" \/>\n<script type=\"application\/ld+json\" class=\"yoast-schema-graph\">{\"@context\":\"https:\\\/\\\/schema.org\",\"@graph\":[{\"@type\":\"WebPage\",\"@id\":\"https:\\\/\\\/clair.si\\\/hr\\\/izdelek\\\/cepovi-mustad-vidia-5-1mm\\\/\",\"url\":\"https:\\\/\\\/clair.si\\\/hr\\\/izdelek\\\/cepovi-mustad-vidia-5-1mm\\\/\",\"name\":\"\u010cepovi Mustad Vidia 5.1mm - Clair\",\"isPartOf\":{\"@id\":\"https:\\\/\\\/clair.si\\\/#website\"},\"primaryImageOfPage\":{\"@id\":\"https:\\\/\\\/clair.si\\\/hr\\\/izdelek\\\/cepovi-mustad-vidia-5-1mm\\\/#primaryimage\"},\"image\":{\"@id\":\"https:\\\/\\\/clair.si\\\/hr\\\/izdelek\\\/cepovi-mustad-vidia-5-1mm\\\/#primaryimage\"},\"thumbnailUrl\":\"https:\\\/\\\/clair.si\\\/wp-content\\\/uploads\\\/2024\\\/01\\\/stole-vidia-5.1-mm-trgovina-clair-jpg.webp\",\"datePublished\":\"2024-01-21T14:28:12+00:00\",\"dateModified\":\"2025-08-27T18:42:32+00:00\",\"description\":\"Pru\u017eaju dodatno prianjanje potkovama. Koli\u010dina: 1 kom\",\"breadcrumb\":{\"@id\":\"https:\\\/\\\/clair.si\\\/hr\\\/izdelek\\\/cepovi-mustad-vidia-5-1mm\\\/#breadcrumb\"},\"inLanguage\":\"hr\",\"potentialAction\":[{\"@type\":\"ReadAction\",\"target\":[\"https:\\\/\\\/clair.si\\\/hr\\\/izdelek\\\/cepovi-mustad-vidia-5-1mm\\\/\"]}]},{\"@type\":\"ImageObject\",\"inLanguage\":\"hr\",\"@id\":\"https:\\\/\\\/clair.si\\\/hr\\\/izdelek\\\/cepovi-mustad-vidia-5-1mm\\\/#primaryimage\",\"url\":\"https:\\\/\\\/clair.si\\\/wp-content\\\/uploads\\\/2024\\\/01\\\/stole-vidia-5.1-mm-trgovina-clair-jpg.webp\",\"contentUrl\":\"https:\\\/\\\/clair.si\\\/wp-content\\\/uploads\\\/2024\\\/01\\\/stole-vidia-5.1-mm-trgovina-clair-jpg.webp\",\"width\":400,\"height\":400},{\"@type\":\"BreadcrumbList\",\"@id\":\"https:\\\/\\\/clair.si\\\/hr\\\/izdelek\\\/cepovi-mustad-vidia-5-1mm\\\/#breadcrumb\",\"itemListElement\":[{\"@type\":\"ListItem\",\"position\":1,\"name\":\"Home\",\"item\":\"https:\\\/\\\/clair.si\\\/hr\\\/\"},{\"@type\":\"ListItem\",\"position\":2,\"name\":\"Trgovina\",\"item\":\"https:\\\/\\\/clair.si\\\/trgovina\\\/\"},{\"@type\":\"ListItem\",\"position\":3,\"name\":\"\u010cepovi Mustad Vidia 5.1mm\"}]},{\"@type\":\"WebSite\",\"@id\":\"https:\\\/\\\/clair.si\\\/#website\",\"url\":\"https:\\\/\\\/clair.si\\\/\",\"name\":\"Clair\",\"description\":\"Trgovina s konjeni\u0161ko opremo\",\"publisher\":{\"@id\":\"https:\\\/\\\/clair.si\\\/#organization\"},\"potentialAction\":[{\"@type\":\"SearchAction\",\"target\":{\"@type\":\"EntryPoint\",\"urlTemplate\":\"https:\\\/\\\/clair.si\\\/?s={search_term_string}\"},\"query-input\":{\"@type\":\"PropertyValueSpecification\",\"valueRequired\":true,\"valueName\":\"search_term_string\"}}],\"inLanguage\":\"hr\"},{\"@type\":\"Organization\",\"@id\":\"https:\\\/\\\/clair.si\\\/#organization\",\"name\":\"Clair\",\"url\":\"https:\\\/\\\/clair.si\\\/\",\"logo\":{\"@type\":\"ImageObject\",\"inLanguage\":\"hr\",\"@id\":\"https:\\\/\\\/clair.si\\\/#\\\/schema\\\/logo\\\/image\\\/\",\"url\":\"https:\\\/\\\/clair.si\\\/wp-content\\\/uploads\\\/2022\\\/11\\\/clair_logo_2022.jpg\",\"contentUrl\":\"https:\\\/\\\/clair.si\\\/wp-content\\\/uploads\\\/2022\\\/11\\\/clair_logo_2022.jpg\",\"width\":1920,\"height\":1920,\"caption\":\"Clair\"},\"image\":{\"@id\":\"https:\\\/\\\/clair.si\\\/#\\\/schema\\\/logo\\\/image\\\/\"},\"sameAs\":[\"https:\\\/\\\/www.facebook.com\\\/TrgovinaClair\\\/\"]}]}<\/script>\n<!-- \/ Yoast SEO plugin. -->","yoast_head_json":{"title":"\u010cepovi Mustad Vidia 5.1mm - Clair","description":"Pru\u017eaju dodatno prianjanje potkovama. Koli\u010dina: 1 kom","robots":{"index":"index","follow":"follow","max-snippet":"max-snippet:-1","max-image-preview":"max-image-preview:large","max-video-preview":"max-video-preview:-1"},"canonical":"https:\/\/clair.si\/hr\/izdelek\/cepovi-mustad-vidia-5-1mm\/","og_locale":"hr_HR","og_type":"article","og_title":"\u010cepovi Mustad Vidia 5.1mm - Clair","og_description":"Pru\u017eaju dodatno prianjanje potkovama. Koli\u010dina: 1 kom","og_url":"https:\/\/clair.si\/hr\/izdelek\/cepovi-mustad-vidia-5-1mm\/","og_site_name":"Clair","article_publisher":"https:\/\/www.facebook.com\/TrgovinaClair\/","article_modified_time":"2025-08-27T18:42:32+00:00","og_image":[{"width":400,"height":400,"url":"https:\/\/clair.si\/wp-content\/uploads\/2024\/01\/stole-vidia-5.1-mm-trgovina-clair-jpg.webp","type":"image\/jpeg"}],"twitter_card":"summary_large_image","schema":{"@context":"https:\/\/schema.org","@graph":[{"@type":"WebPage","@id":"https:\/\/clair.si\/hr\/izdelek\/cepovi-mustad-vidia-5-1mm\/","url":"https:\/\/clair.si\/hr\/izdelek\/cepovi-mustad-vidia-5-1mm\/","name":"\u010cepovi Mustad Vidia 5.1mm - Clair","isPartOf":{"@id":"https:\/\/clair.si\/#website"},"primaryImageOfPage":{"@id":"https:\/\/clair.si\/hr\/izdelek\/cepovi-mustad-vidia-5-1mm\/#primaryimage"},"image":{"@id":"https:\/\/clair.si\/hr\/izdelek\/cepovi-mustad-vidia-5-1mm\/#primaryimage"},"thumbnailUrl":"https:\/\/clair.si\/wp-content\/uploads\/2024\/01\/stole-vidia-5.1-mm-trgovina-clair-jpg.webp","datePublished":"2024-01-21T14:28:12+00:00","dateModified":"2025-08-27T18:42:32+00:00","description":"Pru\u017eaju dodatno prianjanje potkovama. Koli\u010dina: 1 kom","breadcrumb":{"@id":"https:\/\/clair.si\/hr\/izdelek\/cepovi-mustad-vidia-5-1mm\/#breadcrumb"},"inLanguage":"hr","potentialAction":[{"@type":"ReadAction","target":["https:\/\/clair.si\/hr\/izdelek\/cepovi-mustad-vidia-5-1mm\/"]}]},{"@type":"ImageObject","inLanguage":"hr","@id":"https:\/\/clair.si\/hr\/izdelek\/cepovi-mustad-vidia-5-1mm\/#primaryimage","url":"https:\/\/clair.si\/wp-content\/uploads\/2024\/01\/stole-vidia-5.1-mm-trgovina-clair-jpg.webp","contentUrl":"https:\/\/clair.si\/wp-content\/uploads\/2024\/01\/stole-vidia-5.1-mm-trgovina-clair-jpg.webp","width":400,"height":400},{"@type":"BreadcrumbList","@id":"https:\/\/clair.si\/hr\/izdelek\/cepovi-mustad-vidia-5-1mm\/#breadcrumb","itemListElement":[{"@type":"ListItem","position":1,"name":"Home","item":"https:\/\/clair.si\/hr\/"},{"@type":"ListItem","position":2,"name":"Trgovina","item":"https:\/\/clair.si\/trgovina\/"},{"@type":"ListItem","position":3,"name":"\u010cepovi Mustad Vidia 5.1mm"}]},{"@type":"WebSite","@id":"https:\/\/clair.si\/#website","url":"https:\/\/clair.si\/","name":"Clair","description":"Trgovina s konjeni\u0161ko opremo","publisher":{"@id":"https:\/\/clair.si\/#organization"},"potentialAction":[{"@type":"SearchAction","target":{"@type":"EntryPoint","urlTemplate":"https:\/\/clair.si\/?s={search_term_string}"},"query-input":{"@type":"PropertyValueSpecification","valueRequired":true,"valueName":"search_term_string"}}],"inLanguage":"hr"},{"@type":"Organization","@id":"https:\/\/clair.si\/#organization","name":"Clair","url":"https:\/\/clair.si\/","logo":{"@type":"ImageObject","inLanguage":"hr","@id":"https:\/\/clair.si\/#\/schema\/logo\/image\/","url":"https:\/\/clair.si\/wp-content\/uploads\/2022\/11\/clair_logo_2022.jpg","contentUrl":"https:\/\/clair.si\/wp-content\/uploads\/2022\/11\/clair_logo_2022.jpg","width":1920,"height":1920,"caption":"Clair"},"image":{"@id":"https:\/\/clair.si\/#\/schema\/logo\/image\/"},"sameAs":["https:\/\/www.facebook.com\/TrgovinaClair\/"]}]}},"_links":{"self":[{"href":"https:\/\/clair.si\/hr\/wp-json\/wp\/v2\/product\/96969","targetHints":{"allow":["GET"]}}],"collection":[{"href":"https:\/\/clair.si\/hr\/wp-json\/wp\/v2\/product"}],"about":[{"href":"https:\/\/clair.si\/hr\/wp-json\/wp\/v2\/types\/product"}],"version-history":[{"count":0,"href":"https:\/\/clair.si\/hr\/wp-json\/wp\/v2\/product\/96969\/revisions"}],"wp:featuredmedia":[{"embeddable":true,"href":"https:\/\/clair.si\/hr\/wp-json\/wp\/v2\/media\/96970"}],"wp:attachment":[{"href":"https:\/\/clair.si\/hr\/wp-json\/wp\/v2\/media?parent=96969"}],"wp:term":[{"taxonomy":"product_brand","embeddable":true,"href":"https:\/\/clair.si\/hr\/wp-json\/wp\/v2\/product_brand?post=96969"},{"taxonomy":"product_cat","embeddable":true,"href":"https:\/\/clair.si\/hr\/wp-json\/wp\/v2\/product_cat?post=96969"},{"taxonomy":"product_tag","embeddable":true,"href":"https:\/\/clair.si\/hr\/wp-json\/wp\/v2\/product_tag?post=96969"}],"curies":[{"name":"wp","href":"https:\/\/api.w.org\/{rel}","templated":true}]}}