{"id":96971,"date":"2024-01-21T15:46:27","date_gmt":"2024-01-21T14:46:27","guid":{"rendered":"https:\/\/clair.si\/izdelek\/cepovi-za-potkove-mustad-plug-10\/"},"modified":"2025-08-27T20:42:34","modified_gmt":"2025-08-27T18:42:34","slug":"cepovi-za-potkove-mustad-plug-10","status":"publish","type":"product","link":"https:\/\/clair.si\/hr\/izdelek\/cepovi-za-potkove-mustad-plug-10\/","title":{"rendered":"\u010cepovi Mustad Plug 10"},"content":{"rendered":"<p><span class=\"HwtZe\" lang=\"sl\"><span class=\"jCAhz ChMk0b\"><span class=\"ryNqvb\"><strong>\u010cepove Mustad plug Drive-in 10<\/strong> su oblikovali kova\u010di u suradnji s jaha\u010dima.<\/span><\/span> <span class=\"jCAhz ChMk0b\"><span class=\"ryNqvb\">Kvalitetni \u010depovi Plug 10 osiguravaju dodatno prianjanje u razli\u010ditim uvjetima i produljuju \u017eivotni vijek potkove.<\/span><\/span><\/span><\/p>\n<p>Kako postaviti \u010depove u potkovu:<\/p>\n<p><span class=\"HwtZe\" lang=\"sl\"><span class=\"jCAhz ChMk0b\"><span class=\"ryNqvb\">1. korak. Bu\u0161enje &#8211; odaberite ispravnu veli\u010dinu svrdla za veli\u010dinu \u010depa i izbu\u0161ite rupu u potkovi <\/span><\/span><\/span><\/p>\n<p><span class=\"HwtZe\" lang=\"sl\"> <span class=\"jCAhz ChMk0b\"><span class=\"ryNqvb\">2. korak. Zabijte &#8211; postavite \u010dep u rupu i zabijte mekanim \u010deki\u0107em  <\/span><\/span><span class=\"jCAhz ChMk0b\"><span class=\"ryNqvb\">(ne koristite tvrdi \u010deki\u0107, jer mo\u017ee do\u0107i do okrhnu\u0107a).<br \/>\n<\/span><\/span><\/span><\/p>\n","protected":false},"excerpt":{"rendered":"<p><span class=\"HwtZe\" lang=\"sl\"><span class=\"jCAhz ChMk0b\"><span class=\"ryNqvb\">Kvalitetni \u010depovi Plug 10 osiguravaju dodatno prianjanje u razli\u010ditim uvjetima i produljuju \u017eivotni vijek potkovica.<\/span><\/span><\/span><\/p>\n<p><strong>Koli\u010dina: 1 kom<\/strong><\/p>\n","protected":false},"featured_media":96972,"template":"","meta":{"footnotes":""},"product_brand":[],"product_cat":[5960,6277],"product_tag":[],"class_list":{"0":"post-96971","1":"product","2":"type-product","3":"status-publish","4":"has-post-thumbnail","6":"product_cat-kovacka-oprema","7":"product_cat-kovacki-cavli-i-cepovi","9":"first","10":"instock","11":"shipping-taxable","12":"purchasable","13":"product-type-simple"},"yoast_head":"<!-- This site is optimized with the Yoast SEO plugin v27.3 - https:\/\/yoast.com\/product\/yoast-seo-wordpress\/ -->\n<title>\u010cepovi Mustad Plug 10 - Clair<\/title>\n<meta name=\"description\" content=\"Kvalitetni \u010depovi Plug 10 osiguravaju dodatno prianjanje u razli\u010ditim uvjetima i produljuju \u017eivotni vijek potkovica. Koli\u010dina: 1 kom\" \/>\n<meta name=\"robots\" content=\"index, follow, max-snippet:-1, max-image-preview:large, max-video-preview:-1\" \/>\n<link rel=\"canonical\" href=\"https:\/\/clair.si\/hr\/izdelek\/cepovi-za-potkove-mustad-plug-10\/\" \/>\n<meta property=\"og:locale\" content=\"hr_HR\" \/>\n<meta property=\"og:type\" content=\"article\" \/>\n<meta property=\"og:title\" content=\"\u010cepovi Mustad Plug 10 - Clair\" \/>\n<meta property=\"og:description\" content=\"Kvalitetni \u010depovi Plug 10 osiguravaju dodatno prianjanje u razli\u010ditim uvjetima i produljuju \u017eivotni vijek potkovica. Koli\u010dina: 1 kom\" \/>\n<meta property=\"og:url\" content=\"https:\/\/clair.si\/hr\/izdelek\/cepovi-za-potkove-mustad-plug-10\/\" \/>\n<meta property=\"og:site_name\" content=\"Clair\" \/>\n<meta property=\"article:publisher\" content=\"https:\/\/www.facebook.com\/TrgovinaClair\/\" \/>\n<meta property=\"article:modified_time\" content=\"2025-08-27T18:42:34+00:00\" \/>\n<meta property=\"og:image\" content=\"https:\/\/clair.si\/wp-content\/uploads\/2024\/01\/mustad-stole-plug-10-1-jpg.webp\" \/>\n\t<meta property=\"og:image:width\" content=\"500\" \/>\n\t<meta property=\"og:image:height\" content=\"500\" \/>\n\t<meta property=\"og:image:type\" content=\"image\/jpeg\" \/>\n<meta name=\"twitter:card\" content=\"summary_large_image\" \/>\n<script type=\"application\/ld+json\" class=\"yoast-schema-graph\">{\"@context\":\"https:\\\/\\\/schema.org\",\"@graph\":[{\"@type\":\"WebPage\",\"@id\":\"https:\\\/\\\/clair.si\\\/hr\\\/izdelek\\\/cepovi-za-potkove-mustad-plug-10\\\/\",\"url\":\"https:\\\/\\\/clair.si\\\/hr\\\/izdelek\\\/cepovi-za-potkove-mustad-plug-10\\\/\",\"name\":\"\u010cepovi Mustad Plug 10 - Clair\",\"isPartOf\":{\"@id\":\"https:\\\/\\\/clair.si\\\/#website\"},\"primaryImageOfPage\":{\"@id\":\"https:\\\/\\\/clair.si\\\/hr\\\/izdelek\\\/cepovi-za-potkove-mustad-plug-10\\\/#primaryimage\"},\"image\":{\"@id\":\"https:\\\/\\\/clair.si\\\/hr\\\/izdelek\\\/cepovi-za-potkove-mustad-plug-10\\\/#primaryimage\"},\"thumbnailUrl\":\"https:\\\/\\\/clair.si\\\/wp-content\\\/uploads\\\/2024\\\/01\\\/mustad-stole-plug-10-1-jpg.webp\",\"datePublished\":\"2024-01-21T14:46:27+00:00\",\"dateModified\":\"2025-08-27T18:42:34+00:00\",\"description\":\"Kvalitetni \u010depovi Plug 10 osiguravaju dodatno prianjanje u razli\u010ditim uvjetima i produljuju \u017eivotni vijek potkovica. Koli\u010dina: 1 kom\",\"breadcrumb\":{\"@id\":\"https:\\\/\\\/clair.si\\\/hr\\\/izdelek\\\/cepovi-za-potkove-mustad-plug-10\\\/#breadcrumb\"},\"inLanguage\":\"hr\",\"potentialAction\":[{\"@type\":\"ReadAction\",\"target\":[\"https:\\\/\\\/clair.si\\\/hr\\\/izdelek\\\/cepovi-za-potkove-mustad-plug-10\\\/\"]}]},{\"@type\":\"ImageObject\",\"inLanguage\":\"hr\",\"@id\":\"https:\\\/\\\/clair.si\\\/hr\\\/izdelek\\\/cepovi-za-potkove-mustad-plug-10\\\/#primaryimage\",\"url\":\"https:\\\/\\\/clair.si\\\/wp-content\\\/uploads\\\/2024\\\/01\\\/mustad-stole-plug-10-1-jpg.webp\",\"contentUrl\":\"https:\\\/\\\/clair.si\\\/wp-content\\\/uploads\\\/2024\\\/01\\\/mustad-stole-plug-10-1-jpg.webp\",\"width\":500,\"height\":500},{\"@type\":\"BreadcrumbList\",\"@id\":\"https:\\\/\\\/clair.si\\\/hr\\\/izdelek\\\/cepovi-za-potkove-mustad-plug-10\\\/#breadcrumb\",\"itemListElement\":[{\"@type\":\"ListItem\",\"position\":1,\"name\":\"Home\",\"item\":\"https:\\\/\\\/clair.si\\\/hr\\\/\"},{\"@type\":\"ListItem\",\"position\":2,\"name\":\"Trgovina\",\"item\":\"https:\\\/\\\/clair.si\\\/trgovina\\\/\"},{\"@type\":\"ListItem\",\"position\":3,\"name\":\"\u010cepovi Mustad Plug 10\"}]},{\"@type\":\"WebSite\",\"@id\":\"https:\\\/\\\/clair.si\\\/#website\",\"url\":\"https:\\\/\\\/clair.si\\\/\",\"name\":\"Clair\",\"description\":\"Trgovina s konjeni\u0161ko opremo\",\"publisher\":{\"@id\":\"https:\\\/\\\/clair.si\\\/#organization\"},\"potentialAction\":[{\"@type\":\"SearchAction\",\"target\":{\"@type\":\"EntryPoint\",\"urlTemplate\":\"https:\\\/\\\/clair.si\\\/?s={search_term_string}\"},\"query-input\":{\"@type\":\"PropertyValueSpecification\",\"valueRequired\":true,\"valueName\":\"search_term_string\"}}],\"inLanguage\":\"hr\"},{\"@type\":\"Organization\",\"@id\":\"https:\\\/\\\/clair.si\\\/#organization\",\"name\":\"Clair\",\"url\":\"https:\\\/\\\/clair.si\\\/\",\"logo\":{\"@type\":\"ImageObject\",\"inLanguage\":\"hr\",\"@id\":\"https:\\\/\\\/clair.si\\\/#\\\/schema\\\/logo\\\/image\\\/\",\"url\":\"https:\\\/\\\/clair.si\\\/wp-content\\\/uploads\\\/2022\\\/11\\\/clair_logo_2022.jpg\",\"contentUrl\":\"https:\\\/\\\/clair.si\\\/wp-content\\\/uploads\\\/2022\\\/11\\\/clair_logo_2022.jpg\",\"width\":1920,\"height\":1920,\"caption\":\"Clair\"},\"image\":{\"@id\":\"https:\\\/\\\/clair.si\\\/#\\\/schema\\\/logo\\\/image\\\/\"},\"sameAs\":[\"https:\\\/\\\/www.facebook.com\\\/TrgovinaClair\\\/\"]}]}<\/script>\n<!-- \/ Yoast SEO plugin. -->","yoast_head_json":{"title":"\u010cepovi Mustad Plug 10 - Clair","description":"Kvalitetni \u010depovi Plug 10 osiguravaju dodatno prianjanje u razli\u010ditim uvjetima i produljuju \u017eivotni vijek potkovica. Koli\u010dina: 1 kom","robots":{"index":"index","follow":"follow","max-snippet":"max-snippet:-1","max-image-preview":"max-image-preview:large","max-video-preview":"max-video-preview:-1"},"canonical":"https:\/\/clair.si\/hr\/izdelek\/cepovi-za-potkove-mustad-plug-10\/","og_locale":"hr_HR","og_type":"article","og_title":"\u010cepovi Mustad Plug 10 - Clair","og_description":"Kvalitetni \u010depovi Plug 10 osiguravaju dodatno prianjanje u razli\u010ditim uvjetima i produljuju \u017eivotni vijek potkovica. Koli\u010dina: 1 kom","og_url":"https:\/\/clair.si\/hr\/izdelek\/cepovi-za-potkove-mustad-plug-10\/","og_site_name":"Clair","article_publisher":"https:\/\/www.facebook.com\/TrgovinaClair\/","article_modified_time":"2025-08-27T18:42:34+00:00","og_image":[{"width":500,"height":500,"url":"https:\/\/clair.si\/wp-content\/uploads\/2024\/01\/mustad-stole-plug-10-1-jpg.webp","type":"image\/jpeg"}],"twitter_card":"summary_large_image","schema":{"@context":"https:\/\/schema.org","@graph":[{"@type":"WebPage","@id":"https:\/\/clair.si\/hr\/izdelek\/cepovi-za-potkove-mustad-plug-10\/","url":"https:\/\/clair.si\/hr\/izdelek\/cepovi-za-potkove-mustad-plug-10\/","name":"\u010cepovi Mustad Plug 10 - Clair","isPartOf":{"@id":"https:\/\/clair.si\/#website"},"primaryImageOfPage":{"@id":"https:\/\/clair.si\/hr\/izdelek\/cepovi-za-potkove-mustad-plug-10\/#primaryimage"},"image":{"@id":"https:\/\/clair.si\/hr\/izdelek\/cepovi-za-potkove-mustad-plug-10\/#primaryimage"},"thumbnailUrl":"https:\/\/clair.si\/wp-content\/uploads\/2024\/01\/mustad-stole-plug-10-1-jpg.webp","datePublished":"2024-01-21T14:46:27+00:00","dateModified":"2025-08-27T18:42:34+00:00","description":"Kvalitetni \u010depovi Plug 10 osiguravaju dodatno prianjanje u razli\u010ditim uvjetima i produljuju \u017eivotni vijek potkovica. Koli\u010dina: 1 kom","breadcrumb":{"@id":"https:\/\/clair.si\/hr\/izdelek\/cepovi-za-potkove-mustad-plug-10\/#breadcrumb"},"inLanguage":"hr","potentialAction":[{"@type":"ReadAction","target":["https:\/\/clair.si\/hr\/izdelek\/cepovi-za-potkove-mustad-plug-10\/"]}]},{"@type":"ImageObject","inLanguage":"hr","@id":"https:\/\/clair.si\/hr\/izdelek\/cepovi-za-potkove-mustad-plug-10\/#primaryimage","url":"https:\/\/clair.si\/wp-content\/uploads\/2024\/01\/mustad-stole-plug-10-1-jpg.webp","contentUrl":"https:\/\/clair.si\/wp-content\/uploads\/2024\/01\/mustad-stole-plug-10-1-jpg.webp","width":500,"height":500},{"@type":"BreadcrumbList","@id":"https:\/\/clair.si\/hr\/izdelek\/cepovi-za-potkove-mustad-plug-10\/#breadcrumb","itemListElement":[{"@type":"ListItem","position":1,"name":"Home","item":"https:\/\/clair.si\/hr\/"},{"@type":"ListItem","position":2,"name":"Trgovina","item":"https:\/\/clair.si\/trgovina\/"},{"@type":"ListItem","position":3,"name":"\u010cepovi Mustad Plug 10"}]},{"@type":"WebSite","@id":"https:\/\/clair.si\/#website","url":"https:\/\/clair.si\/","name":"Clair","description":"Trgovina s konjeni\u0161ko opremo","publisher":{"@id":"https:\/\/clair.si\/#organization"},"potentialAction":[{"@type":"SearchAction","target":{"@type":"EntryPoint","urlTemplate":"https:\/\/clair.si\/?s={search_term_string}"},"query-input":{"@type":"PropertyValueSpecification","valueRequired":true,"valueName":"search_term_string"}}],"inLanguage":"hr"},{"@type":"Organization","@id":"https:\/\/clair.si\/#organization","name":"Clair","url":"https:\/\/clair.si\/","logo":{"@type":"ImageObject","inLanguage":"hr","@id":"https:\/\/clair.si\/#\/schema\/logo\/image\/","url":"https:\/\/clair.si\/wp-content\/uploads\/2022\/11\/clair_logo_2022.jpg","contentUrl":"https:\/\/clair.si\/wp-content\/uploads\/2022\/11\/clair_logo_2022.jpg","width":1920,"height":1920,"caption":"Clair"},"image":{"@id":"https:\/\/clair.si\/#\/schema\/logo\/image\/"},"sameAs":["https:\/\/www.facebook.com\/TrgovinaClair\/"]}]}},"_links":{"self":[{"href":"https:\/\/clair.si\/hr\/wp-json\/wp\/v2\/product\/96971","targetHints":{"allow":["GET"]}}],"collection":[{"href":"https:\/\/clair.si\/hr\/wp-json\/wp\/v2\/product"}],"about":[{"href":"https:\/\/clair.si\/hr\/wp-json\/wp\/v2\/types\/product"}],"version-history":[{"count":0,"href":"https:\/\/clair.si\/hr\/wp-json\/wp\/v2\/product\/96971\/revisions"}],"wp:featuredmedia":[{"embeddable":true,"href":"https:\/\/clair.si\/hr\/wp-json\/wp\/v2\/media\/96972"}],"wp:attachment":[{"href":"https:\/\/clair.si\/hr\/wp-json\/wp\/v2\/media?parent=96971"}],"wp:term":[{"taxonomy":"product_brand","embeddable":true,"href":"https:\/\/clair.si\/hr\/wp-json\/wp\/v2\/product_brand?post=96971"},{"taxonomy":"product_cat","embeddable":true,"href":"https:\/\/clair.si\/hr\/wp-json\/wp\/v2\/product_cat?post=96971"},{"taxonomy":"product_tag","embeddable":true,"href":"https:\/\/clair.si\/hr\/wp-json\/wp\/v2\/product_tag?post=96971"}],"curies":[{"name":"wp","href":"https:\/\/api.w.org\/{rel}","templated":true}]}}