{"id":96982,"date":"2024-01-21T16:41:16","date_gmt":"2024-01-21T15:41:16","guid":{"rendered":"https:\/\/clair.si\/izdelek\/cavli-mustad-e-3-45mm\/"},"modified":"2025-11-16T13:04:11","modified_gmt":"2025-11-16T12:04:11","slug":"cavli-mustad-e-3-45mm","status":"publish","type":"product","link":"https:\/\/clair.si\/hr\/izdelek\/cavli-mustad-e-3-45mm\/","title":{"rendered":"\u010cavli Mustad E 3 &#8211; 45mm"},"content":{"rendered":"<p><strong>\u010cavli Mustad E 3 &#8211; 45mm &#8211;<\/strong><span class=\"HwtZe\" lang=\"sl\"><span class=\"jCAhz ChMk0b\"><span class=\"ryNqvb\"> klasi\u010dni \u010davao Mustad, dosljedan u svojoj zada\u0107i u svakom koraku.<\/span><\/span> <span class=\"jCAhz ChMk0b\"><span class=\"ryNqvb\">Ovaj je \u010davao temelj ponude i mo\u017ee se koristiti za mnoge razli\u010dite vrste konja i potkova, bez obzira koriste li se za razonodu ili za vrhunska natjecanja.<\/span><\/span> <span class=\"jCAhz ChMk0b\"><span class=\"ryNqvb\">\u010cavli\u0107 E odgovara svim potkovama s rupama u obliku slova V (Mustad LiBero) i obi\u010dnim rupama, a dostupan je u veli\u010dinama koje odgovaraju svakoj primjeni.<\/span><\/span><\/span><strong><br \/>\n<\/strong><\/p>\n<ul>\n<li><span class=\"HwtZe\" lang=\"sl\"><span class=\"jCAhz ChMk0b\"><span class=\"ryNqvb\">koristan u mnogim situacijama<\/span><\/span> <\/span><\/li>\n<li><span class=\"HwtZe\" lang=\"sl\"><span class=\"jCAhz ChMk0b\"><span class=\"ryNqvb\">fleksibilan, iako \u010dvrst \u010davao<\/span><\/span> <\/span><\/li>\n<li><span class=\"HwtZe\" lang=\"sl\"><span class=\"jCAhz ChMk0b\"><span class=\"ryNqvb\">jednostavan za kori\u0161tenje<\/span><\/span> <\/span><\/li>\n<li><span class=\"HwtZe\" lang=\"sl\"><span class=\"jCAhz ChMk0b\"><span class=\"ryNqvb\">malo predebeo za tanje stijenke kopita<\/span><\/span><\/span><\/li>\n<\/ul>\n<p>&nbsp;<\/p>\n","protected":false},"excerpt":{"rendered":"<p>Klasi\u010dni kova\u010dki \u010davao:<\/p>\n<ul>\n<li><span class=\"HwtZe\" lang=\"sl\"><span class=\"jCAhz ChMk0b\"><span class=\"ryNqvb\">koristan u mnogim situacijama<\/span><\/span> <\/span><\/li>\n<li><span class=\"HwtZe\" lang=\"sl\"><span class=\"jCAhz ChMk0b\"><span class=\"ryNqvb\">fleksibilan, iako \u010dvrst \u010davao<\/span><\/span> <\/span><\/li>\n<li><span class=\"HwtZe\" lang=\"sl\"><span class=\"jCAhz ChMk0b\"><span class=\"ryNqvb\">jednostavan za kori\u0161tenje<\/span><\/span> <\/span><\/li>\n<li><span class=\"HwtZe\" lang=\"sl\"><span class=\"jCAhz ChMk0b\"><span class=\"ryNqvb\">malo predebeo za tanje stijenke kopita<\/span><\/span><\/span><\/li>\n<\/ul>\n<p><strong> <\/strong><\/p>\n","protected":false},"featured_media":96980,"template":"","meta":{"footnotes":""},"product_brand":[],"product_cat":[5960,6277],"product_tag":[],"class_list":{"0":"post-96982","1":"product","2":"type-product","3":"status-publish","4":"has-post-thumbnail","6":"product_cat-kovacka-oprema","7":"product_cat-kovacki-cavli-i-cepovi","9":"first","10":"instock","11":"shipping-taxable","12":"purchasable","13":"product-type-variable"},"yoast_head":"<!-- This site is optimized with the Yoast SEO plugin v27.3 - https:\/\/yoast.com\/product\/yoast-seo-wordpress\/ -->\n<title>\u010cavli Mustad E 3 - 45mm - Clair<\/title>\n<meta name=\"description\" content=\"Klasi\u010dni kova\u010dki \u010davao:  koristan u mnogim situacijama  fleksibilan, iako \u010dvrst \u010davao  jednostavan za kori\u0161tenje  malo predebeo za tanje stijenke kopita\" \/>\n<meta name=\"robots\" content=\"index, follow, max-snippet:-1, max-image-preview:large, max-video-preview:-1\" \/>\n<link rel=\"canonical\" href=\"https:\/\/clair.si\/hr\/izdelek\/cavli-mustad-e-3-45mm\/\" \/>\n<meta property=\"og:locale\" content=\"hr_HR\" \/>\n<meta property=\"og:type\" content=\"article\" \/>\n<meta property=\"og:title\" content=\"\u010cavli Mustad E 3 - 45mm - Clair\" \/>\n<meta property=\"og:description\" content=\"Klasi\u010dni kova\u010dki \u010davao:  koristan u mnogim situacijama  fleksibilan, iako \u010dvrst \u010davao  jednostavan za kori\u0161tenje  malo predebeo za tanje stijenke kopita\" \/>\n<meta property=\"og:url\" content=\"https:\/\/clair.si\/hr\/izdelek\/cavli-mustad-e-3-45mm\/\" \/>\n<meta property=\"og:site_name\" content=\"Clair\" \/>\n<meta property=\"article:publisher\" content=\"https:\/\/www.facebook.com\/TrgovinaClair\/\" \/>\n<meta property=\"article:modified_time\" content=\"2025-11-16T12:04:11+00:00\" \/>\n<meta property=\"og:image\" content=\"https:\/\/clair.si\/wp-content\/uploads\/2024\/01\/Mustad_E_zeblji-za-kovanje-trgovina-clair-kovaska-oprema-jpg.webp\" \/>\n\t<meta property=\"og:image:width\" content=\"1600\" \/>\n\t<meta property=\"og:image:height\" content=\"1600\" \/>\n\t<meta property=\"og:image:type\" content=\"image\/jpeg\" \/>\n<meta name=\"twitter:card\" content=\"summary_large_image\" \/>\n<script type=\"application\/ld+json\" class=\"yoast-schema-graph\">{\"@context\":\"https:\\\/\\\/schema.org\",\"@graph\":[{\"@type\":\"WebPage\",\"@id\":\"https:\\\/\\\/clair.si\\\/hr\\\/izdelek\\\/cavli-mustad-e-3-45mm\\\/\",\"url\":\"https:\\\/\\\/clair.si\\\/hr\\\/izdelek\\\/cavli-mustad-e-3-45mm\\\/\",\"name\":\"\u010cavli Mustad E 3 - 45mm - Clair\",\"isPartOf\":{\"@id\":\"https:\\\/\\\/clair.si\\\/#website\"},\"primaryImageOfPage\":{\"@id\":\"https:\\\/\\\/clair.si\\\/hr\\\/izdelek\\\/cavli-mustad-e-3-45mm\\\/#primaryimage\"},\"image\":{\"@id\":\"https:\\\/\\\/clair.si\\\/hr\\\/izdelek\\\/cavli-mustad-e-3-45mm\\\/#primaryimage\"},\"thumbnailUrl\":\"https:\\\/\\\/clair.si\\\/wp-content\\\/uploads\\\/2024\\\/01\\\/Mustad_E_zeblji-za-kovanje-trgovina-clair-kovaska-oprema-jpg.webp\",\"datePublished\":\"2024-01-21T15:41:16+00:00\",\"dateModified\":\"2025-11-16T12:04:11+00:00\",\"description\":\"Klasi\u010dni kova\u010dki \u010davao: koristan u mnogim situacijama fleksibilan, iako \u010dvrst \u010davao jednostavan za kori\u0161tenje malo predebeo za tanje stijenke kopita\",\"breadcrumb\":{\"@id\":\"https:\\\/\\\/clair.si\\\/hr\\\/izdelek\\\/cavli-mustad-e-3-45mm\\\/#breadcrumb\"},\"inLanguage\":\"hr\",\"potentialAction\":[{\"@type\":\"ReadAction\",\"target\":[\"https:\\\/\\\/clair.si\\\/hr\\\/izdelek\\\/cavli-mustad-e-3-45mm\\\/\"]}]},{\"@type\":\"ImageObject\",\"inLanguage\":\"hr\",\"@id\":\"https:\\\/\\\/clair.si\\\/hr\\\/izdelek\\\/cavli-mustad-e-3-45mm\\\/#primaryimage\",\"url\":\"https:\\\/\\\/clair.si\\\/wp-content\\\/uploads\\\/2024\\\/01\\\/Mustad_E_zeblji-za-kovanje-trgovina-clair-kovaska-oprema-jpg.webp\",\"contentUrl\":\"https:\\\/\\\/clair.si\\\/wp-content\\\/uploads\\\/2024\\\/01\\\/Mustad_E_zeblji-za-kovanje-trgovina-clair-kovaska-oprema-jpg.webp\",\"width\":1600,\"height\":1600},{\"@type\":\"BreadcrumbList\",\"@id\":\"https:\\\/\\\/clair.si\\\/hr\\\/izdelek\\\/cavli-mustad-e-3-45mm\\\/#breadcrumb\",\"itemListElement\":[{\"@type\":\"ListItem\",\"position\":1,\"name\":\"Home\",\"item\":\"https:\\\/\\\/clair.si\\\/hr\\\/\"},{\"@type\":\"ListItem\",\"position\":2,\"name\":\"Trgovina\",\"item\":\"https:\\\/\\\/clair.si\\\/trgovina\\\/\"},{\"@type\":\"ListItem\",\"position\":3,\"name\":\"\u010cavli Mustad E 3 &#8211; 45mm\"}]},{\"@type\":\"WebSite\",\"@id\":\"https:\\\/\\\/clair.si\\\/#website\",\"url\":\"https:\\\/\\\/clair.si\\\/\",\"name\":\"Clair\",\"description\":\"Trgovina s konjeni\u0161ko opremo\",\"publisher\":{\"@id\":\"https:\\\/\\\/clair.si\\\/#organization\"},\"potentialAction\":[{\"@type\":\"SearchAction\",\"target\":{\"@type\":\"EntryPoint\",\"urlTemplate\":\"https:\\\/\\\/clair.si\\\/?s={search_term_string}\"},\"query-input\":{\"@type\":\"PropertyValueSpecification\",\"valueRequired\":true,\"valueName\":\"search_term_string\"}}],\"inLanguage\":\"hr\"},{\"@type\":\"Organization\",\"@id\":\"https:\\\/\\\/clair.si\\\/#organization\",\"name\":\"Clair\",\"url\":\"https:\\\/\\\/clair.si\\\/\",\"logo\":{\"@type\":\"ImageObject\",\"inLanguage\":\"hr\",\"@id\":\"https:\\\/\\\/clair.si\\\/#\\\/schema\\\/logo\\\/image\\\/\",\"url\":\"https:\\\/\\\/clair.si\\\/wp-content\\\/uploads\\\/2022\\\/11\\\/clair_logo_2022.jpg\",\"contentUrl\":\"https:\\\/\\\/clair.si\\\/wp-content\\\/uploads\\\/2022\\\/11\\\/clair_logo_2022.jpg\",\"width\":1920,\"height\":1920,\"caption\":\"Clair\"},\"image\":{\"@id\":\"https:\\\/\\\/clair.si\\\/#\\\/schema\\\/logo\\\/image\\\/\"},\"sameAs\":[\"https:\\\/\\\/www.facebook.com\\\/TrgovinaClair\\\/\"]}]}<\/script>\n<!-- \/ Yoast SEO plugin. -->","yoast_head_json":{"title":"\u010cavli Mustad E 3 - 45mm - Clair","description":"Klasi\u010dni kova\u010dki \u010davao:  koristan u mnogim situacijama  fleksibilan, iako \u010dvrst \u010davao  jednostavan za kori\u0161tenje  malo predebeo za tanje stijenke kopita","robots":{"index":"index","follow":"follow","max-snippet":"max-snippet:-1","max-image-preview":"max-image-preview:large","max-video-preview":"max-video-preview:-1"},"canonical":"https:\/\/clair.si\/hr\/izdelek\/cavli-mustad-e-3-45mm\/","og_locale":"hr_HR","og_type":"article","og_title":"\u010cavli Mustad E 3 - 45mm - Clair","og_description":"Klasi\u010dni kova\u010dki \u010davao:  koristan u mnogim situacijama  fleksibilan, iako \u010dvrst \u010davao  jednostavan za kori\u0161tenje  malo predebeo za tanje stijenke kopita","og_url":"https:\/\/clair.si\/hr\/izdelek\/cavli-mustad-e-3-45mm\/","og_site_name":"Clair","article_publisher":"https:\/\/www.facebook.com\/TrgovinaClair\/","article_modified_time":"2025-11-16T12:04:11+00:00","og_image":[{"width":1600,"height":1600,"url":"https:\/\/clair.si\/wp-content\/uploads\/2024\/01\/Mustad_E_zeblji-za-kovanje-trgovina-clair-kovaska-oprema-jpg.webp","type":"image\/jpeg"}],"twitter_card":"summary_large_image","schema":{"@context":"https:\/\/schema.org","@graph":[{"@type":"WebPage","@id":"https:\/\/clair.si\/hr\/izdelek\/cavli-mustad-e-3-45mm\/","url":"https:\/\/clair.si\/hr\/izdelek\/cavli-mustad-e-3-45mm\/","name":"\u010cavli Mustad E 3 - 45mm - Clair","isPartOf":{"@id":"https:\/\/clair.si\/#website"},"primaryImageOfPage":{"@id":"https:\/\/clair.si\/hr\/izdelek\/cavli-mustad-e-3-45mm\/#primaryimage"},"image":{"@id":"https:\/\/clair.si\/hr\/izdelek\/cavli-mustad-e-3-45mm\/#primaryimage"},"thumbnailUrl":"https:\/\/clair.si\/wp-content\/uploads\/2024\/01\/Mustad_E_zeblji-za-kovanje-trgovina-clair-kovaska-oprema-jpg.webp","datePublished":"2024-01-21T15:41:16+00:00","dateModified":"2025-11-16T12:04:11+00:00","description":"Klasi\u010dni kova\u010dki \u010davao: koristan u mnogim situacijama fleksibilan, iako \u010dvrst \u010davao jednostavan za kori\u0161tenje malo predebeo za tanje stijenke kopita","breadcrumb":{"@id":"https:\/\/clair.si\/hr\/izdelek\/cavli-mustad-e-3-45mm\/#breadcrumb"},"inLanguage":"hr","potentialAction":[{"@type":"ReadAction","target":["https:\/\/clair.si\/hr\/izdelek\/cavli-mustad-e-3-45mm\/"]}]},{"@type":"ImageObject","inLanguage":"hr","@id":"https:\/\/clair.si\/hr\/izdelek\/cavli-mustad-e-3-45mm\/#primaryimage","url":"https:\/\/clair.si\/wp-content\/uploads\/2024\/01\/Mustad_E_zeblji-za-kovanje-trgovina-clair-kovaska-oprema-jpg.webp","contentUrl":"https:\/\/clair.si\/wp-content\/uploads\/2024\/01\/Mustad_E_zeblji-za-kovanje-trgovina-clair-kovaska-oprema-jpg.webp","width":1600,"height":1600},{"@type":"BreadcrumbList","@id":"https:\/\/clair.si\/hr\/izdelek\/cavli-mustad-e-3-45mm\/#breadcrumb","itemListElement":[{"@type":"ListItem","position":1,"name":"Home","item":"https:\/\/clair.si\/hr\/"},{"@type":"ListItem","position":2,"name":"Trgovina","item":"https:\/\/clair.si\/trgovina\/"},{"@type":"ListItem","position":3,"name":"\u010cavli Mustad E 3 &#8211; 45mm"}]},{"@type":"WebSite","@id":"https:\/\/clair.si\/#website","url":"https:\/\/clair.si\/","name":"Clair","description":"Trgovina s konjeni\u0161ko opremo","publisher":{"@id":"https:\/\/clair.si\/#organization"},"potentialAction":[{"@type":"SearchAction","target":{"@type":"EntryPoint","urlTemplate":"https:\/\/clair.si\/?s={search_term_string}"},"query-input":{"@type":"PropertyValueSpecification","valueRequired":true,"valueName":"search_term_string"}}],"inLanguage":"hr"},{"@type":"Organization","@id":"https:\/\/clair.si\/#organization","name":"Clair","url":"https:\/\/clair.si\/","logo":{"@type":"ImageObject","inLanguage":"hr","@id":"https:\/\/clair.si\/#\/schema\/logo\/image\/","url":"https:\/\/clair.si\/wp-content\/uploads\/2022\/11\/clair_logo_2022.jpg","contentUrl":"https:\/\/clair.si\/wp-content\/uploads\/2022\/11\/clair_logo_2022.jpg","width":1920,"height":1920,"caption":"Clair"},"image":{"@id":"https:\/\/clair.si\/#\/schema\/logo\/image\/"},"sameAs":["https:\/\/www.facebook.com\/TrgovinaClair\/"]}]}},"_links":{"self":[{"href":"https:\/\/clair.si\/hr\/wp-json\/wp\/v2\/product\/96982","targetHints":{"allow":["GET"]}}],"collection":[{"href":"https:\/\/clair.si\/hr\/wp-json\/wp\/v2\/product"}],"about":[{"href":"https:\/\/clair.si\/hr\/wp-json\/wp\/v2\/types\/product"}],"version-history":[{"count":0,"href":"https:\/\/clair.si\/hr\/wp-json\/wp\/v2\/product\/96982\/revisions"}],"wp:featuredmedia":[{"embeddable":true,"href":"https:\/\/clair.si\/hr\/wp-json\/wp\/v2\/media\/96980"}],"wp:attachment":[{"href":"https:\/\/clair.si\/hr\/wp-json\/wp\/v2\/media?parent=96982"}],"wp:term":[{"taxonomy":"product_brand","embeddable":true,"href":"https:\/\/clair.si\/hr\/wp-json\/wp\/v2\/product_brand?post=96982"},{"taxonomy":"product_cat","embeddable":true,"href":"https:\/\/clair.si\/hr\/wp-json\/wp\/v2\/product_cat?post=96982"},{"taxonomy":"product_tag","embeddable":true,"href":"https:\/\/clair.si\/hr\/wp-json\/wp\/v2\/product_tag?post=96982"}],"curies":[{"name":"wp","href":"https:\/\/api.w.org\/{rel}","templated":true}]}}