{"id":97006,"date":"2024-01-21T12:43:34","date_gmt":"2024-01-21T11:43:34","guid":{"rendered":"https:\/\/clair.si\/izdelek\/ulje-za-kopita-kevin-bacons-liquid\/"},"modified":"2025-08-27T21:52:59","modified_gmt":"2025-08-27T19:52:59","slug":"ulje-za-kopita-kevin-bacons-liquid","status":"publish","type":"product","link":"https:\/\/clair.si\/hr\/izdelek\/ulje-za-kopita-kevin-bacons-liquid\/","title":{"rendered":"Ulje za kopita Kevin Bacon&#8217;s Liquid"},"content":{"rendered":"<p><strong>Ulje za kopita Kevin Bacon&#8217;s Liquid &#8211; t<\/strong><span class=\"HwtZe\" lang=\"sl\"><span class=\"jCAhz ChMk0b\"><span class=\"ryNqvb\">eko\u0107i premaz za kopita Kevin Bacon&#8217;s nova je verzija popularnog originalnog premaza za kopita, ali se lako nanosi \u010detkom (koja je prilo\u017eena).<\/span><\/span> <span class=\"jCAhz ChMk0b\"><span class=\"ryNqvb\">I dalje s istom 100% prirodnom formulacijom \u017eivotinjskih masti i balzamom od svje\u017eih listova lovora koji su macerirani kako bi oslobodili svoje aktivne tvari i proizvedeni tradicionalnim metodama.<\/span><\/span> <\/span> <\/p>\n<p><span class=\"HwtZe\" lang=\"sl\"><span class=\"jCAhz ChMk0b\"><span class=\"ryNqvb\">Ovaj premaz za kopita idealan je za nestabilne vremenske uvjete jer \u0161titi kopita od zasi\u0107enja u mokrim uvjetima i osigurava vlagu u suhim uvjetima.<\/span><\/span> <span class=\"jCAhz ChMk0b\"><span class=\"ryNqvb\">Tako\u0111er \u0107e odr\u017eati elasti\u010dan i fleksibilan potplat kopita te sprije\u010diti pucanje.<\/span><\/span> <\/span><\/p>\n<p><span class=\"HwtZe\" lang=\"sl\"><span class=\"jCAhz ChMk0b\"><span class=\"ryNqvb\">Njegova za\u0161titna barijera poma\u017ee u odr\u017eavanju kopita bez bakterija, \u0161to poti\u010de zdrav rast.<\/span><\/span> <\/span><\/p>\n<p><span class=\"HwtZe\" lang=\"sl\"><span class=\"jCAhz ChMk0b\"><span class=\"ryNqvb\"><strong>Uporaba<\/strong>: <\/span><\/span><\/span><span class=\"HwtZe\" lang=\"sl\"><span class=\"jCAhz ChMk0b\"><span class=\"ryNqvb\">Nanesite premaz za kopita na stijenku kopita i potplat tri do \u010detiri puta tjedno.<\/span><\/span><\/span><strong><br \/>\n<\/strong><\/p>\n<p><strong>Sastav<\/strong>: biljna ulja, lanolin, antiseptici, lovor, p\u010delinji vosak<\/p>\n<p><strong>Koli\u010dina: 1 L<\/strong><\/p>\n","protected":false},"excerpt":{"rendered":"<p><strong><span class=\"HwtZe\" lang=\"sl\"><span class=\"jCAhz ChMk0b\"><span class=\"ryNqvb\">Premaz za kopita, idealan za nestabilne vremenske uvjete jer \u0161titi kopita od zasi\u0107enja u mokrim uvjetima i osigurava vlagu u suhim uvjetima.<\/span><\/span> <\/span><\/strong><\/p>\n<p><strong>Koli\u010dina: 1 L<\/strong><\/p>\n","protected":false},"featured_media":97007,"template":"","meta":{"footnotes":""},"product_brand":[],"product_cat":[6113,5624,5960,5677,5873,5625,5882,5627],"product_tag":[],"class_list":{"0":"post-97006","1":"product","2":"type-product","3":"status-publish","4":"has-post-thumbnail","6":"product_cat-druga-kovacka-oprema","7":"product_cat-konj-hr","8":"product_cat-kovacka-oprema","9":"product_cat-kozmetika-za-konje-hr-2","10":"product_cat-njega-i-zdravlje-kopita","11":"product_cat-njega-konja","12":"product_cat-njega-kopita","13":"product_cat-stala-i-pasnjak","15":"first","16":"instock","17":"shipping-taxable","18":"purchasable","19":"product-type-simple"},"yoast_head":"<!-- This site is optimized with the Yoast SEO plugin v27.3 - https:\/\/yoast.com\/product\/yoast-seo-wordpress\/ -->\n<title>Ulje za kopita Kevin Bacon&#039;s Liquid - Clair<\/title>\n<meta name=\"description\" content=\"Premaz za kopita, idealan za nestabilne vremenske uvjete jer \u0161titi kopita od zasi\u0107enja u mokrim uvjetima i osigurava vlagu u suhim uvjetima.  Koli\u010dina: 1 L\" \/>\n<meta name=\"robots\" content=\"index, follow, max-snippet:-1, max-image-preview:large, max-video-preview:-1\" \/>\n<link rel=\"canonical\" href=\"https:\/\/clair.si\/hr\/izdelek\/ulje-za-kopita-kevin-bacons-liquid\/\" \/>\n<meta property=\"og:locale\" content=\"hr_HR\" \/>\n<meta property=\"og:type\" content=\"article\" \/>\n<meta property=\"og:title\" content=\"Ulje za kopita Kevin Bacon&#039;s Liquid - Clair\" \/>\n<meta property=\"og:description\" content=\"Premaz za kopita, idealan za nestabilne vremenske uvjete jer \u0161titi kopita od zasi\u0107enja u mokrim uvjetima i osigurava vlagu u suhim uvjetima.  Koli\u010dina: 1 L\" \/>\n<meta property=\"og:url\" content=\"https:\/\/clair.si\/hr\/izdelek\/ulje-za-kopita-kevin-bacons-liquid\/\" \/>\n<meta property=\"og:site_name\" content=\"Clair\" \/>\n<meta property=\"article:publisher\" content=\"https:\/\/www.facebook.com\/TrgovinaClair\/\" \/>\n<meta property=\"article:modified_time\" content=\"2025-08-27T19:52:59+00:00\" \/>\n<meta property=\"og:image\" content=\"https:\/\/clair.si\/wp-content\/uploads\/2024\/01\/kevin-bacon-s-olje-za-kopita-trgovina-clair-jpg.webp\" \/>\n\t<meta property=\"og:image:width\" content=\"800\" \/>\n\t<meta property=\"og:image:height\" content=\"800\" \/>\n\t<meta property=\"og:image:type\" content=\"image\/jpeg\" \/>\n<meta name=\"twitter:card\" content=\"summary_large_image\" \/>\n<meta name=\"twitter:label1\" content=\"Procijenjeno vrijeme \u010ditanja\" \/>\n\t<meta name=\"twitter:data1\" content=\"1 minuta\" \/>\n<script type=\"application\/ld+json\" class=\"yoast-schema-graph\">{\"@context\":\"https:\\\/\\\/schema.org\",\"@graph\":[{\"@type\":\"WebPage\",\"@id\":\"https:\\\/\\\/clair.si\\\/hr\\\/izdelek\\\/ulje-za-kopita-kevin-bacons-liquid\\\/\",\"url\":\"https:\\\/\\\/clair.si\\\/hr\\\/izdelek\\\/ulje-za-kopita-kevin-bacons-liquid\\\/\",\"name\":\"Ulje za kopita Kevin Bacon's Liquid - Clair\",\"isPartOf\":{\"@id\":\"https:\\\/\\\/clair.si\\\/#website\"},\"primaryImageOfPage\":{\"@id\":\"https:\\\/\\\/clair.si\\\/hr\\\/izdelek\\\/ulje-za-kopita-kevin-bacons-liquid\\\/#primaryimage\"},\"image\":{\"@id\":\"https:\\\/\\\/clair.si\\\/hr\\\/izdelek\\\/ulje-za-kopita-kevin-bacons-liquid\\\/#primaryimage\"},\"thumbnailUrl\":\"https:\\\/\\\/clair.si\\\/wp-content\\\/uploads\\\/2024\\\/01\\\/kevin-bacon-s-olje-za-kopita-trgovina-clair-jpg.webp\",\"datePublished\":\"2024-01-21T11:43:34+00:00\",\"dateModified\":\"2025-08-27T19:52:59+00:00\",\"description\":\"Premaz za kopita, idealan za nestabilne vremenske uvjete jer \u0161titi kopita od zasi\u0107enja u mokrim uvjetima i osigurava vlagu u suhim uvjetima. Koli\u010dina: 1 L\",\"breadcrumb\":{\"@id\":\"https:\\\/\\\/clair.si\\\/hr\\\/izdelek\\\/ulje-za-kopita-kevin-bacons-liquid\\\/#breadcrumb\"},\"inLanguage\":\"hr\",\"potentialAction\":[{\"@type\":\"ReadAction\",\"target\":[\"https:\\\/\\\/clair.si\\\/hr\\\/izdelek\\\/ulje-za-kopita-kevin-bacons-liquid\\\/\"]}]},{\"@type\":\"ImageObject\",\"inLanguage\":\"hr\",\"@id\":\"https:\\\/\\\/clair.si\\\/hr\\\/izdelek\\\/ulje-za-kopita-kevin-bacons-liquid\\\/#primaryimage\",\"url\":\"https:\\\/\\\/clair.si\\\/wp-content\\\/uploads\\\/2024\\\/01\\\/kevin-bacon-s-olje-za-kopita-trgovina-clair-jpg.webp\",\"contentUrl\":\"https:\\\/\\\/clair.si\\\/wp-content\\\/uploads\\\/2024\\\/01\\\/kevin-bacon-s-olje-za-kopita-trgovina-clair-jpg.webp\",\"width\":800,\"height\":800},{\"@type\":\"BreadcrumbList\",\"@id\":\"https:\\\/\\\/clair.si\\\/hr\\\/izdelek\\\/ulje-za-kopita-kevin-bacons-liquid\\\/#breadcrumb\",\"itemListElement\":[{\"@type\":\"ListItem\",\"position\":1,\"name\":\"Home\",\"item\":\"https:\\\/\\\/clair.si\\\/hr\\\/\"},{\"@type\":\"ListItem\",\"position\":2,\"name\":\"Trgovina\",\"item\":\"https:\\\/\\\/clair.si\\\/trgovina\\\/\"},{\"@type\":\"ListItem\",\"position\":3,\"name\":\"Ulje za kopita Kevin Bacon&#8217;s Liquid\"}]},{\"@type\":\"WebSite\",\"@id\":\"https:\\\/\\\/clair.si\\\/#website\",\"url\":\"https:\\\/\\\/clair.si\\\/\",\"name\":\"Clair\",\"description\":\"Trgovina s konjeni\u0161ko opremo\",\"publisher\":{\"@id\":\"https:\\\/\\\/clair.si\\\/#organization\"},\"potentialAction\":[{\"@type\":\"SearchAction\",\"target\":{\"@type\":\"EntryPoint\",\"urlTemplate\":\"https:\\\/\\\/clair.si\\\/?s={search_term_string}\"},\"query-input\":{\"@type\":\"PropertyValueSpecification\",\"valueRequired\":true,\"valueName\":\"search_term_string\"}}],\"inLanguage\":\"hr\"},{\"@type\":\"Organization\",\"@id\":\"https:\\\/\\\/clair.si\\\/#organization\",\"name\":\"Clair\",\"url\":\"https:\\\/\\\/clair.si\\\/\",\"logo\":{\"@type\":\"ImageObject\",\"inLanguage\":\"hr\",\"@id\":\"https:\\\/\\\/clair.si\\\/#\\\/schema\\\/logo\\\/image\\\/\",\"url\":\"https:\\\/\\\/clair.si\\\/wp-content\\\/uploads\\\/2022\\\/11\\\/clair_logo_2022.jpg\",\"contentUrl\":\"https:\\\/\\\/clair.si\\\/wp-content\\\/uploads\\\/2022\\\/11\\\/clair_logo_2022.jpg\",\"width\":1920,\"height\":1920,\"caption\":\"Clair\"},\"image\":{\"@id\":\"https:\\\/\\\/clair.si\\\/#\\\/schema\\\/logo\\\/image\\\/\"},\"sameAs\":[\"https:\\\/\\\/www.facebook.com\\\/TrgovinaClair\\\/\"]}]}<\/script>\n<!-- \/ Yoast SEO plugin. -->","yoast_head_json":{"title":"Ulje za kopita Kevin Bacon's Liquid - Clair","description":"Premaz za kopita, idealan za nestabilne vremenske uvjete jer \u0161titi kopita od zasi\u0107enja u mokrim uvjetima i osigurava vlagu u suhim uvjetima.  Koli\u010dina: 1 L","robots":{"index":"index","follow":"follow","max-snippet":"max-snippet:-1","max-image-preview":"max-image-preview:large","max-video-preview":"max-video-preview:-1"},"canonical":"https:\/\/clair.si\/hr\/izdelek\/ulje-za-kopita-kevin-bacons-liquid\/","og_locale":"hr_HR","og_type":"article","og_title":"Ulje za kopita Kevin Bacon's Liquid - Clair","og_description":"Premaz za kopita, idealan za nestabilne vremenske uvjete jer \u0161titi kopita od zasi\u0107enja u mokrim uvjetima i osigurava vlagu u suhim uvjetima.  Koli\u010dina: 1 L","og_url":"https:\/\/clair.si\/hr\/izdelek\/ulje-za-kopita-kevin-bacons-liquid\/","og_site_name":"Clair","article_publisher":"https:\/\/www.facebook.com\/TrgovinaClair\/","article_modified_time":"2025-08-27T19:52:59+00:00","og_image":[{"width":800,"height":800,"url":"https:\/\/clair.si\/wp-content\/uploads\/2024\/01\/kevin-bacon-s-olje-za-kopita-trgovina-clair-jpg.webp","type":"image\/jpeg"}],"twitter_card":"summary_large_image","twitter_misc":{"Procijenjeno vrijeme \u010ditanja":"1 minuta"},"schema":{"@context":"https:\/\/schema.org","@graph":[{"@type":"WebPage","@id":"https:\/\/clair.si\/hr\/izdelek\/ulje-za-kopita-kevin-bacons-liquid\/","url":"https:\/\/clair.si\/hr\/izdelek\/ulje-za-kopita-kevin-bacons-liquid\/","name":"Ulje za kopita Kevin Bacon's Liquid - Clair","isPartOf":{"@id":"https:\/\/clair.si\/#website"},"primaryImageOfPage":{"@id":"https:\/\/clair.si\/hr\/izdelek\/ulje-za-kopita-kevin-bacons-liquid\/#primaryimage"},"image":{"@id":"https:\/\/clair.si\/hr\/izdelek\/ulje-za-kopita-kevin-bacons-liquid\/#primaryimage"},"thumbnailUrl":"https:\/\/clair.si\/wp-content\/uploads\/2024\/01\/kevin-bacon-s-olje-za-kopita-trgovina-clair-jpg.webp","datePublished":"2024-01-21T11:43:34+00:00","dateModified":"2025-08-27T19:52:59+00:00","description":"Premaz za kopita, idealan za nestabilne vremenske uvjete jer \u0161titi kopita od zasi\u0107enja u mokrim uvjetima i osigurava vlagu u suhim uvjetima. Koli\u010dina: 1 L","breadcrumb":{"@id":"https:\/\/clair.si\/hr\/izdelek\/ulje-za-kopita-kevin-bacons-liquid\/#breadcrumb"},"inLanguage":"hr","potentialAction":[{"@type":"ReadAction","target":["https:\/\/clair.si\/hr\/izdelek\/ulje-za-kopita-kevin-bacons-liquid\/"]}]},{"@type":"ImageObject","inLanguage":"hr","@id":"https:\/\/clair.si\/hr\/izdelek\/ulje-za-kopita-kevin-bacons-liquid\/#primaryimage","url":"https:\/\/clair.si\/wp-content\/uploads\/2024\/01\/kevin-bacon-s-olje-za-kopita-trgovina-clair-jpg.webp","contentUrl":"https:\/\/clair.si\/wp-content\/uploads\/2024\/01\/kevin-bacon-s-olje-za-kopita-trgovina-clair-jpg.webp","width":800,"height":800},{"@type":"BreadcrumbList","@id":"https:\/\/clair.si\/hr\/izdelek\/ulje-za-kopita-kevin-bacons-liquid\/#breadcrumb","itemListElement":[{"@type":"ListItem","position":1,"name":"Home","item":"https:\/\/clair.si\/hr\/"},{"@type":"ListItem","position":2,"name":"Trgovina","item":"https:\/\/clair.si\/trgovina\/"},{"@type":"ListItem","position":3,"name":"Ulje za kopita Kevin Bacon&#8217;s Liquid"}]},{"@type":"WebSite","@id":"https:\/\/clair.si\/#website","url":"https:\/\/clair.si\/","name":"Clair","description":"Trgovina s konjeni\u0161ko opremo","publisher":{"@id":"https:\/\/clair.si\/#organization"},"potentialAction":[{"@type":"SearchAction","target":{"@type":"EntryPoint","urlTemplate":"https:\/\/clair.si\/?s={search_term_string}"},"query-input":{"@type":"PropertyValueSpecification","valueRequired":true,"valueName":"search_term_string"}}],"inLanguage":"hr"},{"@type":"Organization","@id":"https:\/\/clair.si\/#organization","name":"Clair","url":"https:\/\/clair.si\/","logo":{"@type":"ImageObject","inLanguage":"hr","@id":"https:\/\/clair.si\/#\/schema\/logo\/image\/","url":"https:\/\/clair.si\/wp-content\/uploads\/2022\/11\/clair_logo_2022.jpg","contentUrl":"https:\/\/clair.si\/wp-content\/uploads\/2022\/11\/clair_logo_2022.jpg","width":1920,"height":1920,"caption":"Clair"},"image":{"@id":"https:\/\/clair.si\/#\/schema\/logo\/image\/"},"sameAs":["https:\/\/www.facebook.com\/TrgovinaClair\/"]}]}},"_links":{"self":[{"href":"https:\/\/clair.si\/hr\/wp-json\/wp\/v2\/product\/97006","targetHints":{"allow":["GET"]}}],"collection":[{"href":"https:\/\/clair.si\/hr\/wp-json\/wp\/v2\/product"}],"about":[{"href":"https:\/\/clair.si\/hr\/wp-json\/wp\/v2\/types\/product"}],"version-history":[{"count":0,"href":"https:\/\/clair.si\/hr\/wp-json\/wp\/v2\/product\/97006\/revisions"}],"wp:featuredmedia":[{"embeddable":true,"href":"https:\/\/clair.si\/hr\/wp-json\/wp\/v2\/media\/97007"}],"wp:attachment":[{"href":"https:\/\/clair.si\/hr\/wp-json\/wp\/v2\/media?parent=97006"}],"wp:term":[{"taxonomy":"product_brand","embeddable":true,"href":"https:\/\/clair.si\/hr\/wp-json\/wp\/v2\/product_brand?post=97006"},{"taxonomy":"product_cat","embeddable":true,"href":"https:\/\/clair.si\/hr\/wp-json\/wp\/v2\/product_cat?post=97006"},{"taxonomy":"product_tag","embeddable":true,"href":"https:\/\/clair.si\/hr\/wp-json\/wp\/v2\/product_tag?post=97006"}],"curies":[{"name":"wp","href":"https:\/\/api.w.org\/{rel}","templated":true}]}}