{"id":97009,"date":"2024-01-21T14:44:57","date_gmt":"2024-01-21T13:44:57","guid":{"rendered":"https:\/\/clair.si\/izdelek\/potkova-mustad-libero-22x8-1c-prednja-1\/"},"modified":"2025-08-27T20:43:22","modified_gmt":"2025-08-27T18:43:22","slug":"potkova-mustad-libero-22x8-1c-prednja-1","status":"publish","type":"product","link":"https:\/\/clair.si\/hr\/izdelek\/potkova-mustad-libero-22x8-1c-prednja-1\/","title":{"rendered":"Potkova Mustad LiBero 22&#215;8 1C prednja 1"},"content":{"rendered":"<p><strong>Potkova Mustad LiBero 22&#215;8 1C prednja 1<\/strong> &#8211;<span class=\"HwtZe\" lang=\"sl\"><span class=\"jCAhz ChMk0b\"><span class=\"ryNqvb\"> svestrana potkova, prikladna za ve\u0107inu sportskih konji\u010dkih disciplina i slobodno vrijeme.<\/span><\/span><\/span><\/p>\n<p><span class=\"HwtZe\" lang=\"sl\"> <span class=\"jCAhz ChMk0b\"><span class=\"ryNqvb\">Kao i sve Mustad potkove, <strong>i linija LiBero ima lijevu i desnu potkovu<\/strong>.<\/span><\/span> <span class=\"jCAhz ChMk0b\"><span class=\"ryNqvb\">Vanjski dio potkove (orijentacija lijevo-desno) jasno je ozna\u010den to\u010dkom. Taj je dio tako\u0111er uvijek ne\u0161to du\u017ei u utoru s rupama za \u010davle, koje su ne\u0161to grublje probu\u0161ene za optimalno prianjanje i pribijanje. <\/span><\/span> <span class=\"jCAhz ChMk0b\"><span class=\"ryNqvb\">Ova potkova<\/span><\/span> <span class=\"jCAhz ChMk0b\"><span class=\"ryNqvb\">osigurava ravnomjernu raspodjelu te\u017eine na cijelo kopito i ne\u0107e se pove\u0107ati rizik da se kamen\u010di\u0107 zaglavi izme\u0111u potkove i kopitne stijenke ili potplata.<\/span><\/span> <\/span><\/p>\n<p><span class=\"HwtZe\" lang=\"sl\"><span class=\"jCAhz ChMk0b\"><span class=\"ryNqvb\">Osim toga, Mustad je preoblikovao utor i rupu za \u010davao kako bi osigurao da \u0107e \u010davao uvijek u potpunosti sjediti na donjoj polovici rupe. <\/span><\/span><span class=\"jCAhz ChMk0b\"><span class=\"ryNqvb\">U tu rupu savr\u0161eno pristaje ve\u0107ina standardnih \u010davala i \u010davala s dugim vratom.<\/span><\/span><\/span><\/p>\n<p>Cijena je po komadu.<\/p>\n","protected":false},"excerpt":{"rendered":"<p><span class=\"HwtZe\" lang=\"sl\"><span class=\"jCAhz ChMk0b\"><span class=\"ryNqvb\">Potkova Mustad LiBero 22&#215;8 1C prednja 1 je svestrana potkova, prikladna za ve\u0107inu sportskih konji\u010dkih disciplina i slobodno vrijeme.<\/span><\/span><\/span><\/p>\n","protected":false},"featured_media":97030,"template":"","meta":{"footnotes":""},"product_brand":[],"product_cat":[5960,6288],"product_tag":[],"class_list":{"0":"post-97009","1":"product","2":"type-product","3":"status-publish","4":"has-post-thumbnail","6":"product_cat-kovacka-oprema","7":"product_cat-potkove","9":"first","10":"instock","11":"shipping-taxable","12":"purchasable","13":"product-type-simple"},"yoast_head":"<!-- This site is optimized with the Yoast SEO plugin v27.3 - https:\/\/yoast.com\/product\/yoast-seo-wordpress\/ -->\n<title>Potkova Mustad LiBero 22x8 1C prednja 1 - Clair<\/title>\n<meta name=\"description\" content=\"Potkova Mustad LiBero 22x8 1C prednja 1 je svestrana potkova, prikladna za ve\u0107inu sportskih konji\u010dkih disciplina i slobodno vrijeme.\" \/>\n<meta name=\"robots\" content=\"index, follow, max-snippet:-1, max-image-preview:large, max-video-preview:-1\" \/>\n<link rel=\"canonical\" href=\"https:\/\/clair.si\/hr\/izdelek\/potkova-mustad-libero-22x8-1c-prednja-1\/\" \/>\n<meta property=\"og:locale\" content=\"hr_HR\" \/>\n<meta property=\"og:type\" content=\"article\" \/>\n<meta property=\"og:title\" content=\"Potkova Mustad LiBero 22x8 1C prednja 1 - Clair\" \/>\n<meta property=\"og:description\" content=\"Potkova Mustad LiBero 22x8 1C prednja 1 je svestrana potkova, prikladna za ve\u0107inu sportskih konji\u010dkih disciplina i slobodno vrijeme.\" \/>\n<meta property=\"og:url\" content=\"https:\/\/clair.si\/hr\/izdelek\/potkova-mustad-libero-22x8-1c-prednja-1\/\" \/>\n<meta property=\"og:site_name\" content=\"Clair\" \/>\n<meta property=\"article:publisher\" content=\"https:\/\/www.facebook.com\/TrgovinaClair\/\" \/>\n<meta property=\"article:modified_time\" content=\"2025-08-27T18:43:22+00:00\" \/>\n<meta property=\"og:image\" content=\"https:\/\/clair.si\/wp-content\/uploads\/2024\/01\/mustad-libero-podkev-en-klip-prednja-jpg.webp\" \/>\n\t<meta property=\"og:image:width\" content=\"1200\" \/>\n\t<meta property=\"og:image:height\" content=\"1200\" \/>\n\t<meta property=\"og:image:type\" content=\"image\/jpeg\" \/>\n<meta name=\"twitter:card\" content=\"summary_large_image\" \/>\n<meta name=\"twitter:label1\" content=\"Procijenjeno vrijeme \u010ditanja\" \/>\n\t<meta name=\"twitter:data1\" content=\"1 minuta\" \/>\n<script type=\"application\/ld+json\" class=\"yoast-schema-graph\">{\"@context\":\"https:\\\/\\\/schema.org\",\"@graph\":[{\"@type\":\"WebPage\",\"@id\":\"https:\\\/\\\/clair.si\\\/hr\\\/izdelek\\\/potkova-mustad-libero-22x8-1c-prednja-1\\\/\",\"url\":\"https:\\\/\\\/clair.si\\\/hr\\\/izdelek\\\/potkova-mustad-libero-22x8-1c-prednja-1\\\/\",\"name\":\"Potkova Mustad LiBero 22x8 1C prednja 1 - Clair\",\"isPartOf\":{\"@id\":\"https:\\\/\\\/clair.si\\\/#website\"},\"primaryImageOfPage\":{\"@id\":\"https:\\\/\\\/clair.si\\\/hr\\\/izdelek\\\/potkova-mustad-libero-22x8-1c-prednja-1\\\/#primaryimage\"},\"image\":{\"@id\":\"https:\\\/\\\/clair.si\\\/hr\\\/izdelek\\\/potkova-mustad-libero-22x8-1c-prednja-1\\\/#primaryimage\"},\"thumbnailUrl\":\"https:\\\/\\\/clair.si\\\/wp-content\\\/uploads\\\/2024\\\/01\\\/mustad-libero-podkev-en-klip-prednja-jpg.webp\",\"datePublished\":\"2024-01-21T13:44:57+00:00\",\"dateModified\":\"2025-08-27T18:43:22+00:00\",\"description\":\"Potkova Mustad LiBero 22x8 1C prednja 1 je svestrana potkova, prikladna za ve\u0107inu sportskih konji\u010dkih disciplina i slobodno vrijeme.\",\"breadcrumb\":{\"@id\":\"https:\\\/\\\/clair.si\\\/hr\\\/izdelek\\\/potkova-mustad-libero-22x8-1c-prednja-1\\\/#breadcrumb\"},\"inLanguage\":\"hr\",\"potentialAction\":[{\"@type\":\"ReadAction\",\"target\":[\"https:\\\/\\\/clair.si\\\/hr\\\/izdelek\\\/potkova-mustad-libero-22x8-1c-prednja-1\\\/\"]}]},{\"@type\":\"ImageObject\",\"inLanguage\":\"hr\",\"@id\":\"https:\\\/\\\/clair.si\\\/hr\\\/izdelek\\\/potkova-mustad-libero-22x8-1c-prednja-1\\\/#primaryimage\",\"url\":\"https:\\\/\\\/clair.si\\\/wp-content\\\/uploads\\\/2024\\\/01\\\/mustad-libero-podkev-en-klip-prednja-jpg.webp\",\"contentUrl\":\"https:\\\/\\\/clair.si\\\/wp-content\\\/uploads\\\/2024\\\/01\\\/mustad-libero-podkev-en-klip-prednja-jpg.webp\",\"width\":1200,\"height\":1200},{\"@type\":\"BreadcrumbList\",\"@id\":\"https:\\\/\\\/clair.si\\\/hr\\\/izdelek\\\/potkova-mustad-libero-22x8-1c-prednja-1\\\/#breadcrumb\",\"itemListElement\":[{\"@type\":\"ListItem\",\"position\":1,\"name\":\"Home\",\"item\":\"https:\\\/\\\/clair.si\\\/hr\\\/\"},{\"@type\":\"ListItem\",\"position\":2,\"name\":\"Trgovina\",\"item\":\"https:\\\/\\\/clair.si\\\/trgovina\\\/\"},{\"@type\":\"ListItem\",\"position\":3,\"name\":\"Potkova Mustad LiBero 22&#215;8 1C prednja 1\"}]},{\"@type\":\"WebSite\",\"@id\":\"https:\\\/\\\/clair.si\\\/#website\",\"url\":\"https:\\\/\\\/clair.si\\\/\",\"name\":\"Clair\",\"description\":\"Trgovina s konjeni\u0161ko opremo\",\"publisher\":{\"@id\":\"https:\\\/\\\/clair.si\\\/#organization\"},\"potentialAction\":[{\"@type\":\"SearchAction\",\"target\":{\"@type\":\"EntryPoint\",\"urlTemplate\":\"https:\\\/\\\/clair.si\\\/?s={search_term_string}\"},\"query-input\":{\"@type\":\"PropertyValueSpecification\",\"valueRequired\":true,\"valueName\":\"search_term_string\"}}],\"inLanguage\":\"hr\"},{\"@type\":\"Organization\",\"@id\":\"https:\\\/\\\/clair.si\\\/#organization\",\"name\":\"Clair\",\"url\":\"https:\\\/\\\/clair.si\\\/\",\"logo\":{\"@type\":\"ImageObject\",\"inLanguage\":\"hr\",\"@id\":\"https:\\\/\\\/clair.si\\\/#\\\/schema\\\/logo\\\/image\\\/\",\"url\":\"https:\\\/\\\/clair.si\\\/wp-content\\\/uploads\\\/2022\\\/11\\\/clair_logo_2022.jpg\",\"contentUrl\":\"https:\\\/\\\/clair.si\\\/wp-content\\\/uploads\\\/2022\\\/11\\\/clair_logo_2022.jpg\",\"width\":1920,\"height\":1920,\"caption\":\"Clair\"},\"image\":{\"@id\":\"https:\\\/\\\/clair.si\\\/#\\\/schema\\\/logo\\\/image\\\/\"},\"sameAs\":[\"https:\\\/\\\/www.facebook.com\\\/TrgovinaClair\\\/\"]}]}<\/script>\n<!-- \/ Yoast SEO plugin. -->","yoast_head_json":{"title":"Potkova Mustad LiBero 22x8 1C prednja 1 - Clair","description":"Potkova Mustad LiBero 22x8 1C prednja 1 je svestrana potkova, prikladna za ve\u0107inu sportskih konji\u010dkih disciplina i slobodno vrijeme.","robots":{"index":"index","follow":"follow","max-snippet":"max-snippet:-1","max-image-preview":"max-image-preview:large","max-video-preview":"max-video-preview:-1"},"canonical":"https:\/\/clair.si\/hr\/izdelek\/potkova-mustad-libero-22x8-1c-prednja-1\/","og_locale":"hr_HR","og_type":"article","og_title":"Potkova Mustad LiBero 22x8 1C prednja 1 - Clair","og_description":"Potkova Mustad LiBero 22x8 1C prednja 1 je svestrana potkova, prikladna za ve\u0107inu sportskih konji\u010dkih disciplina i slobodno vrijeme.","og_url":"https:\/\/clair.si\/hr\/izdelek\/potkova-mustad-libero-22x8-1c-prednja-1\/","og_site_name":"Clair","article_publisher":"https:\/\/www.facebook.com\/TrgovinaClair\/","article_modified_time":"2025-08-27T18:43:22+00:00","og_image":[{"width":1200,"height":1200,"url":"https:\/\/clair.si\/wp-content\/uploads\/2024\/01\/mustad-libero-podkev-en-klip-prednja-jpg.webp","type":"image\/jpeg"}],"twitter_card":"summary_large_image","twitter_misc":{"Procijenjeno vrijeme \u010ditanja":"1 minuta"},"schema":{"@context":"https:\/\/schema.org","@graph":[{"@type":"WebPage","@id":"https:\/\/clair.si\/hr\/izdelek\/potkova-mustad-libero-22x8-1c-prednja-1\/","url":"https:\/\/clair.si\/hr\/izdelek\/potkova-mustad-libero-22x8-1c-prednja-1\/","name":"Potkova Mustad LiBero 22x8 1C prednja 1 - Clair","isPartOf":{"@id":"https:\/\/clair.si\/#website"},"primaryImageOfPage":{"@id":"https:\/\/clair.si\/hr\/izdelek\/potkova-mustad-libero-22x8-1c-prednja-1\/#primaryimage"},"image":{"@id":"https:\/\/clair.si\/hr\/izdelek\/potkova-mustad-libero-22x8-1c-prednja-1\/#primaryimage"},"thumbnailUrl":"https:\/\/clair.si\/wp-content\/uploads\/2024\/01\/mustad-libero-podkev-en-klip-prednja-jpg.webp","datePublished":"2024-01-21T13:44:57+00:00","dateModified":"2025-08-27T18:43:22+00:00","description":"Potkova Mustad LiBero 22x8 1C prednja 1 je svestrana potkova, prikladna za ve\u0107inu sportskih konji\u010dkih disciplina i slobodno vrijeme.","breadcrumb":{"@id":"https:\/\/clair.si\/hr\/izdelek\/potkova-mustad-libero-22x8-1c-prednja-1\/#breadcrumb"},"inLanguage":"hr","potentialAction":[{"@type":"ReadAction","target":["https:\/\/clair.si\/hr\/izdelek\/potkova-mustad-libero-22x8-1c-prednja-1\/"]}]},{"@type":"ImageObject","inLanguage":"hr","@id":"https:\/\/clair.si\/hr\/izdelek\/potkova-mustad-libero-22x8-1c-prednja-1\/#primaryimage","url":"https:\/\/clair.si\/wp-content\/uploads\/2024\/01\/mustad-libero-podkev-en-klip-prednja-jpg.webp","contentUrl":"https:\/\/clair.si\/wp-content\/uploads\/2024\/01\/mustad-libero-podkev-en-klip-prednja-jpg.webp","width":1200,"height":1200},{"@type":"BreadcrumbList","@id":"https:\/\/clair.si\/hr\/izdelek\/potkova-mustad-libero-22x8-1c-prednja-1\/#breadcrumb","itemListElement":[{"@type":"ListItem","position":1,"name":"Home","item":"https:\/\/clair.si\/hr\/"},{"@type":"ListItem","position":2,"name":"Trgovina","item":"https:\/\/clair.si\/trgovina\/"},{"@type":"ListItem","position":3,"name":"Potkova Mustad LiBero 22&#215;8 1C prednja 1"}]},{"@type":"WebSite","@id":"https:\/\/clair.si\/#website","url":"https:\/\/clair.si\/","name":"Clair","description":"Trgovina s konjeni\u0161ko opremo","publisher":{"@id":"https:\/\/clair.si\/#organization"},"potentialAction":[{"@type":"SearchAction","target":{"@type":"EntryPoint","urlTemplate":"https:\/\/clair.si\/?s={search_term_string}"},"query-input":{"@type":"PropertyValueSpecification","valueRequired":true,"valueName":"search_term_string"}}],"inLanguage":"hr"},{"@type":"Organization","@id":"https:\/\/clair.si\/#organization","name":"Clair","url":"https:\/\/clair.si\/","logo":{"@type":"ImageObject","inLanguage":"hr","@id":"https:\/\/clair.si\/#\/schema\/logo\/image\/","url":"https:\/\/clair.si\/wp-content\/uploads\/2022\/11\/clair_logo_2022.jpg","contentUrl":"https:\/\/clair.si\/wp-content\/uploads\/2022\/11\/clair_logo_2022.jpg","width":1920,"height":1920,"caption":"Clair"},"image":{"@id":"https:\/\/clair.si\/#\/schema\/logo\/image\/"},"sameAs":["https:\/\/www.facebook.com\/TrgovinaClair\/"]}]}},"_links":{"self":[{"href":"https:\/\/clair.si\/hr\/wp-json\/wp\/v2\/product\/97009","targetHints":{"allow":["GET"]}}],"collection":[{"href":"https:\/\/clair.si\/hr\/wp-json\/wp\/v2\/product"}],"about":[{"href":"https:\/\/clair.si\/hr\/wp-json\/wp\/v2\/types\/product"}],"version-history":[{"count":0,"href":"https:\/\/clair.si\/hr\/wp-json\/wp\/v2\/product\/97009\/revisions"}],"wp:featuredmedia":[{"embeddable":true,"href":"https:\/\/clair.si\/hr\/wp-json\/wp\/v2\/media\/97030"}],"wp:attachment":[{"href":"https:\/\/clair.si\/hr\/wp-json\/wp\/v2\/media?parent=97009"}],"wp:term":[{"taxonomy":"product_brand","embeddable":true,"href":"https:\/\/clair.si\/hr\/wp-json\/wp\/v2\/product_brand?post=97009"},{"taxonomy":"product_cat","embeddable":true,"href":"https:\/\/clair.si\/hr\/wp-json\/wp\/v2\/product_cat?post=97009"},{"taxonomy":"product_tag","embeddable":true,"href":"https:\/\/clair.si\/hr\/wp-json\/wp\/v2\/product_tag?post=97009"}],"curies":[{"name":"wp","href":"https:\/\/api.w.org\/{rel}","templated":true}]}}