{"id":97025,"date":"2024-01-21T12:23:53","date_gmt":"2024-01-21T11:23:53","guid":{"rendered":"https:\/\/clair.si\/izdelek\/mustad-hoof-hygiene-liquid\/"},"modified":"2025-11-23T19:05:17","modified_gmt":"2025-11-23T18:05:17","slug":"mustad-hoof-hygiene-liquid","status":"publish","type":"product","link":"https:\/\/clair.si\/hr\/izdelek\/mustad-hoof-hygiene-liquid\/","title":{"rendered":"Mustad teku\u0107ina za higijenu kopita"},"content":{"rendered":"<h3>Hoof Hygiene Liquid \u2013 Za\u0161tita i njega kopita<\/h3>\n<p>Osigurajte zdravlje i higijenu kopita svog konja s <strong>Hoof Hygiene Liquid<\/strong>, vrhunskim proizvodom marke Mustad, svjetskog stru\u010dnjaka za konjska kopita. Proizvod je dizajniran za u\u010dinkovitu za\u0161titu i njegu kopita, sprje\u010dava infekcije te smanjuje rizik za razvoj bakterijskih i gljivi\u010dnih bolesti, koje su uzrok <strong>trule\u017ei kopita<\/strong>. <\/p>\n<p><strong>Zna\u010dajke:<\/strong><\/p>\n<ul>\n<li><strong>Sna\u017ena antimikrobna formula<\/strong>: Pouzdano uni\u0161tava \u0161tetne bakterije i gljivice te sprje\u010dava daljnje infekcije.<\/li>\n<li><strong>Jednostavna uporaba<\/strong>: S prakti\u010dnim aplikatorom omogu\u0107uje precizno i brzo nano\u0161enje, \u0161to smanjuje stres kako za konja, tako i za vlasnika.<\/li>\n<li><strong>Dugotrajna za\u0161tita<\/strong>: Oblikuje za\u0161titni sloj na kopitu, koji odr\u017eava njegovu cjelovitost i pro\u017enost \u010dak i u najte\u017eim uvjetima.<\/li>\n<li><strong>Svestrana uporaba<\/strong>: Primjeren za svakodnevnu uporabu ili kao dio preventivne njege, posebice u vla\u017enim i blatnim uvjetima.<\/li>\n<li><strong>Sigurno i nje\u017eno djelovanje<\/strong>: Ne sadr\u017ei agresivne kemikalije, koje bi mogle o\u0161tetiti kopita ili prouzro\u010diti iritaciju.<\/li>\n<\/ul>\n<p>S <strong>Hoof Hygiene Liquid<\/strong> bit \u0107ete uvjereni da ste napravili sve \u0161to je potrebno, da o\u010duvate kopita zdravima i sna\u017enima u svim vremenskim uvjetima.<\/p>\n<p><strong>Upute za uporabu<\/strong>: Nanesite na \u010disto i suho kopito. Nanesite na \u017eabicu, odnosno na problemati\u010dni dio potplata. Koristite kao preventivu ili kod prvih znakova infekcije. Primjeren za svakodnevnu uporabu.    <\/p>\n<p><strong>Koli\u010dina: 50 ml<\/strong><\/p>\n<div class=\"UdTY9 WdefRb\" aria-hidden=\"true\" data-location=\"2\">\n<div class=\"kO6q6e\"><\/div>\n<\/div>\n<p>&nbsp;<\/p>\n","protected":false},"excerpt":{"rendered":"<ul>\n<li>teku\u0107ina koja lije\u010di i sprje\u010dava trule\u017e kopita<\/li>\n<li>s prakti\u010dnim aplikatorom<\/li>\n<li>sadr\u017ei ekstrakt aloe vere i izopropanol<\/li>\n<li>s dodanim bakrom i cinkom<\/li>\n<\/ul>\n","protected":false},"featured_media":97027,"template":"","meta":{"footnotes":""},"product_brand":[],"product_cat":[6113,5624,5960,5677,5873,5625,5882,5627,5680],"product_tag":[],"class_list":{"0":"post-97025","1":"product","2":"type-product","3":"status-publish","4":"has-post-thumbnail","6":"product_cat-druga-kovacka-oprema","7":"product_cat-konj-hr","8":"product_cat-kovacka-oprema","9":"product_cat-kozmetika-za-konje-hr-2","10":"product_cat-njega-i-zdravlje-kopita","11":"product_cat-njega-konja","12":"product_cat-njega-kopita","13":"product_cat-stala-i-pasnjak","14":"product_cat-zdravlje-i-dobrobit","16":"first","17":"instock","18":"shipping-taxable","19":"purchasable","20":"product-type-simple"},"yoast_head":"<!-- This site is optimized with the Yoast SEO plugin v27.4 - https:\/\/yoast.com\/product\/yoast-seo-wordpress\/ -->\n<title>Mustad teku\u0107ina za higijenu kopita - Clair<\/title>\n<meta name=\"description\" content=\"teku\u0107ina koja lije\u010di i sprje\u010dava trule\u017e kopita  s prakti\u010dnim aplikatorom  sadr\u017ei ekstrakt aloe vere i izopropanol  s dodanim bakrom i cinkom\" \/>\n<meta name=\"robots\" content=\"index, follow, max-snippet:-1, max-image-preview:large, max-video-preview:-1\" \/>\n<link rel=\"canonical\" href=\"https:\/\/clair.si\/hr\/izdelek\/mustad-hoof-hygiene-liquid\/\" \/>\n<meta property=\"og:locale\" content=\"hr_HR\" \/>\n<meta property=\"og:type\" content=\"article\" \/>\n<meta property=\"og:title\" content=\"Mustad teku\u0107ina za higijenu kopita - Clair\" \/>\n<meta property=\"og:description\" content=\"teku\u0107ina koja lije\u010di i sprje\u010dava trule\u017e kopita  s prakti\u010dnim aplikatorom  sadr\u017ei ekstrakt aloe vere i izopropanol  s dodanim bakrom i cinkom\" \/>\n<meta property=\"og:url\" content=\"https:\/\/clair.si\/hr\/izdelek\/mustad-hoof-hygiene-liquid\/\" \/>\n<meta property=\"og:site_name\" content=\"Clair\" \/>\n<meta property=\"article:publisher\" content=\"https:\/\/www.facebook.com\/TrgovinaClair\/\" \/>\n<meta property=\"article:modified_time\" content=\"2025-11-23T18:05:17+00:00\" \/>\n<meta property=\"og:image\" content=\"https:\/\/clair.si\/wp-content\/uploads\/2024\/01\/mustad-hoof-hygene-za-nego-proti-gnilobi-jpg.webp\" \/>\n\t<meta property=\"og:image:width\" content=\"1024\" \/>\n\t<meta property=\"og:image:height\" content=\"1024\" \/>\n\t<meta property=\"og:image:type\" content=\"image\/jpeg\" \/>\n<meta name=\"twitter:card\" content=\"summary_large_image\" \/>\n<meta name=\"twitter:label1\" content=\"Procijenjeno vrijeme \u010ditanja\" \/>\n\t<meta name=\"twitter:data1\" content=\"1 minuta\" \/>\n<script type=\"application\/ld+json\" class=\"yoast-schema-graph\">{\"@context\":\"https:\\\/\\\/schema.org\",\"@graph\":[{\"@type\":\"WebPage\",\"@id\":\"https:\\\/\\\/clair.si\\\/hr\\\/izdelek\\\/mustad-hoof-hygiene-liquid\\\/\",\"url\":\"https:\\\/\\\/clair.si\\\/hr\\\/izdelek\\\/mustad-hoof-hygiene-liquid\\\/\",\"name\":\"Mustad teku\u0107ina za higijenu kopita - Clair\",\"isPartOf\":{\"@id\":\"https:\\\/\\\/clair.si\\\/#website\"},\"primaryImageOfPage\":{\"@id\":\"https:\\\/\\\/clair.si\\\/hr\\\/izdelek\\\/mustad-hoof-hygiene-liquid\\\/#primaryimage\"},\"image\":{\"@id\":\"https:\\\/\\\/clair.si\\\/hr\\\/izdelek\\\/mustad-hoof-hygiene-liquid\\\/#primaryimage\"},\"thumbnailUrl\":\"https:\\\/\\\/clair.si\\\/wp-content\\\/uploads\\\/2024\\\/01\\\/mustad-hoof-hygene-za-nego-proti-gnilobi-jpg.webp\",\"datePublished\":\"2024-01-21T11:23:53+00:00\",\"dateModified\":\"2025-11-23T18:05:17+00:00\",\"description\":\"teku\u0107ina koja lije\u010di i sprje\u010dava trule\u017e kopita s prakti\u010dnim aplikatorom sadr\u017ei ekstrakt aloe vere i izopropanol s dodanim bakrom i cinkom\",\"breadcrumb\":{\"@id\":\"https:\\\/\\\/clair.si\\\/hr\\\/izdelek\\\/mustad-hoof-hygiene-liquid\\\/#breadcrumb\"},\"inLanguage\":\"hr\",\"potentialAction\":[{\"@type\":\"ReadAction\",\"target\":[\"https:\\\/\\\/clair.si\\\/hr\\\/izdelek\\\/mustad-hoof-hygiene-liquid\\\/\"]}]},{\"@type\":\"ImageObject\",\"inLanguage\":\"hr\",\"@id\":\"https:\\\/\\\/clair.si\\\/hr\\\/izdelek\\\/mustad-hoof-hygiene-liquid\\\/#primaryimage\",\"url\":\"https:\\\/\\\/clair.si\\\/wp-content\\\/uploads\\\/2024\\\/01\\\/mustad-hoof-hygene-za-nego-proti-gnilobi-jpg.webp\",\"contentUrl\":\"https:\\\/\\\/clair.si\\\/wp-content\\\/uploads\\\/2024\\\/01\\\/mustad-hoof-hygene-za-nego-proti-gnilobi-jpg.webp\",\"width\":1024,\"height\":1024},{\"@type\":\"BreadcrumbList\",\"@id\":\"https:\\\/\\\/clair.si\\\/hr\\\/izdelek\\\/mustad-hoof-hygiene-liquid\\\/#breadcrumb\",\"itemListElement\":[{\"@type\":\"ListItem\",\"position\":1,\"name\":\"Home\",\"item\":\"https:\\\/\\\/clair.si\\\/hr\\\/\"},{\"@type\":\"ListItem\",\"position\":2,\"name\":\"Trgovina\",\"item\":\"https:\\\/\\\/clair.si\\\/trgovina\\\/\"},{\"@type\":\"ListItem\",\"position\":3,\"name\":\"Mustad teku\u0107ina za higijenu kopita\"}]},{\"@type\":\"WebSite\",\"@id\":\"https:\\\/\\\/clair.si\\\/#website\",\"url\":\"https:\\\/\\\/clair.si\\\/\",\"name\":\"Clair\",\"description\":\"Trgovina s konjeni\u0161ko opremo\",\"publisher\":{\"@id\":\"https:\\\/\\\/clair.si\\\/#organization\"},\"potentialAction\":[{\"@type\":\"SearchAction\",\"target\":{\"@type\":\"EntryPoint\",\"urlTemplate\":\"https:\\\/\\\/clair.si\\\/?s={search_term_string}\"},\"query-input\":{\"@type\":\"PropertyValueSpecification\",\"valueRequired\":true,\"valueName\":\"search_term_string\"}}],\"inLanguage\":\"hr\"},{\"@type\":\"Organization\",\"@id\":\"https:\\\/\\\/clair.si\\\/#organization\",\"name\":\"Clair\",\"url\":\"https:\\\/\\\/clair.si\\\/\",\"logo\":{\"@type\":\"ImageObject\",\"inLanguage\":\"hr\",\"@id\":\"https:\\\/\\\/clair.si\\\/#\\\/schema\\\/logo\\\/image\\\/\",\"url\":\"https:\\\/\\\/clair.si\\\/wp-content\\\/uploads\\\/2022\\\/11\\\/clair_logo_2022.jpg\",\"contentUrl\":\"https:\\\/\\\/clair.si\\\/wp-content\\\/uploads\\\/2022\\\/11\\\/clair_logo_2022.jpg\",\"width\":1920,\"height\":1920,\"caption\":\"Clair\"},\"image\":{\"@id\":\"https:\\\/\\\/clair.si\\\/#\\\/schema\\\/logo\\\/image\\\/\"},\"sameAs\":[\"https:\\\/\\\/www.facebook.com\\\/TrgovinaClair\\\/\"]}]}<\/script>\n<!-- \/ Yoast SEO plugin. -->","yoast_head_json":{"title":"Mustad teku\u0107ina za higijenu kopita - Clair","description":"teku\u0107ina koja lije\u010di i sprje\u010dava trule\u017e kopita  s prakti\u010dnim aplikatorom  sadr\u017ei ekstrakt aloe vere i izopropanol  s dodanim bakrom i cinkom","robots":{"index":"index","follow":"follow","max-snippet":"max-snippet:-1","max-image-preview":"max-image-preview:large","max-video-preview":"max-video-preview:-1"},"canonical":"https:\/\/clair.si\/hr\/izdelek\/mustad-hoof-hygiene-liquid\/","og_locale":"hr_HR","og_type":"article","og_title":"Mustad teku\u0107ina za higijenu kopita - Clair","og_description":"teku\u0107ina koja lije\u010di i sprje\u010dava trule\u017e kopita  s prakti\u010dnim aplikatorom  sadr\u017ei ekstrakt aloe vere i izopropanol  s dodanim bakrom i cinkom","og_url":"https:\/\/clair.si\/hr\/izdelek\/mustad-hoof-hygiene-liquid\/","og_site_name":"Clair","article_publisher":"https:\/\/www.facebook.com\/TrgovinaClair\/","article_modified_time":"2025-11-23T18:05:17+00:00","og_image":[{"width":1024,"height":1024,"url":"https:\/\/clair.si\/wp-content\/uploads\/2024\/01\/mustad-hoof-hygene-za-nego-proti-gnilobi-jpg.webp","type":"image\/jpeg"}],"twitter_card":"summary_large_image","twitter_misc":{"Procijenjeno vrijeme \u010ditanja":"1 minuta"},"schema":{"@context":"https:\/\/schema.org","@graph":[{"@type":"WebPage","@id":"https:\/\/clair.si\/hr\/izdelek\/mustad-hoof-hygiene-liquid\/","url":"https:\/\/clair.si\/hr\/izdelek\/mustad-hoof-hygiene-liquid\/","name":"Mustad teku\u0107ina za higijenu kopita - Clair","isPartOf":{"@id":"https:\/\/clair.si\/#website"},"primaryImageOfPage":{"@id":"https:\/\/clair.si\/hr\/izdelek\/mustad-hoof-hygiene-liquid\/#primaryimage"},"image":{"@id":"https:\/\/clair.si\/hr\/izdelek\/mustad-hoof-hygiene-liquid\/#primaryimage"},"thumbnailUrl":"https:\/\/clair.si\/wp-content\/uploads\/2024\/01\/mustad-hoof-hygene-za-nego-proti-gnilobi-jpg.webp","datePublished":"2024-01-21T11:23:53+00:00","dateModified":"2025-11-23T18:05:17+00:00","description":"teku\u0107ina koja lije\u010di i sprje\u010dava trule\u017e kopita s prakti\u010dnim aplikatorom sadr\u017ei ekstrakt aloe vere i izopropanol s dodanim bakrom i cinkom","breadcrumb":{"@id":"https:\/\/clair.si\/hr\/izdelek\/mustad-hoof-hygiene-liquid\/#breadcrumb"},"inLanguage":"hr","potentialAction":[{"@type":"ReadAction","target":["https:\/\/clair.si\/hr\/izdelek\/mustad-hoof-hygiene-liquid\/"]}]},{"@type":"ImageObject","inLanguage":"hr","@id":"https:\/\/clair.si\/hr\/izdelek\/mustad-hoof-hygiene-liquid\/#primaryimage","url":"https:\/\/clair.si\/wp-content\/uploads\/2024\/01\/mustad-hoof-hygene-za-nego-proti-gnilobi-jpg.webp","contentUrl":"https:\/\/clair.si\/wp-content\/uploads\/2024\/01\/mustad-hoof-hygene-za-nego-proti-gnilobi-jpg.webp","width":1024,"height":1024},{"@type":"BreadcrumbList","@id":"https:\/\/clair.si\/hr\/izdelek\/mustad-hoof-hygiene-liquid\/#breadcrumb","itemListElement":[{"@type":"ListItem","position":1,"name":"Home","item":"https:\/\/clair.si\/hr\/"},{"@type":"ListItem","position":2,"name":"Trgovina","item":"https:\/\/clair.si\/trgovina\/"},{"@type":"ListItem","position":3,"name":"Mustad teku\u0107ina za higijenu kopita"}]},{"@type":"WebSite","@id":"https:\/\/clair.si\/#website","url":"https:\/\/clair.si\/","name":"Clair","description":"Trgovina s konjeni\u0161ko opremo","publisher":{"@id":"https:\/\/clair.si\/#organization"},"potentialAction":[{"@type":"SearchAction","target":{"@type":"EntryPoint","urlTemplate":"https:\/\/clair.si\/?s={search_term_string}"},"query-input":{"@type":"PropertyValueSpecification","valueRequired":true,"valueName":"search_term_string"}}],"inLanguage":"hr"},{"@type":"Organization","@id":"https:\/\/clair.si\/#organization","name":"Clair","url":"https:\/\/clair.si\/","logo":{"@type":"ImageObject","inLanguage":"hr","@id":"https:\/\/clair.si\/#\/schema\/logo\/image\/","url":"https:\/\/clair.si\/wp-content\/uploads\/2022\/11\/clair_logo_2022.jpg","contentUrl":"https:\/\/clair.si\/wp-content\/uploads\/2022\/11\/clair_logo_2022.jpg","width":1920,"height":1920,"caption":"Clair"},"image":{"@id":"https:\/\/clair.si\/#\/schema\/logo\/image\/"},"sameAs":["https:\/\/www.facebook.com\/TrgovinaClair\/"]}]}},"_links":{"self":[{"href":"https:\/\/clair.si\/hr\/wp-json\/wp\/v2\/product\/97025","targetHints":{"allow":["GET"]}}],"collection":[{"href":"https:\/\/clair.si\/hr\/wp-json\/wp\/v2\/product"}],"about":[{"href":"https:\/\/clair.si\/hr\/wp-json\/wp\/v2\/types\/product"}],"version-history":[{"count":0,"href":"https:\/\/clair.si\/hr\/wp-json\/wp\/v2\/product\/97025\/revisions"}],"wp:featuredmedia":[{"embeddable":true,"href":"https:\/\/clair.si\/hr\/wp-json\/wp\/v2\/media\/97027"}],"wp:attachment":[{"href":"https:\/\/clair.si\/hr\/wp-json\/wp\/v2\/media?parent=97025"}],"wp:term":[{"taxonomy":"product_brand","embeddable":true,"href":"https:\/\/clair.si\/hr\/wp-json\/wp\/v2\/product_brand?post=97025"},{"taxonomy":"product_cat","embeddable":true,"href":"https:\/\/clair.si\/hr\/wp-json\/wp\/v2\/product_cat?post=97025"},{"taxonomy":"product_tag","embeddable":true,"href":"https:\/\/clair.si\/hr\/wp-json\/wp\/v2\/product_tag?post=97025"}],"curies":[{"name":"wp","href":"https:\/\/api.w.org\/{rel}","templated":true}]}}