{"id":97034,"date":"2024-01-16T20:34:04","date_gmt":"2024-01-16T19:34:04","guid":{"rendered":"https:\/\/clair.si\/izdelek\/stap-za-pasnjak-zeleni-138cm\/"},"modified":"2025-08-28T06:37:30","modified_gmt":"2025-08-28T04:37:30","slug":"stap-za-pasnjak-zeleni-138cm","status":"publish","type":"product","link":"https:\/\/clair.si\/hr\/izdelek\/stap-za-pasnjak-zeleni-138cm\/","title":{"rendered":"\u0160tap za pa\u0161njak zeleni &#8211; 138cm"},"content":{"rendered":"<p>\u0160tap za pa\u0161njak <strong>zelene boje<\/strong>, <strong>visine 138cm<\/strong> ima <strong>12 izolatora<\/strong> i <strong>dvostruku gaznu papu\u010dicu<\/strong>. \u0160tap nije prikladan kao jedini oslonac, ve\u0107 je izvrsno rje\u0161enje za <strong>dodatnu potporu<\/strong> elektri\u010dnoj ogradi i <strong>odr\u017eavanju linije<\/strong> elektri\u010dne trake ili u\u017eeta. <\/p>\n","protected":false},"excerpt":{"rendered":"<p>Cijena po komadu.<\/p>\n","protected":false},"featured_media":97036,"template":"","meta":{"footnotes":""},"product_brand":[],"product_cat":[5820,5821,6180],"product_tag":[],"class_list":{"0":"post-97034","1":"product","2":"type-product","3":"status-publish","4":"has-post-thumbnail","6":"product_cat-oprema-za-pasnjake","7":"product_cat-ostala-oprema-za-pasnjake","8":"product_cat-pastirski-stupici","10":"first","11":"instock","12":"sale","13":"shipping-taxable","14":"purchasable","15":"product-type-simple"},"yoast_head":"<!-- This site is optimized with the Yoast SEO plugin v27.4 - https:\/\/yoast.com\/product\/yoast-seo-wordpress\/ -->\n<title>\u0160tap za pa\u0161njak zeleni - 138cm - Clair<\/title>\n<meta name=\"description\" content=\"Cijena po komadu. \u0160tap za elektri\u010dnog pastira je odli\u010dno rje\u0161enje za dodatnu potporu elektri\u010dnoj ogradi. Provjerite na\u0161u ponudu i osigurajte si svoj.\" \/>\n<meta name=\"robots\" content=\"index, follow, max-snippet:-1, max-image-preview:large, max-video-preview:-1\" \/>\n<link rel=\"canonical\" href=\"https:\/\/clair.si\/hr\/izdelek\/stap-za-pasnjak-zeleni-138cm\/\" \/>\n<meta property=\"og:locale\" content=\"hr_HR\" \/>\n<meta property=\"og:type\" content=\"article\" \/>\n<meta property=\"og:title\" content=\"\u0160tap za pa\u0161njak zeleni - 138cm - Clair\" \/>\n<meta property=\"og:description\" content=\"Cijena po komadu. \u0160tap za elektri\u010dnog pastira je odli\u010dno rje\u0161enje za dodatnu potporu elektri\u010dnoj ogradi. Provjerite na\u0161u ponudu i osigurajte si svoj.\" \/>\n<meta property=\"og:url\" content=\"https:\/\/clair.si\/hr\/izdelek\/stap-za-pasnjak-zeleni-138cm\/\" \/>\n<meta property=\"og:site_name\" content=\"Clair\" \/>\n<meta property=\"article:publisher\" content=\"https:\/\/www.facebook.com\/TrgovinaClair\/\" \/>\n<meta property=\"article:modified_time\" content=\"2025-08-28T04:37:30+00:00\" \/>\n<meta property=\"og:image\" content=\"https:\/\/clair.si\/wp-content\/uploads\/2024\/01\/palica-zelena-138.webp\" \/>\n\t<meta property=\"og:image:width\" content=\"385\" \/>\n\t<meta property=\"og:image:height\" content=\"385\" \/>\n\t<meta property=\"og:image:type\" content=\"image\/webp\" \/>\n<meta name=\"twitter:card\" content=\"summary_large_image\" \/>\n<script type=\"application\/ld+json\" class=\"yoast-schema-graph\">{\"@context\":\"https:\\\/\\\/schema.org\",\"@graph\":[{\"@type\":\"WebPage\",\"@id\":\"https:\\\/\\\/clair.si\\\/hr\\\/izdelek\\\/stap-za-pasnjak-zeleni-138cm\\\/\",\"url\":\"https:\\\/\\\/clair.si\\\/hr\\\/izdelek\\\/stap-za-pasnjak-zeleni-138cm\\\/\",\"name\":\"\u0160tap za pa\u0161njak zeleni - 138cm - Clair\",\"isPartOf\":{\"@id\":\"https:\\\/\\\/clair.si\\\/#website\"},\"primaryImageOfPage\":{\"@id\":\"https:\\\/\\\/clair.si\\\/hr\\\/izdelek\\\/stap-za-pasnjak-zeleni-138cm\\\/#primaryimage\"},\"image\":{\"@id\":\"https:\\\/\\\/clair.si\\\/hr\\\/izdelek\\\/stap-za-pasnjak-zeleni-138cm\\\/#primaryimage\"},\"thumbnailUrl\":\"https:\\\/\\\/clair.si\\\/wp-content\\\/uploads\\\/2024\\\/01\\\/palica-zelena-138.webp\",\"datePublished\":\"2024-01-16T19:34:04+00:00\",\"dateModified\":\"2025-08-28T04:37:30+00:00\",\"description\":\"Cijena po komadu. \u0160tap za elektri\u010dnog pastira je odli\u010dno rje\u0161enje za dodatnu potporu elektri\u010dnoj ogradi. Provjerite na\u0161u ponudu i osigurajte si svoj.\",\"breadcrumb\":{\"@id\":\"https:\\\/\\\/clair.si\\\/hr\\\/izdelek\\\/stap-za-pasnjak-zeleni-138cm\\\/#breadcrumb\"},\"inLanguage\":\"hr\",\"potentialAction\":[{\"@type\":\"ReadAction\",\"target\":[\"https:\\\/\\\/clair.si\\\/hr\\\/izdelek\\\/stap-za-pasnjak-zeleni-138cm\\\/\"]}]},{\"@type\":\"ImageObject\",\"inLanguage\":\"hr\",\"@id\":\"https:\\\/\\\/clair.si\\\/hr\\\/izdelek\\\/stap-za-pasnjak-zeleni-138cm\\\/#primaryimage\",\"url\":\"https:\\\/\\\/clair.si\\\/wp-content\\\/uploads\\\/2024\\\/01\\\/palica-zelena-138.webp\",\"contentUrl\":\"https:\\\/\\\/clair.si\\\/wp-content\\\/uploads\\\/2024\\\/01\\\/palica-zelena-138.webp\",\"width\":385,\"height\":385},{\"@type\":\"BreadcrumbList\",\"@id\":\"https:\\\/\\\/clair.si\\\/hr\\\/izdelek\\\/stap-za-pasnjak-zeleni-138cm\\\/#breadcrumb\",\"itemListElement\":[{\"@type\":\"ListItem\",\"position\":1,\"name\":\"Home\",\"item\":\"https:\\\/\\\/clair.si\\\/hr\\\/\"},{\"@type\":\"ListItem\",\"position\":2,\"name\":\"Trgovina\",\"item\":\"https:\\\/\\\/clair.si\\\/trgovina\\\/\"},{\"@type\":\"ListItem\",\"position\":3,\"name\":\"\u0160tap za pa\u0161njak zeleni &#8211; 138cm\"}]},{\"@type\":\"WebSite\",\"@id\":\"https:\\\/\\\/clair.si\\\/#website\",\"url\":\"https:\\\/\\\/clair.si\\\/\",\"name\":\"Clair\",\"description\":\"Trgovina s konjeni\u0161ko opremo\",\"publisher\":{\"@id\":\"https:\\\/\\\/clair.si\\\/#organization\"},\"potentialAction\":[{\"@type\":\"SearchAction\",\"target\":{\"@type\":\"EntryPoint\",\"urlTemplate\":\"https:\\\/\\\/clair.si\\\/?s={search_term_string}\"},\"query-input\":{\"@type\":\"PropertyValueSpecification\",\"valueRequired\":true,\"valueName\":\"search_term_string\"}}],\"inLanguage\":\"hr\"},{\"@type\":\"Organization\",\"@id\":\"https:\\\/\\\/clair.si\\\/#organization\",\"name\":\"Clair\",\"url\":\"https:\\\/\\\/clair.si\\\/\",\"logo\":{\"@type\":\"ImageObject\",\"inLanguage\":\"hr\",\"@id\":\"https:\\\/\\\/clair.si\\\/#\\\/schema\\\/logo\\\/image\\\/\",\"url\":\"https:\\\/\\\/clair.si\\\/wp-content\\\/uploads\\\/2022\\\/11\\\/clair_logo_2022.jpg\",\"contentUrl\":\"https:\\\/\\\/clair.si\\\/wp-content\\\/uploads\\\/2022\\\/11\\\/clair_logo_2022.jpg\",\"width\":1920,\"height\":1920,\"caption\":\"Clair\"},\"image\":{\"@id\":\"https:\\\/\\\/clair.si\\\/#\\\/schema\\\/logo\\\/image\\\/\"},\"sameAs\":[\"https:\\\/\\\/www.facebook.com\\\/TrgovinaClair\\\/\"]}]}<\/script>\n<!-- \/ Yoast SEO plugin. -->","yoast_head_json":{"title":"\u0160tap za pa\u0161njak zeleni - 138cm - Clair","description":"Cijena po komadu. \u0160tap za elektri\u010dnog pastira je odli\u010dno rje\u0161enje za dodatnu potporu elektri\u010dnoj ogradi. Provjerite na\u0161u ponudu i osigurajte si svoj.","robots":{"index":"index","follow":"follow","max-snippet":"max-snippet:-1","max-image-preview":"max-image-preview:large","max-video-preview":"max-video-preview:-1"},"canonical":"https:\/\/clair.si\/hr\/izdelek\/stap-za-pasnjak-zeleni-138cm\/","og_locale":"hr_HR","og_type":"article","og_title":"\u0160tap za pa\u0161njak zeleni - 138cm - Clair","og_description":"Cijena po komadu. \u0160tap za elektri\u010dnog pastira je odli\u010dno rje\u0161enje za dodatnu potporu elektri\u010dnoj ogradi. Provjerite na\u0161u ponudu i osigurajte si svoj.","og_url":"https:\/\/clair.si\/hr\/izdelek\/stap-za-pasnjak-zeleni-138cm\/","og_site_name":"Clair","article_publisher":"https:\/\/www.facebook.com\/TrgovinaClair\/","article_modified_time":"2025-08-28T04:37:30+00:00","og_image":[{"width":385,"height":385,"url":"https:\/\/clair.si\/wp-content\/uploads\/2024\/01\/palica-zelena-138.webp","type":"image\/webp"}],"twitter_card":"summary_large_image","schema":{"@context":"https:\/\/schema.org","@graph":[{"@type":"WebPage","@id":"https:\/\/clair.si\/hr\/izdelek\/stap-za-pasnjak-zeleni-138cm\/","url":"https:\/\/clair.si\/hr\/izdelek\/stap-za-pasnjak-zeleni-138cm\/","name":"\u0160tap za pa\u0161njak zeleni - 138cm - Clair","isPartOf":{"@id":"https:\/\/clair.si\/#website"},"primaryImageOfPage":{"@id":"https:\/\/clair.si\/hr\/izdelek\/stap-za-pasnjak-zeleni-138cm\/#primaryimage"},"image":{"@id":"https:\/\/clair.si\/hr\/izdelek\/stap-za-pasnjak-zeleni-138cm\/#primaryimage"},"thumbnailUrl":"https:\/\/clair.si\/wp-content\/uploads\/2024\/01\/palica-zelena-138.webp","datePublished":"2024-01-16T19:34:04+00:00","dateModified":"2025-08-28T04:37:30+00:00","description":"Cijena po komadu. \u0160tap za elektri\u010dnog pastira je odli\u010dno rje\u0161enje za dodatnu potporu elektri\u010dnoj ogradi. Provjerite na\u0161u ponudu i osigurajte si svoj.","breadcrumb":{"@id":"https:\/\/clair.si\/hr\/izdelek\/stap-za-pasnjak-zeleni-138cm\/#breadcrumb"},"inLanguage":"hr","potentialAction":[{"@type":"ReadAction","target":["https:\/\/clair.si\/hr\/izdelek\/stap-za-pasnjak-zeleni-138cm\/"]}]},{"@type":"ImageObject","inLanguage":"hr","@id":"https:\/\/clair.si\/hr\/izdelek\/stap-za-pasnjak-zeleni-138cm\/#primaryimage","url":"https:\/\/clair.si\/wp-content\/uploads\/2024\/01\/palica-zelena-138.webp","contentUrl":"https:\/\/clair.si\/wp-content\/uploads\/2024\/01\/palica-zelena-138.webp","width":385,"height":385},{"@type":"BreadcrumbList","@id":"https:\/\/clair.si\/hr\/izdelek\/stap-za-pasnjak-zeleni-138cm\/#breadcrumb","itemListElement":[{"@type":"ListItem","position":1,"name":"Home","item":"https:\/\/clair.si\/hr\/"},{"@type":"ListItem","position":2,"name":"Trgovina","item":"https:\/\/clair.si\/trgovina\/"},{"@type":"ListItem","position":3,"name":"\u0160tap za pa\u0161njak zeleni &#8211; 138cm"}]},{"@type":"WebSite","@id":"https:\/\/clair.si\/#website","url":"https:\/\/clair.si\/","name":"Clair","description":"Trgovina s konjeni\u0161ko opremo","publisher":{"@id":"https:\/\/clair.si\/#organization"},"potentialAction":[{"@type":"SearchAction","target":{"@type":"EntryPoint","urlTemplate":"https:\/\/clair.si\/?s={search_term_string}"},"query-input":{"@type":"PropertyValueSpecification","valueRequired":true,"valueName":"search_term_string"}}],"inLanguage":"hr"},{"@type":"Organization","@id":"https:\/\/clair.si\/#organization","name":"Clair","url":"https:\/\/clair.si\/","logo":{"@type":"ImageObject","inLanguage":"hr","@id":"https:\/\/clair.si\/#\/schema\/logo\/image\/","url":"https:\/\/clair.si\/wp-content\/uploads\/2022\/11\/clair_logo_2022.jpg","contentUrl":"https:\/\/clair.si\/wp-content\/uploads\/2022\/11\/clair_logo_2022.jpg","width":1920,"height":1920,"caption":"Clair"},"image":{"@id":"https:\/\/clair.si\/#\/schema\/logo\/image\/"},"sameAs":["https:\/\/www.facebook.com\/TrgovinaClair\/"]}]}},"_links":{"self":[{"href":"https:\/\/clair.si\/hr\/wp-json\/wp\/v2\/product\/97034","targetHints":{"allow":["GET"]}}],"collection":[{"href":"https:\/\/clair.si\/hr\/wp-json\/wp\/v2\/product"}],"about":[{"href":"https:\/\/clair.si\/hr\/wp-json\/wp\/v2\/types\/product"}],"version-history":[{"count":0,"href":"https:\/\/clair.si\/hr\/wp-json\/wp\/v2\/product\/97034\/revisions"}],"wp:featuredmedia":[{"embeddable":true,"href":"https:\/\/clair.si\/hr\/wp-json\/wp\/v2\/media\/97036"}],"wp:attachment":[{"href":"https:\/\/clair.si\/hr\/wp-json\/wp\/v2\/media?parent=97034"}],"wp:term":[{"taxonomy":"product_brand","embeddable":true,"href":"https:\/\/clair.si\/hr\/wp-json\/wp\/v2\/product_brand?post=97034"},{"taxonomy":"product_cat","embeddable":true,"href":"https:\/\/clair.si\/hr\/wp-json\/wp\/v2\/product_cat?post=97034"},{"taxonomy":"product_tag","embeddable":true,"href":"https:\/\/clair.si\/hr\/wp-json\/wp\/v2\/product_tag?post=97034"}],"curies":[{"name":"wp","href":"https:\/\/api.w.org\/{rel}","templated":true}]}}