{"id":97037,"date":"2024-01-16T20:34:05","date_gmt":"2024-01-16T19:34:05","guid":{"rendered":"https:\/\/clair.si\/izdelek\/stap-za-pasnjak-zeleni-108-cm\/"},"modified":"2025-08-28T06:37:26","modified_gmt":"2025-08-28T04:37:26","slug":"stap-za-pasnjak-zeleni-108-cm","status":"publish","type":"product","link":"https:\/\/clair.si\/hr\/izdelek\/stap-za-pasnjak-zeleni-108-cm\/","title":{"rendered":"\u0160tap za pa\u0161njak zeleni &#8211; 108cm"},"content":{"rendered":"<p>\u0160tap za pa\u0161njak <strong>zelene boje<\/strong>, <strong>visine 108cm<\/strong> ima <strong>10 izolatora<\/strong> i <strong>dvostruku potpornu stopalku<\/strong>. \u0160tap nije primjeren kao jedini oslonac, ve\u0107 je odli\u010dno rje\u0161enje za <strong>dodatnu potporu<\/strong> elektri\u010dnoj ogradi i <strong>dr\u017eanju linije<\/strong> elektri\u010dne trake ili u\u017eeta. <\/p>\n","protected":false},"excerpt":{"rendered":"<p>\u0160tap za pa\u0161njak zelene boje, visine 108cm ima 10 izolatora i dvostruku potpornu stopalku. \u0160tap nije primjeren kao jedini oslonac,<\/p>\n","protected":false},"featured_media":97042,"template":"","meta":{"footnotes":""},"product_brand":[],"product_cat":[5820,5821,6180],"product_tag":[],"class_list":{"0":"post-97037","1":"product","2":"type-product","3":"status-publish","4":"has-post-thumbnail","6":"product_cat-oprema-za-pasnjake","7":"product_cat-ostala-oprema-za-pasnjake","8":"product_cat-pastirski-stupici","10":"first","11":"instock","12":"sale","13":"shipping-taxable","14":"purchasable","15":"product-type-simple"},"yoast_head":"<!-- This site is optimized with the Yoast SEO plugin v27.4 - https:\/\/yoast.com\/product\/yoast-seo-wordpress\/ -->\n<title>\u0160tap za pa\u0161njak zeleni - 108cm - Clair<\/title>\n<meta name=\"description\" content=\"\u0160tap za pa\u0161njak zelene boje, visine 108cm ima 10 izolatora i dvostruku potpornu stopalku. \u0160tap nije primjeren kao jedini oslonac, ve\u0107 je odli\u010dno rje\u0161enje \u0160tap za pa\u0161njak, zelene boje, visine 108cm. Odli\u010dno je rje\u0161enje za svaku elektri\u010dnu ogradu. Osigurajte svoj primjerak sada:\" \/>\n<meta name=\"robots\" content=\"index, follow, max-snippet:-1, max-image-preview:large, max-video-preview:-1\" \/>\n<link rel=\"canonical\" href=\"https:\/\/clair.si\/hr\/izdelek\/stap-za-pasnjak-zeleni-108-cm\/\" \/>\n<meta property=\"og:locale\" content=\"hr_HR\" \/>\n<meta property=\"og:type\" content=\"article\" \/>\n<meta property=\"og:title\" content=\"\u0160tap za pa\u0161njak zeleni - 108cm - Clair\" \/>\n<meta property=\"og:description\" content=\"\u0160tap za pa\u0161njak zelene boje, visine 108cm ima 10 izolatora i dvostruku potpornu stopalku. \u0160tap nije primjeren kao jedini oslonac, ve\u0107 je odli\u010dno rje\u0161enje \u0160tap za pa\u0161njak, zelene boje, visine 108cm. Odli\u010dno je rje\u0161enje za svaku elektri\u010dnu ogradu. Osigurajte svoj primjerak sada:\" \/>\n<meta property=\"og:url\" content=\"https:\/\/clair.si\/hr\/izdelek\/stap-za-pasnjak-zeleni-108-cm\/\" \/>\n<meta property=\"og:site_name\" content=\"Clair\" \/>\n<meta property=\"article:publisher\" content=\"https:\/\/www.facebook.com\/TrgovinaClair\/\" \/>\n<meta property=\"article:modified_time\" content=\"2025-08-28T04:37:26+00:00\" \/>\n<meta property=\"og:image\" content=\"https:\/\/clair.si\/wp-content\/uploads\/2024\/01\/14380-5GN-1.webp\" \/>\n\t<meta property=\"og:image:width\" content=\"385\" \/>\n\t<meta property=\"og:image:height\" content=\"385\" \/>\n\t<meta property=\"og:image:type\" content=\"image\/webp\" \/>\n<meta name=\"twitter:card\" content=\"summary_large_image\" \/>\n<script type=\"application\/ld+json\" class=\"yoast-schema-graph\">{\"@context\":\"https:\\\/\\\/schema.org\",\"@graph\":[{\"@type\":\"WebPage\",\"@id\":\"https:\\\/\\\/clair.si\\\/hr\\\/izdelek\\\/stap-za-pasnjak-zeleni-108-cm\\\/\",\"url\":\"https:\\\/\\\/clair.si\\\/hr\\\/izdelek\\\/stap-za-pasnjak-zeleni-108-cm\\\/\",\"name\":\"\u0160tap za pa\u0161njak zeleni - 108cm - Clair\",\"isPartOf\":{\"@id\":\"https:\\\/\\\/clair.si\\\/#website\"},\"primaryImageOfPage\":{\"@id\":\"https:\\\/\\\/clair.si\\\/hr\\\/izdelek\\\/stap-za-pasnjak-zeleni-108-cm\\\/#primaryimage\"},\"image\":{\"@id\":\"https:\\\/\\\/clair.si\\\/hr\\\/izdelek\\\/stap-za-pasnjak-zeleni-108-cm\\\/#primaryimage\"},\"thumbnailUrl\":\"https:\\\/\\\/clair.si\\\/wp-content\\\/uploads\\\/2024\\\/01\\\/14380-5GN-1.webp\",\"datePublished\":\"2024-01-16T19:34:05+00:00\",\"dateModified\":\"2025-08-28T04:37:26+00:00\",\"description\":\"\u0160tap za pa\u0161njak zelene boje, visine 108cm ima 10 izolatora i dvostruku potpornu stopalku. \u0160tap nije primjeren kao jedini oslonac, ve\u0107 je odli\u010dno rje\u0161enje \u0160tap za pa\u0161njak, zelene boje, visine 108cm. Odli\u010dno je rje\u0161enje za svaku elektri\u010dnu ogradu. Osigurajte svoj primjerak sada:\",\"breadcrumb\":{\"@id\":\"https:\\\/\\\/clair.si\\\/hr\\\/izdelek\\\/stap-za-pasnjak-zeleni-108-cm\\\/#breadcrumb\"},\"inLanguage\":\"hr\",\"potentialAction\":[{\"@type\":\"ReadAction\",\"target\":[\"https:\\\/\\\/clair.si\\\/hr\\\/izdelek\\\/stap-za-pasnjak-zeleni-108-cm\\\/\"]}]},{\"@type\":\"ImageObject\",\"inLanguage\":\"hr\",\"@id\":\"https:\\\/\\\/clair.si\\\/hr\\\/izdelek\\\/stap-za-pasnjak-zeleni-108-cm\\\/#primaryimage\",\"url\":\"https:\\\/\\\/clair.si\\\/wp-content\\\/uploads\\\/2024\\\/01\\\/14380-5GN-1.webp\",\"contentUrl\":\"https:\\\/\\\/clair.si\\\/wp-content\\\/uploads\\\/2024\\\/01\\\/14380-5GN-1.webp\",\"width\":385,\"height\":385},{\"@type\":\"BreadcrumbList\",\"@id\":\"https:\\\/\\\/clair.si\\\/hr\\\/izdelek\\\/stap-za-pasnjak-zeleni-108-cm\\\/#breadcrumb\",\"itemListElement\":[{\"@type\":\"ListItem\",\"position\":1,\"name\":\"Home\",\"item\":\"https:\\\/\\\/clair.si\\\/hr\\\/\"},{\"@type\":\"ListItem\",\"position\":2,\"name\":\"Trgovina\",\"item\":\"https:\\\/\\\/clair.si\\\/trgovina\\\/\"},{\"@type\":\"ListItem\",\"position\":3,\"name\":\"\u0160tap za pa\u0161njak zeleni &#8211; 108cm\"}]},{\"@type\":\"WebSite\",\"@id\":\"https:\\\/\\\/clair.si\\\/#website\",\"url\":\"https:\\\/\\\/clair.si\\\/\",\"name\":\"Clair\",\"description\":\"Trgovina s konjeni\u0161ko opremo\",\"publisher\":{\"@id\":\"https:\\\/\\\/clair.si\\\/#organization\"},\"potentialAction\":[{\"@type\":\"SearchAction\",\"target\":{\"@type\":\"EntryPoint\",\"urlTemplate\":\"https:\\\/\\\/clair.si\\\/?s={search_term_string}\"},\"query-input\":{\"@type\":\"PropertyValueSpecification\",\"valueRequired\":true,\"valueName\":\"search_term_string\"}}],\"inLanguage\":\"hr\"},{\"@type\":\"Organization\",\"@id\":\"https:\\\/\\\/clair.si\\\/#organization\",\"name\":\"Clair\",\"url\":\"https:\\\/\\\/clair.si\\\/\",\"logo\":{\"@type\":\"ImageObject\",\"inLanguage\":\"hr\",\"@id\":\"https:\\\/\\\/clair.si\\\/#\\\/schema\\\/logo\\\/image\\\/\",\"url\":\"https:\\\/\\\/clair.si\\\/wp-content\\\/uploads\\\/2022\\\/11\\\/clair_logo_2022.jpg\",\"contentUrl\":\"https:\\\/\\\/clair.si\\\/wp-content\\\/uploads\\\/2022\\\/11\\\/clair_logo_2022.jpg\",\"width\":1920,\"height\":1920,\"caption\":\"Clair\"},\"image\":{\"@id\":\"https:\\\/\\\/clair.si\\\/#\\\/schema\\\/logo\\\/image\\\/\"},\"sameAs\":[\"https:\\\/\\\/www.facebook.com\\\/TrgovinaClair\\\/\"]}]}<\/script>\n<!-- \/ Yoast SEO plugin. -->","yoast_head_json":{"title":"\u0160tap za pa\u0161njak zeleni - 108cm - Clair","description":"\u0160tap za pa\u0161njak zelene boje, visine 108cm ima 10 izolatora i dvostruku potpornu stopalku. \u0160tap nije primjeren kao jedini oslonac, ve\u0107 je odli\u010dno rje\u0161enje \u0160tap za pa\u0161njak, zelene boje, visine 108cm. Odli\u010dno je rje\u0161enje za svaku elektri\u010dnu ogradu. Osigurajte svoj primjerak sada:","robots":{"index":"index","follow":"follow","max-snippet":"max-snippet:-1","max-image-preview":"max-image-preview:large","max-video-preview":"max-video-preview:-1"},"canonical":"https:\/\/clair.si\/hr\/izdelek\/stap-za-pasnjak-zeleni-108-cm\/","og_locale":"hr_HR","og_type":"article","og_title":"\u0160tap za pa\u0161njak zeleni - 108cm - Clair","og_description":"\u0160tap za pa\u0161njak zelene boje, visine 108cm ima 10 izolatora i dvostruku potpornu stopalku. \u0160tap nije primjeren kao jedini oslonac, ve\u0107 je odli\u010dno rje\u0161enje \u0160tap za pa\u0161njak, zelene boje, visine 108cm. Odli\u010dno je rje\u0161enje za svaku elektri\u010dnu ogradu. Osigurajte svoj primjerak sada:","og_url":"https:\/\/clair.si\/hr\/izdelek\/stap-za-pasnjak-zeleni-108-cm\/","og_site_name":"Clair","article_publisher":"https:\/\/www.facebook.com\/TrgovinaClair\/","article_modified_time":"2025-08-28T04:37:26+00:00","og_image":[{"width":385,"height":385,"url":"https:\/\/clair.si\/wp-content\/uploads\/2024\/01\/14380-5GN-1.webp","type":"image\/webp"}],"twitter_card":"summary_large_image","schema":{"@context":"https:\/\/schema.org","@graph":[{"@type":"WebPage","@id":"https:\/\/clair.si\/hr\/izdelek\/stap-za-pasnjak-zeleni-108-cm\/","url":"https:\/\/clair.si\/hr\/izdelek\/stap-za-pasnjak-zeleni-108-cm\/","name":"\u0160tap za pa\u0161njak zeleni - 108cm - Clair","isPartOf":{"@id":"https:\/\/clair.si\/#website"},"primaryImageOfPage":{"@id":"https:\/\/clair.si\/hr\/izdelek\/stap-za-pasnjak-zeleni-108-cm\/#primaryimage"},"image":{"@id":"https:\/\/clair.si\/hr\/izdelek\/stap-za-pasnjak-zeleni-108-cm\/#primaryimage"},"thumbnailUrl":"https:\/\/clair.si\/wp-content\/uploads\/2024\/01\/14380-5GN-1.webp","datePublished":"2024-01-16T19:34:05+00:00","dateModified":"2025-08-28T04:37:26+00:00","description":"\u0160tap za pa\u0161njak zelene boje, visine 108cm ima 10 izolatora i dvostruku potpornu stopalku. \u0160tap nije primjeren kao jedini oslonac, ve\u0107 je odli\u010dno rje\u0161enje \u0160tap za pa\u0161njak, zelene boje, visine 108cm. Odli\u010dno je rje\u0161enje za svaku elektri\u010dnu ogradu. Osigurajte svoj primjerak sada:","breadcrumb":{"@id":"https:\/\/clair.si\/hr\/izdelek\/stap-za-pasnjak-zeleni-108-cm\/#breadcrumb"},"inLanguage":"hr","potentialAction":[{"@type":"ReadAction","target":["https:\/\/clair.si\/hr\/izdelek\/stap-za-pasnjak-zeleni-108-cm\/"]}]},{"@type":"ImageObject","inLanguage":"hr","@id":"https:\/\/clair.si\/hr\/izdelek\/stap-za-pasnjak-zeleni-108-cm\/#primaryimage","url":"https:\/\/clair.si\/wp-content\/uploads\/2024\/01\/14380-5GN-1.webp","contentUrl":"https:\/\/clair.si\/wp-content\/uploads\/2024\/01\/14380-5GN-1.webp","width":385,"height":385},{"@type":"BreadcrumbList","@id":"https:\/\/clair.si\/hr\/izdelek\/stap-za-pasnjak-zeleni-108-cm\/#breadcrumb","itemListElement":[{"@type":"ListItem","position":1,"name":"Home","item":"https:\/\/clair.si\/hr\/"},{"@type":"ListItem","position":2,"name":"Trgovina","item":"https:\/\/clair.si\/trgovina\/"},{"@type":"ListItem","position":3,"name":"\u0160tap za pa\u0161njak zeleni &#8211; 108cm"}]},{"@type":"WebSite","@id":"https:\/\/clair.si\/#website","url":"https:\/\/clair.si\/","name":"Clair","description":"Trgovina s konjeni\u0161ko opremo","publisher":{"@id":"https:\/\/clair.si\/#organization"},"potentialAction":[{"@type":"SearchAction","target":{"@type":"EntryPoint","urlTemplate":"https:\/\/clair.si\/?s={search_term_string}"},"query-input":{"@type":"PropertyValueSpecification","valueRequired":true,"valueName":"search_term_string"}}],"inLanguage":"hr"},{"@type":"Organization","@id":"https:\/\/clair.si\/#organization","name":"Clair","url":"https:\/\/clair.si\/","logo":{"@type":"ImageObject","inLanguage":"hr","@id":"https:\/\/clair.si\/#\/schema\/logo\/image\/","url":"https:\/\/clair.si\/wp-content\/uploads\/2022\/11\/clair_logo_2022.jpg","contentUrl":"https:\/\/clair.si\/wp-content\/uploads\/2022\/11\/clair_logo_2022.jpg","width":1920,"height":1920,"caption":"Clair"},"image":{"@id":"https:\/\/clair.si\/#\/schema\/logo\/image\/"},"sameAs":["https:\/\/www.facebook.com\/TrgovinaClair\/"]}]}},"_links":{"self":[{"href":"https:\/\/clair.si\/hr\/wp-json\/wp\/v2\/product\/97037","targetHints":{"allow":["GET"]}}],"collection":[{"href":"https:\/\/clair.si\/hr\/wp-json\/wp\/v2\/product"}],"about":[{"href":"https:\/\/clair.si\/hr\/wp-json\/wp\/v2\/types\/product"}],"version-history":[{"count":0,"href":"https:\/\/clair.si\/hr\/wp-json\/wp\/v2\/product\/97037\/revisions"}],"wp:featuredmedia":[{"embeddable":true,"href":"https:\/\/clair.si\/hr\/wp-json\/wp\/v2\/media\/97042"}],"wp:attachment":[{"href":"https:\/\/clair.si\/hr\/wp-json\/wp\/v2\/media?parent=97037"}],"wp:term":[{"taxonomy":"product_brand","embeddable":true,"href":"https:\/\/clair.si\/hr\/wp-json\/wp\/v2\/product_brand?post=97037"},{"taxonomy":"product_cat","embeddable":true,"href":"https:\/\/clair.si\/hr\/wp-json\/wp\/v2\/product_cat?post=97037"},{"taxonomy":"product_tag","embeddable":true,"href":"https:\/\/clair.si\/hr\/wp-json\/wp\/v2\/product_tag?post=97037"}],"curies":[{"name":"wp","href":"https:\/\/api.w.org\/{rel}","templated":true}]}}