{"id":97046,"date":"2024-01-20T13:03:39","date_gmt":"2024-01-20T12:03:39","guid":{"rendered":"https:\/\/clair.si\/izdelek\/zastita-za-martingal-e-t-teddy\/"},"modified":"2025-09-23T12:34:27","modified_gmt":"2025-09-23T10:34:27","slug":"zastita-za-martingal-e-t-teddy","status":"publish","type":"product","link":"https:\/\/clair.si\/hr\/izdelek\/zastita-za-martingal-e-t-teddy\/","title":{"rendered":"Za\u0161tita za martingal E-T Teddy"},"content":{"rendered":"<p><strong>Za\u0161tita za martingal E-T Teddy<\/strong> &#8211; n<span class=\"HwtZe\" lang=\"sl\"><span class=\"jCAhz ChMk0b\"><span class=\"ryNqvb\">aprsna za\u0161tita za martingal od mekog, debelog sinteti\u010dkog ov\u010djeg krzna. Pri\u010dvr\u0161\u0107ivanje samoljepljivom trakom, \u010di\u010dak trakom. <\/span><\/span> <span class=\"jCAhz ChMk0b\"><span class=\"ryNqvb\">Poma\u017ee u sprje\u010davanju trljanja na prsima.<\/span><\/span> <\/span><\/p>\n<p><span class=\"HwtZe\" lang=\"sl\"><span class=\"jCAhz ChMk0b\"><span class=\"ryNqvb\">Sastav: 100% poliester.<\/span><\/span> <\/span><\/p>\n<p><span class=\"HwtZe\" lang=\"sl\"><span class=\"jCAhz ChMk0b\"><span class=\"ryNqvb\">Proizvod jednostavan za njegu.<\/span><\/span><\/span><\/p>\n<div class=\"lRu31\" dir=\"ltr\">\n<div class=\"OvtS8d\"><\/div>\n<div id=\"ow305\"><\/div>\n<\/div>\n<div class=\"UdTY9 WdefRb\" aria-hidden=\"true\" data-location=\"2\">\n<div class=\"kO6q6e\"><\/div>\n<\/div>\n<div class=\"XL3Kf XExWNc\">\n<div class=\"a8FIud\">\n<div data-show-delay-ms=\"250\" data-append-to-body=\"false\" data-propagate-tooltip-mouseover-events=\"true\" data-anchor-corner=\"bottom-end\" data-enable-skip-handler=\"false\" data-popup-corner=\"top-end\">\n<div><\/div>\n<\/div>\n<\/div>\n<\/div>\n<div class=\"ebT7ne VOLvac sMVRZe\">\n<div class=\"F0pQVc\">\u200b<\/div>\n<\/div>\n<p>&nbsp;<\/p>\n","protected":false},"excerpt":{"rendered":"<p>Za\u0161tita za martingal E-T Teddy &#8211; naprsna za\u0161tita za martingal od mekog, debelog sinteti\u010dkog ov\u010djeg krzna. Pri\u010dvr\u0161\u0107ivanje samoljepljivom trakom, \u010di\u010dak<\/p>\n","protected":false},"featured_media":107253,"template":"","meta":{"footnotes":""},"product_brand":[],"product_cat":[5624,5700,5697],"product_tag":[],"class_list":{"0":"post-97046","1":"product","2":"type-product","3":"status-publish","4":"has-post-thumbnail","6":"product_cat-konj-hr","7":"product_cat-martingali-i-prsnjaci","8":"product_cat-uzde-i-dizgini","10":"first","11":"instock","12":"shipping-taxable","13":"purchasable","14":"product-type-variable"},"yoast_head":"<!-- This site is optimized with the Yoast SEO plugin v27.4 - https:\/\/yoast.com\/product\/yoast-seo-wordpress\/ -->\n<title>Za\u0161tita za martingal E-T Teddy - Clair<\/title>\n<meta name=\"description\" content=\"Za\u0161tita za martingal E-T Teddy - naprsna za\u0161tita za martingal od mekog, debelog sinteti\u010dkog ov\u010djeg krzna. Pri\u010dvr\u0161\u0107ivanje samoljepljivom trakom, \u010di\u010dak\" \/>\n<meta name=\"robots\" content=\"index, follow, max-snippet:-1, max-image-preview:large, max-video-preview:-1\" \/>\n<link rel=\"canonical\" href=\"https:\/\/clair.si\/izdelek\/zascita-za-martingal-e-t-teddy\/\" \/>\n<meta property=\"og:locale\" content=\"hr_HR\" \/>\n<meta property=\"og:type\" content=\"article\" \/>\n<meta property=\"og:title\" content=\"Za\u0161tita za martingal E-T Teddy - Clair\" \/>\n<meta property=\"og:description\" content=\"Za\u0161tita za martingal E-T Teddy - naprsna za\u0161tita za martingal od mekog, debelog sinteti\u010dkog ov\u010djeg krzna. Pri\u010dvr\u0161\u0107ivanje samoljepljivom trakom, \u010di\u010dak\" \/>\n<meta property=\"og:url\" content=\"https:\/\/clair.si\/izdelek\/zascita-za-martingal-e-t-teddy\/\" \/>\n<meta property=\"og:site_name\" content=\"Clair\" \/>\n<meta property=\"article:publisher\" content=\"https:\/\/www.facebook.com\/TrgovinaClair\/\" \/>\n<meta property=\"article:modified_time\" content=\"2025-09-23T10:34:27+00:00\" \/>\n<meta property=\"og:image\" content=\"https:\/\/clair.si\/wp-content\/uploads\/2024\/01\/equitheme-teddy-zascita-za-martingal-crna-jpg.webp\" \/>\n\t<meta property=\"og:image:width\" content=\"800\" \/>\n\t<meta property=\"og:image:height\" content=\"800\" \/>\n\t<meta property=\"og:image:type\" content=\"image\/jpeg\" \/>\n<meta name=\"twitter:card\" content=\"summary_large_image\" \/>\n<meta name=\"twitter:label1\" content=\"Procijenjeno vrijeme \u010ditanja\" \/>\n\t<meta name=\"twitter:data1\" content=\"1 minuta\" \/>\n<script type=\"application\/ld+json\" class=\"yoast-schema-graph\">{\"@context\":\"https:\\\/\\\/schema.org\",\"@graph\":[{\"@type\":\"WebPage\",\"@id\":\"https:\\\/\\\/clair.si\\\/izdelek\\\/zascita-za-martingal-e-t-teddy\\\/\",\"url\":\"https:\\\/\\\/clair.si\\\/izdelek\\\/zascita-za-martingal-e-t-teddy\\\/\",\"name\":\"Za\u0161tita za martingal E-T Teddy - Clair\",\"isPartOf\":{\"@id\":\"https:\\\/\\\/clair.si\\\/#website\"},\"primaryImageOfPage\":{\"@id\":\"https:\\\/\\\/clair.si\\\/izdelek\\\/zascita-za-martingal-e-t-teddy\\\/#primaryimage\"},\"image\":{\"@id\":\"https:\\\/\\\/clair.si\\\/izdelek\\\/zascita-za-martingal-e-t-teddy\\\/#primaryimage\"},\"thumbnailUrl\":\"https:\\\/\\\/clair.si\\\/wp-content\\\/uploads\\\/2024\\\/01\\\/equitheme-teddy-zascita-za-martingal-crna-jpg.webp\",\"datePublished\":\"2024-01-20T12:03:39+00:00\",\"dateModified\":\"2025-09-23T10:34:27+00:00\",\"description\":\"Za\u0161tita za martingal E-T Teddy - naprsna za\u0161tita za martingal od mekog, debelog sinteti\u010dkog ov\u010djeg krzna. Pri\u010dvr\u0161\u0107ivanje samoljepljivom trakom, \u010di\u010dak\",\"breadcrumb\":{\"@id\":\"https:\\\/\\\/clair.si\\\/izdelek\\\/zascita-za-martingal-e-t-teddy\\\/#breadcrumb\"},\"inLanguage\":\"hr\",\"potentialAction\":[{\"@type\":\"ReadAction\",\"target\":[\"https:\\\/\\\/clair.si\\\/izdelek\\\/zascita-za-martingal-e-t-teddy\\\/\"]}]},{\"@type\":\"ImageObject\",\"inLanguage\":\"hr\",\"@id\":\"https:\\\/\\\/clair.si\\\/izdelek\\\/zascita-za-martingal-e-t-teddy\\\/#primaryimage\",\"url\":\"https:\\\/\\\/clair.si\\\/wp-content\\\/uploads\\\/2024\\\/01\\\/equitheme-teddy-zascita-za-martingal-crna-jpg.webp\",\"contentUrl\":\"https:\\\/\\\/clair.si\\\/wp-content\\\/uploads\\\/2024\\\/01\\\/equitheme-teddy-zascita-za-martingal-crna-jpg.webp\",\"width\":800,\"height\":800},{\"@type\":\"BreadcrumbList\",\"@id\":\"https:\\\/\\\/clair.si\\\/izdelek\\\/zascita-za-martingal-e-t-teddy\\\/#breadcrumb\",\"itemListElement\":[{\"@type\":\"ListItem\",\"position\":1,\"name\":\"Home\",\"item\":\"https:\\\/\\\/clair.si\\\/hr\\\/\"},{\"@type\":\"ListItem\",\"position\":2,\"name\":\"Trgovina\",\"item\":\"https:\\\/\\\/clair.si\\\/trgovina\\\/\"},{\"@type\":\"ListItem\",\"position\":3,\"name\":\"Za\u0161tita za martingal E-T Teddy\"}]},{\"@type\":\"WebSite\",\"@id\":\"https:\\\/\\\/clair.si\\\/#website\",\"url\":\"https:\\\/\\\/clair.si\\\/\",\"name\":\"Clair\",\"description\":\"Trgovina s konjeni\u0161ko opremo\",\"publisher\":{\"@id\":\"https:\\\/\\\/clair.si\\\/#organization\"},\"potentialAction\":[{\"@type\":\"SearchAction\",\"target\":{\"@type\":\"EntryPoint\",\"urlTemplate\":\"https:\\\/\\\/clair.si\\\/?s={search_term_string}\"},\"query-input\":{\"@type\":\"PropertyValueSpecification\",\"valueRequired\":true,\"valueName\":\"search_term_string\"}}],\"inLanguage\":\"hr\"},{\"@type\":\"Organization\",\"@id\":\"https:\\\/\\\/clair.si\\\/#organization\",\"name\":\"Clair\",\"url\":\"https:\\\/\\\/clair.si\\\/\",\"logo\":{\"@type\":\"ImageObject\",\"inLanguage\":\"hr\",\"@id\":\"https:\\\/\\\/clair.si\\\/#\\\/schema\\\/logo\\\/image\\\/\",\"url\":\"https:\\\/\\\/clair.si\\\/wp-content\\\/uploads\\\/2022\\\/11\\\/clair_logo_2022.jpg\",\"contentUrl\":\"https:\\\/\\\/clair.si\\\/wp-content\\\/uploads\\\/2022\\\/11\\\/clair_logo_2022.jpg\",\"width\":1920,\"height\":1920,\"caption\":\"Clair\"},\"image\":{\"@id\":\"https:\\\/\\\/clair.si\\\/#\\\/schema\\\/logo\\\/image\\\/\"},\"sameAs\":[\"https:\\\/\\\/www.facebook.com\\\/TrgovinaClair\\\/\"]}]}<\/script>\n<!-- \/ Yoast SEO plugin. -->","yoast_head_json":{"title":"Za\u0161tita za martingal E-T Teddy - Clair","description":"Za\u0161tita za martingal E-T Teddy - naprsna za\u0161tita za martingal od mekog, debelog sinteti\u010dkog ov\u010djeg krzna. Pri\u010dvr\u0161\u0107ivanje samoljepljivom trakom, \u010di\u010dak","robots":{"index":"index","follow":"follow","max-snippet":"max-snippet:-1","max-image-preview":"max-image-preview:large","max-video-preview":"max-video-preview:-1"},"canonical":"https:\/\/clair.si\/izdelek\/zascita-za-martingal-e-t-teddy\/","og_locale":"hr_HR","og_type":"article","og_title":"Za\u0161tita za martingal E-T Teddy - Clair","og_description":"Za\u0161tita za martingal E-T Teddy - naprsna za\u0161tita za martingal od mekog, debelog sinteti\u010dkog ov\u010djeg krzna. Pri\u010dvr\u0161\u0107ivanje samoljepljivom trakom, \u010di\u010dak","og_url":"https:\/\/clair.si\/izdelek\/zascita-za-martingal-e-t-teddy\/","og_site_name":"Clair","article_publisher":"https:\/\/www.facebook.com\/TrgovinaClair\/","article_modified_time":"2025-09-23T10:34:27+00:00","og_image":[{"width":800,"height":800,"url":"https:\/\/clair.si\/wp-content\/uploads\/2024\/01\/equitheme-teddy-zascita-za-martingal-crna-jpg.webp","type":"image\/jpeg"}],"twitter_card":"summary_large_image","twitter_misc":{"Procijenjeno vrijeme \u010ditanja":"1 minuta"},"schema":{"@context":"https:\/\/schema.org","@graph":[{"@type":"WebPage","@id":"https:\/\/clair.si\/izdelek\/zascita-za-martingal-e-t-teddy\/","url":"https:\/\/clair.si\/izdelek\/zascita-za-martingal-e-t-teddy\/","name":"Za\u0161tita za martingal E-T Teddy - Clair","isPartOf":{"@id":"https:\/\/clair.si\/#website"},"primaryImageOfPage":{"@id":"https:\/\/clair.si\/izdelek\/zascita-za-martingal-e-t-teddy\/#primaryimage"},"image":{"@id":"https:\/\/clair.si\/izdelek\/zascita-za-martingal-e-t-teddy\/#primaryimage"},"thumbnailUrl":"https:\/\/clair.si\/wp-content\/uploads\/2024\/01\/equitheme-teddy-zascita-za-martingal-crna-jpg.webp","datePublished":"2024-01-20T12:03:39+00:00","dateModified":"2025-09-23T10:34:27+00:00","description":"Za\u0161tita za martingal E-T Teddy - naprsna za\u0161tita za martingal od mekog, debelog sinteti\u010dkog ov\u010djeg krzna. Pri\u010dvr\u0161\u0107ivanje samoljepljivom trakom, \u010di\u010dak","breadcrumb":{"@id":"https:\/\/clair.si\/izdelek\/zascita-za-martingal-e-t-teddy\/#breadcrumb"},"inLanguage":"hr","potentialAction":[{"@type":"ReadAction","target":["https:\/\/clair.si\/izdelek\/zascita-za-martingal-e-t-teddy\/"]}]},{"@type":"ImageObject","inLanguage":"hr","@id":"https:\/\/clair.si\/izdelek\/zascita-za-martingal-e-t-teddy\/#primaryimage","url":"https:\/\/clair.si\/wp-content\/uploads\/2024\/01\/equitheme-teddy-zascita-za-martingal-crna-jpg.webp","contentUrl":"https:\/\/clair.si\/wp-content\/uploads\/2024\/01\/equitheme-teddy-zascita-za-martingal-crna-jpg.webp","width":800,"height":800},{"@type":"BreadcrumbList","@id":"https:\/\/clair.si\/izdelek\/zascita-za-martingal-e-t-teddy\/#breadcrumb","itemListElement":[{"@type":"ListItem","position":1,"name":"Home","item":"https:\/\/clair.si\/hr\/"},{"@type":"ListItem","position":2,"name":"Trgovina","item":"https:\/\/clair.si\/trgovina\/"},{"@type":"ListItem","position":3,"name":"Za\u0161tita za martingal E-T Teddy"}]},{"@type":"WebSite","@id":"https:\/\/clair.si\/#website","url":"https:\/\/clair.si\/","name":"Clair","description":"Trgovina s konjeni\u0161ko opremo","publisher":{"@id":"https:\/\/clair.si\/#organization"},"potentialAction":[{"@type":"SearchAction","target":{"@type":"EntryPoint","urlTemplate":"https:\/\/clair.si\/?s={search_term_string}"},"query-input":{"@type":"PropertyValueSpecification","valueRequired":true,"valueName":"search_term_string"}}],"inLanguage":"hr"},{"@type":"Organization","@id":"https:\/\/clair.si\/#organization","name":"Clair","url":"https:\/\/clair.si\/","logo":{"@type":"ImageObject","inLanguage":"hr","@id":"https:\/\/clair.si\/#\/schema\/logo\/image\/","url":"https:\/\/clair.si\/wp-content\/uploads\/2022\/11\/clair_logo_2022.jpg","contentUrl":"https:\/\/clair.si\/wp-content\/uploads\/2022\/11\/clair_logo_2022.jpg","width":1920,"height":1920,"caption":"Clair"},"image":{"@id":"https:\/\/clair.si\/#\/schema\/logo\/image\/"},"sameAs":["https:\/\/www.facebook.com\/TrgovinaClair\/"]}]}},"_links":{"self":[{"href":"https:\/\/clair.si\/hr\/wp-json\/wp\/v2\/product\/97046","targetHints":{"allow":["GET"]}}],"collection":[{"href":"https:\/\/clair.si\/hr\/wp-json\/wp\/v2\/product"}],"about":[{"href":"https:\/\/clair.si\/hr\/wp-json\/wp\/v2\/types\/product"}],"version-history":[{"count":1,"href":"https:\/\/clair.si\/hr\/wp-json\/wp\/v2\/product\/97046\/revisions"}],"predecessor-version":[{"id":114035,"href":"https:\/\/clair.si\/hr\/wp-json\/wp\/v2\/product\/97046\/revisions\/114035"}],"wp:featuredmedia":[{"embeddable":true,"href":"https:\/\/clair.si\/hr\/wp-json\/wp\/v2\/media\/107253"}],"wp:attachment":[{"href":"https:\/\/clair.si\/hr\/wp-json\/wp\/v2\/media?parent=97046"}],"wp:term":[{"taxonomy":"product_brand","embeddable":true,"href":"https:\/\/clair.si\/hr\/wp-json\/wp\/v2\/product_brand?post=97046"},{"taxonomy":"product_cat","embeddable":true,"href":"https:\/\/clair.si\/hr\/wp-json\/wp\/v2\/product_cat?post=97046"},{"taxonomy":"product_tag","embeddable":true,"href":"https:\/\/clair.si\/hr\/wp-json\/wp\/v2\/product_tag?post=97046"}],"curies":[{"name":"wp","href":"https:\/\/api.w.org\/{rel}","templated":true}]}}