{"id":97047,"date":"2023-12-29T09:41:42","date_gmt":"2023-12-29T08:41:42","guid":{"rendered":"https:\/\/clair.si\/izdelek\/naf-muck-off-za-uklanjanje-mrlja\/"},"modified":"2025-08-27T20:50:37","modified_gmt":"2025-08-27T18:50:37","slug":"naf-muck-off-za-uklanjanje-mrlja","status":"publish","type":"product","link":"https:\/\/clair.si\/hr\/izdelek\/naf-muck-off-za-uklanjanje-mrlja\/","title":{"rendered":"NAF Muck Off za uklanjanje mrlja"},"content":{"rendered":"<p><strong>NAF Muck Off \u2013 uklanja tvrdokorne mrlje bez napora!<\/strong><\/p>\n<p>Rije\u0161ite se tvrdokornih mrlja brzo i u\u010dinkovito uz <strong>NAF Muck Off<\/strong>! Sna\u017ean odstranjiva\u010d mrlja posebno je dizajniran za te\u0161ke mrlje, kao \u0161to su prljav\u0161tina, gnoj, trava i urin, koje se posebno dobro primaju na svijetlo obojenu dlaku. Bez obzira pripremate li svog konja za natjecanje ili \u017eelite da uvijek bude \u010dist i uredan, ovaj je proizvod idealan izbor. <\/p>\n<h3>Klju\u010dne zna\u010dajke NAF Muck Off:<\/h3>\n<ul>\n<li><strong>Izuzetno u\u010dinkovit protiv tvrdokornih mrlja<\/strong> \u2013 brzo uklanja \u010dak i duboke mrlje koje obi\u010dni \u0161amponi ne mogu.<\/li>\n<li><strong>Nje\u017eno prema konjevoj ko\u017ei<\/strong> \u2013 unato\u010d sna\u017enom djelovanju, Muck Off je nje\u017ean prema ko\u017ei i dlaci, \u0161to ga \u010dini sigurnim za redovitu uporabu.<\/li>\n<li><strong>Bez ispiranja<\/strong> \u2013 proizvod jednostavno nanesete na mrlju, pustite da djeluje nekoliko minuta i zatim obri\u0161ete vla\u017enom krpom ili spu\u017evom.<\/li>\n<li><strong>Odli\u010dno za pripremu za natjecanja<\/strong> \u2013 osigurava potpunu \u010disto\u0107u i sjaj va\u0161eg konja, \u0161to je idealno za natjecateljsku sezonu.<\/li>\n<li><strong>Prikladno za sve boje dlake<\/strong> \u2013 posebno u\u010dinkovito na svijetloj dlaci, a istovremeno prikladan za sve boje i tipove dlake.<\/li>\n<\/ul>\n<h3>Za\u0161to odabrati NAF Muck Off?<\/h3>\n<ul>\n<li><strong>Brza i jednostavna uporaba<\/strong> \u2013 bez potrebe za ispiranjem, \u0161to \u0161tedi vrijeme i omogu\u0107uje jednostavnu uporabu bilo gdje.<\/li>\n<li><strong>Brand kojem mo\u017eete vjerovati<\/strong> \u2013 <strong>NAF<\/strong> je ve\u0107 dugi niz godina sinonim za visokokvalitetne proizvode za njegu konja, s pouzdanim formulama koje osiguravaju najbolje rezultate.<\/li>\n<li><strong>Prikladno za sve konje<\/strong> \u2013 siguran za uporabu na osjetljivim konjima i konjima s ko\u017enim problemima.<\/li>\n<\/ul>\n<h3>Kako ga koristiti?<\/h3>\n<ol>\n<li>Sprej raspr\u0161ite izravno na mrlju. Stvorit \u0107e se gusta pjena. <\/li>\n<li>Pustite da djeluje nekoliko minuta da formula prodre u dlaku.<\/li>\n<li>Uklonite mrlju vla\u017enom krpom ili spu\u017evom, pri \u010demu ne trebate dodatno ispiranje.<\/li>\n<li>Po potrebi ponovite postupak.<\/li>\n<\/ol>\n<p>Rije\u0161ite se mrlja bez stresa i osigurajte da va\u0161 konj uvijek izgleda najbolje! NAF Muck Off \u2013 neophodan dodatak svakog vlasnika bijelog konja! \ud83d\ude00  <\/p>\n<p>Sastav: citronelol, geraniol, heksil cimetni aldehid, hidroksicitronelal, linalool, 5-kloro-2-metil-4-izotiazolin-3-on\/2-metil-4-izotiazolin-3-on<\/p>\n","protected":false},"excerpt":{"rendered":"<ul>\n<li>pjena koja uklanja mrlje bez ispiranja<\/li>\n<li>idealno za vlasnike bijelih konja \ud83d\ude09<\/li>\n<\/ul>\n","protected":false},"featured_media":97051,"template":"","meta":{"footnotes":""},"product_brand":[],"product_cat":[5624,5675,5677,5625,5627,5852],"product_tag":[],"class_list":{"0":"post-97047","1":"product","2":"type-product","3":"status-publish","4":"has-post-thumbnail","6":"product_cat-konj-hr","7":"product_cat-kozmetika-za-konje-hr","8":"product_cat-kozmetika-za-konje-hr-2","9":"product_cat-njega-konja","10":"product_cat-stala-i-pasnjak","11":"product_cat-uklanjanje-mrlja","13":"first","14":"instock","15":"shipping-taxable","16":"purchasable","17":"product-type-simple"},"yoast_head":"<!-- This site is optimized with the Yoast SEO plugin v27.4 - https:\/\/yoast.com\/product\/yoast-seo-wordpress\/ -->\n<title>NAF Muck Off za uklanjanje mrlja - Clair<\/title>\n<meta name=\"description\" content=\"pjena koja uklanja mrlje bez ispiranja  idealno za vlasnike bijelih konja ;)\" \/>\n<meta name=\"robots\" content=\"index, follow, max-snippet:-1, max-image-preview:large, max-video-preview:-1\" \/>\n<link rel=\"canonical\" href=\"https:\/\/clair.si\/hr\/izdelek\/naf-muck-off-za-uklanjanje-mrlja\/\" \/>\n<meta property=\"og:locale\" content=\"hr_HR\" \/>\n<meta property=\"og:type\" content=\"article\" \/>\n<meta property=\"og:title\" content=\"NAF Muck Off za uklanjanje mrlja - Clair\" \/>\n<meta property=\"og:description\" content=\"pjena koja uklanja mrlje bez ispiranja  idealno za vlasnike bijelih konja ;)\" \/>\n<meta property=\"og:url\" content=\"https:\/\/clair.si\/hr\/izdelek\/naf-muck-off-za-uklanjanje-mrlja\/\" \/>\n<meta property=\"og:site_name\" content=\"Clair\" \/>\n<meta property=\"article:publisher\" content=\"https:\/\/www.facebook.com\/TrgovinaClair\/\" \/>\n<meta property=\"article:modified_time\" content=\"2025-08-27T18:50:37+00:00\" \/>\n<meta property=\"og:image\" content=\"https:\/\/clair.si\/wp-content\/uploads\/2023\/12\/NAF-MUCK-OFF-ODSTRANJEVALEC-MADEZEV-NA-DLAKI-KONJ-CLAIR-TRGOVINA-jpg.webp\" \/>\n\t<meta property=\"og:image:width\" content=\"800\" \/>\n\t<meta property=\"og:image:height\" content=\"800\" \/>\n\t<meta property=\"og:image:type\" content=\"image\/jpeg\" \/>\n<meta name=\"twitter:card\" content=\"summary_large_image\" \/>\n<meta name=\"twitter:label1\" content=\"Procijenjeno vrijeme \u010ditanja\" \/>\n\t<meta name=\"twitter:data1\" content=\"2 minute\" \/>\n<script type=\"application\/ld+json\" class=\"yoast-schema-graph\">{\"@context\":\"https:\\\/\\\/schema.org\",\"@graph\":[{\"@type\":\"WebPage\",\"@id\":\"https:\\\/\\\/clair.si\\\/hr\\\/izdelek\\\/naf-muck-off-za-uklanjanje-mrlja\\\/\",\"url\":\"https:\\\/\\\/clair.si\\\/hr\\\/izdelek\\\/naf-muck-off-za-uklanjanje-mrlja\\\/\",\"name\":\"NAF Muck Off za uklanjanje mrlja - Clair\",\"isPartOf\":{\"@id\":\"https:\\\/\\\/clair.si\\\/#website\"},\"primaryImageOfPage\":{\"@id\":\"https:\\\/\\\/clair.si\\\/hr\\\/izdelek\\\/naf-muck-off-za-uklanjanje-mrlja\\\/#primaryimage\"},\"image\":{\"@id\":\"https:\\\/\\\/clair.si\\\/hr\\\/izdelek\\\/naf-muck-off-za-uklanjanje-mrlja\\\/#primaryimage\"},\"thumbnailUrl\":\"https:\\\/\\\/clair.si\\\/wp-content\\\/uploads\\\/2023\\\/12\\\/NAF-MUCK-OFF-ODSTRANJEVALEC-MADEZEV-NA-DLAKI-KONJ-CLAIR-TRGOVINA-jpg.webp\",\"datePublished\":\"2023-12-29T08:41:42+00:00\",\"dateModified\":\"2025-08-27T18:50:37+00:00\",\"description\":\"pjena koja uklanja mrlje bez ispiranja idealno za vlasnike bijelih konja ;)\",\"breadcrumb\":{\"@id\":\"https:\\\/\\\/clair.si\\\/hr\\\/izdelek\\\/naf-muck-off-za-uklanjanje-mrlja\\\/#breadcrumb\"},\"inLanguage\":\"hr\",\"potentialAction\":[{\"@type\":\"ReadAction\",\"target\":[\"https:\\\/\\\/clair.si\\\/hr\\\/izdelek\\\/naf-muck-off-za-uklanjanje-mrlja\\\/\"]}]},{\"@type\":\"ImageObject\",\"inLanguage\":\"hr\",\"@id\":\"https:\\\/\\\/clair.si\\\/hr\\\/izdelek\\\/naf-muck-off-za-uklanjanje-mrlja\\\/#primaryimage\",\"url\":\"https:\\\/\\\/clair.si\\\/wp-content\\\/uploads\\\/2023\\\/12\\\/NAF-MUCK-OFF-ODSTRANJEVALEC-MADEZEV-NA-DLAKI-KONJ-CLAIR-TRGOVINA-jpg.webp\",\"contentUrl\":\"https:\\\/\\\/clair.si\\\/wp-content\\\/uploads\\\/2023\\\/12\\\/NAF-MUCK-OFF-ODSTRANJEVALEC-MADEZEV-NA-DLAKI-KONJ-CLAIR-TRGOVINA-jpg.webp\",\"width\":800,\"height\":800},{\"@type\":\"BreadcrumbList\",\"@id\":\"https:\\\/\\\/clair.si\\\/hr\\\/izdelek\\\/naf-muck-off-za-uklanjanje-mrlja\\\/#breadcrumb\",\"itemListElement\":[{\"@type\":\"ListItem\",\"position\":1,\"name\":\"Home\",\"item\":\"https:\\\/\\\/clair.si\\\/hr\\\/\"},{\"@type\":\"ListItem\",\"position\":2,\"name\":\"Trgovina\",\"item\":\"https:\\\/\\\/clair.si\\\/trgovina\\\/\"},{\"@type\":\"ListItem\",\"position\":3,\"name\":\"NAF Muck Off za uklanjanje mrlja\"}]},{\"@type\":\"WebSite\",\"@id\":\"https:\\\/\\\/clair.si\\\/#website\",\"url\":\"https:\\\/\\\/clair.si\\\/\",\"name\":\"Clair\",\"description\":\"Trgovina s konjeni\u0161ko opremo\",\"publisher\":{\"@id\":\"https:\\\/\\\/clair.si\\\/#organization\"},\"potentialAction\":[{\"@type\":\"SearchAction\",\"target\":{\"@type\":\"EntryPoint\",\"urlTemplate\":\"https:\\\/\\\/clair.si\\\/?s={search_term_string}\"},\"query-input\":{\"@type\":\"PropertyValueSpecification\",\"valueRequired\":true,\"valueName\":\"search_term_string\"}}],\"inLanguage\":\"hr\"},{\"@type\":\"Organization\",\"@id\":\"https:\\\/\\\/clair.si\\\/#organization\",\"name\":\"Clair\",\"url\":\"https:\\\/\\\/clair.si\\\/\",\"logo\":{\"@type\":\"ImageObject\",\"inLanguage\":\"hr\",\"@id\":\"https:\\\/\\\/clair.si\\\/#\\\/schema\\\/logo\\\/image\\\/\",\"url\":\"https:\\\/\\\/clair.si\\\/wp-content\\\/uploads\\\/2022\\\/11\\\/clair_logo_2022.jpg\",\"contentUrl\":\"https:\\\/\\\/clair.si\\\/wp-content\\\/uploads\\\/2022\\\/11\\\/clair_logo_2022.jpg\",\"width\":1920,\"height\":1920,\"caption\":\"Clair\"},\"image\":{\"@id\":\"https:\\\/\\\/clair.si\\\/#\\\/schema\\\/logo\\\/image\\\/\"},\"sameAs\":[\"https:\\\/\\\/www.facebook.com\\\/TrgovinaClair\\\/\"]}]}<\/script>\n<!-- \/ Yoast SEO plugin. -->","yoast_head_json":{"title":"NAF Muck Off za uklanjanje mrlja - Clair","description":"pjena koja uklanja mrlje bez ispiranja  idealno za vlasnike bijelih konja ;)","robots":{"index":"index","follow":"follow","max-snippet":"max-snippet:-1","max-image-preview":"max-image-preview:large","max-video-preview":"max-video-preview:-1"},"canonical":"https:\/\/clair.si\/hr\/izdelek\/naf-muck-off-za-uklanjanje-mrlja\/","og_locale":"hr_HR","og_type":"article","og_title":"NAF Muck Off za uklanjanje mrlja - Clair","og_description":"pjena koja uklanja mrlje bez ispiranja  idealno za vlasnike bijelih konja ;)","og_url":"https:\/\/clair.si\/hr\/izdelek\/naf-muck-off-za-uklanjanje-mrlja\/","og_site_name":"Clair","article_publisher":"https:\/\/www.facebook.com\/TrgovinaClair\/","article_modified_time":"2025-08-27T18:50:37+00:00","og_image":[{"width":800,"height":800,"url":"https:\/\/clair.si\/wp-content\/uploads\/2023\/12\/NAF-MUCK-OFF-ODSTRANJEVALEC-MADEZEV-NA-DLAKI-KONJ-CLAIR-TRGOVINA-jpg.webp","type":"image\/jpeg"}],"twitter_card":"summary_large_image","twitter_misc":{"Procijenjeno vrijeme \u010ditanja":"2 minute"},"schema":{"@context":"https:\/\/schema.org","@graph":[{"@type":"WebPage","@id":"https:\/\/clair.si\/hr\/izdelek\/naf-muck-off-za-uklanjanje-mrlja\/","url":"https:\/\/clair.si\/hr\/izdelek\/naf-muck-off-za-uklanjanje-mrlja\/","name":"NAF Muck Off za uklanjanje mrlja - Clair","isPartOf":{"@id":"https:\/\/clair.si\/#website"},"primaryImageOfPage":{"@id":"https:\/\/clair.si\/hr\/izdelek\/naf-muck-off-za-uklanjanje-mrlja\/#primaryimage"},"image":{"@id":"https:\/\/clair.si\/hr\/izdelek\/naf-muck-off-za-uklanjanje-mrlja\/#primaryimage"},"thumbnailUrl":"https:\/\/clair.si\/wp-content\/uploads\/2023\/12\/NAF-MUCK-OFF-ODSTRANJEVALEC-MADEZEV-NA-DLAKI-KONJ-CLAIR-TRGOVINA-jpg.webp","datePublished":"2023-12-29T08:41:42+00:00","dateModified":"2025-08-27T18:50:37+00:00","description":"pjena koja uklanja mrlje bez ispiranja idealno za vlasnike bijelih konja ;)","breadcrumb":{"@id":"https:\/\/clair.si\/hr\/izdelek\/naf-muck-off-za-uklanjanje-mrlja\/#breadcrumb"},"inLanguage":"hr","potentialAction":[{"@type":"ReadAction","target":["https:\/\/clair.si\/hr\/izdelek\/naf-muck-off-za-uklanjanje-mrlja\/"]}]},{"@type":"ImageObject","inLanguage":"hr","@id":"https:\/\/clair.si\/hr\/izdelek\/naf-muck-off-za-uklanjanje-mrlja\/#primaryimage","url":"https:\/\/clair.si\/wp-content\/uploads\/2023\/12\/NAF-MUCK-OFF-ODSTRANJEVALEC-MADEZEV-NA-DLAKI-KONJ-CLAIR-TRGOVINA-jpg.webp","contentUrl":"https:\/\/clair.si\/wp-content\/uploads\/2023\/12\/NAF-MUCK-OFF-ODSTRANJEVALEC-MADEZEV-NA-DLAKI-KONJ-CLAIR-TRGOVINA-jpg.webp","width":800,"height":800},{"@type":"BreadcrumbList","@id":"https:\/\/clair.si\/hr\/izdelek\/naf-muck-off-za-uklanjanje-mrlja\/#breadcrumb","itemListElement":[{"@type":"ListItem","position":1,"name":"Home","item":"https:\/\/clair.si\/hr\/"},{"@type":"ListItem","position":2,"name":"Trgovina","item":"https:\/\/clair.si\/trgovina\/"},{"@type":"ListItem","position":3,"name":"NAF Muck Off za uklanjanje mrlja"}]},{"@type":"WebSite","@id":"https:\/\/clair.si\/#website","url":"https:\/\/clair.si\/","name":"Clair","description":"Trgovina s konjeni\u0161ko opremo","publisher":{"@id":"https:\/\/clair.si\/#organization"},"potentialAction":[{"@type":"SearchAction","target":{"@type":"EntryPoint","urlTemplate":"https:\/\/clair.si\/?s={search_term_string}"},"query-input":{"@type":"PropertyValueSpecification","valueRequired":true,"valueName":"search_term_string"}}],"inLanguage":"hr"},{"@type":"Organization","@id":"https:\/\/clair.si\/#organization","name":"Clair","url":"https:\/\/clair.si\/","logo":{"@type":"ImageObject","inLanguage":"hr","@id":"https:\/\/clair.si\/#\/schema\/logo\/image\/","url":"https:\/\/clair.si\/wp-content\/uploads\/2022\/11\/clair_logo_2022.jpg","contentUrl":"https:\/\/clair.si\/wp-content\/uploads\/2022\/11\/clair_logo_2022.jpg","width":1920,"height":1920,"caption":"Clair"},"image":{"@id":"https:\/\/clair.si\/#\/schema\/logo\/image\/"},"sameAs":["https:\/\/www.facebook.com\/TrgovinaClair\/"]}]}},"_links":{"self":[{"href":"https:\/\/clair.si\/hr\/wp-json\/wp\/v2\/product\/97047","targetHints":{"allow":["GET"]}}],"collection":[{"href":"https:\/\/clair.si\/hr\/wp-json\/wp\/v2\/product"}],"about":[{"href":"https:\/\/clair.si\/hr\/wp-json\/wp\/v2\/types\/product"}],"version-history":[{"count":0,"href":"https:\/\/clair.si\/hr\/wp-json\/wp\/v2\/product\/97047\/revisions"}],"wp:featuredmedia":[{"embeddable":true,"href":"https:\/\/clair.si\/hr\/wp-json\/wp\/v2\/media\/97051"}],"wp:attachment":[{"href":"https:\/\/clair.si\/hr\/wp-json\/wp\/v2\/media?parent=97047"}],"wp:term":[{"taxonomy":"product_brand","embeddable":true,"href":"https:\/\/clair.si\/hr\/wp-json\/wp\/v2\/product_brand?post=97047"},{"taxonomy":"product_cat","embeddable":true,"href":"https:\/\/clair.si\/hr\/wp-json\/wp\/v2\/product_cat?post=97047"},{"taxonomy":"product_tag","embeddable":true,"href":"https:\/\/clair.si\/hr\/wp-json\/wp\/v2\/product_tag?post=97047"}],"curies":[{"name":"wp","href":"https:\/\/api.w.org\/{rel}","templated":true}]}}