{"id":97077,"date":"2023-12-15T08:16:26","date_gmt":"2023-12-15T07:16:26","guid":{"rendered":"https:\/\/clair.si\/izdelek\/nosac-za-posudu-za-prepreke-h-t\/"},"modified":"2025-08-27T12:04:47","modified_gmt":"2025-08-27T10:04:47","slug":"nosac-za-posudu-za-prepreke-h-t","status":"publish","type":"product","link":"https:\/\/clair.si\/hr\/izdelek\/nosac-za-posudu-za-prepreke-h-t\/","title":{"rendered":"Dr\u017ea\u010d za zdjelu za prepreke H-T"},"content":{"rendered":"<p><strong>Dr\u017ea\u010d za zdjelu za prepreke H-T<\/strong> &#8211;  <span class=\"HwtZe\" lang=\"sl\"><span class=\"jCAhz ChMk0b\"><span class=\"ryNqvb\">Izuzetno jaka ABS plastika s urezima za skaka\u010dke zdjelice svakih 5 cm.<\/span><\/span> <span class=\"jCAhz ChMk0b\"><span class=\"ryNqvb\">Pri\u010dvr\u0161\u0107uje se na drvenu gredu vijcima.<\/span><\/span> <span class=\"jCAhz ChMk0b\"><span class=\"ryNqvb\">S jednim ili vi\u0161e dodatnih dr\u017ea\u010da pove\u0107avamo ukupnu visinu. Duljina: 50 cm \u0160irina: 5 cm Debljina: 1 cm <\/span><\/span> <\/span><\/p>\n<p>&nbsp;<\/p>\n","protected":false},"excerpt":{"rendered":"<p>Dr\u017ea\u010d za zdjelu za prepreke H-T &#8211; Izuzetno jaka ABS plastika s urezima za skaka\u010dke zdjelice svakih 5 cm. Pri\u010dvr\u0161\u0107uje<\/p>\n","protected":false},"featured_media":97079,"template":"","meta":{"footnotes":""},"product_brand":[],"product_cat":[5756,5627],"product_tag":[],"class_list":{"0":"post-97077","1":"product","2":"type-product","3":"status-publish","4":"has-post-thumbnail","6":"product_cat-dodaci-za-stalu","7":"product_cat-stala-i-pasnjak","9":"first","10":"instock","11":"shipping-taxable","12":"purchasable","13":"product-type-simple"},"yoast_head":"<!-- This site is optimized with the Yoast SEO plugin v27.3 - https:\/\/yoast.com\/product\/yoast-seo-wordpress\/ -->\n<title>Dr\u017ea\u010d za zdjelu za prepreke H-T - Clair<\/title>\n<meta name=\"description\" content=\"Dr\u017ea\u010d za zdjelu za prepreke H-T - Izuzetno jaka ABS plastika s urezima za skaka\u010dke zdjelice svakih 5 cm. Pri\u010dvr\u0161\u0107uje se na drvenu gredu vijcima. S jednim\" \/>\n<meta name=\"robots\" content=\"index, follow, max-snippet:-1, max-image-preview:large, max-video-preview:-1\" \/>\n<link rel=\"canonical\" href=\"https:\/\/clair.si\/hr\/izdelek\/nosac-za-posudu-za-prepreke-h-t\/\" \/>\n<meta property=\"og:locale\" content=\"hr_HR\" \/>\n<meta property=\"og:type\" content=\"article\" \/>\n<meta property=\"og:title\" content=\"Dr\u017ea\u010d za zdjelu za prepreke H-T - Clair\" \/>\n<meta property=\"og:description\" content=\"Dr\u017ea\u010d za zdjelu za prepreke H-T - Izuzetno jaka ABS plastika s urezima za skaka\u010dke zdjelice svakih 5 cm. Pri\u010dvr\u0161\u0107uje se na drvenu gredu vijcima. S jednim\" \/>\n<meta property=\"og:url\" content=\"https:\/\/clair.si\/hr\/izdelek\/nosac-za-posudu-za-prepreke-h-t\/\" \/>\n<meta property=\"og:site_name\" content=\"Clair\" \/>\n<meta property=\"article:publisher\" content=\"https:\/\/www.facebook.com\/TrgovinaClair\/\" \/>\n<meta property=\"article:modified_time\" content=\"2025-08-27T10:04:47+00:00\" \/>\n<meta property=\"og:image\" content=\"https:\/\/clair.si\/wp-content\/uploads\/2023\/12\/hippotonic-drzalo-za-skodelo-za-ovire-jpg.webp\" \/>\n\t<meta property=\"og:image:width\" content=\"800\" \/>\n\t<meta property=\"og:image:height\" content=\"800\" \/>\n\t<meta property=\"og:image:type\" content=\"image\/jpeg\" \/>\n<meta name=\"twitter:card\" content=\"summary_large_image\" \/>\n<script type=\"application\/ld+json\" class=\"yoast-schema-graph\">{\"@context\":\"https:\\\/\\\/schema.org\",\"@graph\":[{\"@type\":\"WebPage\",\"@id\":\"https:\\\/\\\/clair.si\\\/hr\\\/izdelek\\\/nosac-za-posudu-za-prepreke-h-t\\\/\",\"url\":\"https:\\\/\\\/clair.si\\\/hr\\\/izdelek\\\/nosac-za-posudu-za-prepreke-h-t\\\/\",\"name\":\"Dr\u017ea\u010d za zdjelu za prepreke H-T - Clair\",\"isPartOf\":{\"@id\":\"https:\\\/\\\/clair.si\\\/#website\"},\"primaryImageOfPage\":{\"@id\":\"https:\\\/\\\/clair.si\\\/hr\\\/izdelek\\\/nosac-za-posudu-za-prepreke-h-t\\\/#primaryimage\"},\"image\":{\"@id\":\"https:\\\/\\\/clair.si\\\/hr\\\/izdelek\\\/nosac-za-posudu-za-prepreke-h-t\\\/#primaryimage\"},\"thumbnailUrl\":\"https:\\\/\\\/clair.si\\\/wp-content\\\/uploads\\\/2023\\\/12\\\/hippotonic-drzalo-za-skodelo-za-ovire-jpg.webp\",\"datePublished\":\"2023-12-15T07:16:26+00:00\",\"dateModified\":\"2025-08-27T10:04:47+00:00\",\"description\":\"Dr\u017ea\u010d za zdjelu za prepreke H-T - Izuzetno jaka ABS plastika s urezima za skaka\u010dke zdjelice svakih 5 cm. Pri\u010dvr\u0161\u0107uje se na drvenu gredu vijcima. S jednim\",\"breadcrumb\":{\"@id\":\"https:\\\/\\\/clair.si\\\/hr\\\/izdelek\\\/nosac-za-posudu-za-prepreke-h-t\\\/#breadcrumb\"},\"inLanguage\":\"hr\",\"potentialAction\":[{\"@type\":\"ReadAction\",\"target\":[\"https:\\\/\\\/clair.si\\\/hr\\\/izdelek\\\/nosac-za-posudu-za-prepreke-h-t\\\/\"]}]},{\"@type\":\"ImageObject\",\"inLanguage\":\"hr\",\"@id\":\"https:\\\/\\\/clair.si\\\/hr\\\/izdelek\\\/nosac-za-posudu-za-prepreke-h-t\\\/#primaryimage\",\"url\":\"https:\\\/\\\/clair.si\\\/wp-content\\\/uploads\\\/2023\\\/12\\\/hippotonic-drzalo-za-skodelo-za-ovire-jpg.webp\",\"contentUrl\":\"https:\\\/\\\/clair.si\\\/wp-content\\\/uploads\\\/2023\\\/12\\\/hippotonic-drzalo-za-skodelo-za-ovire-jpg.webp\",\"width\":800,\"height\":800},{\"@type\":\"BreadcrumbList\",\"@id\":\"https:\\\/\\\/clair.si\\\/hr\\\/izdelek\\\/nosac-za-posudu-za-prepreke-h-t\\\/#breadcrumb\",\"itemListElement\":[{\"@type\":\"ListItem\",\"position\":1,\"name\":\"Home\",\"item\":\"https:\\\/\\\/clair.si\\\/hr\\\/\"},{\"@type\":\"ListItem\",\"position\":2,\"name\":\"Trgovina\",\"item\":\"https:\\\/\\\/clair.si\\\/trgovina\\\/\"},{\"@type\":\"ListItem\",\"position\":3,\"name\":\"Dr\u017ea\u010d za zdjelu za prepreke H-T\"}]},{\"@type\":\"WebSite\",\"@id\":\"https:\\\/\\\/clair.si\\\/#website\",\"url\":\"https:\\\/\\\/clair.si\\\/\",\"name\":\"Clair\",\"description\":\"Trgovina s konjeni\u0161ko opremo\",\"publisher\":{\"@id\":\"https:\\\/\\\/clair.si\\\/#organization\"},\"potentialAction\":[{\"@type\":\"SearchAction\",\"target\":{\"@type\":\"EntryPoint\",\"urlTemplate\":\"https:\\\/\\\/clair.si\\\/?s={search_term_string}\"},\"query-input\":{\"@type\":\"PropertyValueSpecification\",\"valueRequired\":true,\"valueName\":\"search_term_string\"}}],\"inLanguage\":\"hr\"},{\"@type\":\"Organization\",\"@id\":\"https:\\\/\\\/clair.si\\\/#organization\",\"name\":\"Clair\",\"url\":\"https:\\\/\\\/clair.si\\\/\",\"logo\":{\"@type\":\"ImageObject\",\"inLanguage\":\"hr\",\"@id\":\"https:\\\/\\\/clair.si\\\/#\\\/schema\\\/logo\\\/image\\\/\",\"url\":\"https:\\\/\\\/clair.si\\\/wp-content\\\/uploads\\\/2022\\\/11\\\/clair_logo_2022.jpg\",\"contentUrl\":\"https:\\\/\\\/clair.si\\\/wp-content\\\/uploads\\\/2022\\\/11\\\/clair_logo_2022.jpg\",\"width\":1920,\"height\":1920,\"caption\":\"Clair\"},\"image\":{\"@id\":\"https:\\\/\\\/clair.si\\\/#\\\/schema\\\/logo\\\/image\\\/\"},\"sameAs\":[\"https:\\\/\\\/www.facebook.com\\\/TrgovinaClair\\\/\"]}]}<\/script>\n<!-- \/ Yoast SEO plugin. -->","yoast_head_json":{"title":"Dr\u017ea\u010d za zdjelu za prepreke H-T - Clair","description":"Dr\u017ea\u010d za zdjelu za prepreke H-T - Izuzetno jaka ABS plastika s urezima za skaka\u010dke zdjelice svakih 5 cm. Pri\u010dvr\u0161\u0107uje se na drvenu gredu vijcima. S jednim","robots":{"index":"index","follow":"follow","max-snippet":"max-snippet:-1","max-image-preview":"max-image-preview:large","max-video-preview":"max-video-preview:-1"},"canonical":"https:\/\/clair.si\/hr\/izdelek\/nosac-za-posudu-za-prepreke-h-t\/","og_locale":"hr_HR","og_type":"article","og_title":"Dr\u017ea\u010d za zdjelu za prepreke H-T - Clair","og_description":"Dr\u017ea\u010d za zdjelu za prepreke H-T - Izuzetno jaka ABS plastika s urezima za skaka\u010dke zdjelice svakih 5 cm. Pri\u010dvr\u0161\u0107uje se na drvenu gredu vijcima. S jednim","og_url":"https:\/\/clair.si\/hr\/izdelek\/nosac-za-posudu-za-prepreke-h-t\/","og_site_name":"Clair","article_publisher":"https:\/\/www.facebook.com\/TrgovinaClair\/","article_modified_time":"2025-08-27T10:04:47+00:00","og_image":[{"width":800,"height":800,"url":"https:\/\/clair.si\/wp-content\/uploads\/2023\/12\/hippotonic-drzalo-za-skodelo-za-ovire-jpg.webp","type":"image\/jpeg"}],"twitter_card":"summary_large_image","schema":{"@context":"https:\/\/schema.org","@graph":[{"@type":"WebPage","@id":"https:\/\/clair.si\/hr\/izdelek\/nosac-za-posudu-za-prepreke-h-t\/","url":"https:\/\/clair.si\/hr\/izdelek\/nosac-za-posudu-za-prepreke-h-t\/","name":"Dr\u017ea\u010d za zdjelu za prepreke H-T - Clair","isPartOf":{"@id":"https:\/\/clair.si\/#website"},"primaryImageOfPage":{"@id":"https:\/\/clair.si\/hr\/izdelek\/nosac-za-posudu-za-prepreke-h-t\/#primaryimage"},"image":{"@id":"https:\/\/clair.si\/hr\/izdelek\/nosac-za-posudu-za-prepreke-h-t\/#primaryimage"},"thumbnailUrl":"https:\/\/clair.si\/wp-content\/uploads\/2023\/12\/hippotonic-drzalo-za-skodelo-za-ovire-jpg.webp","datePublished":"2023-12-15T07:16:26+00:00","dateModified":"2025-08-27T10:04:47+00:00","description":"Dr\u017ea\u010d za zdjelu za prepreke H-T - Izuzetno jaka ABS plastika s urezima za skaka\u010dke zdjelice svakih 5 cm. Pri\u010dvr\u0161\u0107uje se na drvenu gredu vijcima. S jednim","breadcrumb":{"@id":"https:\/\/clair.si\/hr\/izdelek\/nosac-za-posudu-za-prepreke-h-t\/#breadcrumb"},"inLanguage":"hr","potentialAction":[{"@type":"ReadAction","target":["https:\/\/clair.si\/hr\/izdelek\/nosac-za-posudu-za-prepreke-h-t\/"]}]},{"@type":"ImageObject","inLanguage":"hr","@id":"https:\/\/clair.si\/hr\/izdelek\/nosac-za-posudu-za-prepreke-h-t\/#primaryimage","url":"https:\/\/clair.si\/wp-content\/uploads\/2023\/12\/hippotonic-drzalo-za-skodelo-za-ovire-jpg.webp","contentUrl":"https:\/\/clair.si\/wp-content\/uploads\/2023\/12\/hippotonic-drzalo-za-skodelo-za-ovire-jpg.webp","width":800,"height":800},{"@type":"BreadcrumbList","@id":"https:\/\/clair.si\/hr\/izdelek\/nosac-za-posudu-za-prepreke-h-t\/#breadcrumb","itemListElement":[{"@type":"ListItem","position":1,"name":"Home","item":"https:\/\/clair.si\/hr\/"},{"@type":"ListItem","position":2,"name":"Trgovina","item":"https:\/\/clair.si\/trgovina\/"},{"@type":"ListItem","position":3,"name":"Dr\u017ea\u010d za zdjelu za prepreke H-T"}]},{"@type":"WebSite","@id":"https:\/\/clair.si\/#website","url":"https:\/\/clair.si\/","name":"Clair","description":"Trgovina s konjeni\u0161ko opremo","publisher":{"@id":"https:\/\/clair.si\/#organization"},"potentialAction":[{"@type":"SearchAction","target":{"@type":"EntryPoint","urlTemplate":"https:\/\/clair.si\/?s={search_term_string}"},"query-input":{"@type":"PropertyValueSpecification","valueRequired":true,"valueName":"search_term_string"}}],"inLanguage":"hr"},{"@type":"Organization","@id":"https:\/\/clair.si\/#organization","name":"Clair","url":"https:\/\/clair.si\/","logo":{"@type":"ImageObject","inLanguage":"hr","@id":"https:\/\/clair.si\/#\/schema\/logo\/image\/","url":"https:\/\/clair.si\/wp-content\/uploads\/2022\/11\/clair_logo_2022.jpg","contentUrl":"https:\/\/clair.si\/wp-content\/uploads\/2022\/11\/clair_logo_2022.jpg","width":1920,"height":1920,"caption":"Clair"},"image":{"@id":"https:\/\/clair.si\/#\/schema\/logo\/image\/"},"sameAs":["https:\/\/www.facebook.com\/TrgovinaClair\/"]}]}},"_links":{"self":[{"href":"https:\/\/clair.si\/hr\/wp-json\/wp\/v2\/product\/97077","targetHints":{"allow":["GET"]}}],"collection":[{"href":"https:\/\/clair.si\/hr\/wp-json\/wp\/v2\/product"}],"about":[{"href":"https:\/\/clair.si\/hr\/wp-json\/wp\/v2\/types\/product"}],"version-history":[{"count":0,"href":"https:\/\/clair.si\/hr\/wp-json\/wp\/v2\/product\/97077\/revisions"}],"wp:featuredmedia":[{"embeddable":true,"href":"https:\/\/clair.si\/hr\/wp-json\/wp\/v2\/media\/97079"}],"wp:attachment":[{"href":"https:\/\/clair.si\/hr\/wp-json\/wp\/v2\/media?parent=97077"}],"wp:term":[{"taxonomy":"product_brand","embeddable":true,"href":"https:\/\/clair.si\/hr\/wp-json\/wp\/v2\/product_brand?post=97077"},{"taxonomy":"product_cat","embeddable":true,"href":"https:\/\/clair.si\/hr\/wp-json\/wp\/v2\/product_cat?post=97077"},{"taxonomy":"product_tag","embeddable":true,"href":"https:\/\/clair.si\/hr\/wp-json\/wp\/v2\/product_tag?post=97077"}],"curies":[{"name":"wp","href":"https:\/\/api.w.org\/{rel}","templated":true}]}}