{"id":97081,"date":"2023-12-15T12:49:07","date_gmt":"2023-12-15T11:49:07","guid":{"rendered":"https:\/\/clair.si\/izdelek\/bandaze-norton-exercise\/"},"modified":"2025-11-19T22:33:43","modified_gmt":"2025-11-19T21:33:43","slug":"bandaze-norton-exercise","status":"publish","type":"product","link":"https:\/\/clair.si\/hr\/izdelek\/bandaze-norton-exercise\/","title":{"rendered":"Banda\u017ee Norton Exercise"},"content":{"rendered":"<p><strong>Banda\u017ee Norton Exercise <\/strong>-p<span class=\"HwtZe\" lang=\"sl\"><span class=\"jCAhz ChMk0b\"><span class=\"ryNqvb\">ametna kombinacija &#8220;2 u 1&#8221; koja kombinira bijelu podstavljenu frotirnu podlogu s elasti\u010dnim zavojem za ve\u0107u potporu.<\/span><\/span> <span class=\"jCAhz ChMk0b\"><span class=\"ryNqvb\">Dvostrano samoprijemljivo pri\u010dvr\u0161\u0107ivanje \u010di\u010dkom.<\/span><\/span> <span class=\"jCAhz ChMk0b\"><span class=\"ryNqvb\">Mo\u017ee se koristiti i kao stajni zavoj.<\/span><\/span> <span class=\"jCAhz ChMk0b\"><span class=\"ryNqvb\">U paru.<\/span><\/span> <\/span> <\/p>\n<p><span class=\"HwtZe\" lang=\"sl\"><span class=\"jCAhz ChMk0b\"><span class=\"ryNqvb\">Dimenzije: Frotirni zavoj: duljina 145 cm, \u0161irina 12 cm.<\/span><\/span> <span class=\"jCAhz ChMk0b\"><span class=\"ryNqvb\">Elasti\u010dni zavoj: duljina 155 cm (nerastegnut), \u0161irina 10 cm.<\/span><\/span><\/span><\/p>\n<div class=\"OvtS8d\"><\/div>\n<div id=\"ow305\"><\/div>\n<div class=\"UdTY9 WdefRb\" aria-hidden=\"true\" data-location=\"2\">\n<div class=\"kO6q6e\"><\/div>\n<\/div>\n<p>&nbsp;<\/p>\n","protected":false},"excerpt":{"rendered":"<p>Banda\u017ee Norton Exercise -pametna kombinacija &#8220;2 u 1&#8221; koja kombinira bijelu podstavljenu frotirnu podlogu s elasti\u010dnim zavojem za ve\u0107u potporu.<\/p>\n","protected":false},"featured_media":97086,"template":"","meta":{"footnotes":""},"product_brand":[],"product_cat":[5892,5624,5773],"product_tag":[],"class_list":{"0":"post-97081","1":"product","2":"type-product","3":"status-publish","4":"has-post-thumbnail","6":"product_cat-bandaze-hr","7":"product_cat-konj-hr","8":"product_cat-zastitnici-i-bandaze","10":"first","11":"instock","12":"sale","13":"shipping-taxable","14":"purchasable","15":"product-type-variable"},"yoast_head":"<!-- This site is optimized with the Yoast SEO plugin v27.4 - https:\/\/yoast.com\/product\/yoast-seo-wordpress\/ -->\n<title>Banda\u017ee Norton Exercise - Clair<\/title>\n<meta name=\"description\" content=\"Banda\u017ee Norton Exercise -pametna kombinacija &quot;2 u 1&quot; koja kombinira bijelu podstavljenu frotirnu podlogu s elasti\u010dnim zavojem za ve\u0107u potporu. Dvostrano\" \/>\n<meta name=\"robots\" content=\"index, follow, max-snippet:-1, max-image-preview:large, max-video-preview:-1\" \/>\n<link rel=\"canonical\" href=\"https:\/\/clair.si\/hr\/izdelek\/bandaze-norton-exercise\/\" \/>\n<meta property=\"og:locale\" content=\"hr_HR\" \/>\n<meta property=\"og:type\" content=\"article\" \/>\n<meta property=\"og:title\" content=\"Banda\u017ee Norton Exercise - Clair\" \/>\n<meta property=\"og:description\" content=\"Banda\u017ee Norton Exercise -pametna kombinacija &quot;2 u 1&quot; koja kombinira bijelu podstavljenu frotirnu podlogu s elasti\u010dnim zavojem za ve\u0107u potporu. Dvostrano\" \/>\n<meta property=\"og:url\" content=\"https:\/\/clair.si\/hr\/izdelek\/bandaze-norton-exercise\/\" \/>\n<meta property=\"og:site_name\" content=\"Clair\" \/>\n<meta property=\"article:publisher\" content=\"https:\/\/www.facebook.com\/TrgovinaClair\/\" \/>\n<meta property=\"article:modified_time\" content=\"2025-11-19T21:33:43+00:00\" \/>\n<meta property=\"og:image\" content=\"https:\/\/clair.si\/wp-content\/uploads\/2023\/12\/norton-elastic-exercise-bandaze-za-konja-clair-jpg.webp\" \/>\n\t<meta property=\"og:image:width\" content=\"800\" \/>\n\t<meta property=\"og:image:height\" content=\"800\" \/>\n\t<meta property=\"og:image:type\" content=\"image\/jpeg\" \/>\n<meta name=\"twitter:card\" content=\"summary_large_image\" \/>\n<script type=\"application\/ld+json\" class=\"yoast-schema-graph\">{\"@context\":\"https:\\\/\\\/schema.org\",\"@graph\":[{\"@type\":\"WebPage\",\"@id\":\"https:\\\/\\\/clair.si\\\/hr\\\/izdelek\\\/bandaze-norton-exercise\\\/\",\"url\":\"https:\\\/\\\/clair.si\\\/hr\\\/izdelek\\\/bandaze-norton-exercise\\\/\",\"name\":\"Banda\u017ee Norton Exercise - Clair\",\"isPartOf\":{\"@id\":\"https:\\\/\\\/clair.si\\\/#website\"},\"primaryImageOfPage\":{\"@id\":\"https:\\\/\\\/clair.si\\\/hr\\\/izdelek\\\/bandaze-norton-exercise\\\/#primaryimage\"},\"image\":{\"@id\":\"https:\\\/\\\/clair.si\\\/hr\\\/izdelek\\\/bandaze-norton-exercise\\\/#primaryimage\"},\"thumbnailUrl\":\"https:\\\/\\\/clair.si\\\/wp-content\\\/uploads\\\/2023\\\/12\\\/norton-elastic-exercise-bandaze-za-konja-clair-jpg.webp\",\"datePublished\":\"2023-12-15T11:49:07+00:00\",\"dateModified\":\"2025-11-19T21:33:43+00:00\",\"description\":\"Banda\u017ee Norton Exercise -pametna kombinacija \\\"2 u 1\\\" koja kombinira bijelu podstavljenu frotirnu podlogu s elasti\u010dnim zavojem za ve\u0107u potporu. Dvostrano\",\"breadcrumb\":{\"@id\":\"https:\\\/\\\/clair.si\\\/hr\\\/izdelek\\\/bandaze-norton-exercise\\\/#breadcrumb\"},\"inLanguage\":\"hr\",\"potentialAction\":[{\"@type\":\"ReadAction\",\"target\":[\"https:\\\/\\\/clair.si\\\/hr\\\/izdelek\\\/bandaze-norton-exercise\\\/\"]}]},{\"@type\":\"ImageObject\",\"inLanguage\":\"hr\",\"@id\":\"https:\\\/\\\/clair.si\\\/hr\\\/izdelek\\\/bandaze-norton-exercise\\\/#primaryimage\",\"url\":\"https:\\\/\\\/clair.si\\\/wp-content\\\/uploads\\\/2023\\\/12\\\/norton-elastic-exercise-bandaze-za-konja-clair-jpg.webp\",\"contentUrl\":\"https:\\\/\\\/clair.si\\\/wp-content\\\/uploads\\\/2023\\\/12\\\/norton-elastic-exercise-bandaze-za-konja-clair-jpg.webp\",\"width\":800,\"height\":800},{\"@type\":\"BreadcrumbList\",\"@id\":\"https:\\\/\\\/clair.si\\\/hr\\\/izdelek\\\/bandaze-norton-exercise\\\/#breadcrumb\",\"itemListElement\":[{\"@type\":\"ListItem\",\"position\":1,\"name\":\"Home\",\"item\":\"https:\\\/\\\/clair.si\\\/hr\\\/\"},{\"@type\":\"ListItem\",\"position\":2,\"name\":\"Trgovina\",\"item\":\"https:\\\/\\\/clair.si\\\/trgovina\\\/\"},{\"@type\":\"ListItem\",\"position\":3,\"name\":\"Banda\u017ee Norton Exercise\"}]},{\"@type\":\"WebSite\",\"@id\":\"https:\\\/\\\/clair.si\\\/#website\",\"url\":\"https:\\\/\\\/clair.si\\\/\",\"name\":\"Clair\",\"description\":\"Trgovina s konjeni\u0161ko opremo\",\"publisher\":{\"@id\":\"https:\\\/\\\/clair.si\\\/#organization\"},\"potentialAction\":[{\"@type\":\"SearchAction\",\"target\":{\"@type\":\"EntryPoint\",\"urlTemplate\":\"https:\\\/\\\/clair.si\\\/?s={search_term_string}\"},\"query-input\":{\"@type\":\"PropertyValueSpecification\",\"valueRequired\":true,\"valueName\":\"search_term_string\"}}],\"inLanguage\":\"hr\"},{\"@type\":\"Organization\",\"@id\":\"https:\\\/\\\/clair.si\\\/#organization\",\"name\":\"Clair\",\"url\":\"https:\\\/\\\/clair.si\\\/\",\"logo\":{\"@type\":\"ImageObject\",\"inLanguage\":\"hr\",\"@id\":\"https:\\\/\\\/clair.si\\\/#\\\/schema\\\/logo\\\/image\\\/\",\"url\":\"https:\\\/\\\/clair.si\\\/wp-content\\\/uploads\\\/2022\\\/11\\\/clair_logo_2022.jpg\",\"contentUrl\":\"https:\\\/\\\/clair.si\\\/wp-content\\\/uploads\\\/2022\\\/11\\\/clair_logo_2022.jpg\",\"width\":1920,\"height\":1920,\"caption\":\"Clair\"},\"image\":{\"@id\":\"https:\\\/\\\/clair.si\\\/#\\\/schema\\\/logo\\\/image\\\/\"},\"sameAs\":[\"https:\\\/\\\/www.facebook.com\\\/TrgovinaClair\\\/\"]}]}<\/script>\n<!-- \/ Yoast SEO plugin. -->","yoast_head_json":{"title":"Banda\u017ee Norton Exercise - Clair","description":"Banda\u017ee Norton Exercise -pametna kombinacija \"2 u 1\" koja kombinira bijelu podstavljenu frotirnu podlogu s elasti\u010dnim zavojem za ve\u0107u potporu. Dvostrano","robots":{"index":"index","follow":"follow","max-snippet":"max-snippet:-1","max-image-preview":"max-image-preview:large","max-video-preview":"max-video-preview:-1"},"canonical":"https:\/\/clair.si\/hr\/izdelek\/bandaze-norton-exercise\/","og_locale":"hr_HR","og_type":"article","og_title":"Banda\u017ee Norton Exercise - Clair","og_description":"Banda\u017ee Norton Exercise -pametna kombinacija \"2 u 1\" koja kombinira bijelu podstavljenu frotirnu podlogu s elasti\u010dnim zavojem za ve\u0107u potporu. Dvostrano","og_url":"https:\/\/clair.si\/hr\/izdelek\/bandaze-norton-exercise\/","og_site_name":"Clair","article_publisher":"https:\/\/www.facebook.com\/TrgovinaClair\/","article_modified_time":"2025-11-19T21:33:43+00:00","og_image":[{"width":800,"height":800,"url":"https:\/\/clair.si\/wp-content\/uploads\/2023\/12\/norton-elastic-exercise-bandaze-za-konja-clair-jpg.webp","type":"image\/jpeg"}],"twitter_card":"summary_large_image","schema":{"@context":"https:\/\/schema.org","@graph":[{"@type":"WebPage","@id":"https:\/\/clair.si\/hr\/izdelek\/bandaze-norton-exercise\/","url":"https:\/\/clair.si\/hr\/izdelek\/bandaze-norton-exercise\/","name":"Banda\u017ee Norton Exercise - Clair","isPartOf":{"@id":"https:\/\/clair.si\/#website"},"primaryImageOfPage":{"@id":"https:\/\/clair.si\/hr\/izdelek\/bandaze-norton-exercise\/#primaryimage"},"image":{"@id":"https:\/\/clair.si\/hr\/izdelek\/bandaze-norton-exercise\/#primaryimage"},"thumbnailUrl":"https:\/\/clair.si\/wp-content\/uploads\/2023\/12\/norton-elastic-exercise-bandaze-za-konja-clair-jpg.webp","datePublished":"2023-12-15T11:49:07+00:00","dateModified":"2025-11-19T21:33:43+00:00","description":"Banda\u017ee Norton Exercise -pametna kombinacija \"2 u 1\" koja kombinira bijelu podstavljenu frotirnu podlogu s elasti\u010dnim zavojem za ve\u0107u potporu. Dvostrano","breadcrumb":{"@id":"https:\/\/clair.si\/hr\/izdelek\/bandaze-norton-exercise\/#breadcrumb"},"inLanguage":"hr","potentialAction":[{"@type":"ReadAction","target":["https:\/\/clair.si\/hr\/izdelek\/bandaze-norton-exercise\/"]}]},{"@type":"ImageObject","inLanguage":"hr","@id":"https:\/\/clair.si\/hr\/izdelek\/bandaze-norton-exercise\/#primaryimage","url":"https:\/\/clair.si\/wp-content\/uploads\/2023\/12\/norton-elastic-exercise-bandaze-za-konja-clair-jpg.webp","contentUrl":"https:\/\/clair.si\/wp-content\/uploads\/2023\/12\/norton-elastic-exercise-bandaze-za-konja-clair-jpg.webp","width":800,"height":800},{"@type":"BreadcrumbList","@id":"https:\/\/clair.si\/hr\/izdelek\/bandaze-norton-exercise\/#breadcrumb","itemListElement":[{"@type":"ListItem","position":1,"name":"Home","item":"https:\/\/clair.si\/hr\/"},{"@type":"ListItem","position":2,"name":"Trgovina","item":"https:\/\/clair.si\/trgovina\/"},{"@type":"ListItem","position":3,"name":"Banda\u017ee Norton Exercise"}]},{"@type":"WebSite","@id":"https:\/\/clair.si\/#website","url":"https:\/\/clair.si\/","name":"Clair","description":"Trgovina s konjeni\u0161ko opremo","publisher":{"@id":"https:\/\/clair.si\/#organization"},"potentialAction":[{"@type":"SearchAction","target":{"@type":"EntryPoint","urlTemplate":"https:\/\/clair.si\/?s={search_term_string}"},"query-input":{"@type":"PropertyValueSpecification","valueRequired":true,"valueName":"search_term_string"}}],"inLanguage":"hr"},{"@type":"Organization","@id":"https:\/\/clair.si\/#organization","name":"Clair","url":"https:\/\/clair.si\/","logo":{"@type":"ImageObject","inLanguage":"hr","@id":"https:\/\/clair.si\/#\/schema\/logo\/image\/","url":"https:\/\/clair.si\/wp-content\/uploads\/2022\/11\/clair_logo_2022.jpg","contentUrl":"https:\/\/clair.si\/wp-content\/uploads\/2022\/11\/clair_logo_2022.jpg","width":1920,"height":1920,"caption":"Clair"},"image":{"@id":"https:\/\/clair.si\/#\/schema\/logo\/image\/"},"sameAs":["https:\/\/www.facebook.com\/TrgovinaClair\/"]}]}},"_links":{"self":[{"href":"https:\/\/clair.si\/hr\/wp-json\/wp\/v2\/product\/97081","targetHints":{"allow":["GET"]}}],"collection":[{"href":"https:\/\/clair.si\/hr\/wp-json\/wp\/v2\/product"}],"about":[{"href":"https:\/\/clair.si\/hr\/wp-json\/wp\/v2\/types\/product"}],"version-history":[{"count":1,"href":"https:\/\/clair.si\/hr\/wp-json\/wp\/v2\/product\/97081\/revisions"}],"predecessor-version":[{"id":114067,"href":"https:\/\/clair.si\/hr\/wp-json\/wp\/v2\/product\/97081\/revisions\/114067"}],"wp:featuredmedia":[{"embeddable":true,"href":"https:\/\/clair.si\/hr\/wp-json\/wp\/v2\/media\/97086"}],"wp:attachment":[{"href":"https:\/\/clair.si\/hr\/wp-json\/wp\/v2\/media?parent=97081"}],"wp:term":[{"taxonomy":"product_brand","embeddable":true,"href":"https:\/\/clair.si\/hr\/wp-json\/wp\/v2\/product_brand?post=97081"},{"taxonomy":"product_cat","embeddable":true,"href":"https:\/\/clair.si\/hr\/wp-json\/wp\/v2\/product_cat?post=97081"},{"taxonomy":"product_tag","embeddable":true,"href":"https:\/\/clair.si\/hr\/wp-json\/wp\/v2\/product_tag?post=97081"}],"curies":[{"name":"wp","href":"https:\/\/api.w.org\/{rel}","templated":true}]}}