{"id":97121,"date":"2023-12-14T13:35:18","date_gmt":"2023-12-14T12:35:18","guid":{"rendered":"https:\/\/clair.si\/izdelek\/marstall-haut-vital\/"},"modified":"2025-08-28T19:47:01","modified_gmt":"2025-08-28T17:47:01","slug":"marstall-haut-vital","status":"publish","type":"product","link":"https:\/\/clair.si\/hr\/izdelek\/marstall-haut-vital\/","title":{"rendered":"Marstall Haut-Vital"},"content":{"rendered":"<p><strong>Marstall Haut-Vital<\/strong><span class=\"HwtZe\" lang=\"sl\"><span class=\"jCAhz ChMk0b\"><span class=\"ryNqvb\"> je m\u00fcsli bez \u017eitarica, koji je razvijen posebno za konje s osjetljivom ko\u017eom.<\/span><\/span> <span class=\"jCAhz ChMk0b\"><span class=\"ryNqvb\">To vrijedi bez obzira na to jesu li problemi s ko\u017eom ve\u0107 vidljivi ili ne.<\/span><\/span> <span class=\"jCAhz ChMk0b\"><span class=\"ryNqvb\">Posebnost ovog niskoenergetskog recepta je visoka koncentracija hranjivih tvari, koje su optimalno dostupne i konju.<\/span><\/span> <\/span><\/p>\n<p><span class=\"HwtZe\" lang=\"sl\"><strong><span class=\"jCAhz ChMk0b\"><span class=\"ryNqvb\">Pa\u017eljivo odabrani sastojci poma\u017eu ja\u010danju prirodne funkcije i obnavljanja ko\u017ee.<\/span><\/span><\/strong> <span class=\"jCAhz ChMk0b\"><span class=\"ryNqvb\">Haut-Vital je niskoenergetski m\u00fcsli za potporu konjima s osjetljivom ko\u017eom.<\/span><\/span> <span class=\"jCAhz ChMk0b\"><span class=\"ryNqvb\">Konji s nadra\u017eenom ko\u017eom imaju koristi od <strong>organski vezanih elemenata u tragovima cinka, bakra i mangana<\/strong>.<\/span><\/span> <span class=\"jCAhz ChMk0b\"><span class=\"ryNqvb\">Komponente bogate vitalnim tvarima, kao \u0161to su <strong>morske alge, dijatomejska zemlja, \u010de\u0161njak, pivski kvasac, prirodno bilje, laneno sjeme i esencijalne omega-3 masne kiseline<\/strong>, odr\u017eavaju konjevu ko\u017eu elasti\u010dnom i otpornom na vanjske utjecaje.<\/span><\/span> <\/span><\/p>\n<p><span class=\"HwtZe\" lang=\"sl\"><span class=\"jCAhz ChMk0b\"><span class=\"ryNqvb\"><strong>Prirodni sumporni spoj MSM<\/strong>, koji je prisutan u zemlji i travi na Islandu, podr\u017eava prirodnu obranu tijela.<\/span><\/span> <\/span><\/p>\n<p><span class=\"HwtZe\" lang=\"sl\"><span class=\"jCAhz ChMk0b\"><span class=\"ryNqvb\"><strong>Marstall Haut-Vital tako\u0111er sadr\u017ei vitalnu aminokiselinu metionin u \u010distom obliku<\/strong>, koju mo\u017ee probaviti tanko crijevo.<\/span><\/span> <span class=\"jCAhz ChMk0b\"><span class=\"ryNqvb\">Nu\u017ean je za ko\u017eu, grivu, rep i dlaku.<\/span><\/span> <\/span><\/p>\n<p><span class=\"HwtZe\" lang=\"sl\"><span class=\"jCAhz ChMk0b\"><span class=\"ryNqvb\">Zbog visoke koncentracije hranjivih tvari, dovoljna je ve\u0107 manja koli\u010dina koncentrirane hrane.<\/span><\/span> <\/span><\/p>\n<p><span class=\"HwtZe\" lang=\"sl\">S<span class=\"jCAhz ChMk0b\"><span class=\"ryNqvb\">kupaj s mekim vlaknima timotejske trave, koja poti\u010du \u017evakanje, poma\u017ee za\u0161tititi probavni trakt.<\/span><\/span><\/span><strong><br \/>\n<\/strong><\/p>\n<p><strong>Sastav: <\/strong><em>t<span class=\"HwtZe\" lang=\"sl\"><span class=\"jCAhz ChMk0b\"><span class=\"ryNqvb\">rava, su\u0161ena pri visokim temperaturama, jabu\u010dne tropine, su\u0161ene, sa\u010dma od ekstrakcije lana, pivski kvasac, bilje (kopriva, kamilica, mati\u010dnjak, korijen masla\u010dka, zelje ma\u0107uhice, trputac, kadulja, orahovi listovi) (4,00%), trava, su\u0161ena na visokoj temperaturi (Timotejska trava), bra\u0161no od morskih algi (3,00%), laneno sjeme, biljno ulje (uljana repica, rafinirano), monokalcijev fosfat, pahuljice mrkve, metilsulfonilmetan (MSM) (0,55%)<\/span><\/span>. <span class=\"jCAhz ChMk0b\"><span class=\"ryNqvb\">Uzmite u obzir karenciju od 48 sati prema FN ADMR (Anti Doping Regulations) od 1. sije\u010dnja 2019. <\/span><\/span><\/span><\/em><\/p>\n<p>Analiti\u010dki sastav po kg: Sirove bjelan\u010devine 13,10 %, pcd* Sirove bjelan\u010devine 92,00 g, Sirove masti 5,80 %, Sirova vlakna 15,80 %, Sirovi pepeo 16,30 %, Energija (DE)**9,30 MJ Energija (ME)** 8,10 MJ Kalcij 1,90 %, Fosfor 0,95 %, Natrij 0,05 %, Magnezij 0,40 %, \u0160krob 5,00 %, \u0160e\u0107er 6 ,90 , Aminokiseline, lizin* 0,40 %, SAS (metionin + cistein)* 1,25 %, treonin*0,75 % *predcekalna probavljivost = probavljeno u tankom crijevu = na raspolaganju **u skladu s. do GfE 2014.<\/p>\n<p>Prehrambeni dodaci po kg: U mastima topljivi vitamini: vitamin A 20.000,00 I.E., vitamin D3 2.500,00 i.e., vitamin E 1.200,00 mg, vitamin K3 7,00 mg<\/p>\n<p>U vodi topljivi vitamini: vitamin C 1.000,00 mg, vitamin B1 48,00 mg, vitamin B2 38,00 mg, vitamin B6\/piridoksin hidroklorid 48,00 mg, vitamin B12 160,00 mcg, biotin 5.000,00 mcg, folna kiselina kiselina 16,00 mg, kolin klorid 520,00 mg, kalcijev-D-pantotenat 50,00 mg, niacin 48,00 mg<\/p>\n<p>Elementi u tragovima: \u017eeljezo kao monohidrat \u017eeljezovog (II) sulfata 220,00 mg, ukupni bakar 50,00 mg, bakar kao bakrov (II)-sulfat, pentahidrat 50,00 mg, cink kao cinkov oksid 300,00 mg, glicin- cinkov kelat, hidrat 300,00 mg, mangan kao manganov-(II)-oksid 150,00 mg, glicin-manganchelat-hidrat 100,00 mg, glicin-manganov kelat, hidrat 1,60 mg, selen kao natrijev selenit 0, 60 mg, Selen kao selenometionin iz Saccharomyces cerevisiae CNCM I-3060 0,60 mg, Aminokiseline DL-metionin, tehni\u010dki \u010dist 1,00 %, L-treonin 0,40 %, Tehnolo\u0161ki dodaci po kg: Dijatomejska zemlja 40.000,00 mg , Montmorilonit-ilit 5.500,00 mg<\/p>\n<p>&nbsp;<\/p>\n","protected":false},"excerpt":{"rendered":"<p><strong>Za ovaj proizvod se zbog dimenzija ili te\u017eine napla\u0107uju dodatni tro\u0161kovi dostave u iznosu od 15 \u20ac \/ kom.<\/strong><\/p>\n<p>&nbsp;<\/p>\n<p><strong><span class=\"HwtZe\" lang=\"sl\"><span class=\"jCAhz ChMk0b\"><span class=\"ryNqvb\">Niskoenergetski m\u00fcsli<\/span><\/span> <span class=\"jCAhz ChMk0b\"><span class=\"ryNqvb\">za konje sklone iritaciji ko\u017ee<\/span><\/span> <\/span><\/strong><\/p>\n<ul>\n<li><span class=\"HwtZe\" lang=\"sl\"><span class=\"jCAhz ChMk0b\"><span class=\"ryNqvb\">s organskim elementima u tragovima<\/span><\/span><\/span><\/li>\n<li><span class=\"HwtZe\" lang=\"sl\"> <span class=\"jCAhz ChMk0b\"><span class=\"ryNqvb\">s MSM, metioninom, dijatomejskom zemljom i morskim algama<\/span><\/span> <\/span><\/li>\n<li><span class=\"HwtZe\" lang=\"sl\"><span class=\"jCAhz ChMk0b\"><span class=\"ryNqvb\">bez \u017eitarica i melase<\/span><\/span><\/span><\/li>\n<\/ul>\n<p><strong>Koli\u010dina: 15 kg<\/strong><\/p>\n<p>&nbsp;<\/p>\n","protected":false},"featured_media":97123,"template":"","meta":{"footnotes":""},"product_brand":[],"product_cat":[6090,5710,6089,6302],"product_tag":[],"class_list":{"0":"post-97121","1":"product","2":"type-product","3":"status-publish","4":"has-post-thumbnail","6":"product_cat-bez-zitarica","7":"product_cat-hrana-za-konje-hr","8":"product_cat-marstall-hr","9":"product_cat-puno-strukture","10":"product_shipping_class-marstall-hr","12":"first","13":"instock","14":"sale","15":"shipping-taxable","16":"purchasable","17":"product-type-simple"},"yoast_head":"<!-- This site is optimized with the Yoast SEO plugin v27.4 - https:\/\/yoast.com\/product\/yoast-seo-wordpress\/ -->\n<title>Marstall Haut-Vital - Clair<\/title>\n<meta name=\"description\" content=\"Za ovaj proizvod se zbog dimenzija ili te\u017eine napla\u0107uju dodatni tro\u0161kovi dostave u iznosu od 15 \u20ac \/ kom.  &nbsp;  Niskoenergetski m\u00fcsli za konje sklone iritaciji ko\u017ee    s organskim elementima u tragovima   s MSM, metioninom, dijatomejskom zemljom i morskim algama   bez \u017eitarica i melase  Koli\u010dina: 15 kg  &nbsp;\" \/>\n<meta name=\"robots\" content=\"index, follow, max-snippet:-1, max-image-preview:large, max-video-preview:-1\" \/>\n<link rel=\"canonical\" href=\"https:\/\/clair.si\/hr\/izdelek\/marstall-haut-vital\/\" \/>\n<meta property=\"og:locale\" content=\"hr_HR\" \/>\n<meta property=\"og:type\" content=\"article\" \/>\n<meta property=\"og:title\" content=\"Marstall Haut-Vital - Clair\" \/>\n<meta property=\"og:description\" content=\"Za ovaj proizvod se zbog dimenzija ili te\u017eine napla\u0107uju dodatni tro\u0161kovi dostave u iznosu od 15 \u20ac \/ kom.  &nbsp;  Niskoenergetski m\u00fcsli za konje sklone iritaciji ko\u017ee    s organskim elementima u tragovima   s MSM, metioninom, dijatomejskom zemljom i morskim algama   bez \u017eitarica i melase  Koli\u010dina: 15 kg  &nbsp;\" \/>\n<meta property=\"og:url\" content=\"https:\/\/clair.si\/hr\/izdelek\/marstall-haut-vital\/\" \/>\n<meta property=\"og:site_name\" content=\"Clair\" \/>\n<meta property=\"article:publisher\" content=\"https:\/\/www.facebook.com\/TrgovinaClair\/\" \/>\n<meta property=\"article:modified_time\" content=\"2025-08-28T17:47:01+00:00\" \/>\n<meta property=\"og:image\" content=\"https:\/\/clair.si\/wp-content\/uploads\/2023\/12\/marstall-getreidefrei-haut-vital-15kg-hrana-za-konje-ekcem-clair-jpg.webp\" \/>\n\t<meta property=\"og:image:width\" content=\"800\" \/>\n\t<meta property=\"og:image:height\" content=\"800\" \/>\n\t<meta property=\"og:image:type\" content=\"image\/jpeg\" \/>\n<meta name=\"twitter:card\" content=\"summary_large_image\" \/>\n<meta name=\"twitter:label1\" content=\"Procijenjeno vrijeme \u010ditanja\" \/>\n\t<meta name=\"twitter:data1\" content=\"3 minute\" \/>\n<script type=\"application\/ld+json\" class=\"yoast-schema-graph\">{\"@context\":\"https:\\\/\\\/schema.org\",\"@graph\":[{\"@type\":\"WebPage\",\"@id\":\"https:\\\/\\\/clair.si\\\/hr\\\/izdelek\\\/marstall-haut-vital\\\/\",\"url\":\"https:\\\/\\\/clair.si\\\/hr\\\/izdelek\\\/marstall-haut-vital\\\/\",\"name\":\"Marstall Haut-Vital - Clair\",\"isPartOf\":{\"@id\":\"https:\\\/\\\/clair.si\\\/#website\"},\"primaryImageOfPage\":{\"@id\":\"https:\\\/\\\/clair.si\\\/hr\\\/izdelek\\\/marstall-haut-vital\\\/#primaryimage\"},\"image\":{\"@id\":\"https:\\\/\\\/clair.si\\\/hr\\\/izdelek\\\/marstall-haut-vital\\\/#primaryimage\"},\"thumbnailUrl\":\"https:\\\/\\\/clair.si\\\/wp-content\\\/uploads\\\/2023\\\/12\\\/marstall-getreidefrei-haut-vital-15kg-hrana-za-konje-ekcem-clair-jpg.webp\",\"datePublished\":\"2023-12-14T12:35:18+00:00\",\"dateModified\":\"2025-08-28T17:47:01+00:00\",\"description\":\"Za ovaj proizvod se zbog dimenzija ili te\u017eine napla\u0107uju dodatni tro\u0161kovi dostave u iznosu od 15 \u20ac \\\/ kom. &nbsp; Niskoenergetski m\u00fcsli za konje sklone iritaciji ko\u017ee s organskim elementima u tragovima s MSM, metioninom, dijatomejskom zemljom i morskim algama bez \u017eitarica i melase Koli\u010dina: 15 kg &nbsp;\",\"breadcrumb\":{\"@id\":\"https:\\\/\\\/clair.si\\\/hr\\\/izdelek\\\/marstall-haut-vital\\\/#breadcrumb\"},\"inLanguage\":\"hr\",\"potentialAction\":[{\"@type\":\"ReadAction\",\"target\":[\"https:\\\/\\\/clair.si\\\/hr\\\/izdelek\\\/marstall-haut-vital\\\/\"]}]},{\"@type\":\"ImageObject\",\"inLanguage\":\"hr\",\"@id\":\"https:\\\/\\\/clair.si\\\/hr\\\/izdelek\\\/marstall-haut-vital\\\/#primaryimage\",\"url\":\"https:\\\/\\\/clair.si\\\/wp-content\\\/uploads\\\/2023\\\/12\\\/marstall-getreidefrei-haut-vital-15kg-hrana-za-konje-ekcem-clair-jpg.webp\",\"contentUrl\":\"https:\\\/\\\/clair.si\\\/wp-content\\\/uploads\\\/2023\\\/12\\\/marstall-getreidefrei-haut-vital-15kg-hrana-za-konje-ekcem-clair-jpg.webp\",\"width\":800,\"height\":800},{\"@type\":\"BreadcrumbList\",\"@id\":\"https:\\\/\\\/clair.si\\\/hr\\\/izdelek\\\/marstall-haut-vital\\\/#breadcrumb\",\"itemListElement\":[{\"@type\":\"ListItem\",\"position\":1,\"name\":\"Home\",\"item\":\"https:\\\/\\\/clair.si\\\/hr\\\/\"},{\"@type\":\"ListItem\",\"position\":2,\"name\":\"Trgovina\",\"item\":\"https:\\\/\\\/clair.si\\\/trgovina\\\/\"},{\"@type\":\"ListItem\",\"position\":3,\"name\":\"Marstall Haut-Vital\"}]},{\"@type\":\"WebSite\",\"@id\":\"https:\\\/\\\/clair.si\\\/#website\",\"url\":\"https:\\\/\\\/clair.si\\\/\",\"name\":\"Clair\",\"description\":\"Trgovina s konjeni\u0161ko opremo\",\"publisher\":{\"@id\":\"https:\\\/\\\/clair.si\\\/#organization\"},\"potentialAction\":[{\"@type\":\"SearchAction\",\"target\":{\"@type\":\"EntryPoint\",\"urlTemplate\":\"https:\\\/\\\/clair.si\\\/?s={search_term_string}\"},\"query-input\":{\"@type\":\"PropertyValueSpecification\",\"valueRequired\":true,\"valueName\":\"search_term_string\"}}],\"inLanguage\":\"hr\"},{\"@type\":\"Organization\",\"@id\":\"https:\\\/\\\/clair.si\\\/#organization\",\"name\":\"Clair\",\"url\":\"https:\\\/\\\/clair.si\\\/\",\"logo\":{\"@type\":\"ImageObject\",\"inLanguage\":\"hr\",\"@id\":\"https:\\\/\\\/clair.si\\\/#\\\/schema\\\/logo\\\/image\\\/\",\"url\":\"https:\\\/\\\/clair.si\\\/wp-content\\\/uploads\\\/2022\\\/11\\\/clair_logo_2022.jpg\",\"contentUrl\":\"https:\\\/\\\/clair.si\\\/wp-content\\\/uploads\\\/2022\\\/11\\\/clair_logo_2022.jpg\",\"width\":1920,\"height\":1920,\"caption\":\"Clair\"},\"image\":{\"@id\":\"https:\\\/\\\/clair.si\\\/#\\\/schema\\\/logo\\\/image\\\/\"},\"sameAs\":[\"https:\\\/\\\/www.facebook.com\\\/TrgovinaClair\\\/\"]}]}<\/script>\n<!-- \/ Yoast SEO plugin. -->","yoast_head_json":{"title":"Marstall Haut-Vital - Clair","description":"Za ovaj proizvod se zbog dimenzija ili te\u017eine napla\u0107uju dodatni tro\u0161kovi dostave u iznosu od 15 \u20ac \/ kom.  &nbsp;  Niskoenergetski m\u00fcsli za konje sklone iritaciji ko\u017ee    s organskim elementima u tragovima   s MSM, metioninom, dijatomejskom zemljom i morskim algama   bez \u017eitarica i melase  Koli\u010dina: 15 kg  &nbsp;","robots":{"index":"index","follow":"follow","max-snippet":"max-snippet:-1","max-image-preview":"max-image-preview:large","max-video-preview":"max-video-preview:-1"},"canonical":"https:\/\/clair.si\/hr\/izdelek\/marstall-haut-vital\/","og_locale":"hr_HR","og_type":"article","og_title":"Marstall Haut-Vital - Clair","og_description":"Za ovaj proizvod se zbog dimenzija ili te\u017eine napla\u0107uju dodatni tro\u0161kovi dostave u iznosu od 15 \u20ac \/ kom.  &nbsp;  Niskoenergetski m\u00fcsli za konje sklone iritaciji ko\u017ee    s organskim elementima u tragovima   s MSM, metioninom, dijatomejskom zemljom i morskim algama   bez \u017eitarica i melase  Koli\u010dina: 15 kg  &nbsp;","og_url":"https:\/\/clair.si\/hr\/izdelek\/marstall-haut-vital\/","og_site_name":"Clair","article_publisher":"https:\/\/www.facebook.com\/TrgovinaClair\/","article_modified_time":"2025-08-28T17:47:01+00:00","og_image":[{"width":800,"height":800,"url":"https:\/\/clair.si\/wp-content\/uploads\/2023\/12\/marstall-getreidefrei-haut-vital-15kg-hrana-za-konje-ekcem-clair-jpg.webp","type":"image\/jpeg"}],"twitter_card":"summary_large_image","twitter_misc":{"Procijenjeno vrijeme \u010ditanja":"3 minute"},"schema":{"@context":"https:\/\/schema.org","@graph":[{"@type":"WebPage","@id":"https:\/\/clair.si\/hr\/izdelek\/marstall-haut-vital\/","url":"https:\/\/clair.si\/hr\/izdelek\/marstall-haut-vital\/","name":"Marstall Haut-Vital - Clair","isPartOf":{"@id":"https:\/\/clair.si\/#website"},"primaryImageOfPage":{"@id":"https:\/\/clair.si\/hr\/izdelek\/marstall-haut-vital\/#primaryimage"},"image":{"@id":"https:\/\/clair.si\/hr\/izdelek\/marstall-haut-vital\/#primaryimage"},"thumbnailUrl":"https:\/\/clair.si\/wp-content\/uploads\/2023\/12\/marstall-getreidefrei-haut-vital-15kg-hrana-za-konje-ekcem-clair-jpg.webp","datePublished":"2023-12-14T12:35:18+00:00","dateModified":"2025-08-28T17:47:01+00:00","description":"Za ovaj proizvod se zbog dimenzija ili te\u017eine napla\u0107uju dodatni tro\u0161kovi dostave u iznosu od 15 \u20ac \/ kom. &nbsp; Niskoenergetski m\u00fcsli za konje sklone iritaciji ko\u017ee s organskim elementima u tragovima s MSM, metioninom, dijatomejskom zemljom i morskim algama bez \u017eitarica i melase Koli\u010dina: 15 kg &nbsp;","breadcrumb":{"@id":"https:\/\/clair.si\/hr\/izdelek\/marstall-haut-vital\/#breadcrumb"},"inLanguage":"hr","potentialAction":[{"@type":"ReadAction","target":["https:\/\/clair.si\/hr\/izdelek\/marstall-haut-vital\/"]}]},{"@type":"ImageObject","inLanguage":"hr","@id":"https:\/\/clair.si\/hr\/izdelek\/marstall-haut-vital\/#primaryimage","url":"https:\/\/clair.si\/wp-content\/uploads\/2023\/12\/marstall-getreidefrei-haut-vital-15kg-hrana-za-konje-ekcem-clair-jpg.webp","contentUrl":"https:\/\/clair.si\/wp-content\/uploads\/2023\/12\/marstall-getreidefrei-haut-vital-15kg-hrana-za-konje-ekcem-clair-jpg.webp","width":800,"height":800},{"@type":"BreadcrumbList","@id":"https:\/\/clair.si\/hr\/izdelek\/marstall-haut-vital\/#breadcrumb","itemListElement":[{"@type":"ListItem","position":1,"name":"Home","item":"https:\/\/clair.si\/hr\/"},{"@type":"ListItem","position":2,"name":"Trgovina","item":"https:\/\/clair.si\/trgovina\/"},{"@type":"ListItem","position":3,"name":"Marstall Haut-Vital"}]},{"@type":"WebSite","@id":"https:\/\/clair.si\/#website","url":"https:\/\/clair.si\/","name":"Clair","description":"Trgovina s konjeni\u0161ko opremo","publisher":{"@id":"https:\/\/clair.si\/#organization"},"potentialAction":[{"@type":"SearchAction","target":{"@type":"EntryPoint","urlTemplate":"https:\/\/clair.si\/?s={search_term_string}"},"query-input":{"@type":"PropertyValueSpecification","valueRequired":true,"valueName":"search_term_string"}}],"inLanguage":"hr"},{"@type":"Organization","@id":"https:\/\/clair.si\/#organization","name":"Clair","url":"https:\/\/clair.si\/","logo":{"@type":"ImageObject","inLanguage":"hr","@id":"https:\/\/clair.si\/#\/schema\/logo\/image\/","url":"https:\/\/clair.si\/wp-content\/uploads\/2022\/11\/clair_logo_2022.jpg","contentUrl":"https:\/\/clair.si\/wp-content\/uploads\/2022\/11\/clair_logo_2022.jpg","width":1920,"height":1920,"caption":"Clair"},"image":{"@id":"https:\/\/clair.si\/#\/schema\/logo\/image\/"},"sameAs":["https:\/\/www.facebook.com\/TrgovinaClair\/"]}]}},"_links":{"self":[{"href":"https:\/\/clair.si\/hr\/wp-json\/wp\/v2\/product\/97121","targetHints":{"allow":["GET"]}}],"collection":[{"href":"https:\/\/clair.si\/hr\/wp-json\/wp\/v2\/product"}],"about":[{"href":"https:\/\/clair.si\/hr\/wp-json\/wp\/v2\/types\/product"}],"version-history":[{"count":0,"href":"https:\/\/clair.si\/hr\/wp-json\/wp\/v2\/product\/97121\/revisions"}],"wp:featuredmedia":[{"embeddable":true,"href":"https:\/\/clair.si\/hr\/wp-json\/wp\/v2\/media\/97123"}],"wp:attachment":[{"href":"https:\/\/clair.si\/hr\/wp-json\/wp\/v2\/media?parent=97121"}],"wp:term":[{"taxonomy":"product_brand","embeddable":true,"href":"https:\/\/clair.si\/hr\/wp-json\/wp\/v2\/product_brand?post=97121"},{"taxonomy":"product_cat","embeddable":true,"href":"https:\/\/clair.si\/hr\/wp-json\/wp\/v2\/product_cat?post=97121"},{"taxonomy":"product_tag","embeddable":true,"href":"https:\/\/clair.si\/hr\/wp-json\/wp\/v2\/product_tag?post=97121"}],"curies":[{"name":"wp","href":"https:\/\/api.w.org\/{rel}","templated":true}]}}