{"id":97145,"date":"2023-12-23T09:10:28","date_gmt":"2023-12-23T08:10:28","guid":{"rendered":"https:\/\/clair.si\/izdelek\/podloga-za-sedlo-kavalkade-kavaltop-lamb\/"},"modified":"2025-08-28T08:08:20","modified_gmt":"2025-08-28T06:08:20","slug":"podloga-za-sedlo-kavalkade-kavaltop-lamb","status":"publish","type":"product","link":"https:\/\/clair.si\/hr\/izdelek\/podloga-za-sedlo-kavalkade-kavaltop-lamb\/","title":{"rendered":"Podloga za sedlo Kavalkade KavalTop Lamb"},"content":{"rendered":"<p><strong>Podloga za sedlo Kavalkade KavalTop Lamb<\/strong><\/p>\n<div class=\"lRu31\"><span class=\"HwtZe\" lang=\"sl\"><span class=\"jCAhz ChMk0b\"><span class=\"ryNqvb\">Podloga za sedlo s medicinskom janje\u0107om ko\u017eom optimalna je podloga za sedlo.<\/span><\/span> <span class=\"jCAhz ChMk0b\"><span class=\"ryNqvb\">Janje\u0107a ko\u017ea je antialergijska i antisepti\u010dna.<\/span><\/span> <span class=\"jCAhz ChMk0b\"><span class=\"ryNqvb\">To zna\u010di da i konji s osjetljivom ko\u017eom mogu nositi podlogu za sedlo.<\/span><\/span> <span class=\"jCAhz ChMk0b\"><span class=\"ryNqvb\">Osim toga, janje\u0107a ko\u017ea poti\u010de cirkulaciju krvi u konjskim mi\u0161i\u0107ima.<\/span><\/span> <span class=\"jCAhz ChMk0b\"><span class=\"ryNqvb\">Zbog svoje prirodne izrade, krzno masira konjeva le\u0111a tijekom jahanja.<\/span><\/span> <span class=\"jCAhz ChMk0b\"><span class=\"ryNqvb\">Osim toga, ispod medicinske janje\u0107e ko\u017ee ne nakuplja se toplina.<\/span><\/span> <span class=\"jCAhz ChMk0b\"><span class=\"ryNqvb\">Zbog svoje prirodne izrade, krzno djeluje temperaturno uravnote\u017euju\u0107e i konji se ispod janje\u0107e ko\u017ee ne po\u010dnu tako brzo znojiti.<\/span><\/span><\/span><\/div>\n<div><\/div>\n<div class=\"lRu31\"><span class=\"HwtZe\" lang=\"sl\"> <span class=\"jCAhz ChMk0b\"><span class=\"ryNqvb\">Podloga za sedlo od prave janje\u0107e ko\u017ee tako\u0111er ima posebnu osobinu da je dimenzijski stabilna.<\/span><\/span> <span class=\"jCAhz ChMk0b\"><span class=\"ryNqvb\">To zna\u010di da se janje\u0107a ko\u017ea nakon svakog jahanja ponovno podigne.<\/span><\/span> <span class=\"jCAhz ChMk0b\"><span class=\"ryNqvb\">Unato\u010d znoju, oblik ostaje netaknut.<\/span><\/span> <span class=\"jCAhz ChMk0b\"><span class=\"ryNqvb\">\u010cak i ako sedlo le\u017ei na janje\u0107oj ko\u017ei i ko\u017euh tijekom jahanja stisnu udarci, kvalitetna janje\u0107a ko\u017ea ne raspadne se, ve\u0107 zadr\u017ei svoj oblik i samo se stisne skupa.<\/span><\/span> <span class=\"jCAhz ChMk0b\"><span class=\"ryNqvb\">To zna\u010di da podloga vrlo dobro apsorbira udarce, anatomski se prilago\u0111ava konju i nema to\u010daka pritiska ili ogrebotina.<\/span><\/span> <span class=\"jCAhz ChMk0b\"><span class=\"ryNqvb\">Takve podsedalne podloge vrlo su nje\u017ene prema konjevim le\u0111ima.<\/span><\/span> <\/span><\/div>\n<div><\/div>\n<ul>\n<li><span class=\"HwtZe\" lang=\"sl\"><span class=\"jCAhz ChMk0b\"><span class=\"ryNqvb\">s anatomski oblikovanom protukliznom stani\u010dnom gumom<\/span><\/span> na gornjem dijelu<br \/>\n<\/span><\/li>\n<li class=\"lRu31\"><span class=\"HwtZe\" lang=\"sl\"><span class=\"jCAhz ChMk0b\"><span class=\"ryNqvb\"> perivo na 30\u00b0C<\/span><\/span> <\/span><\/li>\n<li class=\"lRu31\"><span class=\"HwtZe\" lang=\"sl\"><span class=\"jCAhz ChMk0b\"><span class=\"ryNqvb\">Veli\u010dina: M = pribli\u017eno 55 cm (za sedla do uklju\u010divo 17.5&#8243;), L = pribli\u017eno 62 cm (duljina le\u0111a uklju\u010duju\u0107i janje\u0107u ko\u017eu, za sedla od 18&#8243; nadalje)<\/span><\/span><\/span><\/li>\n<li class=\"lRu31\"><span class=\"HwtZe\" lang=\"sl\"><span class=\"jCAhz ChMk0b\"><span class=\"ryNqvb\">Materijal: pravo medicinsko janje\u0107e usnje<\/span><\/span><\/span><\/li>\n<li class=\"lRu31\"><span class=\"HwtZe\" lang=\"sl\"> <span class=\"jCAhz ChMk0b\"><span class=\"ryNqvb\">Te\u017eina: 0,7 kg<\/span><\/span> <\/span><\/li>\n<\/ul>\n<div class=\"UdTY9 WdefRb\" aria-hidden=\"true\" data-location=\"2\">\n<div class=\"kO6q6e\"><\/div>\n<\/div>\n<p><strong> <\/strong><\/p>\n","protected":false},"excerpt":{"rendered":"<p>Podloga za sedlo Kavalkade KavalTop Lamb Podloga za sedlo s medicinskom janje\u0107om ko\u017eom optimalna je podloga za sedlo. Janje\u0107a ko\u017ea<\/p>\n","protected":false},"featured_media":97148,"template":"","meta":{"footnotes":""},"product_brand":[],"product_cat":[5624,5984,5726],"product_tag":[],"class_list":{"0":"post-97145","1":"product","2":"type-product","3":"status-publish","4":"has-post-thumbnail","6":"product_cat-konj-hr","7":"product_cat-podloge-za-sedlo-i-gelovi","8":"product_cat-podsedlice-i-kapice-za-usi","10":"first","11":"outofstock","12":"sale","13":"shipping-taxable","14":"purchasable","15":"product-type-variable"},"yoast_head":"<!-- This site is optimized with the Yoast SEO plugin v27.4 - https:\/\/yoast.com\/product\/yoast-seo-wordpress\/ -->\n<title>Podloga za sedlo Kavalkade KavalTop Lamb - Clair<\/title>\n<meta name=\"description\" content=\"Podloga za sedlo Kavalkade KavalTop Lamb Podloga za sedlo s medicinskom janje\u0107om ko\u017eom optimalna je podloga za sedlo. Janje\u0107a ko\u017ea je antialergijska i\" \/>\n<meta name=\"robots\" content=\"index, follow, max-snippet:-1, max-image-preview:large, max-video-preview:-1\" \/>\n<link rel=\"canonical\" href=\"https:\/\/clair.si\/hr\/izdelek\/podloga-za-sedlo-kavalkade-kavaltop-lamb\/\" \/>\n<meta property=\"og:locale\" content=\"hr_HR\" \/>\n<meta property=\"og:type\" content=\"article\" \/>\n<meta property=\"og:title\" content=\"Podloga za sedlo Kavalkade KavalTop Lamb - Clair\" \/>\n<meta property=\"og:description\" content=\"Podloga za sedlo Kavalkade KavalTop Lamb Podloga za sedlo s medicinskom janje\u0107om ko\u017eom optimalna je podloga za sedlo. Janje\u0107a ko\u017ea je antialergijska i\" \/>\n<meta property=\"og:url\" content=\"https:\/\/clair.si\/hr\/izdelek\/podloga-za-sedlo-kavalkade-kavaltop-lamb\/\" \/>\n<meta property=\"og:site_name\" content=\"Clair\" \/>\n<meta property=\"article:publisher\" content=\"https:\/\/www.facebook.com\/TrgovinaClair\/\" \/>\n<meta property=\"article:modified_time\" content=\"2025-08-28T06:08:20+00:00\" \/>\n<meta property=\"og:image\" content=\"https:\/\/clair.si\/wp-content\/uploads\/2023\/12\/13422-kaval-top-podloga-za-sedlo-kavalkade-jpg.webp\" \/>\n\t<meta property=\"og:image:width\" content=\"800\" \/>\n\t<meta property=\"og:image:height\" content=\"800\" \/>\n\t<meta property=\"og:image:type\" content=\"image\/jpeg\" \/>\n<meta name=\"twitter:card\" content=\"summary_large_image\" \/>\n<meta name=\"twitter:label1\" content=\"Procijenjeno vrijeme \u010ditanja\" \/>\n\t<meta name=\"twitter:data1\" content=\"1 minuta\" \/>\n<script type=\"application\/ld+json\" class=\"yoast-schema-graph\">{\"@context\":\"https:\\\/\\\/schema.org\",\"@graph\":[{\"@type\":\"WebPage\",\"@id\":\"https:\\\/\\\/clair.si\\\/hr\\\/izdelek\\\/podloga-za-sedlo-kavalkade-kavaltop-lamb\\\/\",\"url\":\"https:\\\/\\\/clair.si\\\/hr\\\/izdelek\\\/podloga-za-sedlo-kavalkade-kavaltop-lamb\\\/\",\"name\":\"Podloga za sedlo Kavalkade KavalTop Lamb - Clair\",\"isPartOf\":{\"@id\":\"https:\\\/\\\/clair.si\\\/#website\"},\"primaryImageOfPage\":{\"@id\":\"https:\\\/\\\/clair.si\\\/hr\\\/izdelek\\\/podloga-za-sedlo-kavalkade-kavaltop-lamb\\\/#primaryimage\"},\"image\":{\"@id\":\"https:\\\/\\\/clair.si\\\/hr\\\/izdelek\\\/podloga-za-sedlo-kavalkade-kavaltop-lamb\\\/#primaryimage\"},\"thumbnailUrl\":\"https:\\\/\\\/clair.si\\\/wp-content\\\/uploads\\\/2023\\\/12\\\/13422-kaval-top-podloga-za-sedlo-kavalkade-jpg.webp\",\"datePublished\":\"2023-12-23T08:10:28+00:00\",\"dateModified\":\"2025-08-28T06:08:20+00:00\",\"description\":\"Podloga za sedlo Kavalkade KavalTop Lamb Podloga za sedlo s medicinskom janje\u0107om ko\u017eom optimalna je podloga za sedlo. Janje\u0107a ko\u017ea je antialergijska i\",\"breadcrumb\":{\"@id\":\"https:\\\/\\\/clair.si\\\/hr\\\/izdelek\\\/podloga-za-sedlo-kavalkade-kavaltop-lamb\\\/#breadcrumb\"},\"inLanguage\":\"hr\",\"potentialAction\":[{\"@type\":\"ReadAction\",\"target\":[\"https:\\\/\\\/clair.si\\\/hr\\\/izdelek\\\/podloga-za-sedlo-kavalkade-kavaltop-lamb\\\/\"]}]},{\"@type\":\"ImageObject\",\"inLanguage\":\"hr\",\"@id\":\"https:\\\/\\\/clair.si\\\/hr\\\/izdelek\\\/podloga-za-sedlo-kavalkade-kavaltop-lamb\\\/#primaryimage\",\"url\":\"https:\\\/\\\/clair.si\\\/wp-content\\\/uploads\\\/2023\\\/12\\\/13422-kaval-top-podloga-za-sedlo-kavalkade-jpg.webp\",\"contentUrl\":\"https:\\\/\\\/clair.si\\\/wp-content\\\/uploads\\\/2023\\\/12\\\/13422-kaval-top-podloga-za-sedlo-kavalkade-jpg.webp\",\"width\":800,\"height\":800},{\"@type\":\"BreadcrumbList\",\"@id\":\"https:\\\/\\\/clair.si\\\/hr\\\/izdelek\\\/podloga-za-sedlo-kavalkade-kavaltop-lamb\\\/#breadcrumb\",\"itemListElement\":[{\"@type\":\"ListItem\",\"position\":1,\"name\":\"Home\",\"item\":\"https:\\\/\\\/clair.si\\\/hr\\\/\"},{\"@type\":\"ListItem\",\"position\":2,\"name\":\"Trgovina\",\"item\":\"https:\\\/\\\/clair.si\\\/trgovina\\\/\"},{\"@type\":\"ListItem\",\"position\":3,\"name\":\"Podloga za sedlo Kavalkade KavalTop Lamb\"}]},{\"@type\":\"WebSite\",\"@id\":\"https:\\\/\\\/clair.si\\\/#website\",\"url\":\"https:\\\/\\\/clair.si\\\/\",\"name\":\"Clair\",\"description\":\"Trgovina s konjeni\u0161ko opremo\",\"publisher\":{\"@id\":\"https:\\\/\\\/clair.si\\\/#organization\"},\"potentialAction\":[{\"@type\":\"SearchAction\",\"target\":{\"@type\":\"EntryPoint\",\"urlTemplate\":\"https:\\\/\\\/clair.si\\\/?s={search_term_string}\"},\"query-input\":{\"@type\":\"PropertyValueSpecification\",\"valueRequired\":true,\"valueName\":\"search_term_string\"}}],\"inLanguage\":\"hr\"},{\"@type\":\"Organization\",\"@id\":\"https:\\\/\\\/clair.si\\\/#organization\",\"name\":\"Clair\",\"url\":\"https:\\\/\\\/clair.si\\\/\",\"logo\":{\"@type\":\"ImageObject\",\"inLanguage\":\"hr\",\"@id\":\"https:\\\/\\\/clair.si\\\/#\\\/schema\\\/logo\\\/image\\\/\",\"url\":\"https:\\\/\\\/clair.si\\\/wp-content\\\/uploads\\\/2022\\\/11\\\/clair_logo_2022.jpg\",\"contentUrl\":\"https:\\\/\\\/clair.si\\\/wp-content\\\/uploads\\\/2022\\\/11\\\/clair_logo_2022.jpg\",\"width\":1920,\"height\":1920,\"caption\":\"Clair\"},\"image\":{\"@id\":\"https:\\\/\\\/clair.si\\\/#\\\/schema\\\/logo\\\/image\\\/\"},\"sameAs\":[\"https:\\\/\\\/www.facebook.com\\\/TrgovinaClair\\\/\"]}]}<\/script>\n<!-- \/ Yoast SEO plugin. -->","yoast_head_json":{"title":"Podloga za sedlo Kavalkade KavalTop Lamb - Clair","description":"Podloga za sedlo Kavalkade KavalTop Lamb Podloga za sedlo s medicinskom janje\u0107om ko\u017eom optimalna je podloga za sedlo. Janje\u0107a ko\u017ea je antialergijska i","robots":{"index":"index","follow":"follow","max-snippet":"max-snippet:-1","max-image-preview":"max-image-preview:large","max-video-preview":"max-video-preview:-1"},"canonical":"https:\/\/clair.si\/hr\/izdelek\/podloga-za-sedlo-kavalkade-kavaltop-lamb\/","og_locale":"hr_HR","og_type":"article","og_title":"Podloga za sedlo Kavalkade KavalTop Lamb - Clair","og_description":"Podloga za sedlo Kavalkade KavalTop Lamb Podloga za sedlo s medicinskom janje\u0107om ko\u017eom optimalna je podloga za sedlo. Janje\u0107a ko\u017ea je antialergijska i","og_url":"https:\/\/clair.si\/hr\/izdelek\/podloga-za-sedlo-kavalkade-kavaltop-lamb\/","og_site_name":"Clair","article_publisher":"https:\/\/www.facebook.com\/TrgovinaClair\/","article_modified_time":"2025-08-28T06:08:20+00:00","og_image":[{"width":800,"height":800,"url":"https:\/\/clair.si\/wp-content\/uploads\/2023\/12\/13422-kaval-top-podloga-za-sedlo-kavalkade-jpg.webp","type":"image\/jpeg"}],"twitter_card":"summary_large_image","twitter_misc":{"Procijenjeno vrijeme \u010ditanja":"1 minuta"},"schema":{"@context":"https:\/\/schema.org","@graph":[{"@type":"WebPage","@id":"https:\/\/clair.si\/hr\/izdelek\/podloga-za-sedlo-kavalkade-kavaltop-lamb\/","url":"https:\/\/clair.si\/hr\/izdelek\/podloga-za-sedlo-kavalkade-kavaltop-lamb\/","name":"Podloga za sedlo Kavalkade KavalTop Lamb - Clair","isPartOf":{"@id":"https:\/\/clair.si\/#website"},"primaryImageOfPage":{"@id":"https:\/\/clair.si\/hr\/izdelek\/podloga-za-sedlo-kavalkade-kavaltop-lamb\/#primaryimage"},"image":{"@id":"https:\/\/clair.si\/hr\/izdelek\/podloga-za-sedlo-kavalkade-kavaltop-lamb\/#primaryimage"},"thumbnailUrl":"https:\/\/clair.si\/wp-content\/uploads\/2023\/12\/13422-kaval-top-podloga-za-sedlo-kavalkade-jpg.webp","datePublished":"2023-12-23T08:10:28+00:00","dateModified":"2025-08-28T06:08:20+00:00","description":"Podloga za sedlo Kavalkade KavalTop Lamb Podloga za sedlo s medicinskom janje\u0107om ko\u017eom optimalna je podloga za sedlo. Janje\u0107a ko\u017ea je antialergijska i","breadcrumb":{"@id":"https:\/\/clair.si\/hr\/izdelek\/podloga-za-sedlo-kavalkade-kavaltop-lamb\/#breadcrumb"},"inLanguage":"hr","potentialAction":[{"@type":"ReadAction","target":["https:\/\/clair.si\/hr\/izdelek\/podloga-za-sedlo-kavalkade-kavaltop-lamb\/"]}]},{"@type":"ImageObject","inLanguage":"hr","@id":"https:\/\/clair.si\/hr\/izdelek\/podloga-za-sedlo-kavalkade-kavaltop-lamb\/#primaryimage","url":"https:\/\/clair.si\/wp-content\/uploads\/2023\/12\/13422-kaval-top-podloga-za-sedlo-kavalkade-jpg.webp","contentUrl":"https:\/\/clair.si\/wp-content\/uploads\/2023\/12\/13422-kaval-top-podloga-za-sedlo-kavalkade-jpg.webp","width":800,"height":800},{"@type":"BreadcrumbList","@id":"https:\/\/clair.si\/hr\/izdelek\/podloga-za-sedlo-kavalkade-kavaltop-lamb\/#breadcrumb","itemListElement":[{"@type":"ListItem","position":1,"name":"Home","item":"https:\/\/clair.si\/hr\/"},{"@type":"ListItem","position":2,"name":"Trgovina","item":"https:\/\/clair.si\/trgovina\/"},{"@type":"ListItem","position":3,"name":"Podloga za sedlo Kavalkade KavalTop Lamb"}]},{"@type":"WebSite","@id":"https:\/\/clair.si\/#website","url":"https:\/\/clair.si\/","name":"Clair","description":"Trgovina s konjeni\u0161ko opremo","publisher":{"@id":"https:\/\/clair.si\/#organization"},"potentialAction":[{"@type":"SearchAction","target":{"@type":"EntryPoint","urlTemplate":"https:\/\/clair.si\/?s={search_term_string}"},"query-input":{"@type":"PropertyValueSpecification","valueRequired":true,"valueName":"search_term_string"}}],"inLanguage":"hr"},{"@type":"Organization","@id":"https:\/\/clair.si\/#organization","name":"Clair","url":"https:\/\/clair.si\/","logo":{"@type":"ImageObject","inLanguage":"hr","@id":"https:\/\/clair.si\/#\/schema\/logo\/image\/","url":"https:\/\/clair.si\/wp-content\/uploads\/2022\/11\/clair_logo_2022.jpg","contentUrl":"https:\/\/clair.si\/wp-content\/uploads\/2022\/11\/clair_logo_2022.jpg","width":1920,"height":1920,"caption":"Clair"},"image":{"@id":"https:\/\/clair.si\/#\/schema\/logo\/image\/"},"sameAs":["https:\/\/www.facebook.com\/TrgovinaClair\/"]}]}},"_links":{"self":[{"href":"https:\/\/clair.si\/hr\/wp-json\/wp\/v2\/product\/97145","targetHints":{"allow":["GET"]}}],"collection":[{"href":"https:\/\/clair.si\/hr\/wp-json\/wp\/v2\/product"}],"about":[{"href":"https:\/\/clair.si\/hr\/wp-json\/wp\/v2\/types\/product"}],"version-history":[{"count":0,"href":"https:\/\/clair.si\/hr\/wp-json\/wp\/v2\/product\/97145\/revisions"}],"wp:featuredmedia":[{"embeddable":true,"href":"https:\/\/clair.si\/hr\/wp-json\/wp\/v2\/media\/97148"}],"wp:attachment":[{"href":"https:\/\/clair.si\/hr\/wp-json\/wp\/v2\/media?parent=97145"}],"wp:term":[{"taxonomy":"product_brand","embeddable":true,"href":"https:\/\/clair.si\/hr\/wp-json\/wp\/v2\/product_brand?post=97145"},{"taxonomy":"product_cat","embeddable":true,"href":"https:\/\/clair.si\/hr\/wp-json\/wp\/v2\/product_cat?post=97145"},{"taxonomy":"product_tag","embeddable":true,"href":"https:\/\/clair.si\/hr\/wp-json\/wp\/v2\/product_tag?post=97145"}],"curies":[{"name":"wp","href":"https:\/\/api.w.org\/{rel}","templated":true}]}}