{"id":97147,"date":"2024-01-10T20:24:45","date_gmt":"2024-01-10T19:24:45","guid":{"rendered":"https:\/\/clair.si\/izdelek\/rucka-za-ogradu-s-plocicom-za-traku-beaumont\/"},"modified":"2025-08-28T06:37:24","modified_gmt":"2025-08-28T04:37:24","slug":"rucka-za-ogradu-s-plocicom-za-traku-beaumont","status":"publish","type":"product","link":"https:\/\/clair.si\/hr\/izdelek\/rucka-za-ogradu-s-plocicom-za-traku-beaumont\/","title":{"rendered":"Ru\u010dka za ogradu s plo\u010dicom za traku Beaumont"},"content":{"rendered":"<p><strong>Ru\u010dka za ogradu s plo\u010dicom<\/strong> za traku Beaumont prikladna je za vrata elektri\u010dnih ograda koja su povezana s <strong>trakom debljine do 40 mm<\/strong>.<\/p>\n<p>Ru\u010dka je duga <strong>25 cm<\/strong>, a plo\u010dica <strong>15 cm<\/strong>.<\/p>\n<p>&nbsp;<\/p>\n<p>&nbsp;<\/p>\n","protected":false},"excerpt":{"rendered":"<p>Komplet sadr\u017ei jednu ru\u010dku i jednu plo\u010dicu.<\/p>\n","protected":false},"featured_media":97154,"template":"","meta":{"footnotes":""},"product_brand":[],"product_cat":[5820,6306],"product_tag":[],"class_list":{"0":"post-97147","1":"product","2":"type-product","3":"status-publish","4":"has-post-thumbnail","6":"product_cat-oprema-za-pasnjake","7":"product_cat-rucke-i-opruge","9":"first","10":"instock","11":"sale","12":"shipping-taxable","13":"purchasable","14":"product-type-simple"},"yoast_head":"<!-- This site is optimized with the Yoast SEO plugin v27.4 - https:\/\/yoast.com\/product\/yoast-seo-wordpress\/ -->\n<title>Ru\u010dka za ogradu s plo\u010dicom za traku Beaumont - Clair<\/title>\n<meta name=\"description\" content=\"Komplet sadr\u017ei jednu ru\u010dku i jednu plo\u010dicu. Ru\u010dka za ogradu s plo\u010dicom je odli\u010dno rje\u0161enje za ograde od trake jer omogu\u0107uje lak\u0161u monta\u017eu i dulji vijek trajanja el. ograde. Ne propustite na\u0161u ponudu!\" \/>\n<meta name=\"robots\" content=\"index, follow, max-snippet:-1, max-image-preview:large, max-video-preview:-1\" \/>\n<link rel=\"canonical\" href=\"https:\/\/clair.si\/hr\/izdelek\/rucka-za-ogradu-s-plocicom-za-traku-beaumont\/\" \/>\n<meta property=\"og:locale\" content=\"hr_HR\" \/>\n<meta property=\"og:type\" content=\"article\" \/>\n<meta property=\"og:title\" content=\"Ru\u010dka za ogradu s plo\u010dicom za traku Beaumont - Clair\" \/>\n<meta property=\"og:description\" content=\"Komplet sadr\u017ei jednu ru\u010dku i jednu plo\u010dicu. Ru\u010dka za ogradu s plo\u010dicom je odli\u010dno rje\u0161enje za ograde od trake jer omogu\u0107uje lak\u0161u monta\u017eu i dulji vijek trajanja el. ograde. Ne propustite na\u0161u ponudu!\" \/>\n<meta property=\"og:url\" content=\"https:\/\/clair.si\/hr\/izdelek\/rucka-za-ogradu-s-plocicom-za-traku-beaumont\/\" \/>\n<meta property=\"og:site_name\" content=\"Clair\" \/>\n<meta property=\"article:publisher\" content=\"https:\/\/www.facebook.com\/TrgovinaClair\/\" \/>\n<meta property=\"article:modified_time\" content=\"2025-08-28T04:37:24+00:00\" \/>\n<meta property=\"og:image\" content=\"https:\/\/clair.si\/wp-content\/uploads\/2024\/01\/1015024-1-jpg.webp\" \/>\n\t<meta property=\"og:image:width\" content=\"700\" \/>\n\t<meta property=\"og:image:height\" content=\"700\" \/>\n\t<meta property=\"og:image:type\" content=\"image\/webp\" \/>\n<meta name=\"twitter:card\" content=\"summary_large_image\" \/>\n<script type=\"application\/ld+json\" class=\"yoast-schema-graph\">{\"@context\":\"https:\\\/\\\/schema.org\",\"@graph\":[{\"@type\":\"WebPage\",\"@id\":\"https:\\\/\\\/clair.si\\\/hr\\\/izdelek\\\/rucka-za-ogradu-s-plocicom-za-traku-beaumont\\\/\",\"url\":\"https:\\\/\\\/clair.si\\\/hr\\\/izdelek\\\/rucka-za-ogradu-s-plocicom-za-traku-beaumont\\\/\",\"name\":\"Ru\u010dka za ogradu s plo\u010dicom za traku Beaumont - Clair\",\"isPartOf\":{\"@id\":\"https:\\\/\\\/clair.si\\\/#website\"},\"primaryImageOfPage\":{\"@id\":\"https:\\\/\\\/clair.si\\\/hr\\\/izdelek\\\/rucka-za-ogradu-s-plocicom-za-traku-beaumont\\\/#primaryimage\"},\"image\":{\"@id\":\"https:\\\/\\\/clair.si\\\/hr\\\/izdelek\\\/rucka-za-ogradu-s-plocicom-za-traku-beaumont\\\/#primaryimage\"},\"thumbnailUrl\":\"https:\\\/\\\/clair.si\\\/wp-content\\\/uploads\\\/2024\\\/01\\\/1015024-1-jpg.webp\",\"datePublished\":\"2024-01-10T19:24:45+00:00\",\"dateModified\":\"2025-08-28T04:37:24+00:00\",\"description\":\"Komplet sadr\u017ei jednu ru\u010dku i jednu plo\u010dicu. Ru\u010dka za ogradu s plo\u010dicom je odli\u010dno rje\u0161enje za ograde od trake jer omogu\u0107uje lak\u0161u monta\u017eu i dulji vijek trajanja el. ograde. Ne propustite na\u0161u ponudu!\",\"breadcrumb\":{\"@id\":\"https:\\\/\\\/clair.si\\\/hr\\\/izdelek\\\/rucka-za-ogradu-s-plocicom-za-traku-beaumont\\\/#breadcrumb\"},\"inLanguage\":\"hr\",\"potentialAction\":[{\"@type\":\"ReadAction\",\"target\":[\"https:\\\/\\\/clair.si\\\/hr\\\/izdelek\\\/rucka-za-ogradu-s-plocicom-za-traku-beaumont\\\/\"]}]},{\"@type\":\"ImageObject\",\"inLanguage\":\"hr\",\"@id\":\"https:\\\/\\\/clair.si\\\/hr\\\/izdelek\\\/rucka-za-ogradu-s-plocicom-za-traku-beaumont\\\/#primaryimage\",\"url\":\"https:\\\/\\\/clair.si\\\/wp-content\\\/uploads\\\/2024\\\/01\\\/1015024-1-jpg.webp\",\"contentUrl\":\"https:\\\/\\\/clair.si\\\/wp-content\\\/uploads\\\/2024\\\/01\\\/1015024-1-jpg.webp\",\"width\":700,\"height\":700},{\"@type\":\"BreadcrumbList\",\"@id\":\"https:\\\/\\\/clair.si\\\/hr\\\/izdelek\\\/rucka-za-ogradu-s-plocicom-za-traku-beaumont\\\/#breadcrumb\",\"itemListElement\":[{\"@type\":\"ListItem\",\"position\":1,\"name\":\"Home\",\"item\":\"https:\\\/\\\/clair.si\\\/hr\\\/\"},{\"@type\":\"ListItem\",\"position\":2,\"name\":\"Trgovina\",\"item\":\"https:\\\/\\\/clair.si\\\/trgovina\\\/\"},{\"@type\":\"ListItem\",\"position\":3,\"name\":\"Ru\u010dka za ogradu s plo\u010dicom za traku Beaumont\"}]},{\"@type\":\"WebSite\",\"@id\":\"https:\\\/\\\/clair.si\\\/#website\",\"url\":\"https:\\\/\\\/clair.si\\\/\",\"name\":\"Clair\",\"description\":\"Trgovina s konjeni\u0161ko opremo\",\"publisher\":{\"@id\":\"https:\\\/\\\/clair.si\\\/#organization\"},\"potentialAction\":[{\"@type\":\"SearchAction\",\"target\":{\"@type\":\"EntryPoint\",\"urlTemplate\":\"https:\\\/\\\/clair.si\\\/?s={search_term_string}\"},\"query-input\":{\"@type\":\"PropertyValueSpecification\",\"valueRequired\":true,\"valueName\":\"search_term_string\"}}],\"inLanguage\":\"hr\"},{\"@type\":\"Organization\",\"@id\":\"https:\\\/\\\/clair.si\\\/#organization\",\"name\":\"Clair\",\"url\":\"https:\\\/\\\/clair.si\\\/\",\"logo\":{\"@type\":\"ImageObject\",\"inLanguage\":\"hr\",\"@id\":\"https:\\\/\\\/clair.si\\\/#\\\/schema\\\/logo\\\/image\\\/\",\"url\":\"https:\\\/\\\/clair.si\\\/wp-content\\\/uploads\\\/2022\\\/11\\\/clair_logo_2022.jpg\",\"contentUrl\":\"https:\\\/\\\/clair.si\\\/wp-content\\\/uploads\\\/2022\\\/11\\\/clair_logo_2022.jpg\",\"width\":1920,\"height\":1920,\"caption\":\"Clair\"},\"image\":{\"@id\":\"https:\\\/\\\/clair.si\\\/#\\\/schema\\\/logo\\\/image\\\/\"},\"sameAs\":[\"https:\\\/\\\/www.facebook.com\\\/TrgovinaClair\\\/\"]}]}<\/script>\n<!-- \/ Yoast SEO plugin. -->","yoast_head_json":{"title":"Ru\u010dka za ogradu s plo\u010dicom za traku Beaumont - Clair","description":"Komplet sadr\u017ei jednu ru\u010dku i jednu plo\u010dicu. Ru\u010dka za ogradu s plo\u010dicom je odli\u010dno rje\u0161enje za ograde od trake jer omogu\u0107uje lak\u0161u monta\u017eu i dulji vijek trajanja el. ograde. Ne propustite na\u0161u ponudu!","robots":{"index":"index","follow":"follow","max-snippet":"max-snippet:-1","max-image-preview":"max-image-preview:large","max-video-preview":"max-video-preview:-1"},"canonical":"https:\/\/clair.si\/hr\/izdelek\/rucka-za-ogradu-s-plocicom-za-traku-beaumont\/","og_locale":"hr_HR","og_type":"article","og_title":"Ru\u010dka za ogradu s plo\u010dicom za traku Beaumont - Clair","og_description":"Komplet sadr\u017ei jednu ru\u010dku i jednu plo\u010dicu. Ru\u010dka za ogradu s plo\u010dicom je odli\u010dno rje\u0161enje za ograde od trake jer omogu\u0107uje lak\u0161u monta\u017eu i dulji vijek trajanja el. ograde. Ne propustite na\u0161u ponudu!","og_url":"https:\/\/clair.si\/hr\/izdelek\/rucka-za-ogradu-s-plocicom-za-traku-beaumont\/","og_site_name":"Clair","article_publisher":"https:\/\/www.facebook.com\/TrgovinaClair\/","article_modified_time":"2025-08-28T04:37:24+00:00","og_image":[{"width":700,"height":700,"url":"https:\/\/clair.si\/wp-content\/uploads\/2024\/01\/1015024-1-jpg.webp","type":"image\/webp"}],"twitter_card":"summary_large_image","schema":{"@context":"https:\/\/schema.org","@graph":[{"@type":"WebPage","@id":"https:\/\/clair.si\/hr\/izdelek\/rucka-za-ogradu-s-plocicom-za-traku-beaumont\/","url":"https:\/\/clair.si\/hr\/izdelek\/rucka-za-ogradu-s-plocicom-za-traku-beaumont\/","name":"Ru\u010dka za ogradu s plo\u010dicom za traku Beaumont - Clair","isPartOf":{"@id":"https:\/\/clair.si\/#website"},"primaryImageOfPage":{"@id":"https:\/\/clair.si\/hr\/izdelek\/rucka-za-ogradu-s-plocicom-za-traku-beaumont\/#primaryimage"},"image":{"@id":"https:\/\/clair.si\/hr\/izdelek\/rucka-za-ogradu-s-plocicom-za-traku-beaumont\/#primaryimage"},"thumbnailUrl":"https:\/\/clair.si\/wp-content\/uploads\/2024\/01\/1015024-1-jpg.webp","datePublished":"2024-01-10T19:24:45+00:00","dateModified":"2025-08-28T04:37:24+00:00","description":"Komplet sadr\u017ei jednu ru\u010dku i jednu plo\u010dicu. Ru\u010dka za ogradu s plo\u010dicom je odli\u010dno rje\u0161enje za ograde od trake jer omogu\u0107uje lak\u0161u monta\u017eu i dulji vijek trajanja el. ograde. Ne propustite na\u0161u ponudu!","breadcrumb":{"@id":"https:\/\/clair.si\/hr\/izdelek\/rucka-za-ogradu-s-plocicom-za-traku-beaumont\/#breadcrumb"},"inLanguage":"hr","potentialAction":[{"@type":"ReadAction","target":["https:\/\/clair.si\/hr\/izdelek\/rucka-za-ogradu-s-plocicom-za-traku-beaumont\/"]}]},{"@type":"ImageObject","inLanguage":"hr","@id":"https:\/\/clair.si\/hr\/izdelek\/rucka-za-ogradu-s-plocicom-za-traku-beaumont\/#primaryimage","url":"https:\/\/clair.si\/wp-content\/uploads\/2024\/01\/1015024-1-jpg.webp","contentUrl":"https:\/\/clair.si\/wp-content\/uploads\/2024\/01\/1015024-1-jpg.webp","width":700,"height":700},{"@type":"BreadcrumbList","@id":"https:\/\/clair.si\/hr\/izdelek\/rucka-za-ogradu-s-plocicom-za-traku-beaumont\/#breadcrumb","itemListElement":[{"@type":"ListItem","position":1,"name":"Home","item":"https:\/\/clair.si\/hr\/"},{"@type":"ListItem","position":2,"name":"Trgovina","item":"https:\/\/clair.si\/trgovina\/"},{"@type":"ListItem","position":3,"name":"Ru\u010dka za ogradu s plo\u010dicom za traku Beaumont"}]},{"@type":"WebSite","@id":"https:\/\/clair.si\/#website","url":"https:\/\/clair.si\/","name":"Clair","description":"Trgovina s konjeni\u0161ko opremo","publisher":{"@id":"https:\/\/clair.si\/#organization"},"potentialAction":[{"@type":"SearchAction","target":{"@type":"EntryPoint","urlTemplate":"https:\/\/clair.si\/?s={search_term_string}"},"query-input":{"@type":"PropertyValueSpecification","valueRequired":true,"valueName":"search_term_string"}}],"inLanguage":"hr"},{"@type":"Organization","@id":"https:\/\/clair.si\/#organization","name":"Clair","url":"https:\/\/clair.si\/","logo":{"@type":"ImageObject","inLanguage":"hr","@id":"https:\/\/clair.si\/#\/schema\/logo\/image\/","url":"https:\/\/clair.si\/wp-content\/uploads\/2022\/11\/clair_logo_2022.jpg","contentUrl":"https:\/\/clair.si\/wp-content\/uploads\/2022\/11\/clair_logo_2022.jpg","width":1920,"height":1920,"caption":"Clair"},"image":{"@id":"https:\/\/clair.si\/#\/schema\/logo\/image\/"},"sameAs":["https:\/\/www.facebook.com\/TrgovinaClair\/"]}]}},"_links":{"self":[{"href":"https:\/\/clair.si\/hr\/wp-json\/wp\/v2\/product\/97147","targetHints":{"allow":["GET"]}}],"collection":[{"href":"https:\/\/clair.si\/hr\/wp-json\/wp\/v2\/product"}],"about":[{"href":"https:\/\/clair.si\/hr\/wp-json\/wp\/v2\/types\/product"}],"version-history":[{"count":0,"href":"https:\/\/clair.si\/hr\/wp-json\/wp\/v2\/product\/97147\/revisions"}],"wp:featuredmedia":[{"embeddable":true,"href":"https:\/\/clair.si\/hr\/wp-json\/wp\/v2\/media\/97154"}],"wp:attachment":[{"href":"https:\/\/clair.si\/hr\/wp-json\/wp\/v2\/media?parent=97147"}],"wp:term":[{"taxonomy":"product_brand","embeddable":true,"href":"https:\/\/clair.si\/hr\/wp-json\/wp\/v2\/product_brand?post=97147"},{"taxonomy":"product_cat","embeddable":true,"href":"https:\/\/clair.si\/hr\/wp-json\/wp\/v2\/product_cat?post=97147"},{"taxonomy":"product_tag","embeddable":true,"href":"https:\/\/clair.si\/hr\/wp-json\/wp\/v2\/product_tag?post=97147"}],"curies":[{"name":"wp","href":"https:\/\/api.w.org\/{rel}","templated":true}]}}