{"id":97163,"date":"2024-01-16T20:34:02","date_gmt":"2024-01-16T19:34:02","guid":{"rendered":"https:\/\/clair.si\/izdelek\/stap-za-elektricnog-pastira-140-cm\/"},"modified":"2025-08-28T06:37:27","modified_gmt":"2025-08-28T04:37:27","slug":"stap-za-elektricnog-pastira-140-cm","status":"publish","type":"product","link":"https:\/\/clair.si\/hr\/izdelek\/stap-za-elektricnog-pastira-140-cm\/","title":{"rendered":"\u0160tap za elektri\u010dnog pastira 140 cm"},"content":{"rendered":"<p><strong>\u0160tap za elektri\u010dnog pastira Horizont<\/strong>, bijele boje.<\/p>\n<p>Du\u017eina iznosi <strong>140 cm<\/strong> (visina iznad zemlje je 126 cm, a du\u017eina \u0161pice za u zemlju je 14 cm \u00d8 7mm)<strong> s 12 zareza.<\/strong><\/p>\n<p>Zareze mo\u017eemo koristiti 3x za \u0161irinu trake do 40 mm, 6x za \u0161irinu trake do 20 mm, 3x za \u017eicu do 8 mm ili mo\u017eemo koristiti \u017eicu do 3,5 mm 12x.<\/p>\n<p>Ima <strong>jednostruku no\u017enu papu\u010dicu<\/strong> za jednostavno postavljanje.<\/p>\n<p>\u0160tap ima oja\u010danja po cijeloj du\u017eini, za <strong>ve\u0107u stabilnost<\/strong>.<\/p>\n<p>U paketu je 10 \u0161tapova. Cijena je po \u0161tapu. <\/p>\n","protected":false},"excerpt":{"rendered":"<p>\u0160tap za elektri\u010dnog pastira Horizont, bijele boje. Du\u017eina iznosi 140 cm (visina iznad zemlje je 126 cm, a du\u017eina \u0161pice<\/p>\n","protected":false},"featured_media":97173,"template":"","meta":{"footnotes":""},"product_brand":[],"product_cat":[5820,5821,6180],"product_tag":[],"class_list":{"0":"post-97163","1":"product","2":"type-product","3":"status-publish","4":"has-post-thumbnail","6":"product_cat-oprema-za-pasnjake","7":"product_cat-ostala-oprema-za-pasnjake","8":"product_cat-pastirski-stupici","10":"first","11":"instock","12":"shipping-taxable","13":"purchasable","14":"product-type-simple"},"yoast_head":"<!-- This site is optimized with the Yoast SEO plugin v27.3 - https:\/\/yoast.com\/product\/yoast-seo-wordpress\/ -->\n<title>\u0160tap za elektri\u010dnog pastira 140 cm - Clair<\/title>\n<meta name=\"description\" content=\"Kolac za elektri\u010dnog pastira 140 cm prikladan je za ogra\u0111ivanje ve\u0107ih \u017eivotinja. Priznate marke Horizont. Po super cijeni!\" \/>\n<meta name=\"robots\" content=\"index, follow, max-snippet:-1, max-image-preview:large, max-video-preview:-1\" \/>\n<link rel=\"canonical\" href=\"https:\/\/clair.si\/hr\/izdelek\/stap-za-elektricnog-pastira-140-cm\/\" \/>\n<meta property=\"og:locale\" content=\"hr_HR\" \/>\n<meta property=\"og:type\" content=\"article\" \/>\n<meta property=\"og:title\" content=\"\u0160tap za elektri\u010dnog pastira 140 cm - Clair\" \/>\n<meta property=\"og:description\" content=\"Kolac za elektri\u010dnog pastira 140 cm prikladan je za ogra\u0111ivanje ve\u0107ih \u017eivotinja. Priznate marke Horizont. Po super cijeni!\" \/>\n<meta property=\"og:url\" content=\"https:\/\/clair.si\/hr\/izdelek\/stap-za-elektricnog-pastira-140-cm\/\" \/>\n<meta property=\"og:site_name\" content=\"Clair\" \/>\n<meta property=\"article:publisher\" content=\"https:\/\/www.facebook.com\/TrgovinaClair\/\" \/>\n<meta property=\"article:modified_time\" content=\"2025-08-28T04:37:27+00:00\" \/>\n<meta property=\"og:image\" content=\"https:\/\/clair.si\/wp-content\/uploads\/2024\/01\/1014409-jpg.webp\" \/>\n\t<meta property=\"og:image:width\" content=\"600\" \/>\n\t<meta property=\"og:image:height\" content=\"600\" \/>\n\t<meta property=\"og:image:type\" content=\"image\/jpeg\" \/>\n<meta name=\"twitter:card\" content=\"summary_large_image\" \/>\n<script type=\"application\/ld+json\" class=\"yoast-schema-graph\">{\"@context\":\"https:\\\/\\\/schema.org\",\"@graph\":[{\"@type\":\"WebPage\",\"@id\":\"https:\\\/\\\/clair.si\\\/hr\\\/izdelek\\\/stap-za-elektricnog-pastira-140-cm\\\/\",\"url\":\"https:\\\/\\\/clair.si\\\/hr\\\/izdelek\\\/stap-za-elektricnog-pastira-140-cm\\\/\",\"name\":\"\u0160tap za elektri\u010dnog pastira 140 cm - Clair\",\"isPartOf\":{\"@id\":\"https:\\\/\\\/clair.si\\\/#website\"},\"primaryImageOfPage\":{\"@id\":\"https:\\\/\\\/clair.si\\\/hr\\\/izdelek\\\/stap-za-elektricnog-pastira-140-cm\\\/#primaryimage\"},\"image\":{\"@id\":\"https:\\\/\\\/clair.si\\\/hr\\\/izdelek\\\/stap-za-elektricnog-pastira-140-cm\\\/#primaryimage\"},\"thumbnailUrl\":\"https:\\\/\\\/clair.si\\\/wp-content\\\/uploads\\\/2024\\\/01\\\/1014409-jpg.webp\",\"datePublished\":\"2024-01-16T19:34:02+00:00\",\"dateModified\":\"2025-08-28T04:37:27+00:00\",\"description\":\"Kolac za elektri\u010dnog pastira 140 cm prikladan je za ogra\u0111ivanje ve\u0107ih \u017eivotinja. Priznate marke Horizont. Po super cijeni!\",\"breadcrumb\":{\"@id\":\"https:\\\/\\\/clair.si\\\/hr\\\/izdelek\\\/stap-za-elektricnog-pastira-140-cm\\\/#breadcrumb\"},\"inLanguage\":\"hr\",\"potentialAction\":[{\"@type\":\"ReadAction\",\"target\":[\"https:\\\/\\\/clair.si\\\/hr\\\/izdelek\\\/stap-za-elektricnog-pastira-140-cm\\\/\"]}]},{\"@type\":\"ImageObject\",\"inLanguage\":\"hr\",\"@id\":\"https:\\\/\\\/clair.si\\\/hr\\\/izdelek\\\/stap-za-elektricnog-pastira-140-cm\\\/#primaryimage\",\"url\":\"https:\\\/\\\/clair.si\\\/wp-content\\\/uploads\\\/2024\\\/01\\\/1014409-jpg.webp\",\"contentUrl\":\"https:\\\/\\\/clair.si\\\/wp-content\\\/uploads\\\/2024\\\/01\\\/1014409-jpg.webp\",\"width\":600,\"height\":600},{\"@type\":\"BreadcrumbList\",\"@id\":\"https:\\\/\\\/clair.si\\\/hr\\\/izdelek\\\/stap-za-elektricnog-pastira-140-cm\\\/#breadcrumb\",\"itemListElement\":[{\"@type\":\"ListItem\",\"position\":1,\"name\":\"Home\",\"item\":\"https:\\\/\\\/clair.si\\\/hr\\\/\"},{\"@type\":\"ListItem\",\"position\":2,\"name\":\"Trgovina\",\"item\":\"https:\\\/\\\/clair.si\\\/trgovina\\\/\"},{\"@type\":\"ListItem\",\"position\":3,\"name\":\"\u0160tap za elektri\u010dnog pastira 140 cm\"}]},{\"@type\":\"WebSite\",\"@id\":\"https:\\\/\\\/clair.si\\\/#website\",\"url\":\"https:\\\/\\\/clair.si\\\/\",\"name\":\"Clair\",\"description\":\"Trgovina s konjeni\u0161ko opremo\",\"publisher\":{\"@id\":\"https:\\\/\\\/clair.si\\\/#organization\"},\"potentialAction\":[{\"@type\":\"SearchAction\",\"target\":{\"@type\":\"EntryPoint\",\"urlTemplate\":\"https:\\\/\\\/clair.si\\\/?s={search_term_string}\"},\"query-input\":{\"@type\":\"PropertyValueSpecification\",\"valueRequired\":true,\"valueName\":\"search_term_string\"}}],\"inLanguage\":\"hr\"},{\"@type\":\"Organization\",\"@id\":\"https:\\\/\\\/clair.si\\\/#organization\",\"name\":\"Clair\",\"url\":\"https:\\\/\\\/clair.si\\\/\",\"logo\":{\"@type\":\"ImageObject\",\"inLanguage\":\"hr\",\"@id\":\"https:\\\/\\\/clair.si\\\/#\\\/schema\\\/logo\\\/image\\\/\",\"url\":\"https:\\\/\\\/clair.si\\\/wp-content\\\/uploads\\\/2022\\\/11\\\/clair_logo_2022.jpg\",\"contentUrl\":\"https:\\\/\\\/clair.si\\\/wp-content\\\/uploads\\\/2022\\\/11\\\/clair_logo_2022.jpg\",\"width\":1920,\"height\":1920,\"caption\":\"Clair\"},\"image\":{\"@id\":\"https:\\\/\\\/clair.si\\\/#\\\/schema\\\/logo\\\/image\\\/\"},\"sameAs\":[\"https:\\\/\\\/www.facebook.com\\\/TrgovinaClair\\\/\"]}]}<\/script>\n<!-- \/ Yoast SEO plugin. -->","yoast_head_json":{"title":"\u0160tap za elektri\u010dnog pastira 140 cm - Clair","description":"Kolac za elektri\u010dnog pastira 140 cm prikladan je za ogra\u0111ivanje ve\u0107ih \u017eivotinja. Priznate marke Horizont. Po super cijeni!","robots":{"index":"index","follow":"follow","max-snippet":"max-snippet:-1","max-image-preview":"max-image-preview:large","max-video-preview":"max-video-preview:-1"},"canonical":"https:\/\/clair.si\/hr\/izdelek\/stap-za-elektricnog-pastira-140-cm\/","og_locale":"hr_HR","og_type":"article","og_title":"\u0160tap za elektri\u010dnog pastira 140 cm - Clair","og_description":"Kolac za elektri\u010dnog pastira 140 cm prikladan je za ogra\u0111ivanje ve\u0107ih \u017eivotinja. Priznate marke Horizont. Po super cijeni!","og_url":"https:\/\/clair.si\/hr\/izdelek\/stap-za-elektricnog-pastira-140-cm\/","og_site_name":"Clair","article_publisher":"https:\/\/www.facebook.com\/TrgovinaClair\/","article_modified_time":"2025-08-28T04:37:27+00:00","og_image":[{"width":600,"height":600,"url":"https:\/\/clair.si\/wp-content\/uploads\/2024\/01\/1014409-jpg.webp","type":"image\/jpeg"}],"twitter_card":"summary_large_image","schema":{"@context":"https:\/\/schema.org","@graph":[{"@type":"WebPage","@id":"https:\/\/clair.si\/hr\/izdelek\/stap-za-elektricnog-pastira-140-cm\/","url":"https:\/\/clair.si\/hr\/izdelek\/stap-za-elektricnog-pastira-140-cm\/","name":"\u0160tap za elektri\u010dnog pastira 140 cm - Clair","isPartOf":{"@id":"https:\/\/clair.si\/#website"},"primaryImageOfPage":{"@id":"https:\/\/clair.si\/hr\/izdelek\/stap-za-elektricnog-pastira-140-cm\/#primaryimage"},"image":{"@id":"https:\/\/clair.si\/hr\/izdelek\/stap-za-elektricnog-pastira-140-cm\/#primaryimage"},"thumbnailUrl":"https:\/\/clair.si\/wp-content\/uploads\/2024\/01\/1014409-jpg.webp","datePublished":"2024-01-16T19:34:02+00:00","dateModified":"2025-08-28T04:37:27+00:00","description":"Kolac za elektri\u010dnog pastira 140 cm prikladan je za ogra\u0111ivanje ve\u0107ih \u017eivotinja. Priznate marke Horizont. Po super cijeni!","breadcrumb":{"@id":"https:\/\/clair.si\/hr\/izdelek\/stap-za-elektricnog-pastira-140-cm\/#breadcrumb"},"inLanguage":"hr","potentialAction":[{"@type":"ReadAction","target":["https:\/\/clair.si\/hr\/izdelek\/stap-za-elektricnog-pastira-140-cm\/"]}]},{"@type":"ImageObject","inLanguage":"hr","@id":"https:\/\/clair.si\/hr\/izdelek\/stap-za-elektricnog-pastira-140-cm\/#primaryimage","url":"https:\/\/clair.si\/wp-content\/uploads\/2024\/01\/1014409-jpg.webp","contentUrl":"https:\/\/clair.si\/wp-content\/uploads\/2024\/01\/1014409-jpg.webp","width":600,"height":600},{"@type":"BreadcrumbList","@id":"https:\/\/clair.si\/hr\/izdelek\/stap-za-elektricnog-pastira-140-cm\/#breadcrumb","itemListElement":[{"@type":"ListItem","position":1,"name":"Home","item":"https:\/\/clair.si\/hr\/"},{"@type":"ListItem","position":2,"name":"Trgovina","item":"https:\/\/clair.si\/trgovina\/"},{"@type":"ListItem","position":3,"name":"\u0160tap za elektri\u010dnog pastira 140 cm"}]},{"@type":"WebSite","@id":"https:\/\/clair.si\/#website","url":"https:\/\/clair.si\/","name":"Clair","description":"Trgovina s konjeni\u0161ko opremo","publisher":{"@id":"https:\/\/clair.si\/#organization"},"potentialAction":[{"@type":"SearchAction","target":{"@type":"EntryPoint","urlTemplate":"https:\/\/clair.si\/?s={search_term_string}"},"query-input":{"@type":"PropertyValueSpecification","valueRequired":true,"valueName":"search_term_string"}}],"inLanguage":"hr"},{"@type":"Organization","@id":"https:\/\/clair.si\/#organization","name":"Clair","url":"https:\/\/clair.si\/","logo":{"@type":"ImageObject","inLanguage":"hr","@id":"https:\/\/clair.si\/#\/schema\/logo\/image\/","url":"https:\/\/clair.si\/wp-content\/uploads\/2022\/11\/clair_logo_2022.jpg","contentUrl":"https:\/\/clair.si\/wp-content\/uploads\/2022\/11\/clair_logo_2022.jpg","width":1920,"height":1920,"caption":"Clair"},"image":{"@id":"https:\/\/clair.si\/#\/schema\/logo\/image\/"},"sameAs":["https:\/\/www.facebook.com\/TrgovinaClair\/"]}]}},"_links":{"self":[{"href":"https:\/\/clair.si\/hr\/wp-json\/wp\/v2\/product\/97163","targetHints":{"allow":["GET"]}}],"collection":[{"href":"https:\/\/clair.si\/hr\/wp-json\/wp\/v2\/product"}],"about":[{"href":"https:\/\/clair.si\/hr\/wp-json\/wp\/v2\/types\/product"}],"version-history":[{"count":0,"href":"https:\/\/clair.si\/hr\/wp-json\/wp\/v2\/product\/97163\/revisions"}],"wp:featuredmedia":[{"embeddable":true,"href":"https:\/\/clair.si\/hr\/wp-json\/wp\/v2\/media\/97173"}],"wp:attachment":[{"href":"https:\/\/clair.si\/hr\/wp-json\/wp\/v2\/media?parent=97163"}],"wp:term":[{"taxonomy":"product_brand","embeddable":true,"href":"https:\/\/clair.si\/hr\/wp-json\/wp\/v2\/product_brand?post=97163"},{"taxonomy":"product_cat","embeddable":true,"href":"https:\/\/clair.si\/hr\/wp-json\/wp\/v2\/product_cat?post=97163"},{"taxonomy":"product_tag","embeddable":true,"href":"https:\/\/clair.si\/hr\/wp-json\/wp\/v2\/product_tag?post=97163"}],"curies":[{"name":"wp","href":"https:\/\/api.w.org\/{rel}","templated":true}]}}