{"id":97175,"date":"2024-01-09T10:39:03","date_gmt":"2024-01-09T09:39:03","guid":{"rendered":"https:\/\/clair.si\/izdelek\/farmer-box\/"},"modified":"2025-08-28T06:38:57","modified_gmt":"2025-08-28T04:38:57","slug":"farmer-box","status":"publish","type":"product","link":"https:\/\/clair.si\/hr\/izdelek\/farmer-box\/","title":{"rendered":"Farmer Box"},"content":{"rendered":"<p><strong>Farmer Box sadr\u017ei<\/strong> 97 komada okruglih izolatora, 2 ru\u010dke za vrata elektri\u010dne ograde i nastavak za jednostavno uvrtanje izolatora. Sve zajedno u prakti\u010dnoj kanti. <\/p>\n<p><strong>Izolator za traku ili \u017eicu<\/strong> je primjeren za postavljanje pa\u0161njaka sa <strong>\u017eicom promjera do 4 mm ili trakom do 12 mm \u0161irine.<\/strong> <\/p>\n<p>Ima <strong>drveni navoj \u00d8 5.3 mm,<\/strong> koji omogu\u0107ava brzo uvrtanje u drvo.<\/p>\n<p><strong>Dr\u017ei ravnu liniju<\/strong> \u017eice ili trake bez da ih fiksno pri\u010dvrstimo na izolator. Mogu\u0107e ga je koristiti i kao <strong>kutni izolator.<\/strong> Izdr\u017eljiv je, ima odli\u010dne izolacijske karakteristike i otpornu plastiku na vremenske utjecaje. <\/p>\n<p>&nbsp;<\/p>\n","protected":false},"excerpt":{"rendered":"<p>Farmer Box sadr\u017ei 97 komada okruglih izolatora, 2 ru\u010dke za vrata elektri\u010dne ograde i nastavak za jednostavno uvrtanje izolatora. Sve<\/p>\n","protected":false},"featured_media":97176,"template":"","meta":{"footnotes":""},"product_brand":[],"product_cat":[6304,5820,5627],"product_tag":[],"class_list":{"0":"post-97175","1":"product","2":"type-product","3":"status-publish","4":"has-post-thumbnail","6":"product_cat-izolatori","7":"product_cat-oprema-za-pasnjake","8":"product_cat-stala-i-pasnjak","10":"first","11":"instock","12":"sale","13":"shipping-taxable","14":"purchasable","15":"product-type-simple"},"yoast_head":"<!-- This site is optimized with the Yoast SEO plugin v27.4 - https:\/\/yoast.com\/product\/yoast-seo-wordpress\/ -->\n<title>Farmer Box - Clair<\/title>\n<meta name=\"description\" content=\"Farmer Box sadr\u017ei 97 komada okruglih izolatora, 2 ru\u010dke za vrata elektri\u010dne ograde i nastavak za jednostavno uvrtanje izolatora. Sve zajedno u prakti\u010dnoj\" \/>\n<meta name=\"robots\" content=\"index, follow, max-snippet:-1, max-image-preview:large, max-video-preview:-1\" \/>\n<link rel=\"canonical\" href=\"https:\/\/clair.si\/hr\/izdelek\/farmer-box\/\" \/>\n<meta property=\"og:locale\" content=\"hr_HR\" \/>\n<meta property=\"og:type\" content=\"article\" \/>\n<meta property=\"og:title\" content=\"Farmer Box - Clair\" \/>\n<meta property=\"og:description\" content=\"Farmer Box sadr\u017ei 97 komada okruglih izolatora, 2 ru\u010dke za vrata elektri\u010dne ograde i nastavak za jednostavno uvrtanje izolatora. Sve zajedno u prakti\u010dnoj\" \/>\n<meta property=\"og:url\" content=\"https:\/\/clair.si\/hr\/izdelek\/farmer-box\/\" \/>\n<meta property=\"og:site_name\" content=\"Clair\" \/>\n<meta property=\"article:publisher\" content=\"https:\/\/www.facebook.com\/TrgovinaClair\/\" \/>\n<meta property=\"article:modified_time\" content=\"2025-08-28T04:38:57+00:00\" \/>\n<meta property=\"og:image\" content=\"https:\/\/clair.si\/wp-content\/uploads\/2024\/01\/izolator-z-zarezo-okrogli-za-trak-zico-box-clair-jpg.webp\" \/>\n\t<meta property=\"og:image:width\" content=\"1000\" \/>\n\t<meta property=\"og:image:height\" content=\"1000\" \/>\n\t<meta property=\"og:image:type\" content=\"image\/webp\" \/>\n<meta name=\"twitter:card\" content=\"summary_large_image\" \/>\n<script type=\"application\/ld+json\" class=\"yoast-schema-graph\">{\"@context\":\"https:\\\/\\\/schema.org\",\"@graph\":[{\"@type\":\"WebPage\",\"@id\":\"https:\\\/\\\/clair.si\\\/hr\\\/izdelek\\\/farmer-box\\\/\",\"url\":\"https:\\\/\\\/clair.si\\\/hr\\\/izdelek\\\/farmer-box\\\/\",\"name\":\"Farmer Box - Clair\",\"isPartOf\":{\"@id\":\"https:\\\/\\\/clair.si\\\/#website\"},\"primaryImageOfPage\":{\"@id\":\"https:\\\/\\\/clair.si\\\/hr\\\/izdelek\\\/farmer-box\\\/#primaryimage\"},\"image\":{\"@id\":\"https:\\\/\\\/clair.si\\\/hr\\\/izdelek\\\/farmer-box\\\/#primaryimage\"},\"thumbnailUrl\":\"https:\\\/\\\/clair.si\\\/wp-content\\\/uploads\\\/2024\\\/01\\\/izolator-z-zarezo-okrogli-za-trak-zico-box-clair-jpg.webp\",\"datePublished\":\"2024-01-09T09:39:03+00:00\",\"dateModified\":\"2025-08-28T04:38:57+00:00\",\"description\":\"Farmer Box sadr\u017ei 97 komada okruglih izolatora, 2 ru\u010dke za vrata elektri\u010dne ograde i nastavak za jednostavno uvrtanje izolatora. Sve zajedno u prakti\u010dnoj\",\"breadcrumb\":{\"@id\":\"https:\\\/\\\/clair.si\\\/hr\\\/izdelek\\\/farmer-box\\\/#breadcrumb\"},\"inLanguage\":\"hr\",\"potentialAction\":[{\"@type\":\"ReadAction\",\"target\":[\"https:\\\/\\\/clair.si\\\/hr\\\/izdelek\\\/farmer-box\\\/\"]}]},{\"@type\":\"ImageObject\",\"inLanguage\":\"hr\",\"@id\":\"https:\\\/\\\/clair.si\\\/hr\\\/izdelek\\\/farmer-box\\\/#primaryimage\",\"url\":\"https:\\\/\\\/clair.si\\\/wp-content\\\/uploads\\\/2024\\\/01\\\/izolator-z-zarezo-okrogli-za-trak-zico-box-clair-jpg.webp\",\"contentUrl\":\"https:\\\/\\\/clair.si\\\/wp-content\\\/uploads\\\/2024\\\/01\\\/izolator-z-zarezo-okrogli-za-trak-zico-box-clair-jpg.webp\",\"width\":1000,\"height\":1000},{\"@type\":\"BreadcrumbList\",\"@id\":\"https:\\\/\\\/clair.si\\\/hr\\\/izdelek\\\/farmer-box\\\/#breadcrumb\",\"itemListElement\":[{\"@type\":\"ListItem\",\"position\":1,\"name\":\"Home\",\"item\":\"https:\\\/\\\/clair.si\\\/hr\\\/\"},{\"@type\":\"ListItem\",\"position\":2,\"name\":\"Trgovina\",\"item\":\"https:\\\/\\\/clair.si\\\/trgovina\\\/\"},{\"@type\":\"ListItem\",\"position\":3,\"name\":\"Farmer Box\"}]},{\"@type\":\"WebSite\",\"@id\":\"https:\\\/\\\/clair.si\\\/#website\",\"url\":\"https:\\\/\\\/clair.si\\\/\",\"name\":\"Clair\",\"description\":\"Trgovina s konjeni\u0161ko opremo\",\"publisher\":{\"@id\":\"https:\\\/\\\/clair.si\\\/#organization\"},\"potentialAction\":[{\"@type\":\"SearchAction\",\"target\":{\"@type\":\"EntryPoint\",\"urlTemplate\":\"https:\\\/\\\/clair.si\\\/?s={search_term_string}\"},\"query-input\":{\"@type\":\"PropertyValueSpecification\",\"valueRequired\":true,\"valueName\":\"search_term_string\"}}],\"inLanguage\":\"hr\"},{\"@type\":\"Organization\",\"@id\":\"https:\\\/\\\/clair.si\\\/#organization\",\"name\":\"Clair\",\"url\":\"https:\\\/\\\/clair.si\\\/\",\"logo\":{\"@type\":\"ImageObject\",\"inLanguage\":\"hr\",\"@id\":\"https:\\\/\\\/clair.si\\\/#\\\/schema\\\/logo\\\/image\\\/\",\"url\":\"https:\\\/\\\/clair.si\\\/wp-content\\\/uploads\\\/2022\\\/11\\\/clair_logo_2022.jpg\",\"contentUrl\":\"https:\\\/\\\/clair.si\\\/wp-content\\\/uploads\\\/2022\\\/11\\\/clair_logo_2022.jpg\",\"width\":1920,\"height\":1920,\"caption\":\"Clair\"},\"image\":{\"@id\":\"https:\\\/\\\/clair.si\\\/#\\\/schema\\\/logo\\\/image\\\/\"},\"sameAs\":[\"https:\\\/\\\/www.facebook.com\\\/TrgovinaClair\\\/\"]}]}<\/script>\n<!-- \/ Yoast SEO plugin. -->","yoast_head_json":{"title":"Farmer Box - Clair","description":"Farmer Box sadr\u017ei 97 komada okruglih izolatora, 2 ru\u010dke za vrata elektri\u010dne ograde i nastavak za jednostavno uvrtanje izolatora. Sve zajedno u prakti\u010dnoj","robots":{"index":"index","follow":"follow","max-snippet":"max-snippet:-1","max-image-preview":"max-image-preview:large","max-video-preview":"max-video-preview:-1"},"canonical":"https:\/\/clair.si\/hr\/izdelek\/farmer-box\/","og_locale":"hr_HR","og_type":"article","og_title":"Farmer Box - Clair","og_description":"Farmer Box sadr\u017ei 97 komada okruglih izolatora, 2 ru\u010dke za vrata elektri\u010dne ograde i nastavak za jednostavno uvrtanje izolatora. Sve zajedno u prakti\u010dnoj","og_url":"https:\/\/clair.si\/hr\/izdelek\/farmer-box\/","og_site_name":"Clair","article_publisher":"https:\/\/www.facebook.com\/TrgovinaClair\/","article_modified_time":"2025-08-28T04:38:57+00:00","og_image":[{"width":1000,"height":1000,"url":"https:\/\/clair.si\/wp-content\/uploads\/2024\/01\/izolator-z-zarezo-okrogli-za-trak-zico-box-clair-jpg.webp","type":"image\/webp"}],"twitter_card":"summary_large_image","schema":{"@context":"https:\/\/schema.org","@graph":[{"@type":"WebPage","@id":"https:\/\/clair.si\/hr\/izdelek\/farmer-box\/","url":"https:\/\/clair.si\/hr\/izdelek\/farmer-box\/","name":"Farmer Box - Clair","isPartOf":{"@id":"https:\/\/clair.si\/#website"},"primaryImageOfPage":{"@id":"https:\/\/clair.si\/hr\/izdelek\/farmer-box\/#primaryimage"},"image":{"@id":"https:\/\/clair.si\/hr\/izdelek\/farmer-box\/#primaryimage"},"thumbnailUrl":"https:\/\/clair.si\/wp-content\/uploads\/2024\/01\/izolator-z-zarezo-okrogli-za-trak-zico-box-clair-jpg.webp","datePublished":"2024-01-09T09:39:03+00:00","dateModified":"2025-08-28T04:38:57+00:00","description":"Farmer Box sadr\u017ei 97 komada okruglih izolatora, 2 ru\u010dke za vrata elektri\u010dne ograde i nastavak za jednostavno uvrtanje izolatora. Sve zajedno u prakti\u010dnoj","breadcrumb":{"@id":"https:\/\/clair.si\/hr\/izdelek\/farmer-box\/#breadcrumb"},"inLanguage":"hr","potentialAction":[{"@type":"ReadAction","target":["https:\/\/clair.si\/hr\/izdelek\/farmer-box\/"]}]},{"@type":"ImageObject","inLanguage":"hr","@id":"https:\/\/clair.si\/hr\/izdelek\/farmer-box\/#primaryimage","url":"https:\/\/clair.si\/wp-content\/uploads\/2024\/01\/izolator-z-zarezo-okrogli-za-trak-zico-box-clair-jpg.webp","contentUrl":"https:\/\/clair.si\/wp-content\/uploads\/2024\/01\/izolator-z-zarezo-okrogli-za-trak-zico-box-clair-jpg.webp","width":1000,"height":1000},{"@type":"BreadcrumbList","@id":"https:\/\/clair.si\/hr\/izdelek\/farmer-box\/#breadcrumb","itemListElement":[{"@type":"ListItem","position":1,"name":"Home","item":"https:\/\/clair.si\/hr\/"},{"@type":"ListItem","position":2,"name":"Trgovina","item":"https:\/\/clair.si\/trgovina\/"},{"@type":"ListItem","position":3,"name":"Farmer Box"}]},{"@type":"WebSite","@id":"https:\/\/clair.si\/#website","url":"https:\/\/clair.si\/","name":"Clair","description":"Trgovina s konjeni\u0161ko opremo","publisher":{"@id":"https:\/\/clair.si\/#organization"},"potentialAction":[{"@type":"SearchAction","target":{"@type":"EntryPoint","urlTemplate":"https:\/\/clair.si\/?s={search_term_string}"},"query-input":{"@type":"PropertyValueSpecification","valueRequired":true,"valueName":"search_term_string"}}],"inLanguage":"hr"},{"@type":"Organization","@id":"https:\/\/clair.si\/#organization","name":"Clair","url":"https:\/\/clair.si\/","logo":{"@type":"ImageObject","inLanguage":"hr","@id":"https:\/\/clair.si\/#\/schema\/logo\/image\/","url":"https:\/\/clair.si\/wp-content\/uploads\/2022\/11\/clair_logo_2022.jpg","contentUrl":"https:\/\/clair.si\/wp-content\/uploads\/2022\/11\/clair_logo_2022.jpg","width":1920,"height":1920,"caption":"Clair"},"image":{"@id":"https:\/\/clair.si\/#\/schema\/logo\/image\/"},"sameAs":["https:\/\/www.facebook.com\/TrgovinaClair\/"]}]}},"_links":{"self":[{"href":"https:\/\/clair.si\/hr\/wp-json\/wp\/v2\/product\/97175","targetHints":{"allow":["GET"]}}],"collection":[{"href":"https:\/\/clair.si\/hr\/wp-json\/wp\/v2\/product"}],"about":[{"href":"https:\/\/clair.si\/hr\/wp-json\/wp\/v2\/types\/product"}],"version-history":[{"count":0,"href":"https:\/\/clair.si\/hr\/wp-json\/wp\/v2\/product\/97175\/revisions"}],"wp:featuredmedia":[{"embeddable":true,"href":"https:\/\/clair.si\/hr\/wp-json\/wp\/v2\/media\/97176"}],"wp:attachment":[{"href":"https:\/\/clair.si\/hr\/wp-json\/wp\/v2\/media?parent=97175"}],"wp:term":[{"taxonomy":"product_brand","embeddable":true,"href":"https:\/\/clair.si\/hr\/wp-json\/wp\/v2\/product_brand?post=97175"},{"taxonomy":"product_cat","embeddable":true,"href":"https:\/\/clair.si\/hr\/wp-json\/wp\/v2\/product_cat?post=97175"},{"taxonomy":"product_tag","embeddable":true,"href":"https:\/\/clair.si\/hr\/wp-json\/wp\/v2\/product_tag?post=97175"}],"curies":[{"name":"wp","href":"https:\/\/api.w.org\/{rel}","templated":true}]}}