{"id":97204,"date":"2023-12-29T11:46:19","date_gmt":"2023-12-29T10:46:19","guid":{"rendered":"https:\/\/clair.si\/izdelek\/naf-farrier-solution-ulje-za-kopita\/"},"modified":"2025-08-27T21:52:44","modified_gmt":"2025-08-27T19:52:44","slug":"naf-farrier-solution-ulje-za-kopita","status":"publish","type":"product","link":"https:\/\/clair.si\/hr\/izdelek\/naf-farrier-solution-ulje-za-kopita\/","title":{"rendered":"NAF Farrier Solution ulje za kopita"},"content":{"rendered":"<p><strong>NAF Farrier Solution ulje za kopita<\/strong><\/p>\n<div class=\"lRu31\"><span class=\"HwtZe\" lang=\"sl\"><span class=\"jCAhz ChMk0b\"><span class=\"ryNqvb\">Gusti je teku\u0107i nanos za kopita, pakiran u prakti\u010dnoj posudici s prilo\u017eenom \u010detkom s prirodnim \u010dekinjama<\/span><\/span><span class=\"jCAhz ChMk0b\"><span class=\"ryNqvb\">.<\/span><\/span> <span class=\"jCAhz ChMk0b\"><span class=\"ryNqvb\">\u0160tovi\u0161e, prirodne \u010dekinje \u010detke zna\u010de da se kemikalije ne ispiru u proizvod, kao \u0161to se to doga\u0111a s plasti\u010dnim \u010dekinjama, \u0161to poma\u017ee u o\u010duvanju sadr\u017eaja nekontaminiranim.<\/span><\/span> <strong><span class=\"jCAhz ChMk0b\"><span class=\"ryNqvb\">Formulirano od strane potkiva\u010da za svako kopito.<\/span><\/span> <\/strong><span class=\"jCAhz ChMk0b\"><span class=\"ryNqvb\">Idealan za odr\u017eavanje zdravih kopita, poticanje rasta i zdrave ro\u017eevine tijekom cijele godine.<\/span><\/span> <span class=\"jCAhz ChMk0b\"><span class=\"ryNqvb\"><strong>Preporu\u010duje se za one konje sa slabom kvalitetom kopita.<\/strong> Gusta teku\u0107ina koja osigurava hranjivu mje\u0161avinu s visokim udjelom stearinske, oleinske i drugih masnih kiselina.<\/span><\/span> <span class=\"jCAhz ChMk0b\"><span class=\"ryNqvb\">Omogu\u0107uje duboko prodiranje u ro\u017eevinu i poma\u017ee sprije\u010diti prerane pukotine i su\u0161enje te \u0161titi kapsulu kopita izvana prema unutra. Uostalom, poma\u017ee za\u0161tititi kopito od prijetnji koje prenosi voda. <\/span><\/span> <span class=\"jCAhz ChMk0b\"><span class=\"ryNqvb\"><strong>Tako\u0111er poma\u017ee oblikovati prirodnu barijeru koja ne\u017eeljenim bakterijama ote\u017eava put po stijenci kopita<\/strong> i stvara anaerobno okru\u017eenje.<\/span><\/span> <\/span><\/div>\n<div><\/div>\n<div class=\"lRu31\"><em><span class=\"HwtZe\" lang=\"sl\"><span class=\"jCAhz ChMk0b\"><span class=\"ryNqvb\"><strong>Sastav<\/strong>: limonen.<\/span><\/span><\/span><\/em><\/div>\n<div class=\"OvtS8d\"><\/div>\n<div id=\"ow898\"><\/div>\n<div class=\"UdTY9 WdefRb\" aria-hidden=\"true\" data-location=\"2\">\n<div class=\"kO6q6e\"><\/div>\n<\/div>\n","protected":false},"excerpt":{"rendered":"<p>NAF Farrier Solution ulje za kopita Gusti je teku\u0107i nanos za kopita, pakiran u prakti\u010dnoj posudici s prilo\u017eenom \u010detkom s<\/p>\n","protected":false},"featured_media":97206,"template":"","meta":{"footnotes":""},"product_brand":[],"product_cat":[5624,5675,5677,5873,5625,5882,5627],"product_tag":[],"class_list":{"0":"post-97204","1":"product","2":"type-product","3":"status-publish","4":"has-post-thumbnail","6":"product_cat-konj-hr","7":"product_cat-kozmetika-za-konje-hr","8":"product_cat-kozmetika-za-konje-hr-2","9":"product_cat-njega-i-zdravlje-kopita","10":"product_cat-njega-konja","11":"product_cat-njega-kopita","12":"product_cat-stala-i-pasnjak","14":"first","15":"instock","16":"shipping-taxable","17":"purchasable","18":"product-type-simple"},"yoast_head":"<!-- This site is optimized with the Yoast SEO plugin v27.4 - https:\/\/yoast.com\/product\/yoast-seo-wordpress\/ -->\n<title>NAF Farrier Solution ulje za kopita - Clair<\/title>\n<meta name=\"description\" content=\"NAF Farrier Solution ulje za kopita Gusti je teku\u0107i nanos za kopita, pakiran u prakti\u010dnoj posudici s prilo\u017eenom \u010detkom s prirodnim \u010dekinjama. \u0160tovi\u0161e,\" \/>\n<meta name=\"robots\" content=\"index, follow, max-snippet:-1, max-image-preview:large, max-video-preview:-1\" \/>\n<link rel=\"canonical\" href=\"https:\/\/clair.si\/hr\/izdelek\/naf-farrier-solution-ulje-za-kopita\/\" \/>\n<meta property=\"og:locale\" content=\"hr_HR\" \/>\n<meta property=\"og:type\" content=\"article\" \/>\n<meta property=\"og:title\" content=\"NAF Farrier Solution ulje za kopita - Clair\" \/>\n<meta property=\"og:description\" content=\"NAF Farrier Solution ulje za kopita Gusti je teku\u0107i nanos za kopita, pakiran u prakti\u010dnoj posudici s prilo\u017eenom \u010detkom s prirodnim \u010dekinjama. \u0160tovi\u0161e,\" \/>\n<meta property=\"og:url\" content=\"https:\/\/clair.si\/hr\/izdelek\/naf-farrier-solution-ulje-za-kopita\/\" \/>\n<meta property=\"og:site_name\" content=\"Clair\" \/>\n<meta property=\"article:publisher\" content=\"https:\/\/www.facebook.com\/TrgovinaClair\/\" \/>\n<meta property=\"article:modified_time\" content=\"2025-08-27T19:52:44+00:00\" \/>\n<meta property=\"og:image\" content=\"https:\/\/clair.si\/wp-content\/uploads\/2023\/12\/naf-farrier-solution-trgovina-clair-jpg.webp\" \/>\n\t<meta property=\"og:image:width\" content=\"1166\" \/>\n\t<meta property=\"og:image:height\" content=\"1166\" \/>\n\t<meta property=\"og:image:type\" content=\"image\/jpeg\" \/>\n<meta name=\"twitter:card\" content=\"summary_large_image\" \/>\n<meta name=\"twitter:label1\" content=\"Procijenjeno vrijeme \u010ditanja\" \/>\n\t<meta name=\"twitter:data1\" content=\"1 minuta\" \/>\n<script type=\"application\/ld+json\" class=\"yoast-schema-graph\">{\"@context\":\"https:\\\/\\\/schema.org\",\"@graph\":[{\"@type\":\"WebPage\",\"@id\":\"https:\\\/\\\/clair.si\\\/hr\\\/izdelek\\\/naf-farrier-solution-ulje-za-kopita\\\/\",\"url\":\"https:\\\/\\\/clair.si\\\/hr\\\/izdelek\\\/naf-farrier-solution-ulje-za-kopita\\\/\",\"name\":\"NAF Farrier Solution ulje za kopita - Clair\",\"isPartOf\":{\"@id\":\"https:\\\/\\\/clair.si\\\/#website\"},\"primaryImageOfPage\":{\"@id\":\"https:\\\/\\\/clair.si\\\/hr\\\/izdelek\\\/naf-farrier-solution-ulje-za-kopita\\\/#primaryimage\"},\"image\":{\"@id\":\"https:\\\/\\\/clair.si\\\/hr\\\/izdelek\\\/naf-farrier-solution-ulje-za-kopita\\\/#primaryimage\"},\"thumbnailUrl\":\"https:\\\/\\\/clair.si\\\/wp-content\\\/uploads\\\/2023\\\/12\\\/naf-farrier-solution-trgovina-clair-jpg.webp\",\"datePublished\":\"2023-12-29T10:46:19+00:00\",\"dateModified\":\"2025-08-27T19:52:44+00:00\",\"description\":\"NAF Farrier Solution ulje za kopita Gusti je teku\u0107i nanos za kopita, pakiran u prakti\u010dnoj posudici s prilo\u017eenom \u010detkom s prirodnim \u010dekinjama. \u0160tovi\u0161e,\",\"breadcrumb\":{\"@id\":\"https:\\\/\\\/clair.si\\\/hr\\\/izdelek\\\/naf-farrier-solution-ulje-za-kopita\\\/#breadcrumb\"},\"inLanguage\":\"hr\",\"potentialAction\":[{\"@type\":\"ReadAction\",\"target\":[\"https:\\\/\\\/clair.si\\\/hr\\\/izdelek\\\/naf-farrier-solution-ulje-za-kopita\\\/\"]}]},{\"@type\":\"ImageObject\",\"inLanguage\":\"hr\",\"@id\":\"https:\\\/\\\/clair.si\\\/hr\\\/izdelek\\\/naf-farrier-solution-ulje-za-kopita\\\/#primaryimage\",\"url\":\"https:\\\/\\\/clair.si\\\/wp-content\\\/uploads\\\/2023\\\/12\\\/naf-farrier-solution-trgovina-clair-jpg.webp\",\"contentUrl\":\"https:\\\/\\\/clair.si\\\/wp-content\\\/uploads\\\/2023\\\/12\\\/naf-farrier-solution-trgovina-clair-jpg.webp\",\"width\":1166,\"height\":1166},{\"@type\":\"BreadcrumbList\",\"@id\":\"https:\\\/\\\/clair.si\\\/hr\\\/izdelek\\\/naf-farrier-solution-ulje-za-kopita\\\/#breadcrumb\",\"itemListElement\":[{\"@type\":\"ListItem\",\"position\":1,\"name\":\"Home\",\"item\":\"https:\\\/\\\/clair.si\\\/hr\\\/\"},{\"@type\":\"ListItem\",\"position\":2,\"name\":\"Trgovina\",\"item\":\"https:\\\/\\\/clair.si\\\/trgovina\\\/\"},{\"@type\":\"ListItem\",\"position\":3,\"name\":\"NAF Farrier Solution ulje za kopita\"}]},{\"@type\":\"WebSite\",\"@id\":\"https:\\\/\\\/clair.si\\\/#website\",\"url\":\"https:\\\/\\\/clair.si\\\/\",\"name\":\"Clair\",\"description\":\"Trgovina s konjeni\u0161ko opremo\",\"publisher\":{\"@id\":\"https:\\\/\\\/clair.si\\\/#organization\"},\"potentialAction\":[{\"@type\":\"SearchAction\",\"target\":{\"@type\":\"EntryPoint\",\"urlTemplate\":\"https:\\\/\\\/clair.si\\\/?s={search_term_string}\"},\"query-input\":{\"@type\":\"PropertyValueSpecification\",\"valueRequired\":true,\"valueName\":\"search_term_string\"}}],\"inLanguage\":\"hr\"},{\"@type\":\"Organization\",\"@id\":\"https:\\\/\\\/clair.si\\\/#organization\",\"name\":\"Clair\",\"url\":\"https:\\\/\\\/clair.si\\\/\",\"logo\":{\"@type\":\"ImageObject\",\"inLanguage\":\"hr\",\"@id\":\"https:\\\/\\\/clair.si\\\/#\\\/schema\\\/logo\\\/image\\\/\",\"url\":\"https:\\\/\\\/clair.si\\\/wp-content\\\/uploads\\\/2022\\\/11\\\/clair_logo_2022.jpg\",\"contentUrl\":\"https:\\\/\\\/clair.si\\\/wp-content\\\/uploads\\\/2022\\\/11\\\/clair_logo_2022.jpg\",\"width\":1920,\"height\":1920,\"caption\":\"Clair\"},\"image\":{\"@id\":\"https:\\\/\\\/clair.si\\\/#\\\/schema\\\/logo\\\/image\\\/\"},\"sameAs\":[\"https:\\\/\\\/www.facebook.com\\\/TrgovinaClair\\\/\"]}]}<\/script>\n<!-- \/ Yoast SEO plugin. -->","yoast_head_json":{"title":"NAF Farrier Solution ulje za kopita - Clair","description":"NAF Farrier Solution ulje za kopita Gusti je teku\u0107i nanos za kopita, pakiran u prakti\u010dnoj posudici s prilo\u017eenom \u010detkom s prirodnim \u010dekinjama. \u0160tovi\u0161e,","robots":{"index":"index","follow":"follow","max-snippet":"max-snippet:-1","max-image-preview":"max-image-preview:large","max-video-preview":"max-video-preview:-1"},"canonical":"https:\/\/clair.si\/hr\/izdelek\/naf-farrier-solution-ulje-za-kopita\/","og_locale":"hr_HR","og_type":"article","og_title":"NAF Farrier Solution ulje za kopita - Clair","og_description":"NAF Farrier Solution ulje za kopita Gusti je teku\u0107i nanos za kopita, pakiran u prakti\u010dnoj posudici s prilo\u017eenom \u010detkom s prirodnim \u010dekinjama. \u0160tovi\u0161e,","og_url":"https:\/\/clair.si\/hr\/izdelek\/naf-farrier-solution-ulje-za-kopita\/","og_site_name":"Clair","article_publisher":"https:\/\/www.facebook.com\/TrgovinaClair\/","article_modified_time":"2025-08-27T19:52:44+00:00","og_image":[{"width":1166,"height":1166,"url":"https:\/\/clair.si\/wp-content\/uploads\/2023\/12\/naf-farrier-solution-trgovina-clair-jpg.webp","type":"image\/jpeg"}],"twitter_card":"summary_large_image","twitter_misc":{"Procijenjeno vrijeme \u010ditanja":"1 minuta"},"schema":{"@context":"https:\/\/schema.org","@graph":[{"@type":"WebPage","@id":"https:\/\/clair.si\/hr\/izdelek\/naf-farrier-solution-ulje-za-kopita\/","url":"https:\/\/clair.si\/hr\/izdelek\/naf-farrier-solution-ulje-za-kopita\/","name":"NAF Farrier Solution ulje za kopita - Clair","isPartOf":{"@id":"https:\/\/clair.si\/#website"},"primaryImageOfPage":{"@id":"https:\/\/clair.si\/hr\/izdelek\/naf-farrier-solution-ulje-za-kopita\/#primaryimage"},"image":{"@id":"https:\/\/clair.si\/hr\/izdelek\/naf-farrier-solution-ulje-za-kopita\/#primaryimage"},"thumbnailUrl":"https:\/\/clair.si\/wp-content\/uploads\/2023\/12\/naf-farrier-solution-trgovina-clair-jpg.webp","datePublished":"2023-12-29T10:46:19+00:00","dateModified":"2025-08-27T19:52:44+00:00","description":"NAF Farrier Solution ulje za kopita Gusti je teku\u0107i nanos za kopita, pakiran u prakti\u010dnoj posudici s prilo\u017eenom \u010detkom s prirodnim \u010dekinjama. \u0160tovi\u0161e,","breadcrumb":{"@id":"https:\/\/clair.si\/hr\/izdelek\/naf-farrier-solution-ulje-za-kopita\/#breadcrumb"},"inLanguage":"hr","potentialAction":[{"@type":"ReadAction","target":["https:\/\/clair.si\/hr\/izdelek\/naf-farrier-solution-ulje-za-kopita\/"]}]},{"@type":"ImageObject","inLanguage":"hr","@id":"https:\/\/clair.si\/hr\/izdelek\/naf-farrier-solution-ulje-za-kopita\/#primaryimage","url":"https:\/\/clair.si\/wp-content\/uploads\/2023\/12\/naf-farrier-solution-trgovina-clair-jpg.webp","contentUrl":"https:\/\/clair.si\/wp-content\/uploads\/2023\/12\/naf-farrier-solution-trgovina-clair-jpg.webp","width":1166,"height":1166},{"@type":"BreadcrumbList","@id":"https:\/\/clair.si\/hr\/izdelek\/naf-farrier-solution-ulje-za-kopita\/#breadcrumb","itemListElement":[{"@type":"ListItem","position":1,"name":"Home","item":"https:\/\/clair.si\/hr\/"},{"@type":"ListItem","position":2,"name":"Trgovina","item":"https:\/\/clair.si\/trgovina\/"},{"@type":"ListItem","position":3,"name":"NAF Farrier Solution ulje za kopita"}]},{"@type":"WebSite","@id":"https:\/\/clair.si\/#website","url":"https:\/\/clair.si\/","name":"Clair","description":"Trgovina s konjeni\u0161ko opremo","publisher":{"@id":"https:\/\/clair.si\/#organization"},"potentialAction":[{"@type":"SearchAction","target":{"@type":"EntryPoint","urlTemplate":"https:\/\/clair.si\/?s={search_term_string}"},"query-input":{"@type":"PropertyValueSpecification","valueRequired":true,"valueName":"search_term_string"}}],"inLanguage":"hr"},{"@type":"Organization","@id":"https:\/\/clair.si\/#organization","name":"Clair","url":"https:\/\/clair.si\/","logo":{"@type":"ImageObject","inLanguage":"hr","@id":"https:\/\/clair.si\/#\/schema\/logo\/image\/","url":"https:\/\/clair.si\/wp-content\/uploads\/2022\/11\/clair_logo_2022.jpg","contentUrl":"https:\/\/clair.si\/wp-content\/uploads\/2022\/11\/clair_logo_2022.jpg","width":1920,"height":1920,"caption":"Clair"},"image":{"@id":"https:\/\/clair.si\/#\/schema\/logo\/image\/"},"sameAs":["https:\/\/www.facebook.com\/TrgovinaClair\/"]}]}},"_links":{"self":[{"href":"https:\/\/clair.si\/hr\/wp-json\/wp\/v2\/product\/97204","targetHints":{"allow":["GET"]}}],"collection":[{"href":"https:\/\/clair.si\/hr\/wp-json\/wp\/v2\/product"}],"about":[{"href":"https:\/\/clair.si\/hr\/wp-json\/wp\/v2\/types\/product"}],"version-history":[{"count":0,"href":"https:\/\/clair.si\/hr\/wp-json\/wp\/v2\/product\/97204\/revisions"}],"wp:featuredmedia":[{"embeddable":true,"href":"https:\/\/clair.si\/hr\/wp-json\/wp\/v2\/media\/97206"}],"wp:attachment":[{"href":"https:\/\/clair.si\/hr\/wp-json\/wp\/v2\/media?parent=97204"}],"wp:term":[{"taxonomy":"product_brand","embeddable":true,"href":"https:\/\/clair.si\/hr\/wp-json\/wp\/v2\/product_brand?post=97204"},{"taxonomy":"product_cat","embeddable":true,"href":"https:\/\/clair.si\/hr\/wp-json\/wp\/v2\/product_cat?post=97204"},{"taxonomy":"product_tag","embeddable":true,"href":"https:\/\/clair.si\/hr\/wp-json\/wp\/v2\/product_tag?post=97204"}],"curies":[{"name":"wp","href":"https:\/\/api.w.org\/{rel}","templated":true}]}}