{"id":97211,"date":"2023-12-29T12:09:20","date_gmt":"2023-12-29T11:09:20","guid":{"rendered":"https:\/\/clair.si\/izdelek\/naf-ulje-za-kopita\/"},"modified":"2025-11-15T13:52:07","modified_gmt":"2025-11-15T12:52:07","slug":"naf-ulje-za-kopita","status":"publish","type":"product","link":"https:\/\/clair.si\/hr\/izdelek\/naf-ulje-za-kopita\/","title":{"rendered":"NAF Ulje za kopita"},"content":{"rendered":"<p><strong>NAF Ulje za kopita<\/strong><\/p>\n<div class=\"lRu31\"><span class=\"HwtZe\" lang=\"sl\"><span class=\"jCAhz ChMk0b\"><span class=\"ryNqvb\">Kvalitetno ulje koje <strong>daje kopitu prirodan polirani izgled i pobolj\u0161ava prirodan izgled kopita<\/strong>. \u010cetka nije prilo\u017eena. <\/span><\/span><\/span><\/div>\n<div class=\"kO6q6e\"><\/div>\n<div><strong>Uporaba<\/strong>: \u010cetkom nanesite na o\u010di\u0161\u0107ena, ali malo vla\u017ena kopita.<\/div>\n<div><\/div>\n<div><strong>Sastav<\/strong>: mineralno ulje, laneno ulje, ricinusovo ulje, ulje eukaliptusa, ulje slatke naran\u010de, ulje klin\u010di\u0107a.<\/div>\n","protected":false},"excerpt":{"rendered":"<p>NAF Ulje za kopita Kvalitetno ulje koje daje kopitu prirodan polirani izgled i pobolj\u0161ava prirodan izgled kopita. \u010cetka nije prilo\u017eena.<\/p>\n","protected":false},"featured_media":97207,"template":"","meta":{"footnotes":""},"product_brand":[],"product_cat":[5624,5677,5675,5873,5625,5882,5627],"product_tag":[],"class_list":{"0":"post-97211","1":"product","2":"type-product","3":"status-publish","4":"has-post-thumbnail","6":"product_cat-konj-hr","7":"product_cat-kozmetika-za-konje-hr-2","8":"product_cat-kozmetika-za-konje-hr","9":"product_cat-njega-i-zdravlje-kopita","10":"product_cat-njega-konja","11":"product_cat-njega-kopita","12":"product_cat-stala-i-pasnjak","14":"first","15":"instock","16":"shipping-taxable","17":"purchasable","18":"product-type-simple"},"yoast_head":"<!-- This site is optimized with the Yoast SEO plugin v27.3 - https:\/\/yoast.com\/product\/yoast-seo-wordpress\/ -->\n<title>NAF Ulje za kopita - Clair<\/title>\n<meta name=\"description\" content=\"NAF Ulje za kopita Kvalitetno ulje koje daje kopitu prirodan polirani izgled i pobolj\u0161ava prirodan izgled kopita. \u010cetka nije prilo\u017eena. Uporaba: \u010cetkom\" \/>\n<meta name=\"robots\" content=\"index, follow, max-snippet:-1, max-image-preview:large, max-video-preview:-1\" \/>\n<link rel=\"canonical\" href=\"https:\/\/clair.si\/hr\/izdelek\/naf-ulje-za-kopita\/\" \/>\n<meta property=\"og:locale\" content=\"hr_HR\" \/>\n<meta property=\"og:type\" content=\"article\" \/>\n<meta property=\"og:title\" content=\"NAF Ulje za kopita - Clair\" \/>\n<meta property=\"og:description\" content=\"NAF Ulje za kopita Kvalitetno ulje koje daje kopitu prirodan polirani izgled i pobolj\u0161ava prirodan izgled kopita. \u010cetka nije prilo\u017eena. Uporaba: \u010cetkom\" \/>\n<meta property=\"og:url\" content=\"https:\/\/clair.si\/hr\/izdelek\/naf-ulje-za-kopita\/\" \/>\n<meta property=\"og:site_name\" content=\"Clair\" \/>\n<meta property=\"article:publisher\" content=\"https:\/\/www.facebook.com\/TrgovinaClair\/\" \/>\n<meta property=\"article:modified_time\" content=\"2025-11-15T12:52:07+00:00\" \/>\n<meta property=\"og:image\" content=\"https:\/\/clair.si\/wp-content\/uploads\/2023\/12\/naf-hoof-oil-olje-za-kopita-trgovina-clair-jpg.webp\" \/>\n\t<meta property=\"og:image:width\" content=\"1200\" \/>\n\t<meta property=\"og:image:height\" content=\"1200\" \/>\n\t<meta property=\"og:image:type\" content=\"image\/jpeg\" \/>\n<meta name=\"twitter:card\" content=\"summary_large_image\" \/>\n<meta name=\"twitter:label1\" content=\"Procijenjeno vrijeme \u010ditanja\" \/>\n\t<meta name=\"twitter:data1\" content=\"1 minuta\" \/>\n<script type=\"application\/ld+json\" class=\"yoast-schema-graph\">{\"@context\":\"https:\\\/\\\/schema.org\",\"@graph\":[{\"@type\":\"WebPage\",\"@id\":\"https:\\\/\\\/clair.si\\\/hr\\\/izdelek\\\/naf-ulje-za-kopita\\\/\",\"url\":\"https:\\\/\\\/clair.si\\\/hr\\\/izdelek\\\/naf-ulje-za-kopita\\\/\",\"name\":\"NAF Ulje za kopita - Clair\",\"isPartOf\":{\"@id\":\"https:\\\/\\\/clair.si\\\/#website\"},\"primaryImageOfPage\":{\"@id\":\"https:\\\/\\\/clair.si\\\/hr\\\/izdelek\\\/naf-ulje-za-kopita\\\/#primaryimage\"},\"image\":{\"@id\":\"https:\\\/\\\/clair.si\\\/hr\\\/izdelek\\\/naf-ulje-za-kopita\\\/#primaryimage\"},\"thumbnailUrl\":\"https:\\\/\\\/clair.si\\\/wp-content\\\/uploads\\\/2023\\\/12\\\/naf-hoof-oil-olje-za-kopita-trgovina-clair-jpg.webp\",\"datePublished\":\"2023-12-29T11:09:20+00:00\",\"dateModified\":\"2025-11-15T12:52:07+00:00\",\"description\":\"NAF Ulje za kopita Kvalitetno ulje koje daje kopitu prirodan polirani izgled i pobolj\u0161ava prirodan izgled kopita. \u010cetka nije prilo\u017eena. Uporaba: \u010cetkom\",\"breadcrumb\":{\"@id\":\"https:\\\/\\\/clair.si\\\/hr\\\/izdelek\\\/naf-ulje-za-kopita\\\/#breadcrumb\"},\"inLanguage\":\"hr\",\"potentialAction\":[{\"@type\":\"ReadAction\",\"target\":[\"https:\\\/\\\/clair.si\\\/hr\\\/izdelek\\\/naf-ulje-za-kopita\\\/\"]}]},{\"@type\":\"ImageObject\",\"inLanguage\":\"hr\",\"@id\":\"https:\\\/\\\/clair.si\\\/hr\\\/izdelek\\\/naf-ulje-za-kopita\\\/#primaryimage\",\"url\":\"https:\\\/\\\/clair.si\\\/wp-content\\\/uploads\\\/2023\\\/12\\\/naf-hoof-oil-olje-za-kopita-trgovina-clair-jpg.webp\",\"contentUrl\":\"https:\\\/\\\/clair.si\\\/wp-content\\\/uploads\\\/2023\\\/12\\\/naf-hoof-oil-olje-za-kopita-trgovina-clair-jpg.webp\",\"width\":1200,\"height\":1200},{\"@type\":\"BreadcrumbList\",\"@id\":\"https:\\\/\\\/clair.si\\\/hr\\\/izdelek\\\/naf-ulje-za-kopita\\\/#breadcrumb\",\"itemListElement\":[{\"@type\":\"ListItem\",\"position\":1,\"name\":\"Home\",\"item\":\"https:\\\/\\\/clair.si\\\/hr\\\/\"},{\"@type\":\"ListItem\",\"position\":2,\"name\":\"Trgovina\",\"item\":\"https:\\\/\\\/clair.si\\\/trgovina\\\/\"},{\"@type\":\"ListItem\",\"position\":3,\"name\":\"NAF Ulje za kopita\"}]},{\"@type\":\"WebSite\",\"@id\":\"https:\\\/\\\/clair.si\\\/#website\",\"url\":\"https:\\\/\\\/clair.si\\\/\",\"name\":\"Clair\",\"description\":\"Trgovina s konjeni\u0161ko opremo\",\"publisher\":{\"@id\":\"https:\\\/\\\/clair.si\\\/#organization\"},\"potentialAction\":[{\"@type\":\"SearchAction\",\"target\":{\"@type\":\"EntryPoint\",\"urlTemplate\":\"https:\\\/\\\/clair.si\\\/?s={search_term_string}\"},\"query-input\":{\"@type\":\"PropertyValueSpecification\",\"valueRequired\":true,\"valueName\":\"search_term_string\"}}],\"inLanguage\":\"hr\"},{\"@type\":\"Organization\",\"@id\":\"https:\\\/\\\/clair.si\\\/#organization\",\"name\":\"Clair\",\"url\":\"https:\\\/\\\/clair.si\\\/\",\"logo\":{\"@type\":\"ImageObject\",\"inLanguage\":\"hr\",\"@id\":\"https:\\\/\\\/clair.si\\\/#\\\/schema\\\/logo\\\/image\\\/\",\"url\":\"https:\\\/\\\/clair.si\\\/wp-content\\\/uploads\\\/2022\\\/11\\\/clair_logo_2022.jpg\",\"contentUrl\":\"https:\\\/\\\/clair.si\\\/wp-content\\\/uploads\\\/2022\\\/11\\\/clair_logo_2022.jpg\",\"width\":1920,\"height\":1920,\"caption\":\"Clair\"},\"image\":{\"@id\":\"https:\\\/\\\/clair.si\\\/#\\\/schema\\\/logo\\\/image\\\/\"},\"sameAs\":[\"https:\\\/\\\/www.facebook.com\\\/TrgovinaClair\\\/\"]}]}<\/script>\n<!-- \/ Yoast SEO plugin. -->","yoast_head_json":{"title":"NAF Ulje za kopita - Clair","description":"NAF Ulje za kopita Kvalitetno ulje koje daje kopitu prirodan polirani izgled i pobolj\u0161ava prirodan izgled kopita. \u010cetka nije prilo\u017eena. Uporaba: \u010cetkom","robots":{"index":"index","follow":"follow","max-snippet":"max-snippet:-1","max-image-preview":"max-image-preview:large","max-video-preview":"max-video-preview:-1"},"canonical":"https:\/\/clair.si\/hr\/izdelek\/naf-ulje-za-kopita\/","og_locale":"hr_HR","og_type":"article","og_title":"NAF Ulje za kopita - Clair","og_description":"NAF Ulje za kopita Kvalitetno ulje koje daje kopitu prirodan polirani izgled i pobolj\u0161ava prirodan izgled kopita. \u010cetka nije prilo\u017eena. Uporaba: \u010cetkom","og_url":"https:\/\/clair.si\/hr\/izdelek\/naf-ulje-za-kopita\/","og_site_name":"Clair","article_publisher":"https:\/\/www.facebook.com\/TrgovinaClair\/","article_modified_time":"2025-11-15T12:52:07+00:00","og_image":[{"width":1200,"height":1200,"url":"https:\/\/clair.si\/wp-content\/uploads\/2023\/12\/naf-hoof-oil-olje-za-kopita-trgovina-clair-jpg.webp","type":"image\/jpeg"}],"twitter_card":"summary_large_image","twitter_misc":{"Procijenjeno vrijeme \u010ditanja":"1 minuta"},"schema":{"@context":"https:\/\/schema.org","@graph":[{"@type":"WebPage","@id":"https:\/\/clair.si\/hr\/izdelek\/naf-ulje-za-kopita\/","url":"https:\/\/clair.si\/hr\/izdelek\/naf-ulje-za-kopita\/","name":"NAF Ulje za kopita - Clair","isPartOf":{"@id":"https:\/\/clair.si\/#website"},"primaryImageOfPage":{"@id":"https:\/\/clair.si\/hr\/izdelek\/naf-ulje-za-kopita\/#primaryimage"},"image":{"@id":"https:\/\/clair.si\/hr\/izdelek\/naf-ulje-za-kopita\/#primaryimage"},"thumbnailUrl":"https:\/\/clair.si\/wp-content\/uploads\/2023\/12\/naf-hoof-oil-olje-za-kopita-trgovina-clair-jpg.webp","datePublished":"2023-12-29T11:09:20+00:00","dateModified":"2025-11-15T12:52:07+00:00","description":"NAF Ulje za kopita Kvalitetno ulje koje daje kopitu prirodan polirani izgled i pobolj\u0161ava prirodan izgled kopita. \u010cetka nije prilo\u017eena. Uporaba: \u010cetkom","breadcrumb":{"@id":"https:\/\/clair.si\/hr\/izdelek\/naf-ulje-za-kopita\/#breadcrumb"},"inLanguage":"hr","potentialAction":[{"@type":"ReadAction","target":["https:\/\/clair.si\/hr\/izdelek\/naf-ulje-za-kopita\/"]}]},{"@type":"ImageObject","inLanguage":"hr","@id":"https:\/\/clair.si\/hr\/izdelek\/naf-ulje-za-kopita\/#primaryimage","url":"https:\/\/clair.si\/wp-content\/uploads\/2023\/12\/naf-hoof-oil-olje-za-kopita-trgovina-clair-jpg.webp","contentUrl":"https:\/\/clair.si\/wp-content\/uploads\/2023\/12\/naf-hoof-oil-olje-za-kopita-trgovina-clair-jpg.webp","width":1200,"height":1200},{"@type":"BreadcrumbList","@id":"https:\/\/clair.si\/hr\/izdelek\/naf-ulje-za-kopita\/#breadcrumb","itemListElement":[{"@type":"ListItem","position":1,"name":"Home","item":"https:\/\/clair.si\/hr\/"},{"@type":"ListItem","position":2,"name":"Trgovina","item":"https:\/\/clair.si\/trgovina\/"},{"@type":"ListItem","position":3,"name":"NAF Ulje za kopita"}]},{"@type":"WebSite","@id":"https:\/\/clair.si\/#website","url":"https:\/\/clair.si\/","name":"Clair","description":"Trgovina s konjeni\u0161ko opremo","publisher":{"@id":"https:\/\/clair.si\/#organization"},"potentialAction":[{"@type":"SearchAction","target":{"@type":"EntryPoint","urlTemplate":"https:\/\/clair.si\/?s={search_term_string}"},"query-input":{"@type":"PropertyValueSpecification","valueRequired":true,"valueName":"search_term_string"}}],"inLanguage":"hr"},{"@type":"Organization","@id":"https:\/\/clair.si\/#organization","name":"Clair","url":"https:\/\/clair.si\/","logo":{"@type":"ImageObject","inLanguage":"hr","@id":"https:\/\/clair.si\/#\/schema\/logo\/image\/","url":"https:\/\/clair.si\/wp-content\/uploads\/2022\/11\/clair_logo_2022.jpg","contentUrl":"https:\/\/clair.si\/wp-content\/uploads\/2022\/11\/clair_logo_2022.jpg","width":1920,"height":1920,"caption":"Clair"},"image":{"@id":"https:\/\/clair.si\/#\/schema\/logo\/image\/"},"sameAs":["https:\/\/www.facebook.com\/TrgovinaClair\/"]}]}},"_links":{"self":[{"href":"https:\/\/clair.si\/hr\/wp-json\/wp\/v2\/product\/97211","targetHints":{"allow":["GET"]}}],"collection":[{"href":"https:\/\/clair.si\/hr\/wp-json\/wp\/v2\/product"}],"about":[{"href":"https:\/\/clair.si\/hr\/wp-json\/wp\/v2\/types\/product"}],"version-history":[{"count":0,"href":"https:\/\/clair.si\/hr\/wp-json\/wp\/v2\/product\/97211\/revisions"}],"wp:featuredmedia":[{"embeddable":true,"href":"https:\/\/clair.si\/hr\/wp-json\/wp\/v2\/media\/97207"}],"wp:attachment":[{"href":"https:\/\/clair.si\/hr\/wp-json\/wp\/v2\/media?parent=97211"}],"wp:term":[{"taxonomy":"product_brand","embeddable":true,"href":"https:\/\/clair.si\/hr\/wp-json\/wp\/v2\/product_brand?post=97211"},{"taxonomy":"product_cat","embeddable":true,"href":"https:\/\/clair.si\/hr\/wp-json\/wp\/v2\/product_cat?post=97211"},{"taxonomy":"product_tag","embeddable":true,"href":"https:\/\/clair.si\/hr\/wp-json\/wp\/v2\/product_tag?post=97211"}],"curies":[{"name":"wp","href":"https:\/\/api.w.org\/{rel}","templated":true}]}}