{"id":97217,"date":"2024-01-09T11:21:10","date_gmt":"2024-01-09T10:21:10","guid":{"rendered":"https:\/\/clair.si\/izdelek\/cavalor-bronchix-liq\/"},"modified":"2025-08-27T14:59:25","modified_gmt":"2025-08-27T12:59:25","slug":"cavalor-bronchix-liq","status":"publish","type":"product","link":"https:\/\/clair.si\/hr\/izdelek\/cavalor-bronchix-liq\/","title":{"rendered":"Cavalor Bronchix Liq"},"content":{"rendered":"<p><span class=\"HwtZe\" lang=\"sl\"><span class=\"jCAhz ChMk0b\"><span class=\"ryNqvb\"><strong>Cavalor Bronchix Liq<\/strong> brzo \u010disti di\u0161ne puteve.<\/span><\/span> <span class=\"jCAhz ChMk0b\"><span class=\"ryNqvb\">Umiruje nadra\u017eenost gornjih di\u0161nih puteva.<\/span><\/span> <span class=\"jCAhz ChMk0b\"><span class=\"ryNqvb\">Cavalor Bronchix Liq podr\u017eava di\u0161ne puteve konja.<\/span><\/span> <span class=\"jCAhz ChMk0b\"><span class=\"ryNqvb\">Sirup nudi brzo olak\u0161anje kod problema s disanjem u gornjim di\u0161nim putevima, posebice kod nadra\u017eaja \u017edrijela ili kod stanja pove\u0107ane koli\u010dine sluzi.<\/span><\/span> <span class=\"jCAhz ChMk0b\"><span class=\"ryNqvb\">\u0160kakljanje u grlu je \u010desto prijelazno, ali unato\u010d tome za konja neugodno i ometaju\u0107e.<\/span><\/span> <span class=\"jCAhz ChMk0b\"><span class=\"ryNqvb\"><strong>Cavalor Bronchix Liq<\/strong> je umiruju\u0107a mje\u0161avina biljnih ekstrakata, koja olak\u0161ava disanje te podr\u017eava i otvara di\u0161ne puteve.<\/span><\/span><\/span><\/p>\n<p><span class=\"HwtZe\" lang=\"sl\"><span class=\"jCAhz ChMk0b\"><span class=\"ryNqvb\"><strong>Nadra\u017eenost grla i du\u0161nika mo\u017ee imati mnogo uzroka:<\/strong> udisanje pra\u0161nih \u010destica, alergije, promjene vremena ili hiperaktivnost.<\/span><\/span> <span class=\"jCAhz ChMk0b\"><span class=\"ryNqvb\">Neka nadra\u017eivanja nestanu, ali se zatim vrate s te\u017eim simptomima.<\/span><\/span> <span class=\"jCAhz ChMk0b\"><span class=\"ryNqvb\">Tijelo proizvodi sluz, da uhvati i odstrani strana tijela iz di\u0161nih puteva.<\/span><\/span> <span class=\"jCAhz ChMk0b\"><span class=\"ryNqvb\">Ka\u0161alj je prirodni refleks.<\/span><\/span> <span class=\"jCAhz ChMk0b\"><span class=\"ryNqvb\"><strong>Cavalor Bronchix Liq poma\u017ee umiriti konjski ka\u0161alj<\/strong> tako da poma\u017ee odstraniti nadra\u017euju\u0107e tvari, koje uzrokuju ka\u0161alj.<\/span><\/span> <span class=\"jCAhz ChMk0b\"><span class=\"ryNqvb\">Konjima mo\u017ee koristiti vi\u0161ednevno davanje Cavalor Bronchix Liq u kombinaciji s puno \u0161etnje.<\/span><\/span> <span class=\"jCAhz ChMk0b\"><span class=\"ryNqvb\">Cavalor Bronchix Liq poma\u017ee razrijediti i odvajati sluz, tako da ju je mogu\u0107e lak\u0161e iska\u0161ljati.<\/span><\/span><\/span><\/p>\n<p><span class=\"HwtZe\" lang=\"sl\"><span class=\"jCAhz ChMk0b\"><span class=\"ryNqvb\"><strong>Cavalor Bronchix Liq<\/strong> je mje\u0161avina aromati\u010dnih biljnih ekstrakata (uklju\u010duju\u0107i Pinus sylvestris, eukaliptus, origano i ru\u017emarin) s iska\u0161ljavaju\u0107im i umiruju\u0107im svojstvima.<\/span><\/span> <span class=\"jCAhz ChMk0b\"><span class=\"ryNqvb\">Ta posebna kombinacija osigurava brze rezultate.<\/span><\/span> <span class=\"jCAhz ChMk0b\"><span class=\"ryNqvb\">Ne samo da olak\u0161ava disanje, blagotvorno utje\u010de i na cijeli bronhijalni sustav.<\/span><\/span><\/span><\/p>\n<p>Analiti\u010dki sastav: sadr\u017eaj vlage 94,2 %, sirova mast 0,4 %, sirovi pepeo 0,1 %, sirovi proteini 0,1 %<\/p>\n<p><span class=\"HwtZe\" lang=\"sl\"><span class=\"jCAhz ChMk0b\"><span class=\"ryNqvb\"><strong>Na\u010din doziranja:<\/strong> 25 ml dva puta dnevno najmanje 5 dana. Najvi\u0161e 100 ml po konju dnevno. <\/span><\/span><\/span><\/p>\n","protected":false},"excerpt":{"rendered":"<ul>\n<li><span class=\"HwtZe\" lang=\"sl\"><span class=\"jCAhz ChMk0b\"><span class=\"ryNqvb\">djeluje kao ekspektorans za \u010di\u0161\u0107enje di\u0161nih puteva<\/span><\/span> <\/span><\/li>\n<li><span class=\"HwtZe\" lang=\"sl\">z<span class=\"jCAhz ChMk0b\"><span class=\"ryNqvb\">agotavlja brzo olak\u0161anje nadra\u017eaja u gornjim di\u0161nim putevima<\/span><\/span> <\/span><\/li>\n<li><span class=\"HwtZe\" lang=\"sl\">s<span class=\"jCAhz ChMk0b\"><span class=\"ryNqvb\">adr\u017ei mje\u0161avinu biljnih ekstrakata, uklju\u010duju\u0107i eukaliptus, limun i ru\u017emarin za umirenje<br \/>\n<\/span><\/span><\/span><\/li>\n<\/ul>\n<p><strong>Koli\u010dina: 1 L<\/strong><\/p>\n","protected":false},"featured_media":97221,"template":"","meta":{"footnotes":""},"product_brand":[],"product_cat":[5711,5710,5712],"product_tag":[],"class_list":{"0":"post-97217","1":"product","2":"type-product","3":"status-publish","4":"has-post-thumbnail","6":"product_cat-hrana-i-prehrambeni-dodaci-cavalor","7":"product_cat-hrana-za-konje-hr","8":"product_cat-prehrambeni-dodaci","10":"first","11":"instock","12":"shipping-taxable","13":"purchasable","14":"product-type-simple"},"yoast_head":"<!-- This site is optimized with the Yoast SEO plugin v27.4 - https:\/\/yoast.com\/product\/yoast-seo-wordpress\/ -->\n<title>Cavalor Bronchix Liq - Clair<\/title>\n<meta name=\"description\" content=\"djeluje kao ekspektorans za \u010di\u0161\u0107enje di\u0161nih puteva  zagotavlja brzo olak\u0161anje nadra\u017eaja u gornjim di\u0161nim putevima  sadr\u017ei mje\u0161avinu biljnih ekstrakata, uklju\u010duju\u0107i eukaliptus, limun i ru\u017emarin za umirenje  Koli\u010dina: 1 L\" \/>\n<meta name=\"robots\" content=\"index, follow, max-snippet:-1, max-image-preview:large, max-video-preview:-1\" \/>\n<link rel=\"canonical\" href=\"https:\/\/clair.si\/hr\/izdelek\/cavalor-bronchix-liq\/\" \/>\n<meta property=\"og:locale\" content=\"hr_HR\" \/>\n<meta property=\"og:type\" content=\"article\" \/>\n<meta property=\"og:title\" content=\"Cavalor Bronchix Liq - Clair\" \/>\n<meta property=\"og:description\" content=\"djeluje kao ekspektorans za \u010di\u0161\u0107enje di\u0161nih puteva  zagotavlja brzo olak\u0161anje nadra\u017eaja u gornjim di\u0161nim putevima  sadr\u017ei mje\u0161avinu biljnih ekstrakata, uklju\u010duju\u0107i eukaliptus, limun i ru\u017emarin za umirenje  Koli\u010dina: 1 L\" \/>\n<meta property=\"og:url\" content=\"https:\/\/clair.si\/hr\/izdelek\/cavalor-bronchix-liq\/\" \/>\n<meta property=\"og:site_name\" content=\"Clair\" \/>\n<meta property=\"article:publisher\" content=\"https:\/\/www.facebook.com\/TrgovinaClair\/\" \/>\n<meta property=\"article:modified_time\" content=\"2025-08-27T12:59:25+00:00\" \/>\n<meta property=\"og:image\" content=\"https:\/\/clair.si\/wp-content\/uploads\/2024\/01\/BronchixLiq1-jpg.webp\" \/>\n\t<meta property=\"og:image:width\" content=\"550\" \/>\n\t<meta property=\"og:image:height\" content=\"550\" \/>\n\t<meta property=\"og:image:type\" content=\"image\/jpeg\" \/>\n<meta name=\"twitter:card\" content=\"summary_large_image\" \/>\n<meta name=\"twitter:label1\" content=\"Procijenjeno vrijeme \u010ditanja\" \/>\n\t<meta name=\"twitter:data1\" content=\"1 minuta\" \/>\n<script type=\"application\/ld+json\" class=\"yoast-schema-graph\">{\"@context\":\"https:\\\/\\\/schema.org\",\"@graph\":[{\"@type\":\"WebPage\",\"@id\":\"https:\\\/\\\/clair.si\\\/hr\\\/izdelek\\\/cavalor-bronchix-liq\\\/\",\"url\":\"https:\\\/\\\/clair.si\\\/hr\\\/izdelek\\\/cavalor-bronchix-liq\\\/\",\"name\":\"Cavalor Bronchix Liq - Clair\",\"isPartOf\":{\"@id\":\"https:\\\/\\\/clair.si\\\/#website\"},\"primaryImageOfPage\":{\"@id\":\"https:\\\/\\\/clair.si\\\/hr\\\/izdelek\\\/cavalor-bronchix-liq\\\/#primaryimage\"},\"image\":{\"@id\":\"https:\\\/\\\/clair.si\\\/hr\\\/izdelek\\\/cavalor-bronchix-liq\\\/#primaryimage\"},\"thumbnailUrl\":\"https:\\\/\\\/clair.si\\\/wp-content\\\/uploads\\\/2024\\\/01\\\/BronchixLiq1-jpg.webp\",\"datePublished\":\"2024-01-09T10:21:10+00:00\",\"dateModified\":\"2025-08-27T12:59:25+00:00\",\"description\":\"djeluje kao ekspektorans za \u010di\u0161\u0107enje di\u0161nih puteva zagotavlja brzo olak\u0161anje nadra\u017eaja u gornjim di\u0161nim putevima sadr\u017ei mje\u0161avinu biljnih ekstrakata, uklju\u010duju\u0107i eukaliptus, limun i ru\u017emarin za umirenje Koli\u010dina: 1 L\",\"breadcrumb\":{\"@id\":\"https:\\\/\\\/clair.si\\\/hr\\\/izdelek\\\/cavalor-bronchix-liq\\\/#breadcrumb\"},\"inLanguage\":\"hr\",\"potentialAction\":[{\"@type\":\"ReadAction\",\"target\":[\"https:\\\/\\\/clair.si\\\/hr\\\/izdelek\\\/cavalor-bronchix-liq\\\/\"]}]},{\"@type\":\"ImageObject\",\"inLanguage\":\"hr\",\"@id\":\"https:\\\/\\\/clair.si\\\/hr\\\/izdelek\\\/cavalor-bronchix-liq\\\/#primaryimage\",\"url\":\"https:\\\/\\\/clair.si\\\/wp-content\\\/uploads\\\/2024\\\/01\\\/BronchixLiq1-jpg.webp\",\"contentUrl\":\"https:\\\/\\\/clair.si\\\/wp-content\\\/uploads\\\/2024\\\/01\\\/BronchixLiq1-jpg.webp\",\"width\":550,\"height\":550},{\"@type\":\"BreadcrumbList\",\"@id\":\"https:\\\/\\\/clair.si\\\/hr\\\/izdelek\\\/cavalor-bronchix-liq\\\/#breadcrumb\",\"itemListElement\":[{\"@type\":\"ListItem\",\"position\":1,\"name\":\"Home\",\"item\":\"https:\\\/\\\/clair.si\\\/hr\\\/\"},{\"@type\":\"ListItem\",\"position\":2,\"name\":\"Trgovina\",\"item\":\"https:\\\/\\\/clair.si\\\/trgovina\\\/\"},{\"@type\":\"ListItem\",\"position\":3,\"name\":\"Cavalor Bronchix Liq\"}]},{\"@type\":\"WebSite\",\"@id\":\"https:\\\/\\\/clair.si\\\/#website\",\"url\":\"https:\\\/\\\/clair.si\\\/\",\"name\":\"Clair\",\"description\":\"Trgovina s konjeni\u0161ko opremo\",\"publisher\":{\"@id\":\"https:\\\/\\\/clair.si\\\/#organization\"},\"potentialAction\":[{\"@type\":\"SearchAction\",\"target\":{\"@type\":\"EntryPoint\",\"urlTemplate\":\"https:\\\/\\\/clair.si\\\/?s={search_term_string}\"},\"query-input\":{\"@type\":\"PropertyValueSpecification\",\"valueRequired\":true,\"valueName\":\"search_term_string\"}}],\"inLanguage\":\"hr\"},{\"@type\":\"Organization\",\"@id\":\"https:\\\/\\\/clair.si\\\/#organization\",\"name\":\"Clair\",\"url\":\"https:\\\/\\\/clair.si\\\/\",\"logo\":{\"@type\":\"ImageObject\",\"inLanguage\":\"hr\",\"@id\":\"https:\\\/\\\/clair.si\\\/#\\\/schema\\\/logo\\\/image\\\/\",\"url\":\"https:\\\/\\\/clair.si\\\/wp-content\\\/uploads\\\/2022\\\/11\\\/clair_logo_2022.jpg\",\"contentUrl\":\"https:\\\/\\\/clair.si\\\/wp-content\\\/uploads\\\/2022\\\/11\\\/clair_logo_2022.jpg\",\"width\":1920,\"height\":1920,\"caption\":\"Clair\"},\"image\":{\"@id\":\"https:\\\/\\\/clair.si\\\/#\\\/schema\\\/logo\\\/image\\\/\"},\"sameAs\":[\"https:\\\/\\\/www.facebook.com\\\/TrgovinaClair\\\/\"]}]}<\/script>\n<!-- \/ Yoast SEO plugin. -->","yoast_head_json":{"title":"Cavalor Bronchix Liq - Clair","description":"djeluje kao ekspektorans za \u010di\u0161\u0107enje di\u0161nih puteva  zagotavlja brzo olak\u0161anje nadra\u017eaja u gornjim di\u0161nim putevima  sadr\u017ei mje\u0161avinu biljnih ekstrakata, uklju\u010duju\u0107i eukaliptus, limun i ru\u017emarin za umirenje  Koli\u010dina: 1 L","robots":{"index":"index","follow":"follow","max-snippet":"max-snippet:-1","max-image-preview":"max-image-preview:large","max-video-preview":"max-video-preview:-1"},"canonical":"https:\/\/clair.si\/hr\/izdelek\/cavalor-bronchix-liq\/","og_locale":"hr_HR","og_type":"article","og_title":"Cavalor Bronchix Liq - Clair","og_description":"djeluje kao ekspektorans za \u010di\u0161\u0107enje di\u0161nih puteva  zagotavlja brzo olak\u0161anje nadra\u017eaja u gornjim di\u0161nim putevima  sadr\u017ei mje\u0161avinu biljnih ekstrakata, uklju\u010duju\u0107i eukaliptus, limun i ru\u017emarin za umirenje  Koli\u010dina: 1 L","og_url":"https:\/\/clair.si\/hr\/izdelek\/cavalor-bronchix-liq\/","og_site_name":"Clair","article_publisher":"https:\/\/www.facebook.com\/TrgovinaClair\/","article_modified_time":"2025-08-27T12:59:25+00:00","og_image":[{"width":550,"height":550,"url":"https:\/\/clair.si\/wp-content\/uploads\/2024\/01\/BronchixLiq1-jpg.webp","type":"image\/jpeg"}],"twitter_card":"summary_large_image","twitter_misc":{"Procijenjeno vrijeme \u010ditanja":"1 minuta"},"schema":{"@context":"https:\/\/schema.org","@graph":[{"@type":"WebPage","@id":"https:\/\/clair.si\/hr\/izdelek\/cavalor-bronchix-liq\/","url":"https:\/\/clair.si\/hr\/izdelek\/cavalor-bronchix-liq\/","name":"Cavalor Bronchix Liq - Clair","isPartOf":{"@id":"https:\/\/clair.si\/#website"},"primaryImageOfPage":{"@id":"https:\/\/clair.si\/hr\/izdelek\/cavalor-bronchix-liq\/#primaryimage"},"image":{"@id":"https:\/\/clair.si\/hr\/izdelek\/cavalor-bronchix-liq\/#primaryimage"},"thumbnailUrl":"https:\/\/clair.si\/wp-content\/uploads\/2024\/01\/BronchixLiq1-jpg.webp","datePublished":"2024-01-09T10:21:10+00:00","dateModified":"2025-08-27T12:59:25+00:00","description":"djeluje kao ekspektorans za \u010di\u0161\u0107enje di\u0161nih puteva zagotavlja brzo olak\u0161anje nadra\u017eaja u gornjim di\u0161nim putevima sadr\u017ei mje\u0161avinu biljnih ekstrakata, uklju\u010duju\u0107i eukaliptus, limun i ru\u017emarin za umirenje Koli\u010dina: 1 L","breadcrumb":{"@id":"https:\/\/clair.si\/hr\/izdelek\/cavalor-bronchix-liq\/#breadcrumb"},"inLanguage":"hr","potentialAction":[{"@type":"ReadAction","target":["https:\/\/clair.si\/hr\/izdelek\/cavalor-bronchix-liq\/"]}]},{"@type":"ImageObject","inLanguage":"hr","@id":"https:\/\/clair.si\/hr\/izdelek\/cavalor-bronchix-liq\/#primaryimage","url":"https:\/\/clair.si\/wp-content\/uploads\/2024\/01\/BronchixLiq1-jpg.webp","contentUrl":"https:\/\/clair.si\/wp-content\/uploads\/2024\/01\/BronchixLiq1-jpg.webp","width":550,"height":550},{"@type":"BreadcrumbList","@id":"https:\/\/clair.si\/hr\/izdelek\/cavalor-bronchix-liq\/#breadcrumb","itemListElement":[{"@type":"ListItem","position":1,"name":"Home","item":"https:\/\/clair.si\/hr\/"},{"@type":"ListItem","position":2,"name":"Trgovina","item":"https:\/\/clair.si\/trgovina\/"},{"@type":"ListItem","position":3,"name":"Cavalor Bronchix Liq"}]},{"@type":"WebSite","@id":"https:\/\/clair.si\/#website","url":"https:\/\/clair.si\/","name":"Clair","description":"Trgovina s konjeni\u0161ko opremo","publisher":{"@id":"https:\/\/clair.si\/#organization"},"potentialAction":[{"@type":"SearchAction","target":{"@type":"EntryPoint","urlTemplate":"https:\/\/clair.si\/?s={search_term_string}"},"query-input":{"@type":"PropertyValueSpecification","valueRequired":true,"valueName":"search_term_string"}}],"inLanguage":"hr"},{"@type":"Organization","@id":"https:\/\/clair.si\/#organization","name":"Clair","url":"https:\/\/clair.si\/","logo":{"@type":"ImageObject","inLanguage":"hr","@id":"https:\/\/clair.si\/#\/schema\/logo\/image\/","url":"https:\/\/clair.si\/wp-content\/uploads\/2022\/11\/clair_logo_2022.jpg","contentUrl":"https:\/\/clair.si\/wp-content\/uploads\/2022\/11\/clair_logo_2022.jpg","width":1920,"height":1920,"caption":"Clair"},"image":{"@id":"https:\/\/clair.si\/#\/schema\/logo\/image\/"},"sameAs":["https:\/\/www.facebook.com\/TrgovinaClair\/"]}]}},"_links":{"self":[{"href":"https:\/\/clair.si\/hr\/wp-json\/wp\/v2\/product\/97217","targetHints":{"allow":["GET"]}}],"collection":[{"href":"https:\/\/clair.si\/hr\/wp-json\/wp\/v2\/product"}],"about":[{"href":"https:\/\/clair.si\/hr\/wp-json\/wp\/v2\/types\/product"}],"version-history":[{"count":0,"href":"https:\/\/clair.si\/hr\/wp-json\/wp\/v2\/product\/97217\/revisions"}],"wp:featuredmedia":[{"embeddable":true,"href":"https:\/\/clair.si\/hr\/wp-json\/wp\/v2\/media\/97221"}],"wp:attachment":[{"href":"https:\/\/clair.si\/hr\/wp-json\/wp\/v2\/media?parent=97217"}],"wp:term":[{"taxonomy":"product_brand","embeddable":true,"href":"https:\/\/clair.si\/hr\/wp-json\/wp\/v2\/product_brand?post=97217"},{"taxonomy":"product_cat","embeddable":true,"href":"https:\/\/clair.si\/hr\/wp-json\/wp\/v2\/product_cat?post=97217"},{"taxonomy":"product_tag","embeddable":true,"href":"https:\/\/clair.si\/hr\/wp-json\/wp\/v2\/product_tag?post=97217"}],"curies":[{"name":"wp","href":"https:\/\/api.w.org\/{rel}","templated":true}]}}