{"id":97224,"date":"2024-01-09T11:35:25","date_gmt":"2024-01-09T10:35:25","guid":{"rendered":"https:\/\/clair.si\/izdelek\/cavalor-bronchix-pure\/"},"modified":"2024-01-09T11:35:25","modified_gmt":"2024-01-09T10:35:25","slug":"cavalor-bronchix-pure","status":"publish","type":"product","link":"https:\/\/clair.si\/hr\/izdelek\/cavalor-bronchix-pure\/","title":{"rendered":"Cavalor Bronchix Pure"},"content":{"rendered":"<p><span class=\"HwtZe\" lang=\"sl\"><span class=\"jCAhz ChMk0b\"><span class=\"ryNqvb\"><strong>Cavalor Bronchix Pure<\/strong> podr\u017eava i \u010disti di\u0161ne puteve.<\/span><\/span> <span class=\"jCAhz ChMk0b\"><span class=\"ryNqvb\">Dugoro\u010dno umiruje i pove\u0107ava prirodnu otpornost.<\/span><\/span> <span class=\"jCAhz ChMk0b\"><span class=\"ryNqvb\">Tako\u0111er temeljito i dubinski \u010disti plu\u0107a i pove\u0107ava prirodnu otpornost.<\/span><\/span> <span class=\"jCAhz ChMk0b\"><span class=\"ryNqvb\">Sa 100-postotnom prirodnom formulom koja se temelji na biljkama za koje je poznato da poma\u017eu plu\u0107ima, di\u0161nim putevima i imunolo\u0161kom sustavu.<\/span><\/span><\/span><\/p>\n<p><span class=\"HwtZe\" lang=\"sl\"><span class=\"jCAhz ChMk0b\"><span class=\"ryNqvb\">Nadra\u017eeni di\u0161ni putevi i problemi s plu\u0107ima mogu imati brojne uzroke, uklju\u010duju\u0107i pra\u0161njavo okru\u017eenje, obi\u010dne prehlade, bakterijske i\/ili virusne infekcije ili astmu.<\/span><\/span> <span class=\"jCAhz ChMk0b\"><span class=\"ryNqvb\">Prirodni odgovor tijela je iska\u0161ljavanje i\/ili proizvodnja sluzi kako bi se \u0161to prije uklonila iritacija.<\/span><\/span> <span class=\"jCAhz ChMk0b\"><span class=\"ryNqvb\">To mo\u017ee biti samo kratkotrajna neugodnost, ali ako problemima s disanjem ne posvetimo dovoljno pozornosti, mogu postati kroni\u010dni problemi.<\/span><\/span> <span class=\"jCAhz ChMk0b\"><span class=\"ryNqvb\">A to mo\u017ee vrlo negativno utjecati na stanje i vitalnost va\u0161eg konja.<\/span><\/span> <span class=\"jCAhz ChMk0b\"><span class=\"ryNqvb\">Vrlo je va\u017eno temeljito rije\u0161iti te probleme kako biste izbjegli latentne probleme s disanjem.<\/span><\/span><\/span><\/p>\n<div class=\"lRu31\" dir=\"ltr\"><span class=\"HwtZe\" lang=\"sl\"><span class=\"jCAhz ChMk0b\"><span class=\"ryNqvb\"><strong>Cavalor Bronchix Pure<\/strong> je kompleksna mje\u0161avina bilja i biljnih ekstrakata za cjelovit pristup problemima s plu\u0107ima i di\u0161nim putevima.<\/span><\/span> <span class=\"jCAhz ChMk0b\"><span class=\"ryNqvb\">Bilje poput Petroselinum sativum i Foeniculum vulgare opu\u0161taju sluz i \u010diste di\u0161ne puteve kako bi olak\u0161ali disanje.<\/span><\/span> <span class=\"jCAhz ChMk0b\"><span class=\"ryNqvb\">Glychirrhiza glabra ima dobro poznata protuupalna svojstva i ja\u010da imunolo\u0161ki sustav, dok Urtica dioica smanjuje alergijske reakcije zbog iritacije.<\/span><\/span><strong><span class=\"jCAhz ChMk0b\"><span class=\"ryNqvb\">Smanjenje iritacije, \u010di\u0161\u0107enje gornjih i donjih di\u0161nih puteva te ja\u010danje prirodne otpornosti dovodi do br\u017eeg i boljeg oporavka.<\/span><\/span><\/strong><\/span><\/div>\n<div dir=\"ltr\"><\/div>\n<div dir=\"ltr\">\n<p>Analiti\u010dki sastav: sirovi proteini 12,6 %, sirova mast 0,1 %, sirovi pepeo 8 %, sirova vlakna 15 %<\/p>\n<\/div>\n<div class=\"OvtS8d\"><\/div>\n<div><span class=\"HwtZe\" lang=\"sl\"><span class=\"jCAhz ChMk0b\"><span class=\"ryNqvb\"><strong>Na\u010din doziranja:<\/strong> Koristite 50 g dnevno tijekom 40 dana.<\/span><\/span> <span class=\"jCAhz ChMk0b\"><span class=\"ryNqvb\">1 mjerica = 10 g.<\/span><\/span> <span class=\"jCAhz ChMk0b\"><span class=\"ryNqvb\">Maksimalna koli\u010dina po konju dnevno = 120 g.<\/span><\/span><\/span><\/div>\n<div class=\"lRu31\" dir=\"ltr\">\n<div id=\"ow684\"><\/div>\n<\/div>\n<div class=\"UdTY9 WdefRb\" aria-hidden=\"true\" data-location=\"2\">\n<div class=\"kO6q6e\"><\/div>\n<\/div>\n","protected":false},"excerpt":{"rendered":"<ul>\n<li><span class=\"HwtZe\" lang=\"sl\"><span class=\"jCAhz ChMk0b\"><span class=\"ryNqvb\">podr\u017eava di\u0161ne puteve i pove\u0107ava prirodnu otpornost <\/span><\/span><\/span><\/li>\n<li><span class=\"HwtZe\" lang=\"sl\"><span class=\"jCAhz ChMk0b\"><span class=\"ryNqvb\">p<\/span><\/span><span class=\"jCAhz ChMk0b\"><span class=\"ryNqvb\">omiruje i \u010disti di\u0161ne puteve<\/span><\/span> <\/span><\/li>\n<li><span class=\"HwtZe\" lang=\"sl\">m<span class=\"jCAhz ChMk0b\"><span class=\"ryNqvb\">je\u0161avina bilja za pomo\u0107 pri funkcioniranju gornjih i donjih di\u0161nih puteva<\/span><\/span> <\/span><\/li>\n<li><span class=\"HwtZe\" lang=\"sl\">p<span class=\"jCAhz ChMk0b\"><span class=\"ryNqvb\">oma\u017ee pri ubla\u017eavanju alergija na pra\u0161inu u suhom okru\u017eenju<\/span><\/span><\/span><\/li>\n<\/ul>\n<p><strong>Koli\u010dina: 1 kg<\/strong><\/p>\n","protected":false},"featured_media":97225,"template":"","meta":{"footnotes":""},"product_brand":[],"product_cat":[5711,5710,5712],"product_tag":[],"class_list":{"0":"post-97224","1":"product","2":"type-product","3":"status-publish","4":"has-post-thumbnail","6":"product_cat-hrana-i-prehrambeni-dodaci-cavalor","7":"product_cat-hrana-za-konje-hr","8":"product_cat-prehrambeni-dodaci","10":"first","11":"instock","12":"shipping-taxable","13":"purchasable","14":"product-type-simple"},"yoast_head":"<!-- This site is optimized with the Yoast SEO plugin v27.4 - https:\/\/yoast.com\/product\/yoast-seo-wordpress\/ -->\n<title>Cavalor Bronchix Pure - Clair<\/title>\n<meta name=\"description\" content=\"podr\u017eava di\u0161ne puteve i pove\u0107ava prirodnu otpornost  pomiruje i \u010disti di\u0161ne puteve  mje\u0161avina bilja za pomo\u0107 pri funkcioniranju gornjih i donjih di\u0161nih puteva  poma\u017ee pri ubla\u017eavanju alergija na pra\u0161inu u suhom okru\u017eenju Koli\u010dina: 1 kg\" \/>\n<meta name=\"robots\" content=\"index, follow, max-snippet:-1, max-image-preview:large, max-video-preview:-1\" \/>\n<link rel=\"canonical\" href=\"https:\/\/clair.si\/hr\/izdelek\/cavalor-bronchix-pure\/\" \/>\n<meta property=\"og:locale\" content=\"hr_HR\" \/>\n<meta property=\"og:type\" content=\"article\" \/>\n<meta property=\"og:title\" content=\"Cavalor Bronchix Pure - Clair\" \/>\n<meta property=\"og:description\" content=\"podr\u017eava di\u0161ne puteve i pove\u0107ava prirodnu otpornost  pomiruje i \u010disti di\u0161ne puteve  mje\u0161avina bilja za pomo\u0107 pri funkcioniranju gornjih i donjih di\u0161nih puteva  poma\u017ee pri ubla\u017eavanju alergija na pra\u0161inu u suhom okru\u017eenju Koli\u010dina: 1 kg\" \/>\n<meta property=\"og:url\" content=\"https:\/\/clair.si\/hr\/izdelek\/cavalor-bronchix-pure\/\" \/>\n<meta property=\"og:site_name\" content=\"Clair\" \/>\n<meta property=\"article:publisher\" content=\"https:\/\/www.facebook.com\/TrgovinaClair\/\" \/>\n<meta property=\"og:image\" content=\"https:\/\/clair.si\/wp-content\/uploads\/2024\/01\/BronchixPure-cavalor-trgovina-clair-jpg.webp\" \/>\n\t<meta property=\"og:image:width\" content=\"500\" \/>\n\t<meta property=\"og:image:height\" content=\"500\" \/>\n\t<meta property=\"og:image:type\" content=\"image\/jpeg\" \/>\n<meta name=\"twitter:card\" content=\"summary_large_image\" \/>\n<meta name=\"twitter:label1\" content=\"Procijenjeno vrijeme \u010ditanja\" \/>\n\t<meta name=\"twitter:data1\" content=\"1 minuta\" \/>\n<script type=\"application\/ld+json\" class=\"yoast-schema-graph\">{\"@context\":\"https:\\\/\\\/schema.org\",\"@graph\":[{\"@type\":\"WebPage\",\"@id\":\"https:\\\/\\\/clair.si\\\/hr\\\/izdelek\\\/cavalor-bronchix-pure\\\/\",\"url\":\"https:\\\/\\\/clair.si\\\/hr\\\/izdelek\\\/cavalor-bronchix-pure\\\/\",\"name\":\"Cavalor Bronchix Pure - Clair\",\"isPartOf\":{\"@id\":\"https:\\\/\\\/clair.si\\\/#website\"},\"primaryImageOfPage\":{\"@id\":\"https:\\\/\\\/clair.si\\\/hr\\\/izdelek\\\/cavalor-bronchix-pure\\\/#primaryimage\"},\"image\":{\"@id\":\"https:\\\/\\\/clair.si\\\/hr\\\/izdelek\\\/cavalor-bronchix-pure\\\/#primaryimage\"},\"thumbnailUrl\":\"https:\\\/\\\/clair.si\\\/wp-content\\\/uploads\\\/2024\\\/01\\\/BronchixPure-cavalor-trgovina-clair-jpg.webp\",\"datePublished\":\"2024-01-09T10:35:25+00:00\",\"description\":\"podr\u017eava di\u0161ne puteve i pove\u0107ava prirodnu otpornost pomiruje i \u010disti di\u0161ne puteve mje\u0161avina bilja za pomo\u0107 pri funkcioniranju gornjih i donjih di\u0161nih puteva poma\u017ee pri ubla\u017eavanju alergija na pra\u0161inu u suhom okru\u017eenju Koli\u010dina: 1 kg\",\"breadcrumb\":{\"@id\":\"https:\\\/\\\/clair.si\\\/hr\\\/izdelek\\\/cavalor-bronchix-pure\\\/#breadcrumb\"},\"inLanguage\":\"hr\",\"potentialAction\":[{\"@type\":\"ReadAction\",\"target\":[\"https:\\\/\\\/clair.si\\\/hr\\\/izdelek\\\/cavalor-bronchix-pure\\\/\"]}]},{\"@type\":\"ImageObject\",\"inLanguage\":\"hr\",\"@id\":\"https:\\\/\\\/clair.si\\\/hr\\\/izdelek\\\/cavalor-bronchix-pure\\\/#primaryimage\",\"url\":\"https:\\\/\\\/clair.si\\\/wp-content\\\/uploads\\\/2024\\\/01\\\/BronchixPure-cavalor-trgovina-clair-jpg.webp\",\"contentUrl\":\"https:\\\/\\\/clair.si\\\/wp-content\\\/uploads\\\/2024\\\/01\\\/BronchixPure-cavalor-trgovina-clair-jpg.webp\",\"width\":500,\"height\":500},{\"@type\":\"BreadcrumbList\",\"@id\":\"https:\\\/\\\/clair.si\\\/hr\\\/izdelek\\\/cavalor-bronchix-pure\\\/#breadcrumb\",\"itemListElement\":[{\"@type\":\"ListItem\",\"position\":1,\"name\":\"Home\",\"item\":\"https:\\\/\\\/clair.si\\\/hr\\\/\"},{\"@type\":\"ListItem\",\"position\":2,\"name\":\"Trgovina\",\"item\":\"https:\\\/\\\/clair.si\\\/trgovina\\\/\"},{\"@type\":\"ListItem\",\"position\":3,\"name\":\"Cavalor Bronchix Pure\"}]},{\"@type\":\"WebSite\",\"@id\":\"https:\\\/\\\/clair.si\\\/#website\",\"url\":\"https:\\\/\\\/clair.si\\\/\",\"name\":\"Clair\",\"description\":\"Trgovina s konjeni\u0161ko opremo\",\"publisher\":{\"@id\":\"https:\\\/\\\/clair.si\\\/#organization\"},\"potentialAction\":[{\"@type\":\"SearchAction\",\"target\":{\"@type\":\"EntryPoint\",\"urlTemplate\":\"https:\\\/\\\/clair.si\\\/?s={search_term_string}\"},\"query-input\":{\"@type\":\"PropertyValueSpecification\",\"valueRequired\":true,\"valueName\":\"search_term_string\"}}],\"inLanguage\":\"hr\"},{\"@type\":\"Organization\",\"@id\":\"https:\\\/\\\/clair.si\\\/#organization\",\"name\":\"Clair\",\"url\":\"https:\\\/\\\/clair.si\\\/\",\"logo\":{\"@type\":\"ImageObject\",\"inLanguage\":\"hr\",\"@id\":\"https:\\\/\\\/clair.si\\\/#\\\/schema\\\/logo\\\/image\\\/\",\"url\":\"https:\\\/\\\/clair.si\\\/wp-content\\\/uploads\\\/2022\\\/11\\\/clair_logo_2022.jpg\",\"contentUrl\":\"https:\\\/\\\/clair.si\\\/wp-content\\\/uploads\\\/2022\\\/11\\\/clair_logo_2022.jpg\",\"width\":1920,\"height\":1920,\"caption\":\"Clair\"},\"image\":{\"@id\":\"https:\\\/\\\/clair.si\\\/#\\\/schema\\\/logo\\\/image\\\/\"},\"sameAs\":[\"https:\\\/\\\/www.facebook.com\\\/TrgovinaClair\\\/\"]}]}<\/script>\n<!-- \/ Yoast SEO plugin. -->","yoast_head_json":{"title":"Cavalor Bronchix Pure - Clair","description":"podr\u017eava di\u0161ne puteve i pove\u0107ava prirodnu otpornost  pomiruje i \u010disti di\u0161ne puteve  mje\u0161avina bilja za pomo\u0107 pri funkcioniranju gornjih i donjih di\u0161nih puteva  poma\u017ee pri ubla\u017eavanju alergija na pra\u0161inu u suhom okru\u017eenju Koli\u010dina: 1 kg","robots":{"index":"index","follow":"follow","max-snippet":"max-snippet:-1","max-image-preview":"max-image-preview:large","max-video-preview":"max-video-preview:-1"},"canonical":"https:\/\/clair.si\/hr\/izdelek\/cavalor-bronchix-pure\/","og_locale":"hr_HR","og_type":"article","og_title":"Cavalor Bronchix Pure - Clair","og_description":"podr\u017eava di\u0161ne puteve i pove\u0107ava prirodnu otpornost  pomiruje i \u010disti di\u0161ne puteve  mje\u0161avina bilja za pomo\u0107 pri funkcioniranju gornjih i donjih di\u0161nih puteva  poma\u017ee pri ubla\u017eavanju alergija na pra\u0161inu u suhom okru\u017eenju Koli\u010dina: 1 kg","og_url":"https:\/\/clair.si\/hr\/izdelek\/cavalor-bronchix-pure\/","og_site_name":"Clair","article_publisher":"https:\/\/www.facebook.com\/TrgovinaClair\/","og_image":[{"width":500,"height":500,"url":"https:\/\/clair.si\/wp-content\/uploads\/2024\/01\/BronchixPure-cavalor-trgovina-clair-jpg.webp","type":"image\/jpeg"}],"twitter_card":"summary_large_image","twitter_misc":{"Procijenjeno vrijeme \u010ditanja":"1 minuta"},"schema":{"@context":"https:\/\/schema.org","@graph":[{"@type":"WebPage","@id":"https:\/\/clair.si\/hr\/izdelek\/cavalor-bronchix-pure\/","url":"https:\/\/clair.si\/hr\/izdelek\/cavalor-bronchix-pure\/","name":"Cavalor Bronchix Pure - Clair","isPartOf":{"@id":"https:\/\/clair.si\/#website"},"primaryImageOfPage":{"@id":"https:\/\/clair.si\/hr\/izdelek\/cavalor-bronchix-pure\/#primaryimage"},"image":{"@id":"https:\/\/clair.si\/hr\/izdelek\/cavalor-bronchix-pure\/#primaryimage"},"thumbnailUrl":"https:\/\/clair.si\/wp-content\/uploads\/2024\/01\/BronchixPure-cavalor-trgovina-clair-jpg.webp","datePublished":"2024-01-09T10:35:25+00:00","description":"podr\u017eava di\u0161ne puteve i pove\u0107ava prirodnu otpornost pomiruje i \u010disti di\u0161ne puteve mje\u0161avina bilja za pomo\u0107 pri funkcioniranju gornjih i donjih di\u0161nih puteva poma\u017ee pri ubla\u017eavanju alergija na pra\u0161inu u suhom okru\u017eenju Koli\u010dina: 1 kg","breadcrumb":{"@id":"https:\/\/clair.si\/hr\/izdelek\/cavalor-bronchix-pure\/#breadcrumb"},"inLanguage":"hr","potentialAction":[{"@type":"ReadAction","target":["https:\/\/clair.si\/hr\/izdelek\/cavalor-bronchix-pure\/"]}]},{"@type":"ImageObject","inLanguage":"hr","@id":"https:\/\/clair.si\/hr\/izdelek\/cavalor-bronchix-pure\/#primaryimage","url":"https:\/\/clair.si\/wp-content\/uploads\/2024\/01\/BronchixPure-cavalor-trgovina-clair-jpg.webp","contentUrl":"https:\/\/clair.si\/wp-content\/uploads\/2024\/01\/BronchixPure-cavalor-trgovina-clair-jpg.webp","width":500,"height":500},{"@type":"BreadcrumbList","@id":"https:\/\/clair.si\/hr\/izdelek\/cavalor-bronchix-pure\/#breadcrumb","itemListElement":[{"@type":"ListItem","position":1,"name":"Home","item":"https:\/\/clair.si\/hr\/"},{"@type":"ListItem","position":2,"name":"Trgovina","item":"https:\/\/clair.si\/trgovina\/"},{"@type":"ListItem","position":3,"name":"Cavalor Bronchix Pure"}]},{"@type":"WebSite","@id":"https:\/\/clair.si\/#website","url":"https:\/\/clair.si\/","name":"Clair","description":"Trgovina s konjeni\u0161ko opremo","publisher":{"@id":"https:\/\/clair.si\/#organization"},"potentialAction":[{"@type":"SearchAction","target":{"@type":"EntryPoint","urlTemplate":"https:\/\/clair.si\/?s={search_term_string}"},"query-input":{"@type":"PropertyValueSpecification","valueRequired":true,"valueName":"search_term_string"}}],"inLanguage":"hr"},{"@type":"Organization","@id":"https:\/\/clair.si\/#organization","name":"Clair","url":"https:\/\/clair.si\/","logo":{"@type":"ImageObject","inLanguage":"hr","@id":"https:\/\/clair.si\/#\/schema\/logo\/image\/","url":"https:\/\/clair.si\/wp-content\/uploads\/2022\/11\/clair_logo_2022.jpg","contentUrl":"https:\/\/clair.si\/wp-content\/uploads\/2022\/11\/clair_logo_2022.jpg","width":1920,"height":1920,"caption":"Clair"},"image":{"@id":"https:\/\/clair.si\/#\/schema\/logo\/image\/"},"sameAs":["https:\/\/www.facebook.com\/TrgovinaClair\/"]}]}},"_links":{"self":[{"href":"https:\/\/clair.si\/hr\/wp-json\/wp\/v2\/product\/97224","targetHints":{"allow":["GET"]}}],"collection":[{"href":"https:\/\/clair.si\/hr\/wp-json\/wp\/v2\/product"}],"about":[{"href":"https:\/\/clair.si\/hr\/wp-json\/wp\/v2\/types\/product"}],"version-history":[{"count":0,"href":"https:\/\/clair.si\/hr\/wp-json\/wp\/v2\/product\/97224\/revisions"}],"wp:featuredmedia":[{"embeddable":true,"href":"https:\/\/clair.si\/hr\/wp-json\/wp\/v2\/media\/97225"}],"wp:attachment":[{"href":"https:\/\/clair.si\/hr\/wp-json\/wp\/v2\/media?parent=97224"}],"wp:term":[{"taxonomy":"product_brand","embeddable":true,"href":"https:\/\/clair.si\/hr\/wp-json\/wp\/v2\/product_brand?post=97224"},{"taxonomy":"product_cat","embeddable":true,"href":"https:\/\/clair.si\/hr\/wp-json\/wp\/v2\/product_cat?post=97224"},{"taxonomy":"product_tag","embeddable":true,"href":"https:\/\/clair.si\/hr\/wp-json\/wp\/v2\/product_tag?post=97224"}],"curies":[{"name":"wp","href":"https:\/\/api.w.org\/{rel}","templated":true}]}}