{"id":97247,"date":"2023-11-02T11:23:31","date_gmt":"2023-11-02T10:23:31","guid":{"rendered":"https:\/\/clair.si\/izdelek\/zimske-jahace-rukavice-roeckl-roeck-grip-winter\/"},"modified":"2026-02-11T14:11:06","modified_gmt":"2026-02-11T13:11:06","slug":"zimske-jahace-rukavice-roeckl-roeck-grip-winter","status":"publish","type":"product","link":"https:\/\/clair.si\/hr\/izdelek\/zimske-jahace-rukavice-roeckl-roeck-grip-winter\/","title":{"rendered":"Zimske jaha\u0107e rukavice Roeckl Roeck Grip Winter"},"content":{"rendered":"<p><strong>Zimske jaha\u0107e rukavice Roeckl Roeck Grip Winter<\/strong> &#8211; model  <span class=\"HwtZe\" lang=\"sl\"><span class=\"jCAhz ChMk0b\"><span class=\"ryNqvb\">ROECK-GRIP WINTER, koji je razvio ROECKL SPORTS, neizostavna je zimska rukavica s odli\u010dnim prianjanjem.<\/span><\/span> <span class=\"jCAhz ChMk0b\"><span class=\"ryNqvb\">Detalji su presudni, a posebno odabir materijala.<\/span><\/span> <span class=\"jCAhz ChMk0b\"><span class=\"ryNqvb\">ROECK-GRIP\u00ae je ekskluzivan materijal.<\/span><\/span> <span class=\"jCAhz ChMk0b\"><span class=\"ryNqvb\">Izuzetno je prozra\u010dan, elasti\u010dan i fleksibilan.<\/span><\/span> <span class=\"jCAhz ChMk0b\"><span class=\"ryNqvb\">Ukratko: pristaje kao druga ko\u017ea.<\/span><\/span> <span class=\"jCAhz ChMk0b\"><span class=\"ryNqvb\">Istovremeno osigurava odli\u010dno prianjanje i taktilnost koji su vam potrebni pri rukovanju s vodilicama.<\/span><\/span> <span class=\"jCAhz ChMk0b\"><span class=\"ryNqvb\">Za ovaj zimski model ROECK-GRIP\u00ae je dodatno laminiran toplom i mekom podlogom od flisa.<\/span><\/span> <span class=\"jCAhz ChMk0b\"><span class=\"ryNqvb\">Kroja\u010di rukavica iz M\u00fcnchena tako\u0111er su se usredoto\u010dili na kvalitetu obrade: pojedini sastavni dijelovi rukavica ru\u010dno su precizno sa\u0161iveni.<\/span><\/span> <span class=\"jCAhz ChMk0b\"><span class=\"ryNqvb\">Najve\u0107a tolerancija \u0161ava od samo jednog milimetra samo je opipljivo mjerilo kvalitete, jer se sama udobnost ne mo\u017ee fizi\u010dki izmjeriti.<\/span><\/span> <span class=\"jCAhz ChMk0b\"><span class=\"ryNqvb\">Krojevi i proporcije su ono \u0161to \u010dini razliku.<\/span><\/span> <span class=\"jCAhz ChMk0b\"><span class=\"ryNqvb\">Ovdje ROECKL koristi vi\u0161e od 180 godina iskustva u umjetnosti izrade rukavica.<\/span><\/span> <\/span><\/p>\n<p><span class=\"HwtZe\" lang=\"sl\"><span class=\"jCAhz ChMk0b\"><span class=\"ryNqvb\">Prakti\u010dno: ROECK GRIP WINTER periv je u perilici rublja na 30\u00b0 C.<\/span><\/span><\/span><\/p>\n","protected":false},"excerpt":{"rendered":"<p>Zimske jaha\u0107e rukavice Roeckl Roeck Grip Winter &#8211; model ROECK-GRIP WINTER, koji je razvio ROECKL SPORTS, neizostavna je zimska rukavica<\/p>\n","protected":false},"featured_media":93945,"template":"","meta":{"footnotes":""},"product_brand":[],"product_cat":[5654,5670,5737,5988],"product_tag":[],"class_list":{"0":"post-97247","1":"product","2":"type-product","3":"status-publish","4":"has-post-thumbnail","6":"product_cat-jahac-hr","7":"product_cat-natjecanja","8":"product_cat-rukavice","9":"product_cat-zimske-rukavice","11":"first","12":"instock","13":"sale","14":"featured","15":"shipping-taxable","16":"purchasable","17":"product-type-variable"},"yoast_head":"<!-- This site is optimized with the Yoast SEO plugin v27.4 - https:\/\/yoast.com\/product\/yoast-seo-wordpress\/ -->\n<title>Zimske jaha\u0107e rukavice Roeckl Roeck Grip Winter - Clair<\/title>\n<meta name=\"description\" content=\"Zimske jaha\u0107e rukavice Roeckl Roeck Grip Winter - model ROECK-GRIP WINTER, koji je razvio ROECKL SPORTS, neizostavna je zimska rukavica s odli\u010dnim\" \/>\n<meta name=\"robots\" content=\"index, follow, max-snippet:-1, max-image-preview:large, max-video-preview:-1\" \/>\n<link rel=\"canonical\" href=\"https:\/\/clair.si\/hr\/izdelek\/zimske-jahace-rukavice-roeckl-roeck-grip-winter\/\" \/>\n<meta property=\"og:locale\" content=\"hr_HR\" \/>\n<meta property=\"og:type\" content=\"article\" \/>\n<meta property=\"og:title\" content=\"Zimske jaha\u0107e rukavice Roeckl Roeck Grip Winter - Clair\" \/>\n<meta property=\"og:description\" content=\"Zimske jaha\u0107e rukavice Roeckl Roeck Grip Winter - model ROECK-GRIP WINTER, koji je razvio ROECKL SPORTS, neizostavna je zimska rukavica s odli\u010dnim\" \/>\n<meta property=\"og:url\" content=\"https:\/\/clair.si\/hr\/izdelek\/zimske-jahace-rukavice-roeckl-roeck-grip-winter\/\" \/>\n<meta property=\"og:site_name\" content=\"Clair\" \/>\n<meta property=\"article:publisher\" content=\"https:\/\/www.facebook.com\/TrgovinaClair\/\" \/>\n<meta property=\"article:modified_time\" content=\"2026-02-11T13:11:06+00:00\" \/>\n<meta property=\"og:image\" content=\"https:\/\/clair.si\/wp-content\/uploads\/2023\/11\/roeckl-roeck-grip-winter-zimske-jahalne-rokavice-trgovina-clair-z-jahalno-in-konjenisko-opremo-jpg.webp\" \/>\n\t<meta property=\"og:image:width\" content=\"1400\" \/>\n\t<meta property=\"og:image:height\" content=\"1400\" \/>\n\t<meta property=\"og:image:type\" content=\"image\/jpeg\" \/>\n<meta name=\"twitter:card\" content=\"summary_large_image\" \/>\n<meta name=\"twitter:label1\" content=\"Procijenjeno vrijeme \u010ditanja\" \/>\n\t<meta name=\"twitter:data1\" content=\"1 minuta\" \/>\n<script type=\"application\/ld+json\" class=\"yoast-schema-graph\">{\"@context\":\"https:\\\/\\\/schema.org\",\"@graph\":[{\"@type\":\"WebPage\",\"@id\":\"https:\\\/\\\/clair.si\\\/hr\\\/izdelek\\\/zimske-jahace-rukavice-roeckl-roeck-grip-winter\\\/\",\"url\":\"https:\\\/\\\/clair.si\\\/hr\\\/izdelek\\\/zimske-jahace-rukavice-roeckl-roeck-grip-winter\\\/\",\"name\":\"Zimske jaha\u0107e rukavice Roeckl Roeck Grip Winter - Clair\",\"isPartOf\":{\"@id\":\"https:\\\/\\\/clair.si\\\/#website\"},\"primaryImageOfPage\":{\"@id\":\"https:\\\/\\\/clair.si\\\/hr\\\/izdelek\\\/zimske-jahace-rukavice-roeckl-roeck-grip-winter\\\/#primaryimage\"},\"image\":{\"@id\":\"https:\\\/\\\/clair.si\\\/hr\\\/izdelek\\\/zimske-jahace-rukavice-roeckl-roeck-grip-winter\\\/#primaryimage\"},\"thumbnailUrl\":\"https:\\\/\\\/clair.si\\\/wp-content\\\/uploads\\\/2023\\\/11\\\/roeckl-roeck-grip-winter-zimske-jahalne-rokavice-trgovina-clair-z-jahalno-in-konjenisko-opremo-jpg.webp\",\"datePublished\":\"2023-11-02T10:23:31+00:00\",\"dateModified\":\"2026-02-11T13:11:06+00:00\",\"description\":\"Zimske jaha\u0107e rukavice Roeckl Roeck Grip Winter - model ROECK-GRIP WINTER, koji je razvio ROECKL SPORTS, neizostavna je zimska rukavica s odli\u010dnim\",\"breadcrumb\":{\"@id\":\"https:\\\/\\\/clair.si\\\/hr\\\/izdelek\\\/zimske-jahace-rukavice-roeckl-roeck-grip-winter\\\/#breadcrumb\"},\"inLanguage\":\"hr\",\"potentialAction\":[{\"@type\":\"ReadAction\",\"target\":[\"https:\\\/\\\/clair.si\\\/hr\\\/izdelek\\\/zimske-jahace-rukavice-roeckl-roeck-grip-winter\\\/\"]}]},{\"@type\":\"ImageObject\",\"inLanguage\":\"hr\",\"@id\":\"https:\\\/\\\/clair.si\\\/hr\\\/izdelek\\\/zimske-jahace-rukavice-roeckl-roeck-grip-winter\\\/#primaryimage\",\"url\":\"https:\\\/\\\/clair.si\\\/wp-content\\\/uploads\\\/2023\\\/11\\\/roeckl-roeck-grip-winter-zimske-jahalne-rokavice-trgovina-clair-z-jahalno-in-konjenisko-opremo-jpg.webp\",\"contentUrl\":\"https:\\\/\\\/clair.si\\\/wp-content\\\/uploads\\\/2023\\\/11\\\/roeckl-roeck-grip-winter-zimske-jahalne-rokavice-trgovina-clair-z-jahalno-in-konjenisko-opremo-jpg.webp\",\"width\":1400,\"height\":1400},{\"@type\":\"BreadcrumbList\",\"@id\":\"https:\\\/\\\/clair.si\\\/hr\\\/izdelek\\\/zimske-jahace-rukavice-roeckl-roeck-grip-winter\\\/#breadcrumb\",\"itemListElement\":[{\"@type\":\"ListItem\",\"position\":1,\"name\":\"Home\",\"item\":\"https:\\\/\\\/clair.si\\\/hr\\\/\"},{\"@type\":\"ListItem\",\"position\":2,\"name\":\"Trgovina\",\"item\":\"https:\\\/\\\/clair.si\\\/trgovina\\\/\"},{\"@type\":\"ListItem\",\"position\":3,\"name\":\"Zimske jaha\u0107e rukavice Roeckl Roeck Grip Winter\"}]},{\"@type\":\"WebSite\",\"@id\":\"https:\\\/\\\/clair.si\\\/#website\",\"url\":\"https:\\\/\\\/clair.si\\\/\",\"name\":\"Clair\",\"description\":\"Trgovina s konjeni\u0161ko opremo\",\"publisher\":{\"@id\":\"https:\\\/\\\/clair.si\\\/#organization\"},\"potentialAction\":[{\"@type\":\"SearchAction\",\"target\":{\"@type\":\"EntryPoint\",\"urlTemplate\":\"https:\\\/\\\/clair.si\\\/?s={search_term_string}\"},\"query-input\":{\"@type\":\"PropertyValueSpecification\",\"valueRequired\":true,\"valueName\":\"search_term_string\"}}],\"inLanguage\":\"hr\"},{\"@type\":\"Organization\",\"@id\":\"https:\\\/\\\/clair.si\\\/#organization\",\"name\":\"Clair\",\"url\":\"https:\\\/\\\/clair.si\\\/\",\"logo\":{\"@type\":\"ImageObject\",\"inLanguage\":\"hr\",\"@id\":\"https:\\\/\\\/clair.si\\\/#\\\/schema\\\/logo\\\/image\\\/\",\"url\":\"https:\\\/\\\/clair.si\\\/wp-content\\\/uploads\\\/2022\\\/11\\\/clair_logo_2022.jpg\",\"contentUrl\":\"https:\\\/\\\/clair.si\\\/wp-content\\\/uploads\\\/2022\\\/11\\\/clair_logo_2022.jpg\",\"width\":1920,\"height\":1920,\"caption\":\"Clair\"},\"image\":{\"@id\":\"https:\\\/\\\/clair.si\\\/#\\\/schema\\\/logo\\\/image\\\/\"},\"sameAs\":[\"https:\\\/\\\/www.facebook.com\\\/TrgovinaClair\\\/\"]}]}<\/script>\n<!-- \/ Yoast SEO plugin. -->","yoast_head_json":{"title":"Zimske jaha\u0107e rukavice Roeckl Roeck Grip Winter - Clair","description":"Zimske jaha\u0107e rukavice Roeckl Roeck Grip Winter - model ROECK-GRIP WINTER, koji je razvio ROECKL SPORTS, neizostavna je zimska rukavica s odli\u010dnim","robots":{"index":"index","follow":"follow","max-snippet":"max-snippet:-1","max-image-preview":"max-image-preview:large","max-video-preview":"max-video-preview:-1"},"canonical":"https:\/\/clair.si\/hr\/izdelek\/zimske-jahace-rukavice-roeckl-roeck-grip-winter\/","og_locale":"hr_HR","og_type":"article","og_title":"Zimske jaha\u0107e rukavice Roeckl Roeck Grip Winter - Clair","og_description":"Zimske jaha\u0107e rukavice Roeckl Roeck Grip Winter - model ROECK-GRIP WINTER, koji je razvio ROECKL SPORTS, neizostavna je zimska rukavica s odli\u010dnim","og_url":"https:\/\/clair.si\/hr\/izdelek\/zimske-jahace-rukavice-roeckl-roeck-grip-winter\/","og_site_name":"Clair","article_publisher":"https:\/\/www.facebook.com\/TrgovinaClair\/","article_modified_time":"2026-02-11T13:11:06+00:00","og_image":[{"width":1400,"height":1400,"url":"https:\/\/clair.si\/wp-content\/uploads\/2023\/11\/roeckl-roeck-grip-winter-zimske-jahalne-rokavice-trgovina-clair-z-jahalno-in-konjenisko-opremo-jpg.webp","type":"image\/jpeg"}],"twitter_card":"summary_large_image","twitter_misc":{"Procijenjeno vrijeme \u010ditanja":"1 minuta"},"schema":{"@context":"https:\/\/schema.org","@graph":[{"@type":"WebPage","@id":"https:\/\/clair.si\/hr\/izdelek\/zimske-jahace-rukavice-roeckl-roeck-grip-winter\/","url":"https:\/\/clair.si\/hr\/izdelek\/zimske-jahace-rukavice-roeckl-roeck-grip-winter\/","name":"Zimske jaha\u0107e rukavice Roeckl Roeck Grip Winter - Clair","isPartOf":{"@id":"https:\/\/clair.si\/#website"},"primaryImageOfPage":{"@id":"https:\/\/clair.si\/hr\/izdelek\/zimske-jahace-rukavice-roeckl-roeck-grip-winter\/#primaryimage"},"image":{"@id":"https:\/\/clair.si\/hr\/izdelek\/zimske-jahace-rukavice-roeckl-roeck-grip-winter\/#primaryimage"},"thumbnailUrl":"https:\/\/clair.si\/wp-content\/uploads\/2023\/11\/roeckl-roeck-grip-winter-zimske-jahalne-rokavice-trgovina-clair-z-jahalno-in-konjenisko-opremo-jpg.webp","datePublished":"2023-11-02T10:23:31+00:00","dateModified":"2026-02-11T13:11:06+00:00","description":"Zimske jaha\u0107e rukavice Roeckl Roeck Grip Winter - model ROECK-GRIP WINTER, koji je razvio ROECKL SPORTS, neizostavna je zimska rukavica s odli\u010dnim","breadcrumb":{"@id":"https:\/\/clair.si\/hr\/izdelek\/zimske-jahace-rukavice-roeckl-roeck-grip-winter\/#breadcrumb"},"inLanguage":"hr","potentialAction":[{"@type":"ReadAction","target":["https:\/\/clair.si\/hr\/izdelek\/zimske-jahace-rukavice-roeckl-roeck-grip-winter\/"]}]},{"@type":"ImageObject","inLanguage":"hr","@id":"https:\/\/clair.si\/hr\/izdelek\/zimske-jahace-rukavice-roeckl-roeck-grip-winter\/#primaryimage","url":"https:\/\/clair.si\/wp-content\/uploads\/2023\/11\/roeckl-roeck-grip-winter-zimske-jahalne-rokavice-trgovina-clair-z-jahalno-in-konjenisko-opremo-jpg.webp","contentUrl":"https:\/\/clair.si\/wp-content\/uploads\/2023\/11\/roeckl-roeck-grip-winter-zimske-jahalne-rokavice-trgovina-clair-z-jahalno-in-konjenisko-opremo-jpg.webp","width":1400,"height":1400},{"@type":"BreadcrumbList","@id":"https:\/\/clair.si\/hr\/izdelek\/zimske-jahace-rukavice-roeckl-roeck-grip-winter\/#breadcrumb","itemListElement":[{"@type":"ListItem","position":1,"name":"Home","item":"https:\/\/clair.si\/hr\/"},{"@type":"ListItem","position":2,"name":"Trgovina","item":"https:\/\/clair.si\/trgovina\/"},{"@type":"ListItem","position":3,"name":"Zimske jaha\u0107e rukavice Roeckl Roeck Grip Winter"}]},{"@type":"WebSite","@id":"https:\/\/clair.si\/#website","url":"https:\/\/clair.si\/","name":"Clair","description":"Trgovina s konjeni\u0161ko opremo","publisher":{"@id":"https:\/\/clair.si\/#organization"},"potentialAction":[{"@type":"SearchAction","target":{"@type":"EntryPoint","urlTemplate":"https:\/\/clair.si\/?s={search_term_string}"},"query-input":{"@type":"PropertyValueSpecification","valueRequired":true,"valueName":"search_term_string"}}],"inLanguage":"hr"},{"@type":"Organization","@id":"https:\/\/clair.si\/#organization","name":"Clair","url":"https:\/\/clair.si\/","logo":{"@type":"ImageObject","inLanguage":"hr","@id":"https:\/\/clair.si\/#\/schema\/logo\/image\/","url":"https:\/\/clair.si\/wp-content\/uploads\/2022\/11\/clair_logo_2022.jpg","contentUrl":"https:\/\/clair.si\/wp-content\/uploads\/2022\/11\/clair_logo_2022.jpg","width":1920,"height":1920,"caption":"Clair"},"image":{"@id":"https:\/\/clair.si\/#\/schema\/logo\/image\/"},"sameAs":["https:\/\/www.facebook.com\/TrgovinaClair\/"]}]}},"_links":{"self":[{"href":"https:\/\/clair.si\/hr\/wp-json\/wp\/v2\/product\/97247","targetHints":{"allow":["GET"]}}],"collection":[{"href":"https:\/\/clair.si\/hr\/wp-json\/wp\/v2\/product"}],"about":[{"href":"https:\/\/clair.si\/hr\/wp-json\/wp\/v2\/types\/product"}],"version-history":[{"count":1,"href":"https:\/\/clair.si\/hr\/wp-json\/wp\/v2\/product\/97247\/revisions"}],"predecessor-version":[{"id":130265,"href":"https:\/\/clair.si\/hr\/wp-json\/wp\/v2\/product\/97247\/revisions\/130265"}],"wp:featuredmedia":[{"embeddable":true,"href":"https:\/\/clair.si\/hr\/wp-json\/wp\/v2\/media\/93945"}],"wp:attachment":[{"href":"https:\/\/clair.si\/hr\/wp-json\/wp\/v2\/media?parent=97247"}],"wp:term":[{"taxonomy":"product_brand","embeddable":true,"href":"https:\/\/clair.si\/hr\/wp-json\/wp\/v2\/product_brand?post=97247"},{"taxonomy":"product_cat","embeddable":true,"href":"https:\/\/clair.si\/hr\/wp-json\/wp\/v2\/product_cat?post=97247"},{"taxonomy":"product_tag","embeddable":true,"href":"https:\/\/clair.si\/hr\/wp-json\/wp\/v2\/product_tag?post=97247"}],"curies":[{"name":"wp","href":"https:\/\/api.w.org\/{rel}","templated":true}]}}