{"id":97265,"date":"2023-11-02T13:45:40","date_gmt":"2023-11-02T12:45:40","guid":{"rendered":"https:\/\/clair.si\/izdelek\/usne-kapice-kavalkade-crystal\/"},"modified":"2025-09-29T19:56:08","modified_gmt":"2025-09-29T17:56:08","slug":"kapica-kavalkade-crystal","status":"publish","type":"product","link":"https:\/\/clair.si\/hr\/izdelek\/kapica-kavalkade-crystal\/","title":{"rendered":"Kavalkade Crystal nau\u0161nici"},"content":{"rendered":"<p><strong>Kavalkade Crystal nau\u0161nici<\/strong> &#8211; e<span class=\"HwtZe\" lang=\"sl\"><span class=\"jCAhz ChMk0b\"><span class=\"ryNqvb\">legantni nau\u0161nici za konja s kristalima.<\/span><\/span> <span class=\"jCAhz ChMk0b\"><span class=\"ryNqvb\">Izra\u0111eni od pamuka (u\u0161i od poliestera), heklani.<\/span><\/span><\/span><\/p>\n<p>Sastav: 90% pamuk, 10% poliester<\/p>\n","protected":false},"excerpt":{"rendered":"<p>Kavalkade Crystal nau\u0161nici &#8211; elegantni nau\u0161nici za konja s kristalima. Izra\u0111eni od pamuka (u\u0161i od poliestera), heklani. Sastav: 90% pamuk,<\/p>\n","protected":false},"featured_media":97268,"template":"","meta":{"footnotes":""},"product_brand":[],"product_cat":[5750,5624,5726],"product_tag":[],"class_list":{"0":"post-97265","1":"product","2":"type-product","3":"status-publish","4":"has-post-thumbnail","6":"product_cat-kapica","7":"product_cat-konj-hr","8":"product_cat-podsedlice-i-kapice-za-usi","10":"first","11":"instock","12":"sale","13":"shipping-taxable","14":"purchasable","15":"product-type-variable"},"yoast_head":"<!-- This site is optimized with the Yoast SEO plugin v27.4 - https:\/\/yoast.com\/product\/yoast-seo-wordpress\/ -->\n<title>Kavalkade Crystal nau\u0161nici - Clair<\/title>\n<meta name=\"description\" content=\"Kavalkade Crystal nau\u0161nici - elegantni nau\u0161nici za konja s kristalima. Izra\u0111eni od pamuka (u\u0161i od poliestera), heklani.   Sastav: 90% pamuk, 10% poliester\" \/>\n<meta name=\"robots\" content=\"index, follow, max-snippet:-1, max-image-preview:large, max-video-preview:-1\" \/>\n<link rel=\"canonical\" href=\"https:\/\/clair.si\/hr\/izdelek\/kapica-kavalkade-crystal\/\" \/>\n<meta property=\"og:locale\" content=\"hr_HR\" \/>\n<meta property=\"og:type\" content=\"article\" \/>\n<meta property=\"og:title\" content=\"Kavalkade Crystal nau\u0161nici - Clair\" \/>\n<meta property=\"og:description\" content=\"Kavalkade Crystal nau\u0161nici - elegantni nau\u0161nici za konja s kristalima. Izra\u0111eni od pamuka (u\u0161i od poliestera), heklani.   Sastav: 90% pamuk, 10% poliester\" \/>\n<meta property=\"og:url\" content=\"https:\/\/clair.si\/hr\/izdelek\/kapica-kavalkade-crystal\/\" \/>\n<meta property=\"og:site_name\" content=\"Clair\" \/>\n<meta property=\"article:publisher\" content=\"https:\/\/www.facebook.com\/TrgovinaClair\/\" \/>\n<meta property=\"article:modified_time\" content=\"2025-09-29T17:56:08+00:00\" \/>\n<meta property=\"og:image\" content=\"https:\/\/clair.si\/wp-content\/uploads\/2023\/11\/Nausniki-Kavalkade-Crystal-crni.jpg\" \/>\n\t<meta property=\"og:image:width\" content=\"800\" \/>\n\t<meta property=\"og:image:height\" content=\"800\" \/>\n\t<meta property=\"og:image:type\" content=\"image\/jpeg\" \/>\n<meta name=\"twitter:card\" content=\"summary_large_image\" \/>\n<meta name=\"twitter:label1\" content=\"Procijenjeno vrijeme \u010ditanja\" \/>\n\t<meta name=\"twitter:data1\" content=\"1 minuta\" \/>\n<script type=\"application\/ld+json\" class=\"yoast-schema-graph\">{\"@context\":\"https:\\\/\\\/schema.org\",\"@graph\":[{\"@type\":\"WebPage\",\"@id\":\"https:\\\/\\\/clair.si\\\/hr\\\/izdelek\\\/kapica-kavalkade-crystal\\\/\",\"url\":\"https:\\\/\\\/clair.si\\\/hr\\\/izdelek\\\/kapica-kavalkade-crystal\\\/\",\"name\":\"Kavalkade Crystal nau\u0161nici - Clair\",\"isPartOf\":{\"@id\":\"https:\\\/\\\/clair.si\\\/#website\"},\"primaryImageOfPage\":{\"@id\":\"https:\\\/\\\/clair.si\\\/hr\\\/izdelek\\\/kapica-kavalkade-crystal\\\/#primaryimage\"},\"image\":{\"@id\":\"https:\\\/\\\/clair.si\\\/hr\\\/izdelek\\\/kapica-kavalkade-crystal\\\/#primaryimage\"},\"thumbnailUrl\":\"https:\\\/\\\/clair.si\\\/wp-content\\\/uploads\\\/2023\\\/11\\\/Nausniki-Kavalkade-Crystal-crni.webp\",\"datePublished\":\"2023-11-02T12:45:40+00:00\",\"dateModified\":\"2025-09-29T17:56:08+00:00\",\"description\":\"Kavalkade Crystal nau\u0161nici - elegantni nau\u0161nici za konja s kristalima. Izra\u0111eni od pamuka (u\u0161i od poliestera), heklani. Sastav: 90% pamuk, 10% poliester\",\"breadcrumb\":{\"@id\":\"https:\\\/\\\/clair.si\\\/hr\\\/izdelek\\\/kapica-kavalkade-crystal\\\/#breadcrumb\"},\"inLanguage\":\"hr\",\"potentialAction\":[{\"@type\":\"ReadAction\",\"target\":[\"https:\\\/\\\/clair.si\\\/hr\\\/izdelek\\\/kapica-kavalkade-crystal\\\/\"]}]},{\"@type\":\"ImageObject\",\"inLanguage\":\"hr\",\"@id\":\"https:\\\/\\\/clair.si\\\/hr\\\/izdelek\\\/kapica-kavalkade-crystal\\\/#primaryimage\",\"url\":\"https:\\\/\\\/clair.si\\\/wp-content\\\/uploads\\\/2023\\\/11\\\/Nausniki-Kavalkade-Crystal-crni.webp\",\"contentUrl\":\"https:\\\/\\\/clair.si\\\/wp-content\\\/uploads\\\/2023\\\/11\\\/Nausniki-Kavalkade-Crystal-crni.webp\",\"width\":800,\"height\":800},{\"@type\":\"BreadcrumbList\",\"@id\":\"https:\\\/\\\/clair.si\\\/hr\\\/izdelek\\\/kapica-kavalkade-crystal\\\/#breadcrumb\",\"itemListElement\":[{\"@type\":\"ListItem\",\"position\":1,\"name\":\"Home\",\"item\":\"https:\\\/\\\/clair.si\\\/hr\\\/\"},{\"@type\":\"ListItem\",\"position\":2,\"name\":\"Trgovina\",\"item\":\"https:\\\/\\\/clair.si\\\/trgovina\\\/\"},{\"@type\":\"ListItem\",\"position\":3,\"name\":\"Kavalkade Crystal nau\u0161nici\"}]},{\"@type\":\"WebSite\",\"@id\":\"https:\\\/\\\/clair.si\\\/#website\",\"url\":\"https:\\\/\\\/clair.si\\\/\",\"name\":\"Clair\",\"description\":\"Trgovina s konjeni\u0161ko opremo\",\"publisher\":{\"@id\":\"https:\\\/\\\/clair.si\\\/#organization\"},\"potentialAction\":[{\"@type\":\"SearchAction\",\"target\":{\"@type\":\"EntryPoint\",\"urlTemplate\":\"https:\\\/\\\/clair.si\\\/?s={search_term_string}\"},\"query-input\":{\"@type\":\"PropertyValueSpecification\",\"valueRequired\":true,\"valueName\":\"search_term_string\"}}],\"inLanguage\":\"hr\"},{\"@type\":\"Organization\",\"@id\":\"https:\\\/\\\/clair.si\\\/#organization\",\"name\":\"Clair\",\"url\":\"https:\\\/\\\/clair.si\\\/\",\"logo\":{\"@type\":\"ImageObject\",\"inLanguage\":\"hr\",\"@id\":\"https:\\\/\\\/clair.si\\\/#\\\/schema\\\/logo\\\/image\\\/\",\"url\":\"https:\\\/\\\/clair.si\\\/wp-content\\\/uploads\\\/2022\\\/11\\\/clair_logo_2022.jpg\",\"contentUrl\":\"https:\\\/\\\/clair.si\\\/wp-content\\\/uploads\\\/2022\\\/11\\\/clair_logo_2022.jpg\",\"width\":1920,\"height\":1920,\"caption\":\"Clair\"},\"image\":{\"@id\":\"https:\\\/\\\/clair.si\\\/#\\\/schema\\\/logo\\\/image\\\/\"},\"sameAs\":[\"https:\\\/\\\/www.facebook.com\\\/TrgovinaClair\\\/\"]}]}<\/script>\n<!-- \/ Yoast SEO plugin. -->","yoast_head_json":{"title":"Kavalkade Crystal nau\u0161nici - Clair","description":"Kavalkade Crystal nau\u0161nici - elegantni nau\u0161nici za konja s kristalima. Izra\u0111eni od pamuka (u\u0161i od poliestera), heklani.   Sastav: 90% pamuk, 10% poliester","robots":{"index":"index","follow":"follow","max-snippet":"max-snippet:-1","max-image-preview":"max-image-preview:large","max-video-preview":"max-video-preview:-1"},"canonical":"https:\/\/clair.si\/hr\/izdelek\/kapica-kavalkade-crystal\/","og_locale":"hr_HR","og_type":"article","og_title":"Kavalkade Crystal nau\u0161nici - Clair","og_description":"Kavalkade Crystal nau\u0161nici - elegantni nau\u0161nici za konja s kristalima. Izra\u0111eni od pamuka (u\u0161i od poliestera), heklani.   Sastav: 90% pamuk, 10% poliester","og_url":"https:\/\/clair.si\/hr\/izdelek\/kapica-kavalkade-crystal\/","og_site_name":"Clair","article_publisher":"https:\/\/www.facebook.com\/TrgovinaClair\/","article_modified_time":"2025-09-29T17:56:08+00:00","og_image":[{"width":800,"height":800,"url":"https:\/\/clair.si\/wp-content\/uploads\/2023\/11\/Nausniki-Kavalkade-Crystal-crni.jpg","type":"image\/jpeg"}],"twitter_card":"summary_large_image","twitter_misc":{"Procijenjeno vrijeme \u010ditanja":"1 minuta"},"schema":{"@context":"https:\/\/schema.org","@graph":[{"@type":"WebPage","@id":"https:\/\/clair.si\/hr\/izdelek\/kapica-kavalkade-crystal\/","url":"https:\/\/clair.si\/hr\/izdelek\/kapica-kavalkade-crystal\/","name":"Kavalkade Crystal nau\u0161nici - Clair","isPartOf":{"@id":"https:\/\/clair.si\/#website"},"primaryImageOfPage":{"@id":"https:\/\/clair.si\/hr\/izdelek\/kapica-kavalkade-crystal\/#primaryimage"},"image":{"@id":"https:\/\/clair.si\/hr\/izdelek\/kapica-kavalkade-crystal\/#primaryimage"},"thumbnailUrl":"https:\/\/clair.si\/wp-content\/uploads\/2023\/11\/Nausniki-Kavalkade-Crystal-crni.webp","datePublished":"2023-11-02T12:45:40+00:00","dateModified":"2025-09-29T17:56:08+00:00","description":"Kavalkade Crystal nau\u0161nici - elegantni nau\u0161nici za konja s kristalima. Izra\u0111eni od pamuka (u\u0161i od poliestera), heklani. Sastav: 90% pamuk, 10% poliester","breadcrumb":{"@id":"https:\/\/clair.si\/hr\/izdelek\/kapica-kavalkade-crystal\/#breadcrumb"},"inLanguage":"hr","potentialAction":[{"@type":"ReadAction","target":["https:\/\/clair.si\/hr\/izdelek\/kapica-kavalkade-crystal\/"]}]},{"@type":"ImageObject","inLanguage":"hr","@id":"https:\/\/clair.si\/hr\/izdelek\/kapica-kavalkade-crystal\/#primaryimage","url":"https:\/\/clair.si\/wp-content\/uploads\/2023\/11\/Nausniki-Kavalkade-Crystal-crni.webp","contentUrl":"https:\/\/clair.si\/wp-content\/uploads\/2023\/11\/Nausniki-Kavalkade-Crystal-crni.webp","width":800,"height":800},{"@type":"BreadcrumbList","@id":"https:\/\/clair.si\/hr\/izdelek\/kapica-kavalkade-crystal\/#breadcrumb","itemListElement":[{"@type":"ListItem","position":1,"name":"Home","item":"https:\/\/clair.si\/hr\/"},{"@type":"ListItem","position":2,"name":"Trgovina","item":"https:\/\/clair.si\/trgovina\/"},{"@type":"ListItem","position":3,"name":"Kavalkade Crystal nau\u0161nici"}]},{"@type":"WebSite","@id":"https:\/\/clair.si\/#website","url":"https:\/\/clair.si\/","name":"Clair","description":"Trgovina s konjeni\u0161ko opremo","publisher":{"@id":"https:\/\/clair.si\/#organization"},"potentialAction":[{"@type":"SearchAction","target":{"@type":"EntryPoint","urlTemplate":"https:\/\/clair.si\/?s={search_term_string}"},"query-input":{"@type":"PropertyValueSpecification","valueRequired":true,"valueName":"search_term_string"}}],"inLanguage":"hr"},{"@type":"Organization","@id":"https:\/\/clair.si\/#organization","name":"Clair","url":"https:\/\/clair.si\/","logo":{"@type":"ImageObject","inLanguage":"hr","@id":"https:\/\/clair.si\/#\/schema\/logo\/image\/","url":"https:\/\/clair.si\/wp-content\/uploads\/2022\/11\/clair_logo_2022.jpg","contentUrl":"https:\/\/clair.si\/wp-content\/uploads\/2022\/11\/clair_logo_2022.jpg","width":1920,"height":1920,"caption":"Clair"},"image":{"@id":"https:\/\/clair.si\/#\/schema\/logo\/image\/"},"sameAs":["https:\/\/www.facebook.com\/TrgovinaClair\/"]}]}},"_links":{"self":[{"href":"https:\/\/clair.si\/hr\/wp-json\/wp\/v2\/product\/97265","targetHints":{"allow":["GET"]}}],"collection":[{"href":"https:\/\/clair.si\/hr\/wp-json\/wp\/v2\/product"}],"about":[{"href":"https:\/\/clair.si\/hr\/wp-json\/wp\/v2\/types\/product"}],"version-history":[{"count":4,"href":"https:\/\/clair.si\/hr\/wp-json\/wp\/v2\/product\/97265\/revisions"}],"predecessor-version":[{"id":115332,"href":"https:\/\/clair.si\/hr\/wp-json\/wp\/v2\/product\/97265\/revisions\/115332"}],"wp:featuredmedia":[{"embeddable":true,"href":"https:\/\/clair.si\/hr\/wp-json\/wp\/v2\/media\/97268"}],"wp:attachment":[{"href":"https:\/\/clair.si\/hr\/wp-json\/wp\/v2\/media?parent=97265"}],"wp:term":[{"taxonomy":"product_brand","embeddable":true,"href":"https:\/\/clair.si\/hr\/wp-json\/wp\/v2\/product_brand?post=97265"},{"taxonomy":"product_cat","embeddable":true,"href":"https:\/\/clair.si\/hr\/wp-json\/wp\/v2\/product_cat?post=97265"},{"taxonomy":"product_tag","embeddable":true,"href":"https:\/\/clair.si\/hr\/wp-json\/wp\/v2\/product_tag?post=97265"}],"curies":[{"name":"wp","href":"https:\/\/api.w.org\/{rel}","templated":true}]}}