{"id":97273,"date":"2023-11-03T12:16:34","date_gmt":"2023-11-03T11:16:34","guid":{"rendered":"https:\/\/clair.si\/izdelek\/pohodna-gumena-podloga-za-staje-granuflex-3cm\/"},"modified":"2026-01-01T10:59:51","modified_gmt":"2026-01-01T09:59:51","slug":"pohodna-gumena-podloga-za-staje-granuflex-3cm","status":"publish","type":"product","link":"https:\/\/clair.si\/hr\/izdelek\/pohodna-gumena-podloga-za-staje-granuflex-3cm\/","title":{"rendered":"Podna guma za staje Granuflex 3cm"},"content":{"rendered":"<p><span class=\"HwtZe\" lang=\"sl\"><span class=\"jCAhz ChMk0b\"><span class=\"ryNqvb\"><strong>Podna guma za staje Granuflex<\/strong>, otporna na habanje i propusna za vlagu, dizajnirana posebno za konjske<\/span><\/span> <span class=\"jCAhz ChMk0b\"><span class=\"ryNqvb\">staje, suhe ograde, \u0161etnice i prostore za pranje konja. Izra\u0111ena je od visokokvalitetnog recikliranog  <\/span><\/span><span class=\"jCAhz ChMk0b\"><span class=\"ryNqvb\">gumijastog granulata. Te gume konjima <\/span><\/span><span class=\"jCAhz ChMk0b\"><span class=\"ryNqvb\"> omogu\u0107uju sigurne podne i le\u017ee\u0107e povr\u0161ine<\/span><\/span><span class=\"jCAhz ChMk0b\"><span class=\"ryNqvb\">. Granuflex\u00ae gume su protuklizne i blago elasti\u010dne.<\/span><\/span><\/span><\/p>\n<p><span class=\"HwtZe\" lang=\"sl\"><span class=\"jCAhz ChMk0b\"><span class=\"ryNqvb\">S<\/span><\/span><span class=\"jCAhz ChMk0b\"><span class=\"ryNqvb\">pre\u010davaju da konji skliznu na mokrim povr\u0161inama, imaju dobru drena\u017eu na donjoj strani, \u0161to je klju\u010dno u boksovima i u prostorima za pranje konja.<\/span><\/span> Podna guma za staje Granuflex, debljine 3 cm <span class=\"jCAhz ChMk0b\"><span class=\"ryNqvb\">posebno je razvijena za brzo odvodnjavanje vode i nudi odli\u010dan<\/span><\/span> pod, koji ne klizi. Guma je v<span class=\"jCAhz ChMk0b\"><span class=\"ryNqvb\">remenski i temperaturno otporna i nudi savr\u0161eno rje\u0161enje kako za unutarnju tako i za vanjsku upotrebu<\/span><\/span>. <\/span><\/p>\n<p>Podna guma za staje Granuflex, debljine 3 cm:<\/p>\n<ul>\n<li>Djeluje protuklizno, \u010dak i na mokrim povr\u0161inama<\/li>\n<li>Prikladna za unutarnju i vanjsku upotrebu (boksovi, podne povr\u0161ine, hodnici&#8230;)<\/li>\n<li>Optimalna drena\u017ea<\/li>\n<li>Otporna na urin<\/li>\n<li>Vrlo izdr\u017eljiva<\/li>\n<li>Ravna na podnoj strani i rebrasta ispod<\/li>\n<li><span class=\"HwtZe\" lang=\"sl\"><span class=\"jCAhz ChMk0b\"><span class=\"ryNqvb\">Toplinska provodljivost:<\/span><\/span> <span class=\"jCAhz ChMk0b\"><span class=\"ryNqvb\">0,14 W.m2K<\/span><\/span><\/span><\/li>\n<li>Temperaturna dopustivost:<span class=\"HwtZe\" lang=\"sl\"><span class=\"jCAhz ChMk0b\"><span class=\"ryNqvb\"> -40\u2070C \/ +80\u2070C<\/span><\/span><\/span><\/li>\n<li>Dimenzije: 100 cm x 100 cm<\/li>\n<li>Debljina: 3 cm<\/li>\n<li class=\"lRu31\"><span class=\"HwtZe\" lang=\"sl\"><span class=\"jCAhz ChMk0b\"><span class=\"ryNqvb\">Sigurnost:<\/span><\/span> <span class=\"jCAhz ChMk0b\"><span class=\"ryNqvb\">Smanjuje opasnost od klizanja i rastere\u0107uje to\u010dkasta optere\u0107enja zglobova<\/span><\/span><\/span><\/li>\n<li class=\"lRu31\"><span class=\"HwtZe\" lang=\"sl\"> <span class=\"jCAhz ChMk0b\"><span class=\"ryNqvb\">Udobnost: Poma\u017ee konjima da njihov korak bude sigurniji<\/span><\/span><\/span><\/li>\n<li class=\"lRu31\"><span class=\"HwtZe\" lang=\"sl\">S<span class=\"jCAhz ChMk0b\"><span class=\"ryNqvb\">tvara mirnu atmosferu zbog zvu\u010dnog prigu\u0161nog u\u010dinka gume<\/span><\/span> <\/span><span class=\"HwtZe\" lang=\"sl\"> <\/span><\/li>\n<li class=\"lRu31\"><span class=\"HwtZe\" lang=\"sl\"><span class=\"jCAhz ChMk0b\"><span class=\"ryNqvb\">Ekolo\u0161ki prihvatljiv proizvod, 100% recikliran materijal<\/span><\/span><\/span><\/li>\n<\/ul>\n","protected":false},"excerpt":{"rendered":"<p>Podna guma za staje Granuflex, otporna na habanje i propusna za vlagu, dizajnirana posebno za konjske staje, suhe ograde, \u0161etnice<\/p>\n","protected":false},"featured_media":97277,"template":"","meta":{"footnotes":""},"product_brand":[],"product_cat":[5756,6322,5627],"product_tag":[],"class_list":{"0":"post-97273","1":"product","2":"type-product","3":"status-publish","4":"has-post-thumbnail","6":"product_cat-dodaci-za-stalu","7":"product_cat-podloga","8":"product_cat-stala-i-pasnjak","10":"first","11":"instock","12":"sale","13":"shipping-taxable","14":"purchasable","15":"product-type-simple"},"yoast_head":"<!-- This site is optimized with the Yoast SEO plugin v27.3 - https:\/\/yoast.com\/product\/yoast-seo-wordpress\/ -->\n<title>Podna guma za staje Granuflex 3cm - Clair<\/title>\n<meta name=\"description\" content=\"Podna guma za staje Granuflex, otporna na habanje i propusna za vlagu, dizajnirana posebno za konjske staje, suhe ograde, \u0161etnice i prostore za pranje\" \/>\n<meta name=\"robots\" content=\"index, follow, max-snippet:-1, max-image-preview:large, max-video-preview:-1\" \/>\n<link rel=\"canonical\" href=\"https:\/\/clair.si\/hr\/izdelek\/pohodna-gumena-podloga-za-staje-granuflex-3cm\/\" \/>\n<meta property=\"og:locale\" content=\"hr_HR\" \/>\n<meta property=\"og:type\" content=\"article\" \/>\n<meta property=\"og:title\" content=\"Podna guma za staje Granuflex 3cm - Clair\" \/>\n<meta property=\"og:description\" content=\"Podna guma za staje Granuflex, otporna na habanje i propusna za vlagu, dizajnirana posebno za konjske staje, suhe ograde, \u0161etnice i prostore za pranje\" \/>\n<meta property=\"og:url\" content=\"https:\/\/clair.si\/hr\/izdelek\/pohodna-gumena-podloga-za-staje-granuflex-3cm\/\" \/>\n<meta property=\"og:site_name\" content=\"Clair\" \/>\n<meta property=\"article:publisher\" content=\"https:\/\/www.facebook.com\/TrgovinaClair\/\" \/>\n<meta property=\"article:modified_time\" content=\"2026-01-01T09:59:51+00:00\" \/>\n<meta property=\"og:image\" content=\"https:\/\/clair.si\/wp-content\/uploads\/2022\/07\/hlevska-pohodna-guma-Granuflex.jpg.webp\" \/>\n\t<meta property=\"og:image:width\" content=\"532\" \/>\n\t<meta property=\"og:image:height\" content=\"532\" \/>\n\t<meta property=\"og:image:type\" content=\"image\/webp\" \/>\n<meta name=\"twitter:card\" content=\"summary_large_image\" \/>\n<meta name=\"twitter:label1\" content=\"Procijenjeno vrijeme \u010ditanja\" \/>\n\t<meta name=\"twitter:data1\" content=\"1 minuta\" \/>\n<script type=\"application\/ld+json\" class=\"yoast-schema-graph\">{\"@context\":\"https:\\\/\\\/schema.org\",\"@graph\":[{\"@type\":\"WebPage\",\"@id\":\"https:\\\/\\\/clair.si\\\/hr\\\/izdelek\\\/pohodna-gumena-podloga-za-staje-granuflex-3cm\\\/\",\"url\":\"https:\\\/\\\/clair.si\\\/hr\\\/izdelek\\\/pohodna-gumena-podloga-za-staje-granuflex-3cm\\\/\",\"name\":\"Podna guma za staje Granuflex 3cm - Clair\",\"isPartOf\":{\"@id\":\"https:\\\/\\\/clair.si\\\/#website\"},\"primaryImageOfPage\":{\"@id\":\"https:\\\/\\\/clair.si\\\/hr\\\/izdelek\\\/pohodna-gumena-podloga-za-staje-granuflex-3cm\\\/#primaryimage\"},\"image\":{\"@id\":\"https:\\\/\\\/clair.si\\\/hr\\\/izdelek\\\/pohodna-gumena-podloga-za-staje-granuflex-3cm\\\/#primaryimage\"},\"thumbnailUrl\":\"https:\\\/\\\/clair.si\\\/wp-content\\\/uploads\\\/2022\\\/07\\\/hlevska-pohodna-guma-Granuflex.jpg.webp\",\"datePublished\":\"2023-11-03T11:16:34+00:00\",\"dateModified\":\"2026-01-01T09:59:51+00:00\",\"description\":\"Podna guma za staje Granuflex, otporna na habanje i propusna za vlagu, dizajnirana posebno za konjske staje, suhe ograde, \u0161etnice i prostore za pranje\",\"breadcrumb\":{\"@id\":\"https:\\\/\\\/clair.si\\\/hr\\\/izdelek\\\/pohodna-gumena-podloga-za-staje-granuflex-3cm\\\/#breadcrumb\"},\"inLanguage\":\"hr\",\"potentialAction\":[{\"@type\":\"ReadAction\",\"target\":[\"https:\\\/\\\/clair.si\\\/hr\\\/izdelek\\\/pohodna-gumena-podloga-za-staje-granuflex-3cm\\\/\"]}]},{\"@type\":\"ImageObject\",\"inLanguage\":\"hr\",\"@id\":\"https:\\\/\\\/clair.si\\\/hr\\\/izdelek\\\/pohodna-gumena-podloga-za-staje-granuflex-3cm\\\/#primaryimage\",\"url\":\"https:\\\/\\\/clair.si\\\/wp-content\\\/uploads\\\/2022\\\/07\\\/hlevska-pohodna-guma-Granuflex.jpg.webp\",\"contentUrl\":\"https:\\\/\\\/clair.si\\\/wp-content\\\/uploads\\\/2022\\\/07\\\/hlevska-pohodna-guma-Granuflex.jpg.webp\",\"width\":532,\"height\":532,\"caption\":\"Hlevska guma\"},{\"@type\":\"BreadcrumbList\",\"@id\":\"https:\\\/\\\/clair.si\\\/hr\\\/izdelek\\\/pohodna-gumena-podloga-za-staje-granuflex-3cm\\\/#breadcrumb\",\"itemListElement\":[{\"@type\":\"ListItem\",\"position\":1,\"name\":\"Home\",\"item\":\"https:\\\/\\\/clair.si\\\/hr\\\/\"},{\"@type\":\"ListItem\",\"position\":2,\"name\":\"Trgovina\",\"item\":\"https:\\\/\\\/clair.si\\\/trgovina\\\/\"},{\"@type\":\"ListItem\",\"position\":3,\"name\":\"Podna guma za staje Granuflex 3cm\"}]},{\"@type\":\"WebSite\",\"@id\":\"https:\\\/\\\/clair.si\\\/#website\",\"url\":\"https:\\\/\\\/clair.si\\\/\",\"name\":\"Clair\",\"description\":\"Trgovina s konjeni\u0161ko opremo\",\"publisher\":{\"@id\":\"https:\\\/\\\/clair.si\\\/#organization\"},\"potentialAction\":[{\"@type\":\"SearchAction\",\"target\":{\"@type\":\"EntryPoint\",\"urlTemplate\":\"https:\\\/\\\/clair.si\\\/?s={search_term_string}\"},\"query-input\":{\"@type\":\"PropertyValueSpecification\",\"valueRequired\":true,\"valueName\":\"search_term_string\"}}],\"inLanguage\":\"hr\"},{\"@type\":\"Organization\",\"@id\":\"https:\\\/\\\/clair.si\\\/#organization\",\"name\":\"Clair\",\"url\":\"https:\\\/\\\/clair.si\\\/\",\"logo\":{\"@type\":\"ImageObject\",\"inLanguage\":\"hr\",\"@id\":\"https:\\\/\\\/clair.si\\\/#\\\/schema\\\/logo\\\/image\\\/\",\"url\":\"https:\\\/\\\/clair.si\\\/wp-content\\\/uploads\\\/2022\\\/11\\\/clair_logo_2022.jpg\",\"contentUrl\":\"https:\\\/\\\/clair.si\\\/wp-content\\\/uploads\\\/2022\\\/11\\\/clair_logo_2022.jpg\",\"width\":1920,\"height\":1920,\"caption\":\"Clair\"},\"image\":{\"@id\":\"https:\\\/\\\/clair.si\\\/#\\\/schema\\\/logo\\\/image\\\/\"},\"sameAs\":[\"https:\\\/\\\/www.facebook.com\\\/TrgovinaClair\\\/\"]}]}<\/script>\n<!-- \/ Yoast SEO plugin. -->","yoast_head_json":{"title":"Podna guma za staje Granuflex 3cm - Clair","description":"Podna guma za staje Granuflex, otporna na habanje i propusna za vlagu, dizajnirana posebno za konjske staje, suhe ograde, \u0161etnice i prostore za pranje","robots":{"index":"index","follow":"follow","max-snippet":"max-snippet:-1","max-image-preview":"max-image-preview:large","max-video-preview":"max-video-preview:-1"},"canonical":"https:\/\/clair.si\/hr\/izdelek\/pohodna-gumena-podloga-za-staje-granuflex-3cm\/","og_locale":"hr_HR","og_type":"article","og_title":"Podna guma za staje Granuflex 3cm - Clair","og_description":"Podna guma za staje Granuflex, otporna na habanje i propusna za vlagu, dizajnirana posebno za konjske staje, suhe ograde, \u0161etnice i prostore za pranje","og_url":"https:\/\/clair.si\/hr\/izdelek\/pohodna-gumena-podloga-za-staje-granuflex-3cm\/","og_site_name":"Clair","article_publisher":"https:\/\/www.facebook.com\/TrgovinaClair\/","article_modified_time":"2026-01-01T09:59:51+00:00","og_image":[{"width":532,"height":532,"url":"https:\/\/clair.si\/wp-content\/uploads\/2022\/07\/hlevska-pohodna-guma-Granuflex.jpg.webp","type":"image\/webp"}],"twitter_card":"summary_large_image","twitter_misc":{"Procijenjeno vrijeme \u010ditanja":"1 minuta"},"schema":{"@context":"https:\/\/schema.org","@graph":[{"@type":"WebPage","@id":"https:\/\/clair.si\/hr\/izdelek\/pohodna-gumena-podloga-za-staje-granuflex-3cm\/","url":"https:\/\/clair.si\/hr\/izdelek\/pohodna-gumena-podloga-za-staje-granuflex-3cm\/","name":"Podna guma za staje Granuflex 3cm - Clair","isPartOf":{"@id":"https:\/\/clair.si\/#website"},"primaryImageOfPage":{"@id":"https:\/\/clair.si\/hr\/izdelek\/pohodna-gumena-podloga-za-staje-granuflex-3cm\/#primaryimage"},"image":{"@id":"https:\/\/clair.si\/hr\/izdelek\/pohodna-gumena-podloga-za-staje-granuflex-3cm\/#primaryimage"},"thumbnailUrl":"https:\/\/clair.si\/wp-content\/uploads\/2022\/07\/hlevska-pohodna-guma-Granuflex.jpg.webp","datePublished":"2023-11-03T11:16:34+00:00","dateModified":"2026-01-01T09:59:51+00:00","description":"Podna guma za staje Granuflex, otporna na habanje i propusna za vlagu, dizajnirana posebno za konjske staje, suhe ograde, \u0161etnice i prostore za pranje","breadcrumb":{"@id":"https:\/\/clair.si\/hr\/izdelek\/pohodna-gumena-podloga-za-staje-granuflex-3cm\/#breadcrumb"},"inLanguage":"hr","potentialAction":[{"@type":"ReadAction","target":["https:\/\/clair.si\/hr\/izdelek\/pohodna-gumena-podloga-za-staje-granuflex-3cm\/"]}]},{"@type":"ImageObject","inLanguage":"hr","@id":"https:\/\/clair.si\/hr\/izdelek\/pohodna-gumena-podloga-za-staje-granuflex-3cm\/#primaryimage","url":"https:\/\/clair.si\/wp-content\/uploads\/2022\/07\/hlevska-pohodna-guma-Granuflex.jpg.webp","contentUrl":"https:\/\/clair.si\/wp-content\/uploads\/2022\/07\/hlevska-pohodna-guma-Granuflex.jpg.webp","width":532,"height":532,"caption":"Hlevska guma"},{"@type":"BreadcrumbList","@id":"https:\/\/clair.si\/hr\/izdelek\/pohodna-gumena-podloga-za-staje-granuflex-3cm\/#breadcrumb","itemListElement":[{"@type":"ListItem","position":1,"name":"Home","item":"https:\/\/clair.si\/hr\/"},{"@type":"ListItem","position":2,"name":"Trgovina","item":"https:\/\/clair.si\/trgovina\/"},{"@type":"ListItem","position":3,"name":"Podna guma za staje Granuflex 3cm"}]},{"@type":"WebSite","@id":"https:\/\/clair.si\/#website","url":"https:\/\/clair.si\/","name":"Clair","description":"Trgovina s konjeni\u0161ko opremo","publisher":{"@id":"https:\/\/clair.si\/#organization"},"potentialAction":[{"@type":"SearchAction","target":{"@type":"EntryPoint","urlTemplate":"https:\/\/clair.si\/?s={search_term_string}"},"query-input":{"@type":"PropertyValueSpecification","valueRequired":true,"valueName":"search_term_string"}}],"inLanguage":"hr"},{"@type":"Organization","@id":"https:\/\/clair.si\/#organization","name":"Clair","url":"https:\/\/clair.si\/","logo":{"@type":"ImageObject","inLanguage":"hr","@id":"https:\/\/clair.si\/#\/schema\/logo\/image\/","url":"https:\/\/clair.si\/wp-content\/uploads\/2022\/11\/clair_logo_2022.jpg","contentUrl":"https:\/\/clair.si\/wp-content\/uploads\/2022\/11\/clair_logo_2022.jpg","width":1920,"height":1920,"caption":"Clair"},"image":{"@id":"https:\/\/clair.si\/#\/schema\/logo\/image\/"},"sameAs":["https:\/\/www.facebook.com\/TrgovinaClair\/"]}]}},"_links":{"self":[{"href":"https:\/\/clair.si\/hr\/wp-json\/wp\/v2\/product\/97273","targetHints":{"allow":["GET"]}}],"collection":[{"href":"https:\/\/clair.si\/hr\/wp-json\/wp\/v2\/product"}],"about":[{"href":"https:\/\/clair.si\/hr\/wp-json\/wp\/v2\/types\/product"}],"version-history":[{"count":0,"href":"https:\/\/clair.si\/hr\/wp-json\/wp\/v2\/product\/97273\/revisions"}],"wp:featuredmedia":[{"embeddable":true,"href":"https:\/\/clair.si\/hr\/wp-json\/wp\/v2\/media\/97277"}],"wp:attachment":[{"href":"https:\/\/clair.si\/hr\/wp-json\/wp\/v2\/media?parent=97273"}],"wp:term":[{"taxonomy":"product_brand","embeddable":true,"href":"https:\/\/clair.si\/hr\/wp-json\/wp\/v2\/product_brand?post=97273"},{"taxonomy":"product_cat","embeddable":true,"href":"https:\/\/clair.si\/hr\/wp-json\/wp\/v2\/product_cat?post=97273"},{"taxonomy":"product_tag","embeddable":true,"href":"https:\/\/clair.si\/hr\/wp-json\/wp\/v2\/product_tag?post=97273"}],"curies":[{"name":"wp","href":"https:\/\/api.w.org\/{rel}","templated":true}]}}