{"id":97276,"date":"2023-11-02T14:54:26","date_gmt":"2023-11-02T13:54:26","guid":{"rendered":"https:\/\/clair.si\/izdelek\/kavalcade-ecoline-stremenice\/"},"modified":"2025-09-23T13:48:26","modified_gmt":"2025-09-23T11:48:26","slug":"kavalcade-ecoline-stremeni-remeni","status":"publish","type":"product","link":"https:\/\/clair.si\/hr\/izdelek\/kavalcade-ecoline-stremeni-remeni\/","title":{"rendered":"Uzengijski remeni Kavalkade Ecoline"},"content":{"rendered":"<p class=\"entry-title title\">Uzengijski remeni <strong>Kavalkade Ecoline<\/strong><\/p>\n<ul>\n<li><span class=\"HwtZe\" lang=\"sl\"><span class=\"jCAhz ChMk0b\"><span class=\"ryNqvb\">ru\u010dno \u0161ivano<\/span><\/span> <\/span><\/li>\n<li><span class=\"HwtZe\" lang=\"sl\"><span class=\"jCAhz ChMk0b\"><span class=\"ryNqvb\">kvalitetna ko\u017ea Ecoline<\/span><\/span> <\/span><\/li>\n<li><span class=\"HwtZe\" lang=\"sl\"><span class=\"jCAhz ChMk0b\"><span class=\"ryNqvb\">niska rastezljivost<\/span><\/span><\/span><\/li>\n<li><span class=\"HwtZe\" lang=\"sl\"><span class=\"jCAhz ChMk0b\"><span class=\"ryNqvb\">numerirane rupe<\/span><\/span><\/span><\/li>\n<li><span class=\"HwtZe\" lang=\"sl\"><span class=\"jCAhz ChMk0b\"><span class=\"ryNqvb\">plo\u010date kop\u010de<\/span><\/span> <\/span><\/li>\n<li><span class=\"HwtZe\" lang=\"sl\">d<span class=\"jCAhz ChMk0b\"><span class=\"ryNqvb\">u\u017eine: 145 ili 160 cm<\/span><\/span> <\/span><\/li>\n<li><span class=\"HwtZe\" lang=\"sl\"><span class=\"jCAhz ChMk0b\"><span class=\"ryNqvb\">\u0161irina: pribli\u017eno 2,5 cm<\/span><\/span><\/span><\/li>\n<\/ul>\n","protected":false},"excerpt":{"rendered":"<p>Uzengijski remeni Kavalkade Ecoline ru\u010dno \u0161ivano kvalitetna ko\u017ea Ecoline niska rastezljivost numerirane rupe plo\u010date kop\u010de du\u017eine: 145 ili 160 cm<\/p>\n","protected":false},"featured_media":107763,"template":"","meta":{"footnotes":""},"product_brand":[],"product_cat":[5624,5930,5931],"product_tag":[],"class_list":{"0":"post-97276","1":"product","2":"type-product","3":"status-publish","4":"has-post-thumbnail","6":"product_cat-konj-hr","7":"product_cat-uzengle-i-uzengijski-remeni-remeni","8":"product_cat-stremeni-remeni","10":"first","11":"instock","12":"sale","13":"shipping-taxable","14":"purchasable","15":"product-type-variable"},"yoast_head":"<!-- This site is optimized with the Yoast SEO plugin v27.4 - https:\/\/yoast.com\/product\/yoast-seo-wordpress\/ -->\n<title>Uzengijski remeni Kavalkade Ecoline - Clair<\/title>\n<meta name=\"description\" content=\"Uzengijski remeni Kavalkade Ecoline ru\u010dno \u0161ivano kvalitetna ko\u017ea Ecoline niska rastezljivost numerirane rupe plo\u010date kop\u010de du\u017eine: 145 ili 160 cm \u0161irina:\" \/>\n<meta name=\"robots\" content=\"index, follow, max-snippet:-1, max-image-preview:large, max-video-preview:-1\" \/>\n<link rel=\"canonical\" href=\"https:\/\/clair.si\/izdelek\/stremenice-kavalkade-ecoline\/\" \/>\n<meta property=\"og:locale\" content=\"hr_HR\" \/>\n<meta property=\"og:type\" content=\"article\" \/>\n<meta property=\"og:title\" content=\"Uzengijski remeni Kavalkade Ecoline - Clair\" \/>\n<meta property=\"og:description\" content=\"Uzengijski remeni Kavalkade Ecoline ru\u010dno \u0161ivano kvalitetna ko\u017ea Ecoline niska rastezljivost numerirane rupe plo\u010date kop\u010de du\u017eine: 145 ili 160 cm \u0161irina:\" \/>\n<meta property=\"og:url\" content=\"https:\/\/clair.si\/izdelek\/stremenice-kavalkade-ecoline\/\" \/>\n<meta property=\"og:site_name\" content=\"Clair\" \/>\n<meta property=\"article:publisher\" content=\"https:\/\/www.facebook.com\/TrgovinaClair\/\" \/>\n<meta property=\"article:modified_time\" content=\"2025-09-23T11:48:26+00:00\" \/>\n<meta property=\"og:image\" content=\"https:\/\/clair.si\/wp-content\/uploads\/2023\/11\/16000-stremenice-kavalcade-ecoline-jpg.webp\" \/>\n\t<meta property=\"og:image:width\" content=\"800\" \/>\n\t<meta property=\"og:image:height\" content=\"800\" \/>\n\t<meta property=\"og:image:type\" content=\"image\/jpeg\" \/>\n<meta name=\"twitter:card\" content=\"summary_large_image\" \/>\n<meta name=\"twitter:label1\" content=\"Procijenjeno vrijeme \u010ditanja\" \/>\n\t<meta name=\"twitter:data1\" content=\"1 minuta\" \/>\n<script type=\"application\/ld+json\" class=\"yoast-schema-graph\">{\"@context\":\"https:\\\/\\\/schema.org\",\"@graph\":[{\"@type\":\"WebPage\",\"@id\":\"https:\\\/\\\/clair.si\\\/izdelek\\\/stremenice-kavalkade-ecoline\\\/\",\"url\":\"https:\\\/\\\/clair.si\\\/izdelek\\\/stremenice-kavalkade-ecoline\\\/\",\"name\":\"Uzengijski remeni Kavalkade Ecoline - Clair\",\"isPartOf\":{\"@id\":\"https:\\\/\\\/clair.si\\\/#website\"},\"primaryImageOfPage\":{\"@id\":\"https:\\\/\\\/clair.si\\\/izdelek\\\/stremenice-kavalkade-ecoline\\\/#primaryimage\"},\"image\":{\"@id\":\"https:\\\/\\\/clair.si\\\/izdelek\\\/stremenice-kavalkade-ecoline\\\/#primaryimage\"},\"thumbnailUrl\":\"https:\\\/\\\/clair.si\\\/wp-content\\\/uploads\\\/2023\\\/11\\\/16000-stremenice-kavalcade-ecoline-jpg.webp\",\"datePublished\":\"2023-11-02T13:54:26+00:00\",\"dateModified\":\"2025-09-23T11:48:26+00:00\",\"description\":\"Uzengijski remeni Kavalkade Ecoline ru\u010dno \u0161ivano kvalitetna ko\u017ea Ecoline niska rastezljivost numerirane rupe plo\u010date kop\u010de du\u017eine: 145 ili 160 cm \u0161irina:\",\"breadcrumb\":{\"@id\":\"https:\\\/\\\/clair.si\\\/izdelek\\\/stremenice-kavalkade-ecoline\\\/#breadcrumb\"},\"inLanguage\":\"hr\",\"potentialAction\":[{\"@type\":\"ReadAction\",\"target\":[\"https:\\\/\\\/clair.si\\\/izdelek\\\/stremenice-kavalkade-ecoline\\\/\"]}]},{\"@type\":\"ImageObject\",\"inLanguage\":\"hr\",\"@id\":\"https:\\\/\\\/clair.si\\\/izdelek\\\/stremenice-kavalkade-ecoline\\\/#primaryimage\",\"url\":\"https:\\\/\\\/clair.si\\\/wp-content\\\/uploads\\\/2023\\\/11\\\/16000-stremenice-kavalcade-ecoline-jpg.webp\",\"contentUrl\":\"https:\\\/\\\/clair.si\\\/wp-content\\\/uploads\\\/2023\\\/11\\\/16000-stremenice-kavalcade-ecoline-jpg.webp\",\"width\":800,\"height\":800},{\"@type\":\"BreadcrumbList\",\"@id\":\"https:\\\/\\\/clair.si\\\/izdelek\\\/stremenice-kavalkade-ecoline\\\/#breadcrumb\",\"itemListElement\":[{\"@type\":\"ListItem\",\"position\":1,\"name\":\"Home\",\"item\":\"https:\\\/\\\/clair.si\\\/hr\\\/\"},{\"@type\":\"ListItem\",\"position\":2,\"name\":\"Trgovina\",\"item\":\"https:\\\/\\\/clair.si\\\/trgovina\\\/\"},{\"@type\":\"ListItem\",\"position\":3,\"name\":\"Uzengijski remeni Kavalkade Ecoline\"}]},{\"@type\":\"WebSite\",\"@id\":\"https:\\\/\\\/clair.si\\\/#website\",\"url\":\"https:\\\/\\\/clair.si\\\/\",\"name\":\"Clair\",\"description\":\"Trgovina s konjeni\u0161ko opremo\",\"publisher\":{\"@id\":\"https:\\\/\\\/clair.si\\\/#organization\"},\"potentialAction\":[{\"@type\":\"SearchAction\",\"target\":{\"@type\":\"EntryPoint\",\"urlTemplate\":\"https:\\\/\\\/clair.si\\\/?s={search_term_string}\"},\"query-input\":{\"@type\":\"PropertyValueSpecification\",\"valueRequired\":true,\"valueName\":\"search_term_string\"}}],\"inLanguage\":\"hr\"},{\"@type\":\"Organization\",\"@id\":\"https:\\\/\\\/clair.si\\\/#organization\",\"name\":\"Clair\",\"url\":\"https:\\\/\\\/clair.si\\\/\",\"logo\":{\"@type\":\"ImageObject\",\"inLanguage\":\"hr\",\"@id\":\"https:\\\/\\\/clair.si\\\/#\\\/schema\\\/logo\\\/image\\\/\",\"url\":\"https:\\\/\\\/clair.si\\\/wp-content\\\/uploads\\\/2022\\\/11\\\/clair_logo_2022.jpg\",\"contentUrl\":\"https:\\\/\\\/clair.si\\\/wp-content\\\/uploads\\\/2022\\\/11\\\/clair_logo_2022.jpg\",\"width\":1920,\"height\":1920,\"caption\":\"Clair\"},\"image\":{\"@id\":\"https:\\\/\\\/clair.si\\\/#\\\/schema\\\/logo\\\/image\\\/\"},\"sameAs\":[\"https:\\\/\\\/www.facebook.com\\\/TrgovinaClair\\\/\"]}]}<\/script>\n<!-- \/ Yoast SEO plugin. -->","yoast_head_json":{"title":"Uzengijski remeni Kavalkade Ecoline - Clair","description":"Uzengijski remeni Kavalkade Ecoline ru\u010dno \u0161ivano kvalitetna ko\u017ea Ecoline niska rastezljivost numerirane rupe plo\u010date kop\u010de du\u017eine: 145 ili 160 cm \u0161irina:","robots":{"index":"index","follow":"follow","max-snippet":"max-snippet:-1","max-image-preview":"max-image-preview:large","max-video-preview":"max-video-preview:-1"},"canonical":"https:\/\/clair.si\/izdelek\/stremenice-kavalkade-ecoline\/","og_locale":"hr_HR","og_type":"article","og_title":"Uzengijski remeni Kavalkade Ecoline - Clair","og_description":"Uzengijski remeni Kavalkade Ecoline ru\u010dno \u0161ivano kvalitetna ko\u017ea Ecoline niska rastezljivost numerirane rupe plo\u010date kop\u010de du\u017eine: 145 ili 160 cm \u0161irina:","og_url":"https:\/\/clair.si\/izdelek\/stremenice-kavalkade-ecoline\/","og_site_name":"Clair","article_publisher":"https:\/\/www.facebook.com\/TrgovinaClair\/","article_modified_time":"2025-09-23T11:48:26+00:00","og_image":[{"width":800,"height":800,"url":"https:\/\/clair.si\/wp-content\/uploads\/2023\/11\/16000-stremenice-kavalcade-ecoline-jpg.webp","type":"image\/jpeg"}],"twitter_card":"summary_large_image","twitter_misc":{"Procijenjeno vrijeme \u010ditanja":"1 minuta"},"schema":{"@context":"https:\/\/schema.org","@graph":[{"@type":"WebPage","@id":"https:\/\/clair.si\/izdelek\/stremenice-kavalkade-ecoline\/","url":"https:\/\/clair.si\/izdelek\/stremenice-kavalkade-ecoline\/","name":"Uzengijski remeni Kavalkade Ecoline - Clair","isPartOf":{"@id":"https:\/\/clair.si\/#website"},"primaryImageOfPage":{"@id":"https:\/\/clair.si\/izdelek\/stremenice-kavalkade-ecoline\/#primaryimage"},"image":{"@id":"https:\/\/clair.si\/izdelek\/stremenice-kavalkade-ecoline\/#primaryimage"},"thumbnailUrl":"https:\/\/clair.si\/wp-content\/uploads\/2023\/11\/16000-stremenice-kavalcade-ecoline-jpg.webp","datePublished":"2023-11-02T13:54:26+00:00","dateModified":"2025-09-23T11:48:26+00:00","description":"Uzengijski remeni Kavalkade Ecoline ru\u010dno \u0161ivano kvalitetna ko\u017ea Ecoline niska rastezljivost numerirane rupe plo\u010date kop\u010de du\u017eine: 145 ili 160 cm \u0161irina:","breadcrumb":{"@id":"https:\/\/clair.si\/izdelek\/stremenice-kavalkade-ecoline\/#breadcrumb"},"inLanguage":"hr","potentialAction":[{"@type":"ReadAction","target":["https:\/\/clair.si\/izdelek\/stremenice-kavalkade-ecoline\/"]}]},{"@type":"ImageObject","inLanguage":"hr","@id":"https:\/\/clair.si\/izdelek\/stremenice-kavalkade-ecoline\/#primaryimage","url":"https:\/\/clair.si\/wp-content\/uploads\/2023\/11\/16000-stremenice-kavalcade-ecoline-jpg.webp","contentUrl":"https:\/\/clair.si\/wp-content\/uploads\/2023\/11\/16000-stremenice-kavalcade-ecoline-jpg.webp","width":800,"height":800},{"@type":"BreadcrumbList","@id":"https:\/\/clair.si\/izdelek\/stremenice-kavalkade-ecoline\/#breadcrumb","itemListElement":[{"@type":"ListItem","position":1,"name":"Home","item":"https:\/\/clair.si\/hr\/"},{"@type":"ListItem","position":2,"name":"Trgovina","item":"https:\/\/clair.si\/trgovina\/"},{"@type":"ListItem","position":3,"name":"Uzengijski remeni Kavalkade Ecoline"}]},{"@type":"WebSite","@id":"https:\/\/clair.si\/#website","url":"https:\/\/clair.si\/","name":"Clair","description":"Trgovina s konjeni\u0161ko opremo","publisher":{"@id":"https:\/\/clair.si\/#organization"},"potentialAction":[{"@type":"SearchAction","target":{"@type":"EntryPoint","urlTemplate":"https:\/\/clair.si\/?s={search_term_string}"},"query-input":{"@type":"PropertyValueSpecification","valueRequired":true,"valueName":"search_term_string"}}],"inLanguage":"hr"},{"@type":"Organization","@id":"https:\/\/clair.si\/#organization","name":"Clair","url":"https:\/\/clair.si\/","logo":{"@type":"ImageObject","inLanguage":"hr","@id":"https:\/\/clair.si\/#\/schema\/logo\/image\/","url":"https:\/\/clair.si\/wp-content\/uploads\/2022\/11\/clair_logo_2022.jpg","contentUrl":"https:\/\/clair.si\/wp-content\/uploads\/2022\/11\/clair_logo_2022.jpg","width":1920,"height":1920,"caption":"Clair"},"image":{"@id":"https:\/\/clair.si\/#\/schema\/logo\/image\/"},"sameAs":["https:\/\/www.facebook.com\/TrgovinaClair\/"]}]}},"_links":{"self":[{"href":"https:\/\/clair.si\/hr\/wp-json\/wp\/v2\/product\/97276","targetHints":{"allow":["GET"]}}],"collection":[{"href":"https:\/\/clair.si\/hr\/wp-json\/wp\/v2\/product"}],"about":[{"href":"https:\/\/clair.si\/hr\/wp-json\/wp\/v2\/types\/product"}],"version-history":[{"count":0,"href":"https:\/\/clair.si\/hr\/wp-json\/wp\/v2\/product\/97276\/revisions"}],"wp:featuredmedia":[{"embeddable":true,"href":"https:\/\/clair.si\/hr\/wp-json\/wp\/v2\/media\/107763"}],"wp:attachment":[{"href":"https:\/\/clair.si\/hr\/wp-json\/wp\/v2\/media?parent=97276"}],"wp:term":[{"taxonomy":"product_brand","embeddable":true,"href":"https:\/\/clair.si\/hr\/wp-json\/wp\/v2\/product_brand?post=97276"},{"taxonomy":"product_cat","embeddable":true,"href":"https:\/\/clair.si\/hr\/wp-json\/wp\/v2\/product_cat?post=97276"},{"taxonomy":"product_tag","embeddable":true,"href":"https:\/\/clair.si\/hr\/wp-json\/wp\/v2\/product_tag?post=97276"}],"curies":[{"name":"wp","href":"https:\/\/api.w.org\/{rel}","templated":true}]}}