{"id":97467,"date":"2023-10-16T12:12:04","date_gmt":"2023-10-16T10:12:04","guid":{"rendered":"https:\/\/clair.si\/izdelek\/himalajska-sol-h-t\/"},"modified":"2026-04-12T09:31:01","modified_gmt":"2026-04-12T07:31:01","slug":"himalajska-sol-h-t","status":"publish","type":"product","link":"https:\/\/clair.si\/hr\/izdelek\/himalajska-sol-h-t\/","title":{"rendered":"Himalajska sol H-T"},"content":{"rendered":"<p><span class=\"HwtZe\" lang=\"sl\"><span class=\"jCAhz ChMk0b\"><span class=\"ryNqvb\"><strong>Himalajska sol H-T<\/strong> &#8211; potpuno prirodna sol za lizanje, dobivena iz himalajskih stijena.<\/span><\/span> <span class=\"jCAhz ChMk0b\"><span class=\"ryNqvb\">Blok himalajske soli, koji je vrlo \u010dist i specifi\u010dnog te vrlo ugodnog okusa, bogat je mineralima i elementima u tragovima te daje va\u0161em konju vitalnost i dobrobit.<\/span><\/span> <span class=\"jCAhz ChMk0b\"><span class=\"ryNqvb\">Ova sol je vrlo tvrda, pravi komad stijene.<\/span><\/span> <span class=\"jCAhz ChMk0b\"><span class=\"ryNqvb\">U dodiru s vlagom se ne lomi ili otapa, kao pre\u0161ani blokovi soli, stoga se mo\u017ee koristiti i na pa\u0161njacima.<\/span><\/span> <span class=\"jCAhz ChMk0b\"><span class=\"ryNqvb\">Sol je probu\u0161ena i mo\u017eete je staviti u dr\u017ea\u010d za sol ili je pri\u010dvrstiti bilo gdje s prilo\u017eenim u\u017eetom.<\/span><\/span><\/span><\/p>\n<p><span class=\"HwtZe\" lang=\"sl\"> <span class=\"jCAhz ChMk0b\"><span class=\"ryNqvb\"><strong>Sastav:<\/strong> <em>natrijev klorid: 98,62 %, magnezij: 0,40 %, kalcij: 0,11 %, sulfati: 0,10 %, \u017eeljezo: 0,001 %, stupanj vla\u017enosti: 0,03 % , netopivi ostatak: 0,73 %.<\/em><\/span><\/span><\/span><\/p>\n<p><strong>Te\u017eina: cca. 3 kg <\/strong><\/p>\n","protected":false},"excerpt":{"rendered":"<p><strong>Te\u017eina: cca. 3 kg <\/strong><\/p>\n","protected":false},"featured_media":97483,"template":"","meta":{"footnotes":""},"product_brand":[],"product_cat":[5782,5710,5712,5627],"product_tag":[],"class_list":{"0":"post-97467","1":"product","2":"type-product","3":"status-publish","4":"has-post-thumbnail","6":"product_cat-kolacici-i-kamenje-soli","7":"product_cat-hrana-za-konje-hr","8":"product_cat-prehrambeni-dodaci","9":"product_cat-stala-i-pasnjak","11":"first","12":"instock","13":"featured","14":"shipping-taxable","15":"purchasable","16":"product-type-simple"},"yoast_head":"<!-- This site is optimized with the Yoast SEO plugin v27.3 - https:\/\/yoast.com\/product\/yoast-seo-wordpress\/ -->\n<title>Himalajska sol H-T - Clair<\/title>\n<meta name=\"description\" content=\"Te\u017eina: cca. 3 kg\" \/>\n<meta name=\"robots\" content=\"index, follow, max-snippet:-1, max-image-preview:large, max-video-preview:-1\" \/>\n<link rel=\"canonical\" href=\"https:\/\/clair.si\/hr\/izdelek\/himalajska-sol-h-t\/\" \/>\n<meta property=\"og:locale\" content=\"hr_HR\" \/>\n<meta property=\"og:type\" content=\"article\" \/>\n<meta property=\"og:title\" content=\"Himalajska sol H-T - Clair\" \/>\n<meta property=\"og:description\" content=\"Te\u017eina: cca. 3 kg\" \/>\n<meta property=\"og:url\" content=\"https:\/\/clair.si\/hr\/izdelek\/himalajska-sol-h-t\/\" \/>\n<meta property=\"og:site_name\" content=\"Clair\" \/>\n<meta property=\"article:publisher\" content=\"https:\/\/www.facebook.com\/TrgovinaClair\/\" \/>\n<meta property=\"article:modified_time\" content=\"2026-04-12T07:31:01+00:00\" \/>\n<meta property=\"og:image\" content=\"https:\/\/clair.si\/wp-content\/uploads\/2023\/10\/hippotonic-himalaya-solni-kamen-za-konje-naravni-trgovina-clair-3-jpg.webp\" \/>\n\t<meta property=\"og:image:width\" content=\"800\" \/>\n\t<meta property=\"og:image:height\" content=\"800\" \/>\n\t<meta property=\"og:image:type\" content=\"image\/jpeg\" \/>\n<meta name=\"twitter:card\" content=\"summary_large_image\" \/>\n<meta name=\"twitter:label1\" content=\"Procijenjeno vrijeme \u010ditanja\" \/>\n\t<meta name=\"twitter:data1\" content=\"1 minuta\" \/>\n<script type=\"application\/ld+json\" class=\"yoast-schema-graph\">{\"@context\":\"https:\\\/\\\/schema.org\",\"@graph\":[{\"@type\":\"WebPage\",\"@id\":\"https:\\\/\\\/clair.si\\\/hr\\\/izdelek\\\/himalajska-sol-h-t\\\/\",\"url\":\"https:\\\/\\\/clair.si\\\/hr\\\/izdelek\\\/himalajska-sol-h-t\\\/\",\"name\":\"Himalajska sol H-T - Clair\",\"isPartOf\":{\"@id\":\"https:\\\/\\\/clair.si\\\/#website\"},\"primaryImageOfPage\":{\"@id\":\"https:\\\/\\\/clair.si\\\/hr\\\/izdelek\\\/himalajska-sol-h-t\\\/#primaryimage\"},\"image\":{\"@id\":\"https:\\\/\\\/clair.si\\\/hr\\\/izdelek\\\/himalajska-sol-h-t\\\/#primaryimage\"},\"thumbnailUrl\":\"https:\\\/\\\/clair.si\\\/wp-content\\\/uploads\\\/2023\\\/10\\\/hippotonic-himalaya-solni-kamen-za-konje-naravni-trgovina-clair-3-jpg.webp\",\"datePublished\":\"2023-10-16T10:12:04+00:00\",\"dateModified\":\"2026-04-12T07:31:01+00:00\",\"description\":\"Te\u017eina: cca. 3 kg\",\"breadcrumb\":{\"@id\":\"https:\\\/\\\/clair.si\\\/hr\\\/izdelek\\\/himalajska-sol-h-t\\\/#breadcrumb\"},\"inLanguage\":\"hr\",\"potentialAction\":[{\"@type\":\"ReadAction\",\"target\":[\"https:\\\/\\\/clair.si\\\/hr\\\/izdelek\\\/himalajska-sol-h-t\\\/\"]}]},{\"@type\":\"ImageObject\",\"inLanguage\":\"hr\",\"@id\":\"https:\\\/\\\/clair.si\\\/hr\\\/izdelek\\\/himalajska-sol-h-t\\\/#primaryimage\",\"url\":\"https:\\\/\\\/clair.si\\\/wp-content\\\/uploads\\\/2023\\\/10\\\/hippotonic-himalaya-solni-kamen-za-konje-naravni-trgovina-clair-3-jpg.webp\",\"contentUrl\":\"https:\\\/\\\/clair.si\\\/wp-content\\\/uploads\\\/2023\\\/10\\\/hippotonic-himalaya-solni-kamen-za-konje-naravni-trgovina-clair-3-jpg.webp\",\"width\":800,\"height\":800},{\"@type\":\"BreadcrumbList\",\"@id\":\"https:\\\/\\\/clair.si\\\/hr\\\/izdelek\\\/himalajska-sol-h-t\\\/#breadcrumb\",\"itemListElement\":[{\"@type\":\"ListItem\",\"position\":1,\"name\":\"Home\",\"item\":\"https:\\\/\\\/clair.si\\\/hr\\\/\"},{\"@type\":\"ListItem\",\"position\":2,\"name\":\"Trgovina\",\"item\":\"https:\\\/\\\/clair.si\\\/trgovina\\\/\"},{\"@type\":\"ListItem\",\"position\":3,\"name\":\"Himalajska sol H-T\"}]},{\"@type\":\"WebSite\",\"@id\":\"https:\\\/\\\/clair.si\\\/#website\",\"url\":\"https:\\\/\\\/clair.si\\\/\",\"name\":\"Clair\",\"description\":\"Trgovina s konjeni\u0161ko opremo\",\"publisher\":{\"@id\":\"https:\\\/\\\/clair.si\\\/#organization\"},\"potentialAction\":[{\"@type\":\"SearchAction\",\"target\":{\"@type\":\"EntryPoint\",\"urlTemplate\":\"https:\\\/\\\/clair.si\\\/?s={search_term_string}\"},\"query-input\":{\"@type\":\"PropertyValueSpecification\",\"valueRequired\":true,\"valueName\":\"search_term_string\"}}],\"inLanguage\":\"hr\"},{\"@type\":\"Organization\",\"@id\":\"https:\\\/\\\/clair.si\\\/#organization\",\"name\":\"Clair\",\"url\":\"https:\\\/\\\/clair.si\\\/\",\"logo\":{\"@type\":\"ImageObject\",\"inLanguage\":\"hr\",\"@id\":\"https:\\\/\\\/clair.si\\\/#\\\/schema\\\/logo\\\/image\\\/\",\"url\":\"https:\\\/\\\/clair.si\\\/wp-content\\\/uploads\\\/2022\\\/11\\\/clair_logo_2022.jpg\",\"contentUrl\":\"https:\\\/\\\/clair.si\\\/wp-content\\\/uploads\\\/2022\\\/11\\\/clair_logo_2022.jpg\",\"width\":1920,\"height\":1920,\"caption\":\"Clair\"},\"image\":{\"@id\":\"https:\\\/\\\/clair.si\\\/#\\\/schema\\\/logo\\\/image\\\/\"},\"sameAs\":[\"https:\\\/\\\/www.facebook.com\\\/TrgovinaClair\\\/\"]}]}<\/script>\n<!-- \/ Yoast SEO plugin. -->","yoast_head_json":{"title":"Himalajska sol H-T - Clair","description":"Te\u017eina: cca. 3 kg","robots":{"index":"index","follow":"follow","max-snippet":"max-snippet:-1","max-image-preview":"max-image-preview:large","max-video-preview":"max-video-preview:-1"},"canonical":"https:\/\/clair.si\/hr\/izdelek\/himalajska-sol-h-t\/","og_locale":"hr_HR","og_type":"article","og_title":"Himalajska sol H-T - Clair","og_description":"Te\u017eina: cca. 3 kg","og_url":"https:\/\/clair.si\/hr\/izdelek\/himalajska-sol-h-t\/","og_site_name":"Clair","article_publisher":"https:\/\/www.facebook.com\/TrgovinaClair\/","article_modified_time":"2026-04-12T07:31:01+00:00","og_image":[{"width":800,"height":800,"url":"https:\/\/clair.si\/wp-content\/uploads\/2023\/10\/hippotonic-himalaya-solni-kamen-za-konje-naravni-trgovina-clair-3-jpg.webp","type":"image\/jpeg"}],"twitter_card":"summary_large_image","twitter_misc":{"Procijenjeno vrijeme \u010ditanja":"1 minuta"},"schema":{"@context":"https:\/\/schema.org","@graph":[{"@type":"WebPage","@id":"https:\/\/clair.si\/hr\/izdelek\/himalajska-sol-h-t\/","url":"https:\/\/clair.si\/hr\/izdelek\/himalajska-sol-h-t\/","name":"Himalajska sol H-T - Clair","isPartOf":{"@id":"https:\/\/clair.si\/#website"},"primaryImageOfPage":{"@id":"https:\/\/clair.si\/hr\/izdelek\/himalajska-sol-h-t\/#primaryimage"},"image":{"@id":"https:\/\/clair.si\/hr\/izdelek\/himalajska-sol-h-t\/#primaryimage"},"thumbnailUrl":"https:\/\/clair.si\/wp-content\/uploads\/2023\/10\/hippotonic-himalaya-solni-kamen-za-konje-naravni-trgovina-clair-3-jpg.webp","datePublished":"2023-10-16T10:12:04+00:00","dateModified":"2026-04-12T07:31:01+00:00","description":"Te\u017eina: cca. 3 kg","breadcrumb":{"@id":"https:\/\/clair.si\/hr\/izdelek\/himalajska-sol-h-t\/#breadcrumb"},"inLanguage":"hr","potentialAction":[{"@type":"ReadAction","target":["https:\/\/clair.si\/hr\/izdelek\/himalajska-sol-h-t\/"]}]},{"@type":"ImageObject","inLanguage":"hr","@id":"https:\/\/clair.si\/hr\/izdelek\/himalajska-sol-h-t\/#primaryimage","url":"https:\/\/clair.si\/wp-content\/uploads\/2023\/10\/hippotonic-himalaya-solni-kamen-za-konje-naravni-trgovina-clair-3-jpg.webp","contentUrl":"https:\/\/clair.si\/wp-content\/uploads\/2023\/10\/hippotonic-himalaya-solni-kamen-za-konje-naravni-trgovina-clair-3-jpg.webp","width":800,"height":800},{"@type":"BreadcrumbList","@id":"https:\/\/clair.si\/hr\/izdelek\/himalajska-sol-h-t\/#breadcrumb","itemListElement":[{"@type":"ListItem","position":1,"name":"Home","item":"https:\/\/clair.si\/hr\/"},{"@type":"ListItem","position":2,"name":"Trgovina","item":"https:\/\/clair.si\/trgovina\/"},{"@type":"ListItem","position":3,"name":"Himalajska sol H-T"}]},{"@type":"WebSite","@id":"https:\/\/clair.si\/#website","url":"https:\/\/clair.si\/","name":"Clair","description":"Trgovina s konjeni\u0161ko opremo","publisher":{"@id":"https:\/\/clair.si\/#organization"},"potentialAction":[{"@type":"SearchAction","target":{"@type":"EntryPoint","urlTemplate":"https:\/\/clair.si\/?s={search_term_string}"},"query-input":{"@type":"PropertyValueSpecification","valueRequired":true,"valueName":"search_term_string"}}],"inLanguage":"hr"},{"@type":"Organization","@id":"https:\/\/clair.si\/#organization","name":"Clair","url":"https:\/\/clair.si\/","logo":{"@type":"ImageObject","inLanguage":"hr","@id":"https:\/\/clair.si\/#\/schema\/logo\/image\/","url":"https:\/\/clair.si\/wp-content\/uploads\/2022\/11\/clair_logo_2022.jpg","contentUrl":"https:\/\/clair.si\/wp-content\/uploads\/2022\/11\/clair_logo_2022.jpg","width":1920,"height":1920,"caption":"Clair"},"image":{"@id":"https:\/\/clair.si\/#\/schema\/logo\/image\/"},"sameAs":["https:\/\/www.facebook.com\/TrgovinaClair\/"]}]}},"_links":{"self":[{"href":"https:\/\/clair.si\/hr\/wp-json\/wp\/v2\/product\/97467","targetHints":{"allow":["GET"]}}],"collection":[{"href":"https:\/\/clair.si\/hr\/wp-json\/wp\/v2\/product"}],"about":[{"href":"https:\/\/clair.si\/hr\/wp-json\/wp\/v2\/types\/product"}],"version-history":[{"count":0,"href":"https:\/\/clair.si\/hr\/wp-json\/wp\/v2\/product\/97467\/revisions"}],"wp:featuredmedia":[{"embeddable":true,"href":"https:\/\/clair.si\/hr\/wp-json\/wp\/v2\/media\/97483"}],"wp:attachment":[{"href":"https:\/\/clair.si\/hr\/wp-json\/wp\/v2\/media?parent=97467"}],"wp:term":[{"taxonomy":"product_brand","embeddable":true,"href":"https:\/\/clair.si\/hr\/wp-json\/wp\/v2\/product_brand?post=97467"},{"taxonomy":"product_cat","embeddable":true,"href":"https:\/\/clair.si\/hr\/wp-json\/wp\/v2\/product_cat?post=97467"},{"taxonomy":"product_tag","embeddable":true,"href":"https:\/\/clair.si\/hr\/wp-json\/wp\/v2\/product_tag?post=97467"}],"curies":[{"name":"wp","href":"https:\/\/api.w.org\/{rel}","templated":true}]}}