{"id":97490,"date":"2023-10-23T20:17:50","date_gmt":"2023-10-23T18:17:50","guid":{"rendered":"https:\/\/clair.si\/izdelek\/kaciga-e-t-wings-mips\/"},"modified":"2025-11-22T17:30:54","modified_gmt":"2025-11-22T16:30:54","slug":"kaciga-e-t-wings-mips","status":"publish","type":"product","link":"https:\/\/clair.si\/hr\/izdelek\/kaciga-e-t-wings-mips\/","title":{"rendered":"Kaciga E-T Wings MIPS"},"content":{"rendered":"<p><strong>Kaciga E-T Wings MIPS<\/strong><span class=\"HwtZe\" lang=\"sl\"><span class=\"jCAhz ChMk0b\"><span class=\"ryNqvb\">  s integriranim sustavom ventilacije u podru\u010dju prednjeg ulo\u0161ka.<\/span><\/span> <span class=\"jCAhz ChMk0b\"><span class=\"ryNqvb\">ABS \u0161koljka, vrlo otporna na udarce, \u010dak i pri ekstremnim temperaturama.<\/span><\/span> <span class=\"jCAhz ChMk0b\"><span class=\"ryNqvb\">Podstava od EPS-a (ekspandiranog polistirena) visoke gusto\u0107e, vrlo lagana i s odli\u010dnim svojstvima ubla\u017eavanja udaraca.<\/span><\/span> <span class=\"jCAhz ChMk0b\"><span class=\"ryNqvb\">Stotine polukrugova ugra\u0111enih u povr\u0161inu podstave ne samo da pobolj\u0161avaju ubla\u017eavanje udaraca, ve\u0107 omogu\u0107uju i odli\u010dan protok zraka u kombinaciji s prednjim, stra\u017enjim i sredi\u0161njim ventilacijskim zonama.<\/span><\/span> <span class=\"jCAhz ChMk0b\"><span class=\"ryNqvb\">Unutarnja podstava od tkanine koja upija vlagu je uklonjiva i periva.<\/span><\/span> P<span class=\"jCAhz ChMk0b\"><span class=\"ryNqvb\">ojas od mikrovlakana s kop\u010dom za brzo zakop\u010davanje, 4-to\u010dkovno zakop\u010davanje na stra\u017enjoj strani.<\/span><\/span> <span class=\"jCAhz ChMk0b\"><span class=\"ryNqvb\">Stra\u017enji gumb za pode\u0161avanje za savr\u0161eno pristajanje.<\/span><\/span> <span class=\"jCAhz ChMk0b\"><span class=\"ryNqvb\">\u0160irok, fleksibilan vizir.<\/span><\/span> <\/span><\/p>\n<p><span class=\"HwtZe\" lang=\"sl\"><span class=\"jCAhz ChMk0b\"><span class=\"ryNqvb\">Te\u017eina: izme\u0111u 430 i 530 g.<\/span><\/span> <\/span><\/p>\n<p><span class=\"HwtZe\" lang=\"sl\"><span class=\"jCAhz ChMk0b\"><span class=\"ryNqvb\">Kaciga s CE certifikatom, certifikatom CE VG1 01.040 2014-12, sukladna s uredbom 2016\/425\/EU.<\/span><\/span> <span class=\"jCAhz ChMk0b\"><span class=\"ryNqvb\">Opremljena s patentiranim sustavom za za\u0161titu mozga MIPS.<\/span><\/span> <\/span><\/p>\n<p><span class=\"HwtZe\" lang=\"sl\"><span class=\"jCAhz ChMk0b\"><span class=\"ryNqvb\"><strong>MIPS sustav<\/strong>, &#8220;Sustav za za\u0161titu od udaraca u vi\u0161e smjerova&#8221;, integriran u ovu kacigu, rezultat je gotovo 20 godina studija i istra\u017eivanja.<\/span><\/span> <span class=\"jCAhz ChMk0b\"><span class=\"ryNqvb\">Njegovo na\u010delo je jednostavno: opona\u0161a i igra ulogu cerebrospinalne teku\u0107ine u kojoj \u201eplutaju\u201c na\u0161i mozgovi.<\/span><\/span> <span class=\"jCAhz ChMk0b\"><span class=\"ryNqvb\"><strong>Tijekom udarca, MIPS sustav \u0107e apsorbirati energiju udarca tako \u0161to \u0107e omogu\u0107iti lubanji da klizi du\u017e obloge<\/strong>.<\/span><\/span> <span class=\"jCAhz ChMk0b\"><span class=\"ryNqvb\">Rotacijske sile \u0107e se tako bolje raspr\u0161iti i mozak ne\u0107e do\u0107i u kontakt s lubanjom, \u0161to osigurava bolju za\u0161titu od udaraca.<\/span><\/span><\/span><\/p>\n<p><iframe loading=\"lazy\" title=\"EQUITHEME Wings Helmet: How does the MIPS system work in equestrian helmets?\" width=\"500\" height=\"281\" src=\"https:\/\/www.youtube.com\/embed\/73kvuVo1xl4?feature=oembed\" frameborder=\"0\" allow=\"accelerometer; autoplay; clipboard-write; encrypted-media; gyroscope; picture-in-picture; web-share\" referrerpolicy=\"strict-origin-when-cross-origin\" allowfullscreen><\/iframe><\/p>\n<p>&nbsp;<\/p>\n","protected":false},"excerpt":{"rendered":"<p>Kaciga E-T Wings MIPS s integriranim sustavom ventilacije u podru\u010dju prednjeg ulo\u0161ka. ABS \u0161koljka, vrlo otporna na udarce, \u010dak i<\/p>\n","protected":false},"featured_media":97510,"template":"","meta":{"footnotes":""},"product_brand":[],"product_cat":[5654,5767,5768,5657,5670,5658,5766],"product_tag":[],"class_list":{"0":"post-97490","1":"product","2":"type-product","3":"status-publish","4":"has-post-thumbnail","6":"product_cat-jahac-hr","7":"product_cat-kacige","8":"product_cat-kacige-hr","9":"product_cat-kategorije-hr","10":"product_cat-natjecanja","11":"product_cat-pocetci-jahanja","12":"product_cat-zastitna-oprema","14":"first","15":"instock","16":"sale","17":"featured","18":"shipping-taxable","19":"purchasable","20":"product-type-variable"},"yoast_head":"<!-- This site is optimized with the Yoast SEO plugin v27.4 - https:\/\/yoast.com\/product\/yoast-seo-wordpress\/ -->\n<title>Kaciga E-T Wings MIPS - Clair<\/title>\n<meta name=\"description\" content=\"Kaciga E-T Wings MIPS s integriranim sustavom ventilacije u podru\u010dju prednjeg ulo\u0161ka. ABS \u0161koljka, vrlo otporna na udarce, \u010dak i pri ekstremnim\" \/>\n<meta name=\"robots\" content=\"index, follow, max-snippet:-1, max-image-preview:large, max-video-preview:-1\" \/>\n<link rel=\"canonical\" href=\"https:\/\/clair.si\/hr\/izdelek\/kaciga-e-t-wings-mips\/\" \/>\n<meta property=\"og:locale\" content=\"hr_HR\" \/>\n<meta property=\"og:type\" content=\"article\" \/>\n<meta property=\"og:title\" content=\"Kaciga E-T Wings MIPS - Clair\" \/>\n<meta property=\"og:description\" content=\"Kaciga E-T Wings MIPS s integriranim sustavom ventilacije u podru\u010dju prednjeg ulo\u0161ka. ABS \u0161koljka, vrlo otporna na udarce, \u010dak i pri ekstremnim\" \/>\n<meta property=\"og:url\" content=\"https:\/\/clair.si\/hr\/izdelek\/kaciga-e-t-wings-mips\/\" \/>\n<meta property=\"og:site_name\" content=\"Clair\" \/>\n<meta property=\"article:publisher\" content=\"https:\/\/www.facebook.com\/TrgovinaClair\/\" \/>\n<meta property=\"article:modified_time\" content=\"2025-11-22T16:30:54+00:00\" \/>\n<meta property=\"og:image\" content=\"https:\/\/clair.si\/wp-content\/uploads\/2023\/10\/equitheme-wings-celada-mips-clair-trgovina-konjeniska-oprema-za-jahaca-5-jpg.webp\" \/>\n\t<meta property=\"og:image:width\" content=\"800\" \/>\n\t<meta property=\"og:image:height\" content=\"800\" \/>\n\t<meta property=\"og:image:type\" content=\"image\/jpeg\" \/>\n<meta name=\"twitter:card\" content=\"summary_large_image\" \/>\n<meta name=\"twitter:label1\" content=\"Procijenjeno vrijeme \u010ditanja\" \/>\n\t<meta name=\"twitter:data1\" content=\"1 minuta\" \/>\n<script type=\"application\/ld+json\" class=\"yoast-schema-graph\">{\"@context\":\"https:\\\/\\\/schema.org\",\"@graph\":[{\"@type\":\"WebPage\",\"@id\":\"https:\\\/\\\/clair.si\\\/hr\\\/izdelek\\\/kaciga-e-t-wings-mips\\\/\",\"url\":\"https:\\\/\\\/clair.si\\\/hr\\\/izdelek\\\/kaciga-e-t-wings-mips\\\/\",\"name\":\"Kaciga E-T Wings MIPS - Clair\",\"isPartOf\":{\"@id\":\"https:\\\/\\\/clair.si\\\/#website\"},\"primaryImageOfPage\":{\"@id\":\"https:\\\/\\\/clair.si\\\/hr\\\/izdelek\\\/kaciga-e-t-wings-mips\\\/#primaryimage\"},\"image\":{\"@id\":\"https:\\\/\\\/clair.si\\\/hr\\\/izdelek\\\/kaciga-e-t-wings-mips\\\/#primaryimage\"},\"thumbnailUrl\":\"https:\\\/\\\/clair.si\\\/wp-content\\\/uploads\\\/2023\\\/10\\\/equitheme-wings-celada-mips-clair-trgovina-konjeniska-oprema-za-jahaca-5-jpg.webp\",\"datePublished\":\"2023-10-23T18:17:50+00:00\",\"dateModified\":\"2025-11-22T16:30:54+00:00\",\"description\":\"Kaciga E-T Wings MIPS s integriranim sustavom ventilacije u podru\u010dju prednjeg ulo\u0161ka. ABS \u0161koljka, vrlo otporna na udarce, \u010dak i pri ekstremnim\",\"breadcrumb\":{\"@id\":\"https:\\\/\\\/clair.si\\\/hr\\\/izdelek\\\/kaciga-e-t-wings-mips\\\/#breadcrumb\"},\"inLanguage\":\"hr\",\"potentialAction\":[{\"@type\":\"ReadAction\",\"target\":[\"https:\\\/\\\/clair.si\\\/hr\\\/izdelek\\\/kaciga-e-t-wings-mips\\\/\"]}]},{\"@type\":\"ImageObject\",\"inLanguage\":\"hr\",\"@id\":\"https:\\\/\\\/clair.si\\\/hr\\\/izdelek\\\/kaciga-e-t-wings-mips\\\/#primaryimage\",\"url\":\"https:\\\/\\\/clair.si\\\/wp-content\\\/uploads\\\/2023\\\/10\\\/equitheme-wings-celada-mips-clair-trgovina-konjeniska-oprema-za-jahaca-5-jpg.webp\",\"contentUrl\":\"https:\\\/\\\/clair.si\\\/wp-content\\\/uploads\\\/2023\\\/10\\\/equitheme-wings-celada-mips-clair-trgovina-konjeniska-oprema-za-jahaca-5-jpg.webp\",\"width\":800,\"height\":800},{\"@type\":\"BreadcrumbList\",\"@id\":\"https:\\\/\\\/clair.si\\\/hr\\\/izdelek\\\/kaciga-e-t-wings-mips\\\/#breadcrumb\",\"itemListElement\":[{\"@type\":\"ListItem\",\"position\":1,\"name\":\"Home\",\"item\":\"https:\\\/\\\/clair.si\\\/hr\\\/\"},{\"@type\":\"ListItem\",\"position\":2,\"name\":\"Trgovina\",\"item\":\"https:\\\/\\\/clair.si\\\/trgovina\\\/\"},{\"@type\":\"ListItem\",\"position\":3,\"name\":\"Kaciga E-T Wings MIPS\"}]},{\"@type\":\"WebSite\",\"@id\":\"https:\\\/\\\/clair.si\\\/#website\",\"url\":\"https:\\\/\\\/clair.si\\\/\",\"name\":\"Clair\",\"description\":\"Trgovina s konjeni\u0161ko opremo\",\"publisher\":{\"@id\":\"https:\\\/\\\/clair.si\\\/#organization\"},\"potentialAction\":[{\"@type\":\"SearchAction\",\"target\":{\"@type\":\"EntryPoint\",\"urlTemplate\":\"https:\\\/\\\/clair.si\\\/?s={search_term_string}\"},\"query-input\":{\"@type\":\"PropertyValueSpecification\",\"valueRequired\":true,\"valueName\":\"search_term_string\"}}],\"inLanguage\":\"hr\"},{\"@type\":\"Organization\",\"@id\":\"https:\\\/\\\/clair.si\\\/#organization\",\"name\":\"Clair\",\"url\":\"https:\\\/\\\/clair.si\\\/\",\"logo\":{\"@type\":\"ImageObject\",\"inLanguage\":\"hr\",\"@id\":\"https:\\\/\\\/clair.si\\\/#\\\/schema\\\/logo\\\/image\\\/\",\"url\":\"https:\\\/\\\/clair.si\\\/wp-content\\\/uploads\\\/2022\\\/11\\\/clair_logo_2022.jpg\",\"contentUrl\":\"https:\\\/\\\/clair.si\\\/wp-content\\\/uploads\\\/2022\\\/11\\\/clair_logo_2022.jpg\",\"width\":1920,\"height\":1920,\"caption\":\"Clair\"},\"image\":{\"@id\":\"https:\\\/\\\/clair.si\\\/#\\\/schema\\\/logo\\\/image\\\/\"},\"sameAs\":[\"https:\\\/\\\/www.facebook.com\\\/TrgovinaClair\\\/\"]}]}<\/script>\n<!-- \/ Yoast SEO plugin. -->","yoast_head_json":{"title":"Kaciga E-T Wings MIPS - Clair","description":"Kaciga E-T Wings MIPS s integriranim sustavom ventilacije u podru\u010dju prednjeg ulo\u0161ka. ABS \u0161koljka, vrlo otporna na udarce, \u010dak i pri ekstremnim","robots":{"index":"index","follow":"follow","max-snippet":"max-snippet:-1","max-image-preview":"max-image-preview:large","max-video-preview":"max-video-preview:-1"},"canonical":"https:\/\/clair.si\/hr\/izdelek\/kaciga-e-t-wings-mips\/","og_locale":"hr_HR","og_type":"article","og_title":"Kaciga E-T Wings MIPS - Clair","og_description":"Kaciga E-T Wings MIPS s integriranim sustavom ventilacije u podru\u010dju prednjeg ulo\u0161ka. ABS \u0161koljka, vrlo otporna na udarce, \u010dak i pri ekstremnim","og_url":"https:\/\/clair.si\/hr\/izdelek\/kaciga-e-t-wings-mips\/","og_site_name":"Clair","article_publisher":"https:\/\/www.facebook.com\/TrgovinaClair\/","article_modified_time":"2025-11-22T16:30:54+00:00","og_image":[{"width":800,"height":800,"url":"https:\/\/clair.si\/wp-content\/uploads\/2023\/10\/equitheme-wings-celada-mips-clair-trgovina-konjeniska-oprema-za-jahaca-5-jpg.webp","type":"image\/jpeg"}],"twitter_card":"summary_large_image","twitter_misc":{"Procijenjeno vrijeme \u010ditanja":"1 minuta"},"schema":{"@context":"https:\/\/schema.org","@graph":[{"@type":"WebPage","@id":"https:\/\/clair.si\/hr\/izdelek\/kaciga-e-t-wings-mips\/","url":"https:\/\/clair.si\/hr\/izdelek\/kaciga-e-t-wings-mips\/","name":"Kaciga E-T Wings MIPS - Clair","isPartOf":{"@id":"https:\/\/clair.si\/#website"},"primaryImageOfPage":{"@id":"https:\/\/clair.si\/hr\/izdelek\/kaciga-e-t-wings-mips\/#primaryimage"},"image":{"@id":"https:\/\/clair.si\/hr\/izdelek\/kaciga-e-t-wings-mips\/#primaryimage"},"thumbnailUrl":"https:\/\/clair.si\/wp-content\/uploads\/2023\/10\/equitheme-wings-celada-mips-clair-trgovina-konjeniska-oprema-za-jahaca-5-jpg.webp","datePublished":"2023-10-23T18:17:50+00:00","dateModified":"2025-11-22T16:30:54+00:00","description":"Kaciga E-T Wings MIPS s integriranim sustavom ventilacije u podru\u010dju prednjeg ulo\u0161ka. ABS \u0161koljka, vrlo otporna na udarce, \u010dak i pri ekstremnim","breadcrumb":{"@id":"https:\/\/clair.si\/hr\/izdelek\/kaciga-e-t-wings-mips\/#breadcrumb"},"inLanguage":"hr","potentialAction":[{"@type":"ReadAction","target":["https:\/\/clair.si\/hr\/izdelek\/kaciga-e-t-wings-mips\/"]}]},{"@type":"ImageObject","inLanguage":"hr","@id":"https:\/\/clair.si\/hr\/izdelek\/kaciga-e-t-wings-mips\/#primaryimage","url":"https:\/\/clair.si\/wp-content\/uploads\/2023\/10\/equitheme-wings-celada-mips-clair-trgovina-konjeniska-oprema-za-jahaca-5-jpg.webp","contentUrl":"https:\/\/clair.si\/wp-content\/uploads\/2023\/10\/equitheme-wings-celada-mips-clair-trgovina-konjeniska-oprema-za-jahaca-5-jpg.webp","width":800,"height":800},{"@type":"BreadcrumbList","@id":"https:\/\/clair.si\/hr\/izdelek\/kaciga-e-t-wings-mips\/#breadcrumb","itemListElement":[{"@type":"ListItem","position":1,"name":"Home","item":"https:\/\/clair.si\/hr\/"},{"@type":"ListItem","position":2,"name":"Trgovina","item":"https:\/\/clair.si\/trgovina\/"},{"@type":"ListItem","position":3,"name":"Kaciga E-T Wings MIPS"}]},{"@type":"WebSite","@id":"https:\/\/clair.si\/#website","url":"https:\/\/clair.si\/","name":"Clair","description":"Trgovina s konjeni\u0161ko opremo","publisher":{"@id":"https:\/\/clair.si\/#organization"},"potentialAction":[{"@type":"SearchAction","target":{"@type":"EntryPoint","urlTemplate":"https:\/\/clair.si\/?s={search_term_string}"},"query-input":{"@type":"PropertyValueSpecification","valueRequired":true,"valueName":"search_term_string"}}],"inLanguage":"hr"},{"@type":"Organization","@id":"https:\/\/clair.si\/#organization","name":"Clair","url":"https:\/\/clair.si\/","logo":{"@type":"ImageObject","inLanguage":"hr","@id":"https:\/\/clair.si\/#\/schema\/logo\/image\/","url":"https:\/\/clair.si\/wp-content\/uploads\/2022\/11\/clair_logo_2022.jpg","contentUrl":"https:\/\/clair.si\/wp-content\/uploads\/2022\/11\/clair_logo_2022.jpg","width":1920,"height":1920,"caption":"Clair"},"image":{"@id":"https:\/\/clair.si\/#\/schema\/logo\/image\/"},"sameAs":["https:\/\/www.facebook.com\/TrgovinaClair\/"]}]}},"_links":{"self":[{"href":"https:\/\/clair.si\/hr\/wp-json\/wp\/v2\/product\/97490","targetHints":{"allow":["GET"]}}],"collection":[{"href":"https:\/\/clair.si\/hr\/wp-json\/wp\/v2\/product"}],"about":[{"href":"https:\/\/clair.si\/hr\/wp-json\/wp\/v2\/types\/product"}],"version-history":[{"count":1,"href":"https:\/\/clair.si\/hr\/wp-json\/wp\/v2\/product\/97490\/revisions"}],"predecessor-version":[{"id":113719,"href":"https:\/\/clair.si\/hr\/wp-json\/wp\/v2\/product\/97490\/revisions\/113719"}],"wp:featuredmedia":[{"embeddable":true,"href":"https:\/\/clair.si\/hr\/wp-json\/wp\/v2\/media\/97510"}],"wp:attachment":[{"href":"https:\/\/clair.si\/hr\/wp-json\/wp\/v2\/media?parent=97490"}],"wp:term":[{"taxonomy":"product_brand","embeddable":true,"href":"https:\/\/clair.si\/hr\/wp-json\/wp\/v2\/product_brand?post=97490"},{"taxonomy":"product_cat","embeddable":true,"href":"https:\/\/clair.si\/hr\/wp-json\/wp\/v2\/product_cat?post=97490"},{"taxonomy":"product_tag","embeddable":true,"href":"https:\/\/clair.si\/hr\/wp-json\/wp\/v2\/product_tag?post=97490"}],"curies":[{"name":"wp","href":"https:\/\/api.w.org\/{rel}","templated":true}]}}