{"id":97533,"date":"2023-11-02T11:13:05","date_gmt":"2023-11-02T10:13:05","guid":{"rendered":"https:\/\/clair.si\/izdelek\/zimske-jahace-rukavice-roeckl-winya\/"},"modified":"2026-02-11T13:12:10","modified_gmt":"2026-02-11T12:12:10","slug":"zimske-jahace-rukavice-roeckl-winya","status":"publish","type":"product","link":"https:\/\/clair.si\/hr\/izdelek\/zimske-jahace-rukavice-roeckl-winya\/","title":{"rendered":"Zimske jaha\u0107e rukavice Roeckl Winya"},"content":{"rendered":"<p><strong>Zimske jaha\u0107e rukavice Roeckl Winya<\/strong> &#8211; m<span class=\"HwtZe\" lang=\"sl\"><span class=\"jCAhz ChMk0b\"><span class=\"ryNqvb\">oderne zimske jaha\u0107e rukavice <strong>iz serije Roeckl ECO-SERIES<\/strong>.<\/span><\/span> <span class=\"jCAhz ChMk0b\"><span class=\"ryNqvb\">Materijal soft shell je otporan na vjetar, vodoodbojan i vrlo prozra\u010dan.<\/span><\/span> <span class=\"jCAhz ChMk0b\"><span class=\"ryNqvb\">Unutarnji materijal dlana osigurava dobar oprijem.<\/span><\/span> <span class=\"jCAhz ChMk0b\"><span class=\"ryNqvb\">Unutra\u0161njost rukavice je mekano podlo\u017eena.<\/span><\/span> <span class=\"jCAhz ChMk0b\"><span class=\"ryNqvb\">Zaponka na kavelj i om\u010du na zape\u0161\u0107u.<\/span><\/span><\/span><\/p>\n<p><span class=\"HwtZe\" lang=\"sl\"><span class=\"jCAhz ChMk0b\"><span class=\"ryNqvb\">Vrlo funkcionalna WINYA je moderna, elegantna i odli\u010dna za kombiniranje s razli\u010ditom odje\u0107om.<\/span><\/span> <span class=\"jCAhz ChMk0b\"><span class=\"ryNqvb\">Ova zimska jaha\u0107a rukavica se ponosi savr\u0161enim prianjanjem i <strong>odr\u017eava va\u0161e ruke uvijek toplima<\/strong>, bilo na konju ili u staji.<\/span><\/span> <span class=\"jCAhz ChMk0b\"><span class=\"ryNqvb\">\u0160tovi\u0161e, izra\u0111ena je od \u0161to ve\u0107eg broja recikliranih materijala, \u010dime je zaslu\u017eio \u017eeljeni certifikat \u00bbVisoki omjer recikliranja\u00ab.<\/span><\/span> <span class=\"jCAhz ChMk0b\"><span class=\"ryNqvb\">Ovaj model je izra\u0111en od svilenkasto glatkog ROECK-PROOF\u00ae ECO Denali, vjetrootpornog, vodoodbojnog i prozra\u010dnog troslojnog laminata, sastavljenog od 87 % recikliranog poliestera i 13 % elastana.<\/span><\/span> <\/span><\/p>\n<p><span class=\"HwtZe\" lang=\"sl\"><strong><span class=\"jCAhz ChMk0b\"><span class=\"ryNqvb\">Siguran i pouzdan oprijem na vodilicama za preciznu k<\/span><\/span><\/strong><span class=\"jCAhz ChMk0b\"><span class=\"ryNqvb\"><strong>omunikaciju s konjem<\/strong> osigurava dlan od materijala ECO.SENSE\u00ae.<\/span><\/span> <span class=\"jCAhz ChMk0b\"><span class=\"ryNqvb\">Ovaj mekan, ali iznimno robustan materijal od sinteti\u010dke bru\u0161ene ko\u017ee je na dodir sli\u010dan pravoj bru\u0161enoj ko\u017ei, ali je u stvari izra\u0111en od 60 % recikliranog poliestera, 32 % obi\u010dnog poliestera i 8 % elastana.<\/span><\/span> <span class=\"jCAhz ChMk0b\"><span class=\"ryNqvb\">Elasti\u010dna, pripijeno mekana ECO Stretch podloga od flisa odr\u017eava toplinu u unutra\u0161njosti rukavice i osigurava udobnost pri no\u0161enju.<\/span><\/span> <span class=\"jCAhz ChMk0b\"><span class=\"ryNqvb\">Za prvoklasno prianjanje i optimalan oprijem, ROECKL SPORTS je izradio rukavicu WINYA koriste\u0107i ekskluzivni COMFORT-CUT, s posebnom strukturom \u0161ava na ka\u017eiprstu.<\/span><\/span> <span class=\"jCAhz ChMk0b\"><span class=\"ryNqvb\">Naposljetku, zaponka Velcro udobno pri\u010dvr\u0161\u0107uje rukavicu oko zape\u0161\u0107a.<\/span><\/span><\/span><\/p>\n<p><span class=\"HwtZe\" lang=\"sl\"><span class=\"jCAhz ChMk0b\"><span class=\"ryNqvb\">Perivo u perilici rublja na 30\u00b0. <\/span><\/span><\/span><\/p>\n<p><span class=\"HwtZe\" lang=\"sl\"><span class=\"jCAhz ChMk0b\"><span class=\"ryNqvb\">Materijal: Stra\u017enji dio: 87 % recikliran poliester, 13 % elastan,<\/span><\/span> dl<span class=\"jCAhz ChMk0b\"><span class=\"ryNqvb\">an: 60 % recikliran poliester, 32 % poliester, 8 % elastan.<\/span><\/span><\/span><strong><br \/>\n<\/strong><\/p>\n","protected":false},"excerpt":{"rendered":"<p>Zimske jaha\u0107e rukavice Roeckl Winya &#8211; moderne zimske jaha\u0107e rukavice iz serije Roeckl ECO-SERIES. Materijal soft shell je otporan na<\/p>\n","protected":false},"featured_media":97537,"template":"","meta":{"footnotes":""},"product_brand":[],"product_cat":[5654,5670,5737,5988],"product_tag":[],"class_list":{"0":"post-97533","1":"product","2":"type-product","3":"status-publish","4":"has-post-thumbnail","6":"product_cat-jahac-hr","7":"product_cat-natjecanja","8":"product_cat-rukavice","9":"product_cat-zimske-rukavice","11":"first","12":"instock","13":"sale","14":"shipping-taxable","15":"purchasable","16":"product-type-variable"},"yoast_head":"<!-- This site is optimized with the Yoast SEO plugin v27.4 - https:\/\/yoast.com\/product\/yoast-seo-wordpress\/ -->\n<title>Zimske jaha\u0107e rukavice Roeckl Winya - Clair<\/title>\n<meta name=\"description\" content=\"Zimske jaha\u0107e rukavice Roeckl Winya - moderne zimske jaha\u0107e rukavice iz serije Roeckl ECO-SERIES. Materijal soft shell je otporan na vjetar, vodoodbojan i\" \/>\n<meta name=\"robots\" content=\"index, follow, max-snippet:-1, max-image-preview:large, max-video-preview:-1\" \/>\n<link rel=\"canonical\" href=\"https:\/\/clair.si\/hr\/izdelek\/zimske-jahace-rukavice-roeckl-winya\/\" \/>\n<meta property=\"og:locale\" content=\"hr_HR\" \/>\n<meta property=\"og:type\" content=\"article\" \/>\n<meta property=\"og:title\" content=\"Zimske jaha\u0107e rukavice Roeckl Winya - Clair\" \/>\n<meta property=\"og:description\" content=\"Zimske jaha\u0107e rukavice Roeckl Winya - moderne zimske jaha\u0107e rukavice iz serije Roeckl ECO-SERIES. Materijal soft shell je otporan na vjetar, vodoodbojan i\" \/>\n<meta property=\"og:url\" content=\"https:\/\/clair.si\/hr\/izdelek\/zimske-jahace-rukavice-roeckl-winya\/\" \/>\n<meta property=\"og:site_name\" content=\"Clair\" \/>\n<meta property=\"article:publisher\" content=\"https:\/\/www.facebook.com\/TrgovinaClair\/\" \/>\n<meta property=\"article:modified_time\" content=\"2026-02-11T12:12:10+00:00\" \/>\n<meta property=\"og:image\" content=\"https:\/\/clair.si\/wp-content\/uploads\/2023\/11\/roeckl-winya-crna-clair-trgovina-konjeniska-oprema.jpg\" \/>\n\t<meta property=\"og:image:width\" content=\"1000\" \/>\n\t<meta property=\"og:image:height\" content=\"1000\" \/>\n\t<meta property=\"og:image:type\" content=\"image\/jpeg\" \/>\n<meta name=\"twitter:card\" content=\"summary_large_image\" \/>\n<meta name=\"twitter:label1\" content=\"Procijenjeno vrijeme \u010ditanja\" \/>\n\t<meta name=\"twitter:data1\" content=\"1 minuta\" \/>\n<script type=\"application\/ld+json\" class=\"yoast-schema-graph\">{\"@context\":\"https:\\\/\\\/schema.org\",\"@graph\":[{\"@type\":\"WebPage\",\"@id\":\"https:\\\/\\\/clair.si\\\/hr\\\/izdelek\\\/zimske-jahace-rukavice-roeckl-winya\\\/\",\"url\":\"https:\\\/\\\/clair.si\\\/hr\\\/izdelek\\\/zimske-jahace-rukavice-roeckl-winya\\\/\",\"name\":\"Zimske jaha\u0107e rukavice Roeckl Winya - Clair\",\"isPartOf\":{\"@id\":\"https:\\\/\\\/clair.si\\\/#website\"},\"primaryImageOfPage\":{\"@id\":\"https:\\\/\\\/clair.si\\\/hr\\\/izdelek\\\/zimske-jahace-rukavice-roeckl-winya\\\/#primaryimage\"},\"image\":{\"@id\":\"https:\\\/\\\/clair.si\\\/hr\\\/izdelek\\\/zimske-jahace-rukavice-roeckl-winya\\\/#primaryimage\"},\"thumbnailUrl\":\"https:\\\/\\\/clair.si\\\/wp-content\\\/uploads\\\/2023\\\/11\\\/roeckl-winya-crna-clair-trgovina-konjeniska-oprema.webp\",\"datePublished\":\"2023-11-02T10:13:05+00:00\",\"dateModified\":\"2026-02-11T12:12:10+00:00\",\"description\":\"Zimske jaha\u0107e rukavice Roeckl Winya - moderne zimske jaha\u0107e rukavice iz serije Roeckl ECO-SERIES. Materijal soft shell je otporan na vjetar, vodoodbojan i\",\"breadcrumb\":{\"@id\":\"https:\\\/\\\/clair.si\\\/hr\\\/izdelek\\\/zimske-jahace-rukavice-roeckl-winya\\\/#breadcrumb\"},\"inLanguage\":\"hr\",\"potentialAction\":[{\"@type\":\"ReadAction\",\"target\":[\"https:\\\/\\\/clair.si\\\/hr\\\/izdelek\\\/zimske-jahace-rukavice-roeckl-winya\\\/\"]}]},{\"@type\":\"ImageObject\",\"inLanguage\":\"hr\",\"@id\":\"https:\\\/\\\/clair.si\\\/hr\\\/izdelek\\\/zimske-jahace-rukavice-roeckl-winya\\\/#primaryimage\",\"url\":\"https:\\\/\\\/clair.si\\\/wp-content\\\/uploads\\\/2023\\\/11\\\/roeckl-winya-crna-clair-trgovina-konjeniska-oprema.webp\",\"contentUrl\":\"https:\\\/\\\/clair.si\\\/wp-content\\\/uploads\\\/2023\\\/11\\\/roeckl-winya-crna-clair-trgovina-konjeniska-oprema.webp\",\"width\":1000,\"height\":1000},{\"@type\":\"BreadcrumbList\",\"@id\":\"https:\\\/\\\/clair.si\\\/hr\\\/izdelek\\\/zimske-jahace-rukavice-roeckl-winya\\\/#breadcrumb\",\"itemListElement\":[{\"@type\":\"ListItem\",\"position\":1,\"name\":\"Home\",\"item\":\"https:\\\/\\\/clair.si\\\/hr\\\/\"},{\"@type\":\"ListItem\",\"position\":2,\"name\":\"Trgovina\",\"item\":\"https:\\\/\\\/clair.si\\\/trgovina\\\/\"},{\"@type\":\"ListItem\",\"position\":3,\"name\":\"Zimske jaha\u0107e rukavice Roeckl Winya\"}]},{\"@type\":\"WebSite\",\"@id\":\"https:\\\/\\\/clair.si\\\/#website\",\"url\":\"https:\\\/\\\/clair.si\\\/\",\"name\":\"Clair\",\"description\":\"Trgovina s konjeni\u0161ko opremo\",\"publisher\":{\"@id\":\"https:\\\/\\\/clair.si\\\/#organization\"},\"potentialAction\":[{\"@type\":\"SearchAction\",\"target\":{\"@type\":\"EntryPoint\",\"urlTemplate\":\"https:\\\/\\\/clair.si\\\/?s={search_term_string}\"},\"query-input\":{\"@type\":\"PropertyValueSpecification\",\"valueRequired\":true,\"valueName\":\"search_term_string\"}}],\"inLanguage\":\"hr\"},{\"@type\":\"Organization\",\"@id\":\"https:\\\/\\\/clair.si\\\/#organization\",\"name\":\"Clair\",\"url\":\"https:\\\/\\\/clair.si\\\/\",\"logo\":{\"@type\":\"ImageObject\",\"inLanguage\":\"hr\",\"@id\":\"https:\\\/\\\/clair.si\\\/#\\\/schema\\\/logo\\\/image\\\/\",\"url\":\"https:\\\/\\\/clair.si\\\/wp-content\\\/uploads\\\/2022\\\/11\\\/clair_logo_2022.jpg\",\"contentUrl\":\"https:\\\/\\\/clair.si\\\/wp-content\\\/uploads\\\/2022\\\/11\\\/clair_logo_2022.jpg\",\"width\":1920,\"height\":1920,\"caption\":\"Clair\"},\"image\":{\"@id\":\"https:\\\/\\\/clair.si\\\/#\\\/schema\\\/logo\\\/image\\\/\"},\"sameAs\":[\"https:\\\/\\\/www.facebook.com\\\/TrgovinaClair\\\/\"]}]}<\/script>\n<!-- \/ Yoast SEO plugin. -->","yoast_head_json":{"title":"Zimske jaha\u0107e rukavice Roeckl Winya - Clair","description":"Zimske jaha\u0107e rukavice Roeckl Winya - moderne zimske jaha\u0107e rukavice iz serije Roeckl ECO-SERIES. Materijal soft shell je otporan na vjetar, vodoodbojan i","robots":{"index":"index","follow":"follow","max-snippet":"max-snippet:-1","max-image-preview":"max-image-preview:large","max-video-preview":"max-video-preview:-1"},"canonical":"https:\/\/clair.si\/hr\/izdelek\/zimske-jahace-rukavice-roeckl-winya\/","og_locale":"hr_HR","og_type":"article","og_title":"Zimske jaha\u0107e rukavice Roeckl Winya - Clair","og_description":"Zimske jaha\u0107e rukavice Roeckl Winya - moderne zimske jaha\u0107e rukavice iz serije Roeckl ECO-SERIES. Materijal soft shell je otporan na vjetar, vodoodbojan i","og_url":"https:\/\/clair.si\/hr\/izdelek\/zimske-jahace-rukavice-roeckl-winya\/","og_site_name":"Clair","article_publisher":"https:\/\/www.facebook.com\/TrgovinaClair\/","article_modified_time":"2026-02-11T12:12:10+00:00","og_image":[{"width":1000,"height":1000,"url":"https:\/\/clair.si\/wp-content\/uploads\/2023\/11\/roeckl-winya-crna-clair-trgovina-konjeniska-oprema.jpg","type":"image\/jpeg"}],"twitter_card":"summary_large_image","twitter_misc":{"Procijenjeno vrijeme \u010ditanja":"1 minuta"},"schema":{"@context":"https:\/\/schema.org","@graph":[{"@type":"WebPage","@id":"https:\/\/clair.si\/hr\/izdelek\/zimske-jahace-rukavice-roeckl-winya\/","url":"https:\/\/clair.si\/hr\/izdelek\/zimske-jahace-rukavice-roeckl-winya\/","name":"Zimske jaha\u0107e rukavice Roeckl Winya - Clair","isPartOf":{"@id":"https:\/\/clair.si\/#website"},"primaryImageOfPage":{"@id":"https:\/\/clair.si\/hr\/izdelek\/zimske-jahace-rukavice-roeckl-winya\/#primaryimage"},"image":{"@id":"https:\/\/clair.si\/hr\/izdelek\/zimske-jahace-rukavice-roeckl-winya\/#primaryimage"},"thumbnailUrl":"https:\/\/clair.si\/wp-content\/uploads\/2023\/11\/roeckl-winya-crna-clair-trgovina-konjeniska-oprema.webp","datePublished":"2023-11-02T10:13:05+00:00","dateModified":"2026-02-11T12:12:10+00:00","description":"Zimske jaha\u0107e rukavice Roeckl Winya - moderne zimske jaha\u0107e rukavice iz serije Roeckl ECO-SERIES. Materijal soft shell je otporan na vjetar, vodoodbojan i","breadcrumb":{"@id":"https:\/\/clair.si\/hr\/izdelek\/zimske-jahace-rukavice-roeckl-winya\/#breadcrumb"},"inLanguage":"hr","potentialAction":[{"@type":"ReadAction","target":["https:\/\/clair.si\/hr\/izdelek\/zimske-jahace-rukavice-roeckl-winya\/"]}]},{"@type":"ImageObject","inLanguage":"hr","@id":"https:\/\/clair.si\/hr\/izdelek\/zimske-jahace-rukavice-roeckl-winya\/#primaryimage","url":"https:\/\/clair.si\/wp-content\/uploads\/2023\/11\/roeckl-winya-crna-clair-trgovina-konjeniska-oprema.webp","contentUrl":"https:\/\/clair.si\/wp-content\/uploads\/2023\/11\/roeckl-winya-crna-clair-trgovina-konjeniska-oprema.webp","width":1000,"height":1000},{"@type":"BreadcrumbList","@id":"https:\/\/clair.si\/hr\/izdelek\/zimske-jahace-rukavice-roeckl-winya\/#breadcrumb","itemListElement":[{"@type":"ListItem","position":1,"name":"Home","item":"https:\/\/clair.si\/hr\/"},{"@type":"ListItem","position":2,"name":"Trgovina","item":"https:\/\/clair.si\/trgovina\/"},{"@type":"ListItem","position":3,"name":"Zimske jaha\u0107e rukavice Roeckl Winya"}]},{"@type":"WebSite","@id":"https:\/\/clair.si\/#website","url":"https:\/\/clair.si\/","name":"Clair","description":"Trgovina s konjeni\u0161ko opremo","publisher":{"@id":"https:\/\/clair.si\/#organization"},"potentialAction":[{"@type":"SearchAction","target":{"@type":"EntryPoint","urlTemplate":"https:\/\/clair.si\/?s={search_term_string}"},"query-input":{"@type":"PropertyValueSpecification","valueRequired":true,"valueName":"search_term_string"}}],"inLanguage":"hr"},{"@type":"Organization","@id":"https:\/\/clair.si\/#organization","name":"Clair","url":"https:\/\/clair.si\/","logo":{"@type":"ImageObject","inLanguage":"hr","@id":"https:\/\/clair.si\/#\/schema\/logo\/image\/","url":"https:\/\/clair.si\/wp-content\/uploads\/2022\/11\/clair_logo_2022.jpg","contentUrl":"https:\/\/clair.si\/wp-content\/uploads\/2022\/11\/clair_logo_2022.jpg","width":1920,"height":1920,"caption":"Clair"},"image":{"@id":"https:\/\/clair.si\/#\/schema\/logo\/image\/"},"sameAs":["https:\/\/www.facebook.com\/TrgovinaClair\/"]}]}},"_links":{"self":[{"href":"https:\/\/clair.si\/hr\/wp-json\/wp\/v2\/product\/97533","targetHints":{"allow":["GET"]}}],"collection":[{"href":"https:\/\/clair.si\/hr\/wp-json\/wp\/v2\/product"}],"about":[{"href":"https:\/\/clair.si\/hr\/wp-json\/wp\/v2\/types\/product"}],"version-history":[{"count":0,"href":"https:\/\/clair.si\/hr\/wp-json\/wp\/v2\/product\/97533\/revisions"}],"wp:featuredmedia":[{"embeddable":true,"href":"https:\/\/clair.si\/hr\/wp-json\/wp\/v2\/media\/97537"}],"wp:attachment":[{"href":"https:\/\/clair.si\/hr\/wp-json\/wp\/v2\/media?parent=97533"}],"wp:term":[{"taxonomy":"product_brand","embeddable":true,"href":"https:\/\/clair.si\/hr\/wp-json\/wp\/v2\/product_brand?post=97533"},{"taxonomy":"product_cat","embeddable":true,"href":"https:\/\/clair.si\/hr\/wp-json\/wp\/v2\/product_cat?post=97533"},{"taxonomy":"product_tag","embeddable":true,"href":"https:\/\/clair.si\/hr\/wp-json\/wp\/v2\/product_tag?post=97533"}],"curies":[{"name":"wp","href":"https:\/\/api.w.org\/{rel}","templated":true}]}}