{"id":97632,"date":"2023-09-24T18:05:56","date_gmt":"2023-09-24T16:05:56","guid":{"rendered":"https:\/\/clair.si\/izdelek\/naf-metazone\/"},"modified":"2026-01-01T10:59:56","modified_gmt":"2026-01-01T09:59:56","slug":"naf-metazone","status":"publish","type":"product","link":"https:\/\/clair.si\/hr\/izdelek\/naf-metazone\/","title":{"rendered":"NAF Metazone"},"content":{"rendered":"<p><strong>NAF Metazone <\/strong><span class=\"HwtZe\" lang=\"sl\"><span class=\"jCAhz ChMk0b\"><span class=\"ryNqvb\"><strong>Teku\u0107ina<\/strong> &#8211; <\/span><\/span><span class=\"jCAhz ChMk0b\"><span class=\"ryNqvb\">Formulirano posebno za potporu protuupalnim procesima. NAF Five Star Metazone je u\u010dinkovit nutricentik s pet zvjezdica za lije\u010denje konja kojima je potrebna dodatna potpora. <\/span><\/span> <span class=\"jCAhz ChMk0b\"><span class=\"ryNqvb\">Metazon je sastavljen od sinergisti\u010dke mje\u0161avine sastojaka koji podr\u017eavaju prirodne protuupalne puteve.<\/span><\/span> <span class=\"jCAhz ChMk0b\"><span class=\"ryNqvb\">Biljni fitokemikalije koje \u010dine ovaj proizvod pru\u017eaju potporu tamo gdje je tijelo treba, bilo da se radi o zglobovima, kopitima, tetivama, ligamentima, mi\u0161i\u0107ima ili ko\u017ei.<\/span><\/span> <\/span><\/p>\n<p><span class=\"HwtZe\" lang=\"sl\"><span class=\"jCAhz ChMk0b\"><span class=\"ryNqvb\">Za one konje koji se natje\u010du, dizajniran je tako da je siguran za natjecanja i nema karencije, \u0161to zna\u010di da se mo\u017ee hraniti svaki dan<\/span><\/span><\/span><\/p>\n<ul>\n<li><span class=\"HwtZe\" lang=\"sl\"><span class=\"jCAhz ChMk0b\"><span class=\"ryNqvb\">Podr\u017eava protuupalne odgovore va\u0161eg konja po cijelom tijelu <\/span><\/span><\/span><\/li>\n<li><span class=\"HwtZe\" lang=\"sl\"><span class=\"jCAhz ChMk0b\"><span class=\"ryNqvb\">Prikladno za svakodnevnu upotrebu kada je udobnost klju\u010dna<\/span><\/span><\/span><\/li>\n<li><span class=\"HwtZe\" lang=\"sl\"><span class=\"jCAhz ChMk0b\"><span class=\"ryNqvb\">Dizajniran za u\u010dinkovito djelovanje bez ugro\u017eavanja zdravlja crijeva<\/span><\/span> <\/span><\/li>\n<li><span class=\"HwtZe\" lang=\"sl\"><span class=\"jCAhz ChMk0b\"><span class=\"ryNqvb\">Mo\u017ee se hraniti zajedno s bilo kojim drugim NAF proizvodom<\/span><\/span><\/span><\/li>\n<\/ul>\n<p><strong>Sastav:<\/strong> <em><span class=\"HwtZe\" lang=\"sl\"><span class=\"jCAhz ChMk0b\"><span class=\"ryNqvb\">Magnezijev klorid, ljuske \u0161ipka, bobice Schisandre, kora (bo\u017eur), mje\u0161avina bilja origana, kalcijev karbonat, monogliceridi masnih kiselina (oleinska kiselina).<\/span><\/span><\/span><\/em><\/p>\n<p>Dodatni sastojci: tinktura pjegavog \u010di\u010dka 160 ml, tinktura bo\u017eura 660 ml, tinktura \u0161ipka 160 ml<\/p>\n<p>Analiti\u010dki sastav: sirovi proteini &lt;0,6 %, sirova mast &lt;0,3 %, sirovi pepeo 0,4 %, sirova vlakna &lt;0,1 %, sadr\u017eaj vlage 94 %, natrij 0,02 %<\/p>\n<p><strong>Preporuka za hranjenje:<\/strong><br \/>\nMetazon je primjeren za svakodnevnu upotrebu.<\/p>\n<p>Konji ml\/dan<\/p>\n<ul>\n<li>Po\u010detna doza 60-90 ml<\/li>\n<li>Trening i doza odr\u017eavanja 30 ml<\/li>\n<\/ul>\n<p>Poniji (&lt;400 kg) ml\/dan<\/p>\n<ul>\n<li>Po\u010detna doza 45-60 ml<\/li>\n<li>Trening i doza odr\u017eavanja 15-30 ml<\/li>\n<\/ul>\n<p><strong>Va\u017eno:<\/strong><br \/>\nPo\u010detna doza se mo\u017ee koristiti 4-5 dana ako primijetite pove\u0107anu potrebu, npr. kada postoje odgovaraju\u0107i znakovi, na putovanju, na turnirima ili po savjetu veterinara. <\/p>\n<p>&nbsp;<\/p>\n","protected":false},"excerpt":{"rendered":"<p><img loading=\"lazy\" decoding=\"async\" class=\"alignnone size-full wp-image-28462\" src=\"https:\/\/clair.si\/wp-content\/uploads\/2022\/07\/lowimpact.webp\" alt=\"\" width=\"150\" height=\"150\"><img loading=\"lazy\" decoding=\"async\" class=\"alignnone size-full wp-image-26800\" src=\"https:\/\/clair.si\/wp-content\/uploads\/2023\/02\/natural1.jpg\" alt=\"\" width=\"150\" height=\"150\"><\/p>\n","protected":false},"featured_media":97635,"template":"","meta":{"footnotes":""},"product_brand":[],"product_cat":[5710,5784,5712],"product_tag":[],"class_list":{"0":"post-97632","1":"product","2":"type-product","3":"status-publish","4":"has-post-thumbnail","6":"product_cat-hrana-za-konje-hr","7":"product_cat-naf-prehrambeni-dodaci","8":"product_cat-prehrambeni-dodaci","10":"first","11":"instock","12":"sale","13":"featured","14":"shipping-taxable","15":"purchasable","16":"product-type-simple"},"yoast_head":"<!-- This site is optimized with the Yoast SEO plugin v27.4 - https:\/\/yoast.com\/product\/yoast-seo-wordpress\/ -->\n<title>NAF Metazone - Clair<\/title>\n<meta name=\"robots\" content=\"index, follow, max-snippet:-1, max-image-preview:large, max-video-preview:-1\" \/>\n<link rel=\"canonical\" href=\"https:\/\/clair.si\/hr\/izdelek\/naf-metazone\/\" \/>\n<meta property=\"og:locale\" content=\"hr_HR\" \/>\n<meta property=\"og:type\" content=\"article\" \/>\n<meta property=\"og:title\" content=\"NAF Metazone - Clair\" \/>\n<meta property=\"og:url\" content=\"https:\/\/clair.si\/hr\/izdelek\/naf-metazone\/\" \/>\n<meta property=\"og:site_name\" content=\"Clair\" \/>\n<meta property=\"article:publisher\" content=\"https:\/\/www.facebook.com\/TrgovinaClair\/\" \/>\n<meta property=\"article:modified_time\" content=\"2026-01-01T09:59:56+00:00\" \/>\n<meta property=\"og:image\" content=\"https:\/\/clair.si\/wp-content\/uploads\/2023\/09\/naf-metazone-liquid-complementary-feed-prehranski-dodatek-za-konje-clair-trgovina-jpg.webp\" \/>\n\t<meta property=\"og:image:width\" content=\"800\" \/>\n\t<meta property=\"og:image:height\" content=\"800\" \/>\n\t<meta property=\"og:image:type\" content=\"image\/jpeg\" \/>\n<meta name=\"twitter:card\" content=\"summary_large_image\" \/>\n<meta name=\"twitter:label1\" content=\"Procijenjeno vrijeme \u010ditanja\" \/>\n\t<meta name=\"twitter:data1\" content=\"1 minuta\" \/>\n<script type=\"application\/ld+json\" class=\"yoast-schema-graph\">{\"@context\":\"https:\\\/\\\/schema.org\",\"@graph\":[{\"@type\":\"WebPage\",\"@id\":\"https:\\\/\\\/clair.si\\\/hr\\\/izdelek\\\/naf-metazone\\\/\",\"url\":\"https:\\\/\\\/clair.si\\\/hr\\\/izdelek\\\/naf-metazone\\\/\",\"name\":\"NAF Metazone - Clair\",\"isPartOf\":{\"@id\":\"https:\\\/\\\/clair.si\\\/#website\"},\"primaryImageOfPage\":{\"@id\":\"https:\\\/\\\/clair.si\\\/hr\\\/izdelek\\\/naf-metazone\\\/#primaryimage\"},\"image\":{\"@id\":\"https:\\\/\\\/clair.si\\\/hr\\\/izdelek\\\/naf-metazone\\\/#primaryimage\"},\"thumbnailUrl\":\"https:\\\/\\\/clair.si\\\/wp-content\\\/uploads\\\/2023\\\/09\\\/naf-metazone-liquid-complementary-feed-prehranski-dodatek-za-konje-clair-trgovina-jpg.webp\",\"datePublished\":\"2023-09-24T16:05:56+00:00\",\"dateModified\":\"2026-01-01T09:59:56+00:00\",\"breadcrumb\":{\"@id\":\"https:\\\/\\\/clair.si\\\/hr\\\/izdelek\\\/naf-metazone\\\/#breadcrumb\"},\"inLanguage\":\"hr\",\"potentialAction\":[{\"@type\":\"ReadAction\",\"target\":[\"https:\\\/\\\/clair.si\\\/hr\\\/izdelek\\\/naf-metazone\\\/\"]}]},{\"@type\":\"ImageObject\",\"inLanguage\":\"hr\",\"@id\":\"https:\\\/\\\/clair.si\\\/hr\\\/izdelek\\\/naf-metazone\\\/#primaryimage\",\"url\":\"https:\\\/\\\/clair.si\\\/wp-content\\\/uploads\\\/2023\\\/09\\\/naf-metazone-liquid-complementary-feed-prehranski-dodatek-za-konje-clair-trgovina-jpg.webp\",\"contentUrl\":\"https:\\\/\\\/clair.si\\\/wp-content\\\/uploads\\\/2023\\\/09\\\/naf-metazone-liquid-complementary-feed-prehranski-dodatek-za-konje-clair-trgovina-jpg.webp\",\"width\":800,\"height\":800},{\"@type\":\"BreadcrumbList\",\"@id\":\"https:\\\/\\\/clair.si\\\/hr\\\/izdelek\\\/naf-metazone\\\/#breadcrumb\",\"itemListElement\":[{\"@type\":\"ListItem\",\"position\":1,\"name\":\"Home\",\"item\":\"https:\\\/\\\/clair.si\\\/hr\\\/\"},{\"@type\":\"ListItem\",\"position\":2,\"name\":\"Trgovina\",\"item\":\"https:\\\/\\\/clair.si\\\/trgovina\\\/\"},{\"@type\":\"ListItem\",\"position\":3,\"name\":\"NAF Metazone\"}]},{\"@type\":\"WebSite\",\"@id\":\"https:\\\/\\\/clair.si\\\/#website\",\"url\":\"https:\\\/\\\/clair.si\\\/\",\"name\":\"Clair\",\"description\":\"Trgovina s konjeni\u0161ko opremo\",\"publisher\":{\"@id\":\"https:\\\/\\\/clair.si\\\/#organization\"},\"potentialAction\":[{\"@type\":\"SearchAction\",\"target\":{\"@type\":\"EntryPoint\",\"urlTemplate\":\"https:\\\/\\\/clair.si\\\/?s={search_term_string}\"},\"query-input\":{\"@type\":\"PropertyValueSpecification\",\"valueRequired\":true,\"valueName\":\"search_term_string\"}}],\"inLanguage\":\"hr\"},{\"@type\":\"Organization\",\"@id\":\"https:\\\/\\\/clair.si\\\/#organization\",\"name\":\"Clair\",\"url\":\"https:\\\/\\\/clair.si\\\/\",\"logo\":{\"@type\":\"ImageObject\",\"inLanguage\":\"hr\",\"@id\":\"https:\\\/\\\/clair.si\\\/#\\\/schema\\\/logo\\\/image\\\/\",\"url\":\"https:\\\/\\\/clair.si\\\/wp-content\\\/uploads\\\/2022\\\/11\\\/clair_logo_2022.jpg\",\"contentUrl\":\"https:\\\/\\\/clair.si\\\/wp-content\\\/uploads\\\/2022\\\/11\\\/clair_logo_2022.jpg\",\"width\":1920,\"height\":1920,\"caption\":\"Clair\"},\"image\":{\"@id\":\"https:\\\/\\\/clair.si\\\/#\\\/schema\\\/logo\\\/image\\\/\"},\"sameAs\":[\"https:\\\/\\\/www.facebook.com\\\/TrgovinaClair\\\/\"]}]}<\/script>\n<!-- \/ Yoast SEO plugin. -->","yoast_head_json":{"title":"NAF Metazone - Clair","robots":{"index":"index","follow":"follow","max-snippet":"max-snippet:-1","max-image-preview":"max-image-preview:large","max-video-preview":"max-video-preview:-1"},"canonical":"https:\/\/clair.si\/hr\/izdelek\/naf-metazone\/","og_locale":"hr_HR","og_type":"article","og_title":"NAF Metazone - Clair","og_url":"https:\/\/clair.si\/hr\/izdelek\/naf-metazone\/","og_site_name":"Clair","article_publisher":"https:\/\/www.facebook.com\/TrgovinaClair\/","article_modified_time":"2026-01-01T09:59:56+00:00","og_image":[{"width":800,"height":800,"url":"https:\/\/clair.si\/wp-content\/uploads\/2023\/09\/naf-metazone-liquid-complementary-feed-prehranski-dodatek-za-konje-clair-trgovina-jpg.webp","type":"image\/jpeg"}],"twitter_card":"summary_large_image","twitter_misc":{"Procijenjeno vrijeme \u010ditanja":"1 minuta"},"schema":{"@context":"https:\/\/schema.org","@graph":[{"@type":"WebPage","@id":"https:\/\/clair.si\/hr\/izdelek\/naf-metazone\/","url":"https:\/\/clair.si\/hr\/izdelek\/naf-metazone\/","name":"NAF Metazone - Clair","isPartOf":{"@id":"https:\/\/clair.si\/#website"},"primaryImageOfPage":{"@id":"https:\/\/clair.si\/hr\/izdelek\/naf-metazone\/#primaryimage"},"image":{"@id":"https:\/\/clair.si\/hr\/izdelek\/naf-metazone\/#primaryimage"},"thumbnailUrl":"https:\/\/clair.si\/wp-content\/uploads\/2023\/09\/naf-metazone-liquid-complementary-feed-prehranski-dodatek-za-konje-clair-trgovina-jpg.webp","datePublished":"2023-09-24T16:05:56+00:00","dateModified":"2026-01-01T09:59:56+00:00","breadcrumb":{"@id":"https:\/\/clair.si\/hr\/izdelek\/naf-metazone\/#breadcrumb"},"inLanguage":"hr","potentialAction":[{"@type":"ReadAction","target":["https:\/\/clair.si\/hr\/izdelek\/naf-metazone\/"]}]},{"@type":"ImageObject","inLanguage":"hr","@id":"https:\/\/clair.si\/hr\/izdelek\/naf-metazone\/#primaryimage","url":"https:\/\/clair.si\/wp-content\/uploads\/2023\/09\/naf-metazone-liquid-complementary-feed-prehranski-dodatek-za-konje-clair-trgovina-jpg.webp","contentUrl":"https:\/\/clair.si\/wp-content\/uploads\/2023\/09\/naf-metazone-liquid-complementary-feed-prehranski-dodatek-za-konje-clair-trgovina-jpg.webp","width":800,"height":800},{"@type":"BreadcrumbList","@id":"https:\/\/clair.si\/hr\/izdelek\/naf-metazone\/#breadcrumb","itemListElement":[{"@type":"ListItem","position":1,"name":"Home","item":"https:\/\/clair.si\/hr\/"},{"@type":"ListItem","position":2,"name":"Trgovina","item":"https:\/\/clair.si\/trgovina\/"},{"@type":"ListItem","position":3,"name":"NAF Metazone"}]},{"@type":"WebSite","@id":"https:\/\/clair.si\/#website","url":"https:\/\/clair.si\/","name":"Clair","description":"Trgovina s konjeni\u0161ko opremo","publisher":{"@id":"https:\/\/clair.si\/#organization"},"potentialAction":[{"@type":"SearchAction","target":{"@type":"EntryPoint","urlTemplate":"https:\/\/clair.si\/?s={search_term_string}"},"query-input":{"@type":"PropertyValueSpecification","valueRequired":true,"valueName":"search_term_string"}}],"inLanguage":"hr"},{"@type":"Organization","@id":"https:\/\/clair.si\/#organization","name":"Clair","url":"https:\/\/clair.si\/","logo":{"@type":"ImageObject","inLanguage":"hr","@id":"https:\/\/clair.si\/#\/schema\/logo\/image\/","url":"https:\/\/clair.si\/wp-content\/uploads\/2022\/11\/clair_logo_2022.jpg","contentUrl":"https:\/\/clair.si\/wp-content\/uploads\/2022\/11\/clair_logo_2022.jpg","width":1920,"height":1920,"caption":"Clair"},"image":{"@id":"https:\/\/clair.si\/#\/schema\/logo\/image\/"},"sameAs":["https:\/\/www.facebook.com\/TrgovinaClair\/"]}]}},"_links":{"self":[{"href":"https:\/\/clair.si\/hr\/wp-json\/wp\/v2\/product\/97632","targetHints":{"allow":["GET"]}}],"collection":[{"href":"https:\/\/clair.si\/hr\/wp-json\/wp\/v2\/product"}],"about":[{"href":"https:\/\/clair.si\/hr\/wp-json\/wp\/v2\/types\/product"}],"version-history":[{"count":0,"href":"https:\/\/clair.si\/hr\/wp-json\/wp\/v2\/product\/97632\/revisions"}],"wp:featuredmedia":[{"embeddable":true,"href":"https:\/\/clair.si\/hr\/wp-json\/wp\/v2\/media\/97635"}],"wp:attachment":[{"href":"https:\/\/clair.si\/hr\/wp-json\/wp\/v2\/media?parent=97632"}],"wp:term":[{"taxonomy":"product_brand","embeddable":true,"href":"https:\/\/clair.si\/hr\/wp-json\/wp\/v2\/product_brand?post=97632"},{"taxonomy":"product_cat","embeddable":true,"href":"https:\/\/clair.si\/hr\/wp-json\/wp\/v2\/product_cat?post=97632"},{"taxonomy":"product_tag","embeddable":true,"href":"https:\/\/clair.si\/hr\/wp-json\/wp\/v2\/product_tag?post=97632"}],"curies":[{"name":"wp","href":"https:\/\/api.w.org\/{rel}","templated":true}]}}