{"id":97650,"date":"2023-10-10T19:32:28","date_gmt":"2023-10-10T17:32:28","guid":{"rendered":"https:\/\/clair.si\/izdelek\/cetka-e-t-je-taime-dandy\/"},"modified":"2025-09-23T14:04:23","modified_gmt":"2025-09-23T12:04:23","slug":"cetka-e-t-je-taime-dandy","status":"publish","type":"product","link":"https:\/\/clair.si\/hr\/izdelek\/cetka-e-t-je-taime-dandy\/","title":{"rendered":"\u010cETKA E-T Je T&#8217;aime Dandy"},"content":{"rendered":"<p>Vi\u0161enamjenska \u010detka za njegu konja. Mekana, srednje veli\u010dine. <\/p>\n<p>Sastav: PP, poliuretan, polipropilen, guma<\/p>\n","protected":false},"excerpt":{"rendered":"<p>Vi\u0161enamjenska \u010detka za njegu konja. Mekana, srednje veli\u010dine. Sastav: PP, poliuretan, polipropilen, guma<\/p>\n","protected":false},"featured_media":97670,"template":"","meta":{"footnotes":""},"product_brand":[],"product_cat":[5626,5630,5915,5916,5744,5624,5625,5628],"product_tag":[],"class_list":{"0":"post-97650","1":"product","2":"type-product","3":"status-publish","4":"has-post-thumbnail","6":"product_cat-cetke","7":"product_cat-cetke-hr","8":"product_cat-equitheme-hr","9":"product_cat-equitheme-je-taime-hr","10":"product_cat-kolekcije-hr","11":"product_cat-konj-hr","12":"product_cat-njega-konja","13":"product_cat-njega-konja-hr","15":"first","16":"instock","17":"shipping-taxable","18":"purchasable","19":"product-type-variable"},"yoast_head":"<!-- This site is optimized with the Yoast SEO plugin v27.4 - https:\/\/yoast.com\/product\/yoast-seo-wordpress\/ -->\n<title>\u010cETKA E-T Je T&#039;aime Dandy - Clair<\/title>\n<meta name=\"description\" content=\"Vi\u0161enamjenska \u010detka za njegu konja. Mekana, srednje veli\u010dine.  Sastav: PP, poliuretan, polipropilen, guma\" \/>\n<meta name=\"robots\" content=\"index, follow, max-snippet:-1, max-image-preview:large, max-video-preview:-1\" \/>\n<link rel=\"canonical\" href=\"https:\/\/clair.si\/hr\/izdelek\/cetka-e-t-je-taime-dandy\/\" \/>\n<meta property=\"og:locale\" content=\"hr_HR\" \/>\n<meta property=\"og:type\" content=\"article\" \/>\n<meta property=\"og:title\" content=\"\u010cETKA E-T Je T&#039;aime Dandy - Clair\" \/>\n<meta property=\"og:description\" content=\"Vi\u0161enamjenska \u010detka za njegu konja. Mekana, srednje veli\u010dine.  Sastav: PP, poliuretan, polipropilen, guma\" \/>\n<meta property=\"og:url\" content=\"https:\/\/clair.si\/hr\/izdelek\/cetka-e-t-je-taime-dandy\/\" \/>\n<meta property=\"og:site_name\" content=\"Clair\" \/>\n<meta property=\"article:publisher\" content=\"https:\/\/www.facebook.com\/TrgovinaClair\/\" \/>\n<meta property=\"article:modified_time\" content=\"2025-09-23T12:04:23+00:00\" \/>\n<meta property=\"og:image\" content=\"https:\/\/clair.si\/wp-content\/uploads\/2023\/10\/krtaca_je-t-aime-equitheme-dandy-brush_bordo.avif\" \/>\n\t<meta property=\"og:image:width\" content=\"800\" \/>\n\t<meta property=\"og:image:height\" content=\"800\" \/>\n\t<meta property=\"og:image:type\" content=\"image\/jpeg\" \/>\n<meta name=\"twitter:card\" content=\"summary_large_image\" \/>\n<script type=\"application\/ld+json\" class=\"yoast-schema-graph\">{\"@context\":\"https:\\\/\\\/schema.org\",\"@graph\":[{\"@type\":\"WebPage\",\"@id\":\"https:\\\/\\\/clair.si\\\/hr\\\/izdelek\\\/cetka-e-t-je-taime-dandy\\\/\",\"url\":\"https:\\\/\\\/clair.si\\\/hr\\\/izdelek\\\/cetka-e-t-je-taime-dandy\\\/\",\"name\":\"\u010cETKA E-T Je T'aime Dandy - Clair\",\"isPartOf\":{\"@id\":\"https:\\\/\\\/clair.si\\\/#website\"},\"primaryImageOfPage\":{\"@id\":\"https:\\\/\\\/clair.si\\\/hr\\\/izdelek\\\/cetka-e-t-je-taime-dandy\\\/#primaryimage\"},\"image\":{\"@id\":\"https:\\\/\\\/clair.si\\\/hr\\\/izdelek\\\/cetka-e-t-je-taime-dandy\\\/#primaryimage\"},\"thumbnailUrl\":\"https:\\\/\\\/clair.si\\\/wp-content\\\/uploads\\\/2023\\\/10\\\/krtaca_je-t-aime-equitheme-dandy-brush_bordo.avif\",\"datePublished\":\"2023-10-10T17:32:28+00:00\",\"dateModified\":\"2025-09-23T12:04:23+00:00\",\"description\":\"Vi\u0161enamjenska \u010detka za njegu konja. Mekana, srednje veli\u010dine. Sastav: PP, poliuretan, polipropilen, guma\",\"breadcrumb\":{\"@id\":\"https:\\\/\\\/clair.si\\\/hr\\\/izdelek\\\/cetka-e-t-je-taime-dandy\\\/#breadcrumb\"},\"inLanguage\":\"hr\",\"potentialAction\":[{\"@type\":\"ReadAction\",\"target\":[\"https:\\\/\\\/clair.si\\\/hr\\\/izdelek\\\/cetka-e-t-je-taime-dandy\\\/\"]}]},{\"@type\":\"ImageObject\",\"inLanguage\":\"hr\",\"@id\":\"https:\\\/\\\/clair.si\\\/hr\\\/izdelek\\\/cetka-e-t-je-taime-dandy\\\/#primaryimage\",\"url\":\"https:\\\/\\\/clair.si\\\/wp-content\\\/uploads\\\/2023\\\/10\\\/krtaca_je-t-aime-equitheme-dandy-brush_bordo.avif\",\"contentUrl\":\"https:\\\/\\\/clair.si\\\/wp-content\\\/uploads\\\/2023\\\/10\\\/krtaca_je-t-aime-equitheme-dandy-brush_bordo.avif\",\"width\":800,\"height\":800},{\"@type\":\"BreadcrumbList\",\"@id\":\"https:\\\/\\\/clair.si\\\/hr\\\/izdelek\\\/cetka-e-t-je-taime-dandy\\\/#breadcrumb\",\"itemListElement\":[{\"@type\":\"ListItem\",\"position\":1,\"name\":\"Home\",\"item\":\"https:\\\/\\\/clair.si\\\/hr\\\/\"},{\"@type\":\"ListItem\",\"position\":2,\"name\":\"Trgovina\",\"item\":\"https:\\\/\\\/clair.si\\\/trgovina\\\/\"},{\"@type\":\"ListItem\",\"position\":3,\"name\":\"\u010cETKA E-T Je T&#8217;aime Dandy\"}]},{\"@type\":\"WebSite\",\"@id\":\"https:\\\/\\\/clair.si\\\/#website\",\"url\":\"https:\\\/\\\/clair.si\\\/\",\"name\":\"Clair\",\"description\":\"Trgovina s konjeni\u0161ko opremo\",\"publisher\":{\"@id\":\"https:\\\/\\\/clair.si\\\/#organization\"},\"potentialAction\":[{\"@type\":\"SearchAction\",\"target\":{\"@type\":\"EntryPoint\",\"urlTemplate\":\"https:\\\/\\\/clair.si\\\/?s={search_term_string}\"},\"query-input\":{\"@type\":\"PropertyValueSpecification\",\"valueRequired\":true,\"valueName\":\"search_term_string\"}}],\"inLanguage\":\"hr\"},{\"@type\":\"Organization\",\"@id\":\"https:\\\/\\\/clair.si\\\/#organization\",\"name\":\"Clair\",\"url\":\"https:\\\/\\\/clair.si\\\/\",\"logo\":{\"@type\":\"ImageObject\",\"inLanguage\":\"hr\",\"@id\":\"https:\\\/\\\/clair.si\\\/#\\\/schema\\\/logo\\\/image\\\/\",\"url\":\"https:\\\/\\\/clair.si\\\/wp-content\\\/uploads\\\/2022\\\/11\\\/clair_logo_2022.jpg\",\"contentUrl\":\"https:\\\/\\\/clair.si\\\/wp-content\\\/uploads\\\/2022\\\/11\\\/clair_logo_2022.jpg\",\"width\":1920,\"height\":1920,\"caption\":\"Clair\"},\"image\":{\"@id\":\"https:\\\/\\\/clair.si\\\/#\\\/schema\\\/logo\\\/image\\\/\"},\"sameAs\":[\"https:\\\/\\\/www.facebook.com\\\/TrgovinaClair\\\/\"]}]}<\/script>\n<!-- \/ Yoast SEO plugin. -->","yoast_head_json":{"title":"\u010cETKA E-T Je T'aime Dandy - Clair","description":"Vi\u0161enamjenska \u010detka za njegu konja. Mekana, srednje veli\u010dine.  Sastav: PP, poliuretan, polipropilen, guma","robots":{"index":"index","follow":"follow","max-snippet":"max-snippet:-1","max-image-preview":"max-image-preview:large","max-video-preview":"max-video-preview:-1"},"canonical":"https:\/\/clair.si\/hr\/izdelek\/cetka-e-t-je-taime-dandy\/","og_locale":"hr_HR","og_type":"article","og_title":"\u010cETKA E-T Je T'aime Dandy - Clair","og_description":"Vi\u0161enamjenska \u010detka za njegu konja. Mekana, srednje veli\u010dine.  Sastav: PP, poliuretan, polipropilen, guma","og_url":"https:\/\/clair.si\/hr\/izdelek\/cetka-e-t-je-taime-dandy\/","og_site_name":"Clair","article_publisher":"https:\/\/www.facebook.com\/TrgovinaClair\/","article_modified_time":"2025-09-23T12:04:23+00:00","og_image":[{"width":800,"height":800,"url":"https:\/\/clair.si\/wp-content\/uploads\/2023\/10\/krtaca_je-t-aime-equitheme-dandy-brush_bordo.avif","type":"image\/jpeg"}],"twitter_card":"summary_large_image","schema":{"@context":"https:\/\/schema.org","@graph":[{"@type":"WebPage","@id":"https:\/\/clair.si\/hr\/izdelek\/cetka-e-t-je-taime-dandy\/","url":"https:\/\/clair.si\/hr\/izdelek\/cetka-e-t-je-taime-dandy\/","name":"\u010cETKA E-T Je T'aime Dandy - Clair","isPartOf":{"@id":"https:\/\/clair.si\/#website"},"primaryImageOfPage":{"@id":"https:\/\/clair.si\/hr\/izdelek\/cetka-e-t-je-taime-dandy\/#primaryimage"},"image":{"@id":"https:\/\/clair.si\/hr\/izdelek\/cetka-e-t-je-taime-dandy\/#primaryimage"},"thumbnailUrl":"https:\/\/clair.si\/wp-content\/uploads\/2023\/10\/krtaca_je-t-aime-equitheme-dandy-brush_bordo.avif","datePublished":"2023-10-10T17:32:28+00:00","dateModified":"2025-09-23T12:04:23+00:00","description":"Vi\u0161enamjenska \u010detka za njegu konja. Mekana, srednje veli\u010dine. Sastav: PP, poliuretan, polipropilen, guma","breadcrumb":{"@id":"https:\/\/clair.si\/hr\/izdelek\/cetka-e-t-je-taime-dandy\/#breadcrumb"},"inLanguage":"hr","potentialAction":[{"@type":"ReadAction","target":["https:\/\/clair.si\/hr\/izdelek\/cetka-e-t-je-taime-dandy\/"]}]},{"@type":"ImageObject","inLanguage":"hr","@id":"https:\/\/clair.si\/hr\/izdelek\/cetka-e-t-je-taime-dandy\/#primaryimage","url":"https:\/\/clair.si\/wp-content\/uploads\/2023\/10\/krtaca_je-t-aime-equitheme-dandy-brush_bordo.avif","contentUrl":"https:\/\/clair.si\/wp-content\/uploads\/2023\/10\/krtaca_je-t-aime-equitheme-dandy-brush_bordo.avif","width":800,"height":800},{"@type":"BreadcrumbList","@id":"https:\/\/clair.si\/hr\/izdelek\/cetka-e-t-je-taime-dandy\/#breadcrumb","itemListElement":[{"@type":"ListItem","position":1,"name":"Home","item":"https:\/\/clair.si\/hr\/"},{"@type":"ListItem","position":2,"name":"Trgovina","item":"https:\/\/clair.si\/trgovina\/"},{"@type":"ListItem","position":3,"name":"\u010cETKA E-T Je T&#8217;aime Dandy"}]},{"@type":"WebSite","@id":"https:\/\/clair.si\/#website","url":"https:\/\/clair.si\/","name":"Clair","description":"Trgovina s konjeni\u0161ko opremo","publisher":{"@id":"https:\/\/clair.si\/#organization"},"potentialAction":[{"@type":"SearchAction","target":{"@type":"EntryPoint","urlTemplate":"https:\/\/clair.si\/?s={search_term_string}"},"query-input":{"@type":"PropertyValueSpecification","valueRequired":true,"valueName":"search_term_string"}}],"inLanguage":"hr"},{"@type":"Organization","@id":"https:\/\/clair.si\/#organization","name":"Clair","url":"https:\/\/clair.si\/","logo":{"@type":"ImageObject","inLanguage":"hr","@id":"https:\/\/clair.si\/#\/schema\/logo\/image\/","url":"https:\/\/clair.si\/wp-content\/uploads\/2022\/11\/clair_logo_2022.jpg","contentUrl":"https:\/\/clair.si\/wp-content\/uploads\/2022\/11\/clair_logo_2022.jpg","width":1920,"height":1920,"caption":"Clair"},"image":{"@id":"https:\/\/clair.si\/#\/schema\/logo\/image\/"},"sameAs":["https:\/\/www.facebook.com\/TrgovinaClair\/"]}]}},"_links":{"self":[{"href":"https:\/\/clair.si\/hr\/wp-json\/wp\/v2\/product\/97650","targetHints":{"allow":["GET"]}}],"collection":[{"href":"https:\/\/clair.si\/hr\/wp-json\/wp\/v2\/product"}],"about":[{"href":"https:\/\/clair.si\/hr\/wp-json\/wp\/v2\/types\/product"}],"version-history":[{"count":0,"href":"https:\/\/clair.si\/hr\/wp-json\/wp\/v2\/product\/97650\/revisions"}],"wp:featuredmedia":[{"embeddable":true,"href":"https:\/\/clair.si\/hr\/wp-json\/wp\/v2\/media\/97670"}],"wp:attachment":[{"href":"https:\/\/clair.si\/hr\/wp-json\/wp\/v2\/media?parent=97650"}],"wp:term":[{"taxonomy":"product_brand","embeddable":true,"href":"https:\/\/clair.si\/hr\/wp-json\/wp\/v2\/product_brand?post=97650"},{"taxonomy":"product_cat","embeddable":true,"href":"https:\/\/clair.si\/hr\/wp-json\/wp\/v2\/product_cat?post=97650"},{"taxonomy":"product_tag","embeddable":true,"href":"https:\/\/clair.si\/hr\/wp-json\/wp\/v2\/product_tag?post=97650"}],"curies":[{"name":"wp","href":"https:\/\/api.w.org\/{rel}","templated":true}]}}