{"id":97683,"date":"2023-10-15T08:46:32","date_gmt":"2023-10-15T06:46:32","guid":{"rendered":"https:\/\/clair.si\/izdelek\/bic-za-lonziranje-wg-160cm\/"},"modified":"2025-10-04T11:31:41","modified_gmt":"2025-10-04T09:31:41","slug":"bic-za-lonziranje-wg-160cm","status":"publish","type":"product","link":"https:\/\/clair.si\/hr\/izdelek\/bic-za-lonziranje-wg-160cm\/","title":{"rendered":"Bi\u010d za lon\u017eiranje W&amp;G 160cm"},"content":{"rendered":"<p><strong>Bi\u010d za lon\u017eiranje W&amp;G duljine 160cm<\/strong> u jednom komadu. Ru\u010dka od mekane pjene. U\u017ee je odvojivo s karabinerom.  <\/p>\n","protected":false},"excerpt":{"rendered":"<p>Bi\u010d za lon\u017eiranje W&amp;G duljine 160cm u jednom komadu. Ru\u010dka od mekane pjene. U\u017ee je odvojivo s karabinerom.<\/p>\n","protected":false},"featured_media":97695,"template":"","meta":{"footnotes":""},"product_brand":[],"product_cat":[6110,5831,5657,5624,5830,6033],"product_tag":[],"class_list":{"0":"post-97683","1":"product","2":"type-product","3":"status-publish","4":"has-post-thumbnail","6":"product_cat-bicevi-za-lonziranje-hr","7":"product_cat-bicevi-za-lonziranje","8":"product_cat-kategorije-hr","9":"product_cat-konj-hr","10":"product_cat-lonziranje-hr","11":"product_cat-lonziranje-hr-2","13":"first","14":"instock","15":"sale","16":"shipping-taxable","17":"purchasable","18":"product-type-variable"},"yoast_head":"<!-- This site is optimized with the Yoast SEO plugin v27.4 - https:\/\/yoast.com\/product\/yoast-seo-wordpress\/ -->\n<title>Bi\u010d za lon\u017eiranje W&amp;G 160cm - Clair<\/title>\n<meta name=\"description\" content=\"Bi\u010d za lon\u017eiranje W&amp;G duljine 160cm u jednom komadu. Ru\u010dka od mekane pjene. U\u017ee je odvojivo s karabinerom.\" \/>\n<meta name=\"robots\" content=\"index, follow, max-snippet:-1, max-image-preview:large, max-video-preview:-1\" \/>\n<link rel=\"canonical\" href=\"https:\/\/clair.si\/hr\/izdelek\/bic-za-lonziranje-wg-160cm\/\" \/>\n<meta property=\"og:locale\" content=\"hr_HR\" \/>\n<meta property=\"og:type\" content=\"article\" \/>\n<meta property=\"og:title\" content=\"Bi\u010d za lon\u017eiranje W&amp;G 160cm - Clair\" \/>\n<meta property=\"og:description\" content=\"Bi\u010d za lon\u017eiranje W&amp;G duljine 160cm u jednom komadu. Ru\u010dka od mekane pjene. U\u017ee je odvojivo s karabinerom.\" \/>\n<meta property=\"og:url\" content=\"https:\/\/clair.si\/hr\/izdelek\/bic-za-lonziranje-wg-160cm\/\" \/>\n<meta property=\"og:site_name\" content=\"Clair\" \/>\n<meta property=\"article:publisher\" content=\"https:\/\/www.facebook.com\/TrgovinaClair\/\" \/>\n<meta property=\"article:modified_time\" content=\"2025-10-04T09:31:41+00:00\" \/>\n<meta property=\"og:image\" content=\"https:\/\/clair.si\/wp-content\/uploads\/2023\/10\/whip-go-lonzirni-bic-trgovina-clair-z-konjenisko-opremo-konjeniska-oprema-jpg.webp\" \/>\n\t<meta property=\"og:image:width\" content=\"800\" \/>\n\t<meta property=\"og:image:height\" content=\"800\" \/>\n\t<meta property=\"og:image:type\" content=\"image\/jpeg\" \/>\n<meta name=\"twitter:card\" content=\"summary_large_image\" \/>\n<script type=\"application\/ld+json\" class=\"yoast-schema-graph\">{\"@context\":\"https:\\\/\\\/schema.org\",\"@graph\":[{\"@type\":\"WebPage\",\"@id\":\"https:\\\/\\\/clair.si\\\/hr\\\/izdelek\\\/bic-za-lonziranje-wg-160cm\\\/\",\"url\":\"https:\\\/\\\/clair.si\\\/hr\\\/izdelek\\\/bic-za-lonziranje-wg-160cm\\\/\",\"name\":\"Bi\u010d za lon\u017eiranje W&amp;G 160cm - Clair\",\"isPartOf\":{\"@id\":\"https:\\\/\\\/clair.si\\\/#website\"},\"primaryImageOfPage\":{\"@id\":\"https:\\\/\\\/clair.si\\\/hr\\\/izdelek\\\/bic-za-lonziranje-wg-160cm\\\/#primaryimage\"},\"image\":{\"@id\":\"https:\\\/\\\/clair.si\\\/hr\\\/izdelek\\\/bic-za-lonziranje-wg-160cm\\\/#primaryimage\"},\"thumbnailUrl\":\"https:\\\/\\\/clair.si\\\/wp-content\\\/uploads\\\/2023\\\/10\\\/whip-go-lonzirni-bic-trgovina-clair-z-konjenisko-opremo-konjeniska-oprema-jpg.webp\",\"datePublished\":\"2023-10-15T06:46:32+00:00\",\"dateModified\":\"2025-10-04T09:31:41+00:00\",\"description\":\"Bi\u010d za lon\u017eiranje W&amp;G duljine 160cm u jednom komadu. Ru\u010dka od mekane pjene. U\u017ee je odvojivo s karabinerom.\",\"breadcrumb\":{\"@id\":\"https:\\\/\\\/clair.si\\\/hr\\\/izdelek\\\/bic-za-lonziranje-wg-160cm\\\/#breadcrumb\"},\"inLanguage\":\"hr\",\"potentialAction\":[{\"@type\":\"ReadAction\",\"target\":[\"https:\\\/\\\/clair.si\\\/hr\\\/izdelek\\\/bic-za-lonziranje-wg-160cm\\\/\"]}]},{\"@type\":\"ImageObject\",\"inLanguage\":\"hr\",\"@id\":\"https:\\\/\\\/clair.si\\\/hr\\\/izdelek\\\/bic-za-lonziranje-wg-160cm\\\/#primaryimage\",\"url\":\"https:\\\/\\\/clair.si\\\/wp-content\\\/uploads\\\/2023\\\/10\\\/whip-go-lonzirni-bic-trgovina-clair-z-konjenisko-opremo-konjeniska-oprema-jpg.webp\",\"contentUrl\":\"https:\\\/\\\/clair.si\\\/wp-content\\\/uploads\\\/2023\\\/10\\\/whip-go-lonzirni-bic-trgovina-clair-z-konjenisko-opremo-konjeniska-oprema-jpg.webp\",\"width\":800,\"height\":800},{\"@type\":\"BreadcrumbList\",\"@id\":\"https:\\\/\\\/clair.si\\\/hr\\\/izdelek\\\/bic-za-lonziranje-wg-160cm\\\/#breadcrumb\",\"itemListElement\":[{\"@type\":\"ListItem\",\"position\":1,\"name\":\"Home\",\"item\":\"https:\\\/\\\/clair.si\\\/hr\\\/\"},{\"@type\":\"ListItem\",\"position\":2,\"name\":\"Trgovina\",\"item\":\"https:\\\/\\\/clair.si\\\/trgovina\\\/\"},{\"@type\":\"ListItem\",\"position\":3,\"name\":\"Bi\u010d za lon\u017eiranje W&amp;G 160cm\"}]},{\"@type\":\"WebSite\",\"@id\":\"https:\\\/\\\/clair.si\\\/#website\",\"url\":\"https:\\\/\\\/clair.si\\\/\",\"name\":\"Clair\",\"description\":\"Trgovina s konjeni\u0161ko opremo\",\"publisher\":{\"@id\":\"https:\\\/\\\/clair.si\\\/#organization\"},\"potentialAction\":[{\"@type\":\"SearchAction\",\"target\":{\"@type\":\"EntryPoint\",\"urlTemplate\":\"https:\\\/\\\/clair.si\\\/?s={search_term_string}\"},\"query-input\":{\"@type\":\"PropertyValueSpecification\",\"valueRequired\":true,\"valueName\":\"search_term_string\"}}],\"inLanguage\":\"hr\"},{\"@type\":\"Organization\",\"@id\":\"https:\\\/\\\/clair.si\\\/#organization\",\"name\":\"Clair\",\"url\":\"https:\\\/\\\/clair.si\\\/\",\"logo\":{\"@type\":\"ImageObject\",\"inLanguage\":\"hr\",\"@id\":\"https:\\\/\\\/clair.si\\\/#\\\/schema\\\/logo\\\/image\\\/\",\"url\":\"https:\\\/\\\/clair.si\\\/wp-content\\\/uploads\\\/2022\\\/11\\\/clair_logo_2022.jpg\",\"contentUrl\":\"https:\\\/\\\/clair.si\\\/wp-content\\\/uploads\\\/2022\\\/11\\\/clair_logo_2022.jpg\",\"width\":1920,\"height\":1920,\"caption\":\"Clair\"},\"image\":{\"@id\":\"https:\\\/\\\/clair.si\\\/#\\\/schema\\\/logo\\\/image\\\/\"},\"sameAs\":[\"https:\\\/\\\/www.facebook.com\\\/TrgovinaClair\\\/\"]}]}<\/script>\n<!-- \/ Yoast SEO plugin. -->","yoast_head_json":{"title":"Bi\u010d za lon\u017eiranje W&amp;G 160cm - Clair","description":"Bi\u010d za lon\u017eiranje W&amp;G duljine 160cm u jednom komadu. Ru\u010dka od mekane pjene. U\u017ee je odvojivo s karabinerom.","robots":{"index":"index","follow":"follow","max-snippet":"max-snippet:-1","max-image-preview":"max-image-preview:large","max-video-preview":"max-video-preview:-1"},"canonical":"https:\/\/clair.si\/hr\/izdelek\/bic-za-lonziranje-wg-160cm\/","og_locale":"hr_HR","og_type":"article","og_title":"Bi\u010d za lon\u017eiranje W&amp;G 160cm - Clair","og_description":"Bi\u010d za lon\u017eiranje W&amp;G duljine 160cm u jednom komadu. Ru\u010dka od mekane pjene. U\u017ee je odvojivo s karabinerom.","og_url":"https:\/\/clair.si\/hr\/izdelek\/bic-za-lonziranje-wg-160cm\/","og_site_name":"Clair","article_publisher":"https:\/\/www.facebook.com\/TrgovinaClair\/","article_modified_time":"2025-10-04T09:31:41+00:00","og_image":[{"width":800,"height":800,"url":"https:\/\/clair.si\/wp-content\/uploads\/2023\/10\/whip-go-lonzirni-bic-trgovina-clair-z-konjenisko-opremo-konjeniska-oprema-jpg.webp","type":"image\/jpeg"}],"twitter_card":"summary_large_image","schema":{"@context":"https:\/\/schema.org","@graph":[{"@type":"WebPage","@id":"https:\/\/clair.si\/hr\/izdelek\/bic-za-lonziranje-wg-160cm\/","url":"https:\/\/clair.si\/hr\/izdelek\/bic-za-lonziranje-wg-160cm\/","name":"Bi\u010d za lon\u017eiranje W&amp;G 160cm - Clair","isPartOf":{"@id":"https:\/\/clair.si\/#website"},"primaryImageOfPage":{"@id":"https:\/\/clair.si\/hr\/izdelek\/bic-za-lonziranje-wg-160cm\/#primaryimage"},"image":{"@id":"https:\/\/clair.si\/hr\/izdelek\/bic-za-lonziranje-wg-160cm\/#primaryimage"},"thumbnailUrl":"https:\/\/clair.si\/wp-content\/uploads\/2023\/10\/whip-go-lonzirni-bic-trgovina-clair-z-konjenisko-opremo-konjeniska-oprema-jpg.webp","datePublished":"2023-10-15T06:46:32+00:00","dateModified":"2025-10-04T09:31:41+00:00","description":"Bi\u010d za lon\u017eiranje W&amp;G duljine 160cm u jednom komadu. Ru\u010dka od mekane pjene. U\u017ee je odvojivo s karabinerom.","breadcrumb":{"@id":"https:\/\/clair.si\/hr\/izdelek\/bic-za-lonziranje-wg-160cm\/#breadcrumb"},"inLanguage":"hr","potentialAction":[{"@type":"ReadAction","target":["https:\/\/clair.si\/hr\/izdelek\/bic-za-lonziranje-wg-160cm\/"]}]},{"@type":"ImageObject","inLanguage":"hr","@id":"https:\/\/clair.si\/hr\/izdelek\/bic-za-lonziranje-wg-160cm\/#primaryimage","url":"https:\/\/clair.si\/wp-content\/uploads\/2023\/10\/whip-go-lonzirni-bic-trgovina-clair-z-konjenisko-opremo-konjeniska-oprema-jpg.webp","contentUrl":"https:\/\/clair.si\/wp-content\/uploads\/2023\/10\/whip-go-lonzirni-bic-trgovina-clair-z-konjenisko-opremo-konjeniska-oprema-jpg.webp","width":800,"height":800},{"@type":"BreadcrumbList","@id":"https:\/\/clair.si\/hr\/izdelek\/bic-za-lonziranje-wg-160cm\/#breadcrumb","itemListElement":[{"@type":"ListItem","position":1,"name":"Home","item":"https:\/\/clair.si\/hr\/"},{"@type":"ListItem","position":2,"name":"Trgovina","item":"https:\/\/clair.si\/trgovina\/"},{"@type":"ListItem","position":3,"name":"Bi\u010d za lon\u017eiranje W&amp;G 160cm"}]},{"@type":"WebSite","@id":"https:\/\/clair.si\/#website","url":"https:\/\/clair.si\/","name":"Clair","description":"Trgovina s konjeni\u0161ko opremo","publisher":{"@id":"https:\/\/clair.si\/#organization"},"potentialAction":[{"@type":"SearchAction","target":{"@type":"EntryPoint","urlTemplate":"https:\/\/clair.si\/?s={search_term_string}"},"query-input":{"@type":"PropertyValueSpecification","valueRequired":true,"valueName":"search_term_string"}}],"inLanguage":"hr"},{"@type":"Organization","@id":"https:\/\/clair.si\/#organization","name":"Clair","url":"https:\/\/clair.si\/","logo":{"@type":"ImageObject","inLanguage":"hr","@id":"https:\/\/clair.si\/#\/schema\/logo\/image\/","url":"https:\/\/clair.si\/wp-content\/uploads\/2022\/11\/clair_logo_2022.jpg","contentUrl":"https:\/\/clair.si\/wp-content\/uploads\/2022\/11\/clair_logo_2022.jpg","width":1920,"height":1920,"caption":"Clair"},"image":{"@id":"https:\/\/clair.si\/#\/schema\/logo\/image\/"},"sameAs":["https:\/\/www.facebook.com\/TrgovinaClair\/"]}]}},"_links":{"self":[{"href":"https:\/\/clair.si\/hr\/wp-json\/wp\/v2\/product\/97683","targetHints":{"allow":["GET"]}}],"collection":[{"href":"https:\/\/clair.si\/hr\/wp-json\/wp\/v2\/product"}],"about":[{"href":"https:\/\/clair.si\/hr\/wp-json\/wp\/v2\/types\/product"}],"version-history":[{"count":0,"href":"https:\/\/clair.si\/hr\/wp-json\/wp\/v2\/product\/97683\/revisions"}],"wp:featuredmedia":[{"embeddable":true,"href":"https:\/\/clair.si\/hr\/wp-json\/wp\/v2\/media\/97695"}],"wp:attachment":[{"href":"https:\/\/clair.si\/hr\/wp-json\/wp\/v2\/media?parent=97683"}],"wp:term":[{"taxonomy":"product_brand","embeddable":true,"href":"https:\/\/clair.si\/hr\/wp-json\/wp\/v2\/product_brand?post=97683"},{"taxonomy":"product_cat","embeddable":true,"href":"https:\/\/clair.si\/hr\/wp-json\/wp\/v2\/product_cat?post=97683"},{"taxonomy":"product_tag","embeddable":true,"href":"https:\/\/clair.si\/hr\/wp-json\/wp\/v2\/product_tag?post=97683"}],"curies":[{"name":"wp","href":"https:\/\/api.w.org\/{rel}","templated":true}]}}