{"id":97831,"date":"2023-10-15T14:16:09","date_gmt":"2023-10-15T12:16:09","guid":{"rendered":"https:\/\/clair.si\/izdelek\/zastitni-zracni-jahaci-prsluk-e-t-air2\/"},"modified":"2025-08-27T17:51:27","modified_gmt":"2025-08-27T15:51:27","slug":"zastitni-zracni-jahaci-prsluk-e-t-air2","status":"publish","type":"product","link":"https:\/\/clair.si\/hr\/izdelek\/zastitni-zracni-jahaci-prsluk-e-t-air2\/","title":{"rendered":"Za\u0161titni airbag jaha\u0107i prsluk E-T Air2"},"content":{"rendered":"<p><strong>Za\u0161titni airbag jaha\u0107i prsluk E-T Air2<\/strong> <span class=\"HwtZe\" lang=\"sl\"> <\/span><\/p>\n<p><span class=\"HwtZe\" lang=\"sl\"><span class=\"jCAhz ChMk0b\"><span class=\"ryNqvb\">Nova zra\u010dna blazina EQUITH\u00c8ME AIR2, koju je razvio FREEJUMP, ispunjava zahtjeve novog standarda NF-S-72-800-2022 zahvaljuju\u0107i<\/span><\/span><span class=\"jCAhz ChMk0b\"><span class=\"ryNqvb\"> iznimno brzom napuhavanju: 115 ms za postizanje zahtjevanog tlaka pri testovima udara za veli\u010dinu prsluka M.<\/span><\/span> <span class=\"jCAhz ChMk0b\"><span class=\"ryNqvb\">Njegovo pro\u0161ireno podru\u010dje pokrivenosti (zahtjevi standarda NF), koje \u010dak prema\u0161uje standard NF pri uzdu\u017enim udarima u le\u0111a.<\/span><\/span> <span class=\"jCAhz ChMk0b\"><span class=\"ryNqvb\">Za\u0161tita donjeg dijela le\u0111a, kojom upravljaju pritiska\u010di omogu\u0107uje skra\u0107ivanje duljine zra\u010dne blazine tijekom jahanja i dodatnu duljinu, koja se osloba\u0111a u slu\u010daju pada.<\/span><\/span> <\/span><\/p>\n<p><span class=\"HwtZe\" lang=\"sl\"><span class=\"jCAhz ChMk0b\"><span class=\"ryNqvb\">Te\u017eina: 900 g uklju\u010duju\u0107i kartu\u0161u za veli\u010dinu M.<\/span><\/span>  <span class=\"jCAhz ChMk0b\"><span class=\"ryNqvb\">Maksimalno prozra\u010divanje.<\/span><\/span> <span class=\"jCAhz ChMk0b\"><span class=\"ryNqvb\">Tekstilna spojnica za sedlo, kako bi se sprije\u010dilo zveckanje metala o metal.<\/span><\/span><strong><span class=\"jCAhz ChMk0b\"><span class=\"ryNqvb\"> Verzija Child u veli\u010dinama S i L, koja se aktivira pri 25 kg.<\/span><\/span> <\/strong><span class=\"jCAhz ChMk0b\"><span class=\"ryNqvb\">Prilo\u017eena je Y-spojnica za sedlo, imbus klju\u010d i upute.<\/span><\/span> <\/span><\/p>\n<p><span class=\"HwtZe\" lang=\"sl\"><span class=\"jCAhz ChMk0b\"><span class=\"ryNqvb\">Sastav:<\/span><\/span> <span class=\"jCAhz ChMk0b\"><span class=\"ryNqvb\">100% poliuretan i 1005 poliester. <\/span><\/span><span class=\"jCAhz ChMk0b\"><span class=\"ryNqvb\">Unutarnja tkanina: 40% poliester, 60% najlon<\/span><\/span>.<\/span><\/p>\n<p><span class=\"HwtZe\" lang=\"sl\"><strong><span class=\"jCAhz ChMk0b\"><span class=\"ryNqvb\">Kartu\u0161e:<\/span><\/span><span class=\"jCAhz ChMk0b\"><span class=\"ryNqvb\">50CC, 38g CO2 za EQUITH\u00c8ME AIR2 Dje\u010dje prsluke S i L<\/span><\/span> i <\/strong><span class=\"jCAhz ChMk0b\"><span class=\"ryNqvb\"><strong>60CC, 46g CO2 za ostale airbag za\u0161titne prsluke Air2<\/strong><br \/>\n<\/span><\/span><\/span><\/p>\n","protected":false},"excerpt":{"rendered":"<p>Za\u0161titni airbag jaha\u0107i prsluk E-T Air2 Nova zra\u010dna blazina EQUITH\u00c8ME AIR2, koju je razvio FREEJUMP, ispunjava zahtjeve novog standarda NF-S-72-800-2022<\/p>\n","protected":false},"featured_media":97832,"template":"","meta":{"footnotes":""},"product_brand":[],"product_cat":[5654,5766,5844],"product_tag":[],"class_list":{"0":"post-97831","1":"product","2":"type-product","3":"status-publish","4":"has-post-thumbnail","6":"product_cat-jahac-hr","7":"product_cat-zastitna-oprema","8":"product_cat-zastitni-prsluci","10":"first","11":"instock","12":"shipping-taxable","13":"purchasable","14":"product-type-variable"},"yoast_head":"<!-- This site is optimized with the Yoast SEO plugin v27.4 - https:\/\/yoast.com\/product\/yoast-seo-wordpress\/ -->\n<title>Za\u0161titni airbag jaha\u0107i prsluk E-T Air2 - Clair<\/title>\n<meta name=\"description\" content=\"Za\u0161titni airbag jaha\u0107i prsluk E-T Air2 Nova zra\u010dna blazina EQUITH\u00c8ME AIR2, koju je razvio FREEJUMP, ispunjava zahtjeve novog standarda NF-S-72-800-2022\" \/>\n<meta name=\"robots\" content=\"index, follow, max-snippet:-1, max-image-preview:large, max-video-preview:-1\" \/>\n<link rel=\"canonical\" href=\"https:\/\/clair.si\/hr\/izdelek\/zastitni-zracni-jahaci-prsluk-e-t-air2\/\" \/>\n<meta property=\"og:locale\" content=\"hr_HR\" \/>\n<meta property=\"og:type\" content=\"article\" \/>\n<meta property=\"og:title\" content=\"Za\u0161titni airbag jaha\u0107i prsluk E-T Air2 - Clair\" \/>\n<meta property=\"og:description\" content=\"Za\u0161titni airbag jaha\u0107i prsluk E-T Air2 Nova zra\u010dna blazina EQUITH\u00c8ME AIR2, koju je razvio FREEJUMP, ispunjava zahtjeve novog standarda NF-S-72-800-2022\" \/>\n<meta property=\"og:url\" content=\"https:\/\/clair.si\/hr\/izdelek\/zastitni-zracni-jahaci-prsluk-e-t-air2\/\" \/>\n<meta property=\"og:site_name\" content=\"Clair\" \/>\n<meta property=\"article:publisher\" content=\"https:\/\/www.facebook.com\/TrgovinaClair\/\" \/>\n<meta property=\"article:modified_time\" content=\"2025-08-27T15:51:27+00:00\" \/>\n<meta property=\"og:image\" content=\"https:\/\/clair.si\/wp-content\/uploads\/2023\/10\/equitheme-air2-airbag-body-protector-zascitni-jahalni-jopic-trgovina-clair-oprema-za-jahace-jpg.webp\" \/>\n\t<meta property=\"og:image:width\" content=\"800\" \/>\n\t<meta property=\"og:image:height\" content=\"800\" \/>\n\t<meta property=\"og:image:type\" content=\"image\/jpeg\" \/>\n<meta name=\"twitter:card\" content=\"summary_large_image\" \/>\n<meta name=\"twitter:label1\" content=\"Procijenjeno vrijeme \u010ditanja\" \/>\n\t<meta name=\"twitter:data1\" content=\"1 minuta\" \/>\n<script type=\"application\/ld+json\" class=\"yoast-schema-graph\">{\"@context\":\"https:\\\/\\\/schema.org\",\"@graph\":[{\"@type\":\"WebPage\",\"@id\":\"https:\\\/\\\/clair.si\\\/hr\\\/izdelek\\\/zastitni-zracni-jahaci-prsluk-e-t-air2\\\/\",\"url\":\"https:\\\/\\\/clair.si\\\/hr\\\/izdelek\\\/zastitni-zracni-jahaci-prsluk-e-t-air2\\\/\",\"name\":\"Za\u0161titni airbag jaha\u0107i prsluk E-T Air2 - Clair\",\"isPartOf\":{\"@id\":\"https:\\\/\\\/clair.si\\\/#website\"},\"primaryImageOfPage\":{\"@id\":\"https:\\\/\\\/clair.si\\\/hr\\\/izdelek\\\/zastitni-zracni-jahaci-prsluk-e-t-air2\\\/#primaryimage\"},\"image\":{\"@id\":\"https:\\\/\\\/clair.si\\\/hr\\\/izdelek\\\/zastitni-zracni-jahaci-prsluk-e-t-air2\\\/#primaryimage\"},\"thumbnailUrl\":\"https:\\\/\\\/clair.si\\\/wp-content\\\/uploads\\\/2023\\\/10\\\/equitheme-air2-airbag-body-protector-zascitni-jahalni-jopic-trgovina-clair-oprema-za-jahace-jpg.webp\",\"datePublished\":\"2023-10-15T12:16:09+00:00\",\"dateModified\":\"2025-08-27T15:51:27+00:00\",\"description\":\"Za\u0161titni airbag jaha\u0107i prsluk E-T Air2 Nova zra\u010dna blazina EQUITH\u00c8ME AIR2, koju je razvio FREEJUMP, ispunjava zahtjeve novog standarda NF-S-72-800-2022\",\"breadcrumb\":{\"@id\":\"https:\\\/\\\/clair.si\\\/hr\\\/izdelek\\\/zastitni-zracni-jahaci-prsluk-e-t-air2\\\/#breadcrumb\"},\"inLanguage\":\"hr\",\"potentialAction\":[{\"@type\":\"ReadAction\",\"target\":[\"https:\\\/\\\/clair.si\\\/hr\\\/izdelek\\\/zastitni-zracni-jahaci-prsluk-e-t-air2\\\/\"]}]},{\"@type\":\"ImageObject\",\"inLanguage\":\"hr\",\"@id\":\"https:\\\/\\\/clair.si\\\/hr\\\/izdelek\\\/zastitni-zracni-jahaci-prsluk-e-t-air2\\\/#primaryimage\",\"url\":\"https:\\\/\\\/clair.si\\\/wp-content\\\/uploads\\\/2023\\\/10\\\/equitheme-air2-airbag-body-protector-zascitni-jahalni-jopic-trgovina-clair-oprema-za-jahace-jpg.webp\",\"contentUrl\":\"https:\\\/\\\/clair.si\\\/wp-content\\\/uploads\\\/2023\\\/10\\\/equitheme-air2-airbag-body-protector-zascitni-jahalni-jopic-trgovina-clair-oprema-za-jahace-jpg.webp\",\"width\":800,\"height\":800},{\"@type\":\"BreadcrumbList\",\"@id\":\"https:\\\/\\\/clair.si\\\/hr\\\/izdelek\\\/zastitni-zracni-jahaci-prsluk-e-t-air2\\\/#breadcrumb\",\"itemListElement\":[{\"@type\":\"ListItem\",\"position\":1,\"name\":\"Home\",\"item\":\"https:\\\/\\\/clair.si\\\/hr\\\/\"},{\"@type\":\"ListItem\",\"position\":2,\"name\":\"Trgovina\",\"item\":\"https:\\\/\\\/clair.si\\\/trgovina\\\/\"},{\"@type\":\"ListItem\",\"position\":3,\"name\":\"Za\u0161titni airbag jaha\u0107i prsluk E-T Air2\"}]},{\"@type\":\"WebSite\",\"@id\":\"https:\\\/\\\/clair.si\\\/#website\",\"url\":\"https:\\\/\\\/clair.si\\\/\",\"name\":\"Clair\",\"description\":\"Trgovina s konjeni\u0161ko opremo\",\"publisher\":{\"@id\":\"https:\\\/\\\/clair.si\\\/#organization\"},\"potentialAction\":[{\"@type\":\"SearchAction\",\"target\":{\"@type\":\"EntryPoint\",\"urlTemplate\":\"https:\\\/\\\/clair.si\\\/?s={search_term_string}\"},\"query-input\":{\"@type\":\"PropertyValueSpecification\",\"valueRequired\":true,\"valueName\":\"search_term_string\"}}],\"inLanguage\":\"hr\"},{\"@type\":\"Organization\",\"@id\":\"https:\\\/\\\/clair.si\\\/#organization\",\"name\":\"Clair\",\"url\":\"https:\\\/\\\/clair.si\\\/\",\"logo\":{\"@type\":\"ImageObject\",\"inLanguage\":\"hr\",\"@id\":\"https:\\\/\\\/clair.si\\\/#\\\/schema\\\/logo\\\/image\\\/\",\"url\":\"https:\\\/\\\/clair.si\\\/wp-content\\\/uploads\\\/2022\\\/11\\\/clair_logo_2022.jpg\",\"contentUrl\":\"https:\\\/\\\/clair.si\\\/wp-content\\\/uploads\\\/2022\\\/11\\\/clair_logo_2022.jpg\",\"width\":1920,\"height\":1920,\"caption\":\"Clair\"},\"image\":{\"@id\":\"https:\\\/\\\/clair.si\\\/#\\\/schema\\\/logo\\\/image\\\/\"},\"sameAs\":[\"https:\\\/\\\/www.facebook.com\\\/TrgovinaClair\\\/\"]}]}<\/script>\n<!-- \/ Yoast SEO plugin. -->","yoast_head_json":{"title":"Za\u0161titni airbag jaha\u0107i prsluk E-T Air2 - Clair","description":"Za\u0161titni airbag jaha\u0107i prsluk E-T Air2 Nova zra\u010dna blazina EQUITH\u00c8ME AIR2, koju je razvio FREEJUMP, ispunjava zahtjeve novog standarda NF-S-72-800-2022","robots":{"index":"index","follow":"follow","max-snippet":"max-snippet:-1","max-image-preview":"max-image-preview:large","max-video-preview":"max-video-preview:-1"},"canonical":"https:\/\/clair.si\/hr\/izdelek\/zastitni-zracni-jahaci-prsluk-e-t-air2\/","og_locale":"hr_HR","og_type":"article","og_title":"Za\u0161titni airbag jaha\u0107i prsluk E-T Air2 - Clair","og_description":"Za\u0161titni airbag jaha\u0107i prsluk E-T Air2 Nova zra\u010dna blazina EQUITH\u00c8ME AIR2, koju je razvio FREEJUMP, ispunjava zahtjeve novog standarda NF-S-72-800-2022","og_url":"https:\/\/clair.si\/hr\/izdelek\/zastitni-zracni-jahaci-prsluk-e-t-air2\/","og_site_name":"Clair","article_publisher":"https:\/\/www.facebook.com\/TrgovinaClair\/","article_modified_time":"2025-08-27T15:51:27+00:00","og_image":[{"width":800,"height":800,"url":"https:\/\/clair.si\/wp-content\/uploads\/2023\/10\/equitheme-air2-airbag-body-protector-zascitni-jahalni-jopic-trgovina-clair-oprema-za-jahace-jpg.webp","type":"image\/jpeg"}],"twitter_card":"summary_large_image","twitter_misc":{"Procijenjeno vrijeme \u010ditanja":"1 minuta"},"schema":{"@context":"https:\/\/schema.org","@graph":[{"@type":"WebPage","@id":"https:\/\/clair.si\/hr\/izdelek\/zastitni-zracni-jahaci-prsluk-e-t-air2\/","url":"https:\/\/clair.si\/hr\/izdelek\/zastitni-zracni-jahaci-prsluk-e-t-air2\/","name":"Za\u0161titni airbag jaha\u0107i prsluk E-T Air2 - Clair","isPartOf":{"@id":"https:\/\/clair.si\/#website"},"primaryImageOfPage":{"@id":"https:\/\/clair.si\/hr\/izdelek\/zastitni-zracni-jahaci-prsluk-e-t-air2\/#primaryimage"},"image":{"@id":"https:\/\/clair.si\/hr\/izdelek\/zastitni-zracni-jahaci-prsluk-e-t-air2\/#primaryimage"},"thumbnailUrl":"https:\/\/clair.si\/wp-content\/uploads\/2023\/10\/equitheme-air2-airbag-body-protector-zascitni-jahalni-jopic-trgovina-clair-oprema-za-jahace-jpg.webp","datePublished":"2023-10-15T12:16:09+00:00","dateModified":"2025-08-27T15:51:27+00:00","description":"Za\u0161titni airbag jaha\u0107i prsluk E-T Air2 Nova zra\u010dna blazina EQUITH\u00c8ME AIR2, koju je razvio FREEJUMP, ispunjava zahtjeve novog standarda NF-S-72-800-2022","breadcrumb":{"@id":"https:\/\/clair.si\/hr\/izdelek\/zastitni-zracni-jahaci-prsluk-e-t-air2\/#breadcrumb"},"inLanguage":"hr","potentialAction":[{"@type":"ReadAction","target":["https:\/\/clair.si\/hr\/izdelek\/zastitni-zracni-jahaci-prsluk-e-t-air2\/"]}]},{"@type":"ImageObject","inLanguage":"hr","@id":"https:\/\/clair.si\/hr\/izdelek\/zastitni-zracni-jahaci-prsluk-e-t-air2\/#primaryimage","url":"https:\/\/clair.si\/wp-content\/uploads\/2023\/10\/equitheme-air2-airbag-body-protector-zascitni-jahalni-jopic-trgovina-clair-oprema-za-jahace-jpg.webp","contentUrl":"https:\/\/clair.si\/wp-content\/uploads\/2023\/10\/equitheme-air2-airbag-body-protector-zascitni-jahalni-jopic-trgovina-clair-oprema-za-jahace-jpg.webp","width":800,"height":800},{"@type":"BreadcrumbList","@id":"https:\/\/clair.si\/hr\/izdelek\/zastitni-zracni-jahaci-prsluk-e-t-air2\/#breadcrumb","itemListElement":[{"@type":"ListItem","position":1,"name":"Home","item":"https:\/\/clair.si\/hr\/"},{"@type":"ListItem","position":2,"name":"Trgovina","item":"https:\/\/clair.si\/trgovina\/"},{"@type":"ListItem","position":3,"name":"Za\u0161titni airbag jaha\u0107i prsluk E-T Air2"}]},{"@type":"WebSite","@id":"https:\/\/clair.si\/#website","url":"https:\/\/clair.si\/","name":"Clair","description":"Trgovina s konjeni\u0161ko opremo","publisher":{"@id":"https:\/\/clair.si\/#organization"},"potentialAction":[{"@type":"SearchAction","target":{"@type":"EntryPoint","urlTemplate":"https:\/\/clair.si\/?s={search_term_string}"},"query-input":{"@type":"PropertyValueSpecification","valueRequired":true,"valueName":"search_term_string"}}],"inLanguage":"hr"},{"@type":"Organization","@id":"https:\/\/clair.si\/#organization","name":"Clair","url":"https:\/\/clair.si\/","logo":{"@type":"ImageObject","inLanguage":"hr","@id":"https:\/\/clair.si\/#\/schema\/logo\/image\/","url":"https:\/\/clair.si\/wp-content\/uploads\/2022\/11\/clair_logo_2022.jpg","contentUrl":"https:\/\/clair.si\/wp-content\/uploads\/2022\/11\/clair_logo_2022.jpg","width":1920,"height":1920,"caption":"Clair"},"image":{"@id":"https:\/\/clair.si\/#\/schema\/logo\/image\/"},"sameAs":["https:\/\/www.facebook.com\/TrgovinaClair\/"]}]}},"_links":{"self":[{"href":"https:\/\/clair.si\/hr\/wp-json\/wp\/v2\/product\/97831","targetHints":{"allow":["GET"]}}],"collection":[{"href":"https:\/\/clair.si\/hr\/wp-json\/wp\/v2\/product"}],"about":[{"href":"https:\/\/clair.si\/hr\/wp-json\/wp\/v2\/types\/product"}],"version-history":[{"count":0,"href":"https:\/\/clair.si\/hr\/wp-json\/wp\/v2\/product\/97831\/revisions"}],"wp:featuredmedia":[{"embeddable":true,"href":"https:\/\/clair.si\/hr\/wp-json\/wp\/v2\/media\/97832"}],"wp:attachment":[{"href":"https:\/\/clair.si\/hr\/wp-json\/wp\/v2\/media?parent=97831"}],"wp:term":[{"taxonomy":"product_brand","embeddable":true,"href":"https:\/\/clair.si\/hr\/wp-json\/wp\/v2\/product_brand?post=97831"},{"taxonomy":"product_cat","embeddable":true,"href":"https:\/\/clair.si\/hr\/wp-json\/wp\/v2\/product_cat?post=97831"},{"taxonomy":"product_tag","embeddable":true,"href":"https:\/\/clair.si\/hr\/wp-json\/wp\/v2\/product_tag?post=97831"}],"curies":[{"name":"wp","href":"https:\/\/api.w.org\/{rel}","templated":true}]}}