{"id":97845,"date":"2023-10-11T18:18:15","date_gmt":"2023-10-11T16:18:15","guid":{"rendered":"https:\/\/clair.si\/izdelek\/cekic-za-kopita-e-t-je-taime\/"},"modified":"2025-09-23T14:17:20","modified_gmt":"2025-09-23T12:17:20","slug":"cekic-za-kopita-e-t-je-taime","status":"publish","type":"product","link":"https:\/\/clair.si\/hr\/izdelek\/cekic-za-kopita-e-t-je-taime\/","title":{"rendered":"\u010cista\u010d za kopita E-T Je T&#8217;aime"},"content":{"rendered":"<p>\u010cista\u010d za kopita s \u010dekinjama i mekanom ru\u010dkom.<\/p>\n<p>Sastav: poliuretan, polipropilen, metal<\/p>\n","protected":false},"excerpt":{"rendered":"<p>\u010cista\u010d za kopita s \u010dekinjama i mekanom ru\u010dkom. Sastav: poliuretan, polipropilen, metal<\/p>\n","protected":false},"featured_media":97855,"template":"","meta":{"footnotes":""},"product_brand":[],"product_cat":[5630,5626,5915,5916,5744,5624,5625,5628,5882,5627,6021],"product_tag":[],"class_list":{"0":"post-97845","1":"product","2":"type-product","3":"status-publish","4":"has-post-thumbnail","6":"product_cat-cetke-hr","7":"product_cat-cetke","8":"product_cat-equitheme-hr","9":"product_cat-equitheme-je-taime-hr","10":"product_cat-kolekcije-hr","11":"product_cat-konj-hr","12":"product_cat-njega-konja","13":"product_cat-njega-konja-hr","14":"product_cat-njega-kopita","15":"product_cat-stala-i-pasnjak","16":"product_cat-sve-za-kopita","18":"first","19":"instock","20":"shipping-taxable","21":"purchasable","22":"product-type-variable"},"yoast_head":"<!-- This site is optimized with the Yoast SEO plugin v27.3 - https:\/\/yoast.com\/product\/yoast-seo-wordpress\/ -->\n<title>\u010cista\u010d za kopita E-T Je T&#039;aime - Clair<\/title>\n<meta name=\"description\" content=\"\u010cista\u010d za kopita s \u010dekinjama i mekanom ru\u010dkom.  Sastav: poliuretan, polipropilen, metal\" \/>\n<meta name=\"robots\" content=\"index, follow, max-snippet:-1, max-image-preview:large, max-video-preview:-1\" \/>\n<link rel=\"canonical\" href=\"https:\/\/clair.si\/izdelek\/klin-za-kopita-e-t-je-taime\/\" \/>\n<meta property=\"og:locale\" content=\"hr_HR\" \/>\n<meta property=\"og:type\" content=\"article\" \/>\n<meta property=\"og:title\" content=\"\u010cista\u010d za kopita E-T Je T&#039;aime - Clair\" \/>\n<meta property=\"og:description\" content=\"\u010cista\u010d za kopita s \u010dekinjama i mekanom ru\u010dkom.  Sastav: poliuretan, polipropilen, metal\" \/>\n<meta property=\"og:url\" content=\"https:\/\/clair.si\/izdelek\/klin-za-kopita-e-t-je-taime\/\" \/>\n<meta property=\"og:site_name\" content=\"Clair\" \/>\n<meta property=\"article:publisher\" content=\"https:\/\/www.facebook.com\/TrgovinaClair\/\" \/>\n<meta property=\"article:modified_time\" content=\"2025-09-23T12:17:20+00:00\" \/>\n<meta property=\"og:image\" content=\"https:\/\/clair.si\/wp-content\/uploads\/2023\/10\/klin_za_kopita_je-t-aime-equitheme-hoof-pick_crna1.avif\" \/>\n\t<meta property=\"og:image:width\" content=\"800\" \/>\n\t<meta property=\"og:image:height\" content=\"800\" \/>\n\t<meta property=\"og:image:type\" content=\"image\/jpeg\" \/>\n<meta name=\"twitter:card\" content=\"summary_large_image\" \/>\n<meta name=\"twitter:label1\" content=\"Procijenjeno vrijeme \u010ditanja\" \/>\n\t<meta name=\"twitter:data1\" content=\"1 minuta\" \/>\n<script type=\"application\/ld+json\" class=\"yoast-schema-graph\">{\"@context\":\"https:\\\/\\\/schema.org\",\"@graph\":[{\"@type\":\"WebPage\",\"@id\":\"https:\\\/\\\/clair.si\\\/izdelek\\\/klin-za-kopita-e-t-je-taime\\\/\",\"url\":\"https:\\\/\\\/clair.si\\\/izdelek\\\/klin-za-kopita-e-t-je-taime\\\/\",\"name\":\"\u010cista\u010d za kopita E-T Je T'aime - Clair\",\"isPartOf\":{\"@id\":\"https:\\\/\\\/clair.si\\\/#website\"},\"primaryImageOfPage\":{\"@id\":\"https:\\\/\\\/clair.si\\\/izdelek\\\/klin-za-kopita-e-t-je-taime\\\/#primaryimage\"},\"image\":{\"@id\":\"https:\\\/\\\/clair.si\\\/izdelek\\\/klin-za-kopita-e-t-je-taime\\\/#primaryimage\"},\"thumbnailUrl\":\"https:\\\/\\\/clair.si\\\/wp-content\\\/uploads\\\/2023\\\/10\\\/klin_za_kopita_je-t-aime-equitheme-hoof-pick_crna1.avif\",\"datePublished\":\"2023-10-11T16:18:15+00:00\",\"dateModified\":\"2025-09-23T12:17:20+00:00\",\"description\":\"\u010cista\u010d za kopita s \u010dekinjama i mekanom ru\u010dkom. Sastav: poliuretan, polipropilen, metal\",\"breadcrumb\":{\"@id\":\"https:\\\/\\\/clair.si\\\/izdelek\\\/klin-za-kopita-e-t-je-taime\\\/#breadcrumb\"},\"inLanguage\":\"hr\",\"potentialAction\":[{\"@type\":\"ReadAction\",\"target\":[\"https:\\\/\\\/clair.si\\\/izdelek\\\/klin-za-kopita-e-t-je-taime\\\/\"]}]},{\"@type\":\"ImageObject\",\"inLanguage\":\"hr\",\"@id\":\"https:\\\/\\\/clair.si\\\/izdelek\\\/klin-za-kopita-e-t-je-taime\\\/#primaryimage\",\"url\":\"https:\\\/\\\/clair.si\\\/wp-content\\\/uploads\\\/2023\\\/10\\\/klin_za_kopita_je-t-aime-equitheme-hoof-pick_crna1.avif\",\"contentUrl\":\"https:\\\/\\\/clair.si\\\/wp-content\\\/uploads\\\/2023\\\/10\\\/klin_za_kopita_je-t-aime-equitheme-hoof-pick_crna1.avif\",\"width\":800,\"height\":800},{\"@type\":\"BreadcrumbList\",\"@id\":\"https:\\\/\\\/clair.si\\\/izdelek\\\/klin-za-kopita-e-t-je-taime\\\/#breadcrumb\",\"itemListElement\":[{\"@type\":\"ListItem\",\"position\":1,\"name\":\"Home\",\"item\":\"https:\\\/\\\/clair.si\\\/hr\\\/\"},{\"@type\":\"ListItem\",\"position\":2,\"name\":\"Trgovina\",\"item\":\"https:\\\/\\\/clair.si\\\/trgovina\\\/\"},{\"@type\":\"ListItem\",\"position\":3,\"name\":\"\u010cista\u010d za kopita E-T Je T&#8217;aime\"}]},{\"@type\":\"WebSite\",\"@id\":\"https:\\\/\\\/clair.si\\\/#website\",\"url\":\"https:\\\/\\\/clair.si\\\/\",\"name\":\"Clair\",\"description\":\"Trgovina s konjeni\u0161ko opremo\",\"publisher\":{\"@id\":\"https:\\\/\\\/clair.si\\\/#organization\"},\"potentialAction\":[{\"@type\":\"SearchAction\",\"target\":{\"@type\":\"EntryPoint\",\"urlTemplate\":\"https:\\\/\\\/clair.si\\\/?s={search_term_string}\"},\"query-input\":{\"@type\":\"PropertyValueSpecification\",\"valueRequired\":true,\"valueName\":\"search_term_string\"}}],\"inLanguage\":\"hr\"},{\"@type\":\"Organization\",\"@id\":\"https:\\\/\\\/clair.si\\\/#organization\",\"name\":\"Clair\",\"url\":\"https:\\\/\\\/clair.si\\\/\",\"logo\":{\"@type\":\"ImageObject\",\"inLanguage\":\"hr\",\"@id\":\"https:\\\/\\\/clair.si\\\/#\\\/schema\\\/logo\\\/image\\\/\",\"url\":\"https:\\\/\\\/clair.si\\\/wp-content\\\/uploads\\\/2022\\\/11\\\/clair_logo_2022.jpg\",\"contentUrl\":\"https:\\\/\\\/clair.si\\\/wp-content\\\/uploads\\\/2022\\\/11\\\/clair_logo_2022.jpg\",\"width\":1920,\"height\":1920,\"caption\":\"Clair\"},\"image\":{\"@id\":\"https:\\\/\\\/clair.si\\\/#\\\/schema\\\/logo\\\/image\\\/\"},\"sameAs\":[\"https:\\\/\\\/www.facebook.com\\\/TrgovinaClair\\\/\"]}]}<\/script>\n<!-- \/ Yoast SEO plugin. -->","yoast_head_json":{"title":"\u010cista\u010d za kopita E-T Je T'aime - Clair","description":"\u010cista\u010d za kopita s \u010dekinjama i mekanom ru\u010dkom.  Sastav: poliuretan, polipropilen, metal","robots":{"index":"index","follow":"follow","max-snippet":"max-snippet:-1","max-image-preview":"max-image-preview:large","max-video-preview":"max-video-preview:-1"},"canonical":"https:\/\/clair.si\/izdelek\/klin-za-kopita-e-t-je-taime\/","og_locale":"hr_HR","og_type":"article","og_title":"\u010cista\u010d za kopita E-T Je T'aime - Clair","og_description":"\u010cista\u010d za kopita s \u010dekinjama i mekanom ru\u010dkom.  Sastav: poliuretan, polipropilen, metal","og_url":"https:\/\/clair.si\/izdelek\/klin-za-kopita-e-t-je-taime\/","og_site_name":"Clair","article_publisher":"https:\/\/www.facebook.com\/TrgovinaClair\/","article_modified_time":"2025-09-23T12:17:20+00:00","og_image":[{"width":800,"height":800,"url":"https:\/\/clair.si\/wp-content\/uploads\/2023\/10\/klin_za_kopita_je-t-aime-equitheme-hoof-pick_crna1.avif","type":"image\/jpeg"}],"twitter_card":"summary_large_image","twitter_misc":{"Procijenjeno vrijeme \u010ditanja":"1 minuta"},"schema":{"@context":"https:\/\/schema.org","@graph":[{"@type":"WebPage","@id":"https:\/\/clair.si\/izdelek\/klin-za-kopita-e-t-je-taime\/","url":"https:\/\/clair.si\/izdelek\/klin-za-kopita-e-t-je-taime\/","name":"\u010cista\u010d za kopita E-T Je T'aime - Clair","isPartOf":{"@id":"https:\/\/clair.si\/#website"},"primaryImageOfPage":{"@id":"https:\/\/clair.si\/izdelek\/klin-za-kopita-e-t-je-taime\/#primaryimage"},"image":{"@id":"https:\/\/clair.si\/izdelek\/klin-za-kopita-e-t-je-taime\/#primaryimage"},"thumbnailUrl":"https:\/\/clair.si\/wp-content\/uploads\/2023\/10\/klin_za_kopita_je-t-aime-equitheme-hoof-pick_crna1.avif","datePublished":"2023-10-11T16:18:15+00:00","dateModified":"2025-09-23T12:17:20+00:00","description":"\u010cista\u010d za kopita s \u010dekinjama i mekanom ru\u010dkom. Sastav: poliuretan, polipropilen, metal","breadcrumb":{"@id":"https:\/\/clair.si\/izdelek\/klin-za-kopita-e-t-je-taime\/#breadcrumb"},"inLanguage":"hr","potentialAction":[{"@type":"ReadAction","target":["https:\/\/clair.si\/izdelek\/klin-za-kopita-e-t-je-taime\/"]}]},{"@type":"ImageObject","inLanguage":"hr","@id":"https:\/\/clair.si\/izdelek\/klin-za-kopita-e-t-je-taime\/#primaryimage","url":"https:\/\/clair.si\/wp-content\/uploads\/2023\/10\/klin_za_kopita_je-t-aime-equitheme-hoof-pick_crna1.avif","contentUrl":"https:\/\/clair.si\/wp-content\/uploads\/2023\/10\/klin_za_kopita_je-t-aime-equitheme-hoof-pick_crna1.avif","width":800,"height":800},{"@type":"BreadcrumbList","@id":"https:\/\/clair.si\/izdelek\/klin-za-kopita-e-t-je-taime\/#breadcrumb","itemListElement":[{"@type":"ListItem","position":1,"name":"Home","item":"https:\/\/clair.si\/hr\/"},{"@type":"ListItem","position":2,"name":"Trgovina","item":"https:\/\/clair.si\/trgovina\/"},{"@type":"ListItem","position":3,"name":"\u010cista\u010d za kopita E-T Je T&#8217;aime"}]},{"@type":"WebSite","@id":"https:\/\/clair.si\/#website","url":"https:\/\/clair.si\/","name":"Clair","description":"Trgovina s konjeni\u0161ko opremo","publisher":{"@id":"https:\/\/clair.si\/#organization"},"potentialAction":[{"@type":"SearchAction","target":{"@type":"EntryPoint","urlTemplate":"https:\/\/clair.si\/?s={search_term_string}"},"query-input":{"@type":"PropertyValueSpecification","valueRequired":true,"valueName":"search_term_string"}}],"inLanguage":"hr"},{"@type":"Organization","@id":"https:\/\/clair.si\/#organization","name":"Clair","url":"https:\/\/clair.si\/","logo":{"@type":"ImageObject","inLanguage":"hr","@id":"https:\/\/clair.si\/#\/schema\/logo\/image\/","url":"https:\/\/clair.si\/wp-content\/uploads\/2022\/11\/clair_logo_2022.jpg","contentUrl":"https:\/\/clair.si\/wp-content\/uploads\/2022\/11\/clair_logo_2022.jpg","width":1920,"height":1920,"caption":"Clair"},"image":{"@id":"https:\/\/clair.si\/#\/schema\/logo\/image\/"},"sameAs":["https:\/\/www.facebook.com\/TrgovinaClair\/"]}]}},"_links":{"self":[{"href":"https:\/\/clair.si\/hr\/wp-json\/wp\/v2\/product\/97845","targetHints":{"allow":["GET"]}}],"collection":[{"href":"https:\/\/clair.si\/hr\/wp-json\/wp\/v2\/product"}],"about":[{"href":"https:\/\/clair.si\/hr\/wp-json\/wp\/v2\/types\/product"}],"version-history":[{"count":0,"href":"https:\/\/clair.si\/hr\/wp-json\/wp\/v2\/product\/97845\/revisions"}],"wp:featuredmedia":[{"embeddable":true,"href":"https:\/\/clair.si\/hr\/wp-json\/wp\/v2\/media\/97855"}],"wp:attachment":[{"href":"https:\/\/clair.si\/hr\/wp-json\/wp\/v2\/media?parent=97845"}],"wp:term":[{"taxonomy":"product_brand","embeddable":true,"href":"https:\/\/clair.si\/hr\/wp-json\/wp\/v2\/product_brand?post=97845"},{"taxonomy":"product_cat","embeddable":true,"href":"https:\/\/clair.si\/hr\/wp-json\/wp\/v2\/product_cat?post=97845"},{"taxonomy":"product_tag","embeddable":true,"href":"https:\/\/clair.si\/hr\/wp-json\/wp\/v2\/product_tag?post=97845"}],"curies":[{"name":"wp","href":"https:\/\/api.w.org\/{rel}","templated":true}]}}