{"id":97955,"date":"2023-07-20T12:27:10","date_gmt":"2023-07-20T10:27:10","guid":{"rendered":"https:\/\/clair.si\/izdelek\/kamen-za-lizanje-vitblock\/"},"modified":"2026-01-02T21:02:22","modified_gmt":"2026-01-02T20:02:22","slug":"kamen-za-lizanje-vitblock","status":"publish","type":"product","link":"https:\/\/clair.si\/hr\/izdelek\/kamen-za-lizanje-vitblock\/","title":{"rendered":"Kamen za lizanje Vitblock"},"content":{"rendered":"<div class=\"wpb-content-wrapper\"><p>[vc_row][vc_column][vc_column_text css=&#8221;&#8221; woodmart_inline=&#8221;no&#8221; text_larger=&#8221;no&#8221;]<strong>Lizalni kamen Vitblock\u00a0<\/strong> <strong>z v<\/strong><span class=\"HwtZe\" lang=\"sl\"><span class=\"jCAhz ChMk0b\"><span class=\"ryNqvb\"><strong>itamini A, D3 in E<\/strong> kot idealna kombinacija <strong>z vsemi minerali in elementi v sledovih<\/strong>, ki so vklju\u010deni, <strong>delujejo skupaj in nudijo \u017eivalim vrhunsko u\u010dinkovitost in rezultate visoke produktivnosti, hkrati pa izbolj\u0161ajo njihov imunski sistem za ve\u010djo odpornost na bolezni.<\/strong><\/span><\/span><\/span><\/p>\n<ul>\n<li><span class=\"HwtZe\" lang=\"sl\"><span class=\"jCAhz ChMk0b\"><span class=\"ryNqvb\">Izbolj\u0161anje reprodukcije<\/span><\/span> \u017eivali<\/span><\/li>\n<li><span class=\"HwtZe\" lang=\"sl\"><span class=\"jCAhz ChMk0b\"><span class=\"ryNqvb\">Zdravje in hitrej\u0161a rast<\/span><\/span> <\/span><\/li>\n<li><span class=\"HwtZe\" lang=\"sl\"><span class=\"jCAhz ChMk0b\"><span class=\"ryNqvb\">Visoka odpornost na bolezni<\/span><\/span> <\/span><\/li>\n<li><span class=\"HwtZe\" lang=\"sl\"><span class=\"jCAhz ChMk0b\"><span class=\"ryNqvb\">Odli\u010dna tvorba kosti<\/span><\/span> <\/span><\/li>\n<li><span class=\"HwtZe\" lang=\"sl\"><span class=\"jCAhz ChMk0b\"><span class=\"ryNqvb\">Izbolj\u0161anje imunskega sistema<\/span><\/span> <\/span><\/li>\n<li><span class=\"HwtZe\" lang=\"sl\"><span class=\"jCAhz ChMk0b\"><span class=\"ryNqvb\">Bolj\u0161a kakovost ko\u017ee in dlake<br \/>\n<\/span><\/span><\/span><\/li>\n<\/ul>\n<p><strong>Primeren za: govedo, ovce, koze, konje, divjad in kameloide.<\/strong><\/p>\n<p><strong>Vsebuje:\u00a0<\/strong><em>natrij (Na) 37,7%, kalcij (Ca) 0,79%, magnezij (Mg) 0,35%, fosfor (P) 0,25% Dodatki na kg:\u00a0 \u017eelezov\u00a0 sulfat monohidrat (II) 930 mg, bakrov sulfat pentahidrat 750 mg, manganov oksid 273 mg, cinkov oksid 145 mg, prevle\u010den, granuliran brezvodni kalcijev jodat 60 mg, prevle\u010den granuliran kobaltov (II) karbonat 25 mg, prevle\u010den granuliran natrijev selenit 7,5 mg, Vit. A 15.000 I.E., Vit. D3 2.500 I.E., Vit. E 21,3 mg.<\/em><\/p>\n<p>Navodilo za krmljenje: zaradi visokeKK vsebnosti dodatkov ta krmna me\u0161anica ne sme predstavljati ve\u010d kot 1,5% dnevnega obroka. Kamen in vodo na imajo \u017eivali na voljo. Priporo\u010damo 1 kamen na 2-5 goved &amp; konj ali na 5 \u2013 10\u00a0 koz. Namestite ga v hlevu, na pa\u0161i, napajali\u0161\u010du ali krmi\u0161\u010du. Pred krmljenjem ostranite etiketo iz kamna. Skladi\u0161\u010diti na hladnem in suhem mestu.[\/vc_column_text][\/vc_column][\/vc_row]<\/p>\n<\/div>","protected":false},"excerpt":{"rendered":"<p><strong>Te\u017eina: 5 kg<\/strong><\/p>\n","protected":false},"featured_media":97956,"template":"","meta":{"footnotes":""},"product_brand":[],"product_cat":[5782,5710,5712,5627],"product_tag":[],"class_list":{"0":"post-97955","1":"product","2":"type-product","3":"status-publish","4":"has-post-thumbnail","6":"product_cat-kolacici-i-kamenje-soli","7":"product_cat-hrana-za-konje-hr","8":"product_cat-prehrambeni-dodaci","9":"product_cat-stala-i-pasnjak","11":"first","12":"instock","13":"sale","14":"shipping-taxable","15":"purchasable","16":"product-type-simple"},"yoast_head":"<!-- This site is optimized with the Yoast SEO plugin v27.4 - https:\/\/yoast.com\/product\/yoast-seo-wordpress\/ -->\n<title>Kamen za lizanje Vitblock - Clair<\/title>\n<meta name=\"description\" content=\"Te\u017eina: 5 kg\" \/>\n<meta name=\"robots\" content=\"index, follow, max-snippet:-1, max-image-preview:large, max-video-preview:-1\" \/>\n<link rel=\"canonical\" href=\"https:\/\/clair.si\/hr\/izdelek\/kamen-za-lizanje-vitblock\/\" \/>\n<meta property=\"og:locale\" content=\"hr_HR\" \/>\n<meta property=\"og:type\" content=\"article\" \/>\n<meta property=\"og:title\" content=\"Kamen za lizanje Vitblock - Clair\" \/>\n<meta property=\"og:description\" content=\"Te\u017eina: 5 kg\" \/>\n<meta property=\"og:url\" content=\"https:\/\/clair.si\/hr\/izdelek\/kamen-za-lizanje-vitblock\/\" \/>\n<meta property=\"og:site_name\" content=\"Clair\" \/>\n<meta property=\"article:publisher\" content=\"https:\/\/www.facebook.com\/TrgovinaClair\/\" \/>\n<meta property=\"article:modified_time\" content=\"2026-01-02T20:02:22+00:00\" \/>\n<meta property=\"og:image\" content=\"https:\/\/clair.si\/wp-content\/uploads\/2023\/07\/vitblock-solni-lizalni_-kamen-za-zivali-krave-ovce-koze-konje-divjad-tgovina-agro-clair-removebg-preview-jpg.webp\" \/>\n\t<meta property=\"og:image:width\" content=\"500\" \/>\n\t<meta property=\"og:image:height\" content=\"500\" \/>\n\t<meta property=\"og:image:type\" content=\"image\/jpeg\" \/>\n<meta name=\"twitter:card\" content=\"summary_large_image\" \/>\n<meta name=\"twitter:label1\" content=\"Procijenjeno vrijeme \u010ditanja\" \/>\n\t<meta name=\"twitter:data1\" content=\"1 minuta\" \/>\n<script type=\"application\/ld+json\" class=\"yoast-schema-graph\">{\"@context\":\"https:\\\/\\\/schema.org\",\"@graph\":[{\"@type\":\"WebPage\",\"@id\":\"https:\\\/\\\/clair.si\\\/hr\\\/izdelek\\\/kamen-za-lizanje-vitblock\\\/\",\"url\":\"https:\\\/\\\/clair.si\\\/hr\\\/izdelek\\\/kamen-za-lizanje-vitblock\\\/\",\"name\":\"Kamen za lizanje Vitblock - Clair\",\"isPartOf\":{\"@id\":\"https:\\\/\\\/clair.si\\\/#website\"},\"primaryImageOfPage\":{\"@id\":\"https:\\\/\\\/clair.si\\\/hr\\\/izdelek\\\/kamen-za-lizanje-vitblock\\\/#primaryimage\"},\"image\":{\"@id\":\"https:\\\/\\\/clair.si\\\/hr\\\/izdelek\\\/kamen-za-lizanje-vitblock\\\/#primaryimage\"},\"thumbnailUrl\":\"https:\\\/\\\/clair.si\\\/wp-content\\\/uploads\\\/2023\\\/07\\\/vitblock-solni-lizalni_-kamen-za-zivali-krave-ovce-koze-konje-divjad-tgovina-agro-clair-removebg-preview-jpg.webp\",\"datePublished\":\"2023-07-20T10:27:10+00:00\",\"dateModified\":\"2026-01-02T20:02:22+00:00\",\"description\":\"Te\u017eina: 5 kg\",\"breadcrumb\":{\"@id\":\"https:\\\/\\\/clair.si\\\/hr\\\/izdelek\\\/kamen-za-lizanje-vitblock\\\/#breadcrumb\"},\"inLanguage\":\"hr\",\"potentialAction\":[{\"@type\":\"ReadAction\",\"target\":[\"https:\\\/\\\/clair.si\\\/hr\\\/izdelek\\\/kamen-za-lizanje-vitblock\\\/\"]}]},{\"@type\":\"ImageObject\",\"inLanguage\":\"hr\",\"@id\":\"https:\\\/\\\/clair.si\\\/hr\\\/izdelek\\\/kamen-za-lizanje-vitblock\\\/#primaryimage\",\"url\":\"https:\\\/\\\/clair.si\\\/wp-content\\\/uploads\\\/2023\\\/07\\\/vitblock-solni-lizalni_-kamen-za-zivali-krave-ovce-koze-konje-divjad-tgovina-agro-clair-removebg-preview-jpg.webp\",\"contentUrl\":\"https:\\\/\\\/clair.si\\\/wp-content\\\/uploads\\\/2023\\\/07\\\/vitblock-solni-lizalni_-kamen-za-zivali-krave-ovce-koze-konje-divjad-tgovina-agro-clair-removebg-preview-jpg.webp\",\"width\":500,\"height\":500},{\"@type\":\"BreadcrumbList\",\"@id\":\"https:\\\/\\\/clair.si\\\/hr\\\/izdelek\\\/kamen-za-lizanje-vitblock\\\/#breadcrumb\",\"itemListElement\":[{\"@type\":\"ListItem\",\"position\":1,\"name\":\"Home\",\"item\":\"https:\\\/\\\/clair.si\\\/hr\\\/\"},{\"@type\":\"ListItem\",\"position\":2,\"name\":\"Trgovina\",\"item\":\"https:\\\/\\\/clair.si\\\/trgovina\\\/\"},{\"@type\":\"ListItem\",\"position\":3,\"name\":\"Kamen za lizanje Vitblock\"}]},{\"@type\":\"WebSite\",\"@id\":\"https:\\\/\\\/clair.si\\\/#website\",\"url\":\"https:\\\/\\\/clair.si\\\/\",\"name\":\"Clair\",\"description\":\"Trgovina s konjeni\u0161ko opremo\",\"publisher\":{\"@id\":\"https:\\\/\\\/clair.si\\\/#organization\"},\"potentialAction\":[{\"@type\":\"SearchAction\",\"target\":{\"@type\":\"EntryPoint\",\"urlTemplate\":\"https:\\\/\\\/clair.si\\\/?s={search_term_string}\"},\"query-input\":{\"@type\":\"PropertyValueSpecification\",\"valueRequired\":true,\"valueName\":\"search_term_string\"}}],\"inLanguage\":\"hr\"},{\"@type\":\"Organization\",\"@id\":\"https:\\\/\\\/clair.si\\\/#organization\",\"name\":\"Clair\",\"url\":\"https:\\\/\\\/clair.si\\\/\",\"logo\":{\"@type\":\"ImageObject\",\"inLanguage\":\"hr\",\"@id\":\"https:\\\/\\\/clair.si\\\/#\\\/schema\\\/logo\\\/image\\\/\",\"url\":\"https:\\\/\\\/clair.si\\\/wp-content\\\/uploads\\\/2022\\\/11\\\/clair_logo_2022.jpg\",\"contentUrl\":\"https:\\\/\\\/clair.si\\\/wp-content\\\/uploads\\\/2022\\\/11\\\/clair_logo_2022.jpg\",\"width\":1920,\"height\":1920,\"caption\":\"Clair\"},\"image\":{\"@id\":\"https:\\\/\\\/clair.si\\\/#\\\/schema\\\/logo\\\/image\\\/\"},\"sameAs\":[\"https:\\\/\\\/www.facebook.com\\\/TrgovinaClair\\\/\"]}]}<\/script>\n<!-- \/ Yoast SEO plugin. -->","yoast_head_json":{"title":"Kamen za lizanje Vitblock - Clair","description":"Te\u017eina: 5 kg","robots":{"index":"index","follow":"follow","max-snippet":"max-snippet:-1","max-image-preview":"max-image-preview:large","max-video-preview":"max-video-preview:-1"},"canonical":"https:\/\/clair.si\/hr\/izdelek\/kamen-za-lizanje-vitblock\/","og_locale":"hr_HR","og_type":"article","og_title":"Kamen za lizanje Vitblock - Clair","og_description":"Te\u017eina: 5 kg","og_url":"https:\/\/clair.si\/hr\/izdelek\/kamen-za-lizanje-vitblock\/","og_site_name":"Clair","article_publisher":"https:\/\/www.facebook.com\/TrgovinaClair\/","article_modified_time":"2026-01-02T20:02:22+00:00","og_image":[{"width":500,"height":500,"url":"https:\/\/clair.si\/wp-content\/uploads\/2023\/07\/vitblock-solni-lizalni_-kamen-za-zivali-krave-ovce-koze-konje-divjad-tgovina-agro-clair-removebg-preview-jpg.webp","type":"image\/jpeg"}],"twitter_card":"summary_large_image","twitter_misc":{"Procijenjeno vrijeme \u010ditanja":"1 minuta"},"schema":{"@context":"https:\/\/schema.org","@graph":[{"@type":"WebPage","@id":"https:\/\/clair.si\/hr\/izdelek\/kamen-za-lizanje-vitblock\/","url":"https:\/\/clair.si\/hr\/izdelek\/kamen-za-lizanje-vitblock\/","name":"Kamen za lizanje Vitblock - Clair","isPartOf":{"@id":"https:\/\/clair.si\/#website"},"primaryImageOfPage":{"@id":"https:\/\/clair.si\/hr\/izdelek\/kamen-za-lizanje-vitblock\/#primaryimage"},"image":{"@id":"https:\/\/clair.si\/hr\/izdelek\/kamen-za-lizanje-vitblock\/#primaryimage"},"thumbnailUrl":"https:\/\/clair.si\/wp-content\/uploads\/2023\/07\/vitblock-solni-lizalni_-kamen-za-zivali-krave-ovce-koze-konje-divjad-tgovina-agro-clair-removebg-preview-jpg.webp","datePublished":"2023-07-20T10:27:10+00:00","dateModified":"2026-01-02T20:02:22+00:00","description":"Te\u017eina: 5 kg","breadcrumb":{"@id":"https:\/\/clair.si\/hr\/izdelek\/kamen-za-lizanje-vitblock\/#breadcrumb"},"inLanguage":"hr","potentialAction":[{"@type":"ReadAction","target":["https:\/\/clair.si\/hr\/izdelek\/kamen-za-lizanje-vitblock\/"]}]},{"@type":"ImageObject","inLanguage":"hr","@id":"https:\/\/clair.si\/hr\/izdelek\/kamen-za-lizanje-vitblock\/#primaryimage","url":"https:\/\/clair.si\/wp-content\/uploads\/2023\/07\/vitblock-solni-lizalni_-kamen-za-zivali-krave-ovce-koze-konje-divjad-tgovina-agro-clair-removebg-preview-jpg.webp","contentUrl":"https:\/\/clair.si\/wp-content\/uploads\/2023\/07\/vitblock-solni-lizalni_-kamen-za-zivali-krave-ovce-koze-konje-divjad-tgovina-agro-clair-removebg-preview-jpg.webp","width":500,"height":500},{"@type":"BreadcrumbList","@id":"https:\/\/clair.si\/hr\/izdelek\/kamen-za-lizanje-vitblock\/#breadcrumb","itemListElement":[{"@type":"ListItem","position":1,"name":"Home","item":"https:\/\/clair.si\/hr\/"},{"@type":"ListItem","position":2,"name":"Trgovina","item":"https:\/\/clair.si\/trgovina\/"},{"@type":"ListItem","position":3,"name":"Kamen za lizanje Vitblock"}]},{"@type":"WebSite","@id":"https:\/\/clair.si\/#website","url":"https:\/\/clair.si\/","name":"Clair","description":"Trgovina s konjeni\u0161ko opremo","publisher":{"@id":"https:\/\/clair.si\/#organization"},"potentialAction":[{"@type":"SearchAction","target":{"@type":"EntryPoint","urlTemplate":"https:\/\/clair.si\/?s={search_term_string}"},"query-input":{"@type":"PropertyValueSpecification","valueRequired":true,"valueName":"search_term_string"}}],"inLanguage":"hr"},{"@type":"Organization","@id":"https:\/\/clair.si\/#organization","name":"Clair","url":"https:\/\/clair.si\/","logo":{"@type":"ImageObject","inLanguage":"hr","@id":"https:\/\/clair.si\/#\/schema\/logo\/image\/","url":"https:\/\/clair.si\/wp-content\/uploads\/2022\/11\/clair_logo_2022.jpg","contentUrl":"https:\/\/clair.si\/wp-content\/uploads\/2022\/11\/clair_logo_2022.jpg","width":1920,"height":1920,"caption":"Clair"},"image":{"@id":"https:\/\/clair.si\/#\/schema\/logo\/image\/"},"sameAs":["https:\/\/www.facebook.com\/TrgovinaClair\/"]}]}},"_links":{"self":[{"href":"https:\/\/clair.si\/hr\/wp-json\/wp\/v2\/product\/97955","targetHints":{"allow":["GET"]}}],"collection":[{"href":"https:\/\/clair.si\/hr\/wp-json\/wp\/v2\/product"}],"about":[{"href":"https:\/\/clair.si\/hr\/wp-json\/wp\/v2\/types\/product"}],"version-history":[{"count":0,"href":"https:\/\/clair.si\/hr\/wp-json\/wp\/v2\/product\/97955\/revisions"}],"wp:featuredmedia":[{"embeddable":true,"href":"https:\/\/clair.si\/hr\/wp-json\/wp\/v2\/media\/97956"}],"wp:attachment":[{"href":"https:\/\/clair.si\/hr\/wp-json\/wp\/v2\/media?parent=97955"}],"wp:term":[{"taxonomy":"product_brand","embeddable":true,"href":"https:\/\/clair.si\/hr\/wp-json\/wp\/v2\/product_brand?post=97955"},{"taxonomy":"product_cat","embeddable":true,"href":"https:\/\/clair.si\/hr\/wp-json\/wp\/v2\/product_cat?post=97955"},{"taxonomy":"product_tag","embeddable":true,"href":"https:\/\/clair.si\/hr\/wp-json\/wp\/v2\/product_tag?post=97955"}],"curies":[{"name":"wp","href":"https:\/\/api.w.org\/{rel}","templated":true}]}}