{"id":97975,"date":"2023-07-13T13:48:49","date_gmt":"2023-07-13T11:48:49","guid":{"rendered":"https:\/\/clair.si\/izdelek\/marstall-hranilica-za-konje-flexitrog\/"},"modified":"2025-09-27T16:48:48","modified_gmt":"2025-09-27T14:48:48","slug":"marstall-hranilica-za-konje-flexitrog","status":"publish","type":"product","link":"https:\/\/clair.si\/hr\/izdelek\/marstall-hranilica-za-konje-flexitrog\/","title":{"rendered":"Marstall hranilica za konje Flexitrog"},"content":{"rendered":"<div class=\"wpb-content-wrapper\"><p>[vc_row][vc_column][vc_column_text css=&#8221;&#8221; woodmart_inline=&#8221;no&#8221; text_larger=&#8221;no&#8221;]<\/p>\n<div class=\"lRu31\"><span class=\"HwtZe\" lang=\"sl\"><span class=\"jCAhz ChMk0b\"><span class=\"ryNqvb\"><strong>Robustan Marstall hranilnik za konje Flexitrog<\/strong> je savr\u0161en pomo\u0107nik u \u0161tali, u padoku i na turnirima.<\/span><\/span> <span class=\"jCAhz ChMk0b\"><span class=\"ryNqvb\">Fleksibilan materijal sprje\u010dava ozljede i odli\u010dno obavlja svoj posao s volumenom od 17 litara.<\/span><\/span><\/span><\/div>\n<div class=\"UdTY9 WdefRb\" aria-hidden=\"true\" data-location=\"2\">\n<div class=\"kO6q6e\"><\/div>\n<\/div>\n<p>[\/vc_column_text][\/vc_column][\/vc_row]<\/p>\n<\/div>","protected":false},"excerpt":{"rendered":"<p>[vc_row][vc_column][vc_column_text css=&#8221;&#8221; woodmart_inline=&#8221;no&#8221; text_larger=&#8221;no&#8221;] Robustan Marstall hranilnik za konje Flexitrog je savr\u0161en pomo\u0107nik u \u0161tali, u padoku i na turnirima.<\/p>\n","protected":false},"featured_media":97976,"template":"","meta":{"footnotes":""},"product_brand":[],"product_cat":[5824,5710,6089,6152,5627],"product_tag":[],"class_list":{"0":"post-97975","1":"product","2":"type-product","3":"status-publish","4":"has-post-thumbnail","6":"product_cat-hranilice","7":"product_cat-hrana-za-konje-hr","8":"product_cat-marstall-hr","9":"product_cat-pojilice-za-konje","10":"product_cat-stala-i-pasnjak","12":"first","13":"instock","14":"sale","15":"shipping-taxable","16":"purchasable","17":"product-type-simple"},"yoast_head":"<!-- This site is optimized with the Yoast SEO plugin v27.4 - https:\/\/yoast.com\/product\/yoast-seo-wordpress\/ -->\n<title>Marstall hranilica za konje Flexitrog - Clair<\/title>\n<meta name=\"description\" content=\"Robustan Marstall hranilnik za konje Flexitrog je savr\u0161en pomo\u0107nik u \u0161tali, u padoku i na turnirima. Fleksibilan materijal sprje\u010dava ozljede i odli\u010dno\" \/>\n<meta name=\"robots\" content=\"index, follow, max-snippet:-1, max-image-preview:large, max-video-preview:-1\" \/>\n<link rel=\"canonical\" href=\"https:\/\/clair.si\/izdelek\/marstall-krmilnik-za-konje-flexitrog\/\" \/>\n<meta property=\"og:locale\" content=\"hr_HR\" \/>\n<meta property=\"og:type\" content=\"article\" \/>\n<meta property=\"og:title\" content=\"Marstall hranilica za konje Flexitrog - Clair\" \/>\n<meta property=\"og:description\" content=\"Robustan Marstall hranilnik za konje Flexitrog je savr\u0161en pomo\u0107nik u \u0161tali, u padoku i na turnirima. Fleksibilan materijal sprje\u010dava ozljede i odli\u010dno\" \/>\n<meta property=\"og:url\" content=\"https:\/\/clair.si\/izdelek\/marstall-krmilnik-za-konje-flexitrog\/\" \/>\n<meta property=\"og:site_name\" content=\"Clair\" \/>\n<meta property=\"article:publisher\" content=\"https:\/\/www.facebook.com\/TrgovinaClair\/\" \/>\n<meta property=\"article:modified_time\" content=\"2025-09-27T14:48:48+00:00\" \/>\n<meta property=\"og:image\" content=\"https:\/\/clair.si\/wp-content\/uploads\/2023\/07\/marstall-fan-flexitrog-jpg.webp\" \/>\n\t<meta property=\"og:image:width\" content=\"800\" \/>\n\t<meta property=\"og:image:height\" content=\"800\" \/>\n\t<meta property=\"og:image:type\" content=\"image\/jpeg\" \/>\n<meta name=\"twitter:card\" content=\"summary_large_image\" \/>\n<script type=\"application\/ld+json\" class=\"yoast-schema-graph\">{\"@context\":\"https:\\\/\\\/schema.org\",\"@graph\":[{\"@type\":\"WebPage\",\"@id\":\"https:\\\/\\\/clair.si\\\/izdelek\\\/marstall-krmilnik-za-konje-flexitrog\\\/\",\"url\":\"https:\\\/\\\/clair.si\\\/izdelek\\\/marstall-krmilnik-za-konje-flexitrog\\\/\",\"name\":\"Marstall hranilica za konje Flexitrog - Clair\",\"isPartOf\":{\"@id\":\"https:\\\/\\\/clair.si\\\/#website\"},\"primaryImageOfPage\":{\"@id\":\"https:\\\/\\\/clair.si\\\/izdelek\\\/marstall-krmilnik-za-konje-flexitrog\\\/#primaryimage\"},\"image\":{\"@id\":\"https:\\\/\\\/clair.si\\\/izdelek\\\/marstall-krmilnik-za-konje-flexitrog\\\/#primaryimage\"},\"thumbnailUrl\":\"https:\\\/\\\/clair.si\\\/wp-content\\\/uploads\\\/2023\\\/07\\\/marstall-fan-flexitrog-jpg.webp\",\"datePublished\":\"2023-07-13T11:48:49+00:00\",\"dateModified\":\"2025-09-27T14:48:48+00:00\",\"description\":\"Robustan Marstall hranilnik za konje Flexitrog je savr\u0161en pomo\u0107nik u \u0161tali, u padoku i na turnirima. Fleksibilan materijal sprje\u010dava ozljede i odli\u010dno\",\"breadcrumb\":{\"@id\":\"https:\\\/\\\/clair.si\\\/izdelek\\\/marstall-krmilnik-za-konje-flexitrog\\\/#breadcrumb\"},\"inLanguage\":\"hr\",\"potentialAction\":[{\"@type\":\"ReadAction\",\"target\":[\"https:\\\/\\\/clair.si\\\/izdelek\\\/marstall-krmilnik-za-konje-flexitrog\\\/\"]}]},{\"@type\":\"ImageObject\",\"inLanguage\":\"hr\",\"@id\":\"https:\\\/\\\/clair.si\\\/izdelek\\\/marstall-krmilnik-za-konje-flexitrog\\\/#primaryimage\",\"url\":\"https:\\\/\\\/clair.si\\\/wp-content\\\/uploads\\\/2023\\\/07\\\/marstall-fan-flexitrog-jpg.webp\",\"contentUrl\":\"https:\\\/\\\/clair.si\\\/wp-content\\\/uploads\\\/2023\\\/07\\\/marstall-fan-flexitrog-jpg.webp\",\"width\":800,\"height\":800},{\"@type\":\"BreadcrumbList\",\"@id\":\"https:\\\/\\\/clair.si\\\/izdelek\\\/marstall-krmilnik-za-konje-flexitrog\\\/#breadcrumb\",\"itemListElement\":[{\"@type\":\"ListItem\",\"position\":1,\"name\":\"Home\",\"item\":\"https:\\\/\\\/clair.si\\\/hr\\\/\"},{\"@type\":\"ListItem\",\"position\":2,\"name\":\"Trgovina\",\"item\":\"https:\\\/\\\/clair.si\\\/trgovina\\\/\"},{\"@type\":\"ListItem\",\"position\":3,\"name\":\"Marstall hranilica za konje Flexitrog\"}]},{\"@type\":\"WebSite\",\"@id\":\"https:\\\/\\\/clair.si\\\/#website\",\"url\":\"https:\\\/\\\/clair.si\\\/\",\"name\":\"Clair\",\"description\":\"Trgovina s konjeni\u0161ko opremo\",\"publisher\":{\"@id\":\"https:\\\/\\\/clair.si\\\/#organization\"},\"potentialAction\":[{\"@type\":\"SearchAction\",\"target\":{\"@type\":\"EntryPoint\",\"urlTemplate\":\"https:\\\/\\\/clair.si\\\/?s={search_term_string}\"},\"query-input\":{\"@type\":\"PropertyValueSpecification\",\"valueRequired\":true,\"valueName\":\"search_term_string\"}}],\"inLanguage\":\"hr\"},{\"@type\":\"Organization\",\"@id\":\"https:\\\/\\\/clair.si\\\/#organization\",\"name\":\"Clair\",\"url\":\"https:\\\/\\\/clair.si\\\/\",\"logo\":{\"@type\":\"ImageObject\",\"inLanguage\":\"hr\",\"@id\":\"https:\\\/\\\/clair.si\\\/#\\\/schema\\\/logo\\\/image\\\/\",\"url\":\"https:\\\/\\\/clair.si\\\/wp-content\\\/uploads\\\/2022\\\/11\\\/clair_logo_2022.jpg\",\"contentUrl\":\"https:\\\/\\\/clair.si\\\/wp-content\\\/uploads\\\/2022\\\/11\\\/clair_logo_2022.jpg\",\"width\":1920,\"height\":1920,\"caption\":\"Clair\"},\"image\":{\"@id\":\"https:\\\/\\\/clair.si\\\/#\\\/schema\\\/logo\\\/image\\\/\"},\"sameAs\":[\"https:\\\/\\\/www.facebook.com\\\/TrgovinaClair\\\/\"]}]}<\/script>\n<!-- \/ Yoast SEO plugin. -->","yoast_head_json":{"title":"Marstall hranilica za konje Flexitrog - Clair","description":"Robustan Marstall hranilnik za konje Flexitrog je savr\u0161en pomo\u0107nik u \u0161tali, u padoku i na turnirima. Fleksibilan materijal sprje\u010dava ozljede i odli\u010dno","robots":{"index":"index","follow":"follow","max-snippet":"max-snippet:-1","max-image-preview":"max-image-preview:large","max-video-preview":"max-video-preview:-1"},"canonical":"https:\/\/clair.si\/izdelek\/marstall-krmilnik-za-konje-flexitrog\/","og_locale":"hr_HR","og_type":"article","og_title":"Marstall hranilica za konje Flexitrog - Clair","og_description":"Robustan Marstall hranilnik za konje Flexitrog je savr\u0161en pomo\u0107nik u \u0161tali, u padoku i na turnirima. Fleksibilan materijal sprje\u010dava ozljede i odli\u010dno","og_url":"https:\/\/clair.si\/izdelek\/marstall-krmilnik-za-konje-flexitrog\/","og_site_name":"Clair","article_publisher":"https:\/\/www.facebook.com\/TrgovinaClair\/","article_modified_time":"2025-09-27T14:48:48+00:00","og_image":[{"width":800,"height":800,"url":"https:\/\/clair.si\/wp-content\/uploads\/2023\/07\/marstall-fan-flexitrog-jpg.webp","type":"image\/jpeg"}],"twitter_card":"summary_large_image","schema":{"@context":"https:\/\/schema.org","@graph":[{"@type":"WebPage","@id":"https:\/\/clair.si\/izdelek\/marstall-krmilnik-za-konje-flexitrog\/","url":"https:\/\/clair.si\/izdelek\/marstall-krmilnik-za-konje-flexitrog\/","name":"Marstall hranilica za konje Flexitrog - Clair","isPartOf":{"@id":"https:\/\/clair.si\/#website"},"primaryImageOfPage":{"@id":"https:\/\/clair.si\/izdelek\/marstall-krmilnik-za-konje-flexitrog\/#primaryimage"},"image":{"@id":"https:\/\/clair.si\/izdelek\/marstall-krmilnik-za-konje-flexitrog\/#primaryimage"},"thumbnailUrl":"https:\/\/clair.si\/wp-content\/uploads\/2023\/07\/marstall-fan-flexitrog-jpg.webp","datePublished":"2023-07-13T11:48:49+00:00","dateModified":"2025-09-27T14:48:48+00:00","description":"Robustan Marstall hranilnik za konje Flexitrog je savr\u0161en pomo\u0107nik u \u0161tali, u padoku i na turnirima. Fleksibilan materijal sprje\u010dava ozljede i odli\u010dno","breadcrumb":{"@id":"https:\/\/clair.si\/izdelek\/marstall-krmilnik-za-konje-flexitrog\/#breadcrumb"},"inLanguage":"hr","potentialAction":[{"@type":"ReadAction","target":["https:\/\/clair.si\/izdelek\/marstall-krmilnik-za-konje-flexitrog\/"]}]},{"@type":"ImageObject","inLanguage":"hr","@id":"https:\/\/clair.si\/izdelek\/marstall-krmilnik-za-konje-flexitrog\/#primaryimage","url":"https:\/\/clair.si\/wp-content\/uploads\/2023\/07\/marstall-fan-flexitrog-jpg.webp","contentUrl":"https:\/\/clair.si\/wp-content\/uploads\/2023\/07\/marstall-fan-flexitrog-jpg.webp","width":800,"height":800},{"@type":"BreadcrumbList","@id":"https:\/\/clair.si\/izdelek\/marstall-krmilnik-za-konje-flexitrog\/#breadcrumb","itemListElement":[{"@type":"ListItem","position":1,"name":"Home","item":"https:\/\/clair.si\/hr\/"},{"@type":"ListItem","position":2,"name":"Trgovina","item":"https:\/\/clair.si\/trgovina\/"},{"@type":"ListItem","position":3,"name":"Marstall hranilica za konje Flexitrog"}]},{"@type":"WebSite","@id":"https:\/\/clair.si\/#website","url":"https:\/\/clair.si\/","name":"Clair","description":"Trgovina s konjeni\u0161ko opremo","publisher":{"@id":"https:\/\/clair.si\/#organization"},"potentialAction":[{"@type":"SearchAction","target":{"@type":"EntryPoint","urlTemplate":"https:\/\/clair.si\/?s={search_term_string}"},"query-input":{"@type":"PropertyValueSpecification","valueRequired":true,"valueName":"search_term_string"}}],"inLanguage":"hr"},{"@type":"Organization","@id":"https:\/\/clair.si\/#organization","name":"Clair","url":"https:\/\/clair.si\/","logo":{"@type":"ImageObject","inLanguage":"hr","@id":"https:\/\/clair.si\/#\/schema\/logo\/image\/","url":"https:\/\/clair.si\/wp-content\/uploads\/2022\/11\/clair_logo_2022.jpg","contentUrl":"https:\/\/clair.si\/wp-content\/uploads\/2022\/11\/clair_logo_2022.jpg","width":1920,"height":1920,"caption":"Clair"},"image":{"@id":"https:\/\/clair.si\/#\/schema\/logo\/image\/"},"sameAs":["https:\/\/www.facebook.com\/TrgovinaClair\/"]}]}},"_links":{"self":[{"href":"https:\/\/clair.si\/hr\/wp-json\/wp\/v2\/product\/97975","targetHints":{"allow":["GET"]}}],"collection":[{"href":"https:\/\/clair.si\/hr\/wp-json\/wp\/v2\/product"}],"about":[{"href":"https:\/\/clair.si\/hr\/wp-json\/wp\/v2\/types\/product"}],"version-history":[{"count":2,"href":"https:\/\/clair.si\/hr\/wp-json\/wp\/v2\/product\/97975\/revisions"}],"predecessor-version":[{"id":114961,"href":"https:\/\/clair.si\/hr\/wp-json\/wp\/v2\/product\/97975\/revisions\/114961"}],"wp:featuredmedia":[{"embeddable":true,"href":"https:\/\/clair.si\/hr\/wp-json\/wp\/v2\/media\/97976"}],"wp:attachment":[{"href":"https:\/\/clair.si\/hr\/wp-json\/wp\/v2\/media?parent=97975"}],"wp:term":[{"taxonomy":"product_brand","embeddable":true,"href":"https:\/\/clair.si\/hr\/wp-json\/wp\/v2\/product_brand?post=97975"},{"taxonomy":"product_cat","embeddable":true,"href":"https:\/\/clair.si\/hr\/wp-json\/wp\/v2\/product_cat?post=97975"},{"taxonomy":"product_tag","embeddable":true,"href":"https:\/\/clair.si\/hr\/wp-json\/wp\/v2\/product_tag?post=97975"}],"curies":[{"name":"wp","href":"https:\/\/api.w.org\/{rel}","templated":true}]}}