{"id":97978,"date":"2023-07-20T12:30:49","date_gmt":"2023-07-20T10:30:49","guid":{"rendered":"https:\/\/clair.si\/izdelek\/kamen-za-lizanje-za-konje-anti-insect\/"},"modified":"2025-10-05T10:24:54","modified_gmt":"2025-10-05T08:24:54","slug":"kamen-za-lizanje-za-konje-anti-insect","status":"publish","type":"product","link":"https:\/\/clair.si\/hr\/izdelek\/kamen-za-lizanje-za-konje-anti-insect\/","title":{"rendered":"Kamen za lizanje za konje Anti-Insect"},"content":{"rendered":"<p><strong>Kamen za lizanje Anti-Insect:<\/strong><\/p>\n<ul>\n<li><span class=\"HwtZe\" lang=\"sl\"><span class=\"jCAhz ChMk0b\"><span class=\"ryNqvb\">Doprinosi repelentnom djelovanju protiv muha, komaraca i drugih \u0161tetnih insekata<\/span><\/span><\/span><\/li>\n<li><span class=\"HwtZe\" lang=\"sl\"><span class=\"jCAhz ChMk0b\"><span class=\"ryNqvb\">Pobolj\u0161ava cirkulaciju krvi, \u0161to smanjuje razinu arterijske tromboze<\/span><\/span><\/span><\/li>\n<li><span class=\"HwtZe\" lang=\"sl\"><span class=\"jCAhz ChMk0b\"><span class=\"ryNqvb\">Pobolj\u0161ava imunolo\u0161ki sustav \u017eivotinja<\/span><\/span><\/span><\/li>\n<li><span class=\"HwtZe\" lang=\"sl\"> <span class=\"jCAhz ChMk0b\"><span class=\"ryNqvb\">Doprinosi djelovanju protiv virusa i bakterija<\/span><\/span> <\/span><\/li>\n<li><span class=\"HwtZe\" lang=\"sl\"><span class=\"jCAhz ChMk0b\"><span class=\"ryNqvb\">Stabilizira pH \u017eeluca<\/span><\/span> <\/span><\/li>\n<li><span class=\"HwtZe\" lang=\"sl\"><span class=\"jCAhz ChMk0b\"><span class=\"ryNqvb\">Djeluje kao antioksidacijski faktor sa za\u0161titom tjelesnih stanica<\/span><\/span><\/span><\/li>\n<li><span class=\"HwtZe\" lang=\"sl\"> <span class=\"jCAhz ChMk0b\"><span class=\"ryNqvb\">Pobolj\u0161ava probavu i metabolizam<\/span><\/span><\/span><\/li>\n<\/ul>\n<div class=\"lRu31\"><span class=\"HwtZe\" lang=\"sl\"><span class=\"jCAhz ChMk0b\"><span class=\"ryNqvb\"><strong>Analiti\u010dki sastav:<\/strong> <em>37,5% natrij, 0,79% kalcij, 0,35% magnezij, 0,25% fosfor<\/em><\/span><\/span>.<\/span><\/div>\n<div class=\"lRu31\"><span class=\"HwtZe\" lang=\"sl\"><span class=\"jCAhz ChMk0b\"><span class=\"ryNqvb\"><strong>Sastav:<\/strong> <em>natrijev klorid, kalcijev karbonat, dikalcijev fosfat, magnezijev oksid, mje\u0161avina eteri\u010dnih ulja (na bazi \u010de\u0161njaka), melasa<\/em><\/span><\/span><em>.<\/em><\/span><\/div>\n<div class=\"lRu31\"><span class=\"HwtZe\" lang=\"sl\"><span class=\"jCAhz ChMk0b\"><span class=\"ryNqvb\"><strong>Hranjivi dodaci po kg:<\/strong><em> 930 mg \u017eeljeza kao \u017eeljezovog karbonata (E1), 273 mg mangana kao manganovog II oksida (E5), 145 mg cinka kao cinkovog oksida (3b603), 60 mg joda kao granuliranog kalcijevog jodata (oblo\u017eenog, bezvodnog) (3b203), 25 mg kobalta kao granuliranog kobaltovog II karbonata (oblo\u017eenog) (3b) 304), 7,5 mg selena u obliku natrijevog selenita (E8), 15.000 IJ vitamina A (3a672a), 2.500 IJ vitamina D3 (E671), 21,3 mg vitamina E (3a700)<\/em><\/span><\/span>.<\/span><\/div>\n<div><\/div>\n<div class=\"lRu31\"><span class=\"HwtZe\" lang=\"sl\"><span class=\"jCAhz ChMk0b\"><span class=\"ryNqvb\"><strong>Kako hranimo?<\/strong>: Ovu dopunsku krmnu smjesu mo\u017ee se davati konjima do 1:100 dnevnog obroka zbog vi\u0161ih razina elemenata u tragovima i vitamina.<\/span><\/span><\/span><\/div>\n","protected":false},"excerpt":{"rendered":"<p><strong>Te\u017eina: 5 kg<\/strong><\/p>\n","protected":false},"featured_media":97979,"template":"","meta":{"footnotes":""},"product_brand":[],"product_cat":[5782,5710,5712,5627],"product_tag":[],"class_list":{"0":"post-97978","1":"product","2":"type-product","3":"status-publish","4":"has-post-thumbnail","6":"product_cat-kolacici-i-kamenje-soli","7":"product_cat-hrana-za-konje-hr","8":"product_cat-prehrambeni-dodaci","9":"product_cat-stala-i-pasnjak","11":"first","12":"instock","13":"sale","14":"shipping-taxable","15":"purchasable","16":"product-type-simple"},"yoast_head":"<!-- This site is optimized with the Yoast SEO plugin v27.4 - https:\/\/yoast.com\/product\/yoast-seo-wordpress\/ -->\n<title>Kamen za lizanje za konje Anti-Insect - Clair<\/title>\n<meta name=\"description\" content=\"Te\u017eina: 5 kg\" \/>\n<meta name=\"robots\" content=\"index, follow, max-snippet:-1, max-image-preview:large, max-video-preview:-1\" \/>\n<link rel=\"canonical\" href=\"https:\/\/clair.si\/izdelek\/lizalni-kamen-za-konje-anti-insect\/\" \/>\n<meta property=\"og:locale\" content=\"hr_HR\" \/>\n<meta property=\"og:type\" content=\"article\" \/>\n<meta property=\"og:title\" content=\"Kamen za lizanje za konje Anti-Insect - Clair\" \/>\n<meta property=\"og:description\" content=\"Te\u017eina: 5 kg\" \/>\n<meta property=\"og:url\" content=\"https:\/\/clair.si\/izdelek\/lizalni-kamen-za-konje-anti-insect\/\" \/>\n<meta property=\"og:site_name\" content=\"Clair\" \/>\n<meta property=\"article:publisher\" content=\"https:\/\/www.facebook.com\/TrgovinaClair\/\" \/>\n<meta property=\"article:modified_time\" content=\"2025-10-05T08:24:54+00:00\" \/>\n<meta property=\"og:image\" content=\"https:\/\/clair.si\/wp-content\/uploads\/2023\/07\/antinsect_lizalni_kamen_trgovina_clair_agro_za_zivali-removebg-preview-jpg.webp\" \/>\n\t<meta property=\"og:image:width\" content=\"500\" \/>\n\t<meta property=\"og:image:height\" content=\"500\" \/>\n\t<meta property=\"og:image:type\" content=\"image\/jpeg\" \/>\n<meta name=\"twitter:card\" content=\"summary_large_image\" \/>\n<meta name=\"twitter:label1\" content=\"Procijenjeno vrijeme \u010ditanja\" \/>\n\t<meta name=\"twitter:data1\" content=\"1 minuta\" \/>\n<script type=\"application\/ld+json\" class=\"yoast-schema-graph\">{\"@context\":\"https:\\\/\\\/schema.org\",\"@graph\":[{\"@type\":\"WebPage\",\"@id\":\"https:\\\/\\\/clair.si\\\/izdelek\\\/lizalni-kamen-za-konje-anti-insect\\\/\",\"url\":\"https:\\\/\\\/clair.si\\\/izdelek\\\/lizalni-kamen-za-konje-anti-insect\\\/\",\"name\":\"Kamen za lizanje za konje Anti-Insect - Clair\",\"isPartOf\":{\"@id\":\"https:\\\/\\\/clair.si\\\/#website\"},\"primaryImageOfPage\":{\"@id\":\"https:\\\/\\\/clair.si\\\/izdelek\\\/lizalni-kamen-za-konje-anti-insect\\\/#primaryimage\"},\"image\":{\"@id\":\"https:\\\/\\\/clair.si\\\/izdelek\\\/lizalni-kamen-za-konje-anti-insect\\\/#primaryimage\"},\"thumbnailUrl\":\"https:\\\/\\\/clair.si\\\/wp-content\\\/uploads\\\/2023\\\/07\\\/antinsect_lizalni_kamen_trgovina_clair_agro_za_zivali-removebg-preview-jpg.webp\",\"datePublished\":\"2023-07-20T10:30:49+00:00\",\"dateModified\":\"2025-10-05T08:24:54+00:00\",\"description\":\"Te\u017eina: 5 kg\",\"breadcrumb\":{\"@id\":\"https:\\\/\\\/clair.si\\\/izdelek\\\/lizalni-kamen-za-konje-anti-insect\\\/#breadcrumb\"},\"inLanguage\":\"hr\",\"potentialAction\":[{\"@type\":\"ReadAction\",\"target\":[\"https:\\\/\\\/clair.si\\\/izdelek\\\/lizalni-kamen-za-konje-anti-insect\\\/\"]}]},{\"@type\":\"ImageObject\",\"inLanguage\":\"hr\",\"@id\":\"https:\\\/\\\/clair.si\\\/izdelek\\\/lizalni-kamen-za-konje-anti-insect\\\/#primaryimage\",\"url\":\"https:\\\/\\\/clair.si\\\/wp-content\\\/uploads\\\/2023\\\/07\\\/antinsect_lizalni_kamen_trgovina_clair_agro_za_zivali-removebg-preview-jpg.webp\",\"contentUrl\":\"https:\\\/\\\/clair.si\\\/wp-content\\\/uploads\\\/2023\\\/07\\\/antinsect_lizalni_kamen_trgovina_clair_agro_za_zivali-removebg-preview-jpg.webp\",\"width\":500,\"height\":500},{\"@type\":\"BreadcrumbList\",\"@id\":\"https:\\\/\\\/clair.si\\\/izdelek\\\/lizalni-kamen-za-konje-anti-insect\\\/#breadcrumb\",\"itemListElement\":[{\"@type\":\"ListItem\",\"position\":1,\"name\":\"Home\",\"item\":\"https:\\\/\\\/clair.si\\\/hr\\\/\"},{\"@type\":\"ListItem\",\"position\":2,\"name\":\"Trgovina\",\"item\":\"https:\\\/\\\/clair.si\\\/trgovina\\\/\"},{\"@type\":\"ListItem\",\"position\":3,\"name\":\"Kamen za lizanje za konje Anti-Insect\"}]},{\"@type\":\"WebSite\",\"@id\":\"https:\\\/\\\/clair.si\\\/#website\",\"url\":\"https:\\\/\\\/clair.si\\\/\",\"name\":\"Clair\",\"description\":\"Trgovina s konjeni\u0161ko opremo\",\"publisher\":{\"@id\":\"https:\\\/\\\/clair.si\\\/#organization\"},\"potentialAction\":[{\"@type\":\"SearchAction\",\"target\":{\"@type\":\"EntryPoint\",\"urlTemplate\":\"https:\\\/\\\/clair.si\\\/?s={search_term_string}\"},\"query-input\":{\"@type\":\"PropertyValueSpecification\",\"valueRequired\":true,\"valueName\":\"search_term_string\"}}],\"inLanguage\":\"hr\"},{\"@type\":\"Organization\",\"@id\":\"https:\\\/\\\/clair.si\\\/#organization\",\"name\":\"Clair\",\"url\":\"https:\\\/\\\/clair.si\\\/\",\"logo\":{\"@type\":\"ImageObject\",\"inLanguage\":\"hr\",\"@id\":\"https:\\\/\\\/clair.si\\\/#\\\/schema\\\/logo\\\/image\\\/\",\"url\":\"https:\\\/\\\/clair.si\\\/wp-content\\\/uploads\\\/2022\\\/11\\\/clair_logo_2022.jpg\",\"contentUrl\":\"https:\\\/\\\/clair.si\\\/wp-content\\\/uploads\\\/2022\\\/11\\\/clair_logo_2022.jpg\",\"width\":1920,\"height\":1920,\"caption\":\"Clair\"},\"image\":{\"@id\":\"https:\\\/\\\/clair.si\\\/#\\\/schema\\\/logo\\\/image\\\/\"},\"sameAs\":[\"https:\\\/\\\/www.facebook.com\\\/TrgovinaClair\\\/\"]}]}<\/script>\n<!-- \/ Yoast SEO plugin. -->","yoast_head_json":{"title":"Kamen za lizanje za konje Anti-Insect - Clair","description":"Te\u017eina: 5 kg","robots":{"index":"index","follow":"follow","max-snippet":"max-snippet:-1","max-image-preview":"max-image-preview:large","max-video-preview":"max-video-preview:-1"},"canonical":"https:\/\/clair.si\/izdelek\/lizalni-kamen-za-konje-anti-insect\/","og_locale":"hr_HR","og_type":"article","og_title":"Kamen za lizanje za konje Anti-Insect - Clair","og_description":"Te\u017eina: 5 kg","og_url":"https:\/\/clair.si\/izdelek\/lizalni-kamen-za-konje-anti-insect\/","og_site_name":"Clair","article_publisher":"https:\/\/www.facebook.com\/TrgovinaClair\/","article_modified_time":"2025-10-05T08:24:54+00:00","og_image":[{"width":500,"height":500,"url":"https:\/\/clair.si\/wp-content\/uploads\/2023\/07\/antinsect_lizalni_kamen_trgovina_clair_agro_za_zivali-removebg-preview-jpg.webp","type":"image\/jpeg"}],"twitter_card":"summary_large_image","twitter_misc":{"Procijenjeno vrijeme \u010ditanja":"1 minuta"},"schema":{"@context":"https:\/\/schema.org","@graph":[{"@type":"WebPage","@id":"https:\/\/clair.si\/izdelek\/lizalni-kamen-za-konje-anti-insect\/","url":"https:\/\/clair.si\/izdelek\/lizalni-kamen-za-konje-anti-insect\/","name":"Kamen za lizanje za konje Anti-Insect - Clair","isPartOf":{"@id":"https:\/\/clair.si\/#website"},"primaryImageOfPage":{"@id":"https:\/\/clair.si\/izdelek\/lizalni-kamen-za-konje-anti-insect\/#primaryimage"},"image":{"@id":"https:\/\/clair.si\/izdelek\/lizalni-kamen-za-konje-anti-insect\/#primaryimage"},"thumbnailUrl":"https:\/\/clair.si\/wp-content\/uploads\/2023\/07\/antinsect_lizalni_kamen_trgovina_clair_agro_za_zivali-removebg-preview-jpg.webp","datePublished":"2023-07-20T10:30:49+00:00","dateModified":"2025-10-05T08:24:54+00:00","description":"Te\u017eina: 5 kg","breadcrumb":{"@id":"https:\/\/clair.si\/izdelek\/lizalni-kamen-za-konje-anti-insect\/#breadcrumb"},"inLanguage":"hr","potentialAction":[{"@type":"ReadAction","target":["https:\/\/clair.si\/izdelek\/lizalni-kamen-za-konje-anti-insect\/"]}]},{"@type":"ImageObject","inLanguage":"hr","@id":"https:\/\/clair.si\/izdelek\/lizalni-kamen-za-konje-anti-insect\/#primaryimage","url":"https:\/\/clair.si\/wp-content\/uploads\/2023\/07\/antinsect_lizalni_kamen_trgovina_clair_agro_za_zivali-removebg-preview-jpg.webp","contentUrl":"https:\/\/clair.si\/wp-content\/uploads\/2023\/07\/antinsect_lizalni_kamen_trgovina_clair_agro_za_zivali-removebg-preview-jpg.webp","width":500,"height":500},{"@type":"BreadcrumbList","@id":"https:\/\/clair.si\/izdelek\/lizalni-kamen-za-konje-anti-insect\/#breadcrumb","itemListElement":[{"@type":"ListItem","position":1,"name":"Home","item":"https:\/\/clair.si\/hr\/"},{"@type":"ListItem","position":2,"name":"Trgovina","item":"https:\/\/clair.si\/trgovina\/"},{"@type":"ListItem","position":3,"name":"Kamen za lizanje za konje Anti-Insect"}]},{"@type":"WebSite","@id":"https:\/\/clair.si\/#website","url":"https:\/\/clair.si\/","name":"Clair","description":"Trgovina s konjeni\u0161ko opremo","publisher":{"@id":"https:\/\/clair.si\/#organization"},"potentialAction":[{"@type":"SearchAction","target":{"@type":"EntryPoint","urlTemplate":"https:\/\/clair.si\/?s={search_term_string}"},"query-input":{"@type":"PropertyValueSpecification","valueRequired":true,"valueName":"search_term_string"}}],"inLanguage":"hr"},{"@type":"Organization","@id":"https:\/\/clair.si\/#organization","name":"Clair","url":"https:\/\/clair.si\/","logo":{"@type":"ImageObject","inLanguage":"hr","@id":"https:\/\/clair.si\/#\/schema\/logo\/image\/","url":"https:\/\/clair.si\/wp-content\/uploads\/2022\/11\/clair_logo_2022.jpg","contentUrl":"https:\/\/clair.si\/wp-content\/uploads\/2022\/11\/clair_logo_2022.jpg","width":1920,"height":1920,"caption":"Clair"},"image":{"@id":"https:\/\/clair.si\/#\/schema\/logo\/image\/"},"sameAs":["https:\/\/www.facebook.com\/TrgovinaClair\/"]}]}},"_links":{"self":[{"href":"https:\/\/clair.si\/hr\/wp-json\/wp\/v2\/product\/97978","targetHints":{"allow":["GET"]}}],"collection":[{"href":"https:\/\/clair.si\/hr\/wp-json\/wp\/v2\/product"}],"about":[{"href":"https:\/\/clair.si\/hr\/wp-json\/wp\/v2\/types\/product"}],"version-history":[{"count":1,"href":"https:\/\/clair.si\/hr\/wp-json\/wp\/v2\/product\/97978\/revisions"}],"predecessor-version":[{"id":116004,"href":"https:\/\/clair.si\/hr\/wp-json\/wp\/v2\/product\/97978\/revisions\/116004"}],"wp:featuredmedia":[{"embeddable":true,"href":"https:\/\/clair.si\/hr\/wp-json\/wp\/v2\/media\/97979"}],"wp:attachment":[{"href":"https:\/\/clair.si\/hr\/wp-json\/wp\/v2\/media?parent=97978"}],"wp:term":[{"taxonomy":"product_brand","embeddable":true,"href":"https:\/\/clair.si\/hr\/wp-json\/wp\/v2\/product_brand?post=97978"},{"taxonomy":"product_cat","embeddable":true,"href":"https:\/\/clair.si\/hr\/wp-json\/wp\/v2\/product_cat?post=97978"},{"taxonomy":"product_tag","embeddable":true,"href":"https:\/\/clair.si\/hr\/wp-json\/wp\/v2\/product_tag?post=97978"}],"curies":[{"name":"wp","href":"https:\/\/api.w.org\/{rel}","templated":true}]}}