{"id":98000,"date":"2023-07-11T13:07:50","date_gmt":"2023-07-11T11:07:50","guid":{"rendered":"https:\/\/clair.si\/izdelek\/jahaci-bic-wg-soft\/"},"modified":"2025-10-04T11:17:21","modified_gmt":"2025-10-04T09:17:21","slug":"jahaci-bic-wg-soft","status":"publish","type":"product","link":"https:\/\/clair.si\/hr\/izdelek\/jahaci-bic-wg-soft\/","title":{"rendered":"Jaha\u0107i bi\u010d W&amp;G Soft"},"content":{"rendered":"<p><strong>Jaha\u0107i bi\u010d W&amp;G Soft<\/strong> s ru\u010dkom u imitaciji ko\u017ee, podstavljenom mekom pjenom.<\/p>\n<p>Du\u017eina: 65 cm<\/p>\n","protected":false},"excerpt":{"rendered":"<p>Jaha\u0107i bi\u010d W&amp;G Soft s ru\u010dkom u imitaciji ko\u017ee, podstavljenom mekom pjenom. Du\u017eina: 65 cm<\/p>\n","protected":false},"featured_media":98004,"template":"","meta":{"footnotes":""},"product_brand":[],"product_cat":[5732,5654,6010,5670,5658,5733,5734],"product_tag":[],"class_list":{"0":"post-98000","1":"product","2":"type-product","3":"status-publish","4":"has-post-thumbnail","6":"product_cat-bicevi","7":"product_cat-jahac-hr","8":"product_cat-jahaci-bicevi","9":"product_cat-natjecanja","10":"product_cat-pocetci-jahanja","11":"product_cat-preponski-bicevi","12":"product_cat-visenamjenski-bicevi","14":"first","15":"instock","16":"shipping-taxable","17":"purchasable","18":"product-type-variable"},"yoast_head":"<!-- This site is optimized with the Yoast SEO plugin v27.3 - https:\/\/yoast.com\/product\/yoast-seo-wordpress\/ -->\n<title>Jaha\u0107i bi\u010d W&amp;G Soft - Clair<\/title>\n<meta name=\"description\" content=\"Jaha\u0107i bi\u010d W&amp;G Soft s ru\u010dkom u imitaciji ko\u017ee, podstavljenom mekom pjenom.  Du\u017eina: 65 cm\" \/>\n<meta name=\"robots\" content=\"index, follow, max-snippet:-1, max-image-preview:large, max-video-preview:-1\" \/>\n<link rel=\"canonical\" href=\"https:\/\/clair.si\/izdelek\/jahalni-bic-wg-soft\/\" \/>\n<meta property=\"og:locale\" content=\"hr_HR\" \/>\n<meta property=\"og:type\" content=\"article\" \/>\n<meta property=\"og:title\" content=\"Jaha\u0107i bi\u010d W&amp;G Soft - Clair\" \/>\n<meta property=\"og:description\" content=\"Jaha\u0107i bi\u010d W&amp;G Soft s ru\u010dkom u imitaciji ko\u017ee, podstavljenom mekom pjenom.  Du\u017eina: 65 cm\" \/>\n<meta property=\"og:url\" content=\"https:\/\/clair.si\/izdelek\/jahalni-bic-wg-soft\/\" \/>\n<meta property=\"og:site_name\" content=\"Clair\" \/>\n<meta property=\"article:publisher\" content=\"https:\/\/www.facebook.com\/TrgovinaClair\/\" \/>\n<meta property=\"article:modified_time\" content=\"2025-10-04T09:17:21+00:00\" \/>\n<meta property=\"og:image\" content=\"https:\/\/clair.si\/wp-content\/uploads\/2023\/07\/whip-go-soft-bic-za-konja-vecnamenski-skakalni-clair-crna-roza-jpg.webp\" \/>\n\t<meta property=\"og:image:width\" content=\"800\" \/>\n\t<meta property=\"og:image:height\" content=\"800\" \/>\n\t<meta property=\"og:image:type\" content=\"image\/jpeg\" \/>\n<meta name=\"twitter:card\" content=\"summary_large_image\" \/>\n<meta name=\"twitter:label1\" content=\"Procijenjeno vrijeme \u010ditanja\" \/>\n\t<meta name=\"twitter:data1\" content=\"1 minuta\" \/>\n<script type=\"application\/ld+json\" class=\"yoast-schema-graph\">{\"@context\":\"https:\\\/\\\/schema.org\",\"@graph\":[{\"@type\":\"WebPage\",\"@id\":\"https:\\\/\\\/clair.si\\\/izdelek\\\/jahalni-bic-wg-soft\\\/\",\"url\":\"https:\\\/\\\/clair.si\\\/izdelek\\\/jahalni-bic-wg-soft\\\/\",\"name\":\"Jaha\u0107i bi\u010d W&amp;G Soft - Clair\",\"isPartOf\":{\"@id\":\"https:\\\/\\\/clair.si\\\/#website\"},\"primaryImageOfPage\":{\"@id\":\"https:\\\/\\\/clair.si\\\/izdelek\\\/jahalni-bic-wg-soft\\\/#primaryimage\"},\"image\":{\"@id\":\"https:\\\/\\\/clair.si\\\/izdelek\\\/jahalni-bic-wg-soft\\\/#primaryimage\"},\"thumbnailUrl\":\"https:\\\/\\\/clair.si\\\/wp-content\\\/uploads\\\/2023\\\/07\\\/whip-go-soft-bic-za-konja-vecnamenski-skakalni-clair-crna-roza-jpg.webp\",\"datePublished\":\"2023-07-11T11:07:50+00:00\",\"dateModified\":\"2025-10-04T09:17:21+00:00\",\"description\":\"Jaha\u0107i bi\u010d W&amp;G Soft s ru\u010dkom u imitaciji ko\u017ee, podstavljenom mekom pjenom. Du\u017eina: 65 cm\",\"breadcrumb\":{\"@id\":\"https:\\\/\\\/clair.si\\\/izdelek\\\/jahalni-bic-wg-soft\\\/#breadcrumb\"},\"inLanguage\":\"hr\",\"potentialAction\":[{\"@type\":\"ReadAction\",\"target\":[\"https:\\\/\\\/clair.si\\\/izdelek\\\/jahalni-bic-wg-soft\\\/\"]}]},{\"@type\":\"ImageObject\",\"inLanguage\":\"hr\",\"@id\":\"https:\\\/\\\/clair.si\\\/izdelek\\\/jahalni-bic-wg-soft\\\/#primaryimage\",\"url\":\"https:\\\/\\\/clair.si\\\/wp-content\\\/uploads\\\/2023\\\/07\\\/whip-go-soft-bic-za-konja-vecnamenski-skakalni-clair-crna-roza-jpg.webp\",\"contentUrl\":\"https:\\\/\\\/clair.si\\\/wp-content\\\/uploads\\\/2023\\\/07\\\/whip-go-soft-bic-za-konja-vecnamenski-skakalni-clair-crna-roza-jpg.webp\",\"width\":800,\"height\":800},{\"@type\":\"BreadcrumbList\",\"@id\":\"https:\\\/\\\/clair.si\\\/izdelek\\\/jahalni-bic-wg-soft\\\/#breadcrumb\",\"itemListElement\":[{\"@type\":\"ListItem\",\"position\":1,\"name\":\"Home\",\"item\":\"https:\\\/\\\/clair.si\\\/hr\\\/\"},{\"@type\":\"ListItem\",\"position\":2,\"name\":\"Trgovina\",\"item\":\"https:\\\/\\\/clair.si\\\/trgovina\\\/\"},{\"@type\":\"ListItem\",\"position\":3,\"name\":\"Jaha\u0107i bi\u010d W&amp;G Soft\"}]},{\"@type\":\"WebSite\",\"@id\":\"https:\\\/\\\/clair.si\\\/#website\",\"url\":\"https:\\\/\\\/clair.si\\\/\",\"name\":\"Clair\",\"description\":\"Trgovina s konjeni\u0161ko opremo\",\"publisher\":{\"@id\":\"https:\\\/\\\/clair.si\\\/#organization\"},\"potentialAction\":[{\"@type\":\"SearchAction\",\"target\":{\"@type\":\"EntryPoint\",\"urlTemplate\":\"https:\\\/\\\/clair.si\\\/?s={search_term_string}\"},\"query-input\":{\"@type\":\"PropertyValueSpecification\",\"valueRequired\":true,\"valueName\":\"search_term_string\"}}],\"inLanguage\":\"hr\"},{\"@type\":\"Organization\",\"@id\":\"https:\\\/\\\/clair.si\\\/#organization\",\"name\":\"Clair\",\"url\":\"https:\\\/\\\/clair.si\\\/\",\"logo\":{\"@type\":\"ImageObject\",\"inLanguage\":\"hr\",\"@id\":\"https:\\\/\\\/clair.si\\\/#\\\/schema\\\/logo\\\/image\\\/\",\"url\":\"https:\\\/\\\/clair.si\\\/wp-content\\\/uploads\\\/2022\\\/11\\\/clair_logo_2022.jpg\",\"contentUrl\":\"https:\\\/\\\/clair.si\\\/wp-content\\\/uploads\\\/2022\\\/11\\\/clair_logo_2022.jpg\",\"width\":1920,\"height\":1920,\"caption\":\"Clair\"},\"image\":{\"@id\":\"https:\\\/\\\/clair.si\\\/#\\\/schema\\\/logo\\\/image\\\/\"},\"sameAs\":[\"https:\\\/\\\/www.facebook.com\\\/TrgovinaClair\\\/\"]}]}<\/script>\n<!-- \/ Yoast SEO plugin. -->","yoast_head_json":{"title":"Jaha\u0107i bi\u010d W&amp;G Soft - Clair","description":"Jaha\u0107i bi\u010d W&amp;G Soft s ru\u010dkom u imitaciji ko\u017ee, podstavljenom mekom pjenom.  Du\u017eina: 65 cm","robots":{"index":"index","follow":"follow","max-snippet":"max-snippet:-1","max-image-preview":"max-image-preview:large","max-video-preview":"max-video-preview:-1"},"canonical":"https:\/\/clair.si\/izdelek\/jahalni-bic-wg-soft\/","og_locale":"hr_HR","og_type":"article","og_title":"Jaha\u0107i bi\u010d W&amp;G Soft - Clair","og_description":"Jaha\u0107i bi\u010d W&amp;G Soft s ru\u010dkom u imitaciji ko\u017ee, podstavljenom mekom pjenom.  Du\u017eina: 65 cm","og_url":"https:\/\/clair.si\/izdelek\/jahalni-bic-wg-soft\/","og_site_name":"Clair","article_publisher":"https:\/\/www.facebook.com\/TrgovinaClair\/","article_modified_time":"2025-10-04T09:17:21+00:00","og_image":[{"width":800,"height":800,"url":"https:\/\/clair.si\/wp-content\/uploads\/2023\/07\/whip-go-soft-bic-za-konja-vecnamenski-skakalni-clair-crna-roza-jpg.webp","type":"image\/jpeg"}],"twitter_card":"summary_large_image","twitter_misc":{"Procijenjeno vrijeme \u010ditanja":"1 minuta"},"schema":{"@context":"https:\/\/schema.org","@graph":[{"@type":"WebPage","@id":"https:\/\/clair.si\/izdelek\/jahalni-bic-wg-soft\/","url":"https:\/\/clair.si\/izdelek\/jahalni-bic-wg-soft\/","name":"Jaha\u0107i bi\u010d W&amp;G Soft - Clair","isPartOf":{"@id":"https:\/\/clair.si\/#website"},"primaryImageOfPage":{"@id":"https:\/\/clair.si\/izdelek\/jahalni-bic-wg-soft\/#primaryimage"},"image":{"@id":"https:\/\/clair.si\/izdelek\/jahalni-bic-wg-soft\/#primaryimage"},"thumbnailUrl":"https:\/\/clair.si\/wp-content\/uploads\/2023\/07\/whip-go-soft-bic-za-konja-vecnamenski-skakalni-clair-crna-roza-jpg.webp","datePublished":"2023-07-11T11:07:50+00:00","dateModified":"2025-10-04T09:17:21+00:00","description":"Jaha\u0107i bi\u010d W&amp;G Soft s ru\u010dkom u imitaciji ko\u017ee, podstavljenom mekom pjenom. Du\u017eina: 65 cm","breadcrumb":{"@id":"https:\/\/clair.si\/izdelek\/jahalni-bic-wg-soft\/#breadcrumb"},"inLanguage":"hr","potentialAction":[{"@type":"ReadAction","target":["https:\/\/clair.si\/izdelek\/jahalni-bic-wg-soft\/"]}]},{"@type":"ImageObject","inLanguage":"hr","@id":"https:\/\/clair.si\/izdelek\/jahalni-bic-wg-soft\/#primaryimage","url":"https:\/\/clair.si\/wp-content\/uploads\/2023\/07\/whip-go-soft-bic-za-konja-vecnamenski-skakalni-clair-crna-roza-jpg.webp","contentUrl":"https:\/\/clair.si\/wp-content\/uploads\/2023\/07\/whip-go-soft-bic-za-konja-vecnamenski-skakalni-clair-crna-roza-jpg.webp","width":800,"height":800},{"@type":"BreadcrumbList","@id":"https:\/\/clair.si\/izdelek\/jahalni-bic-wg-soft\/#breadcrumb","itemListElement":[{"@type":"ListItem","position":1,"name":"Home","item":"https:\/\/clair.si\/hr\/"},{"@type":"ListItem","position":2,"name":"Trgovina","item":"https:\/\/clair.si\/trgovina\/"},{"@type":"ListItem","position":3,"name":"Jaha\u0107i bi\u010d W&amp;G Soft"}]},{"@type":"WebSite","@id":"https:\/\/clair.si\/#website","url":"https:\/\/clair.si\/","name":"Clair","description":"Trgovina s konjeni\u0161ko opremo","publisher":{"@id":"https:\/\/clair.si\/#organization"},"potentialAction":[{"@type":"SearchAction","target":{"@type":"EntryPoint","urlTemplate":"https:\/\/clair.si\/?s={search_term_string}"},"query-input":{"@type":"PropertyValueSpecification","valueRequired":true,"valueName":"search_term_string"}}],"inLanguage":"hr"},{"@type":"Organization","@id":"https:\/\/clair.si\/#organization","name":"Clair","url":"https:\/\/clair.si\/","logo":{"@type":"ImageObject","inLanguage":"hr","@id":"https:\/\/clair.si\/#\/schema\/logo\/image\/","url":"https:\/\/clair.si\/wp-content\/uploads\/2022\/11\/clair_logo_2022.jpg","contentUrl":"https:\/\/clair.si\/wp-content\/uploads\/2022\/11\/clair_logo_2022.jpg","width":1920,"height":1920,"caption":"Clair"},"image":{"@id":"https:\/\/clair.si\/#\/schema\/logo\/image\/"},"sameAs":["https:\/\/www.facebook.com\/TrgovinaClair\/"]}]}},"_links":{"self":[{"href":"https:\/\/clair.si\/hr\/wp-json\/wp\/v2\/product\/98000","targetHints":{"allow":["GET"]}}],"collection":[{"href":"https:\/\/clair.si\/hr\/wp-json\/wp\/v2\/product"}],"about":[{"href":"https:\/\/clair.si\/hr\/wp-json\/wp\/v2\/types\/product"}],"version-history":[{"count":0,"href":"https:\/\/clair.si\/hr\/wp-json\/wp\/v2\/product\/98000\/revisions"}],"wp:featuredmedia":[{"embeddable":true,"href":"https:\/\/clair.si\/hr\/wp-json\/wp\/v2\/media\/98004"}],"wp:attachment":[{"href":"https:\/\/clair.si\/hr\/wp-json\/wp\/v2\/media?parent=98000"}],"wp:term":[{"taxonomy":"product_brand","embeddable":true,"href":"https:\/\/clair.si\/hr\/wp-json\/wp\/v2\/product_brand?post=98000"},{"taxonomy":"product_cat","embeddable":true,"href":"https:\/\/clair.si\/hr\/wp-json\/wp\/v2\/product_cat?post=98000"},{"taxonomy":"product_tag","embeddable":true,"href":"https:\/\/clair.si\/hr\/wp-json\/wp\/v2\/product_tag?post=98000"}],"curies":[{"name":"wp","href":"https:\/\/api.w.org\/{rel}","templated":true}]}}