{"id":98024,"date":"2023-06-27T12:12:33","date_gmt":"2023-06-27T10:12:33","guid":{"rendered":"https:\/\/clair.si\/izdelek\/zracni-jastuk-zastitni-zracni-jahaci-prsluk-e-t-airsafe\/"},"modified":"2025-09-29T18:57:34","modified_gmt":"2025-09-29T16:57:34","slug":"zracni-jastuk-zastitni-zracni-jahaci-prsluk-e-t-airsafe","status":"publish","type":"product","link":"https:\/\/clair.si\/hr\/izdelek\/zracni-jastuk-zastitni-zracni-jahaci-prsluk-e-t-airsafe\/","title":{"rendered":"Airbag &#8211; za\u0161titni zra\u010dni jaha\u0107i prsluk E-T Airsafe"},"content":{"rendered":"<p><strong>EquiTheme Airsafe<\/strong>, kojeg je razvio Freejump, je <strong>za\u0161titni zra\u010dni jaha\u0107i prsluk &#8211; Airbag<\/strong> i dizajniran je posebno za konji\u010dke sportove.<\/p>\n<p>Nosi se ga usko uz tijelo, najbolje preko tanke odje\u0107e, kao \u0161to su majica, tanka jakna, natjecateljski sako itd. Prsluci imaju oznaku &#8220;Freejump Airbag Technology&#8221;. <\/p>\n<p>Zra\u010dni jastuk \u0161titi jaha\u010deve vitalne dijelove. Za\u0161ti\u0107eni dijelovi: vrat, le\u0111a, slabinski dio, kri\u017ena kost, zdjelica, prsni ko\u0161, ramena. <\/p>\n<p>Za\u0161titni prsluk Airsafe nudi bolju za\u0161titu kralje\u017enice i vitalnih organa zahvaljuju\u0107i 2 verzije (regular fit \/ slim fit).<\/p>\n<p><strong>Zna\u010dajke<\/strong>:<\/p>\n<p>Brzina napuhavanja 98ms. Airbag EquiTheme posti\u017ee tlak potreban za optimalnu za\u0161titu u 98ms i tako prema\u0161uje udarne testove <span lang=\"sl\">standarda AFNOR NF S78-800-2022.<\/span> <\/p>\n<p><strong>Prednosti:<\/strong><\/p>\n<ul>\n<li>Usko prianjanje za bolju za\u0161titu i +10% perforirana tkanina za bolje prozra\u010divanje<\/li>\n<li>Zra\u010dna i udobna tkanina<\/li>\n<li>Mekana stra\u017enja plo\u010da za manju nelagodu na rebrima<\/li>\n<\/ul>\n<p><strong>Sustav aktivacije:<\/strong><\/p>\n<p>Generator plina za zra\u010dne jastuke EquTheme je najsna\u017eniji na tr\u017ei\u0161tu. Lagan je i malen. <\/p>\n<p>Kompatibilna odje\u0107a sa Airbag za\u0161titnim prslukom E-T mora imati oznaku &#8220;Freejumo Airbag Technology &#8211; Compatible Jacket&#8221;. Prsluk je odobren samo za Freejump kartu\u0161e. <\/p>\n<p>Dostupne su 3 veli\u010dine kartu\u0161a:<\/p>\n<ul>\n<li>50cc\/38g (za dje\u010dje veli\u010dine S i L)<\/li>\n<li>60cc\/46g (za veli\u010dine XXS, XS, XST, S, ST, M, L)<\/li>\n<li>85cc\/60g (za veli\u010dine LT, XL, XXL i junior S i L)<\/li>\n<\/ul>\n<p>Regular Fit: XXS, XS, S, M, L, XL, XXL<br \/>\nSlim Fit: XST, ST, MT, LT<\/p>\n<p>QR kod, otisnut na Freejump kartu\u0161ama, omogu\u0107uje vam da pogledate video koji prikazuje kako ponovno sastaviti novu kartu\u0161u nakon nesre\u0107e ili nenamjernog aktiviranja.<\/p>\n<p><strong>Upozorenje:<\/strong><\/p>\n<ul>\n<li>Dje\u010dji Airbag prsluk je primjeren za osobe s najmanje 25 kg<\/li>\n<li>Airbag za odrasle od veli\u010dine xxs primjeren je za osobe s visinom najmanje 1,45 m i 35 kg<\/li>\n<li>Garancija proizvoda: 2 godine. Dodatne 2 godine bit \u0107e odobrene kada je proizvod registriran na www.freejumpsystem.com\/enregistrement-des-produits\/ i 1 besplatan pregled u prve dvije godine od datuma kupnje <\/li>\n<\/ul>\n","protected":false},"excerpt":{"rendered":"<p>EquiTheme Airsafe, kojeg je razvio Freejump, je za\u0161titni zra\u010dni jaha\u0107i prsluk &#8211; Airbag i dizajniran je posebno za konji\u010dke sportove.<\/p>\n","protected":false},"featured_media":98025,"template":"","meta":{"footnotes":""},"product_brand":[],"product_cat":[5654,5766,5844],"product_tag":[],"class_list":{"0":"post-98024","1":"product","2":"type-product","3":"status-publish","4":"has-post-thumbnail","6":"product_cat-jahac-hr","7":"product_cat-zastitna-oprema","8":"product_cat-zastitni-prsluci","10":"first","11":"outofstock","12":"shipping-taxable","13":"purchasable","14":"product-type-variable"},"yoast_head":"<!-- This site is optimized with the Yoast SEO plugin v27.4 - https:\/\/yoast.com\/product\/yoast-seo-wordpress\/ -->\n<title>Airbag - za\u0161titni zra\u010dni jaha\u0107i prsluk E-T Airsafe - Clair<\/title>\n<meta name=\"description\" content=\"Otkrijte novi za\u0161titni zra\u010dni jaha\u0107i prsluk - Airbag. EquiTheme Airsafe, kojeg je razvio Freejump, dizajniran je posebno za konji\u010dke sportove. Provjerite ponudu.\" \/>\n<meta name=\"robots\" content=\"index, follow, max-snippet:-1, max-image-preview:large, max-video-preview:-1\" \/>\n<link rel=\"canonical\" href=\"https:\/\/clair.si\/hr\/izdelek\/zracni-jastuk-zastitni-zracni-jahaci-prsluk-e-t-airsafe\/\" \/>\n<meta property=\"og:locale\" content=\"hr_HR\" \/>\n<meta property=\"og:type\" content=\"article\" \/>\n<meta property=\"og:title\" content=\"Airbag - za\u0161titni zra\u010dni jaha\u0107i prsluk E-T Airsafe - Clair\" \/>\n<meta property=\"og:description\" content=\"Otkrijte novi za\u0161titni zra\u010dni jaha\u0107i prsluk - Airbag. EquiTheme Airsafe, kojeg je razvio Freejump, dizajniran je posebno za konji\u010dke sportove. Provjerite ponudu.\" \/>\n<meta property=\"og:url\" content=\"https:\/\/clair.si\/hr\/izdelek\/zracni-jastuk-zastitni-zracni-jahaci-prsluk-e-t-airsafe\/\" \/>\n<meta property=\"og:site_name\" content=\"Clair\" \/>\n<meta property=\"article:publisher\" content=\"https:\/\/www.facebook.com\/TrgovinaClair\/\" \/>\n<meta property=\"article:modified_time\" content=\"2025-09-29T16:57:34+00:00\" \/>\n<meta property=\"og:image\" content=\"https:\/\/clair.si\/wp-content\/uploads\/2023\/06\/equitheme-airsafe-airbag-zascitni-jopic-1-jpg.webp\" \/>\n\t<meta property=\"og:image:width\" content=\"800\" \/>\n\t<meta property=\"og:image:height\" content=\"800\" \/>\n\t<meta property=\"og:image:type\" content=\"image\/jpeg\" \/>\n<meta name=\"twitter:card\" content=\"summary_large_image\" \/>\n<meta name=\"twitter:label1\" content=\"Procijenjeno vrijeme \u010ditanja\" \/>\n\t<meta name=\"twitter:data1\" content=\"2 minute\" \/>\n<script type=\"application\/ld+json\" class=\"yoast-schema-graph\">{\"@context\":\"https:\\\/\\\/schema.org\",\"@graph\":[{\"@type\":\"WebPage\",\"@id\":\"https:\\\/\\\/clair.si\\\/hr\\\/izdelek\\\/zracni-jastuk-zastitni-zracni-jahaci-prsluk-e-t-airsafe\\\/\",\"url\":\"https:\\\/\\\/clair.si\\\/hr\\\/izdelek\\\/zracni-jastuk-zastitni-zracni-jahaci-prsluk-e-t-airsafe\\\/\",\"name\":\"Airbag - za\u0161titni zra\u010dni jaha\u0107i prsluk E-T Airsafe - Clair\",\"isPartOf\":{\"@id\":\"https:\\\/\\\/clair.si\\\/#website\"},\"primaryImageOfPage\":{\"@id\":\"https:\\\/\\\/clair.si\\\/hr\\\/izdelek\\\/zracni-jastuk-zastitni-zracni-jahaci-prsluk-e-t-airsafe\\\/#primaryimage\"},\"image\":{\"@id\":\"https:\\\/\\\/clair.si\\\/hr\\\/izdelek\\\/zracni-jastuk-zastitni-zracni-jahaci-prsluk-e-t-airsafe\\\/#primaryimage\"},\"thumbnailUrl\":\"https:\\\/\\\/clair.si\\\/wp-content\\\/uploads\\\/2023\\\/06\\\/equitheme-airsafe-airbag-zascitni-jopic-1-jpg.webp\",\"datePublished\":\"2023-06-27T10:12:33+00:00\",\"dateModified\":\"2025-09-29T16:57:34+00:00\",\"description\":\"Otkrijte novi za\u0161titni zra\u010dni jaha\u0107i prsluk - Airbag. EquiTheme Airsafe, kojeg je razvio Freejump, dizajniran je posebno za konji\u010dke sportove. Provjerite ponudu.\",\"breadcrumb\":{\"@id\":\"https:\\\/\\\/clair.si\\\/hr\\\/izdelek\\\/zracni-jastuk-zastitni-zracni-jahaci-prsluk-e-t-airsafe\\\/#breadcrumb\"},\"inLanguage\":\"hr\",\"potentialAction\":[{\"@type\":\"ReadAction\",\"target\":[\"https:\\\/\\\/clair.si\\\/hr\\\/izdelek\\\/zracni-jastuk-zastitni-zracni-jahaci-prsluk-e-t-airsafe\\\/\"]}]},{\"@type\":\"ImageObject\",\"inLanguage\":\"hr\",\"@id\":\"https:\\\/\\\/clair.si\\\/hr\\\/izdelek\\\/zracni-jastuk-zastitni-zracni-jahaci-prsluk-e-t-airsafe\\\/#primaryimage\",\"url\":\"https:\\\/\\\/clair.si\\\/wp-content\\\/uploads\\\/2023\\\/06\\\/equitheme-airsafe-airbag-zascitni-jopic-1-jpg.webp\",\"contentUrl\":\"https:\\\/\\\/clair.si\\\/wp-content\\\/uploads\\\/2023\\\/06\\\/equitheme-airsafe-airbag-zascitni-jopic-1-jpg.webp\",\"width\":800,\"height\":800},{\"@type\":\"BreadcrumbList\",\"@id\":\"https:\\\/\\\/clair.si\\\/hr\\\/izdelek\\\/zracni-jastuk-zastitni-zracni-jahaci-prsluk-e-t-airsafe\\\/#breadcrumb\",\"itemListElement\":[{\"@type\":\"ListItem\",\"position\":1,\"name\":\"Home\",\"item\":\"https:\\\/\\\/clair.si\\\/hr\\\/\"},{\"@type\":\"ListItem\",\"position\":2,\"name\":\"Trgovina\",\"item\":\"https:\\\/\\\/clair.si\\\/trgovina\\\/\"},{\"@type\":\"ListItem\",\"position\":3,\"name\":\"Airbag &#8211; za\u0161titni zra\u010dni jaha\u0107i prsluk E-T Airsafe\"}]},{\"@type\":\"WebSite\",\"@id\":\"https:\\\/\\\/clair.si\\\/#website\",\"url\":\"https:\\\/\\\/clair.si\\\/\",\"name\":\"Clair\",\"description\":\"Trgovina s konjeni\u0161ko opremo\",\"publisher\":{\"@id\":\"https:\\\/\\\/clair.si\\\/#organization\"},\"potentialAction\":[{\"@type\":\"SearchAction\",\"target\":{\"@type\":\"EntryPoint\",\"urlTemplate\":\"https:\\\/\\\/clair.si\\\/?s={search_term_string}\"},\"query-input\":{\"@type\":\"PropertyValueSpecification\",\"valueRequired\":true,\"valueName\":\"search_term_string\"}}],\"inLanguage\":\"hr\"},{\"@type\":\"Organization\",\"@id\":\"https:\\\/\\\/clair.si\\\/#organization\",\"name\":\"Clair\",\"url\":\"https:\\\/\\\/clair.si\\\/\",\"logo\":{\"@type\":\"ImageObject\",\"inLanguage\":\"hr\",\"@id\":\"https:\\\/\\\/clair.si\\\/#\\\/schema\\\/logo\\\/image\\\/\",\"url\":\"https:\\\/\\\/clair.si\\\/wp-content\\\/uploads\\\/2022\\\/11\\\/clair_logo_2022.jpg\",\"contentUrl\":\"https:\\\/\\\/clair.si\\\/wp-content\\\/uploads\\\/2022\\\/11\\\/clair_logo_2022.jpg\",\"width\":1920,\"height\":1920,\"caption\":\"Clair\"},\"image\":{\"@id\":\"https:\\\/\\\/clair.si\\\/#\\\/schema\\\/logo\\\/image\\\/\"},\"sameAs\":[\"https:\\\/\\\/www.facebook.com\\\/TrgovinaClair\\\/\"]}]}<\/script>\n<!-- \/ Yoast SEO plugin. -->","yoast_head_json":{"title":"Airbag - za\u0161titni zra\u010dni jaha\u0107i prsluk E-T Airsafe - Clair","description":"Otkrijte novi za\u0161titni zra\u010dni jaha\u0107i prsluk - Airbag. EquiTheme Airsafe, kojeg je razvio Freejump, dizajniran je posebno za konji\u010dke sportove. Provjerite ponudu.","robots":{"index":"index","follow":"follow","max-snippet":"max-snippet:-1","max-image-preview":"max-image-preview:large","max-video-preview":"max-video-preview:-1"},"canonical":"https:\/\/clair.si\/hr\/izdelek\/zracni-jastuk-zastitni-zracni-jahaci-prsluk-e-t-airsafe\/","og_locale":"hr_HR","og_type":"article","og_title":"Airbag - za\u0161titni zra\u010dni jaha\u0107i prsluk E-T Airsafe - Clair","og_description":"Otkrijte novi za\u0161titni zra\u010dni jaha\u0107i prsluk - Airbag. EquiTheme Airsafe, kojeg je razvio Freejump, dizajniran je posebno za konji\u010dke sportove. Provjerite ponudu.","og_url":"https:\/\/clair.si\/hr\/izdelek\/zracni-jastuk-zastitni-zracni-jahaci-prsluk-e-t-airsafe\/","og_site_name":"Clair","article_publisher":"https:\/\/www.facebook.com\/TrgovinaClair\/","article_modified_time":"2025-09-29T16:57:34+00:00","og_image":[{"width":800,"height":800,"url":"https:\/\/clair.si\/wp-content\/uploads\/2023\/06\/equitheme-airsafe-airbag-zascitni-jopic-1-jpg.webp","type":"image\/jpeg"}],"twitter_card":"summary_large_image","twitter_misc":{"Procijenjeno vrijeme \u010ditanja":"2 minute"},"schema":{"@context":"https:\/\/schema.org","@graph":[{"@type":"WebPage","@id":"https:\/\/clair.si\/hr\/izdelek\/zracni-jastuk-zastitni-zracni-jahaci-prsluk-e-t-airsafe\/","url":"https:\/\/clair.si\/hr\/izdelek\/zracni-jastuk-zastitni-zracni-jahaci-prsluk-e-t-airsafe\/","name":"Airbag - za\u0161titni zra\u010dni jaha\u0107i prsluk E-T Airsafe - Clair","isPartOf":{"@id":"https:\/\/clair.si\/#website"},"primaryImageOfPage":{"@id":"https:\/\/clair.si\/hr\/izdelek\/zracni-jastuk-zastitni-zracni-jahaci-prsluk-e-t-airsafe\/#primaryimage"},"image":{"@id":"https:\/\/clair.si\/hr\/izdelek\/zracni-jastuk-zastitni-zracni-jahaci-prsluk-e-t-airsafe\/#primaryimage"},"thumbnailUrl":"https:\/\/clair.si\/wp-content\/uploads\/2023\/06\/equitheme-airsafe-airbag-zascitni-jopic-1-jpg.webp","datePublished":"2023-06-27T10:12:33+00:00","dateModified":"2025-09-29T16:57:34+00:00","description":"Otkrijte novi za\u0161titni zra\u010dni jaha\u0107i prsluk - Airbag. EquiTheme Airsafe, kojeg je razvio Freejump, dizajniran je posebno za konji\u010dke sportove. Provjerite ponudu.","breadcrumb":{"@id":"https:\/\/clair.si\/hr\/izdelek\/zracni-jastuk-zastitni-zracni-jahaci-prsluk-e-t-airsafe\/#breadcrumb"},"inLanguage":"hr","potentialAction":[{"@type":"ReadAction","target":["https:\/\/clair.si\/hr\/izdelek\/zracni-jastuk-zastitni-zracni-jahaci-prsluk-e-t-airsafe\/"]}]},{"@type":"ImageObject","inLanguage":"hr","@id":"https:\/\/clair.si\/hr\/izdelek\/zracni-jastuk-zastitni-zracni-jahaci-prsluk-e-t-airsafe\/#primaryimage","url":"https:\/\/clair.si\/wp-content\/uploads\/2023\/06\/equitheme-airsafe-airbag-zascitni-jopic-1-jpg.webp","contentUrl":"https:\/\/clair.si\/wp-content\/uploads\/2023\/06\/equitheme-airsafe-airbag-zascitni-jopic-1-jpg.webp","width":800,"height":800},{"@type":"BreadcrumbList","@id":"https:\/\/clair.si\/hr\/izdelek\/zracni-jastuk-zastitni-zracni-jahaci-prsluk-e-t-airsafe\/#breadcrumb","itemListElement":[{"@type":"ListItem","position":1,"name":"Home","item":"https:\/\/clair.si\/hr\/"},{"@type":"ListItem","position":2,"name":"Trgovina","item":"https:\/\/clair.si\/trgovina\/"},{"@type":"ListItem","position":3,"name":"Airbag &#8211; za\u0161titni zra\u010dni jaha\u0107i prsluk E-T Airsafe"}]},{"@type":"WebSite","@id":"https:\/\/clair.si\/#website","url":"https:\/\/clair.si\/","name":"Clair","description":"Trgovina s konjeni\u0161ko opremo","publisher":{"@id":"https:\/\/clair.si\/#organization"},"potentialAction":[{"@type":"SearchAction","target":{"@type":"EntryPoint","urlTemplate":"https:\/\/clair.si\/?s={search_term_string}"},"query-input":{"@type":"PropertyValueSpecification","valueRequired":true,"valueName":"search_term_string"}}],"inLanguage":"hr"},{"@type":"Organization","@id":"https:\/\/clair.si\/#organization","name":"Clair","url":"https:\/\/clair.si\/","logo":{"@type":"ImageObject","inLanguage":"hr","@id":"https:\/\/clair.si\/#\/schema\/logo\/image\/","url":"https:\/\/clair.si\/wp-content\/uploads\/2022\/11\/clair_logo_2022.jpg","contentUrl":"https:\/\/clair.si\/wp-content\/uploads\/2022\/11\/clair_logo_2022.jpg","width":1920,"height":1920,"caption":"Clair"},"image":{"@id":"https:\/\/clair.si\/#\/schema\/logo\/image\/"},"sameAs":["https:\/\/www.facebook.com\/TrgovinaClair\/"]}]}},"_links":{"self":[{"href":"https:\/\/clair.si\/hr\/wp-json\/wp\/v2\/product\/98024","targetHints":{"allow":["GET"]}}],"collection":[{"href":"https:\/\/clair.si\/hr\/wp-json\/wp\/v2\/product"}],"about":[{"href":"https:\/\/clair.si\/hr\/wp-json\/wp\/v2\/types\/product"}],"version-history":[{"count":1,"href":"https:\/\/clair.si\/hr\/wp-json\/wp\/v2\/product\/98024\/revisions"}],"predecessor-version":[{"id":115312,"href":"https:\/\/clair.si\/hr\/wp-json\/wp\/v2\/product\/98024\/revisions\/115312"}],"wp:featuredmedia":[{"embeddable":true,"href":"https:\/\/clair.si\/hr\/wp-json\/wp\/v2\/media\/98025"}],"wp:attachment":[{"href":"https:\/\/clair.si\/hr\/wp-json\/wp\/v2\/media?parent=98024"}],"wp:term":[{"taxonomy":"product_brand","embeddable":true,"href":"https:\/\/clair.si\/hr\/wp-json\/wp\/v2\/product_brand?post=98024"},{"taxonomy":"product_cat","embeddable":true,"href":"https:\/\/clair.si\/hr\/wp-json\/wp\/v2\/product_cat?post=98024"},{"taxonomy":"product_tag","embeddable":true,"href":"https:\/\/clair.si\/hr\/wp-json\/wp\/v2\/product_tag?post=98024"}],"curies":[{"name":"wp","href":"https:\/\/api.w.org\/{rel}","templated":true}]}}