{"id":98068,"date":"2023-07-12T14:56:30","date_gmt":"2023-07-12T12:56:30","guid":{"rendered":"https:\/\/clair.si\/izdelek\/patrona-za-zastitni-jahaci-prsluk-spark\/"},"modified":"2025-08-27T17:51:26","modified_gmt":"2025-08-27T15:51:26","slug":"patrona-za-zastitni-jahaci-prsluk-spark","status":"publish","type":"product","link":"https:\/\/clair.si\/hr\/izdelek\/patrona-za-zastitni-jahaci-prsluk-spark\/","title":{"rendered":"Patrona za za\u0161titni jaha\u0107i prsluk Spark"},"content":{"rendered":"<p><strong>Patrona za za\u0161titni jaha\u0107i prsluk Spark<\/strong> &#8211; n<span class=\"HwtZe\" lang=\"sl\"><span class=\"jCAhz ChMk0b\"><span class=\"ryNqvb\">akon pada sa za\u0161titnim jaha\u0107im prslukom SPARK 2 ili SPARK T Airbag, potrebno je zamijeniti plinsku patronu.<\/span><\/span> <span class=\"jCAhz ChMk0b\"><span class=\"ryNqvb\">Iskori\u0161tenu patronu mo\u017eete odviti bez rizika.<\/span><\/span> <\/span> <\/p>\n<p><span class=\"HwtZe\" lang=\"sl\"><span class=\"jCAhz ChMk0b\"><span class=\"ryNqvb\">Svaku iskori\u0161tenu patronu obavezno je zamijeniti jednakom novom.<\/span><\/span> <span class=\"jCAhz ChMk0b\"><span class=\"ryNqvb\"><strong>Veli\u010dina patrone mora biti kompatibilna s veli\u010dinom za\u0161titnog prsluka:<\/strong> <\/span><\/span><\/span><\/p>\n<ul>\n<li><span class=\"HwtZe\" lang=\"sl\"><span class=\"jCAhz ChMk0b\"><span class=\"ryNqvb\">za prsluke veli\u010dine XXXS = 38 g patrona<\/span><\/span><\/span><\/li>\n<li><span class=\"HwtZe\" lang=\"sl\"><span class=\"jCAhz ChMk0b\"><span class=\"ryNqvb\">z<\/span><\/span><span class=\"jCAhz ChMk0b\"><span class=\"ryNqvb\">a veli\u010dine XXS i XS = 45 g patrona<\/span><\/span><\/span><\/li>\n<li><span class=\"HwtZe\" lang=\"sl\"><span class=\"jCAhz ChMk0b\"><span class=\"ryNqvb\">z<\/span><\/span><span class=\"jCAhz ChMk0b\"><span class=\"ryNqvb\">a veli\u010dine S i M = 50 g patrona<\/span><\/span><\/span><\/li>\n<li><span class=\"HwtZe\" lang=\"sl\">z<span class=\"jCAhz ChMk0b\"><span class=\"ryNqvb\">a veli\u010dine L i XL = 74 g patrona<\/span><\/span> <\/span><\/li>\n<\/ul>\n<p><span class=\"HwtZe\" lang=\"sl\"><span class=\"jCAhz ChMk0b\"><span class=\"ryNqvb\">Samo za jednokratnu upotrebu.<\/span><\/span> <\/span><\/p>\n<p><span class=\"HwtZe\" lang=\"sl\"><span class=\"jCAhz ChMk0b\"><span class=\"ryNqvb\">Sastav: \u010deli\u010dni lijev i CO2.<\/span><\/span> <\/span><\/p>\n<p><span class=\"HwtZe\" lang=\"sl\"><span class=\"jCAhz ChMk0b\"><span class=\"ryNqvb\">Upute: rukujte pa\u017eljivo<\/span><\/span>. <span class=\"jCAhz ChMk0b\"><span class=\"ryNqvb\">Nakon upotrebe bacite ih u spremnik za recikliranje namijenjen metalima.<\/span><\/span><\/span><\/p>\n","protected":false},"excerpt":{"rendered":"<p>Patrona za za\u0161titni jaha\u0107i prsluk Spark &#8211; nakon pada sa za\u0161titnim jaha\u0107im prslukom SPARK 2 ili SPARK T Airbag, potrebno<\/p>\n","protected":false},"featured_media":98069,"template":"","meta":{"footnotes":""},"product_brand":[],"product_cat":[5654,5658,5766,5844,6356],"product_tag":[],"class_list":{"0":"post-98068","1":"product","2":"type-product","3":"status-publish","4":"has-post-thumbnail","6":"product_cat-jahac-hr","7":"product_cat-pocetci-jahanja","8":"product_cat-zastitna-oprema","9":"product_cat-zastitni-prsluci","10":"product_cat-zastitni-prsluci-hr","12":"first","13":"instock","14":"sale","15":"shipping-taxable","16":"purchasable","17":"product-type-variable"},"yoast_head":"<!-- This site is optimized with the Yoast SEO plugin v27.4 - https:\/\/yoast.com\/product\/yoast-seo-wordpress\/ -->\n<title>Patrona za za\u0161titni jaha\u0107i prsluk Spark - Clair<\/title>\n<meta name=\"description\" content=\"Patrona za za\u0161titni jaha\u0107i prsluk Spark - nakon pada sa za\u0161titnim jaha\u0107im prslukom SPARK 2 ili SPARK T Airbag, potrebno je zamijeniti plinsku patronu.\" \/>\n<meta name=\"robots\" content=\"index, follow, max-snippet:-1, max-image-preview:large, max-video-preview:-1\" \/>\n<link rel=\"canonical\" href=\"https:\/\/clair.si\/hr\/izdelek\/patrona-za-zastitni-jahaci-prsluk-spark\/\" \/>\n<meta property=\"og:locale\" content=\"hr_HR\" \/>\n<meta property=\"og:type\" content=\"article\" \/>\n<meta property=\"og:title\" content=\"Patrona za za\u0161titni jaha\u0107i prsluk Spark - Clair\" \/>\n<meta property=\"og:description\" content=\"Patrona za za\u0161titni jaha\u0107i prsluk Spark - nakon pada sa za\u0161titnim jaha\u0107im prslukom SPARK 2 ili SPARK T Airbag, potrebno je zamijeniti plinsku patronu.\" \/>\n<meta property=\"og:url\" content=\"https:\/\/clair.si\/hr\/izdelek\/patrona-za-zastitni-jahaci-prsluk-spark\/\" \/>\n<meta property=\"og:site_name\" content=\"Clair\" \/>\n<meta property=\"article:publisher\" content=\"https:\/\/www.facebook.com\/TrgovinaClair\/\" \/>\n<meta property=\"article:modified_time\" content=\"2025-08-27T15:51:26+00:00\" \/>\n<meta property=\"og:image\" content=\"https:\/\/clair.si\/wp-content\/uploads\/2023\/07\/spark-airbag-nadomestna-kartusa-zascitni-jahalni-jopic-jpg.webp\" \/>\n\t<meta property=\"og:image:width\" content=\"800\" \/>\n\t<meta property=\"og:image:height\" content=\"800\" \/>\n\t<meta property=\"og:image:type\" content=\"image\/jpeg\" \/>\n<meta name=\"twitter:card\" content=\"summary_large_image\" \/>\n<meta name=\"twitter:label1\" content=\"Procijenjeno vrijeme \u010ditanja\" \/>\n\t<meta name=\"twitter:data1\" content=\"1 minuta\" \/>\n<script type=\"application\/ld+json\" class=\"yoast-schema-graph\">{\"@context\":\"https:\\\/\\\/schema.org\",\"@graph\":[{\"@type\":\"WebPage\",\"@id\":\"https:\\\/\\\/clair.si\\\/hr\\\/izdelek\\\/patrona-za-zastitni-jahaci-prsluk-spark\\\/\",\"url\":\"https:\\\/\\\/clair.si\\\/hr\\\/izdelek\\\/patrona-za-zastitni-jahaci-prsluk-spark\\\/\",\"name\":\"Patrona za za\u0161titni jaha\u0107i prsluk Spark - Clair\",\"isPartOf\":{\"@id\":\"https:\\\/\\\/clair.si\\\/#website\"},\"primaryImageOfPage\":{\"@id\":\"https:\\\/\\\/clair.si\\\/hr\\\/izdelek\\\/patrona-za-zastitni-jahaci-prsluk-spark\\\/#primaryimage\"},\"image\":{\"@id\":\"https:\\\/\\\/clair.si\\\/hr\\\/izdelek\\\/patrona-za-zastitni-jahaci-prsluk-spark\\\/#primaryimage\"},\"thumbnailUrl\":\"https:\\\/\\\/clair.si\\\/wp-content\\\/uploads\\\/2023\\\/07\\\/spark-airbag-nadomestna-kartusa-zascitni-jahalni-jopic-jpg.webp\",\"datePublished\":\"2023-07-12T12:56:30+00:00\",\"dateModified\":\"2025-08-27T15:51:26+00:00\",\"description\":\"Patrona za za\u0161titni jaha\u0107i prsluk Spark - nakon pada sa za\u0161titnim jaha\u0107im prslukom SPARK 2 ili SPARK T Airbag, potrebno je zamijeniti plinsku patronu.\",\"breadcrumb\":{\"@id\":\"https:\\\/\\\/clair.si\\\/hr\\\/izdelek\\\/patrona-za-zastitni-jahaci-prsluk-spark\\\/#breadcrumb\"},\"inLanguage\":\"hr\",\"potentialAction\":[{\"@type\":\"ReadAction\",\"target\":[\"https:\\\/\\\/clair.si\\\/hr\\\/izdelek\\\/patrona-za-zastitni-jahaci-prsluk-spark\\\/\"]}]},{\"@type\":\"ImageObject\",\"inLanguage\":\"hr\",\"@id\":\"https:\\\/\\\/clair.si\\\/hr\\\/izdelek\\\/patrona-za-zastitni-jahaci-prsluk-spark\\\/#primaryimage\",\"url\":\"https:\\\/\\\/clair.si\\\/wp-content\\\/uploads\\\/2023\\\/07\\\/spark-airbag-nadomestna-kartusa-zascitni-jahalni-jopic-jpg.webp\",\"contentUrl\":\"https:\\\/\\\/clair.si\\\/wp-content\\\/uploads\\\/2023\\\/07\\\/spark-airbag-nadomestna-kartusa-zascitni-jahalni-jopic-jpg.webp\",\"width\":800,\"height\":800},{\"@type\":\"BreadcrumbList\",\"@id\":\"https:\\\/\\\/clair.si\\\/hr\\\/izdelek\\\/patrona-za-zastitni-jahaci-prsluk-spark\\\/#breadcrumb\",\"itemListElement\":[{\"@type\":\"ListItem\",\"position\":1,\"name\":\"Home\",\"item\":\"https:\\\/\\\/clair.si\\\/hr\\\/\"},{\"@type\":\"ListItem\",\"position\":2,\"name\":\"Trgovina\",\"item\":\"https:\\\/\\\/clair.si\\\/trgovina\\\/\"},{\"@type\":\"ListItem\",\"position\":3,\"name\":\"Patrona za za\u0161titni jaha\u0107i prsluk Spark\"}]},{\"@type\":\"WebSite\",\"@id\":\"https:\\\/\\\/clair.si\\\/#website\",\"url\":\"https:\\\/\\\/clair.si\\\/\",\"name\":\"Clair\",\"description\":\"Trgovina s konjeni\u0161ko opremo\",\"publisher\":{\"@id\":\"https:\\\/\\\/clair.si\\\/#organization\"},\"potentialAction\":[{\"@type\":\"SearchAction\",\"target\":{\"@type\":\"EntryPoint\",\"urlTemplate\":\"https:\\\/\\\/clair.si\\\/?s={search_term_string}\"},\"query-input\":{\"@type\":\"PropertyValueSpecification\",\"valueRequired\":true,\"valueName\":\"search_term_string\"}}],\"inLanguage\":\"hr\"},{\"@type\":\"Organization\",\"@id\":\"https:\\\/\\\/clair.si\\\/#organization\",\"name\":\"Clair\",\"url\":\"https:\\\/\\\/clair.si\\\/\",\"logo\":{\"@type\":\"ImageObject\",\"inLanguage\":\"hr\",\"@id\":\"https:\\\/\\\/clair.si\\\/#\\\/schema\\\/logo\\\/image\\\/\",\"url\":\"https:\\\/\\\/clair.si\\\/wp-content\\\/uploads\\\/2022\\\/11\\\/clair_logo_2022.jpg\",\"contentUrl\":\"https:\\\/\\\/clair.si\\\/wp-content\\\/uploads\\\/2022\\\/11\\\/clair_logo_2022.jpg\",\"width\":1920,\"height\":1920,\"caption\":\"Clair\"},\"image\":{\"@id\":\"https:\\\/\\\/clair.si\\\/#\\\/schema\\\/logo\\\/image\\\/\"},\"sameAs\":[\"https:\\\/\\\/www.facebook.com\\\/TrgovinaClair\\\/\"]}]}<\/script>\n<!-- \/ Yoast SEO plugin. -->","yoast_head_json":{"title":"Patrona za za\u0161titni jaha\u0107i prsluk Spark - Clair","description":"Patrona za za\u0161titni jaha\u0107i prsluk Spark - nakon pada sa za\u0161titnim jaha\u0107im prslukom SPARK 2 ili SPARK T Airbag, potrebno je zamijeniti plinsku patronu.","robots":{"index":"index","follow":"follow","max-snippet":"max-snippet:-1","max-image-preview":"max-image-preview:large","max-video-preview":"max-video-preview:-1"},"canonical":"https:\/\/clair.si\/hr\/izdelek\/patrona-za-zastitni-jahaci-prsluk-spark\/","og_locale":"hr_HR","og_type":"article","og_title":"Patrona za za\u0161titni jaha\u0107i prsluk Spark - Clair","og_description":"Patrona za za\u0161titni jaha\u0107i prsluk Spark - nakon pada sa za\u0161titnim jaha\u0107im prslukom SPARK 2 ili SPARK T Airbag, potrebno je zamijeniti plinsku patronu.","og_url":"https:\/\/clair.si\/hr\/izdelek\/patrona-za-zastitni-jahaci-prsluk-spark\/","og_site_name":"Clair","article_publisher":"https:\/\/www.facebook.com\/TrgovinaClair\/","article_modified_time":"2025-08-27T15:51:26+00:00","og_image":[{"width":800,"height":800,"url":"https:\/\/clair.si\/wp-content\/uploads\/2023\/07\/spark-airbag-nadomestna-kartusa-zascitni-jahalni-jopic-jpg.webp","type":"image\/jpeg"}],"twitter_card":"summary_large_image","twitter_misc":{"Procijenjeno vrijeme \u010ditanja":"1 minuta"},"schema":{"@context":"https:\/\/schema.org","@graph":[{"@type":"WebPage","@id":"https:\/\/clair.si\/hr\/izdelek\/patrona-za-zastitni-jahaci-prsluk-spark\/","url":"https:\/\/clair.si\/hr\/izdelek\/patrona-za-zastitni-jahaci-prsluk-spark\/","name":"Patrona za za\u0161titni jaha\u0107i prsluk Spark - Clair","isPartOf":{"@id":"https:\/\/clair.si\/#website"},"primaryImageOfPage":{"@id":"https:\/\/clair.si\/hr\/izdelek\/patrona-za-zastitni-jahaci-prsluk-spark\/#primaryimage"},"image":{"@id":"https:\/\/clair.si\/hr\/izdelek\/patrona-za-zastitni-jahaci-prsluk-spark\/#primaryimage"},"thumbnailUrl":"https:\/\/clair.si\/wp-content\/uploads\/2023\/07\/spark-airbag-nadomestna-kartusa-zascitni-jahalni-jopic-jpg.webp","datePublished":"2023-07-12T12:56:30+00:00","dateModified":"2025-08-27T15:51:26+00:00","description":"Patrona za za\u0161titni jaha\u0107i prsluk Spark - nakon pada sa za\u0161titnim jaha\u0107im prslukom SPARK 2 ili SPARK T Airbag, potrebno je zamijeniti plinsku patronu.","breadcrumb":{"@id":"https:\/\/clair.si\/hr\/izdelek\/patrona-za-zastitni-jahaci-prsluk-spark\/#breadcrumb"},"inLanguage":"hr","potentialAction":[{"@type":"ReadAction","target":["https:\/\/clair.si\/hr\/izdelek\/patrona-za-zastitni-jahaci-prsluk-spark\/"]}]},{"@type":"ImageObject","inLanguage":"hr","@id":"https:\/\/clair.si\/hr\/izdelek\/patrona-za-zastitni-jahaci-prsluk-spark\/#primaryimage","url":"https:\/\/clair.si\/wp-content\/uploads\/2023\/07\/spark-airbag-nadomestna-kartusa-zascitni-jahalni-jopic-jpg.webp","contentUrl":"https:\/\/clair.si\/wp-content\/uploads\/2023\/07\/spark-airbag-nadomestna-kartusa-zascitni-jahalni-jopic-jpg.webp","width":800,"height":800},{"@type":"BreadcrumbList","@id":"https:\/\/clair.si\/hr\/izdelek\/patrona-za-zastitni-jahaci-prsluk-spark\/#breadcrumb","itemListElement":[{"@type":"ListItem","position":1,"name":"Home","item":"https:\/\/clair.si\/hr\/"},{"@type":"ListItem","position":2,"name":"Trgovina","item":"https:\/\/clair.si\/trgovina\/"},{"@type":"ListItem","position":3,"name":"Patrona za za\u0161titni jaha\u0107i prsluk Spark"}]},{"@type":"WebSite","@id":"https:\/\/clair.si\/#website","url":"https:\/\/clair.si\/","name":"Clair","description":"Trgovina s konjeni\u0161ko opremo","publisher":{"@id":"https:\/\/clair.si\/#organization"},"potentialAction":[{"@type":"SearchAction","target":{"@type":"EntryPoint","urlTemplate":"https:\/\/clair.si\/?s={search_term_string}"},"query-input":{"@type":"PropertyValueSpecification","valueRequired":true,"valueName":"search_term_string"}}],"inLanguage":"hr"},{"@type":"Organization","@id":"https:\/\/clair.si\/#organization","name":"Clair","url":"https:\/\/clair.si\/","logo":{"@type":"ImageObject","inLanguage":"hr","@id":"https:\/\/clair.si\/#\/schema\/logo\/image\/","url":"https:\/\/clair.si\/wp-content\/uploads\/2022\/11\/clair_logo_2022.jpg","contentUrl":"https:\/\/clair.si\/wp-content\/uploads\/2022\/11\/clair_logo_2022.jpg","width":1920,"height":1920,"caption":"Clair"},"image":{"@id":"https:\/\/clair.si\/#\/schema\/logo\/image\/"},"sameAs":["https:\/\/www.facebook.com\/TrgovinaClair\/"]}]}},"_links":{"self":[{"href":"https:\/\/clair.si\/hr\/wp-json\/wp\/v2\/product\/98068","targetHints":{"allow":["GET"]}}],"collection":[{"href":"https:\/\/clair.si\/hr\/wp-json\/wp\/v2\/product"}],"about":[{"href":"https:\/\/clair.si\/hr\/wp-json\/wp\/v2\/types\/product"}],"version-history":[{"count":0,"href":"https:\/\/clair.si\/hr\/wp-json\/wp\/v2\/product\/98068\/revisions"}],"wp:featuredmedia":[{"embeddable":true,"href":"https:\/\/clair.si\/hr\/wp-json\/wp\/v2\/media\/98069"}],"wp:attachment":[{"href":"https:\/\/clair.si\/hr\/wp-json\/wp\/v2\/media?parent=98068"}],"wp:term":[{"taxonomy":"product_brand","embeddable":true,"href":"https:\/\/clair.si\/hr\/wp-json\/wp\/v2\/product_brand?post=98068"},{"taxonomy":"product_cat","embeddable":true,"href":"https:\/\/clair.si\/hr\/wp-json\/wp\/v2\/product_cat?post=98068"},{"taxonomy":"product_tag","embeddable":true,"href":"https:\/\/clair.si\/hr\/wp-json\/wp\/v2\/product_tag?post=98068"}],"curies":[{"name":"wp","href":"https:\/\/api.w.org\/{rel}","templated":true}]}}