{"id":98074,"date":"2023-06-02T08:33:04","date_gmt":"2023-06-02T06:33:04","guid":{"rendered":"https:\/\/clair.si\/izdelek\/sredstvo-za-tjeranje-insekata-dr-muhar\/"},"modified":"2025-08-28T07:36:44","modified_gmt":"2025-08-28T05:36:44","slug":"sredstvo-za-tjeranje-insekata-dr-muhar","status":"publish","type":"product","link":"https:\/\/clair.si\/hr\/izdelek\/sredstvo-za-tjeranje-insekata-dr-muhar\/","title":{"rendered":"Sredstvo protiv insekata Dr. Muhar"},"content":{"rendered":"<p><strong>Sredstvo protiv insekata Dr. Muhar<\/strong> osigurava u\u010dinkovitu za\u0161titu konja i jaha\u010da od muha, obada, krpelja, komaraca i ostalih insekata. Repelentom se prska konje po dlaci, a kod jaha\u010da se prskaju izlo\u017eeni dijelovi ko\u017ee. <\/p>\n<p>&#8211; iznimno u\u010dinkovit repelent<br \/>\n&#8211; pogodan za konja i jaha\u010da<br \/>\n&#8211; djeluje vi\u0161e sati (ovisno o aktivnosti konja i vremenskim uvjetima)<br \/>\n&#8211; nje\u017ean prema ko\u017ei konja i jaha\u010da<br \/>\n&#8211; ugodnog mirisa<\/p>\n<p>Sastav: ikaridin 20g\/100g<\/p>\n<p>Koli\u010dina: 500 ml s raspr\u0161iva\u010dem<br \/>\n*Biocid koristite sigurno. Prije uporabe uvijek pro\u010ditajte oznaku i informacije o proizvodu. <\/p>\n","protected":false},"excerpt":{"rendered":"<p>Sredstvo protiv insekata Dr. Muhar osigurava u\u010dinkovitu za\u0161titu konja i jaha\u010da od muha, obada, krpelja, komaraca i ostalih insekata. Repelentom<\/p>\n","protected":false},"featured_media":98077,"template":"","meta":{"footnotes":""},"product_brand":[],"product_cat":[5624,5675,5677,5625,5676,5627,5674,5679],"product_tag":[],"class_list":{"0":"post-98074","1":"product","2":"type-product","3":"status-publish","4":"has-post-thumbnail","6":"product_cat-konj-hr","7":"product_cat-kozmetika-za-konje-hr","8":"product_cat-kozmetika-za-konje-hr-2","9":"product_cat-njega-konja","10":"product_cat-sprejevi-i-kreme","11":"product_cat-stala-i-pasnjak","12":"product_cat-zastita-od-insekata","13":"product_cat-zastita-od-insekata-hr","15":"first","16":"instock","17":"shipping-taxable","18":"purchasable","19":"product-type-simple"},"yoast_head":"<!-- This site is optimized with the Yoast SEO plugin v27.3 - https:\/\/yoast.com\/product\/yoast-seo-wordpress\/ -->\n<title>Sredstvo protiv insekata Dr. Muhar - Clair<\/title>\n<meta name=\"description\" content=\"Sredstvo protiv insekata Dr. Muhar osigurava u\u010dinkovitu za\u0161titu konja i jaha\u010da od muha, obada, krpelja, komaraca i ostalih insekata. Repelentom se prska\" \/>\n<meta name=\"robots\" content=\"index, follow, max-snippet:-1, max-image-preview:large, max-video-preview:-1\" \/>\n<link rel=\"canonical\" href=\"https:\/\/clair.si\/hr\/izdelek\/sredstvo-za-tjeranje-insekata-dr-muhar\/\" \/>\n<meta property=\"og:locale\" content=\"hr_HR\" \/>\n<meta property=\"og:type\" content=\"article\" \/>\n<meta property=\"og:title\" content=\"Sredstvo protiv insekata Dr. Muhar - Clair\" \/>\n<meta property=\"og:description\" content=\"Sredstvo protiv insekata Dr. Muhar osigurava u\u010dinkovitu za\u0161titu konja i jaha\u010da od muha, obada, krpelja, komaraca i ostalih insekata. Repelentom se prska\" \/>\n<meta property=\"og:url\" content=\"https:\/\/clair.si\/hr\/izdelek\/sredstvo-za-tjeranje-insekata-dr-muhar\/\" \/>\n<meta property=\"og:site_name\" content=\"Clair\" \/>\n<meta property=\"article:publisher\" content=\"https:\/\/www.facebook.com\/TrgovinaClair\/\" \/>\n<meta property=\"article:modified_time\" content=\"2025-08-28T05:36:44+00:00\" \/>\n<meta property=\"og:image\" content=\"https:\/\/clair.si\/wp-content\/uploads\/2023\/06\/dr.-muhar-odganjalec-mrcesa-za-konja-in-jahaca-jpg.webp\" \/>\n\t<meta property=\"og:image:width\" content=\"700\" \/>\n\t<meta property=\"og:image:height\" content=\"700\" \/>\n\t<meta property=\"og:image:type\" content=\"image\/jpeg\" \/>\n<meta name=\"twitter:card\" content=\"summary_large_image\" \/>\n<meta name=\"twitter:label1\" content=\"Procijenjeno vrijeme \u010ditanja\" \/>\n\t<meta name=\"twitter:data1\" content=\"1 minuta\" \/>\n<script type=\"application\/ld+json\" class=\"yoast-schema-graph\">{\"@context\":\"https:\\\/\\\/schema.org\",\"@graph\":[{\"@type\":\"WebPage\",\"@id\":\"https:\\\/\\\/clair.si\\\/hr\\\/izdelek\\\/sredstvo-za-tjeranje-insekata-dr-muhar\\\/\",\"url\":\"https:\\\/\\\/clair.si\\\/hr\\\/izdelek\\\/sredstvo-za-tjeranje-insekata-dr-muhar\\\/\",\"name\":\"Sredstvo protiv insekata Dr. Muhar - Clair\",\"isPartOf\":{\"@id\":\"https:\\\/\\\/clair.si\\\/#website\"},\"primaryImageOfPage\":{\"@id\":\"https:\\\/\\\/clair.si\\\/hr\\\/izdelek\\\/sredstvo-za-tjeranje-insekata-dr-muhar\\\/#primaryimage\"},\"image\":{\"@id\":\"https:\\\/\\\/clair.si\\\/hr\\\/izdelek\\\/sredstvo-za-tjeranje-insekata-dr-muhar\\\/#primaryimage\"},\"thumbnailUrl\":\"https:\\\/\\\/clair.si\\\/wp-content\\\/uploads\\\/2023\\\/06\\\/dr.-muhar-odganjalec-mrcesa-za-konja-in-jahaca-jpg.webp\",\"datePublished\":\"2023-06-02T06:33:04+00:00\",\"dateModified\":\"2025-08-28T05:36:44+00:00\",\"description\":\"Sredstvo protiv insekata Dr. Muhar osigurava u\u010dinkovitu za\u0161titu konja i jaha\u010da od muha, obada, krpelja, komaraca i ostalih insekata. Repelentom se prska\",\"breadcrumb\":{\"@id\":\"https:\\\/\\\/clair.si\\\/hr\\\/izdelek\\\/sredstvo-za-tjeranje-insekata-dr-muhar\\\/#breadcrumb\"},\"inLanguage\":\"hr\",\"potentialAction\":[{\"@type\":\"ReadAction\",\"target\":[\"https:\\\/\\\/clair.si\\\/hr\\\/izdelek\\\/sredstvo-za-tjeranje-insekata-dr-muhar\\\/\"]}]},{\"@type\":\"ImageObject\",\"inLanguage\":\"hr\",\"@id\":\"https:\\\/\\\/clair.si\\\/hr\\\/izdelek\\\/sredstvo-za-tjeranje-insekata-dr-muhar\\\/#primaryimage\",\"url\":\"https:\\\/\\\/clair.si\\\/wp-content\\\/uploads\\\/2023\\\/06\\\/dr.-muhar-odganjalec-mrcesa-za-konja-in-jahaca-jpg.webp\",\"contentUrl\":\"https:\\\/\\\/clair.si\\\/wp-content\\\/uploads\\\/2023\\\/06\\\/dr.-muhar-odganjalec-mrcesa-za-konja-in-jahaca-jpg.webp\",\"width\":700,\"height\":700},{\"@type\":\"BreadcrumbList\",\"@id\":\"https:\\\/\\\/clair.si\\\/hr\\\/izdelek\\\/sredstvo-za-tjeranje-insekata-dr-muhar\\\/#breadcrumb\",\"itemListElement\":[{\"@type\":\"ListItem\",\"position\":1,\"name\":\"Home\",\"item\":\"https:\\\/\\\/clair.si\\\/hr\\\/\"},{\"@type\":\"ListItem\",\"position\":2,\"name\":\"Trgovina\",\"item\":\"https:\\\/\\\/clair.si\\\/trgovina\\\/\"},{\"@type\":\"ListItem\",\"position\":3,\"name\":\"Sredstvo protiv insekata Dr. Muhar\"}]},{\"@type\":\"WebSite\",\"@id\":\"https:\\\/\\\/clair.si\\\/#website\",\"url\":\"https:\\\/\\\/clair.si\\\/\",\"name\":\"Clair\",\"description\":\"Trgovina s konjeni\u0161ko opremo\",\"publisher\":{\"@id\":\"https:\\\/\\\/clair.si\\\/#organization\"},\"potentialAction\":[{\"@type\":\"SearchAction\",\"target\":{\"@type\":\"EntryPoint\",\"urlTemplate\":\"https:\\\/\\\/clair.si\\\/?s={search_term_string}\"},\"query-input\":{\"@type\":\"PropertyValueSpecification\",\"valueRequired\":true,\"valueName\":\"search_term_string\"}}],\"inLanguage\":\"hr\"},{\"@type\":\"Organization\",\"@id\":\"https:\\\/\\\/clair.si\\\/#organization\",\"name\":\"Clair\",\"url\":\"https:\\\/\\\/clair.si\\\/\",\"logo\":{\"@type\":\"ImageObject\",\"inLanguage\":\"hr\",\"@id\":\"https:\\\/\\\/clair.si\\\/#\\\/schema\\\/logo\\\/image\\\/\",\"url\":\"https:\\\/\\\/clair.si\\\/wp-content\\\/uploads\\\/2022\\\/11\\\/clair_logo_2022.jpg\",\"contentUrl\":\"https:\\\/\\\/clair.si\\\/wp-content\\\/uploads\\\/2022\\\/11\\\/clair_logo_2022.jpg\",\"width\":1920,\"height\":1920,\"caption\":\"Clair\"},\"image\":{\"@id\":\"https:\\\/\\\/clair.si\\\/#\\\/schema\\\/logo\\\/image\\\/\"},\"sameAs\":[\"https:\\\/\\\/www.facebook.com\\\/TrgovinaClair\\\/\"]}]}<\/script>\n<!-- \/ Yoast SEO plugin. -->","yoast_head_json":{"title":"Sredstvo protiv insekata Dr. Muhar - Clair","description":"Sredstvo protiv insekata Dr. Muhar osigurava u\u010dinkovitu za\u0161titu konja i jaha\u010da od muha, obada, krpelja, komaraca i ostalih insekata. Repelentom se prska","robots":{"index":"index","follow":"follow","max-snippet":"max-snippet:-1","max-image-preview":"max-image-preview:large","max-video-preview":"max-video-preview:-1"},"canonical":"https:\/\/clair.si\/hr\/izdelek\/sredstvo-za-tjeranje-insekata-dr-muhar\/","og_locale":"hr_HR","og_type":"article","og_title":"Sredstvo protiv insekata Dr. Muhar - Clair","og_description":"Sredstvo protiv insekata Dr. Muhar osigurava u\u010dinkovitu za\u0161titu konja i jaha\u010da od muha, obada, krpelja, komaraca i ostalih insekata. Repelentom se prska","og_url":"https:\/\/clair.si\/hr\/izdelek\/sredstvo-za-tjeranje-insekata-dr-muhar\/","og_site_name":"Clair","article_publisher":"https:\/\/www.facebook.com\/TrgovinaClair\/","article_modified_time":"2025-08-28T05:36:44+00:00","og_image":[{"width":700,"height":700,"url":"https:\/\/clair.si\/wp-content\/uploads\/2023\/06\/dr.-muhar-odganjalec-mrcesa-za-konja-in-jahaca-jpg.webp","type":"image\/jpeg"}],"twitter_card":"summary_large_image","twitter_misc":{"Procijenjeno vrijeme \u010ditanja":"1 minuta"},"schema":{"@context":"https:\/\/schema.org","@graph":[{"@type":"WebPage","@id":"https:\/\/clair.si\/hr\/izdelek\/sredstvo-za-tjeranje-insekata-dr-muhar\/","url":"https:\/\/clair.si\/hr\/izdelek\/sredstvo-za-tjeranje-insekata-dr-muhar\/","name":"Sredstvo protiv insekata Dr. Muhar - Clair","isPartOf":{"@id":"https:\/\/clair.si\/#website"},"primaryImageOfPage":{"@id":"https:\/\/clair.si\/hr\/izdelek\/sredstvo-za-tjeranje-insekata-dr-muhar\/#primaryimage"},"image":{"@id":"https:\/\/clair.si\/hr\/izdelek\/sredstvo-za-tjeranje-insekata-dr-muhar\/#primaryimage"},"thumbnailUrl":"https:\/\/clair.si\/wp-content\/uploads\/2023\/06\/dr.-muhar-odganjalec-mrcesa-za-konja-in-jahaca-jpg.webp","datePublished":"2023-06-02T06:33:04+00:00","dateModified":"2025-08-28T05:36:44+00:00","description":"Sredstvo protiv insekata Dr. Muhar osigurava u\u010dinkovitu za\u0161titu konja i jaha\u010da od muha, obada, krpelja, komaraca i ostalih insekata. Repelentom se prska","breadcrumb":{"@id":"https:\/\/clair.si\/hr\/izdelek\/sredstvo-za-tjeranje-insekata-dr-muhar\/#breadcrumb"},"inLanguage":"hr","potentialAction":[{"@type":"ReadAction","target":["https:\/\/clair.si\/hr\/izdelek\/sredstvo-za-tjeranje-insekata-dr-muhar\/"]}]},{"@type":"ImageObject","inLanguage":"hr","@id":"https:\/\/clair.si\/hr\/izdelek\/sredstvo-za-tjeranje-insekata-dr-muhar\/#primaryimage","url":"https:\/\/clair.si\/wp-content\/uploads\/2023\/06\/dr.-muhar-odganjalec-mrcesa-za-konja-in-jahaca-jpg.webp","contentUrl":"https:\/\/clair.si\/wp-content\/uploads\/2023\/06\/dr.-muhar-odganjalec-mrcesa-za-konja-in-jahaca-jpg.webp","width":700,"height":700},{"@type":"BreadcrumbList","@id":"https:\/\/clair.si\/hr\/izdelek\/sredstvo-za-tjeranje-insekata-dr-muhar\/#breadcrumb","itemListElement":[{"@type":"ListItem","position":1,"name":"Home","item":"https:\/\/clair.si\/hr\/"},{"@type":"ListItem","position":2,"name":"Trgovina","item":"https:\/\/clair.si\/trgovina\/"},{"@type":"ListItem","position":3,"name":"Sredstvo protiv insekata Dr. Muhar"}]},{"@type":"WebSite","@id":"https:\/\/clair.si\/#website","url":"https:\/\/clair.si\/","name":"Clair","description":"Trgovina s konjeni\u0161ko opremo","publisher":{"@id":"https:\/\/clair.si\/#organization"},"potentialAction":[{"@type":"SearchAction","target":{"@type":"EntryPoint","urlTemplate":"https:\/\/clair.si\/?s={search_term_string}"},"query-input":{"@type":"PropertyValueSpecification","valueRequired":true,"valueName":"search_term_string"}}],"inLanguage":"hr"},{"@type":"Organization","@id":"https:\/\/clair.si\/#organization","name":"Clair","url":"https:\/\/clair.si\/","logo":{"@type":"ImageObject","inLanguage":"hr","@id":"https:\/\/clair.si\/#\/schema\/logo\/image\/","url":"https:\/\/clair.si\/wp-content\/uploads\/2022\/11\/clair_logo_2022.jpg","contentUrl":"https:\/\/clair.si\/wp-content\/uploads\/2022\/11\/clair_logo_2022.jpg","width":1920,"height":1920,"caption":"Clair"},"image":{"@id":"https:\/\/clair.si\/#\/schema\/logo\/image\/"},"sameAs":["https:\/\/www.facebook.com\/TrgovinaClair\/"]}]}},"_links":{"self":[{"href":"https:\/\/clair.si\/hr\/wp-json\/wp\/v2\/product\/98074","targetHints":{"allow":["GET"]}}],"collection":[{"href":"https:\/\/clair.si\/hr\/wp-json\/wp\/v2\/product"}],"about":[{"href":"https:\/\/clair.si\/hr\/wp-json\/wp\/v2\/types\/product"}],"version-history":[{"count":0,"href":"https:\/\/clair.si\/hr\/wp-json\/wp\/v2\/product\/98074\/revisions"}],"wp:featuredmedia":[{"embeddable":true,"href":"https:\/\/clair.si\/hr\/wp-json\/wp\/v2\/media\/98077"}],"wp:attachment":[{"href":"https:\/\/clair.si\/hr\/wp-json\/wp\/v2\/media?parent=98074"}],"wp:term":[{"taxonomy":"product_brand","embeddable":true,"href":"https:\/\/clair.si\/hr\/wp-json\/wp\/v2\/product_brand?post=98074"},{"taxonomy":"product_cat","embeddable":true,"href":"https:\/\/clair.si\/hr\/wp-json\/wp\/v2\/product_cat?post=98074"},{"taxonomy":"product_tag","embeddable":true,"href":"https:\/\/clair.si\/hr\/wp-json\/wp\/v2\/product_tag?post=98074"}],"curies":[{"name":"wp","href":"https:\/\/api.w.org\/{rel}","templated":true}]}}