{"id":98118,"date":"2023-06-14T15:58:20","date_gmt":"2023-06-14T13:58:20","guid":{"rendered":"https:\/\/clair.si\/izdelek\/h-t-pinkn-fruit-keksi-za-konje\/"},"modified":"2025-08-27T15:15:05","modified_gmt":"2025-08-27T13:15:05","slug":"h-t-pinkn-fruit-keksi-za-konje","status":"publish","type":"product","link":"https:\/\/clair.si\/hr\/izdelek\/h-t-pinkn-fruit-keksi-za-konje\/","title":{"rendered":"H-T Pink&#8217;n Fruit keksi za konje"},"content":{"rendered":"<p><strong>H-T Pink&#8217;n Fruit keksi za konje<\/strong> &#8211; poslastica ili nagrada<span class=\"HwtZe\" lang=\"sl\"><span class=\"jCAhz ChMk0b\"><span class=\"ryNqvb\"> s vlaknima divljeg vo\u0107a (bazga, \u0161ipak, glog, crni trn), ananasa i marelice.<br \/>\n<\/span><\/span><\/span><\/p>\n<p><span class=\"HwtZe\" lang=\"sl\"><span class=\"jCAhz ChMk0b\"><span class=\"ryNqvb\"><strong>Upute za hranjenje:<\/strong> hranite do 200 g po \u017eivotinji dnevno.<\/span><\/span> <\/span><\/p>\n<p><span class=\"HwtZe\" lang=\"sl\"><span class=\"jCAhz ChMk0b\"><span class=\"ryNqvb\"><strong>Sastav okus bobice:<\/strong> kukuruz, p\u0161enica, p\u0161eni\u010dne mekinje, je\u010dam, ulje repice, slatka sirutka u prahu, prah crvene repe, kalcijev karbonat, 1 % \u0161umskih bobica (bazga, \u0161ipak, glog, crni trn), natrijev klorid.<\/span><\/span> <span class=\"jCAhz ChMk0b\"><span class=\"ryNqvb\"><strong>Specifikacija hranjivih tvari:<\/strong> sirove bjelan\u010devine 9,9 %, sirova mast 6,4 %, sirova vlakna 3,1 %, sirovi pepeo 3,8 %, kalcij 0,67 %, natrij 0,17 %, fosfor 0,33 %.<\/span><\/span> <\/span><\/p>\n<p><span class=\"HwtZe\" lang=\"sl\"><span class=\"jCAhz ChMk0b\"><span class=\"ryNqvb\"><strong>Sastav okus ananas:<\/strong> kukuruz, p\u0161enica, p\u0161eni\u010dne mekinje, ulje repice, kalcijev karbonat, 1 % ananas, natrijev klorid. <strong>Specifikacija hranjivih tvari:<\/strong> sirove bjelan\u010devine 9,6 %, sirova mast 6,0 %, sirova vlakna 2,6 %, sirovi pepeo 3,3 %, kalcij 0,57 %, natrij 0,2 %, fosfor 0,31 %.<\/span><\/span> <\/span><\/p>\n<p><span class=\"HwtZe\" lang=\"sl\"><span class=\"jCAhz ChMk0b\"><span class=\"ryNqvb\"><strong>Sastav okus marelica:<\/strong> kukuruz, p\u0161enica, p\u0161eni\u010dne mekinje, ulje repice, kalcijev karbonat, 1 % marelice, natrijev klorid.<\/span><\/span> <span class=\"jCAhz ChMk0b\"><span class=\"ryNqvb\">Specifikacija hranjivih tvari: sirove bjelan\u010devine 9,5 %, sirova mast 6,6 %, sirova vlakna 2,6 %, sirovi pepeo 3,5 %, kalcij 0,69 %, natrij 0,2 %, fosfor 0,3 %.<\/span><\/span> <\/span><\/p>\n<p><span class=\"HwtZe\" lang=\"sl\"><span class=\"jCAhz ChMk0b\"><span class=\"ryNqvb\">\u010cuvati na hladnom i suhom mjestu te za\u0161tititi od izravne sun\u010deve svjetlosti.<\/span><\/span><\/span><\/p>\n<p><strong>Koli\u010dina:<\/strong> 600 g<\/p>\n<div class=\"UdTY9 WdefRb\" aria-hidden=\"true\" data-location=\"2\">\n<div class=\"kO6q6e\"><\/div>\n<\/div>\n<p>&nbsp;<\/p>\n","protected":false},"excerpt":{"rendered":"<p><img loading=\"lazy\" decoding=\"async\" class=\"alignnone size-full wp-image-28462\" src=\"https:\/\/clair.si\/wp-content\/uploads\/2022\/07\/lowimpact.jpg\" alt=\"\" width=\"150\" height=\"150\"><\/p>\n<p><strong>Koli\u010dina: 600 g<\/strong><\/p>\n","protected":false},"featured_media":98114,"template":"","meta":{"footnotes":""},"product_brand":[],"product_cat":[5782,5710,5712],"product_tag":[],"class_list":{"0":"post-98118","1":"product","2":"type-product","3":"status-publish","4":"has-post-thumbnail","6":"product_cat-kolacici-i-kamenje-soli","7":"product_cat-hrana-za-konje-hr","8":"product_cat-prehrambeni-dodaci","10":"first","11":"instock","12":"sale","13":"shipping-taxable","14":"purchasable","15":"product-type-simple"},"yoast_head":"<!-- This site is optimized with the Yoast SEO plugin v27.4 - https:\/\/yoast.com\/product\/yoast-seo-wordpress\/ -->\n<title>H-T Pink&#039;n Fruit keksi za konje - Clair<\/title>\n<meta name=\"description\" content=\"Koli\u010dina: 600 g\" \/>\n<meta name=\"robots\" content=\"index, follow, max-snippet:-1, max-image-preview:large, max-video-preview:-1\" \/>\n<link rel=\"canonical\" href=\"https:\/\/clair.si\/hr\/izdelek\/h-t-pinkn-fruit-keksi-za-konje\/\" \/>\n<meta property=\"og:locale\" content=\"hr_HR\" \/>\n<meta property=\"og:type\" content=\"article\" \/>\n<meta property=\"og:title\" content=\"H-T Pink&#039;n Fruit keksi za konje - Clair\" \/>\n<meta property=\"og:description\" content=\"Koli\u010dina: 600 g\" \/>\n<meta property=\"og:url\" content=\"https:\/\/clair.si\/hr\/izdelek\/h-t-pinkn-fruit-keksi-za-konje\/\" \/>\n<meta property=\"og:site_name\" content=\"Clair\" \/>\n<meta property=\"article:publisher\" content=\"https:\/\/www.facebook.com\/TrgovinaClair\/\" \/>\n<meta property=\"article:modified_time\" content=\"2025-08-27T13:15:05+00:00\" \/>\n<meta property=\"og:image\" content=\"https:\/\/clair.si\/wp-content\/uploads\/2023\/06\/hippotonic-pink-n-fruit-piskotio-za-konje-jpg.webp\" \/>\n\t<meta property=\"og:image:width\" content=\"800\" \/>\n\t<meta property=\"og:image:height\" content=\"800\" \/>\n\t<meta property=\"og:image:type\" content=\"image\/jpeg\" \/>\n<meta name=\"twitter:card\" content=\"summary_large_image\" \/>\n<meta name=\"twitter:label1\" content=\"Procijenjeno vrijeme \u010ditanja\" \/>\n\t<meta name=\"twitter:data1\" content=\"1 minuta\" \/>\n<script type=\"application\/ld+json\" class=\"yoast-schema-graph\">{\"@context\":\"https:\\\/\\\/schema.org\",\"@graph\":[{\"@type\":\"WebPage\",\"@id\":\"https:\\\/\\\/clair.si\\\/hr\\\/izdelek\\\/h-t-pinkn-fruit-keksi-za-konje\\\/\",\"url\":\"https:\\\/\\\/clair.si\\\/hr\\\/izdelek\\\/h-t-pinkn-fruit-keksi-za-konje\\\/\",\"name\":\"H-T Pink'n Fruit keksi za konje - Clair\",\"isPartOf\":{\"@id\":\"https:\\\/\\\/clair.si\\\/#website\"},\"primaryImageOfPage\":{\"@id\":\"https:\\\/\\\/clair.si\\\/hr\\\/izdelek\\\/h-t-pinkn-fruit-keksi-za-konje\\\/#primaryimage\"},\"image\":{\"@id\":\"https:\\\/\\\/clair.si\\\/hr\\\/izdelek\\\/h-t-pinkn-fruit-keksi-za-konje\\\/#primaryimage\"},\"thumbnailUrl\":\"https:\\\/\\\/clair.si\\\/wp-content\\\/uploads\\\/2023\\\/06\\\/hippotonic-pink-n-fruit-piskotio-za-konje-jpg.webp\",\"datePublished\":\"2023-06-14T13:58:20+00:00\",\"dateModified\":\"2025-08-27T13:15:05+00:00\",\"description\":\"Koli\u010dina: 600 g\",\"breadcrumb\":{\"@id\":\"https:\\\/\\\/clair.si\\\/hr\\\/izdelek\\\/h-t-pinkn-fruit-keksi-za-konje\\\/#breadcrumb\"},\"inLanguage\":\"hr\",\"potentialAction\":[{\"@type\":\"ReadAction\",\"target\":[\"https:\\\/\\\/clair.si\\\/hr\\\/izdelek\\\/h-t-pinkn-fruit-keksi-za-konje\\\/\"]}]},{\"@type\":\"ImageObject\",\"inLanguage\":\"hr\",\"@id\":\"https:\\\/\\\/clair.si\\\/hr\\\/izdelek\\\/h-t-pinkn-fruit-keksi-za-konje\\\/#primaryimage\",\"url\":\"https:\\\/\\\/clair.si\\\/wp-content\\\/uploads\\\/2023\\\/06\\\/hippotonic-pink-n-fruit-piskotio-za-konje-jpg.webp\",\"contentUrl\":\"https:\\\/\\\/clair.si\\\/wp-content\\\/uploads\\\/2023\\\/06\\\/hippotonic-pink-n-fruit-piskotio-za-konje-jpg.webp\",\"width\":800,\"height\":800},{\"@type\":\"BreadcrumbList\",\"@id\":\"https:\\\/\\\/clair.si\\\/hr\\\/izdelek\\\/h-t-pinkn-fruit-keksi-za-konje\\\/#breadcrumb\",\"itemListElement\":[{\"@type\":\"ListItem\",\"position\":1,\"name\":\"Home\",\"item\":\"https:\\\/\\\/clair.si\\\/hr\\\/\"},{\"@type\":\"ListItem\",\"position\":2,\"name\":\"Trgovina\",\"item\":\"https:\\\/\\\/clair.si\\\/trgovina\\\/\"},{\"@type\":\"ListItem\",\"position\":3,\"name\":\"H-T Pink&#8217;n Fruit keksi za konje\"}]},{\"@type\":\"WebSite\",\"@id\":\"https:\\\/\\\/clair.si\\\/#website\",\"url\":\"https:\\\/\\\/clair.si\\\/\",\"name\":\"Clair\",\"description\":\"Trgovina s konjeni\u0161ko opremo\",\"publisher\":{\"@id\":\"https:\\\/\\\/clair.si\\\/#organization\"},\"potentialAction\":[{\"@type\":\"SearchAction\",\"target\":{\"@type\":\"EntryPoint\",\"urlTemplate\":\"https:\\\/\\\/clair.si\\\/?s={search_term_string}\"},\"query-input\":{\"@type\":\"PropertyValueSpecification\",\"valueRequired\":true,\"valueName\":\"search_term_string\"}}],\"inLanguage\":\"hr\"},{\"@type\":\"Organization\",\"@id\":\"https:\\\/\\\/clair.si\\\/#organization\",\"name\":\"Clair\",\"url\":\"https:\\\/\\\/clair.si\\\/\",\"logo\":{\"@type\":\"ImageObject\",\"inLanguage\":\"hr\",\"@id\":\"https:\\\/\\\/clair.si\\\/#\\\/schema\\\/logo\\\/image\\\/\",\"url\":\"https:\\\/\\\/clair.si\\\/wp-content\\\/uploads\\\/2022\\\/11\\\/clair_logo_2022.jpg\",\"contentUrl\":\"https:\\\/\\\/clair.si\\\/wp-content\\\/uploads\\\/2022\\\/11\\\/clair_logo_2022.jpg\",\"width\":1920,\"height\":1920,\"caption\":\"Clair\"},\"image\":{\"@id\":\"https:\\\/\\\/clair.si\\\/#\\\/schema\\\/logo\\\/image\\\/\"},\"sameAs\":[\"https:\\\/\\\/www.facebook.com\\\/TrgovinaClair\\\/\"]}]}<\/script>\n<!-- \/ Yoast SEO plugin. -->","yoast_head_json":{"title":"H-T Pink'n Fruit keksi za konje - Clair","description":"Koli\u010dina: 600 g","robots":{"index":"index","follow":"follow","max-snippet":"max-snippet:-1","max-image-preview":"max-image-preview:large","max-video-preview":"max-video-preview:-1"},"canonical":"https:\/\/clair.si\/hr\/izdelek\/h-t-pinkn-fruit-keksi-za-konje\/","og_locale":"hr_HR","og_type":"article","og_title":"H-T Pink'n Fruit keksi za konje - Clair","og_description":"Koli\u010dina: 600 g","og_url":"https:\/\/clair.si\/hr\/izdelek\/h-t-pinkn-fruit-keksi-za-konje\/","og_site_name":"Clair","article_publisher":"https:\/\/www.facebook.com\/TrgovinaClair\/","article_modified_time":"2025-08-27T13:15:05+00:00","og_image":[{"width":800,"height":800,"url":"https:\/\/clair.si\/wp-content\/uploads\/2023\/06\/hippotonic-pink-n-fruit-piskotio-za-konje-jpg.webp","type":"image\/jpeg"}],"twitter_card":"summary_large_image","twitter_misc":{"Procijenjeno vrijeme \u010ditanja":"1 minuta"},"schema":{"@context":"https:\/\/schema.org","@graph":[{"@type":"WebPage","@id":"https:\/\/clair.si\/hr\/izdelek\/h-t-pinkn-fruit-keksi-za-konje\/","url":"https:\/\/clair.si\/hr\/izdelek\/h-t-pinkn-fruit-keksi-za-konje\/","name":"H-T Pink'n Fruit keksi za konje - Clair","isPartOf":{"@id":"https:\/\/clair.si\/#website"},"primaryImageOfPage":{"@id":"https:\/\/clair.si\/hr\/izdelek\/h-t-pinkn-fruit-keksi-za-konje\/#primaryimage"},"image":{"@id":"https:\/\/clair.si\/hr\/izdelek\/h-t-pinkn-fruit-keksi-za-konje\/#primaryimage"},"thumbnailUrl":"https:\/\/clair.si\/wp-content\/uploads\/2023\/06\/hippotonic-pink-n-fruit-piskotio-za-konje-jpg.webp","datePublished":"2023-06-14T13:58:20+00:00","dateModified":"2025-08-27T13:15:05+00:00","description":"Koli\u010dina: 600 g","breadcrumb":{"@id":"https:\/\/clair.si\/hr\/izdelek\/h-t-pinkn-fruit-keksi-za-konje\/#breadcrumb"},"inLanguage":"hr","potentialAction":[{"@type":"ReadAction","target":["https:\/\/clair.si\/hr\/izdelek\/h-t-pinkn-fruit-keksi-za-konje\/"]}]},{"@type":"ImageObject","inLanguage":"hr","@id":"https:\/\/clair.si\/hr\/izdelek\/h-t-pinkn-fruit-keksi-za-konje\/#primaryimage","url":"https:\/\/clair.si\/wp-content\/uploads\/2023\/06\/hippotonic-pink-n-fruit-piskotio-za-konje-jpg.webp","contentUrl":"https:\/\/clair.si\/wp-content\/uploads\/2023\/06\/hippotonic-pink-n-fruit-piskotio-za-konje-jpg.webp","width":800,"height":800},{"@type":"BreadcrumbList","@id":"https:\/\/clair.si\/hr\/izdelek\/h-t-pinkn-fruit-keksi-za-konje\/#breadcrumb","itemListElement":[{"@type":"ListItem","position":1,"name":"Home","item":"https:\/\/clair.si\/hr\/"},{"@type":"ListItem","position":2,"name":"Trgovina","item":"https:\/\/clair.si\/trgovina\/"},{"@type":"ListItem","position":3,"name":"H-T Pink&#8217;n Fruit keksi za konje"}]},{"@type":"WebSite","@id":"https:\/\/clair.si\/#website","url":"https:\/\/clair.si\/","name":"Clair","description":"Trgovina s konjeni\u0161ko opremo","publisher":{"@id":"https:\/\/clair.si\/#organization"},"potentialAction":[{"@type":"SearchAction","target":{"@type":"EntryPoint","urlTemplate":"https:\/\/clair.si\/?s={search_term_string}"},"query-input":{"@type":"PropertyValueSpecification","valueRequired":true,"valueName":"search_term_string"}}],"inLanguage":"hr"},{"@type":"Organization","@id":"https:\/\/clair.si\/#organization","name":"Clair","url":"https:\/\/clair.si\/","logo":{"@type":"ImageObject","inLanguage":"hr","@id":"https:\/\/clair.si\/#\/schema\/logo\/image\/","url":"https:\/\/clair.si\/wp-content\/uploads\/2022\/11\/clair_logo_2022.jpg","contentUrl":"https:\/\/clair.si\/wp-content\/uploads\/2022\/11\/clair_logo_2022.jpg","width":1920,"height":1920,"caption":"Clair"},"image":{"@id":"https:\/\/clair.si\/#\/schema\/logo\/image\/"},"sameAs":["https:\/\/www.facebook.com\/TrgovinaClair\/"]}]}},"_links":{"self":[{"href":"https:\/\/clair.si\/hr\/wp-json\/wp\/v2\/product\/98118","targetHints":{"allow":["GET"]}}],"collection":[{"href":"https:\/\/clair.si\/hr\/wp-json\/wp\/v2\/product"}],"about":[{"href":"https:\/\/clair.si\/hr\/wp-json\/wp\/v2\/types\/product"}],"version-history":[{"count":0,"href":"https:\/\/clair.si\/hr\/wp-json\/wp\/v2\/product\/98118\/revisions"}],"wp:featuredmedia":[{"embeddable":true,"href":"https:\/\/clair.si\/hr\/wp-json\/wp\/v2\/media\/98114"}],"wp:attachment":[{"href":"https:\/\/clair.si\/hr\/wp-json\/wp\/v2\/media?parent=98118"}],"wp:term":[{"taxonomy":"product_brand","embeddable":true,"href":"https:\/\/clair.si\/hr\/wp-json\/wp\/v2\/product_brand?post=98118"},{"taxonomy":"product_cat","embeddable":true,"href":"https:\/\/clair.si\/hr\/wp-json\/wp\/v2\/product_cat?post=98118"},{"taxonomy":"product_tag","embeddable":true,"href":"https:\/\/clair.si\/hr\/wp-json\/wp\/v2\/product_tag?post=98118"}],"curies":[{"name":"wp","href":"https:\/\/api.w.org\/{rel}","templated":true}]}}