{"id":98123,"date":"2023-05-23T10:59:41","date_gmt":"2023-05-23T08:59:41","guid":{"rendered":"https:\/\/clair.si\/izdelek\/bic-wg-soft-fantaisie\/"},"modified":"2025-10-04T11:17:32","modified_gmt":"2025-10-04T09:17:32","slug":"bic-wg-soft-fantaisie","status":"publish","type":"product","link":"https:\/\/clair.si\/hr\/izdelek\/bic-wg-soft-fantaisie\/","title":{"rendered":"Bi\u010d W&amp;G Soft Fantaisie"},"content":{"rendered":"<p><strong>Dje\u010dji bi\u010d W&amp;G Soft Fantaisie<\/strong> izra\u0111en od staklenih vlakana i s mekanom pjenastom ru\u010dkom s motivima ponija.<\/p>\n","protected":false},"excerpt":{"rendered":"<p>Dje\u010dji bi\u010d W&amp;G Soft Fantaisie izra\u0111en od staklenih vlakana i s mekanom pjenastom ru\u010dkom s motivima ponija.<\/p>\n","protected":false},"featured_media":98127,"template":"","meta":{"footnotes":""},"product_brand":[],"product_cat":[5732,5654,5733,5734],"product_tag":[],"class_list":{"0":"post-98123","1":"product","2":"type-product","3":"status-publish","4":"has-post-thumbnail","6":"product_cat-bicevi","7":"product_cat-jahac-hr","8":"product_cat-preponski-bicevi","9":"product_cat-visenamjenski-bicevi","11":"first","12":"instock","13":"shipping-taxable","14":"purchasable","15":"product-type-variable"},"yoast_head":"<!-- This site is optimized with the Yoast SEO plugin v27.3 - https:\/\/yoast.com\/product\/yoast-seo-wordpress\/ -->\n<title>Bi\u010d W&amp;G Soft Fantaisie - Clair<\/title>\n<meta name=\"description\" content=\"Dje\u010dji bi\u010d W&amp;G Soft Fantaisie izra\u0111en od staklenih vlakana i s mekanom pjenastom ru\u010dkom s motivima ponija.\" \/>\n<meta name=\"robots\" content=\"index, follow, max-snippet:-1, max-image-preview:large, max-video-preview:-1\" \/>\n<link rel=\"canonical\" href=\"https:\/\/clair.si\/hr\/izdelek\/bic-wg-soft-fantaisie\/\" \/>\n<meta property=\"og:locale\" content=\"hr_HR\" \/>\n<meta property=\"og:type\" content=\"article\" \/>\n<meta property=\"og:title\" content=\"Bi\u010d W&amp;G Soft Fantaisie - Clair\" \/>\n<meta property=\"og:description\" content=\"Dje\u010dji bi\u010d W&amp;G Soft Fantaisie izra\u0111en od staklenih vlakana i s mekanom pjenastom ru\u010dkom s motivima ponija.\" \/>\n<meta property=\"og:url\" content=\"https:\/\/clair.si\/hr\/izdelek\/bic-wg-soft-fantaisie\/\" \/>\n<meta property=\"og:site_name\" content=\"Clair\" \/>\n<meta property=\"article:publisher\" content=\"https:\/\/www.facebook.com\/TrgovinaClair\/\" \/>\n<meta property=\"article:modified_time\" content=\"2025-10-04T09:17:32+00:00\" \/>\n<meta property=\"og:image\" content=\"https:\/\/clair.si\/wp-content\/uploads\/2023\/05\/whip-go-soft-fantaisie-whip-go-soft-fantaisie-jahalni-bic-modra-jpg.webp\" \/>\n\t<meta property=\"og:image:width\" content=\"800\" \/>\n\t<meta property=\"og:image:height\" content=\"800\" \/>\n\t<meta property=\"og:image:type\" content=\"image\/jpeg\" \/>\n<meta name=\"twitter:card\" content=\"summary_large_image\" \/>\n<script type=\"application\/ld+json\" class=\"yoast-schema-graph\">{\"@context\":\"https:\\\/\\\/schema.org\",\"@graph\":[{\"@type\":\"WebPage\",\"@id\":\"https:\\\/\\\/clair.si\\\/hr\\\/izdelek\\\/bic-wg-soft-fantaisie\\\/\",\"url\":\"https:\\\/\\\/clair.si\\\/hr\\\/izdelek\\\/bic-wg-soft-fantaisie\\\/\",\"name\":\"Bi\u010d W&amp;G Soft Fantaisie - Clair\",\"isPartOf\":{\"@id\":\"https:\\\/\\\/clair.si\\\/#website\"},\"primaryImageOfPage\":{\"@id\":\"https:\\\/\\\/clair.si\\\/hr\\\/izdelek\\\/bic-wg-soft-fantaisie\\\/#primaryimage\"},\"image\":{\"@id\":\"https:\\\/\\\/clair.si\\\/hr\\\/izdelek\\\/bic-wg-soft-fantaisie\\\/#primaryimage\"},\"thumbnailUrl\":\"https:\\\/\\\/clair.si\\\/wp-content\\\/uploads\\\/2023\\\/05\\\/whip-go-soft-fantaisie-whip-go-soft-fantaisie-jahalni-bic-modra-jpg.webp\",\"datePublished\":\"2023-05-23T08:59:41+00:00\",\"dateModified\":\"2025-10-04T09:17:32+00:00\",\"description\":\"Dje\u010dji bi\u010d W&amp;G Soft Fantaisie izra\u0111en od staklenih vlakana i s mekanom pjenastom ru\u010dkom s motivima ponija.\",\"breadcrumb\":{\"@id\":\"https:\\\/\\\/clair.si\\\/hr\\\/izdelek\\\/bic-wg-soft-fantaisie\\\/#breadcrumb\"},\"inLanguage\":\"hr\",\"potentialAction\":[{\"@type\":\"ReadAction\",\"target\":[\"https:\\\/\\\/clair.si\\\/hr\\\/izdelek\\\/bic-wg-soft-fantaisie\\\/\"]}]},{\"@type\":\"ImageObject\",\"inLanguage\":\"hr\",\"@id\":\"https:\\\/\\\/clair.si\\\/hr\\\/izdelek\\\/bic-wg-soft-fantaisie\\\/#primaryimage\",\"url\":\"https:\\\/\\\/clair.si\\\/wp-content\\\/uploads\\\/2023\\\/05\\\/whip-go-soft-fantaisie-whip-go-soft-fantaisie-jahalni-bic-modra-jpg.webp\",\"contentUrl\":\"https:\\\/\\\/clair.si\\\/wp-content\\\/uploads\\\/2023\\\/05\\\/whip-go-soft-fantaisie-whip-go-soft-fantaisie-jahalni-bic-modra-jpg.webp\",\"width\":800,\"height\":800,\"caption\":\"Bi\u010d W&G Soft Fantaisie\"},{\"@type\":\"BreadcrumbList\",\"@id\":\"https:\\\/\\\/clair.si\\\/hr\\\/izdelek\\\/bic-wg-soft-fantaisie\\\/#breadcrumb\",\"itemListElement\":[{\"@type\":\"ListItem\",\"position\":1,\"name\":\"Home\",\"item\":\"https:\\\/\\\/clair.si\\\/hr\\\/\"},{\"@type\":\"ListItem\",\"position\":2,\"name\":\"Trgovina\",\"item\":\"https:\\\/\\\/clair.si\\\/trgovina\\\/\"},{\"@type\":\"ListItem\",\"position\":3,\"name\":\"Bi\u010d W&amp;G Soft Fantaisie\"}]},{\"@type\":\"WebSite\",\"@id\":\"https:\\\/\\\/clair.si\\\/#website\",\"url\":\"https:\\\/\\\/clair.si\\\/\",\"name\":\"Clair\",\"description\":\"Trgovina s konjeni\u0161ko opremo\",\"publisher\":{\"@id\":\"https:\\\/\\\/clair.si\\\/#organization\"},\"potentialAction\":[{\"@type\":\"SearchAction\",\"target\":{\"@type\":\"EntryPoint\",\"urlTemplate\":\"https:\\\/\\\/clair.si\\\/?s={search_term_string}\"},\"query-input\":{\"@type\":\"PropertyValueSpecification\",\"valueRequired\":true,\"valueName\":\"search_term_string\"}}],\"inLanguage\":\"hr\"},{\"@type\":\"Organization\",\"@id\":\"https:\\\/\\\/clair.si\\\/#organization\",\"name\":\"Clair\",\"url\":\"https:\\\/\\\/clair.si\\\/\",\"logo\":{\"@type\":\"ImageObject\",\"inLanguage\":\"hr\",\"@id\":\"https:\\\/\\\/clair.si\\\/#\\\/schema\\\/logo\\\/image\\\/\",\"url\":\"https:\\\/\\\/clair.si\\\/wp-content\\\/uploads\\\/2022\\\/11\\\/clair_logo_2022.jpg\",\"contentUrl\":\"https:\\\/\\\/clair.si\\\/wp-content\\\/uploads\\\/2022\\\/11\\\/clair_logo_2022.jpg\",\"width\":1920,\"height\":1920,\"caption\":\"Clair\"},\"image\":{\"@id\":\"https:\\\/\\\/clair.si\\\/#\\\/schema\\\/logo\\\/image\\\/\"},\"sameAs\":[\"https:\\\/\\\/www.facebook.com\\\/TrgovinaClair\\\/\"]}]}<\/script>\n<!-- \/ Yoast SEO plugin. -->","yoast_head_json":{"title":"Bi\u010d W&amp;G Soft Fantaisie - Clair","description":"Dje\u010dji bi\u010d W&amp;G Soft Fantaisie izra\u0111en od staklenih vlakana i s mekanom pjenastom ru\u010dkom s motivima ponija.","robots":{"index":"index","follow":"follow","max-snippet":"max-snippet:-1","max-image-preview":"max-image-preview:large","max-video-preview":"max-video-preview:-1"},"canonical":"https:\/\/clair.si\/hr\/izdelek\/bic-wg-soft-fantaisie\/","og_locale":"hr_HR","og_type":"article","og_title":"Bi\u010d W&amp;G Soft Fantaisie - Clair","og_description":"Dje\u010dji bi\u010d W&amp;G Soft Fantaisie izra\u0111en od staklenih vlakana i s mekanom pjenastom ru\u010dkom s motivima ponija.","og_url":"https:\/\/clair.si\/hr\/izdelek\/bic-wg-soft-fantaisie\/","og_site_name":"Clair","article_publisher":"https:\/\/www.facebook.com\/TrgovinaClair\/","article_modified_time":"2025-10-04T09:17:32+00:00","og_image":[{"width":800,"height":800,"url":"https:\/\/clair.si\/wp-content\/uploads\/2023\/05\/whip-go-soft-fantaisie-whip-go-soft-fantaisie-jahalni-bic-modra-jpg.webp","type":"image\/jpeg"}],"twitter_card":"summary_large_image","schema":{"@context":"https:\/\/schema.org","@graph":[{"@type":"WebPage","@id":"https:\/\/clair.si\/hr\/izdelek\/bic-wg-soft-fantaisie\/","url":"https:\/\/clair.si\/hr\/izdelek\/bic-wg-soft-fantaisie\/","name":"Bi\u010d W&amp;G Soft Fantaisie - Clair","isPartOf":{"@id":"https:\/\/clair.si\/#website"},"primaryImageOfPage":{"@id":"https:\/\/clair.si\/hr\/izdelek\/bic-wg-soft-fantaisie\/#primaryimage"},"image":{"@id":"https:\/\/clair.si\/hr\/izdelek\/bic-wg-soft-fantaisie\/#primaryimage"},"thumbnailUrl":"https:\/\/clair.si\/wp-content\/uploads\/2023\/05\/whip-go-soft-fantaisie-whip-go-soft-fantaisie-jahalni-bic-modra-jpg.webp","datePublished":"2023-05-23T08:59:41+00:00","dateModified":"2025-10-04T09:17:32+00:00","description":"Dje\u010dji bi\u010d W&amp;G Soft Fantaisie izra\u0111en od staklenih vlakana i s mekanom pjenastom ru\u010dkom s motivima ponija.","breadcrumb":{"@id":"https:\/\/clair.si\/hr\/izdelek\/bic-wg-soft-fantaisie\/#breadcrumb"},"inLanguage":"hr","potentialAction":[{"@type":"ReadAction","target":["https:\/\/clair.si\/hr\/izdelek\/bic-wg-soft-fantaisie\/"]}]},{"@type":"ImageObject","inLanguage":"hr","@id":"https:\/\/clair.si\/hr\/izdelek\/bic-wg-soft-fantaisie\/#primaryimage","url":"https:\/\/clair.si\/wp-content\/uploads\/2023\/05\/whip-go-soft-fantaisie-whip-go-soft-fantaisie-jahalni-bic-modra-jpg.webp","contentUrl":"https:\/\/clair.si\/wp-content\/uploads\/2023\/05\/whip-go-soft-fantaisie-whip-go-soft-fantaisie-jahalni-bic-modra-jpg.webp","width":800,"height":800,"caption":"Bi\u010d W&G Soft Fantaisie"},{"@type":"BreadcrumbList","@id":"https:\/\/clair.si\/hr\/izdelek\/bic-wg-soft-fantaisie\/#breadcrumb","itemListElement":[{"@type":"ListItem","position":1,"name":"Home","item":"https:\/\/clair.si\/hr\/"},{"@type":"ListItem","position":2,"name":"Trgovina","item":"https:\/\/clair.si\/trgovina\/"},{"@type":"ListItem","position":3,"name":"Bi\u010d W&amp;G Soft Fantaisie"}]},{"@type":"WebSite","@id":"https:\/\/clair.si\/#website","url":"https:\/\/clair.si\/","name":"Clair","description":"Trgovina s konjeni\u0161ko opremo","publisher":{"@id":"https:\/\/clair.si\/#organization"},"potentialAction":[{"@type":"SearchAction","target":{"@type":"EntryPoint","urlTemplate":"https:\/\/clair.si\/?s={search_term_string}"},"query-input":{"@type":"PropertyValueSpecification","valueRequired":true,"valueName":"search_term_string"}}],"inLanguage":"hr"},{"@type":"Organization","@id":"https:\/\/clair.si\/#organization","name":"Clair","url":"https:\/\/clair.si\/","logo":{"@type":"ImageObject","inLanguage":"hr","@id":"https:\/\/clair.si\/#\/schema\/logo\/image\/","url":"https:\/\/clair.si\/wp-content\/uploads\/2022\/11\/clair_logo_2022.jpg","contentUrl":"https:\/\/clair.si\/wp-content\/uploads\/2022\/11\/clair_logo_2022.jpg","width":1920,"height":1920,"caption":"Clair"},"image":{"@id":"https:\/\/clair.si\/#\/schema\/logo\/image\/"},"sameAs":["https:\/\/www.facebook.com\/TrgovinaClair\/"]}]}},"_links":{"self":[{"href":"https:\/\/clair.si\/hr\/wp-json\/wp\/v2\/product\/98123","targetHints":{"allow":["GET"]}}],"collection":[{"href":"https:\/\/clair.si\/hr\/wp-json\/wp\/v2\/product"}],"about":[{"href":"https:\/\/clair.si\/hr\/wp-json\/wp\/v2\/types\/product"}],"version-history":[{"count":1,"href":"https:\/\/clair.si\/hr\/wp-json\/wp\/v2\/product\/98123\/revisions"}],"predecessor-version":[{"id":115667,"href":"https:\/\/clair.si\/hr\/wp-json\/wp\/v2\/product\/98123\/revisions\/115667"}],"wp:featuredmedia":[{"embeddable":true,"href":"https:\/\/clair.si\/hr\/wp-json\/wp\/v2\/media\/98127"}],"wp:attachment":[{"href":"https:\/\/clair.si\/hr\/wp-json\/wp\/v2\/media?parent=98123"}],"wp:term":[{"taxonomy":"product_brand","embeddable":true,"href":"https:\/\/clair.si\/hr\/wp-json\/wp\/v2\/product_brand?post=98123"},{"taxonomy":"product_cat","embeddable":true,"href":"https:\/\/clair.si\/hr\/wp-json\/wp\/v2\/product_cat?post=98123"},{"taxonomy":"product_tag","embeddable":true,"href":"https:\/\/clair.si\/hr\/wp-json\/wp\/v2\/product_tag?post=98123"}],"curies":[{"name":"wp","href":"https:\/\/api.w.org\/{rel}","templated":true}]}}