{"id":98155,"date":"2023-05-30T13:39:22","date_gmt":"2023-05-30T11:39:22","guid":{"rendered":"https:\/\/clair.si\/izdelek\/cavalor-peak-performance\/"},"modified":"2023-05-30T13:39:22","modified_gmt":"2023-05-30T11:39:22","slug":"cavalor-peak-performance","status":"publish","type":"product","link":"https:\/\/clair.si\/hr\/izdelek\/cavalor-peak-performance\/","title":{"rendered":"Cavalor Peak Performance"},"content":{"rendered":"<p><strong>Cavalor Peak Performance pobolj\u0161ava mobilnost i performanse sportskih konja poticanjem cirkulacije krvi i ja\u010danjem funkcije limfnog sustava.<\/strong>  Cavalor Peak Performance je uravnote\u017eena mje\u0161avina eteri\u010dnih ulja i biljnih ekstrakata koja pobolj\u0161ava odzivnost i performanse konja. Njegovi prirodni sastojci poti\u010du u\u010dinkovit transport kisika kroz krvotok i osiguravaju brzo izlu\u010divanje toksina iz organizma. Rezultat je vi\u0161e energije i br\u017ea regeneracija. Zbog djelovanja na limfni sustav, <strong>Cavalor Peak Performance<\/strong> inovativan je na\u010din za pobolj\u0161anje op\u0107eg stanja i izdr\u017eljivosti va\u0161eg konja te na prirodan na\u010din osigurava da sportski konji nisu prekomjerno umorni. Osigurava bolje zdravstveno stanje konja jer je limfni sustav va\u017ean sastavni dio imunolo\u0161kog sustava. Idealan dodatak za visoko optere\u0107ene sportske konje.     <\/p>\n<p>Sportski konj obi\u010dno ima dovoljno izdr\u017eljivosti, sna\u017eno, fleksibilno tijelo i energi\u010dan je \u2013 osobine koje su bitne za treninge i natjecanja. Pobrinite se da va\u0161 konj unosi energiju koja odgovara njegovim potrebama. Osigurajte dovoljno koncentrirane hrane ako je va\u0161 konj u zahtjevnom treningu, ali ne vi\u0161e nego \u0161to je potrebno. Osim toga, nemojte zamijeniti energiju s izdr\u017eljivo\u0161\u0107u ili temperamentom. Konj koji je iscrpljen ve\u0107 nakon petnaest minuta rada nema dovoljno izdr\u017eljivosti, a \u010dak i temperamentni konji mogu imati premalo energije. Utrudi li se va\u0161 konj odjednom puno br\u017ee ili se \u010dini manje aktivnim? U tom slu\u010daju istra\u017eite \u0161to bi mogao biti uzrok umora i iscrpljenosti va\u0161eg konja.      <\/p>\n<p><strong>Cavalor Peak Performance<\/strong> je mje\u0161avina odabranih prirodnih sastojaka koji zajedno u\u010dinkovito djeluju, \u0161to rezultira op\u0107im pobolj\u0161anjem metaboli\u010dke ravnote\u017ee, tako da konj mo\u017ee bolje funkcionirati u kriti\u010dnim razdobljima. Ekstrakt crnog ribiza (Ribes nigrum) i eteri\u010dno ulje amaranta poti\u010du cirkulaciju krvi, dok eukaliptus (Eucalyptus globulus) otvara di\u0161ne \u200b\u200bputeve i tako olak\u0161ava protok kisika. Zajedno poma\u017eu usporiti zakiseljavanje u mi\u0161i\u0107ima za bolju izvedbu, ve\u0107u odzivnost i ve\u0107u izdr\u017eljivost. Cavalor\u00ae Peak Performance sadr\u017ei puzavu bro\u0107iku (Gallium aparine), za koju je poznato da blagotvorno djeluje na limfni sustav, zajedno s obi\u010dnom pirikom (Elymus repens), koprivom (Urtica dioica) i masla\u010dkom (Taraxacum officinale), zbog njihovih u\u010dinaka \u010di\u0161\u0107enja brinu za sprotno odvajanje toksina koji nastaju kao posljedica treninga. Ova eteri\u010dna biljna mje\u0161avina poma\u017ee otvoriti pore, olak\u0161ava znojenje i idealna je za konje koji se ne znoje.    <\/p>\n<p>&nbsp;<\/p>\n<p><strong>Upute za hranjenje:<\/strong><\/p>\n<p><strong>Najve\u0107a dnevna doza je 40 ml. Preporu\u010dena doza za sportske konje je 20 ml dnevno, za ponije 10 ml dnevno. <\/strong><\/p>\n<p>Brzina rezultata ovisi o trenutnom stanju va\u0161eg konja. Ako je va\u0161 konj u dobroj kondiciji i trebate vrhunac performansi, rezultati \u0107e biti vidljivi za otprilike 7 dana. Za strukturnije pobolj\u0161anje preporu\u010dujemo hranjenje najmanje 3 tjedna.   <strong>PRIJE UPOTREBE PROMU\u0106KAJTE!<\/strong><\/p>\n","protected":false},"excerpt":{"rendered":"<ul>\n<li><span class=\"gmail-rynqvb\">Za pobolj\u0161anu mobilnost i performanse kod sportskih konja<\/span><\/li>\n<li class=\"gmail-msolistparagraph\" style=\"line-height: 105%;\"><span class=\"gmail-rynqvb\">Poti\u010de cirkulaciju krvi<\/span><\/li>\n<li class=\"gmail-msolistparagraph\" style=\"line-height: 105%;\"><span class=\"gmail-rynqvb\">Ja\u010da funkciju limfnog sustava<\/span><\/li>\n<\/ul>\n<p><strong>Koli\u010dina: 500 mL<\/strong><\/p>\n","protected":false},"featured_media":98157,"template":"","meta":{"footnotes":""},"product_brand":[],"product_cat":[5711,5710,5712],"product_tag":[],"class_list":{"0":"post-98155","1":"product","2":"type-product","3":"status-publish","4":"has-post-thumbnail","6":"product_cat-hrana-i-prehrambeni-dodaci-cavalor","7":"product_cat-hrana-za-konje-hr","8":"product_cat-prehrambeni-dodaci","10":"first","11":"instock","12":"shipping-taxable","13":"purchasable","14":"product-type-simple"},"yoast_head":"<!-- This site is optimized with the Yoast SEO plugin v27.4 - https:\/\/yoast.com\/product\/yoast-seo-wordpress\/ -->\n<title>Cavalor Peak Performance - Clair<\/title>\n<meta name=\"description\" content=\"Za pobolj\u0161anu mobilnost i performanse kod sportskih konja  Poti\u010de cirkulaciju krvi  Ja\u010da funkciju limfnog sustava Koli\u010dina: 500 mL\" \/>\n<meta name=\"robots\" content=\"index, follow, max-snippet:-1, max-image-preview:large, max-video-preview:-1\" \/>\n<link rel=\"canonical\" href=\"https:\/\/clair.si\/hr\/izdelek\/cavalor-peak-performance\/\" \/>\n<meta property=\"og:locale\" content=\"hr_HR\" \/>\n<meta property=\"og:type\" content=\"article\" \/>\n<meta property=\"og:title\" content=\"Cavalor Peak Performance - Clair\" \/>\n<meta property=\"og:description\" content=\"Za pobolj\u0161anu mobilnost i performanse kod sportskih konja  Poti\u010de cirkulaciju krvi  Ja\u010da funkciju limfnog sustava Koli\u010dina: 500 mL\" \/>\n<meta property=\"og:url\" content=\"https:\/\/clair.si\/hr\/izdelek\/cavalor-peak-performance\/\" \/>\n<meta property=\"og:site_name\" content=\"Clair\" \/>\n<meta property=\"article:publisher\" content=\"https:\/\/www.facebook.com\/TrgovinaClair\/\" \/>\n<meta property=\"og:image\" content=\"https:\/\/clair.si\/wp-content\/uploads\/2023\/05\/PeakPerformance-cavalor-1-jpg.webp\" \/>\n\t<meta property=\"og:image:width\" content=\"550\" \/>\n\t<meta property=\"og:image:height\" content=\"550\" \/>\n\t<meta property=\"og:image:type\" content=\"image\/jpeg\" \/>\n<meta name=\"twitter:card\" content=\"summary_large_image\" \/>\n<meta name=\"twitter:label1\" content=\"Procijenjeno vrijeme \u010ditanja\" \/>\n\t<meta name=\"twitter:data1\" content=\"2 minute\" \/>\n<script type=\"application\/ld+json\" class=\"yoast-schema-graph\">{\"@context\":\"https:\\\/\\\/schema.org\",\"@graph\":[{\"@type\":\"WebPage\",\"@id\":\"https:\\\/\\\/clair.si\\\/hr\\\/izdelek\\\/cavalor-peak-performance\\\/\",\"url\":\"https:\\\/\\\/clair.si\\\/hr\\\/izdelek\\\/cavalor-peak-performance\\\/\",\"name\":\"Cavalor Peak Performance - Clair\",\"isPartOf\":{\"@id\":\"https:\\\/\\\/clair.si\\\/#website\"},\"primaryImageOfPage\":{\"@id\":\"https:\\\/\\\/clair.si\\\/hr\\\/izdelek\\\/cavalor-peak-performance\\\/#primaryimage\"},\"image\":{\"@id\":\"https:\\\/\\\/clair.si\\\/hr\\\/izdelek\\\/cavalor-peak-performance\\\/#primaryimage\"},\"thumbnailUrl\":\"https:\\\/\\\/clair.si\\\/wp-content\\\/uploads\\\/2023\\\/05\\\/PeakPerformance-cavalor-1-jpg.webp\",\"datePublished\":\"2023-05-30T11:39:22+00:00\",\"description\":\"Za pobolj\u0161anu mobilnost i performanse kod sportskih konja Poti\u010de cirkulaciju krvi Ja\u010da funkciju limfnog sustava Koli\u010dina: 500 mL\",\"breadcrumb\":{\"@id\":\"https:\\\/\\\/clair.si\\\/hr\\\/izdelek\\\/cavalor-peak-performance\\\/#breadcrumb\"},\"inLanguage\":\"hr\",\"potentialAction\":[{\"@type\":\"ReadAction\",\"target\":[\"https:\\\/\\\/clair.si\\\/hr\\\/izdelek\\\/cavalor-peak-performance\\\/\"]}]},{\"@type\":\"ImageObject\",\"inLanguage\":\"hr\",\"@id\":\"https:\\\/\\\/clair.si\\\/hr\\\/izdelek\\\/cavalor-peak-performance\\\/#primaryimage\",\"url\":\"https:\\\/\\\/clair.si\\\/wp-content\\\/uploads\\\/2023\\\/05\\\/PeakPerformance-cavalor-1-jpg.webp\",\"contentUrl\":\"https:\\\/\\\/clair.si\\\/wp-content\\\/uploads\\\/2023\\\/05\\\/PeakPerformance-cavalor-1-jpg.webp\",\"width\":550,\"height\":550},{\"@type\":\"BreadcrumbList\",\"@id\":\"https:\\\/\\\/clair.si\\\/hr\\\/izdelek\\\/cavalor-peak-performance\\\/#breadcrumb\",\"itemListElement\":[{\"@type\":\"ListItem\",\"position\":1,\"name\":\"Home\",\"item\":\"https:\\\/\\\/clair.si\\\/hr\\\/\"},{\"@type\":\"ListItem\",\"position\":2,\"name\":\"Trgovina\",\"item\":\"https:\\\/\\\/clair.si\\\/trgovina\\\/\"},{\"@type\":\"ListItem\",\"position\":3,\"name\":\"Cavalor Peak Performance\"}]},{\"@type\":\"WebSite\",\"@id\":\"https:\\\/\\\/clair.si\\\/#website\",\"url\":\"https:\\\/\\\/clair.si\\\/\",\"name\":\"Clair\",\"description\":\"Trgovina s konjeni\u0161ko opremo\",\"publisher\":{\"@id\":\"https:\\\/\\\/clair.si\\\/#organization\"},\"potentialAction\":[{\"@type\":\"SearchAction\",\"target\":{\"@type\":\"EntryPoint\",\"urlTemplate\":\"https:\\\/\\\/clair.si\\\/?s={search_term_string}\"},\"query-input\":{\"@type\":\"PropertyValueSpecification\",\"valueRequired\":true,\"valueName\":\"search_term_string\"}}],\"inLanguage\":\"hr\"},{\"@type\":\"Organization\",\"@id\":\"https:\\\/\\\/clair.si\\\/#organization\",\"name\":\"Clair\",\"url\":\"https:\\\/\\\/clair.si\\\/\",\"logo\":{\"@type\":\"ImageObject\",\"inLanguage\":\"hr\",\"@id\":\"https:\\\/\\\/clair.si\\\/#\\\/schema\\\/logo\\\/image\\\/\",\"url\":\"https:\\\/\\\/clair.si\\\/wp-content\\\/uploads\\\/2022\\\/11\\\/clair_logo_2022.jpg\",\"contentUrl\":\"https:\\\/\\\/clair.si\\\/wp-content\\\/uploads\\\/2022\\\/11\\\/clair_logo_2022.jpg\",\"width\":1920,\"height\":1920,\"caption\":\"Clair\"},\"image\":{\"@id\":\"https:\\\/\\\/clair.si\\\/#\\\/schema\\\/logo\\\/image\\\/\"},\"sameAs\":[\"https:\\\/\\\/www.facebook.com\\\/TrgovinaClair\\\/\"]}]}<\/script>\n<!-- \/ Yoast SEO plugin. -->","yoast_head_json":{"title":"Cavalor Peak Performance - Clair","description":"Za pobolj\u0161anu mobilnost i performanse kod sportskih konja  Poti\u010de cirkulaciju krvi  Ja\u010da funkciju limfnog sustava Koli\u010dina: 500 mL","robots":{"index":"index","follow":"follow","max-snippet":"max-snippet:-1","max-image-preview":"max-image-preview:large","max-video-preview":"max-video-preview:-1"},"canonical":"https:\/\/clair.si\/hr\/izdelek\/cavalor-peak-performance\/","og_locale":"hr_HR","og_type":"article","og_title":"Cavalor Peak Performance - Clair","og_description":"Za pobolj\u0161anu mobilnost i performanse kod sportskih konja  Poti\u010de cirkulaciju krvi  Ja\u010da funkciju limfnog sustava Koli\u010dina: 500 mL","og_url":"https:\/\/clair.si\/hr\/izdelek\/cavalor-peak-performance\/","og_site_name":"Clair","article_publisher":"https:\/\/www.facebook.com\/TrgovinaClair\/","og_image":[{"width":550,"height":550,"url":"https:\/\/clair.si\/wp-content\/uploads\/2023\/05\/PeakPerformance-cavalor-1-jpg.webp","type":"image\/jpeg"}],"twitter_card":"summary_large_image","twitter_misc":{"Procijenjeno vrijeme \u010ditanja":"2 minute"},"schema":{"@context":"https:\/\/schema.org","@graph":[{"@type":"WebPage","@id":"https:\/\/clair.si\/hr\/izdelek\/cavalor-peak-performance\/","url":"https:\/\/clair.si\/hr\/izdelek\/cavalor-peak-performance\/","name":"Cavalor Peak Performance - Clair","isPartOf":{"@id":"https:\/\/clair.si\/#website"},"primaryImageOfPage":{"@id":"https:\/\/clair.si\/hr\/izdelek\/cavalor-peak-performance\/#primaryimage"},"image":{"@id":"https:\/\/clair.si\/hr\/izdelek\/cavalor-peak-performance\/#primaryimage"},"thumbnailUrl":"https:\/\/clair.si\/wp-content\/uploads\/2023\/05\/PeakPerformance-cavalor-1-jpg.webp","datePublished":"2023-05-30T11:39:22+00:00","description":"Za pobolj\u0161anu mobilnost i performanse kod sportskih konja Poti\u010de cirkulaciju krvi Ja\u010da funkciju limfnog sustava Koli\u010dina: 500 mL","breadcrumb":{"@id":"https:\/\/clair.si\/hr\/izdelek\/cavalor-peak-performance\/#breadcrumb"},"inLanguage":"hr","potentialAction":[{"@type":"ReadAction","target":["https:\/\/clair.si\/hr\/izdelek\/cavalor-peak-performance\/"]}]},{"@type":"ImageObject","inLanguage":"hr","@id":"https:\/\/clair.si\/hr\/izdelek\/cavalor-peak-performance\/#primaryimage","url":"https:\/\/clair.si\/wp-content\/uploads\/2023\/05\/PeakPerformance-cavalor-1-jpg.webp","contentUrl":"https:\/\/clair.si\/wp-content\/uploads\/2023\/05\/PeakPerformance-cavalor-1-jpg.webp","width":550,"height":550},{"@type":"BreadcrumbList","@id":"https:\/\/clair.si\/hr\/izdelek\/cavalor-peak-performance\/#breadcrumb","itemListElement":[{"@type":"ListItem","position":1,"name":"Home","item":"https:\/\/clair.si\/hr\/"},{"@type":"ListItem","position":2,"name":"Trgovina","item":"https:\/\/clair.si\/trgovina\/"},{"@type":"ListItem","position":3,"name":"Cavalor Peak Performance"}]},{"@type":"WebSite","@id":"https:\/\/clair.si\/#website","url":"https:\/\/clair.si\/","name":"Clair","description":"Trgovina s konjeni\u0161ko opremo","publisher":{"@id":"https:\/\/clair.si\/#organization"},"potentialAction":[{"@type":"SearchAction","target":{"@type":"EntryPoint","urlTemplate":"https:\/\/clair.si\/?s={search_term_string}"},"query-input":{"@type":"PropertyValueSpecification","valueRequired":true,"valueName":"search_term_string"}}],"inLanguage":"hr"},{"@type":"Organization","@id":"https:\/\/clair.si\/#organization","name":"Clair","url":"https:\/\/clair.si\/","logo":{"@type":"ImageObject","inLanguage":"hr","@id":"https:\/\/clair.si\/#\/schema\/logo\/image\/","url":"https:\/\/clair.si\/wp-content\/uploads\/2022\/11\/clair_logo_2022.jpg","contentUrl":"https:\/\/clair.si\/wp-content\/uploads\/2022\/11\/clair_logo_2022.jpg","width":1920,"height":1920,"caption":"Clair"},"image":{"@id":"https:\/\/clair.si\/#\/schema\/logo\/image\/"},"sameAs":["https:\/\/www.facebook.com\/TrgovinaClair\/"]}]}},"_links":{"self":[{"href":"https:\/\/clair.si\/hr\/wp-json\/wp\/v2\/product\/98155","targetHints":{"allow":["GET"]}}],"collection":[{"href":"https:\/\/clair.si\/hr\/wp-json\/wp\/v2\/product"}],"about":[{"href":"https:\/\/clair.si\/hr\/wp-json\/wp\/v2\/types\/product"}],"version-history":[{"count":0,"href":"https:\/\/clair.si\/hr\/wp-json\/wp\/v2\/product\/98155\/revisions"}],"wp:featuredmedia":[{"embeddable":true,"href":"https:\/\/clair.si\/hr\/wp-json\/wp\/v2\/media\/98157"}],"wp:attachment":[{"href":"https:\/\/clair.si\/hr\/wp-json\/wp\/v2\/media?parent=98155"}],"wp:term":[{"taxonomy":"product_brand","embeddable":true,"href":"https:\/\/clair.si\/hr\/wp-json\/wp\/v2\/product_brand?post=98155"},{"taxonomy":"product_cat","embeddable":true,"href":"https:\/\/clair.si\/hr\/wp-json\/wp\/v2\/product_cat?post=98155"},{"taxonomy":"product_tag","embeddable":true,"href":"https:\/\/clair.si\/hr\/wp-json\/wp\/v2\/product_tag?post=98155"}],"curies":[{"name":"wp","href":"https:\/\/api.w.org\/{rel}","templated":true}]}}