{"id":98160,"date":"2023-05-31T17:34:49","date_gmt":"2023-05-31T15:34:49","guid":{"rendered":"https:\/\/clair.si\/izdelek\/sigurnosna-uzda-hkm-breakaway\/"},"modified":"2025-09-14T10:32:42","modified_gmt":"2025-09-14T08:32:42","slug":"sigurnosna-ular-hkm-breakaway","status":"publish","type":"product","link":"https:\/\/clair.si\/hr\/izdelek\/sigurnosna-ular-hkm-breakaway\/","title":{"rendered":"Sigurnosni ular HKM Breakaway"},"content":{"rendered":"<p><strong>Sigurnosni ular HKM Breakaway<\/strong> s integriranim \u010di\u010dkom koji sprje\u010dava da se konj zaka\u010di i zaglavi. Pri jakom pritisku se odlijepe. Prikladno za mlade konje i konje u ispustima ili na pa\u0161njaku.<\/p>\n","protected":false},"excerpt":{"rendered":"<p>Sigurnosni ular HKM Breakaway s integriranim \u010di\u010dkom koji sprje\u010dava da se konj zaka\u010di i zaglavi. Pri jakom pritisku se odlijepe.<\/p>\n","protected":false},"featured_media":98176,"template":"","meta":{"footnotes":""},"product_brand":[],"product_cat":[5624,5743,5742],"product_tag":[],"class_list":{"0":"post-98160","1":"product","2":"type-product","3":"status-publish","4":"has-post-thumbnail","6":"product_cat-konj-hr","7":"product_cat-uzde-hr","8":"product_cat-uzde-i-ulari","10":"first","11":"instock","12":"sale","13":"shipping-taxable","14":"purchasable","15":"product-type-variable"},"yoast_head":"<!-- This site is optimized with the Yoast SEO plugin v27.4 - https:\/\/yoast.com\/product\/yoast-seo-wordpress\/ -->\n<title>Sigurnosni ular HKM Breakaway - Clair<\/title>\n<meta name=\"description\" content=\"Sigurnosni ular HKM Breakaway s integriranim \u010di\u010dkom koji sprje\u010dava da se konj zaka\u010di i zaglavi. Pri jakom pritisku se odlijepe. Prikladno za mlade konje i\" \/>\n<meta name=\"robots\" content=\"index, follow, max-snippet:-1, max-image-preview:large, max-video-preview:-1\" \/>\n<link rel=\"canonical\" href=\"https:\/\/clair.si\/izdelek\/varnostna-oglavka-hkm-breakaway\/\" \/>\n<meta property=\"og:locale\" content=\"hr_HR\" \/>\n<meta property=\"og:type\" content=\"article\" \/>\n<meta property=\"og:title\" content=\"Sigurnosni ular HKM Breakaway - Clair\" \/>\n<meta property=\"og:description\" content=\"Sigurnosni ular HKM Breakaway s integriranim \u010di\u010dkom koji sprje\u010dava da se konj zaka\u010di i zaglavi. Pri jakom pritisku se odlijepe. Prikladno za mlade konje i\" \/>\n<meta property=\"og:url\" content=\"https:\/\/clair.si\/izdelek\/varnostna-oglavka-hkm-breakaway\/\" \/>\n<meta property=\"og:site_name\" content=\"Clair\" \/>\n<meta property=\"article:publisher\" content=\"https:\/\/www.facebook.com\/TrgovinaClair\/\" \/>\n<meta property=\"article:modified_time\" content=\"2025-09-14T08:32:42+00:00\" \/>\n<meta property=\"og:image\" content=\"https:\/\/clair.si\/wp-content\/uploads\/2023\/05\/14197_1-oglavka-varnostna-z-jezkom-hkm-breakaway-jpg.webp\" \/>\n\t<meta property=\"og:image:width\" content=\"1500\" \/>\n\t<meta property=\"og:image:height\" content=\"1500\" \/>\n\t<meta property=\"og:image:type\" content=\"image\/jpeg\" \/>\n<meta name=\"twitter:card\" content=\"summary_large_image\" \/>\n<meta name=\"twitter:label1\" content=\"Procijenjeno vrijeme \u010ditanja\" \/>\n\t<meta name=\"twitter:data1\" content=\"1 minuta\" \/>\n<script type=\"application\/ld+json\" class=\"yoast-schema-graph\">{\"@context\":\"https:\\\/\\\/schema.org\",\"@graph\":[{\"@type\":\"WebPage\",\"@id\":\"https:\\\/\\\/clair.si\\\/izdelek\\\/varnostna-oglavka-hkm-breakaway\\\/\",\"url\":\"https:\\\/\\\/clair.si\\\/izdelek\\\/varnostna-oglavka-hkm-breakaway\\\/\",\"name\":\"Sigurnosni ular HKM Breakaway - Clair\",\"isPartOf\":{\"@id\":\"https:\\\/\\\/clair.si\\\/#website\"},\"primaryImageOfPage\":{\"@id\":\"https:\\\/\\\/clair.si\\\/izdelek\\\/varnostna-oglavka-hkm-breakaway\\\/#primaryimage\"},\"image\":{\"@id\":\"https:\\\/\\\/clair.si\\\/izdelek\\\/varnostna-oglavka-hkm-breakaway\\\/#primaryimage\"},\"thumbnailUrl\":\"https:\\\/\\\/clair.si\\\/wp-content\\\/uploads\\\/2023\\\/05\\\/14197_1-oglavka-varnostna-z-jezkom-hkm-breakaway-jpg.webp\",\"datePublished\":\"2023-05-31T15:34:49+00:00\",\"dateModified\":\"2025-09-14T08:32:42+00:00\",\"description\":\"Sigurnosni ular HKM Breakaway s integriranim \u010di\u010dkom koji sprje\u010dava da se konj zaka\u010di i zaglavi. Pri jakom pritisku se odlijepe. Prikladno za mlade konje i\",\"breadcrumb\":{\"@id\":\"https:\\\/\\\/clair.si\\\/izdelek\\\/varnostna-oglavka-hkm-breakaway\\\/#breadcrumb\"},\"inLanguage\":\"hr\",\"potentialAction\":[{\"@type\":\"ReadAction\",\"target\":[\"https:\\\/\\\/clair.si\\\/izdelek\\\/varnostna-oglavka-hkm-breakaway\\\/\"]}]},{\"@type\":\"ImageObject\",\"inLanguage\":\"hr\",\"@id\":\"https:\\\/\\\/clair.si\\\/izdelek\\\/varnostna-oglavka-hkm-breakaway\\\/#primaryimage\",\"url\":\"https:\\\/\\\/clair.si\\\/wp-content\\\/uploads\\\/2023\\\/05\\\/14197_1-oglavka-varnostna-z-jezkom-hkm-breakaway-jpg.webp\",\"contentUrl\":\"https:\\\/\\\/clair.si\\\/wp-content\\\/uploads\\\/2023\\\/05\\\/14197_1-oglavka-varnostna-z-jezkom-hkm-breakaway-jpg.webp\",\"width\":1500,\"height\":1500},{\"@type\":\"BreadcrumbList\",\"@id\":\"https:\\\/\\\/clair.si\\\/izdelek\\\/varnostna-oglavka-hkm-breakaway\\\/#breadcrumb\",\"itemListElement\":[{\"@type\":\"ListItem\",\"position\":1,\"name\":\"Home\",\"item\":\"https:\\\/\\\/clair.si\\\/hr\\\/\"},{\"@type\":\"ListItem\",\"position\":2,\"name\":\"Trgovina\",\"item\":\"https:\\\/\\\/clair.si\\\/trgovina\\\/\"},{\"@type\":\"ListItem\",\"position\":3,\"name\":\"Sigurnosni ular HKM Breakaway\"}]},{\"@type\":\"WebSite\",\"@id\":\"https:\\\/\\\/clair.si\\\/#website\",\"url\":\"https:\\\/\\\/clair.si\\\/\",\"name\":\"Clair\",\"description\":\"Trgovina s konjeni\u0161ko opremo\",\"publisher\":{\"@id\":\"https:\\\/\\\/clair.si\\\/#organization\"},\"potentialAction\":[{\"@type\":\"SearchAction\",\"target\":{\"@type\":\"EntryPoint\",\"urlTemplate\":\"https:\\\/\\\/clair.si\\\/?s={search_term_string}\"},\"query-input\":{\"@type\":\"PropertyValueSpecification\",\"valueRequired\":true,\"valueName\":\"search_term_string\"}}],\"inLanguage\":\"hr\"},{\"@type\":\"Organization\",\"@id\":\"https:\\\/\\\/clair.si\\\/#organization\",\"name\":\"Clair\",\"url\":\"https:\\\/\\\/clair.si\\\/\",\"logo\":{\"@type\":\"ImageObject\",\"inLanguage\":\"hr\",\"@id\":\"https:\\\/\\\/clair.si\\\/#\\\/schema\\\/logo\\\/image\\\/\",\"url\":\"https:\\\/\\\/clair.si\\\/wp-content\\\/uploads\\\/2022\\\/11\\\/clair_logo_2022.jpg\",\"contentUrl\":\"https:\\\/\\\/clair.si\\\/wp-content\\\/uploads\\\/2022\\\/11\\\/clair_logo_2022.jpg\",\"width\":1920,\"height\":1920,\"caption\":\"Clair\"},\"image\":{\"@id\":\"https:\\\/\\\/clair.si\\\/#\\\/schema\\\/logo\\\/image\\\/\"},\"sameAs\":[\"https:\\\/\\\/www.facebook.com\\\/TrgovinaClair\\\/\"]}]}<\/script>\n<!-- \/ Yoast SEO plugin. -->","yoast_head_json":{"title":"Sigurnosni ular HKM Breakaway - Clair","description":"Sigurnosni ular HKM Breakaway s integriranim \u010di\u010dkom koji sprje\u010dava da se konj zaka\u010di i zaglavi. Pri jakom pritisku se odlijepe. Prikladno za mlade konje i","robots":{"index":"index","follow":"follow","max-snippet":"max-snippet:-1","max-image-preview":"max-image-preview:large","max-video-preview":"max-video-preview:-1"},"canonical":"https:\/\/clair.si\/izdelek\/varnostna-oglavka-hkm-breakaway\/","og_locale":"hr_HR","og_type":"article","og_title":"Sigurnosni ular HKM Breakaway - Clair","og_description":"Sigurnosni ular HKM Breakaway s integriranim \u010di\u010dkom koji sprje\u010dava da se konj zaka\u010di i zaglavi. Pri jakom pritisku se odlijepe. Prikladno za mlade konje i","og_url":"https:\/\/clair.si\/izdelek\/varnostna-oglavka-hkm-breakaway\/","og_site_name":"Clair","article_publisher":"https:\/\/www.facebook.com\/TrgovinaClair\/","article_modified_time":"2025-09-14T08:32:42+00:00","og_image":[{"width":1500,"height":1500,"url":"https:\/\/clair.si\/wp-content\/uploads\/2023\/05\/14197_1-oglavka-varnostna-z-jezkom-hkm-breakaway-jpg.webp","type":"image\/jpeg"}],"twitter_card":"summary_large_image","twitter_misc":{"Procijenjeno vrijeme \u010ditanja":"1 minuta"},"schema":{"@context":"https:\/\/schema.org","@graph":[{"@type":"WebPage","@id":"https:\/\/clair.si\/izdelek\/varnostna-oglavka-hkm-breakaway\/","url":"https:\/\/clair.si\/izdelek\/varnostna-oglavka-hkm-breakaway\/","name":"Sigurnosni ular HKM Breakaway - Clair","isPartOf":{"@id":"https:\/\/clair.si\/#website"},"primaryImageOfPage":{"@id":"https:\/\/clair.si\/izdelek\/varnostna-oglavka-hkm-breakaway\/#primaryimage"},"image":{"@id":"https:\/\/clair.si\/izdelek\/varnostna-oglavka-hkm-breakaway\/#primaryimage"},"thumbnailUrl":"https:\/\/clair.si\/wp-content\/uploads\/2023\/05\/14197_1-oglavka-varnostna-z-jezkom-hkm-breakaway-jpg.webp","datePublished":"2023-05-31T15:34:49+00:00","dateModified":"2025-09-14T08:32:42+00:00","description":"Sigurnosni ular HKM Breakaway s integriranim \u010di\u010dkom koji sprje\u010dava da se konj zaka\u010di i zaglavi. Pri jakom pritisku se odlijepe. Prikladno za mlade konje i","breadcrumb":{"@id":"https:\/\/clair.si\/izdelek\/varnostna-oglavka-hkm-breakaway\/#breadcrumb"},"inLanguage":"hr","potentialAction":[{"@type":"ReadAction","target":["https:\/\/clair.si\/izdelek\/varnostna-oglavka-hkm-breakaway\/"]}]},{"@type":"ImageObject","inLanguage":"hr","@id":"https:\/\/clair.si\/izdelek\/varnostna-oglavka-hkm-breakaway\/#primaryimage","url":"https:\/\/clair.si\/wp-content\/uploads\/2023\/05\/14197_1-oglavka-varnostna-z-jezkom-hkm-breakaway-jpg.webp","contentUrl":"https:\/\/clair.si\/wp-content\/uploads\/2023\/05\/14197_1-oglavka-varnostna-z-jezkom-hkm-breakaway-jpg.webp","width":1500,"height":1500},{"@type":"BreadcrumbList","@id":"https:\/\/clair.si\/izdelek\/varnostna-oglavka-hkm-breakaway\/#breadcrumb","itemListElement":[{"@type":"ListItem","position":1,"name":"Home","item":"https:\/\/clair.si\/hr\/"},{"@type":"ListItem","position":2,"name":"Trgovina","item":"https:\/\/clair.si\/trgovina\/"},{"@type":"ListItem","position":3,"name":"Sigurnosni ular HKM Breakaway"}]},{"@type":"WebSite","@id":"https:\/\/clair.si\/#website","url":"https:\/\/clair.si\/","name":"Clair","description":"Trgovina s konjeni\u0161ko opremo","publisher":{"@id":"https:\/\/clair.si\/#organization"},"potentialAction":[{"@type":"SearchAction","target":{"@type":"EntryPoint","urlTemplate":"https:\/\/clair.si\/?s={search_term_string}"},"query-input":{"@type":"PropertyValueSpecification","valueRequired":true,"valueName":"search_term_string"}}],"inLanguage":"hr"},{"@type":"Organization","@id":"https:\/\/clair.si\/#organization","name":"Clair","url":"https:\/\/clair.si\/","logo":{"@type":"ImageObject","inLanguage":"hr","@id":"https:\/\/clair.si\/#\/schema\/logo\/image\/","url":"https:\/\/clair.si\/wp-content\/uploads\/2022\/11\/clair_logo_2022.jpg","contentUrl":"https:\/\/clair.si\/wp-content\/uploads\/2022\/11\/clair_logo_2022.jpg","width":1920,"height":1920,"caption":"Clair"},"image":{"@id":"https:\/\/clair.si\/#\/schema\/logo\/image\/"},"sameAs":["https:\/\/www.facebook.com\/TrgovinaClair\/"]}]}},"_links":{"self":[{"href":"https:\/\/clair.si\/hr\/wp-json\/wp\/v2\/product\/98160","targetHints":{"allow":["GET"]}}],"collection":[{"href":"https:\/\/clair.si\/hr\/wp-json\/wp\/v2\/product"}],"about":[{"href":"https:\/\/clair.si\/hr\/wp-json\/wp\/v2\/types\/product"}],"version-history":[{"count":1,"href":"https:\/\/clair.si\/hr\/wp-json\/wp\/v2\/product\/98160\/revisions"}],"predecessor-version":[{"id":114222,"href":"https:\/\/clair.si\/hr\/wp-json\/wp\/v2\/product\/98160\/revisions\/114222"}],"wp:featuredmedia":[{"embeddable":true,"href":"https:\/\/clair.si\/hr\/wp-json\/wp\/v2\/media\/98176"}],"wp:attachment":[{"href":"https:\/\/clair.si\/hr\/wp-json\/wp\/v2\/media?parent=98160"}],"wp:term":[{"taxonomy":"product_brand","embeddable":true,"href":"https:\/\/clair.si\/hr\/wp-json\/wp\/v2\/product_brand?post=98160"},{"taxonomy":"product_cat","embeddable":true,"href":"https:\/\/clair.si\/hr\/wp-json\/wp\/v2\/product_cat?post=98160"},{"taxonomy":"product_tag","embeddable":true,"href":"https:\/\/clair.si\/hr\/wp-json\/wp\/v2\/product_tag?post=98160"}],"curies":[{"name":"wp","href":"https:\/\/api.w.org\/{rel}","templated":true}]}}