{"id":98199,"date":"2023-06-01T12:24:30","date_gmt":"2023-06-01T10:24:30","guid":{"rendered":"https:\/\/clair.si\/izdelek\/naf-superflex\/"},"modified":"2026-02-19T07:43:45","modified_gmt":"2026-02-19T06:43:45","slug":"naf-superflex","status":"publish","type":"product","link":"https:\/\/clair.si\/hr\/izdelek\/naf-superflex\/","title":{"rendered":"NAF Superflex"},"content":{"rendered":"<p><strong>NAF Superflex<\/strong> &#8211; <span class=\"HwtZe\" lang=\"sl\"><span class=\"jCAhz ChMk0b\"><span class=\"ryNqvb\">je prava i jedinstvena kombinacija za potporu i zdravlje zglobova konja.<\/span><\/span> <span class=\"jCAhz ChMk0b\"><span class=\"ryNqvb\">Znanstveno uravnote\u017een omjer odmah dostupnog glukozamina i hondroitina, najkvalitetnijeg MSM-a i dodatnih prednosti sna\u017ene antioksidativne formule, koja je isklju\u010divo dizajnirana za borbu protiv suvi\u0161nih slobodnih radikala koji se nakupljaju u okolini zglobova.<\/span><\/span><\/span> <\/p>\n<p><span class=\"HwtZe\" lang=\"sl\"><strong><span class=\"jCAhz ChMk0b\"><span class=\"ryNqvb\">Konjski zglobovi moraju se nositi s ekstremnim silama i obi\u010dno je hrskavica onaj dio koji se prvi istro\u0161i.<\/span><\/span> <span class=\"jCAhz ChMk0b\"><span class=\"ryNqvb\">Klju\u010dni hranjivi sastojci za hrskavicu, glukozamin sulfat, MSM, hondroitin sulfat i hijaluronska kiselina (HA) dobro su poznati po svojoj potpori za zdravlje hrskavice i guste sinovijalne teku\u0107ine, koja podmazuje zglobove.<\/span><\/span><\/strong> <span class=\"jCAhz ChMk0b\"><span class=\"ryNqvb\">Istra\u017eivanja pokazuju, da hranjenje s kombinacijom klju\u010dnih hranjivih sastojaka omogu\u0107uje, da djeluju zajedno u\u010dinkovitije nego bilo koji pojedina\u010dni hranjivi sastojak.<\/span><\/span> <span class=\"jCAhz ChMk0b\"><span class=\"ryNqvb\">Pravilna kombinacija je klju\u010dna.<\/span><\/span> <span class=\"jCAhz ChMk0b\"><span class=\"ryNqvb\">Five Star Superflex sadr\u017ei pravu kombinaciju klju\u010dnih hranjivih sastojaka u optimalnim omjerima, razvijenim u dvadeset i pet godina rada s konjima.<\/span><\/span> <span class=\"jCAhz ChMk0b\"><span class=\"ryNqvb\">Uklju\u010deni su i prirodni antioksidansi, koji djeluju sinergisti\u010dki s glukozaminom i MSM za potporu zdravlja zglobova.<\/span><\/span> <\/span><\/p>\n<p><span class=\"HwtZe\" lang=\"sl\"><span class=\"jCAhz ChMk0b\"><span class=\"ryNqvb\">Sastav:<\/span><\/span> <em><span class=\"jCAhz ChMk0b\"><span class=\"ryNqvb\">Glukozamin (iz rakova), metil sulfonil metan, hondroitin sulfat, hijaluronska kiselina.<\/span><\/span><\/em><\/span><\/p>\n<p>Sastojci na 1 kg: fumarna kiselina 1a297 30 mg<\/p>\n<p>Sastojci na 26 g: glukozamin sulfat 10.010 mg, metilsulfonilmetan (MSM) [1] 10.010 mg, antioksidanti 4.400 mg, hondroitin sulfat 23 mg, hijaluronska kiselina 23 mg, botani\u010dki<\/p>\n<p>Analiti\u010dki sastav: sirovi proteini 16,8 %, sirova ulja i masti 1,5 %, sirovi pepeo 12,3 %, sirove vlaknine 0,3 %, natrij 0,11 %<\/p>\n<p><strong>Preporuka za hranjenje (g\/dan)<\/strong>:<\/p>\n<ul>\n<li>po\u010detna doza (3-10 dana) 26 g<\/li>\n<li>doza odr\u017eavanja 13 g<\/li>\n<li>niska doza odr\u017eavanja 8 g<\/li>\n<\/ul>\n<p>Izbirljive konje navikavajte polako. Doza odr\u017eavanja mo\u017ee se prilagoditi individualnim potrebama konja i nije ovisna o veli\u010dini i te\u017eini pojedine \u017eivotinje. <\/p>\n<p>&nbsp;<\/p>\n<div class=\"UdTY9 WdefRb\" aria-hidden=\"true\" data-location=\"2\">\n<div class=\"kO6q6e\"><\/div>\n<\/div>\n<div class=\"VO9ucd\">\n<div class=\"aJIq1d\" data-language-code=\"sl\" data-language-name=\"Slovenian\" data-text=\"Superflex je prava kombinacija; znanstveno uravnote\u017eeno razmerje takoj absorbiranega glukozamina in hondroitina, najkakovostnej\u0161ega MSM-ja in dodatnih prednosti mo\u010dne antioksidativne formule, ki je izklju\u010dno zasnovana za re\u0161evanje odve\u010dnih prostih radikalov, ki se kopi\u010dijo okoli sklepov. Konjski sklepi se morajo spopadati z ekstremnimi silami in obi\u010dajno je hrustanec tisti del, ki se prvi obrabi. Klju\u010dna hranila za hrustanec, glukozamin sulfat, MSM, hondroitin sulfat in hialuronska kislina (HA) so dobro znani po svoji podpori za zdravje hrustanca in goste sinovialne teko\u010dine, ki masti sklepe. Raziskave ka\u017eejo, da hranjenje s kombinacijo klju\u010dnih hranil omogo\u010da, da delujejo skupaj u\u010dinkoviteje kot katero koli posamezno hranilo. Pravilna kombinacija je klju\u010dnega pomena. Five Star Superflex vsebuje pravo kombinacijo klju\u010dnih hranil v optimalnih razmerjih, razvitih v petindvajsetih letih dela s zdravimi konji. Vklju\u010deni so tudi naravni antioksidanti, ki delujejo sinergisti\u010dno z glukozaminom in MSM za podporo zdravju sklepov. Sestava Glukozamin (iz rakov), metil sulfonil metan, hondroitin sulfat, hialuronska kislina.\" data-crosslingual-hint=\"\" data-location=\"2\" data-enable-toggle-playback-speed=\"true\" data-results-count=\"1\" data-result-index=\"1\">\n<div class=\"m0Qfkd\"><\/div>\n<\/div>\n<\/div>\n","protected":false},"excerpt":{"rendered":"<p><img loading=\"lazy\" decoding=\"async\" class=\"alignnone size-full wp-image-28462\" src=\"https:\/\/clair.si\/wp-content\/uploads\/2022\/07\/lowimpact.webp\" alt=\"\" width=\"150\" height=\"150\"><img loading=\"lazy\" decoding=\"async\" class=\"alignnone size-full wp-image-26800\" src=\"https:\/\/clair.si\/wp-content\/uploads\/2023\/02\/natural1.jpg\" alt=\"\" width=\"150\" height=\"150\"><\/p>\n","protected":false},"featured_media":98202,"template":"","meta":{"footnotes":""},"product_brand":[],"product_cat":[5710,5784,5712],"product_tag":[],"class_list":{"0":"post-98199","1":"product","2":"type-product","3":"status-publish","4":"has-post-thumbnail","6":"product_cat-hrana-za-konje-hr","7":"product_cat-naf-prehrambeni-dodaci","8":"product_cat-prehrambeni-dodaci","10":"first","11":"instock","12":"shipping-taxable","13":"purchasable","14":"product-type-variable"},"yoast_head":"<!-- This site is optimized with the Yoast SEO plugin v27.4 - https:\/\/yoast.com\/product\/yoast-seo-wordpress\/ -->\n<title>NAF Superflex - Clair<\/title>\n<meta name=\"robots\" content=\"index, follow, max-snippet:-1, max-image-preview:large, max-video-preview:-1\" \/>\n<link rel=\"canonical\" href=\"https:\/\/clair.si\/hr\/izdelek\/naf-superflex\/\" \/>\n<meta property=\"og:locale\" content=\"hr_HR\" \/>\n<meta property=\"og:type\" content=\"article\" \/>\n<meta property=\"og:title\" content=\"NAF Superflex - Clair\" \/>\n<meta property=\"og:url\" content=\"https:\/\/clair.si\/hr\/izdelek\/naf-superflex\/\" \/>\n<meta property=\"og:site_name\" content=\"Clair\" \/>\n<meta property=\"article:publisher\" content=\"https:\/\/www.facebook.com\/TrgovinaClair\/\" \/>\n<meta property=\"article:modified_time\" content=\"2026-02-19T06:43:45+00:00\" \/>\n<meta property=\"og:image\" content=\"https:\/\/clair.si\/wp-content\/uploads\/2023\/06\/naf-superflex-16kg-jpg.webp\" \/>\n\t<meta property=\"og:image:width\" content=\"800\" \/>\n\t<meta property=\"og:image:height\" content=\"800\" \/>\n\t<meta property=\"og:image:type\" content=\"image\/jpeg\" \/>\n<meta name=\"twitter:card\" content=\"summary_large_image\" \/>\n<meta name=\"twitter:label1\" content=\"Procijenjeno vrijeme \u010ditanja\" \/>\n\t<meta name=\"twitter:data1\" content=\"1 minuta\" \/>\n<script type=\"application\/ld+json\" class=\"yoast-schema-graph\">{\"@context\":\"https:\\\/\\\/schema.org\",\"@graph\":[{\"@type\":\"WebPage\",\"@id\":\"https:\\\/\\\/clair.si\\\/hr\\\/izdelek\\\/naf-superflex\\\/\",\"url\":\"https:\\\/\\\/clair.si\\\/hr\\\/izdelek\\\/naf-superflex\\\/\",\"name\":\"NAF Superflex - Clair\",\"isPartOf\":{\"@id\":\"https:\\\/\\\/clair.si\\\/#website\"},\"primaryImageOfPage\":{\"@id\":\"https:\\\/\\\/clair.si\\\/hr\\\/izdelek\\\/naf-superflex\\\/#primaryimage\"},\"image\":{\"@id\":\"https:\\\/\\\/clair.si\\\/hr\\\/izdelek\\\/naf-superflex\\\/#primaryimage\"},\"thumbnailUrl\":\"https:\\\/\\\/clair.si\\\/wp-content\\\/uploads\\\/2023\\\/06\\\/naf-superflex-16kg-jpg.webp\",\"datePublished\":\"2023-06-01T10:24:30+00:00\",\"dateModified\":\"2026-02-19T06:43:45+00:00\",\"breadcrumb\":{\"@id\":\"https:\\\/\\\/clair.si\\\/hr\\\/izdelek\\\/naf-superflex\\\/#breadcrumb\"},\"inLanguage\":\"hr\",\"potentialAction\":[{\"@type\":\"ReadAction\",\"target\":[\"https:\\\/\\\/clair.si\\\/hr\\\/izdelek\\\/naf-superflex\\\/\"]}]},{\"@type\":\"ImageObject\",\"inLanguage\":\"hr\",\"@id\":\"https:\\\/\\\/clair.si\\\/hr\\\/izdelek\\\/naf-superflex\\\/#primaryimage\",\"url\":\"https:\\\/\\\/clair.si\\\/wp-content\\\/uploads\\\/2023\\\/06\\\/naf-superflex-16kg-jpg.webp\",\"contentUrl\":\"https:\\\/\\\/clair.si\\\/wp-content\\\/uploads\\\/2023\\\/06\\\/naf-superflex-16kg-jpg.webp\",\"width\":800,\"height\":800},{\"@type\":\"BreadcrumbList\",\"@id\":\"https:\\\/\\\/clair.si\\\/hr\\\/izdelek\\\/naf-superflex\\\/#breadcrumb\",\"itemListElement\":[{\"@type\":\"ListItem\",\"position\":1,\"name\":\"Home\",\"item\":\"https:\\\/\\\/clair.si\\\/hr\\\/\"},{\"@type\":\"ListItem\",\"position\":2,\"name\":\"Trgovina\",\"item\":\"https:\\\/\\\/clair.si\\\/trgovina\\\/\"},{\"@type\":\"ListItem\",\"position\":3,\"name\":\"NAF Superflex\"}]},{\"@type\":\"WebSite\",\"@id\":\"https:\\\/\\\/clair.si\\\/#website\",\"url\":\"https:\\\/\\\/clair.si\\\/\",\"name\":\"Clair\",\"description\":\"Trgovina s konjeni\u0161ko opremo\",\"publisher\":{\"@id\":\"https:\\\/\\\/clair.si\\\/#organization\"},\"potentialAction\":[{\"@type\":\"SearchAction\",\"target\":{\"@type\":\"EntryPoint\",\"urlTemplate\":\"https:\\\/\\\/clair.si\\\/?s={search_term_string}\"},\"query-input\":{\"@type\":\"PropertyValueSpecification\",\"valueRequired\":true,\"valueName\":\"search_term_string\"}}],\"inLanguage\":\"hr\"},{\"@type\":\"Organization\",\"@id\":\"https:\\\/\\\/clair.si\\\/#organization\",\"name\":\"Clair\",\"url\":\"https:\\\/\\\/clair.si\\\/\",\"logo\":{\"@type\":\"ImageObject\",\"inLanguage\":\"hr\",\"@id\":\"https:\\\/\\\/clair.si\\\/#\\\/schema\\\/logo\\\/image\\\/\",\"url\":\"https:\\\/\\\/clair.si\\\/wp-content\\\/uploads\\\/2022\\\/11\\\/clair_logo_2022.jpg\",\"contentUrl\":\"https:\\\/\\\/clair.si\\\/wp-content\\\/uploads\\\/2022\\\/11\\\/clair_logo_2022.jpg\",\"width\":1920,\"height\":1920,\"caption\":\"Clair\"},\"image\":{\"@id\":\"https:\\\/\\\/clair.si\\\/#\\\/schema\\\/logo\\\/image\\\/\"},\"sameAs\":[\"https:\\\/\\\/www.facebook.com\\\/TrgovinaClair\\\/\"]}]}<\/script>\n<!-- \/ Yoast SEO plugin. -->","yoast_head_json":{"title":"NAF Superflex - Clair","robots":{"index":"index","follow":"follow","max-snippet":"max-snippet:-1","max-image-preview":"max-image-preview:large","max-video-preview":"max-video-preview:-1"},"canonical":"https:\/\/clair.si\/hr\/izdelek\/naf-superflex\/","og_locale":"hr_HR","og_type":"article","og_title":"NAF Superflex - Clair","og_url":"https:\/\/clair.si\/hr\/izdelek\/naf-superflex\/","og_site_name":"Clair","article_publisher":"https:\/\/www.facebook.com\/TrgovinaClair\/","article_modified_time":"2026-02-19T06:43:45+00:00","og_image":[{"width":800,"height":800,"url":"https:\/\/clair.si\/wp-content\/uploads\/2023\/06\/naf-superflex-16kg-jpg.webp","type":"image\/jpeg"}],"twitter_card":"summary_large_image","twitter_misc":{"Procijenjeno vrijeme \u010ditanja":"1 minuta"},"schema":{"@context":"https:\/\/schema.org","@graph":[{"@type":"WebPage","@id":"https:\/\/clair.si\/hr\/izdelek\/naf-superflex\/","url":"https:\/\/clair.si\/hr\/izdelek\/naf-superflex\/","name":"NAF Superflex - Clair","isPartOf":{"@id":"https:\/\/clair.si\/#website"},"primaryImageOfPage":{"@id":"https:\/\/clair.si\/hr\/izdelek\/naf-superflex\/#primaryimage"},"image":{"@id":"https:\/\/clair.si\/hr\/izdelek\/naf-superflex\/#primaryimage"},"thumbnailUrl":"https:\/\/clair.si\/wp-content\/uploads\/2023\/06\/naf-superflex-16kg-jpg.webp","datePublished":"2023-06-01T10:24:30+00:00","dateModified":"2026-02-19T06:43:45+00:00","breadcrumb":{"@id":"https:\/\/clair.si\/hr\/izdelek\/naf-superflex\/#breadcrumb"},"inLanguage":"hr","potentialAction":[{"@type":"ReadAction","target":["https:\/\/clair.si\/hr\/izdelek\/naf-superflex\/"]}]},{"@type":"ImageObject","inLanguage":"hr","@id":"https:\/\/clair.si\/hr\/izdelek\/naf-superflex\/#primaryimage","url":"https:\/\/clair.si\/wp-content\/uploads\/2023\/06\/naf-superflex-16kg-jpg.webp","contentUrl":"https:\/\/clair.si\/wp-content\/uploads\/2023\/06\/naf-superflex-16kg-jpg.webp","width":800,"height":800},{"@type":"BreadcrumbList","@id":"https:\/\/clair.si\/hr\/izdelek\/naf-superflex\/#breadcrumb","itemListElement":[{"@type":"ListItem","position":1,"name":"Home","item":"https:\/\/clair.si\/hr\/"},{"@type":"ListItem","position":2,"name":"Trgovina","item":"https:\/\/clair.si\/trgovina\/"},{"@type":"ListItem","position":3,"name":"NAF Superflex"}]},{"@type":"WebSite","@id":"https:\/\/clair.si\/#website","url":"https:\/\/clair.si\/","name":"Clair","description":"Trgovina s konjeni\u0161ko opremo","publisher":{"@id":"https:\/\/clair.si\/#organization"},"potentialAction":[{"@type":"SearchAction","target":{"@type":"EntryPoint","urlTemplate":"https:\/\/clair.si\/?s={search_term_string}"},"query-input":{"@type":"PropertyValueSpecification","valueRequired":true,"valueName":"search_term_string"}}],"inLanguage":"hr"},{"@type":"Organization","@id":"https:\/\/clair.si\/#organization","name":"Clair","url":"https:\/\/clair.si\/","logo":{"@type":"ImageObject","inLanguage":"hr","@id":"https:\/\/clair.si\/#\/schema\/logo\/image\/","url":"https:\/\/clair.si\/wp-content\/uploads\/2022\/11\/clair_logo_2022.jpg","contentUrl":"https:\/\/clair.si\/wp-content\/uploads\/2022\/11\/clair_logo_2022.jpg","width":1920,"height":1920,"caption":"Clair"},"image":{"@id":"https:\/\/clair.si\/#\/schema\/logo\/image\/"},"sameAs":["https:\/\/www.facebook.com\/TrgovinaClair\/"]}]}},"_links":{"self":[{"href":"https:\/\/clair.si\/hr\/wp-json\/wp\/v2\/product\/98199","targetHints":{"allow":["GET"]}}],"collection":[{"href":"https:\/\/clair.si\/hr\/wp-json\/wp\/v2\/product"}],"about":[{"href":"https:\/\/clair.si\/hr\/wp-json\/wp\/v2\/types\/product"}],"version-history":[{"count":0,"href":"https:\/\/clair.si\/hr\/wp-json\/wp\/v2\/product\/98199\/revisions"}],"wp:featuredmedia":[{"embeddable":true,"href":"https:\/\/clair.si\/hr\/wp-json\/wp\/v2\/media\/98202"}],"wp:attachment":[{"href":"https:\/\/clair.si\/hr\/wp-json\/wp\/v2\/media?parent=98199"}],"wp:term":[{"taxonomy":"product_brand","embeddable":true,"href":"https:\/\/clair.si\/hr\/wp-json\/wp\/v2\/product_brand?post=98199"},{"taxonomy":"product_cat","embeddable":true,"href":"https:\/\/clair.si\/hr\/wp-json\/wp\/v2\/product_cat?post=98199"},{"taxonomy":"product_tag","embeddable":true,"href":"https:\/\/clair.si\/hr\/wp-json\/wp\/v2\/product_tag?post=98199"}],"curies":[{"name":"wp","href":"https:\/\/api.w.org\/{rel}","templated":true}]}}